{"id":4635,"date":"2017-04-29T14:10:55","date_gmt":"2017-04-29T11:10:55","guid":{"rendered":"http:\/\/www.waterskis.lv\/veikbords\/"},"modified":"2026-01-23T11:40:19","modified_gmt":"2026-01-23T09:40:19","slug":"jurmala-wake-park","status":"publish","type":"page","link":"https:\/\/www.waterskis.lv\/en\/jurmala-wake-park\/","title":{"rendered":"Jurmala Wake Park"},"content":{"rendered":"\n<h5 class=\"wp-block-heading\">Jurmala Wake Park. You can choose a cable or motorboat wakeboarding. Jurmala Water Ski &amp; Wakeboard Park since 1973.<\/h5>\n\n\n\n<div class=\"wp-block-columns has-2-columns is-layout-flex wp-container-core-columns-is-layout-9d6595d7 wp-block-columns-is-layout-flex\">\n<div class=\"wp-block-column is-layout-flow wp-block-column-is-layout-flow\">\n<h2 class=\"wp-block-heading\">Our offer<\/h2>\n\n\n\n<p>Cable wakeboarding<\/p>\n\n\n\n<p>Motorboat wakeboarding<\/p>\n\n\n\n<p><strong>Reservation:<\/strong><\/p>\n\n\n\n<p>Mob.:&nbsp;<a href=\"tel:+37128067676\">+371 28067676<\/a><br \/>E-mail:&nbsp;<a href=\"mailto:info@waterskis.lv\">info@waterskis.lv<\/a><\/p>\n<\/div>\n\n\n\n<div class=\"wp-block-column is-layout-flow wp-block-column-is-layout-flow\">\n<h2 class=\"wp-block-heading\">Reserve a practice<\/h2>\n\n\n\n<div class=\"wpcf7 no-js\" id=\"wpcf7-f9558-o1\" lang=\"lv-LV\" dir=\"ltr\" data-wpcf7-id=\"9558\">\n<div class=\"screen-reader-response\"><p role=\"status\" aria-live=\"polite\" aria-atomic=\"true\"><\/p> <ul><\/ul><\/div>\n<form action=\"\/en\/wp-json\/wp\/v2\/pages\/4635#wpcf7-f9558-o1\" method=\"post\" class=\"wpcf7-form init\" aria-label=\"Contact form\" novalidate=\"novalidate\" data-status=\"init\">\n<fieldset class=\"hidden-fields-container\"><input type=\"hidden\" name=\"_wpcf7\" value=\"9558\" \/><input type=\"hidden\" name=\"_wpcf7_version\" value=\"6.1.5\" \/><input type=\"hidden\" name=\"_wpcf7_locale\" value=\"lv_LV\" \/><input type=\"hidden\" name=\"_wpcf7_unit_tag\" value=\"wpcf7-f9558-o1\" \/><input type=\"hidden\" name=\"_wpcf7_container_post\" value=\"0\" \/><input type=\"hidden\" name=\"_wpcf7_posted_data_hash\" value=\"\" \/><input type=\"hidden\" name=\"_wpcf7_recaptcha_response\" value=\"\" \/>\n<\/fieldset>\n<p><span class=\"wpcf7-form-control-wrap\" data-name=\"your-name\"><input size=\"40\" maxlength=\"400\" class=\"wpcf7-form-control wpcf7-text wpcf7-validates-as-required\" aria-required=\"true\" aria-invalid=\"false\" placeholder=\"Name\" value=\"\" type=\"text\" name=\"your-name\" \/><\/span>\n<\/p>\n<p><span class=\"wpcf7-form-control-wrap\" data-name=\"your-email\"><input size=\"40\" maxlength=\"400\" class=\"wpcf7-form-control wpcf7-email wpcf7-validates-as-required wpcf7-text wpcf7-validates-as-email\" aria-required=\"true\" aria-invalid=\"false\" placeholder=\"E-mail\" value=\"\" type=\"email\" name=\"your-email\" \/><\/span>\n<\/p>\n<p><span class=\"wpcf7-form-control-wrap\" data-name=\"tel\"><input size=\"40\" maxlength=\"400\" class=\"wpcf7-form-control wpcf7-tel wpcf7-validates-as-required wpcf7-text wpcf7-validates-as-tel\" aria-required=\"true\" aria-invalid=\"false\" placeholder=\"Phone\" value=\"\" type=\"tel\" name=\"tel\" \/><\/span>\n<\/p>\n<p><span class=\"wpcf7-form-control-wrap\" data-name=\"datums\"><input class=\"wpcf7-form-control wpcf7-date wpcf7-validates-as-required wpcf7-validates-as-date\" aria-required=\"true\" aria-invalid=\"false\" value=\"\" type=\"date\" name=\"datums\" \/><\/span>\n<\/p>\n<p><span class=\"wpcf7-form-control-wrap\" data-name=\"laiks\"><input size=\"40\" maxlength=\"400\" class=\"wpcf7-form-control wpcf7-text wpcf7-validates-as-required\" aria-required=\"true\" aria-invalid=\"false\" placeholder=\"Time\" value=\"\" type=\"text\" name=\"laiks\" \/><\/span>\n<\/p>\n<p><span class=\"wpcf7-form-control-wrap\" data-name=\"laiva\"><select class=\"wpcf7-form-control wpcf7-select wpcf7-validates-as-required\" aria-required=\"true\" aria-invalid=\"false\" name=\"laiva\"><option value=\"Economin boat\">Economin boat<\/option><option value=\"Power boat Malibu Response\">Power boat Malibu Response<\/option><\/select><\/span>\n<\/p>\n<p><span class=\"wpcf7-form-control-wrap\" data-name=\"your-message\"><textarea cols=\"40\" rows=\"10\" maxlength=\"2000\" class=\"wpcf7-form-control wpcf7-textarea\" aria-invalid=\"false\" placeholder=\"Message\" name=\"your-message\"><\/textarea><\/span><br \/>\n<span class=\"wpcf7-form-control-wrap\" data-name=\"acceptance-153\"><span class=\"wpcf7-form-control wpcf7-acceptance\"><span class=\"wpcf7-list-item\"><label><input type=\"checkbox\" name=\"acceptance-153\" value=\"1\" aria-invalid=\"false\" \/><span class=\"wpcf7-list-item-label\">By submitting this application, I have read the <a href=\"\/lietosanas-noteikumi\" target=\"_blank\">Terms of Use<\/a> and the <a href=\"\/ieksejas-kartibas-noteikumi\" target=\"_blank\">Internal Rules<\/a>. The reservation is valid only after confirmation email from J\u016brmalas \u016bdenssl\u0113posanas un veikborda parks.<\/span><\/label><\/span><\/span><\/span>\n<\/p>\n<p><input class=\"wpcf7-form-control wpcf7-submit has-spinner\" type=\"submit\" value=\"SUBMIT\" \/>\n<\/p><div class=\"wpcf7-response-output\" aria-hidden=\"true\"><\/div>\n<\/form>\n<\/div>\n\n<\/div>\n<\/div>\n\n\n\n<h2 class=\"wp-block-heading\">Prices EUR<\/h2>\n\n\n\n<p><\/p>\n\n\n\n<h4 class=\"wp-block-heading\" id=\"veikbords\">Cable wakeboarding no obstacles<\/h4>\n\n\n\n<figure class=\"wp-block-table\"><table class=\"has-fixed-layout\"><tbody><tr><td><strong>Title<\/strong><\/td><td><strong>30 min<\/strong><\/td><td><strong>60 min<\/strong><\/td><\/tr><tr><td>Cable wakeboarding<br \/>life jacket provided<\/td><td>25<\/td><td>45<\/td><\/tr><tr><td>Board<\/td><td>5<\/td><td>5<\/td><\/tr><tr><td>Wetsuit<\/td><td>5<\/td><td>5<\/td><\/tr><\/tbody><\/table><\/figure>\n\n\n\n<h4 class=\"wp-block-heading\">Motorboat &amp; Powerboat Wakeboarding<\/h4>\n\n\n\n<p>Motorboat for beginners and lighter riders. Powerboat has a bigger waves and power.<\/p>\n\n\n\n<figure class=\"wp-block-table\"><table class=\"has-fixed-layout\"><tbody><tr><td><strong>Nosaukums<\/strong><\/td><td>8<br \/>min<\/td><td>10 min<\/td><td>60 min<\/td><td>10 min x 10 times<\/td><\/tr><tr><td>Outboard engine motorboat <\/td><td>\u2013<\/td><td>25<\/td><td>140<\/td><td>200<\/td><\/tr><tr><td>Powerboat<\/td><td>\u2013<\/td><td>\u2013<\/td><td>220<\/td><td>\u2013<\/td><\/tr><tr><td>Motorlboat trips 4 person<\/td><td>\u2013<\/td><td>\u2013<\/td><td>100<\/td><td>\u2013<\/td><\/tr><tr><td>Inflatable towable rides &#8211; 2 kids<\/td><td>20<\/td><td>\u2013<\/td><td>\u2013<\/td><td>\u2013<\/td><\/tr><tr><td>Yellow banana 3 rides<\/td><td>35<\/td><td>\u2013<\/td><td>\u2013<\/td><td>\u2013<\/td><\/tr><\/tbody><\/table><\/figure>\n\n\n\n<figure class=\"wp-block-table\"><table class=\"has-fixed-layout\"><tbody><tr><td><strong>Title<\/strong><\/td><td>20 min<\/td><\/tr><tr><td>Wakeboarding 1st time adults motorboat<\/td><td>40<\/td><\/tr><tr><td>Wakeboarding 1st time children motorboat<\/td><td>30<\/td><\/tr><tr><td>Kids platform trainer<\/td><td>25<\/td><\/tr><\/tbody><\/table><\/figure>\n\n\n\n<p>Before wakeboarding, you should familiarize yourself with the Jurmala Wake Park internal rules and safety rules.<\/p>\n\n\n\n<p>Wakeboarding can be dangerous to health with the risk of injury or death. By participating in the classes, the visitor of the park confirms that he has read the internal rules and safety rules and undertakes to comply with them. The visitor of the lesson understands that the lesson is dangerous and understands its possible negative consequences.<\/p>\n\n\n\n<figure class=\"wp-block-gallery has-nested-images columns-default is-cropped wp-block-gallery-1 is-layout-flex wp-block-gallery-is-layout-flex\">\n<figure class=\"wp-block-image size-large\"><img decoding=\"async\" width=\"600\" height=\"338\" data-id=\"71864\" src=\"https:\/\/www.waterskis.lv\/wp-content\/uploads\/2026\/01\/image-114.png\" alt=\"\" class=\"wp-image-71864\" srcset=\"https:\/\/www.waterskis.lv\/wp-content\/uploads\/2026\/01\/image-114.png 600w, https:\/\/www.waterskis.lv\/wp-content\/uploads\/2026\/01\/image-114-300x169.png 300w\" sizes=\"(max-width: 600px) 100vw, 600px\" \/><\/figure>\n\n\n\n<figure class=\"wp-block-image size-large\"><img decoding=\"async\" width=\"300\" height=\"300\" data-id=\"71860\" src=\"https:\/\/www.waterskis.lv\/wp-content\/uploads\/2026\/01\/image-110.png\" alt=\"\" class=\"wp-image-71860\" srcset=\"https:\/\/www.waterskis.lv\/wp-content\/uploads\/2026\/01\/image-110.png 300w, https:\/\/www.waterskis.lv\/wp-content\/uploads\/2026\/01\/image-110-150x150.png 150w, https:\/\/www.waterskis.lv\/wp-content\/uploads\/2026\/01\/image-110-100x100.png 100w\" sizes=\"(max-width: 300px) 100vw, 300px\" \/><\/figure>\n<\/figure>\n\n\n\n<figure class=\"wp-block-gallery has-nested-images columns-default is-cropped wp-block-gallery-2 is-layout-flex wp-block-gallery-is-layout-flex\">\n<figure class=\"wp-block-image size-large\"><img decoding=\"async\" width=\"600\" height=\"600\" data-id=\"71861\" src=\"https:\/\/www.waterskis.lv\/wp-content\/uploads\/2026\/01\/image-111.png\" alt=\"\" class=\"wp-image-71861\" srcset=\"https:\/\/www.waterskis.lv\/wp-content\/uploads\/2026\/01\/image-111.png 600w, https:\/\/www.waterskis.lv\/wp-content\/uploads\/2026\/01\/image-111-300x300.png 300w, https:\/\/www.waterskis.lv\/wp-content\/uploads\/2026\/01\/image-111-150x150.png 150w, https:\/\/www.waterskis.lv\/wp-content\/uploads\/2026\/01\/image-111-100x100.png 100w\" sizes=\"(max-width: 600px) 100vw, 600px\" \/><\/figure>\n\n\n\n<figure class=\"wp-block-image size-large\"><img decoding=\"async\" width=\"600\" height=\"450\" data-id=\"71862\" src=\"https:\/\/www.waterskis.lv\/wp-content\/uploads\/2026\/01\/image-112.png\" alt=\"\" class=\"wp-image-71862\" srcset=\"https:\/\/www.waterskis.lv\/wp-content\/uploads\/2026\/01\/image-112.png 600w, https:\/\/www.waterskis.lv\/wp-content\/uploads\/2026\/01\/image-112-300x225.png 300w\" sizes=\"(max-width: 600px) 100vw, 600px\" \/><\/figure>\n<\/figure>\n\n\n\n<figure class=\"wp-block-image size-full\"><img decoding=\"async\" width=\"600\" height=\"400\" src=\"https:\/\/www.waterskis.lv\/wp-content\/uploads\/2026\/01\/image-113.png\" alt=\"\" class=\"wp-image-71863\" srcset=\"https:\/\/www.waterskis.lv\/wp-content\/uploads\/2026\/01\/image-113.png 600w, https:\/\/www.waterskis.lv\/wp-content\/uploads\/2026\/01\/image-113-300x200.png 300w\" sizes=\"(max-width: 600px) 100vw, 600px\" \/><\/figure>\n\n\n\n<figure class=\"wp-block-image size-large\"><img decoding=\"async\" width=\"600\" height=\"400\" src=\"https:\/\/www.waterskis.lv\/wp-content\/uploads\/2026\/01\/image-108.png\" alt=\"\" class=\"wp-image-71856\" srcset=\"https:\/\/www.waterskis.lv\/wp-content\/uploads\/2026\/01\/image-108.png 600w, https:\/\/www.waterskis.lv\/wp-content\/uploads\/2026\/01\/image-108-300x200.png 300w\" sizes=\"(max-width: 600px) 100vw, 600px\" \/><\/figure>\n\n\n\n<p><\/p>\n","protected":false},"excerpt":{"rendered":"<p>Jurmala Wake Park. You can choose a cable or motorboat wakeboarding. Jurmala Water Ski &amp; Wakeboard Park since 1973. Our offer Cable wakeboarding Motorboat wakeboarding Reservation: Mob.:&nbsp;+371 28067676E-mail:&nbsp;info@waterskis.lv Reserve a practice Prices EUR Cable wakeboarding no obstacles Title 30 min 60 min Cable wakeboardinglife jacket provided 25 45 Board 5 5 Wetsuit 5 5 Motorboat [&#8230;]<\/p>\n<p><a class=\"btn btn-secondary understrap-read-more-link\" href=\"https:\/\/www.waterskis.lv\/en\/jurmala-wake-park\/\">Read More&#8230;<\/a><\/p>\n","protected":false},"author":5,"featured_media":8785,"parent":0,"menu_order":0,"comment_status":"closed","ping_status":"closed","template":"","meta":{"_acf_changed":false,"inline_featured_image":false,"footnotes":""},"class_list":["post-4635","page","type-page","status-publish","has-post-thumbnail","hentry"],"acf":[],"yoast_head":"<!-- This site is optimized with the Yoast SEO plugin v27.3 - https:\/\/yoast.com\/product\/yoast-seo-wordpress\/ -->\n<title>Jurmala Wake Park - WATERSKIS.LV<\/title>\n<meta name=\"description\" content=\"Jurmala Wake Park. Jurmala Water Ski &amp; Wakeboard Park since 1973. You can choose Cable or Motorboat wakeboarding or both as well as waterski\" \/>\n<meta name=\"robots\" content=\"index, follow, max-snippet:-1, max-image-preview:large, max-video-preview:-1\" \/>\n<link rel=\"canonical\" href=\"https:\/\/www.waterskis.lv\/en\/jurmala-wake-park\/\" \/>\n<meta property=\"og:locale\" content=\"en_US\" \/>\n<meta property=\"og:type\" content=\"article\" \/>\n<meta property=\"og:title\" content=\"Jurmala Wake park\" \/>\n<meta property=\"og:description\" content=\"Jurmala Wake park since 1973. Linear two tower cable wakeboarding system and 2 wakeboarding\/ waterskiing boats available\" \/>\n<meta property=\"og:url\" content=\"https:\/\/www.waterskis.lv\/en\/jurmala-wake-park\/\" \/>\n<meta property=\"og:site_name\" content=\"WATERSKIS.LV\" \/>\n<meta property=\"article:publisher\" content=\"https:\/\/www.facebook.com\/jurmalawaterskiwakeboardpark\/\" \/>\n<meta property=\"article:modified_time\" content=\"2026-01-23T09:40:19+00:00\" \/>\n<meta property=\"og:image\" content=\"https:\/\/www.waterskis.lv\/wp-content\/uploads\/2019\/02\/VEIKBORDS.jpg\" \/>\n\t<meta property=\"og:image:width\" content=\"1023\" \/>\n\t<meta property=\"og:image:height\" content=\"391\" \/>\n\t<meta property=\"og:image:type\" content=\"image\/jpeg\" \/>\n<meta name=\"twitter:card\" content=\"summary_large_image\" \/>\n<meta name=\"twitter:title\" content=\"Jurmala cable wakeboarding park\" \/>\n<meta name=\"twitter:description\" content=\"Jurmala wakeboarding park since 1973. Linear two tower cable wakeboarding system and 2 wakeboarding\/ waterskiing boats available\" \/>\n<meta name=\"twitter:image\" content=\"https:\/\/www.waterskis.lv\/wp-content\/uploads\/2019\/02\/VEIKBORDS.jpg\" \/>\n<meta name=\"twitter:label1\" content=\"Est. reading time\" \/>\n\t<meta name=\"twitter:data1\" content=\"3 minutes\" \/>\n<script type=\"application\/ld+json\" class=\"yoast-schema-graph\">{\"@context\":\"https:\\\/\\\/schema.org\",\"@graph\":[{\"@type\":\"WebPage\",\"@id\":\"https:\\\/\\\/www.waterskis.lv\\\/en\\\/jurmala-wake-park\\\/\",\"url\":\"https:\\\/\\\/www.waterskis.lv\\\/en\\\/jurmala-wake-park\\\/\",\"name\":\"Jurmala Wake Park - WATERSKIS.LV\",\"isPartOf\":{\"@id\":\"https:\\\/\\\/www.waterskis.lv\\\/en\\\/#website\"},\"primaryImageOfPage\":{\"@id\":\"https:\\\/\\\/www.waterskis.lv\\\/en\\\/jurmala-wake-park\\\/#primaryimage\"},\"image\":{\"@id\":\"https:\\\/\\\/www.waterskis.lv\\\/en\\\/jurmala-wake-park\\\/#primaryimage\"},\"thumbnailUrl\":\"https:\\\/\\\/www.waterskis.lv\\\/wp-content\\\/uploads\\\/2019\\\/02\\\/VEIKBORDS.jpg\",\"datePublished\":\"2017-04-29T11:10:55+00:00\",\"dateModified\":\"2026-01-23T09:40:19+00:00\",\"description\":\"Jurmala Wake Park. Jurmala Water Ski & Wakeboard Park since 1973. You can choose Cable or Motorboat wakeboarding or both as well as waterski\",\"breadcrumb\":{\"@id\":\"https:\\\/\\\/www.waterskis.lv\\\/en\\\/jurmala-wake-park\\\/#breadcrumb\"},\"inLanguage\":\"en-US\",\"potentialAction\":[{\"@type\":\"ReadAction\",\"target\":[\"https:\\\/\\\/www.waterskis.lv\\\/en\\\/jurmala-wake-park\\\/\"]}]},{\"@type\":\"ImageObject\",\"inLanguage\":\"en-US\",\"@id\":\"https:\\\/\\\/www.waterskis.lv\\\/en\\\/jurmala-wake-park\\\/#primaryimage\",\"url\":\"https:\\\/\\\/www.waterskis.lv\\\/wp-content\\\/uploads\\\/2019\\\/02\\\/VEIKBORDS.jpg\",\"contentUrl\":\"https:\\\/\\\/www.waterskis.lv\\\/wp-content\\\/uploads\\\/2019\\\/02\\\/VEIKBORDS.jpg\",\"width\":1023,\"height\":391,\"caption\":\"Jurmala cable wakeboarding park\"},{\"@type\":\"BreadcrumbList\",\"@id\":\"https:\\\/\\\/www.waterskis.lv\\\/en\\\/jurmala-wake-park\\\/#breadcrumb\",\"itemListElement\":[{\"@type\":\"ListItem\",\"position\":1,\"name\":\"Home\",\"item\":\"https:\\\/\\\/www.waterskis.lv\\\/en\\\/\"},{\"@type\":\"ListItem\",\"position\":2,\"name\":\"Jurmala Wake Park\"}]},{\"@type\":\"WebSite\",\"@id\":\"https:\\\/\\\/www.waterskis.lv\\\/en\\\/#website\",\"url\":\"https:\\\/\\\/www.waterskis.lv\\\/en\\\/\",\"name\":\"WATERSKIS.LV\",\"description\":\"SUP d\u0113\u013ci, kajaki, kanoe, airu laivas, \u016bdenssl\u0113po\u0161ana, veikbords, SUP d\u0113\u013cu noma, kajaku nomaakt\u012bv\u0101s atp\u016btas centrs, laivu noma, sup noma, kajaku noma\",\"publisher\":{\"@id\":\"https:\\\/\\\/www.waterskis.lv\\\/en\\\/#organization\"},\"potentialAction\":[{\"@type\":\"SearchAction\",\"target\":{\"@type\":\"EntryPoint\",\"urlTemplate\":\"https:\\\/\\\/www.waterskis.lv\\\/en\\\/?s={search_term_string}\"},\"query-input\":{\"@type\":\"PropertyValueSpecification\",\"valueRequired\":true,\"valueName\":\"search_term_string\"}}],\"inLanguage\":\"en-US\"},{\"@type\":\"Organization\",\"@id\":\"https:\\\/\\\/www.waterskis.lv\\\/en\\\/#organization\",\"name\":\"WATERSKIS.LV\",\"url\":\"https:\\\/\\\/www.waterskis.lv\\\/en\\\/\",\"logo\":{\"@type\":\"ImageObject\",\"inLanguage\":\"en-US\",\"@id\":\"https:\\\/\\\/www.waterskis.lv\\\/en\\\/#\\\/schema\\\/logo\\\/image\\\/\",\"url\":\"https:\\\/\\\/www.waterskis.lv\\\/wp-content\\\/uploads\\\/2025\\\/01\\\/JUVP-logo.png\",\"contentUrl\":\"https:\\\/\\\/www.waterskis.lv\\\/wp-content\\\/uploads\\\/2025\\\/01\\\/JUVP-logo.png\",\"width\":421,\"height\":202,\"caption\":\"WATERSKIS.LV\"},\"image\":{\"@id\":\"https:\\\/\\\/www.waterskis.lv\\\/en\\\/#\\\/schema\\\/logo\\\/image\\\/\"},\"sameAs\":[\"https:\\\/\\\/www.facebook.com\\\/jurmalawaterskiwakeboardpark\\\/\"]}]}<\/script>\n<!-- \/ Yoast SEO plugin. -->","yoast_head_json":{"title":"Jurmala Wake Park - WATERSKIS.LV","description":"Jurmala Wake Park. Jurmala Water Ski & Wakeboard Park since 1973. You can choose Cable or Motorboat wakeboarding or both as well as waterski","robots":{"index":"index","follow":"follow","max-snippet":"max-snippet:-1","max-image-preview":"max-image-preview:large","max-video-preview":"max-video-preview:-1"},"canonical":"https:\/\/www.waterskis.lv\/en\/jurmala-wake-park\/","og_locale":"en_US","og_type":"article","og_title":"Jurmala Wake park","og_description":"Jurmala Wake park since 1973. Linear two tower cable wakeboarding system and 2 wakeboarding\/ waterskiing boats available","og_url":"https:\/\/www.waterskis.lv\/en\/jurmala-wake-park\/","og_site_name":"WATERSKIS.LV","article_publisher":"https:\/\/www.facebook.com\/jurmalawaterskiwakeboardpark\/","article_modified_time":"2026-01-23T09:40:19+00:00","og_image":[{"width":1023,"height":391,"url":"https:\/\/www.waterskis.lv\/wp-content\/uploads\/2019\/02\/VEIKBORDS.jpg","type":"image\/jpeg"}],"twitter_card":"summary_large_image","twitter_title":"Jurmala cable wakeboarding park","twitter_description":"Jurmala wakeboarding park since 1973. Linear two tower cable wakeboarding system and 2 wakeboarding\/ waterskiing boats available","twitter_image":"https:\/\/www.waterskis.lv\/wp-content\/uploads\/2019\/02\/VEIKBORDS.jpg","twitter_misc":{"Est. reading time":"3 minutes"},"schema":{"@context":"https:\/\/schema.org","@graph":[{"@type":"WebPage","@id":"https:\/\/www.waterskis.lv\/en\/jurmala-wake-park\/","url":"https:\/\/www.waterskis.lv\/en\/jurmala-wake-park\/","name":"Jurmala Wake Park - WATERSKIS.LV","isPartOf":{"@id":"https:\/\/www.waterskis.lv\/en\/#website"},"primaryImageOfPage":{"@id":"https:\/\/www.waterskis.lv\/en\/jurmala-wake-park\/#primaryimage"},"image":{"@id":"https:\/\/www.waterskis.lv\/en\/jurmala-wake-park\/#primaryimage"},"thumbnailUrl":"https:\/\/www.waterskis.lv\/wp-content\/uploads\/2019\/02\/VEIKBORDS.jpg","datePublished":"2017-04-29T11:10:55+00:00","dateModified":"2026-01-23T09:40:19+00:00","description":"Jurmala Wake Park. Jurmala Water Ski & Wakeboard Park since 1973. You can choose Cable or Motorboat wakeboarding or both as well as waterski","breadcrumb":{"@id":"https:\/\/www.waterskis.lv\/en\/jurmala-wake-park\/#breadcrumb"},"inLanguage":"en-US","potentialAction":[{"@type":"ReadAction","target":["https:\/\/www.waterskis.lv\/en\/jurmala-wake-park\/"]}]},{"@type":"ImageObject","inLanguage":"en-US","@id":"https:\/\/www.waterskis.lv\/en\/jurmala-wake-park\/#primaryimage","url":"https:\/\/www.waterskis.lv\/wp-content\/uploads\/2019\/02\/VEIKBORDS.jpg","contentUrl":"https:\/\/www.waterskis.lv\/wp-content\/uploads\/2019\/02\/VEIKBORDS.jpg","width":1023,"height":391,"caption":"Jurmala cable wakeboarding park"},{"@type":"BreadcrumbList","@id":"https:\/\/www.waterskis.lv\/en\/jurmala-wake-park\/#breadcrumb","itemListElement":[{"@type":"ListItem","position":1,"name":"Home","item":"https:\/\/www.waterskis.lv\/en\/"},{"@type":"ListItem","position":2,"name":"Jurmala Wake Park"}]},{"@type":"WebSite","@id":"https:\/\/www.waterskis.lv\/en\/#website","url":"https:\/\/www.waterskis.lv\/en\/","name":"WATERSKIS.LV","description":"SUP d\u0113\u013ci, kajaki, kanoe, airu laivas, \u016bdenssl\u0113po\u0161ana, veikbords, SUP d\u0113\u013cu noma, kajaku nomaakt\u012bv\u0101s atp\u016btas centrs, laivu noma, sup noma, kajaku noma","publisher":{"@id":"https:\/\/www.waterskis.lv\/en\/#organization"},"potentialAction":[{"@type":"SearchAction","target":{"@type":"EntryPoint","urlTemplate":"https:\/\/www.waterskis.lv\/en\/?s={search_term_string}"},"query-input":{"@type":"PropertyValueSpecification","valueRequired":true,"valueName":"search_term_string"}}],"inLanguage":"en-US"},{"@type":"Organization","@id":"https:\/\/www.waterskis.lv\/en\/#organization","name":"WATERSKIS.LV","url":"https:\/\/www.waterskis.lv\/en\/","logo":{"@type":"ImageObject","inLanguage":"en-US","@id":"https:\/\/www.waterskis.lv\/en\/#\/schema\/logo\/image\/","url":"https:\/\/www.waterskis.lv\/wp-content\/uploads\/2025\/01\/JUVP-logo.png","contentUrl":"https:\/\/www.waterskis.lv\/wp-content\/uploads\/2025\/01\/JUVP-logo.png","width":421,"height":202,"caption":"WATERSKIS.LV"},"image":{"@id":"https:\/\/www.waterskis.lv\/en\/#\/schema\/logo\/image\/"},"sameAs":["https:\/\/www.facebook.com\/jurmalawaterskiwakeboardpark\/"]}]}},"_links":{"self":[{"href":"https:\/\/www.waterskis.lv\/en\/wp-json\/wp\/v2\/pages\/4635","targetHints":{"allow":["GET"]}}],"collection":[{"href":"https:\/\/www.waterskis.lv\/en\/wp-json\/wp\/v2\/pages"}],"about":[{"href":"https:\/\/www.waterskis.lv\/en\/wp-json\/wp\/v2\/types\/page"}],"author":[{"embeddable":true,"href":"https:\/\/www.waterskis.lv\/en\/wp-json\/wp\/v2\/users\/5"}],"replies":[{"embeddable":true,"href":"https:\/\/www.waterskis.lv\/en\/wp-json\/wp\/v2\/comments?post=4635"}],"version-history":[{"count":4,"href":"https:\/\/www.waterskis.lv\/en\/wp-json\/wp\/v2\/pages\/4635\/revisions"}],"predecessor-version":[{"id":71865,"href":"https:\/\/www.waterskis.lv\/en\/wp-json\/wp\/v2\/pages\/4635\/revisions\/71865"}],"wp:featuredmedia":[{"embeddable":true,"href":"https:\/\/www.waterskis.lv\/en\/wp-json\/wp\/v2\/media\/8785"}],"wp:attachment":[{"href":"https:\/\/www.waterskis.lv\/en\/wp-json\/wp\/v2\/media?parent=4635"}],"curies":[{"name":"wp","href":"https:\/\/api.w.org\/{rel}","templated":true}]}}