{"id":4639,"date":"2014-12-26T17:34:59","date_gmt":"2014-12-26T14:34:59","guid":{"rendered":"http:\/\/www.waterskis.lv\/udenssleposana\/"},"modified":"2026-05-07T09:33:33","modified_gmt":"2026-05-07T07:33:33","slug":"waterskiing","status":"publish","type":"page","link":"https:\/\/www.waterskis.lv\/en\/waterskiing\/","title":{"rendered":"Waterskiing"},"content":{"rendered":"\n<h5 class=\"wp-block-heading\">All level 3 events waterskiing at Jurmala Waterski &amp; Wakeboard Park since 1973.<\/h5>\n\n\n\n<div class=\"wp-block-columns has-2-columns is-layout-flex wp-container-core-columns-is-layout-9d6595d7 wp-block-columns-is-layout-flex\">\n<div class=\"wp-block-column is-layout-flow wp-block-column-is-layout-flow\">\n<h2 class=\"wp-block-heading\">Reservation:<\/h2>\n\n\n\n<p>Mob.: <a href=\"tel:+37128067676\">+371 28067676<\/a><br \/>E-mail: <a href=\"mailto:info@waterskis.lv\">info@waterskis.lv<\/a><\/p>\n<\/div>\n\n\n\n<div class=\"wp-block-column is-layout-flow wp-block-column-is-layout-flow\">\n<h2 class=\"wp-block-heading\"><\/h2>\n<\/div>\n<\/div>\n\n\n\n<h2 class=\"wp-block-heading\">Prices EUR<\/h2>\n\n\n\n<figure class=\"wp-block-table\"><table><tbody><tr><td><strong>Title<\/strong><\/td><td>10 min<\/td><td>30 min<\/td><td> 60 min<\/td><\/tr><tr><td>Outboard engine boat waterskiing<\/td><td>30<\/td><td>80<\/td><td>160<\/td><\/tr><tr><td>Towable tube ride for 2 persons<\/td><td>30<\/td><td>80<\/td><td>160<\/td><\/tr><tr><td>Towable ride for 3 persons<\/td><td>40<\/td><td>80<\/td><td>160<\/td><\/tr><tr><td>Motorboat excursions for 4 persons<\/td><td>&#8211;<\/td><td>70<\/td><td>120<\/td><\/tr><\/tbody><\/table><\/figure>\n\n\n\n<figure class=\"wp-block-table\"><table><tbody><tr><td><strong>Title<\/strong>                                                                     <\/td><td>Time<\/td><td>EUR <\/td><\/tr><tr><td>Slalom Malibu Response 1 set ( 6 passes)<\/td><td>max 15 min<\/td><td>50<\/td><\/tr><\/tbody><\/table><figcaption class=\"wp-element-caption\">1 set takes around 20 minutes max.<\/figcaption><\/figure>\n\n\n\n<figure class=\"wp-block-table\"><table><tbody><tr><td><strong>Title<\/strong><\/td><td>20 min\/ EUR<\/td><\/tr><tr><td>Waterskiing tuition (theory, land exercises, ride, inventory)<\/td><td>50<\/td><\/tr><\/tbody><\/table><\/figure>\n\n\n\n<p><\/p>\n\n\n\n<figure class=\"wp-block-gallery has-nested-images columns-default is-cropped wp-block-gallery-1 is-layout-flex wp-block-gallery-is-layout-flex\">\n<figure class=\"wp-block-image size-large\"><img decoding=\"async\" width=\"3264\" height=\"2448\" data-id=\"9191\" src=\"https:\/\/www.waterskis.lv\/wp-content\/uploads\/2014\/03\/IMG_5694.jpg\" alt=\"\u016adenssl\u0113po\u0161ana J\u016brmal\u0101\" class=\"wp-image-9191\" srcset=\"https:\/\/www.waterskis.lv\/wp-content\/uploads\/2014\/03\/IMG_5694.jpg 3264w, https:\/\/www.waterskis.lv\/wp-content\/uploads\/2014\/03\/IMG_5694-300x225.jpg 300w, https:\/\/www.waterskis.lv\/wp-content\/uploads\/2014\/03\/IMG_5694-768x576.jpg 768w, https:\/\/www.waterskis.lv\/wp-content\/uploads\/2014\/03\/IMG_5694-700x525.jpg 700w, https:\/\/www.waterskis.lv\/wp-content\/uploads\/2014\/03\/IMG_5694-600x450.jpg 600w\" sizes=\"(max-width: 3264px) 100vw, 3264px\" \/><figcaption class=\"wp-element-caption\">\u016adenssl\u0113po\u0161ana J\u016brmal\u0101<\/figcaption><\/figure>\n\n\n\n<figure class=\"wp-block-image size-large\"><img decoding=\"async\" width=\"1024\" height=\"683\" data-id=\"9010\" src=\"https:\/\/www.waterskis.lv\/wp-content\/uploads\/2018\/07\/ASM_7306.jpg\" alt=\"\u016adenssl\u0113po\u0161ana aiz ekonomisk\u0101s laivas abonometnts 10x\" class=\"wp-image-9010\" srcset=\"https:\/\/www.waterskis.lv\/wp-content\/uploads\/2018\/07\/ASM_7306.jpg 1024w, https:\/\/www.waterskis.lv\/wp-content\/uploads\/2018\/07\/ASM_7306-300x200.jpg 300w, https:\/\/www.waterskis.lv\/wp-content\/uploads\/2018\/07\/ASM_7306-768x512.jpg 768w, https:\/\/www.waterskis.lv\/wp-content\/uploads\/2018\/07\/ASM_7306-700x467.jpg 700w, https:\/\/www.waterskis.lv\/wp-content\/uploads\/2018\/07\/ASM_7306-600x400.jpg 600w\" sizes=\"(max-width: 1024px) 100vw, 1024px\" \/><figcaption class=\"wp-element-caption\">\u016adenssl\u0113po\u0161ana <\/figcaption><\/figure>\n\n\n\n<figure class=\"wp-block-image size-large\"><img decoding=\"async\" width=\"525\" height=\"700\" data-id=\"1154\" src=\"https:\/\/www.waterskis.lv\/wp-content\/uploads\/2014\/07\/adrija-e1405328965560.jpg\" alt=\"\" class=\"wp-image-1154\"\/><figcaption class=\"wp-element-caption\">Waterski competitions at Jurmla waterski &amp; wakeboard park<\/figcaption><\/figure>\n\n\n\n<figure class=\"wp-block-image size-large\"><img decoding=\"async\" width=\"2048\" height=\"1536\" data-id=\"9034\" src=\"https:\/\/www.waterskis.lv\/wp-content\/uploads\/2019\/02\/APMACIBA_.jpg\" alt=\"D\u0101vanu karte \u016adenssl\u0113po\u0161anas apm\u0101c\u012bba 20 min.\" class=\"wp-image-9034\" srcset=\"https:\/\/www.waterskis.lv\/wp-content\/uploads\/2019\/02\/APMACIBA_.jpg 2048w, https:\/\/www.waterskis.lv\/wp-content\/uploads\/2019\/02\/APMACIBA_-300x225.jpg 300w, https:\/\/www.waterskis.lv\/wp-content\/uploads\/2019\/02\/APMACIBA_-768x576.jpg 768w, https:\/\/www.waterskis.lv\/wp-content\/uploads\/2019\/02\/APMACIBA_-700x525.jpg 700w, https:\/\/www.waterskis.lv\/wp-content\/uploads\/2019\/02\/APMACIBA_-600x450.jpg 600w\" sizes=\"(max-width: 2048px) 100vw, 2048px\" \/><figcaption class=\"wp-element-caption\"> \u016adenssl\u0113po\u0161anas apm\u0101c\u012bba <\/figcaption><\/figure>\n\n\n\n<figure class=\"wp-block-image size-large\"><img decoding=\"async\" width=\"1200\" height=\"600\" data-id=\"810\" src=\"https:\/\/www.waterskis.lv\/wp-content\/uploads\/2014\/06\/apmaciba.jpg\" alt=\"\" class=\"wp-image-810\" srcset=\"https:\/\/www.waterskis.lv\/wp-content\/uploads\/2014\/06\/apmaciba.jpg 1200w, https:\/\/www.waterskis.lv\/wp-content\/uploads\/2014\/06\/apmaciba-600x300.jpg 600w, https:\/\/www.waterskis.lv\/wp-content\/uploads\/2014\/06\/apmaciba-300x150.jpg 300w, https:\/\/www.waterskis.lv\/wp-content\/uploads\/2014\/06\/apmaciba-1024x512.jpg 1024w\" sizes=\"(max-width: 1200px) 100vw, 1200px\" \/><figcaption class=\"wp-element-caption\">Korporat\u012bvie pas\u0101kumi<\/figcaption><\/figure>\n\n\n\n<figure class=\"wp-block-image size-large\"><img decoding=\"async\" data-id=\"4187\" src=\"https:\/\/www.waterskis.lv\/wp-content\/uploads\/2014\/06\/udenssleposana-berni.jpg\" alt=\"\" class=\"wp-image-4187\"\/><figcaption class=\"wp-element-caption\">Children practice at Jurmala waterski &amp; wakeboard park<\/figcaption><\/figure>\n<\/figure>\n","protected":false},"excerpt":{"rendered":"<p>All level 3 events waterskiing at Jurmala Waterski &amp; Wakeboard Park since 1973. Reservation: Mob.: +371 28067676E-mail: info@waterskis.lv Prices EUR Title 10 min 30 min 60 min Outboard engine boat waterskiing 30 80 160 Towable tube ride for 2 persons 30 80 160 Towable ride for 3 persons 40 80 160 Motorboat excursions for 4 [&#8230;]<\/p>\n<p><a class=\"btn btn-secondary understrap-read-more-link\" href=\"https:\/\/www.waterskis.lv\/en\/waterskiing\/\">Read More&#8230;<\/a><\/p>\n","protected":false},"author":6,"featured_media":8793,"parent":0,"menu_order":0,"comment_status":"closed","ping_status":"closed","template":"","meta":{"_acf_changed":false,"inline_featured_image":false,"footnotes":""},"class_list":["post-4639","page","type-page","status-publish","has-post-thumbnail","hentry"],"acf":[],"yoast_head":"<!-- This site is optimized with the Yoast SEO plugin v27.6 - https:\/\/yoast.com\/product\/yoast-seo-wordpress\/ -->\n<title>Waterskiing - WATERSKIS.LV<\/title>\n<meta name=\"description\" content=\"3 event Waterskiing for all level waterskiers. Beginners to advanced. Jurmala Waterski &amp; Wakeboard Park since 1973.\" \/>\n<meta name=\"robots\" content=\"index, follow, max-snippet:-1, max-image-preview:large, max-video-preview:-1\" \/>\n<link rel=\"canonical\" href=\"https:\/\/www.waterskis.lv\/en\/waterskiing\/\" \/>\n<meta property=\"og:locale\" content=\"en_US\" \/>\n<meta property=\"og:type\" content=\"article\" \/>\n<meta property=\"og:title\" content=\"Water skiing\" \/>\n<meta property=\"og:description\" content=\"Waterskiing &amp; wakeboarding at Jurmala since 1973. All level and age categories tuition. 2 boats &amp; Cable Wake park.\" \/>\n<meta property=\"og:url\" content=\"https:\/\/www.waterskis.lv\/en\/waterskiing\/\" \/>\n<meta property=\"og:site_name\" content=\"WATERSKIS.LV\" \/>\n<meta property=\"article:publisher\" content=\"https:\/\/www.facebook.com\/jurmalawaterskiwakeboardpark\/\" \/>\n<meta property=\"article:modified_time\" content=\"2026-05-07T07:33:33+00:00\" \/>\n<meta property=\"og:image\" content=\"https:\/\/www.waterskis.lv\/wp-content\/uploads\/2019\/02\/UDENSSLEPOSANA-1.jpg\" \/>\n\t<meta property=\"og:image:width\" content=\"1440\" \/>\n\t<meta property=\"og:image:height\" content=\"436\" \/>\n\t<meta property=\"og:image:type\" content=\"image\/jpeg\" \/>\n<meta name=\"twitter:card\" content=\"summary_large_image\" \/>\n<meta name=\"twitter:title\" content=\"Water skiing\" \/>\n<meta name=\"twitter:description\" content=\"Waterskiing &amp; wakeboarding at Jurmala since 1973. All level and age categories tuition. 2 boats &amp; Cable Wake park.\" \/>\n<meta name=\"twitter:image\" content=\"https:\/\/www.waterskis.lv\/wp-content\/uploads\/2018\/07\/ASM_7306.jpg\" \/>\n<meta name=\"twitter:label1\" content=\"Est. reading time\" \/>\n\t<meta name=\"twitter:data1\" content=\"3 minutes\" \/>\n<script type=\"application\/ld+json\" class=\"yoast-schema-graph\">{\"@context\":\"https:\\\/\\\/schema.org\",\"@graph\":[{\"@type\":\"WebPage\",\"@id\":\"https:\\\/\\\/www.waterskis.lv\\\/en\\\/waterskiing\\\/\",\"url\":\"https:\\\/\\\/www.waterskis.lv\\\/en\\\/waterskiing\\\/\",\"name\":\"Waterskiing - WATERSKIS.LV\",\"isPartOf\":{\"@id\":\"https:\\\/\\\/www.waterskis.lv\\\/en\\\/#website\"},\"primaryImageOfPage\":{\"@id\":\"https:\\\/\\\/www.waterskis.lv\\\/en\\\/waterskiing\\\/#primaryimage\"},\"image\":{\"@id\":\"https:\\\/\\\/www.waterskis.lv\\\/en\\\/waterskiing\\\/#primaryimage\"},\"thumbnailUrl\":\"https:\\\/\\\/www.waterskis.lv\\\/wp-content\\\/uploads\\\/2019\\\/02\\\/UDENSSLEPOSANA-1.jpg\",\"datePublished\":\"2014-12-26T14:34:59+00:00\",\"dateModified\":\"2026-05-07T07:33:33+00:00\",\"description\":\"3 event Waterskiing for all level waterskiers. Beginners to advanced. Jurmala Waterski & Wakeboard Park since 1973.\",\"breadcrumb\":{\"@id\":\"https:\\\/\\\/www.waterskis.lv\\\/en\\\/waterskiing\\\/#breadcrumb\"},\"inLanguage\":\"en-US\",\"potentialAction\":[{\"@type\":\"ReadAction\",\"target\":[\"https:\\\/\\\/www.waterskis.lv\\\/en\\\/waterskiing\\\/\"]}]},{\"@type\":\"ImageObject\",\"inLanguage\":\"en-US\",\"@id\":\"https:\\\/\\\/www.waterskis.lv\\\/en\\\/waterskiing\\\/#primaryimage\",\"url\":\"https:\\\/\\\/www.waterskis.lv\\\/wp-content\\\/uploads\\\/2019\\\/02\\\/UDENSSLEPOSANA-1.jpg\",\"contentUrl\":\"https:\\\/\\\/www.waterskis.lv\\\/wp-content\\\/uploads\\\/2019\\\/02\\\/UDENSSLEPOSANA-1.jpg\",\"width\":1440,\"height\":436,\"caption\":\"Waterskiing at Jurmala Waterski & Wakeboard park. Jurmala, Latvia\"},{\"@type\":\"BreadcrumbList\",\"@id\":\"https:\\\/\\\/www.waterskis.lv\\\/en\\\/waterskiing\\\/#breadcrumb\",\"itemListElement\":[{\"@type\":\"ListItem\",\"position\":1,\"name\":\"Home\",\"item\":\"https:\\\/\\\/www.waterskis.lv\\\/en\\\/\"},{\"@type\":\"ListItem\",\"position\":2,\"name\":\"Waterskiing\"}]},{\"@type\":\"WebSite\",\"@id\":\"https:\\\/\\\/www.waterskis.lv\\\/en\\\/#website\",\"url\":\"https:\\\/\\\/www.waterskis.lv\\\/en\\\/\",\"name\":\"WATERSKIS.LV\",\"description\":\"SUP d\u0113\u013ci, kajaki, kanoe, airu laivas, \u016bdenssl\u0113po\u0161ana, veikbords, SUP d\u0113\u013cu noma, kajaku nomaakt\u012bv\u0101s atp\u016btas centrs, laivu noma, sup noma, kajaku noma\",\"publisher\":{\"@id\":\"https:\\\/\\\/www.waterskis.lv\\\/en\\\/#organization\"},\"potentialAction\":[{\"@type\":\"SearchAction\",\"target\":{\"@type\":\"EntryPoint\",\"urlTemplate\":\"https:\\\/\\\/www.waterskis.lv\\\/en\\\/?s={search_term_string}\"},\"query-input\":{\"@type\":\"PropertyValueSpecification\",\"valueRequired\":true,\"valueName\":\"search_term_string\"}}],\"inLanguage\":\"en-US\"},{\"@type\":\"Organization\",\"@id\":\"https:\\\/\\\/www.waterskis.lv\\\/en\\\/#organization\",\"name\":\"WATERSKIS.LV\",\"url\":\"https:\\\/\\\/www.waterskis.lv\\\/en\\\/\",\"logo\":{\"@type\":\"ImageObject\",\"inLanguage\":\"en-US\",\"@id\":\"https:\\\/\\\/www.waterskis.lv\\\/en\\\/#\\\/schema\\\/logo\\\/image\\\/\",\"url\":\"https:\\\/\\\/www.waterskis.lv\\\/wp-content\\\/uploads\\\/2025\\\/01\\\/JUVP-logo.png\",\"contentUrl\":\"https:\\\/\\\/www.waterskis.lv\\\/wp-content\\\/uploads\\\/2025\\\/01\\\/JUVP-logo.png\",\"width\":421,\"height\":202,\"caption\":\"WATERSKIS.LV\"},\"image\":{\"@id\":\"https:\\\/\\\/www.waterskis.lv\\\/en\\\/#\\\/schema\\\/logo\\\/image\\\/\"},\"sameAs\":[\"https:\\\/\\\/www.facebook.com\\\/jurmalawaterskiwakeboardpark\\\/\"]}]}<\/script>\n<!-- \/ Yoast SEO plugin. -->","yoast_head_json":{"title":"Waterskiing - WATERSKIS.LV","description":"3 event Waterskiing for all level waterskiers. Beginners to advanced. Jurmala Waterski & Wakeboard Park since 1973.","robots":{"index":"index","follow":"follow","max-snippet":"max-snippet:-1","max-image-preview":"max-image-preview:large","max-video-preview":"max-video-preview:-1"},"canonical":"https:\/\/www.waterskis.lv\/en\/waterskiing\/","og_locale":"en_US","og_type":"article","og_title":"Water skiing","og_description":"Waterskiing & wakeboarding at Jurmala since 1973. All level and age categories tuition. 2 boats & Cable Wake park.","og_url":"https:\/\/www.waterskis.lv\/en\/waterskiing\/","og_site_name":"WATERSKIS.LV","article_publisher":"https:\/\/www.facebook.com\/jurmalawaterskiwakeboardpark\/","article_modified_time":"2026-05-07T07:33:33+00:00","og_image":[{"width":1440,"height":436,"url":"https:\/\/www.waterskis.lv\/wp-content\/uploads\/2019\/02\/UDENSSLEPOSANA-1.jpg","type":"image\/jpeg"}],"twitter_card":"summary_large_image","twitter_title":"Water skiing","twitter_description":"Waterskiing & wakeboarding at Jurmala since 1973. All level and age categories tuition. 2 boats & Cable Wake park.","twitter_image":"https:\/\/www.waterskis.lv\/wp-content\/uploads\/2018\/07\/ASM_7306.jpg","twitter_misc":{"Est. reading time":"3 minutes"},"schema":{"@context":"https:\/\/schema.org","@graph":[{"@type":"WebPage","@id":"https:\/\/www.waterskis.lv\/en\/waterskiing\/","url":"https:\/\/www.waterskis.lv\/en\/waterskiing\/","name":"Waterskiing - WATERSKIS.LV","isPartOf":{"@id":"https:\/\/www.waterskis.lv\/en\/#website"},"primaryImageOfPage":{"@id":"https:\/\/www.waterskis.lv\/en\/waterskiing\/#primaryimage"},"image":{"@id":"https:\/\/www.waterskis.lv\/en\/waterskiing\/#primaryimage"},"thumbnailUrl":"https:\/\/www.waterskis.lv\/wp-content\/uploads\/2019\/02\/UDENSSLEPOSANA-1.jpg","datePublished":"2014-12-26T14:34:59+00:00","dateModified":"2026-05-07T07:33:33+00:00","description":"3 event Waterskiing for all level waterskiers. Beginners to advanced. Jurmala Waterski & Wakeboard Park since 1973.","breadcrumb":{"@id":"https:\/\/www.waterskis.lv\/en\/waterskiing\/#breadcrumb"},"inLanguage":"en-US","potentialAction":[{"@type":"ReadAction","target":["https:\/\/www.waterskis.lv\/en\/waterskiing\/"]}]},{"@type":"ImageObject","inLanguage":"en-US","@id":"https:\/\/www.waterskis.lv\/en\/waterskiing\/#primaryimage","url":"https:\/\/www.waterskis.lv\/wp-content\/uploads\/2019\/02\/UDENSSLEPOSANA-1.jpg","contentUrl":"https:\/\/www.waterskis.lv\/wp-content\/uploads\/2019\/02\/UDENSSLEPOSANA-1.jpg","width":1440,"height":436,"caption":"Waterskiing at Jurmala Waterski & Wakeboard park. Jurmala, Latvia"},{"@type":"BreadcrumbList","@id":"https:\/\/www.waterskis.lv\/en\/waterskiing\/#breadcrumb","itemListElement":[{"@type":"ListItem","position":1,"name":"Home","item":"https:\/\/www.waterskis.lv\/en\/"},{"@type":"ListItem","position":2,"name":"Waterskiing"}]},{"@type":"WebSite","@id":"https:\/\/www.waterskis.lv\/en\/#website","url":"https:\/\/www.waterskis.lv\/en\/","name":"WATERSKIS.LV","description":"SUP d\u0113\u013ci, kajaki, kanoe, airu laivas, \u016bdenssl\u0113po\u0161ana, veikbords, SUP d\u0113\u013cu noma, kajaku nomaakt\u012bv\u0101s atp\u016btas centrs, laivu noma, sup noma, kajaku noma","publisher":{"@id":"https:\/\/www.waterskis.lv\/en\/#organization"},"potentialAction":[{"@type":"SearchAction","target":{"@type":"EntryPoint","urlTemplate":"https:\/\/www.waterskis.lv\/en\/?s={search_term_string}"},"query-input":{"@type":"PropertyValueSpecification","valueRequired":true,"valueName":"search_term_string"}}],"inLanguage":"en-US"},{"@type":"Organization","@id":"https:\/\/www.waterskis.lv\/en\/#organization","name":"WATERSKIS.LV","url":"https:\/\/www.waterskis.lv\/en\/","logo":{"@type":"ImageObject","inLanguage":"en-US","@id":"https:\/\/www.waterskis.lv\/en\/#\/schema\/logo\/image\/","url":"https:\/\/www.waterskis.lv\/wp-content\/uploads\/2025\/01\/JUVP-logo.png","contentUrl":"https:\/\/www.waterskis.lv\/wp-content\/uploads\/2025\/01\/JUVP-logo.png","width":421,"height":202,"caption":"WATERSKIS.LV"},"image":{"@id":"https:\/\/www.waterskis.lv\/en\/#\/schema\/logo\/image\/"},"sameAs":["https:\/\/www.facebook.com\/jurmalawaterskiwakeboardpark\/"]}]}},"_links":{"self":[{"href":"https:\/\/www.waterskis.lv\/en\/wp-json\/wp\/v2\/pages\/4639","targetHints":{"allow":["GET"]}}],"collection":[{"href":"https:\/\/www.waterskis.lv\/en\/wp-json\/wp\/v2\/pages"}],"about":[{"href":"https:\/\/www.waterskis.lv\/en\/wp-json\/wp\/v2\/types\/page"}],"author":[{"embeddable":true,"href":"https:\/\/www.waterskis.lv\/en\/wp-json\/wp\/v2\/users\/6"}],"replies":[{"embeddable":true,"href":"https:\/\/www.waterskis.lv\/en\/wp-json\/wp\/v2\/comments?post=4639"}],"version-history":[{"count":4,"href":"https:\/\/www.waterskis.lv\/en\/wp-json\/wp\/v2\/pages\/4639\/revisions"}],"predecessor-version":[{"id":73184,"href":"https:\/\/www.waterskis.lv\/en\/wp-json\/wp\/v2\/pages\/4639\/revisions\/73184"}],"wp:featuredmedia":[{"embeddable":true,"href":"https:\/\/www.waterskis.lv\/en\/wp-json\/wp\/v2\/media\/8793"}],"wp:attachment":[{"href":"https:\/\/www.waterskis.lv\/en\/wp-json\/wp\/v2\/media?parent=4639"}],"curies":[{"name":"wp","href":"https:\/\/api.w.org\/{rel}","templated":true}]}}