{"id":4643,"date":"2014-12-26T17:43:10","date_gmt":"2014-12-26T14:43:10","guid":{"rendered":"http:\/\/www.waterskis.lv\/piknika-vietas\/"},"modified":"2026-03-23T10:20:37","modified_gmt":"2026-03-23T08:20:37","slug":"picnic-places-corporate-events","status":"publish","type":"page","link":"https:\/\/www.waterskis.lv\/en\/picnic-places-corporate-events\/","title":{"rendered":"Picnic places. Corporate events."},"content":{"rendered":"\n<div class=\"wp-block-columns has-2-columns is-layout-flex wp-container-core-columns-is-layout-9d6595d7 wp-block-columns-is-layout-flex\">\n<div class=\"wp-block-column is-layout-flow wp-block-column-is-layout-flow\">\n<h5 class=\"wp-block-heading\">Picnic places. Corporate events. Sports games, bachelor and bachelorette parties, children&#8217;s birthday and family celebrations in Jurmala.<\/h5>\n\n\n\n<p><\/p>\n\n\n\n<h2 class=\"wp-block-heading\">Our offer<\/h2>\n\n\n\n<ul class=\"wp-block-list\">\n<li>corporate events<\/li>\n\n\n\n<li>picnic areas<\/li>\n\n\n\n<li>tables, benches<\/li>\n\n\n\n<li>fire place<\/li>\n\n\n\n<li>grill<\/li>\n\n\n\n<li>sport games<\/li>\n\n\n\n<li>paddle boats, kayaks, SUP boards rental<\/li>\n\n\n\n<li>motorboat excursions<\/li>\n\n\n\n<li>water skiing and wakeboarding<\/li>\n\n\n\n<li>inflatable towable rides<\/li>\n\n\n\n<li>85 m2 indoor events area<\/li>\n<\/ul>\n\n\n\n<h2 class=\"wp-block-heading\">Reservation:<\/h2>\n\n\n\n<p>Mob.: <a href=\"tel:+37128067676\">+371 28067676<\/a><br \/>E-mail: <a href=\"info@waterskis.lv\">info@waterskis.lv<\/a><\/p>\n<\/div>\n<\/div>\n\n\n\n<h3 class=\"wp-block-heading\">Price EUR per day<\/h3>\n\n\n\n<figure class=\"wp-block-table\"><table><tbody><tr><td>Description<\/td><td>EUR per day<\/td><\/tr><tr><td>up to 10 persons, BBQ, parking for 2 cars. Additional parking 5 EUR per car<\/td><td>100<\/td><\/tr><tr><td>up to 20 persons, BBQ, parking for 3 cars. Additional parking 5 EUR per car<\/td><td>+10 EUR per person<\/td><\/tr><tr><td>Corporate events call +371 28067676, info@waterskis.lv<\/td><td>by agreement<\/td><\/tr><\/tbody><\/table><\/figure>\n\n\n\n<h2 class=\"wp-block-heading\">Gallery<\/h2>\n\n\n\n<figure class=\"wp-block-gallery has-nested-images columns-3 is-cropped wp-block-gallery-1 is-layout-flex wp-block-gallery-is-layout-flex\">\n<figure class=\"wp-block-image size-large\"><img decoding=\"async\" width=\"300\" height=\"195\" data-id=\"9656\" src=\"https:\/\/www.waterskis.lv\/wp-content\/uploads\/2019\/03\/Piknika_vieta_2.jpg\" alt=\"\" class=\"wp-image-9656\"\/><figcaption class=\"wp-element-caption\">Piknika vieta Nr.2<\/figcaption><\/figure>\n\n\n\n<figure class=\"wp-block-image size-large\"><img decoding=\"async\" width=\"300\" height=\"225\" data-id=\"9659\" src=\"https:\/\/www.waterskis.lv\/wp-content\/uploads\/2019\/03\/Piknika_vieta_3.jpg\" alt=\"\" class=\"wp-image-9659\"\/><figcaption class=\"wp-element-caption\">Piknika vieta Nr.3<\/figcaption><\/figure>\n\n\n\n<figure class=\"wp-block-image size-large\"><img decoding=\"async\" width=\"300\" height=\"225\" data-id=\"9653\" src=\"https:\/\/www.waterskis.lv\/wp-content\/uploads\/2019\/03\/Piknika_vieta_1.jpg\" alt=\"\" class=\"wp-image-9653\"\/><figcaption class=\"wp-element-caption\">Piknika vieta Nr.1<\/figcaption><\/figure>\n\n\n\n<figure class=\"wp-block-image size-large\"><img decoding=\"async\" width=\"300\" height=\"225\" data-id=\"9662\" src=\"https:\/\/www.waterskis.lv\/wp-content\/uploads\/2019\/03\/Piknika_vieta_4.jpg\" alt=\"\" class=\"wp-image-9662\"\/><figcaption class=\"wp-element-caption\">Piknika vieta Nr.4<\/figcaption><\/figure>\n\n\n\n<figure class=\"wp-block-image size-large\"><img decoding=\"async\" width=\"525\" height=\"700\" data-id=\"11318\" src=\"https:\/\/www.waterskis.lv\/wp-content\/uploads\/2019\/06\/Piknika_vieta_6-1-525x700.jpg\" alt=\"Piknika vieta nr.5\" class=\"wp-image-11318\" srcset=\"https:\/\/www.waterskis.lv\/wp-content\/uploads\/2019\/06\/Piknika_vieta_6-1-525x700.jpg 525w, https:\/\/www.waterskis.lv\/wp-content\/uploads\/2019\/06\/Piknika_vieta_6-1-225x300.jpg 225w, https:\/\/www.waterskis.lv\/wp-content\/uploads\/2019\/06\/Piknika_vieta_6-1-768x1024.jpg 768w, https:\/\/www.waterskis.lv\/wp-content\/uploads\/2019\/06\/Piknika_vieta_6-1-600x800.jpg 600w\" sizes=\"(max-width: 525px) 100vw, 525px\" \/><figcaption class=\"wp-element-caption\">Piknika vieta Nr.5<\/figcaption><\/figure>\n\n\n\n<figure class=\"wp-block-image size-large\"><img decoding=\"async\" width=\"300\" height=\"225\" data-id=\"9674\" src=\"https:\/\/www.waterskis.lv\/wp-content\/uploads\/2019\/03\/Stavvieta.jpg\" alt=\"\" class=\"wp-image-9674\"\/><figcaption class=\"wp-element-caption\">St\u0101vvieta<\/figcaption><\/figure>\n<\/figure>\n\n\n\n<figure class=\"wp-block-gallery has-nested-images columns-default is-cropped wp-block-gallery-2 is-layout-flex wp-block-gallery-is-layout-flex\">\n<figure class=\"wp-block-image size-large\"><img decoding=\"async\" width=\"600\" height=\"338\" data-id=\"71210\" src=\"https:\/\/www.waterskis.lv\/wp-content\/uploads\/2026\/01\/image-22.png\" alt=\"\" class=\"wp-image-71210\" srcset=\"https:\/\/www.waterskis.lv\/wp-content\/uploads\/2026\/01\/image-22.png 600w, https:\/\/www.waterskis.lv\/wp-content\/uploads\/2026\/01\/image-22-300x169.png 300w\" sizes=\"(max-width: 600px) 100vw, 600px\" \/><\/figure>\n\n\n\n<figure class=\"wp-block-image size-large\"><img decoding=\"async\" width=\"600\" height=\"450\" data-id=\"71212\" src=\"https:\/\/www.waterskis.lv\/wp-content\/uploads\/2026\/01\/image-23.png\" alt=\"\" class=\"wp-image-71212\" srcset=\"https:\/\/www.waterskis.lv\/wp-content\/uploads\/2026\/01\/image-23.png 600w, https:\/\/www.waterskis.lv\/wp-content\/uploads\/2026\/01\/image-23-300x225.png 300w\" sizes=\"(max-width: 600px) 100vw, 600px\" \/><\/figure>\n<\/figure>\n","protected":false},"excerpt":{"rendered":"<p>Picnic places. Corporate events. Sports games, bachelor and bachelorette parties, children&#8217;s birthday and family celebrations in Jurmala. Our offer Reservation: Mob.: +371 28067676E-mail: info@waterskis.lv Price EUR per day Description EUR per day up to 10 persons, BBQ, parking for 2 cars. Additional parking 5 EUR per car 100 up to 20 persons, BBQ, parking for [&#8230;]<\/p>\n<p><a class=\"btn btn-secondary understrap-read-more-link\" href=\"https:\/\/www.waterskis.lv\/en\/picnic-places-corporate-events\/\">Read More&#8230;<\/a><\/p>\n","protected":false},"author":6,"featured_media":9669,"parent":0,"menu_order":1,"comment_status":"closed","ping_status":"closed","template":"","meta":{"_acf_changed":false,"inline_featured_image":false,"footnotes":""},"class_list":["post-4643","page","type-page","status-publish","has-post-thumbnail","hentry"],"acf":[],"yoast_head":"<!-- This site is optimized with the Yoast SEO plugin v27.5 - https:\/\/yoast.com\/product\/yoast-seo-wordpress\/ -->\n<title>Picnic places. Corporate events. - WATERSKIS.LV<\/title>\n<meta name=\"description\" content=\"Picnic places. Corporate events. Sports games, bachelor and bachelorette parties, children&#039;s birthday and family celebrations in Jurmala.\" \/>\n<meta name=\"robots\" content=\"index, follow, max-snippet:-1, max-image-preview:large, max-video-preview:-1\" \/>\n<link rel=\"canonical\" href=\"https:\/\/www.waterskis.lv\/en\/picnic-places-corporate-events\/\" \/>\n<meta property=\"og:locale\" content=\"en_US\" \/>\n<meta property=\"og:type\" content=\"article\" \/>\n<meta property=\"og:title\" content=\"Picnic and leisure area at Jurmala\" \/>\n<meta property=\"og:description\" content=\"Leisure &amp; picnic places at Jurmala on the bank of river Lielupe. Also you can rent SUP boards, paddle boats, kayaks, waterskiing, wakeboarding\" \/>\n<meta property=\"og:url\" content=\"https:\/\/www.waterskis.lv\/en\/picnic-places-corporate-events\/\" \/>\n<meta property=\"og:site_name\" content=\"WATERSKIS.LV\" \/>\n<meta property=\"article:publisher\" content=\"https:\/\/www.facebook.com\/jurmalawaterskiwakeboardpark\/\" \/>\n<meta property=\"article:modified_time\" content=\"2026-03-23T08:20:37+00:00\" \/>\n<meta property=\"og:image\" content=\"https:\/\/www.waterskis.lv\/wp-content\/uploads\/2019\/03\/Piknika_vieta_6.jpg\" \/>\n\t<meta property=\"og:image:width\" content=\"300\" \/>\n\t<meta property=\"og:image:height\" content=\"225\" \/>\n\t<meta property=\"og:image:type\" content=\"image\/jpeg\" \/>\n<meta name=\"twitter:card\" content=\"summary_large_image\" \/>\n<meta name=\"twitter:title\" content=\"Picnic and leisure area at Jurmala\" \/>\n<meta name=\"twitter:description\" content=\"Leisure &amp; picnic places at Jurmala on the bank of river Lielupe. Also you can rent SUP boards, paddle boats, kayaks, waterskiing, wakeboarding\" \/>\n<meta name=\"twitter:image\" content=\"https:\/\/www.waterskis.lv\/wp-content\/uploads\/2019\/03\/Piknika_vieta_6.jpg\" \/>\n<meta name=\"twitter:label1\" content=\"Est. reading time\" \/>\n\t<meta name=\"twitter:data1\" content=\"3 minutes\" \/>\n<script type=\"application\/ld+json\" class=\"yoast-schema-graph\">{\"@context\":\"https:\\\/\\\/schema.org\",\"@graph\":[{\"@type\":\"WebPage\",\"@id\":\"https:\\\/\\\/www.waterskis.lv\\\/en\\\/picnic-places-corporate-events\\\/\",\"url\":\"https:\\\/\\\/www.waterskis.lv\\\/en\\\/picnic-places-corporate-events\\\/\",\"name\":\"Picnic places. Corporate events. - WATERSKIS.LV\",\"isPartOf\":{\"@id\":\"https:\\\/\\\/www.waterskis.lv\\\/en\\\/#website\"},\"primaryImageOfPage\":{\"@id\":\"https:\\\/\\\/www.waterskis.lv\\\/en\\\/picnic-places-corporate-events\\\/#primaryimage\"},\"image\":{\"@id\":\"https:\\\/\\\/www.waterskis.lv\\\/en\\\/picnic-places-corporate-events\\\/#primaryimage\"},\"thumbnailUrl\":\"https:\\\/\\\/www.waterskis.lv\\\/wp-content\\\/uploads\\\/2019\\\/03\\\/Piknika_vieta_6.jpg\",\"datePublished\":\"2014-12-26T14:43:10+00:00\",\"dateModified\":\"2026-03-23T08:20:37+00:00\",\"description\":\"Picnic places. Corporate events. Sports games, bachelor and bachelorette parties, children's birthday and family celebrations in Jurmala.\",\"breadcrumb\":{\"@id\":\"https:\\\/\\\/www.waterskis.lv\\\/en\\\/picnic-places-corporate-events\\\/#breadcrumb\"},\"inLanguage\":\"en-US\",\"potentialAction\":[{\"@type\":\"ReadAction\",\"target\":[\"https:\\\/\\\/www.waterskis.lv\\\/en\\\/picnic-places-corporate-events\\\/\"]}]},{\"@type\":\"ImageObject\",\"inLanguage\":\"en-US\",\"@id\":\"https:\\\/\\\/www.waterskis.lv\\\/en\\\/picnic-places-corporate-events\\\/#primaryimage\",\"url\":\"https:\\\/\\\/www.waterskis.lv\\\/wp-content\\\/uploads\\\/2019\\\/03\\\/Piknika_vieta_6.jpg\",\"contentUrl\":\"https:\\\/\\\/www.waterskis.lv\\\/wp-content\\\/uploads\\\/2019\\\/03\\\/Piknika_vieta_6.jpg\",\"width\":300,\"height\":225,\"caption\":\"Picnic and leisure area at Jurmala\"},{\"@type\":\"BreadcrumbList\",\"@id\":\"https:\\\/\\\/www.waterskis.lv\\\/en\\\/picnic-places-corporate-events\\\/#breadcrumb\",\"itemListElement\":[{\"@type\":\"ListItem\",\"position\":1,\"name\":\"Home\",\"item\":\"https:\\\/\\\/www.waterskis.lv\\\/en\\\/\"},{\"@type\":\"ListItem\",\"position\":2,\"name\":\"Picnic places. Corporate events.\"}]},{\"@type\":\"WebSite\",\"@id\":\"https:\\\/\\\/www.waterskis.lv\\\/en\\\/#website\",\"url\":\"https:\\\/\\\/www.waterskis.lv\\\/en\\\/\",\"name\":\"WATERSKIS.LV\",\"description\":\"SUP d\u0113\u013ci, kajaki, kanoe, airu laivas, \u016bdenssl\u0113po\u0161ana, veikbords, SUP d\u0113\u013cu noma, kajaku nomaakt\u012bv\u0101s atp\u016btas centrs, laivu noma, sup noma, kajaku noma\",\"publisher\":{\"@id\":\"https:\\\/\\\/www.waterskis.lv\\\/en\\\/#organization\"},\"potentialAction\":[{\"@type\":\"SearchAction\",\"target\":{\"@type\":\"EntryPoint\",\"urlTemplate\":\"https:\\\/\\\/www.waterskis.lv\\\/en\\\/?s={search_term_string}\"},\"query-input\":{\"@type\":\"PropertyValueSpecification\",\"valueRequired\":true,\"valueName\":\"search_term_string\"}}],\"inLanguage\":\"en-US\"},{\"@type\":\"Organization\",\"@id\":\"https:\\\/\\\/www.waterskis.lv\\\/en\\\/#organization\",\"name\":\"WATERSKIS.LV\",\"url\":\"https:\\\/\\\/www.waterskis.lv\\\/en\\\/\",\"logo\":{\"@type\":\"ImageObject\",\"inLanguage\":\"en-US\",\"@id\":\"https:\\\/\\\/www.waterskis.lv\\\/en\\\/#\\\/schema\\\/logo\\\/image\\\/\",\"url\":\"https:\\\/\\\/www.waterskis.lv\\\/wp-content\\\/uploads\\\/2025\\\/01\\\/JUVP-logo.png\",\"contentUrl\":\"https:\\\/\\\/www.waterskis.lv\\\/wp-content\\\/uploads\\\/2025\\\/01\\\/JUVP-logo.png\",\"width\":421,\"height\":202,\"caption\":\"WATERSKIS.LV\"},\"image\":{\"@id\":\"https:\\\/\\\/www.waterskis.lv\\\/en\\\/#\\\/schema\\\/logo\\\/image\\\/\"},\"sameAs\":[\"https:\\\/\\\/www.facebook.com\\\/jurmalawaterskiwakeboardpark\\\/\"]}]}<\/script>\n<!-- \/ Yoast SEO plugin. -->","yoast_head_json":{"title":"Picnic places. Corporate events. - WATERSKIS.LV","description":"Picnic places. Corporate events. Sports games, bachelor and bachelorette parties, children's birthday and family celebrations in Jurmala.","robots":{"index":"index","follow":"follow","max-snippet":"max-snippet:-1","max-image-preview":"max-image-preview:large","max-video-preview":"max-video-preview:-1"},"canonical":"https:\/\/www.waterskis.lv\/en\/picnic-places-corporate-events\/","og_locale":"en_US","og_type":"article","og_title":"Picnic and leisure area at Jurmala","og_description":"Leisure & picnic places at Jurmala on the bank of river Lielupe. Also you can rent SUP boards, paddle boats, kayaks, waterskiing, wakeboarding","og_url":"https:\/\/www.waterskis.lv\/en\/picnic-places-corporate-events\/","og_site_name":"WATERSKIS.LV","article_publisher":"https:\/\/www.facebook.com\/jurmalawaterskiwakeboardpark\/","article_modified_time":"2026-03-23T08:20:37+00:00","og_image":[{"width":300,"height":225,"url":"https:\/\/www.waterskis.lv\/wp-content\/uploads\/2019\/03\/Piknika_vieta_6.jpg","type":"image\/jpeg"}],"twitter_card":"summary_large_image","twitter_title":"Picnic and leisure area at Jurmala","twitter_description":"Leisure & picnic places at Jurmala on the bank of river Lielupe. Also you can rent SUP boards, paddle boats, kayaks, waterskiing, wakeboarding","twitter_image":"https:\/\/www.waterskis.lv\/wp-content\/uploads\/2019\/03\/Piknika_vieta_6.jpg","twitter_misc":{"Est. reading time":"3 minutes"},"schema":{"@context":"https:\/\/schema.org","@graph":[{"@type":"WebPage","@id":"https:\/\/www.waterskis.lv\/en\/picnic-places-corporate-events\/","url":"https:\/\/www.waterskis.lv\/en\/picnic-places-corporate-events\/","name":"Picnic places. Corporate events. - WATERSKIS.LV","isPartOf":{"@id":"https:\/\/www.waterskis.lv\/en\/#website"},"primaryImageOfPage":{"@id":"https:\/\/www.waterskis.lv\/en\/picnic-places-corporate-events\/#primaryimage"},"image":{"@id":"https:\/\/www.waterskis.lv\/en\/picnic-places-corporate-events\/#primaryimage"},"thumbnailUrl":"https:\/\/www.waterskis.lv\/wp-content\/uploads\/2019\/03\/Piknika_vieta_6.jpg","datePublished":"2014-12-26T14:43:10+00:00","dateModified":"2026-03-23T08:20:37+00:00","description":"Picnic places. Corporate events. Sports games, bachelor and bachelorette parties, children's birthday and family celebrations in Jurmala.","breadcrumb":{"@id":"https:\/\/www.waterskis.lv\/en\/picnic-places-corporate-events\/#breadcrumb"},"inLanguage":"en-US","potentialAction":[{"@type":"ReadAction","target":["https:\/\/www.waterskis.lv\/en\/picnic-places-corporate-events\/"]}]},{"@type":"ImageObject","inLanguage":"en-US","@id":"https:\/\/www.waterskis.lv\/en\/picnic-places-corporate-events\/#primaryimage","url":"https:\/\/www.waterskis.lv\/wp-content\/uploads\/2019\/03\/Piknika_vieta_6.jpg","contentUrl":"https:\/\/www.waterskis.lv\/wp-content\/uploads\/2019\/03\/Piknika_vieta_6.jpg","width":300,"height":225,"caption":"Picnic and leisure area at Jurmala"},{"@type":"BreadcrumbList","@id":"https:\/\/www.waterskis.lv\/en\/picnic-places-corporate-events\/#breadcrumb","itemListElement":[{"@type":"ListItem","position":1,"name":"Home","item":"https:\/\/www.waterskis.lv\/en\/"},{"@type":"ListItem","position":2,"name":"Picnic places. Corporate events."}]},{"@type":"WebSite","@id":"https:\/\/www.waterskis.lv\/en\/#website","url":"https:\/\/www.waterskis.lv\/en\/","name":"WATERSKIS.LV","description":"SUP d\u0113\u013ci, kajaki, kanoe, airu laivas, \u016bdenssl\u0113po\u0161ana, veikbords, SUP d\u0113\u013cu noma, kajaku nomaakt\u012bv\u0101s atp\u016btas centrs, laivu noma, sup noma, kajaku noma","publisher":{"@id":"https:\/\/www.waterskis.lv\/en\/#organization"},"potentialAction":[{"@type":"SearchAction","target":{"@type":"EntryPoint","urlTemplate":"https:\/\/www.waterskis.lv\/en\/?s={search_term_string}"},"query-input":{"@type":"PropertyValueSpecification","valueRequired":true,"valueName":"search_term_string"}}],"inLanguage":"en-US"},{"@type":"Organization","@id":"https:\/\/www.waterskis.lv\/en\/#organization","name":"WATERSKIS.LV","url":"https:\/\/www.waterskis.lv\/en\/","logo":{"@type":"ImageObject","inLanguage":"en-US","@id":"https:\/\/www.waterskis.lv\/en\/#\/schema\/logo\/image\/","url":"https:\/\/www.waterskis.lv\/wp-content\/uploads\/2025\/01\/JUVP-logo.png","contentUrl":"https:\/\/www.waterskis.lv\/wp-content\/uploads\/2025\/01\/JUVP-logo.png","width":421,"height":202,"caption":"WATERSKIS.LV"},"image":{"@id":"https:\/\/www.waterskis.lv\/en\/#\/schema\/logo\/image\/"},"sameAs":["https:\/\/www.facebook.com\/jurmalawaterskiwakeboardpark\/"]}]}},"_links":{"self":[{"href":"https:\/\/www.waterskis.lv\/en\/wp-json\/wp\/v2\/pages\/4643","targetHints":{"allow":["GET"]}}],"collection":[{"href":"https:\/\/www.waterskis.lv\/en\/wp-json\/wp\/v2\/pages"}],"about":[{"href":"https:\/\/www.waterskis.lv\/en\/wp-json\/wp\/v2\/types\/page"}],"author":[{"embeddable":true,"href":"https:\/\/www.waterskis.lv\/en\/wp-json\/wp\/v2\/users\/6"}],"replies":[{"embeddable":true,"href":"https:\/\/www.waterskis.lv\/en\/wp-json\/wp\/v2\/comments?post=4643"}],"version-history":[{"count":4,"href":"https:\/\/www.waterskis.lv\/en\/wp-json\/wp\/v2\/pages\/4643\/revisions"}],"predecessor-version":[{"id":72781,"href":"https:\/\/www.waterskis.lv\/en\/wp-json\/wp\/v2\/pages\/4643\/revisions\/72781"}],"wp:featuredmedia":[{"embeddable":true,"href":"https:\/\/www.waterskis.lv\/en\/wp-json\/wp\/v2\/media\/9669"}],"wp:attachment":[{"href":"https:\/\/www.waterskis.lv\/en\/wp-json\/wp\/v2\/media?parent=4643"}],"curies":[{"name":"wp","href":"https:\/\/api.w.org\/{rel}","templated":true}]}}