{"id":4651,"date":"2014-12-06T17:54:17","date_gmt":"2014-12-06T14:54:17","guid":{"rendered":"http:\/\/www.waterskis.lv\/laivu-noma\/"},"modified":"2026-04-02T09:39:06","modified_gmt":"2026-04-02T07:39:06","slug":"kayak-rental","status":"publish","type":"page","link":"https:\/\/www.waterskis.lv\/en\/kayak-rental\/","title":{"rendered":"Kayak rental"},"content":{"rendered":"\n<div class=\"wp-block-columns has-2-columns is-layout-flex wp-container-core-columns-is-layout-9d6595d7 wp-block-columns-is-layout-flex\">\n<div class=\"wp-block-column is-layout-flow wp-block-column-is-layout-flow\">\n<h5 class=\"wp-block-heading\">Kayak rental in Jurmala. Individual and group trips. Boating routes along the Lielupe, Bu\u013c\u013cupe rivers, Gulf of Riga.<\/h5>\n\n\n\n<h6 class=\"wp-block-heading\">Kayak rental<\/h6>\n\n\n\n<h2 class=\"wp-block-heading\">Reservation:<\/h2>\n\n\n\n<p>Mob.: <a href=\"tel:+37128067676\">+371 28067676<\/a><br \/>E-mail: <a href=\"info@waterskis.lv\">info@waterskis.lv<\/a><\/p>\n<\/div>\n<\/div>\n\n\n\n<h2 class=\"wp-block-heading\">Prices EUR<\/h2>\n\n\n\n<figure class=\"wp-block-table\"><table><tbody><tr><td>Title<\/td><td>1 h<\/td><td>2 h<\/td><td>3 h<\/td><\/tr><tr><td>Kayak single<\/td><td>7<\/td><td>8<\/td><td>13<\/td><\/tr><tr><td>Kayak Tandem<\/td><td>8<\/td><td>10<\/td><td>18<\/td><\/tr><tr><td>Kayak triple<\/td><td>10<\/td><td>12<\/td><td>20<\/td><\/tr><tr><td>Waterproof bag<\/td><td>2<\/td><td>2<\/td><td>2<\/td><\/tr><tr><td>Boat launching <\/td><td>\u2013<\/td><td>\u2013<\/td><td>\u2013<\/td><\/tr><tr><td>Transportation<\/td><td><\/td><td><\/td><td><\/td><\/tr><\/tbody><\/table><\/figure>\n\n\n\n<p>* 2 EUR\/km the price is indicated for 20 km from Priedaine. For other distances, the calculation is done separately<\/p>\n\n\n\n<h2 class=\"wp-block-heading\"><\/h2>\n\n\n\n<figure class=\"wp-block-gallery has-nested-images columns-default is-cropped wp-block-gallery-1 is-layout-flex wp-block-gallery-is-layout-flex\">\n<figure class=\"wp-block-image size-large\"><img decoding=\"async\" width=\"720\" height=\"512\" data-id=\"39245\" src=\"https:\/\/www.waterskis.lv\/wp-content\/uploads\/2022\/04\/kayak-boat-hire.jpg\" alt=\"\" class=\"wp-image-39245\" srcset=\"https:\/\/www.waterskis.lv\/wp-content\/uploads\/2022\/04\/kayak-boat-hire.jpg 720w, https:\/\/www.waterskis.lv\/wp-content\/uploads\/2022\/04\/kayak-boat-hire-600x427.jpg 600w, https:\/\/www.waterskis.lv\/wp-content\/uploads\/2022\/04\/kayak-boat-hire-300x213.jpg 300w, https:\/\/www.waterskis.lv\/wp-content\/uploads\/2022\/04\/kayak-boat-hire-700x498.jpg 700w\" sizes=\"(max-width: 720px) 100vw, 720px\" \/><figcaption class=\"wp-element-caption\">Kayak hire<\/figcaption><\/figure>\n\n\n\n<figure class=\"wp-block-image size-large\"><img decoding=\"async\" width=\"600\" height=\"800\" data-id=\"39237\" src=\"https:\/\/www.waterskis.lv\/wp-content\/uploads\/2022\/04\/kajaku_noma.jpg\" alt=\"Kajaku noma\" class=\"wp-image-39237\" srcset=\"https:\/\/www.waterskis.lv\/wp-content\/uploads\/2022\/04\/kajaku_noma.jpg 600w, https:\/\/www.waterskis.lv\/wp-content\/uploads\/2022\/04\/kajaku_noma-225x300.jpg 225w, https:\/\/www.waterskis.lv\/wp-content\/uploads\/2022\/04\/kajaku_noma-525x700.jpg 525w\" sizes=\"(max-width: 600px) 100vw, 600px\" \/><figcaption class=\"wp-element-caption\">Kajaku noma J\u016brmalas laivas<\/figcaption><\/figure>\n\n\n\n<figure class=\"wp-block-image size-large\"><img decoding=\"async\" width=\"956\" height=\"2023\" data-id=\"39292\" src=\"https:\/\/www.waterskis.lv\/wp-content\/uploads\/2022\/04\/kajaku-noma1.jpg\" alt=\"\" class=\"wp-image-39292\" srcset=\"https:\/\/www.waterskis.lv\/wp-content\/uploads\/2022\/04\/kajaku-noma1.jpg 956w, https:\/\/www.waterskis.lv\/wp-content\/uploads\/2022\/04\/kajaku-noma1-600x1270.jpg 600w, https:\/\/www.waterskis.lv\/wp-content\/uploads\/2022\/04\/kajaku-noma1-142x300.jpg 142w, https:\/\/www.waterskis.lv\/wp-content\/uploads\/2022\/04\/kajaku-noma1-331x700.jpg 331w, https:\/\/www.waterskis.lv\/wp-content\/uploads\/2022\/04\/kajaku-noma1-768x1625.jpg 768w, https:\/\/www.waterskis.lv\/wp-content\/uploads\/2022\/04\/kajaku-noma1-726x1536.jpg 726w\" sizes=\"(max-width: 956px) 100vw, 956px\" \/><figcaption class=\"wp-element-caption\">Boating routes<\/figcaption><\/figure>\n<\/figure>\n","protected":false},"excerpt":{"rendered":"<p>Kayak rental in Jurmala. Individual and group trips. Boating routes along the Lielupe, Bu\u013c\u013cupe rivers, Gulf of Riga. Kayak rental Reservation: Mob.: +371 28067676E-mail: info@waterskis.lv Prices EUR Title 1 h 2 h 3 h Kayak single 7 8 13 Kayak Tandem 8 10 18 Kayak triple 10 12 20 Waterproof bag 2 2 2 Boat [&#8230;]<\/p>\n<p><a class=\"btn btn-secondary understrap-read-more-link\" href=\"https:\/\/www.waterskis.lv\/en\/kayak-rental\/\">Read More&#8230;<\/a><\/p>\n","protected":false},"author":6,"featured_media":10761,"parent":0,"menu_order":4,"comment_status":"closed","ping_status":"closed","template":"","meta":{"_acf_changed":false,"inline_featured_image":false,"footnotes":""},"class_list":["post-4651","page","type-page","status-publish","has-post-thumbnail","hentry"],"acf":[],"yoast_head":"<!-- This site is optimized with the Yoast SEO plugin v27.3 - https:\/\/yoast.com\/product\/yoast-seo-wordpress\/ -->\n<title>Kayak rental - WATERSKIS.LV<\/title>\n<meta name=\"description\" content=\"Kayak rental in Jurmala. Individual and group trips. Boating routes along the Lielupe, Bu\u013c\u013cupe rivers, Gulf of Riga.\" \/>\n<meta name=\"robots\" content=\"index, follow, max-snippet:-1, max-image-preview:large, max-video-preview:-1\" \/>\n<link rel=\"canonical\" href=\"https:\/\/www.waterskis.lv\/en\/kayak-rental\/\" \/>\n<meta property=\"og:locale\" content=\"en_US\" \/>\n<meta property=\"og:type\" content=\"article\" \/>\n<meta property=\"og:title\" content=\"Paddle boat &amp; kayak hire at Jurmala\" \/>\n<meta property=\"og:description\" content=\"Paddle boat &amp; kayak hire at Jurmala. Rent a outboard engines, kayaks, canoe, SUP boards, pedal boats etc. for leisure and fishing. Boat shop &amp; renta\" \/>\n<meta property=\"og:url\" content=\"https:\/\/www.waterskis.lv\/en\/kayak-rental\/\" \/>\n<meta property=\"og:site_name\" content=\"WATERSKIS.LV\" \/>\n<meta property=\"article:publisher\" content=\"https:\/\/www.facebook.com\/jurmalawaterskiwakeboardpark\/\" \/>\n<meta property=\"article:modified_time\" content=\"2026-04-02T07:39:06+00:00\" \/>\n<meta property=\"og:image\" content=\"https:\/\/www.waterskis.lv\/wp-content\/uploads\/2020\/05\/Laivas.jpg\" \/>\n\t<meta property=\"og:image:width\" content=\"1548\" \/>\n\t<meta property=\"og:image:height\" content=\"871\" \/>\n\t<meta property=\"og:image:type\" content=\"image\/jpeg\" \/>\n<meta name=\"twitter:card\" content=\"summary_large_image\" \/>\n<meta name=\"twitter:title\" content=\"Paddle boat &amp; kayak hire at Jurmala\" \/>\n<meta name=\"twitter:description\" content=\"Paddle boat &amp; kayak hire at Jurmala. Rent a outboard engines, kayaks, canoe, SUP boards, pedal boats etc. for leisure and fishing. Boat shop &amp; renta\" \/>\n<meta name=\"twitter:image\" content=\"https:\/\/www.waterskis.lv\/wp-content\/uploads\/2020\/05\/Laivas.jpg\" \/>\n<meta name=\"twitter:label1\" content=\"Est. reading time\" \/>\n\t<meta name=\"twitter:data1\" content=\"2 minutes\" \/>\n<script type=\"application\/ld+json\" class=\"yoast-schema-graph\">{\"@context\":\"https:\\\/\\\/schema.org\",\"@graph\":[{\"@type\":\"WebPage\",\"@id\":\"https:\\\/\\\/www.waterskis.lv\\\/en\\\/kayak-rental\\\/\",\"url\":\"https:\\\/\\\/www.waterskis.lv\\\/en\\\/kayak-rental\\\/\",\"name\":\"Kayak rental - WATERSKIS.LV\",\"isPartOf\":{\"@id\":\"https:\\\/\\\/www.waterskis.lv\\\/en\\\/#website\"},\"primaryImageOfPage\":{\"@id\":\"https:\\\/\\\/www.waterskis.lv\\\/en\\\/kayak-rental\\\/#primaryimage\"},\"image\":{\"@id\":\"https:\\\/\\\/www.waterskis.lv\\\/en\\\/kayak-rental\\\/#primaryimage\"},\"thumbnailUrl\":\"https:\\\/\\\/www.waterskis.lv\\\/wp-content\\\/uploads\\\/2019\\\/03\\\/LAIVU-NOMA-1.jpg\",\"datePublished\":\"2014-12-06T14:54:17+00:00\",\"dateModified\":\"2026-04-02T07:39:06+00:00\",\"description\":\"Kayak rental in Jurmala. Individual and group trips. Boating routes along the Lielupe, Bu\u013c\u013cupe rivers, Gulf of Riga.\",\"breadcrumb\":{\"@id\":\"https:\\\/\\\/www.waterskis.lv\\\/en\\\/kayak-rental\\\/#breadcrumb\"},\"inLanguage\":\"en-US\",\"potentialAction\":[{\"@type\":\"ReadAction\",\"target\":[\"https:\\\/\\\/www.waterskis.lv\\\/en\\\/kayak-rental\\\/\"]}]},{\"@type\":\"ImageObject\",\"inLanguage\":\"en-US\",\"@id\":\"https:\\\/\\\/www.waterskis.lv\\\/en\\\/kayak-rental\\\/#primaryimage\",\"url\":\"https:\\\/\\\/www.waterskis.lv\\\/wp-content\\\/uploads\\\/2019\\\/03\\\/LAIVU-NOMA-1.jpg\",\"contentUrl\":\"https:\\\/\\\/www.waterskis.lv\\\/wp-content\\\/uploads\\\/2019\\\/03\\\/LAIVU-NOMA-1.jpg\",\"width\":355,\"height\":237,\"caption\":\"Kajaku noma\"},{\"@type\":\"BreadcrumbList\",\"@id\":\"https:\\\/\\\/www.waterskis.lv\\\/en\\\/kayak-rental\\\/#breadcrumb\",\"itemListElement\":[{\"@type\":\"ListItem\",\"position\":1,\"name\":\"Home\",\"item\":\"https:\\\/\\\/www.waterskis.lv\\\/en\\\/\"},{\"@type\":\"ListItem\",\"position\":2,\"name\":\"Kayak rental\"}]},{\"@type\":\"WebSite\",\"@id\":\"https:\\\/\\\/www.waterskis.lv\\\/en\\\/#website\",\"url\":\"https:\\\/\\\/www.waterskis.lv\\\/en\\\/\",\"name\":\"WATERSKIS.LV\",\"description\":\"SUP d\u0113\u013ci, kajaki, kanoe, airu laivas, \u016bdenssl\u0113po\u0161ana, veikbords, SUP d\u0113\u013cu noma, kajaku nomaakt\u012bv\u0101s atp\u016btas centrs, laivu noma, sup noma, kajaku noma\",\"publisher\":{\"@id\":\"https:\\\/\\\/www.waterskis.lv\\\/en\\\/#organization\"},\"potentialAction\":[{\"@type\":\"SearchAction\",\"target\":{\"@type\":\"EntryPoint\",\"urlTemplate\":\"https:\\\/\\\/www.waterskis.lv\\\/en\\\/?s={search_term_string}\"},\"query-input\":{\"@type\":\"PropertyValueSpecification\",\"valueRequired\":true,\"valueName\":\"search_term_string\"}}],\"inLanguage\":\"en-US\"},{\"@type\":\"Organization\",\"@id\":\"https:\\\/\\\/www.waterskis.lv\\\/en\\\/#organization\",\"name\":\"WATERSKIS.LV\",\"url\":\"https:\\\/\\\/www.waterskis.lv\\\/en\\\/\",\"logo\":{\"@type\":\"ImageObject\",\"inLanguage\":\"en-US\",\"@id\":\"https:\\\/\\\/www.waterskis.lv\\\/en\\\/#\\\/schema\\\/logo\\\/image\\\/\",\"url\":\"https:\\\/\\\/www.waterskis.lv\\\/wp-content\\\/uploads\\\/2025\\\/01\\\/JUVP-logo.png\",\"contentUrl\":\"https:\\\/\\\/www.waterskis.lv\\\/wp-content\\\/uploads\\\/2025\\\/01\\\/JUVP-logo.png\",\"width\":421,\"height\":202,\"caption\":\"WATERSKIS.LV\"},\"image\":{\"@id\":\"https:\\\/\\\/www.waterskis.lv\\\/en\\\/#\\\/schema\\\/logo\\\/image\\\/\"},\"sameAs\":[\"https:\\\/\\\/www.facebook.com\\\/jurmalawaterskiwakeboardpark\\\/\"]}]}<\/script>\n<!-- \/ Yoast SEO plugin. -->","yoast_head_json":{"title":"Kayak rental - WATERSKIS.LV","description":"Kayak rental in Jurmala. Individual and group trips. Boating routes along the Lielupe, Bu\u013c\u013cupe rivers, Gulf of Riga.","robots":{"index":"index","follow":"follow","max-snippet":"max-snippet:-1","max-image-preview":"max-image-preview:large","max-video-preview":"max-video-preview:-1"},"canonical":"https:\/\/www.waterskis.lv\/en\/kayak-rental\/","og_locale":"en_US","og_type":"article","og_title":"Paddle boat & kayak hire at Jurmala","og_description":"Paddle boat & kayak hire at Jurmala. Rent a outboard engines, kayaks, canoe, SUP boards, pedal boats etc. for leisure and fishing. Boat shop & renta","og_url":"https:\/\/www.waterskis.lv\/en\/kayak-rental\/","og_site_name":"WATERSKIS.LV","article_publisher":"https:\/\/www.facebook.com\/jurmalawaterskiwakeboardpark\/","article_modified_time":"2026-04-02T07:39:06+00:00","og_image":[{"width":1548,"height":871,"url":"https:\/\/www.waterskis.lv\/wp-content\/uploads\/2020\/05\/Laivas.jpg","type":"image\/jpeg"}],"twitter_card":"summary_large_image","twitter_title":"Paddle boat & kayak hire at Jurmala","twitter_description":"Paddle boat & kayak hire at Jurmala. Rent a outboard engines, kayaks, canoe, SUP boards, pedal boats etc. for leisure and fishing. Boat shop & renta","twitter_image":"https:\/\/www.waterskis.lv\/wp-content\/uploads\/2020\/05\/Laivas.jpg","twitter_misc":{"Est. reading time":"2 minutes"},"schema":{"@context":"https:\/\/schema.org","@graph":[{"@type":"WebPage","@id":"https:\/\/www.waterskis.lv\/en\/kayak-rental\/","url":"https:\/\/www.waterskis.lv\/en\/kayak-rental\/","name":"Kayak rental - WATERSKIS.LV","isPartOf":{"@id":"https:\/\/www.waterskis.lv\/en\/#website"},"primaryImageOfPage":{"@id":"https:\/\/www.waterskis.lv\/en\/kayak-rental\/#primaryimage"},"image":{"@id":"https:\/\/www.waterskis.lv\/en\/kayak-rental\/#primaryimage"},"thumbnailUrl":"https:\/\/www.waterskis.lv\/wp-content\/uploads\/2019\/03\/LAIVU-NOMA-1.jpg","datePublished":"2014-12-06T14:54:17+00:00","dateModified":"2026-04-02T07:39:06+00:00","description":"Kayak rental in Jurmala. Individual and group trips. Boating routes along the Lielupe, Bu\u013c\u013cupe rivers, Gulf of Riga.","breadcrumb":{"@id":"https:\/\/www.waterskis.lv\/en\/kayak-rental\/#breadcrumb"},"inLanguage":"en-US","potentialAction":[{"@type":"ReadAction","target":["https:\/\/www.waterskis.lv\/en\/kayak-rental\/"]}]},{"@type":"ImageObject","inLanguage":"en-US","@id":"https:\/\/www.waterskis.lv\/en\/kayak-rental\/#primaryimage","url":"https:\/\/www.waterskis.lv\/wp-content\/uploads\/2019\/03\/LAIVU-NOMA-1.jpg","contentUrl":"https:\/\/www.waterskis.lv\/wp-content\/uploads\/2019\/03\/LAIVU-NOMA-1.jpg","width":355,"height":237,"caption":"Kajaku noma"},{"@type":"BreadcrumbList","@id":"https:\/\/www.waterskis.lv\/en\/kayak-rental\/#breadcrumb","itemListElement":[{"@type":"ListItem","position":1,"name":"Home","item":"https:\/\/www.waterskis.lv\/en\/"},{"@type":"ListItem","position":2,"name":"Kayak rental"}]},{"@type":"WebSite","@id":"https:\/\/www.waterskis.lv\/en\/#website","url":"https:\/\/www.waterskis.lv\/en\/","name":"WATERSKIS.LV","description":"SUP d\u0113\u013ci, kajaki, kanoe, airu laivas, \u016bdenssl\u0113po\u0161ana, veikbords, SUP d\u0113\u013cu noma, kajaku nomaakt\u012bv\u0101s atp\u016btas centrs, laivu noma, sup noma, kajaku noma","publisher":{"@id":"https:\/\/www.waterskis.lv\/en\/#organization"},"potentialAction":[{"@type":"SearchAction","target":{"@type":"EntryPoint","urlTemplate":"https:\/\/www.waterskis.lv\/en\/?s={search_term_string}"},"query-input":{"@type":"PropertyValueSpecification","valueRequired":true,"valueName":"search_term_string"}}],"inLanguage":"en-US"},{"@type":"Organization","@id":"https:\/\/www.waterskis.lv\/en\/#organization","name":"WATERSKIS.LV","url":"https:\/\/www.waterskis.lv\/en\/","logo":{"@type":"ImageObject","inLanguage":"en-US","@id":"https:\/\/www.waterskis.lv\/en\/#\/schema\/logo\/image\/","url":"https:\/\/www.waterskis.lv\/wp-content\/uploads\/2025\/01\/JUVP-logo.png","contentUrl":"https:\/\/www.waterskis.lv\/wp-content\/uploads\/2025\/01\/JUVP-logo.png","width":421,"height":202,"caption":"WATERSKIS.LV"},"image":{"@id":"https:\/\/www.waterskis.lv\/en\/#\/schema\/logo\/image\/"},"sameAs":["https:\/\/www.facebook.com\/jurmalawaterskiwakeboardpark\/"]}]}},"_links":{"self":[{"href":"https:\/\/www.waterskis.lv\/en\/wp-json\/wp\/v2\/pages\/4651","targetHints":{"allow":["GET"]}}],"collection":[{"href":"https:\/\/www.waterskis.lv\/en\/wp-json\/wp\/v2\/pages"}],"about":[{"href":"https:\/\/www.waterskis.lv\/en\/wp-json\/wp\/v2\/types\/page"}],"author":[{"embeddable":true,"href":"https:\/\/www.waterskis.lv\/en\/wp-json\/wp\/v2\/users\/6"}],"replies":[{"embeddable":true,"href":"https:\/\/www.waterskis.lv\/en\/wp-json\/wp\/v2\/comments?post=4651"}],"version-history":[{"count":5,"href":"https:\/\/www.waterskis.lv\/en\/wp-json\/wp\/v2\/pages\/4651\/revisions"}],"predecessor-version":[{"id":72921,"href":"https:\/\/www.waterskis.lv\/en\/wp-json\/wp\/v2\/pages\/4651\/revisions\/72921"}],"wp:featuredmedia":[{"embeddable":true,"href":"https:\/\/www.waterskis.lv\/en\/wp-json\/wp\/v2\/media\/10761"}],"wp:attachment":[{"href":"https:\/\/www.waterskis.lv\/en\/wp-json\/wp\/v2\/media?parent=4651"}],"curies":[{"name":"wp","href":"https:\/\/api.w.org\/{rel}","templated":true}]}}