{"id":4655,"date":"2016-12-20T11:07:19","date_gmt":"2016-12-20T08:07:19","guid":{"rendered":"http:\/\/www.waterskis.lv\/korporativie-pasakumi-nometnes\/"},"modified":"2024-07-16T10:49:12","modified_gmt":"2024-07-16T07:49:12","slug":"corporate-events","status":"publish","type":"page","link":"https:\/\/www.waterskis.lv\/en\/corporate-events\/","title":{"rendered":"Corporate events"},"content":{"rendered":"\n<div class=\"wp-block-columns has-2-columns is-layout-flex wp-container-core-columns-is-layout-9d6595d7 wp-block-columns-is-layout-flex\">\n<div class=\"wp-block-column is-layout-flow wp-block-column-is-layout-flow\">\n<h5 class=\"wp-block-heading\">Corporate events, sport games, consolidation events, bachelors parties, children and family activities at Jurmala   <\/h5>\n\n\n\n<h2 class=\"wp-block-heading\">Our offer<\/h2>\n\n\n\n<ul class=\"wp-block-list\">\n<li>Picnic places<\/li>\n\n\n\n<li>tent 5 x 18 m<\/li>\n\n\n\n<li>Fire place, BBQ, pot for cooking a soup on fire<\/li>\n\n\n\n<li>Electricity<\/li>\n\n\n\n<li>Paddle boats, kayaks, SUP boards, fishing places<\/li>\n\n\n\n<li>Waterskiing and wakeboarding behind the boat<\/li>\n\n\n\n<li>Cable wakeboarding<\/li>\n\n\n\n<li>Towable tubes and floats<\/li>\n\n\n\n<li>Motorboat sightseeing excursions<\/li>\n\n\n\n<li>Water taxi to other rivers coast to campings <a href=\"http:\/\/www.kempingsjurmala.lv\">www.kempingsjurmala.lv<\/a>; <a href=\"http:\/\/www.portomarine.lv\">www.portomarine.lv<\/a><\/li>\n\n\n\n<li>consolidation games and events<\/li>\n\n\n\n<li>Great place for sports and leisure camps<\/li>\n<\/ul>\n\n\n\n<h2 class=\"wp-block-heading\">Reservation:<\/h2>\n\n\n\n<p>Mob.: <a href=\"tel:+37128067676\">+371 28067676<\/a><br \/>E-mail: <a href=\"info@waterskis.lv\">info@waterskis.lv<\/a><\/p>\n<\/div>\n\n\n\n<div class=\"wp-block-column is-layout-flow wp-block-column-is-layout-flow\">\n<h2 class=\"wp-block-heading\">Reserve<\/h2>\n\n\n\n<div class=\"wpcf7 no-js\" id=\"wpcf7-f9631-o1\" lang=\"lv-LV\" dir=\"ltr\" data-wpcf7-id=\"9631\">\n<div class=\"screen-reader-response\"><p role=\"status\" aria-live=\"polite\" aria-atomic=\"true\"><\/p> <ul><\/ul><\/div>\n<form action=\"\/en\/wp-json\/wp\/v2\/pages\/4655#wpcf7-f9631-o1\" method=\"post\" class=\"wpcf7-form init\" aria-label=\"Contact form\" novalidate=\"novalidate\" data-status=\"init\">\n<fieldset class=\"hidden-fields-container\"><input type=\"hidden\" name=\"_wpcf7\" value=\"9631\" \/><input type=\"hidden\" name=\"_wpcf7_version\" value=\"6.1.5\" \/><input type=\"hidden\" name=\"_wpcf7_locale\" value=\"lv_LV\" \/><input type=\"hidden\" name=\"_wpcf7_unit_tag\" value=\"wpcf7-f9631-o1\" \/><input type=\"hidden\" name=\"_wpcf7_container_post\" value=\"0\" \/><input type=\"hidden\" name=\"_wpcf7_posted_data_hash\" value=\"\" \/><input type=\"hidden\" name=\"_wpcf7_recaptcha_response\" value=\"\" \/>\n<\/fieldset>\n<p><span class=\"wpcf7-form-control-wrap\" data-name=\"your-name\"><input size=\"40\" maxlength=\"400\" class=\"wpcf7-form-control wpcf7-text wpcf7-validates-as-required\" aria-required=\"true\" aria-invalid=\"false\" placeholder=\"Name\" value=\"\" type=\"text\" name=\"your-name\" \/><\/span>\n<\/p>\n<p><span class=\"wpcf7-form-control-wrap\" data-name=\"your-email\"><input size=\"40\" maxlength=\"400\" class=\"wpcf7-form-control wpcf7-email wpcf7-validates-as-required wpcf7-text wpcf7-validates-as-email\" aria-required=\"true\" aria-invalid=\"false\" placeholder=\"E-mail\" value=\"\" type=\"email\" name=\"your-email\" \/><\/span>\n<\/p>\n<p><span class=\"wpcf7-form-control-wrap\" data-name=\"tel\"><input size=\"40\" maxlength=\"400\" class=\"wpcf7-form-control wpcf7-tel wpcf7-validates-as-required wpcf7-text wpcf7-validates-as-tel\" aria-required=\"true\" aria-invalid=\"false\" placeholder=\"Phone\" value=\"\" type=\"tel\" name=\"tel\" \/><\/span>\n<\/p>\n<p><span class=\"wpcf7-form-control-wrap\" data-name=\"datums\"><input class=\"wpcf7-form-control wpcf7-date wpcf7-validates-as-required wpcf7-validates-as-date\" aria-required=\"true\" aria-invalid=\"false\" value=\"\" type=\"date\" name=\"datums\" \/><\/span>\n<\/p>\n<p><span class=\"wpcf7-form-control-wrap\" data-name=\"laiks\"><input size=\"40\" maxlength=\"400\" class=\"wpcf7-form-control wpcf7-text wpcf7-validates-as-required\" aria-required=\"true\" aria-invalid=\"false\" placeholder=\"Time\" value=\"\" type=\"text\" name=\"laiks\" \/><\/span>\n<\/p>\n<p><span class=\"wpcf7-form-control-wrap\" data-name=\"your-message\"><textarea cols=\"40\" rows=\"10\" maxlength=\"2000\" class=\"wpcf7-form-control wpcf7-textarea\" aria-invalid=\"false\" placeholder=\"Message\" name=\"your-message\"><\/textarea><\/span><br \/>\n<span class=\"wpcf7-form-control-wrap\" data-name=\"acceptance-153\"><span class=\"wpcf7-form-control wpcf7-acceptance\"><span class=\"wpcf7-list-item\"><label><input type=\"checkbox\" name=\"acceptance-153\" value=\"1\" aria-invalid=\"false\" \/><span class=\"wpcf7-list-item-label\">By submitting this application, I have read the <a href=\"\/lietosanas-noteikumi\" target=\"_blank\">Terms of Use<\/a> and the <a href=\"\/ieksejas-kartibas-noteikumi\" target=\"_blank\">Internal Rules<\/a>. The reservation is valid only after confirmation email from J\u016brmalas \u016bdenssl\u0113posanas un veikborda parks.<\/span><\/label><\/span><\/span><\/span>\n<\/p>\n<p><input class=\"wpcf7-form-control wpcf7-submit has-spinner\" type=\"submit\" value=\"SUBMIT\" \/>\n<\/p><div class=\"wpcf7-response-output\" aria-hidden=\"true\"><\/div>\n<\/form>\n<\/div>\n\n<\/div>\n<\/div>\n","protected":false},"excerpt":{"rendered":"<p>Corporate events, sport games, consolidation events, bachelors parties, children and family activities at Jurmala Our offer Reservation: Mob.: +371 28067676E-mail: info@waterskis.lv Reserve [&#8230;]<\/p>\n<p><a class=\"btn btn-secondary understrap-read-more-link\" href=\"https:\/\/www.waterskis.lv\/en\/corporate-events\/\">Read More&#8230;<\/a><\/p>\n","protected":false},"author":6,"featured_media":40909,"parent":0,"menu_order":0,"comment_status":"closed","ping_status":"closed","template":"","meta":{"_acf_changed":false,"inline_featured_image":false,"footnotes":""},"class_list":["post-4655","page","type-page","status-publish","has-post-thumbnail","hentry"],"acf":[],"yoast_head":"<!-- This site is optimized with the Yoast SEO plugin v27.4 - https:\/\/yoast.com\/product\/yoast-seo-wordpress\/ -->\n<title>Corporate events - WATERSKIS.LV<\/title>\n<meta name=\"description\" content=\"Corporate events, sport games, consolidation events, bachelors parties, children and family activities at Jurmala waterski &amp; wakeboard park\" \/>\n<meta name=\"robots\" content=\"index, follow, max-snippet:-1, max-image-preview:large, max-video-preview:-1\" \/>\n<link rel=\"canonical\" href=\"https:\/\/www.waterskis.lv\/en\/corporate-events\/\" \/>\n<meta property=\"og:locale\" content=\"en_US\" \/>\n<meta property=\"og:type\" content=\"article\" \/>\n<meta property=\"og:title\" content=\"Corporate events at Jurmala\" \/>\n<meta property=\"og:description\" content=\"Corporate events, sport games, consolidation events, bachelors parties, children and family activities at Jurmala waterski &amp; wakeboard park\" \/>\n<meta property=\"og:url\" content=\"https:\/\/www.waterskis.lv\/en\/corporate-events\/\" \/>\n<meta property=\"og:site_name\" content=\"WATERSKIS.LV\" \/>\n<meta property=\"article:publisher\" content=\"https:\/\/www.facebook.com\/jurmalawaterskiwakeboardpark\/\" \/>\n<meta property=\"article:modified_time\" content=\"2024-07-16T07:49:12+00:00\" \/>\n<meta property=\"og:image\" content=\"https:\/\/www.waterskis.lv\/wp-content\/uploads\/2016\/12\/koorp_4.jpg\" \/>\n\t<meta property=\"og:image:width\" content=\"1024\" \/>\n\t<meta property=\"og:image:height\" content=\"768\" \/>\n\t<meta property=\"og:image:type\" content=\"image\/jpeg\" \/>\n<meta name=\"twitter:card\" content=\"summary_large_image\" \/>\n<meta name=\"twitter:title\" content=\"Corporate events at Jurmala\" \/>\n<meta name=\"twitter:description\" content=\"Corporate &amp; consolidation events, bachelors parties, children and family activities at Jurmala. SUP boards, kayaks, paddle boats, wakeboarding\" \/>\n<meta name=\"twitter:image\" content=\"https:\/\/www.waterskis.lv\/wp-content\/uploads\/2016\/12\/koorp_4.jpg\" \/>\n<meta name=\"twitter:label1\" content=\"Est. reading time\" \/>\n\t<meta name=\"twitter:data1\" content=\"1 minute\" \/>\n<script type=\"application\/ld+json\" class=\"yoast-schema-graph\">{\"@context\":\"https:\\\/\\\/schema.org\",\"@graph\":[{\"@type\":\"WebPage\",\"@id\":\"https:\\\/\\\/www.waterskis.lv\\\/en\\\/corporate-events\\\/\",\"url\":\"https:\\\/\\\/www.waterskis.lv\\\/en\\\/corporate-events\\\/\",\"name\":\"Corporate events - WATERSKIS.LV\",\"isPartOf\":{\"@id\":\"https:\\\/\\\/www.waterskis.lv\\\/en\\\/#website\"},\"primaryImageOfPage\":{\"@id\":\"https:\\\/\\\/www.waterskis.lv\\\/en\\\/corporate-events\\\/#primaryimage\"},\"image\":{\"@id\":\"https:\\\/\\\/www.waterskis.lv\\\/en\\\/corporate-events\\\/#primaryimage\"},\"thumbnailUrl\":\"https:\\\/\\\/www.waterskis.lv\\\/wp-content\\\/uploads\\\/2022\\\/06\\\/Pasakumi-berniem-1.jpg\",\"datePublished\":\"2016-12-20T08:07:19+00:00\",\"dateModified\":\"2024-07-16T07:49:12+00:00\",\"description\":\"Corporate events, sport games, consolidation events, bachelors parties, children and family activities at Jurmala waterski & wakeboard park\",\"breadcrumb\":{\"@id\":\"https:\\\/\\\/www.waterskis.lv\\\/en\\\/corporate-events\\\/#breadcrumb\"},\"inLanguage\":\"en-US\",\"potentialAction\":[{\"@type\":\"ReadAction\",\"target\":[\"https:\\\/\\\/www.waterskis.lv\\\/en\\\/corporate-events\\\/\"]}]},{\"@type\":\"ImageObject\",\"inLanguage\":\"en-US\",\"@id\":\"https:\\\/\\\/www.waterskis.lv\\\/en\\\/corporate-events\\\/#primaryimage\",\"url\":\"https:\\\/\\\/www.waterskis.lv\\\/wp-content\\\/uploads\\\/2022\\\/06\\\/Pasakumi-berniem-1.jpg\",\"contentUrl\":\"https:\\\/\\\/www.waterskis.lv\\\/wp-content\\\/uploads\\\/2022\\\/06\\\/Pasakumi-berniem-1.jpg\",\"width\":2103,\"height\":1611,\"caption\":\"Dienas nometnes\"},{\"@type\":\"BreadcrumbList\",\"@id\":\"https:\\\/\\\/www.waterskis.lv\\\/en\\\/corporate-events\\\/#breadcrumb\",\"itemListElement\":[{\"@type\":\"ListItem\",\"position\":1,\"name\":\"Home\",\"item\":\"https:\\\/\\\/www.waterskis.lv\\\/en\\\/\"},{\"@type\":\"ListItem\",\"position\":2,\"name\":\"Corporate events\"}]},{\"@type\":\"WebSite\",\"@id\":\"https:\\\/\\\/www.waterskis.lv\\\/en\\\/#website\",\"url\":\"https:\\\/\\\/www.waterskis.lv\\\/en\\\/\",\"name\":\"WATERSKIS.LV\",\"description\":\"SUP d\u0113\u013ci, kajaki, kanoe, airu laivas, \u016bdenssl\u0113po\u0161ana, veikbords, SUP d\u0113\u013cu noma, kajaku nomaakt\u012bv\u0101s atp\u016btas centrs, laivu noma, sup noma, kajaku noma\",\"publisher\":{\"@id\":\"https:\\\/\\\/www.waterskis.lv\\\/en\\\/#organization\"},\"potentialAction\":[{\"@type\":\"SearchAction\",\"target\":{\"@type\":\"EntryPoint\",\"urlTemplate\":\"https:\\\/\\\/www.waterskis.lv\\\/en\\\/?s={search_term_string}\"},\"query-input\":{\"@type\":\"PropertyValueSpecification\",\"valueRequired\":true,\"valueName\":\"search_term_string\"}}],\"inLanguage\":\"en-US\"},{\"@type\":\"Organization\",\"@id\":\"https:\\\/\\\/www.waterskis.lv\\\/en\\\/#organization\",\"name\":\"WATERSKIS.LV\",\"url\":\"https:\\\/\\\/www.waterskis.lv\\\/en\\\/\",\"logo\":{\"@type\":\"ImageObject\",\"inLanguage\":\"en-US\",\"@id\":\"https:\\\/\\\/www.waterskis.lv\\\/en\\\/#\\\/schema\\\/logo\\\/image\\\/\",\"url\":\"https:\\\/\\\/www.waterskis.lv\\\/wp-content\\\/uploads\\\/2025\\\/01\\\/JUVP-logo.png\",\"contentUrl\":\"https:\\\/\\\/www.waterskis.lv\\\/wp-content\\\/uploads\\\/2025\\\/01\\\/JUVP-logo.png\",\"width\":421,\"height\":202,\"caption\":\"WATERSKIS.LV\"},\"image\":{\"@id\":\"https:\\\/\\\/www.waterskis.lv\\\/en\\\/#\\\/schema\\\/logo\\\/image\\\/\"},\"sameAs\":[\"https:\\\/\\\/www.facebook.com\\\/jurmalawaterskiwakeboardpark\\\/\"]}]}<\/script>\n<!-- \/ Yoast SEO plugin. -->","yoast_head_json":{"title":"Corporate events - WATERSKIS.LV","description":"Corporate events, sport games, consolidation events, bachelors parties, children and family activities at Jurmala waterski & wakeboard park","robots":{"index":"index","follow":"follow","max-snippet":"max-snippet:-1","max-image-preview":"max-image-preview:large","max-video-preview":"max-video-preview:-1"},"canonical":"https:\/\/www.waterskis.lv\/en\/corporate-events\/","og_locale":"en_US","og_type":"article","og_title":"Corporate events at Jurmala","og_description":"Corporate events, sport games, consolidation events, bachelors parties, children and family activities at Jurmala waterski & wakeboard park","og_url":"https:\/\/www.waterskis.lv\/en\/corporate-events\/","og_site_name":"WATERSKIS.LV","article_publisher":"https:\/\/www.facebook.com\/jurmalawaterskiwakeboardpark\/","article_modified_time":"2024-07-16T07:49:12+00:00","og_image":[{"width":1024,"height":768,"url":"https:\/\/www.waterskis.lv\/wp-content\/uploads\/2016\/12\/koorp_4.jpg","type":"image\/jpeg"}],"twitter_card":"summary_large_image","twitter_title":"Corporate events at Jurmala","twitter_description":"Corporate & consolidation events, bachelors parties, children and family activities at Jurmala. SUP boards, kayaks, paddle boats, wakeboarding","twitter_image":"https:\/\/www.waterskis.lv\/wp-content\/uploads\/2016\/12\/koorp_4.jpg","twitter_misc":{"Est. reading time":"1 minute"},"schema":{"@context":"https:\/\/schema.org","@graph":[{"@type":"WebPage","@id":"https:\/\/www.waterskis.lv\/en\/corporate-events\/","url":"https:\/\/www.waterskis.lv\/en\/corporate-events\/","name":"Corporate events - WATERSKIS.LV","isPartOf":{"@id":"https:\/\/www.waterskis.lv\/en\/#website"},"primaryImageOfPage":{"@id":"https:\/\/www.waterskis.lv\/en\/corporate-events\/#primaryimage"},"image":{"@id":"https:\/\/www.waterskis.lv\/en\/corporate-events\/#primaryimage"},"thumbnailUrl":"https:\/\/www.waterskis.lv\/wp-content\/uploads\/2022\/06\/Pasakumi-berniem-1.jpg","datePublished":"2016-12-20T08:07:19+00:00","dateModified":"2024-07-16T07:49:12+00:00","description":"Corporate events, sport games, consolidation events, bachelors parties, children and family activities at Jurmala waterski & wakeboard park","breadcrumb":{"@id":"https:\/\/www.waterskis.lv\/en\/corporate-events\/#breadcrumb"},"inLanguage":"en-US","potentialAction":[{"@type":"ReadAction","target":["https:\/\/www.waterskis.lv\/en\/corporate-events\/"]}]},{"@type":"ImageObject","inLanguage":"en-US","@id":"https:\/\/www.waterskis.lv\/en\/corporate-events\/#primaryimage","url":"https:\/\/www.waterskis.lv\/wp-content\/uploads\/2022\/06\/Pasakumi-berniem-1.jpg","contentUrl":"https:\/\/www.waterskis.lv\/wp-content\/uploads\/2022\/06\/Pasakumi-berniem-1.jpg","width":2103,"height":1611,"caption":"Dienas nometnes"},{"@type":"BreadcrumbList","@id":"https:\/\/www.waterskis.lv\/en\/corporate-events\/#breadcrumb","itemListElement":[{"@type":"ListItem","position":1,"name":"Home","item":"https:\/\/www.waterskis.lv\/en\/"},{"@type":"ListItem","position":2,"name":"Corporate events"}]},{"@type":"WebSite","@id":"https:\/\/www.waterskis.lv\/en\/#website","url":"https:\/\/www.waterskis.lv\/en\/","name":"WATERSKIS.LV","description":"SUP d\u0113\u013ci, kajaki, kanoe, airu laivas, \u016bdenssl\u0113po\u0161ana, veikbords, SUP d\u0113\u013cu noma, kajaku nomaakt\u012bv\u0101s atp\u016btas centrs, laivu noma, sup noma, kajaku noma","publisher":{"@id":"https:\/\/www.waterskis.lv\/en\/#organization"},"potentialAction":[{"@type":"SearchAction","target":{"@type":"EntryPoint","urlTemplate":"https:\/\/www.waterskis.lv\/en\/?s={search_term_string}"},"query-input":{"@type":"PropertyValueSpecification","valueRequired":true,"valueName":"search_term_string"}}],"inLanguage":"en-US"},{"@type":"Organization","@id":"https:\/\/www.waterskis.lv\/en\/#organization","name":"WATERSKIS.LV","url":"https:\/\/www.waterskis.lv\/en\/","logo":{"@type":"ImageObject","inLanguage":"en-US","@id":"https:\/\/www.waterskis.lv\/en\/#\/schema\/logo\/image\/","url":"https:\/\/www.waterskis.lv\/wp-content\/uploads\/2025\/01\/JUVP-logo.png","contentUrl":"https:\/\/www.waterskis.lv\/wp-content\/uploads\/2025\/01\/JUVP-logo.png","width":421,"height":202,"caption":"WATERSKIS.LV"},"image":{"@id":"https:\/\/www.waterskis.lv\/en\/#\/schema\/logo\/image\/"},"sameAs":["https:\/\/www.facebook.com\/jurmalawaterskiwakeboardpark\/"]}]}},"_links":{"self":[{"href":"https:\/\/www.waterskis.lv\/en\/wp-json\/wp\/v2\/pages\/4655","targetHints":{"allow":["GET"]}}],"collection":[{"href":"https:\/\/www.waterskis.lv\/en\/wp-json\/wp\/v2\/pages"}],"about":[{"href":"https:\/\/www.waterskis.lv\/en\/wp-json\/wp\/v2\/types\/page"}],"author":[{"embeddable":true,"href":"https:\/\/www.waterskis.lv\/en\/wp-json\/wp\/v2\/users\/6"}],"replies":[{"embeddable":true,"href":"https:\/\/www.waterskis.lv\/en\/wp-json\/wp\/v2\/comments?post=4655"}],"version-history":[{"count":0,"href":"https:\/\/www.waterskis.lv\/en\/wp-json\/wp\/v2\/pages\/4655\/revisions"}],"wp:featuredmedia":[{"embeddable":true,"href":"https:\/\/www.waterskis.lv\/en\/wp-json\/wp\/v2\/media\/40909"}],"wp:attachment":[{"href":"https:\/\/www.waterskis.lv\/en\/wp-json\/wp\/v2\/media?parent=4655"}],"curies":[{"name":"wp","href":"https:\/\/api.w.org\/{rel}","templated":true}]}}