{"id":4659,"date":"2014-12-26T17:46:15","date_gmt":"2014-12-26T14:46:15","guid":{"rendered":"http:\/\/www.waterskis.lv\/kontakti\/"},"modified":"2025-01-19T14:29:44","modified_gmt":"2025-01-19T11:29:44","slug":"contacts","status":"publish","type":"page","link":"https:\/\/www.waterskis.lv\/en\/contacts\/","title":{"rendered":"Contacts"},"content":{"rendered":"\n<div class=\"wp-block-columns has-2-columns is-layout-flex wp-container-core-columns-is-layout-9d6595d7 wp-block-columns-is-layout-flex\">\n<div class=\"wp-block-column is-layout-flow wp-block-column-is-layout-flow\">\n<h2 class=\"wp-block-heading\">Contacts<\/h2>\n\n\n\n<p><strong>Adress<\/strong><\/p>\n\n\n\n<p><a href=\"https:\/\/www.google.com\/maps?ll=56.978843,23.888429&amp;z=15&amp;t=m&amp;hl=en-US&amp;gl=US&amp;mapclient=apiv3&amp;cid=13078197012607617229\" target=\"_blank\" rel=\"noreferrer noopener\">\u201cSmilgas\u201d, Priedaine, Jurmala, LV-2010, Latvia<\/a><br \/><\/p>\n\n\n\n<div class=\"wp-block-button is-style-squared\"><a class=\"wp-block-button__link has-background has-very-dark-gray-background-color\" href=\"https:\/\/www.google.com\/maps?ll=56.978843,23.888429&amp;z=15&amp;t=m&amp;hl=en-US&amp;gl=US&amp;mapclient=apiv3&amp;cid=13078197012607617229\" target=\"_blank\" rel=\"noopener noreferrer\">OPEN GOOGLE MAPS<\/a><\/div>\n\n\n\n<p><strong>Contacts<\/strong><\/p>\n\n\n\n<p>Mob.: <a href=\"tel:37129404905\">+371 2<\/a>8067676<br \/>E-mail: <a href=\"mailto:info@waterskis.lv\">info@waterskis.lv<\/a><\/p>\n\n\n\n<p><strong>Drive by car<\/strong><\/p>\n\n\n\n<p>From Riga center to Jurmala direction by K. Ulma\u0146a street \/ A10. Before Jurmala Bridge turn right to Priedaine direction. Come on Babite Street 1 km till the railway crossroad. Exactly after the railway crossroad turn left on a gravel road. After 500m turn right on an asphalted road and drive till the end.<\/p>\n\n\n\n<p><strong>Public transport<\/strong><\/p>\n\n\n\n<p>By train till railway station Priedaine. Then 12 minutes walk to the site.<br \/><a href=\"https:\/\/www.pv.lv\/lv\/vilcienu-kustibas-saraksti\/\" target=\"_blank\" rel=\"noreferrer noopener\">Skat\u012bt vilcienu sarakstus<\/a><\/p>\n<\/div>\n\n\n\n<div class=\"wp-block-column is-layout-flow wp-block-column-is-layout-flow\">\n<h2 class=\"wp-block-heading\">Write a message<\/h2>\n\n\n\n<div class=\"wpcf7 no-js\" id=\"wpcf7-f9644-o1\" lang=\"lv-LV\" dir=\"ltr\" data-wpcf7-id=\"9644\">\n<div class=\"screen-reader-response\"><p role=\"status\" aria-live=\"polite\" aria-atomic=\"true\"><\/p> <ul><\/ul><\/div>\n<form action=\"\/en\/wp-json\/wp\/v2\/pages\/4659#wpcf7-f9644-o1\" method=\"post\" class=\"wpcf7-form init\" aria-label=\"Contact form\" novalidate=\"novalidate\" data-status=\"init\">\n<fieldset class=\"hidden-fields-container\"><input type=\"hidden\" name=\"_wpcf7\" value=\"9644\" \/><input type=\"hidden\" name=\"_wpcf7_version\" value=\"6.1.5\" \/><input type=\"hidden\" name=\"_wpcf7_locale\" value=\"lv_LV\" \/><input type=\"hidden\" name=\"_wpcf7_unit_tag\" value=\"wpcf7-f9644-o1\" \/><input type=\"hidden\" name=\"_wpcf7_container_post\" value=\"0\" \/><input type=\"hidden\" name=\"_wpcf7_posted_data_hash\" value=\"\" \/><input type=\"hidden\" name=\"_wpcf7_recaptcha_response\" value=\"\" \/>\n<\/fieldset>\n<p><span class=\"wpcf7-form-control-wrap\" data-name=\"your-name\"><input size=\"40\" maxlength=\"400\" class=\"wpcf7-form-control wpcf7-text wpcf7-validates-as-required\" aria-required=\"true\" aria-invalid=\"false\" placeholder=\"Name\" value=\"\" type=\"text\" name=\"your-name\" \/><\/span>\n<\/p>\n<p><span class=\"wpcf7-form-control-wrap\" data-name=\"your-email\"><input size=\"40\" maxlength=\"400\" class=\"wpcf7-form-control wpcf7-email wpcf7-validates-as-required wpcf7-text wpcf7-validates-as-email\" aria-required=\"true\" aria-invalid=\"false\" placeholder=\"E-mail\" value=\"\" type=\"email\" name=\"your-email\" \/><\/span>\n<\/p>\n<p><span class=\"wpcf7-form-control-wrap\" data-name=\"tel\"><input size=\"40\" maxlength=\"400\" class=\"wpcf7-form-control wpcf7-tel wpcf7-validates-as-required wpcf7-text wpcf7-validates-as-tel\" aria-required=\"true\" aria-invalid=\"false\" placeholder=\"Phone\" value=\"\" type=\"tel\" name=\"tel\" \/><\/span>\n<\/p>\n<p><span class=\"wpcf7-form-control-wrap\" data-name=\"your-message\"><textarea cols=\"40\" rows=\"10\" maxlength=\"2000\" class=\"wpcf7-form-control wpcf7-textarea\" aria-invalid=\"false\" placeholder=\"Message\" name=\"your-message\"><\/textarea><\/span><br \/>\n<span class=\"wpcf7-form-control-wrap\" data-name=\"acceptance-153\"><span class=\"wpcf7-form-control wpcf7-acceptance\"><span class=\"wpcf7-list-item\"><label><input type=\"checkbox\" name=\"acceptance-153\" value=\"1\" aria-invalid=\"false\" \/><span class=\"wpcf7-list-item-label\">By submitting this application, I have read the <a href=\"\/lietosanas-noteikumi\" target=\"_blank\">Terms of Use<\/a> and the <a href=\"\/ieksejas-kartibas-noteikumi\" target=\"_blank\">Internal Rules<\/a>.<\/span><\/label><\/span><\/span><\/span>\n<\/p>\n<p><input class=\"wpcf7-form-control wpcf7-submit has-spinner\" type=\"submit\" value=\"SUBMIT\" \/>\n<\/p><div class=\"wpcf7-response-output\" aria-hidden=\"true\"><\/div>\n<\/form>\n<\/div>\n\n<\/div>\n<\/div>\n","protected":false},"excerpt":{"rendered":"<p>Contacts Adress \u201cSmilgas\u201d, Priedaine, Jurmala, LV-2010, Latvia OPEN GOOGLE MAPS Contacts Mob.: +371 28067676E-mail: info@waterskis.lv Drive by car From Riga center to Jurmala direction by K. Ulma\u0146a street \/ A10. Before Jurmala Bridge turn right to Priedaine direction. Come on Babite Street 1 km till the railway crossroad. Exactly after the railway crossroad turn left [&#8230;]<\/p>\n<p><a class=\"btn btn-secondary understrap-read-more-link\" href=\"https:\/\/www.waterskis.lv\/en\/contacts\/\">Read More&#8230;<\/a><\/p>\n","protected":false},"author":6,"featured_media":41436,"parent":0,"menu_order":5,"comment_status":"closed","ping_status":"closed","template":"page-templates\/contacts-main.php","meta":{"_acf_changed":false,"inline_featured_image":false,"footnotes":""},"class_list":["post-4659","page","type-page","status-publish","has-post-thumbnail","hentry"],"acf":[],"yoast_head":"<!-- This site is optimized with the Yoast SEO plugin v27.5 - https:\/\/yoast.com\/product\/yoast-seo-wordpress\/ -->\n<title>Contacts - WATERSKIS.LV<\/title>\n<meta name=\"description\" content=\"Jurmala Waterskiing &amp; Wakeboarding Park&#039;s contacts and location. Just 10 minutes driving from Riga Airport and 20 min. from Riga center\" \/>\n<meta name=\"robots\" content=\"index, follow, max-snippet:-1, max-image-preview:large, max-video-preview:-1\" \/>\n<link rel=\"canonical\" href=\"https:\/\/www.waterskis.lv\/en\/contacts\/\" \/>\n<meta property=\"og:locale\" content=\"en_US\" \/>\n<meta property=\"og:type\" content=\"article\" \/>\n<meta property=\"og:title\" content=\"Contacts - WATERSKIS.LV\" \/>\n<meta property=\"og:description\" content=\"Jurmala Waterskiing &amp; Wakeboarding Park&#039;s contacts and location. Just 10 minutes driving from Riga Airport and 20 min. from Riga center\" \/>\n<meta property=\"og:url\" content=\"https:\/\/www.waterskis.lv\/en\/contacts\/\" \/>\n<meta property=\"og:site_name\" content=\"WATERSKIS.LV\" \/>\n<meta property=\"article:publisher\" content=\"https:\/\/www.facebook.com\/jurmalawaterskiwakeboardpark\/\" \/>\n<meta property=\"article:modified_time\" content=\"2025-01-19T11:29:44+00:00\" \/>\n<meta property=\"og:image\" content=\"https:\/\/www.waterskis.lv\/wp-content\/uploads\/2017\/03\/sky_wake_jurmala_logo_final_28032016.png\" \/>\n\t<meta property=\"og:image:width\" content=\"1080\" \/>\n\t<meta property=\"og:image:height\" content=\"1080\" \/>\n\t<meta property=\"og:image:type\" content=\"image\/png\" \/>\n<meta name=\"twitter:card\" content=\"summary_large_image\" \/>\n<meta name=\"twitter:label1\" content=\"Est. reading time\" \/>\n\t<meta name=\"twitter:data1\" content=\"1 minute\" \/>\n<script type=\"application\/ld+json\" class=\"yoast-schema-graph\">{\"@context\":\"https:\\\/\\\/schema.org\",\"@graph\":[{\"@type\":\"WebPage\",\"@id\":\"https:\\\/\\\/www.waterskis.lv\\\/en\\\/contacts\\\/\",\"url\":\"https:\\\/\\\/www.waterskis.lv\\\/en\\\/contacts\\\/\",\"name\":\"Contacts - WATERSKIS.LV\",\"isPartOf\":{\"@id\":\"https:\\\/\\\/www.waterskis.lv\\\/en\\\/#website\"},\"primaryImageOfPage\":{\"@id\":\"https:\\\/\\\/www.waterskis.lv\\\/en\\\/contacts\\\/#primaryimage\"},\"image\":{\"@id\":\"https:\\\/\\\/www.waterskis.lv\\\/en\\\/contacts\\\/#primaryimage\"},\"thumbnailUrl\":\"https:\\\/\\\/www.waterskis.lv\\\/wp-content\\\/uploads\\\/2017\\\/03\\\/sky_wake_jurmala_logo_final_28032016.png\",\"datePublished\":\"2014-12-26T14:46:15+00:00\",\"dateModified\":\"2025-01-19T11:29:44+00:00\",\"description\":\"Jurmala Waterskiing & Wakeboarding Park's contacts and location. Just 10 minutes driving from Riga Airport and 20 min. from Riga center\",\"breadcrumb\":{\"@id\":\"https:\\\/\\\/www.waterskis.lv\\\/en\\\/contacts\\\/#breadcrumb\"},\"inLanguage\":\"en-US\",\"potentialAction\":[{\"@type\":\"ReadAction\",\"target\":[\"https:\\\/\\\/www.waterskis.lv\\\/en\\\/contacts\\\/\"]}]},{\"@type\":\"ImageObject\",\"inLanguage\":\"en-US\",\"@id\":\"https:\\\/\\\/www.waterskis.lv\\\/en\\\/contacts\\\/#primaryimage\",\"url\":\"https:\\\/\\\/www.waterskis.lv\\\/wp-content\\\/uploads\\\/2017\\\/03\\\/sky_wake_jurmala_logo_final_28032016.png\",\"contentUrl\":\"https:\\\/\\\/www.waterskis.lv\\\/wp-content\\\/uploads\\\/2017\\\/03\\\/sky_wake_jurmala_logo_final_28032016.png\",\"width\":1080,\"height\":1080,\"caption\":\"\u041f\u0430\u0440\u043a \u0432\u043e\u0434\u043d\u044b\u0445 \u043b\u044b\u0436 \u0438 \u0432\u0435\u0439\u043a\u0431\u043e\u0440\u0434\u0438\u043d\u0433\u0430 \u0432 \u042e\u0440\u043c\u0430\u043b\u0435\"},{\"@type\":\"BreadcrumbList\",\"@id\":\"https:\\\/\\\/www.waterskis.lv\\\/en\\\/contacts\\\/#breadcrumb\",\"itemListElement\":[{\"@type\":\"ListItem\",\"position\":1,\"name\":\"Home\",\"item\":\"https:\\\/\\\/www.waterskis.lv\\\/en\\\/\"},{\"@type\":\"ListItem\",\"position\":2,\"name\":\"Contacts\"}]},{\"@type\":\"WebSite\",\"@id\":\"https:\\\/\\\/www.waterskis.lv\\\/en\\\/#website\",\"url\":\"https:\\\/\\\/www.waterskis.lv\\\/en\\\/\",\"name\":\"WATERSKIS.LV\",\"description\":\"SUP d\u0113\u013ci, kajaki, kanoe, airu laivas, \u016bdenssl\u0113po\u0161ana, veikbords, SUP d\u0113\u013cu noma, kajaku nomaakt\u012bv\u0101s atp\u016btas centrs, laivu noma, sup noma, kajaku noma\",\"publisher\":{\"@id\":\"https:\\\/\\\/www.waterskis.lv\\\/en\\\/#organization\"},\"potentialAction\":[{\"@type\":\"SearchAction\",\"target\":{\"@type\":\"EntryPoint\",\"urlTemplate\":\"https:\\\/\\\/www.waterskis.lv\\\/en\\\/?s={search_term_string}\"},\"query-input\":{\"@type\":\"PropertyValueSpecification\",\"valueRequired\":true,\"valueName\":\"search_term_string\"}}],\"inLanguage\":\"en-US\"},{\"@type\":\"Organization\",\"@id\":\"https:\\\/\\\/www.waterskis.lv\\\/en\\\/#organization\",\"name\":\"WATERSKIS.LV\",\"url\":\"https:\\\/\\\/www.waterskis.lv\\\/en\\\/\",\"logo\":{\"@type\":\"ImageObject\",\"inLanguage\":\"en-US\",\"@id\":\"https:\\\/\\\/www.waterskis.lv\\\/en\\\/#\\\/schema\\\/logo\\\/image\\\/\",\"url\":\"https:\\\/\\\/www.waterskis.lv\\\/wp-content\\\/uploads\\\/2025\\\/01\\\/JUVP-logo.png\",\"contentUrl\":\"https:\\\/\\\/www.waterskis.lv\\\/wp-content\\\/uploads\\\/2025\\\/01\\\/JUVP-logo.png\",\"width\":421,\"height\":202,\"caption\":\"WATERSKIS.LV\"},\"image\":{\"@id\":\"https:\\\/\\\/www.waterskis.lv\\\/en\\\/#\\\/schema\\\/logo\\\/image\\\/\"},\"sameAs\":[\"https:\\\/\\\/www.facebook.com\\\/jurmalawaterskiwakeboardpark\\\/\"]}]}<\/script>\n<!-- \/ Yoast SEO plugin. -->","yoast_head_json":{"title":"Contacts - WATERSKIS.LV","description":"Jurmala Waterskiing & Wakeboarding Park's contacts and location. Just 10 minutes driving from Riga Airport and 20 min. from Riga center","robots":{"index":"index","follow":"follow","max-snippet":"max-snippet:-1","max-image-preview":"max-image-preview:large","max-video-preview":"max-video-preview:-1"},"canonical":"https:\/\/www.waterskis.lv\/en\/contacts\/","og_locale":"en_US","og_type":"article","og_title":"Contacts - WATERSKIS.LV","og_description":"Jurmala Waterskiing & Wakeboarding Park's contacts and location. Just 10 minutes driving from Riga Airport and 20 min. from Riga center","og_url":"https:\/\/www.waterskis.lv\/en\/contacts\/","og_site_name":"WATERSKIS.LV","article_publisher":"https:\/\/www.facebook.com\/jurmalawaterskiwakeboardpark\/","article_modified_time":"2025-01-19T11:29:44+00:00","og_image":[{"width":1080,"height":1080,"url":"https:\/\/www.waterskis.lv\/wp-content\/uploads\/2017\/03\/sky_wake_jurmala_logo_final_28032016.png","type":"image\/png"}],"twitter_card":"summary_large_image","twitter_misc":{"Est. reading time":"1 minute"},"schema":{"@context":"https:\/\/schema.org","@graph":[{"@type":"WebPage","@id":"https:\/\/www.waterskis.lv\/en\/contacts\/","url":"https:\/\/www.waterskis.lv\/en\/contacts\/","name":"Contacts - WATERSKIS.LV","isPartOf":{"@id":"https:\/\/www.waterskis.lv\/en\/#website"},"primaryImageOfPage":{"@id":"https:\/\/www.waterskis.lv\/en\/contacts\/#primaryimage"},"image":{"@id":"https:\/\/www.waterskis.lv\/en\/contacts\/#primaryimage"},"thumbnailUrl":"https:\/\/www.waterskis.lv\/wp-content\/uploads\/2017\/03\/sky_wake_jurmala_logo_final_28032016.png","datePublished":"2014-12-26T14:46:15+00:00","dateModified":"2025-01-19T11:29:44+00:00","description":"Jurmala Waterskiing & Wakeboarding Park's contacts and location. Just 10 minutes driving from Riga Airport and 20 min. from Riga center","breadcrumb":{"@id":"https:\/\/www.waterskis.lv\/en\/contacts\/#breadcrumb"},"inLanguage":"en-US","potentialAction":[{"@type":"ReadAction","target":["https:\/\/www.waterskis.lv\/en\/contacts\/"]}]},{"@type":"ImageObject","inLanguage":"en-US","@id":"https:\/\/www.waterskis.lv\/en\/contacts\/#primaryimage","url":"https:\/\/www.waterskis.lv\/wp-content\/uploads\/2017\/03\/sky_wake_jurmala_logo_final_28032016.png","contentUrl":"https:\/\/www.waterskis.lv\/wp-content\/uploads\/2017\/03\/sky_wake_jurmala_logo_final_28032016.png","width":1080,"height":1080,"caption":"\u041f\u0430\u0440\u043a \u0432\u043e\u0434\u043d\u044b\u0445 \u043b\u044b\u0436 \u0438 \u0432\u0435\u0439\u043a\u0431\u043e\u0440\u0434\u0438\u043d\u0433\u0430 \u0432 \u042e\u0440\u043c\u0430\u043b\u0435"},{"@type":"BreadcrumbList","@id":"https:\/\/www.waterskis.lv\/en\/contacts\/#breadcrumb","itemListElement":[{"@type":"ListItem","position":1,"name":"Home","item":"https:\/\/www.waterskis.lv\/en\/"},{"@type":"ListItem","position":2,"name":"Contacts"}]},{"@type":"WebSite","@id":"https:\/\/www.waterskis.lv\/en\/#website","url":"https:\/\/www.waterskis.lv\/en\/","name":"WATERSKIS.LV","description":"SUP d\u0113\u013ci, kajaki, kanoe, airu laivas, \u016bdenssl\u0113po\u0161ana, veikbords, SUP d\u0113\u013cu noma, kajaku nomaakt\u012bv\u0101s atp\u016btas centrs, laivu noma, sup noma, kajaku noma","publisher":{"@id":"https:\/\/www.waterskis.lv\/en\/#organization"},"potentialAction":[{"@type":"SearchAction","target":{"@type":"EntryPoint","urlTemplate":"https:\/\/www.waterskis.lv\/en\/?s={search_term_string}"},"query-input":{"@type":"PropertyValueSpecification","valueRequired":true,"valueName":"search_term_string"}}],"inLanguage":"en-US"},{"@type":"Organization","@id":"https:\/\/www.waterskis.lv\/en\/#organization","name":"WATERSKIS.LV","url":"https:\/\/www.waterskis.lv\/en\/","logo":{"@type":"ImageObject","inLanguage":"en-US","@id":"https:\/\/www.waterskis.lv\/en\/#\/schema\/logo\/image\/","url":"https:\/\/www.waterskis.lv\/wp-content\/uploads\/2025\/01\/JUVP-logo.png","contentUrl":"https:\/\/www.waterskis.lv\/wp-content\/uploads\/2025\/01\/JUVP-logo.png","width":421,"height":202,"caption":"WATERSKIS.LV"},"image":{"@id":"https:\/\/www.waterskis.lv\/en\/#\/schema\/logo\/image\/"},"sameAs":["https:\/\/www.facebook.com\/jurmalawaterskiwakeboardpark\/"]}]}},"_links":{"self":[{"href":"https:\/\/www.waterskis.lv\/en\/wp-json\/wp\/v2\/pages\/4659","targetHints":{"allow":["GET"]}}],"collection":[{"href":"https:\/\/www.waterskis.lv\/en\/wp-json\/wp\/v2\/pages"}],"about":[{"href":"https:\/\/www.waterskis.lv\/en\/wp-json\/wp\/v2\/types\/page"}],"author":[{"embeddable":true,"href":"https:\/\/www.waterskis.lv\/en\/wp-json\/wp\/v2\/users\/6"}],"replies":[{"embeddable":true,"href":"https:\/\/www.waterskis.lv\/en\/wp-json\/wp\/v2\/comments?post=4659"}],"version-history":[{"count":0,"href":"https:\/\/www.waterskis.lv\/en\/wp-json\/wp\/v2\/pages\/4659\/revisions"}],"wp:featuredmedia":[{"embeddable":true,"href":"https:\/\/www.waterskis.lv\/en\/wp-json\/wp\/v2\/media\/41436"}],"wp:attachment":[{"href":"https:\/\/www.waterskis.lv\/en\/wp-json\/wp\/v2\/media?parent=4659"}],"curies":[{"name":"wp","href":"https:\/\/api.w.org\/{rel}","templated":true}]}}