{"id":58783,"date":"2024-03-19T09:26:57","date_gmt":"2024-03-19T06:26:57","guid":{"rendered":"https:\/\/www.waterskis.lv\/zimoli\/"},"modified":"2024-11-28T10:29:48","modified_gmt":"2024-11-28T07:29:48","slug":"brands","status":"publish","type":"page","link":"https:\/\/www.waterskis.lv\/en\/brands\/","title":{"rendered":"BRANDS"},"content":{"rendered":"\n<p>BRANDS. WATERSKIS.LV BRANDS. AQUA MARINA, AMBER SPORTS, AZTRON, BAREFOOT INT, BASE SPORTS, BASTA BOATLIFTS, BRUNOTTI, CONNELLY, CWB, DOUBLE UP, FOLLOW, HO SPORTS, HYPERLITE, LIQUID FORCE, MONSTER TOWER, MYSTIC, POLIFORM, PROLINE, RADAR. RONIX, ROSWELL, SLINGSHOT, SPINERA, TURBOSWING, UNITE WAKE, ZUP DOMORE, WILD SUP<\/p>\n","protected":false},"excerpt":{"rendered":"<p>BRANDS. WATERSKIS.LV BRANDS. AQUA MARINA, AMBER SPORTS, AZTRON, BAREFOOT INT, BASE SPORTS, BASTA BOATLIFTS, BRUNOTTI, CONNELLY, CWB, DOUBLE UP, FOLLOW, HO SPORTS, HYPERLITE, LIQUID FORCE, MONSTER TOWER, MYSTIC, POLIFORM, PROLINE, RADAR. RONIX, ROSWELL, SLINGSHOT, SPINERA, TURBOSWING, UNITE WAKE, ZUP DOMORE, WILD SUP [&#8230;]<\/p>\n<p><a class=\"btn btn-secondary understrap-read-more-link\" href=\"https:\/\/www.waterskis.lv\/en\/brands\/\">Read More&#8230;<\/a><\/p>\n","protected":false},"author":4,"featured_media":58788,"parent":0,"menu_order":0,"comment_status":"closed","ping_status":"closed","template":"","meta":{"_acf_changed":false,"inline_featured_image":false,"footnotes":""},"class_list":["post-58783","page","type-page","status-publish","has-post-thumbnail","hentry"],"acf":[],"yoast_head":"<!-- This site is optimized with the Yoast SEO plugin v27.5 - https:\/\/yoast.com\/product\/yoast-seo-wordpress\/ -->\n<title>BRANDS - WATERSKIS.LV<\/title>\n<meta name=\"description\" content=\"BRANDS. WATERSKIS.LV BRANDS. AQUA MARINA, BAREFOOT INT, BASE SPORTS, BASTA BOATLIFTS, BRUNOTTI, CONNELLY, CWB, DOUBLE UP, FOLLOW, HO SPORTS\" \/>\n<meta name=\"robots\" content=\"index, follow, max-snippet:-1, max-image-preview:large, max-video-preview:-1\" \/>\n<link rel=\"canonical\" href=\"https:\/\/www.waterskis.lv\/en\/brands\/\" \/>\n<meta property=\"og:locale\" content=\"en_US\" \/>\n<meta property=\"og:type\" content=\"article\" \/>\n<meta property=\"og:title\" content=\"Z\u012bmoli. Waterskis.lv p\u0101rst\u0101v\u0113tie brendi\" \/>\n<meta property=\"og:description\" content=\"Z\u012bmoli. Waterskis.lv p\u0101rst\u0101v\u0113tie brendi. AQUA MARINA, BAREFOOT INT, BASE SPORTS, BASTA BOATLIFTS, BRUNOTTI, CONNELLY, CWB, DOUBLE UP, FOLLOW, HO SPORTS, HYPERLITE, LIQUID FORCE, MONSTER TOWER, MYSTIC, POLIFORM, PROLINE, RADAR. RONIX, ROSWELL, SLINGSHOT, SPINERA, TURBOSWING, UNITE WAKE, ZUP DOMORE\" \/>\n<meta property=\"og:url\" content=\"https:\/\/www.waterskis.lv\/en\/brands\/\" \/>\n<meta property=\"og:site_name\" content=\"WATERSKIS.LV\" \/>\n<meta property=\"article:publisher\" content=\"https:\/\/www.facebook.com\/jurmalawaterskiwakeboardpark\/\" \/>\n<meta property=\"article:modified_time\" content=\"2024-11-28T07:29:48+00:00\" \/>\n<meta property=\"og:image\" content=\"https:\/\/www.waterskis.lv\/wp-content\/uploads\/2017\/03\/cropped-logo-mazais.jpg\" \/>\n\t<meta property=\"og:image:width\" content=\"512\" \/>\n\t<meta property=\"og:image:height\" content=\"512\" \/>\n\t<meta property=\"og:image:type\" content=\"image\/jpeg\" \/>\n<meta name=\"twitter:card\" content=\"summary_large_image\" \/>\n<meta name=\"twitter:label1\" content=\"Est. reading time\" \/>\n\t<meta name=\"twitter:data1\" content=\"1 minute\" \/>\n<script type=\"application\/ld+json\" class=\"yoast-schema-graph\">{\"@context\":\"https:\\\/\\\/schema.org\",\"@graph\":[{\"@type\":\"WebPage\",\"@id\":\"https:\\\/\\\/www.waterskis.lv\\\/en\\\/brands\\\/\",\"url\":\"https:\\\/\\\/www.waterskis.lv\\\/en\\\/brands\\\/\",\"name\":\"BRANDS - WATERSKIS.LV\",\"isPartOf\":{\"@id\":\"https:\\\/\\\/www.waterskis.lv\\\/en\\\/#website\"},\"primaryImageOfPage\":{\"@id\":\"https:\\\/\\\/www.waterskis.lv\\\/en\\\/brands\\\/#primaryimage\"},\"image\":{\"@id\":\"https:\\\/\\\/www.waterskis.lv\\\/en\\\/brands\\\/#primaryimage\"},\"thumbnailUrl\":\"https:\\\/\\\/www.waterskis.lv\\\/wp-content\\\/uploads\\\/2017\\\/03\\\/logo-mazais.jpg\",\"datePublished\":\"2024-03-19T06:26:57+00:00\",\"dateModified\":\"2024-11-28T07:29:48+00:00\",\"description\":\"BRANDS. WATERSKIS.LV BRANDS. AQUA MARINA, BAREFOOT INT, BASE SPORTS, BASTA BOATLIFTS, BRUNOTTI, CONNELLY, CWB, DOUBLE UP, FOLLOW, HO SPORTS\",\"breadcrumb\":{\"@id\":\"https:\\\/\\\/www.waterskis.lv\\\/en\\\/brands\\\/#breadcrumb\"},\"inLanguage\":\"en-US\",\"potentialAction\":[{\"@type\":\"ReadAction\",\"target\":[\"https:\\\/\\\/www.waterskis.lv\\\/en\\\/brands\\\/\"]}]},{\"@type\":\"ImageObject\",\"inLanguage\":\"en-US\",\"@id\":\"https:\\\/\\\/www.waterskis.lv\\\/en\\\/brands\\\/#primaryimage\",\"url\":\"https:\\\/\\\/www.waterskis.lv\\\/wp-content\\\/uploads\\\/2017\\\/03\\\/logo-mazais.jpg\",\"contentUrl\":\"https:\\\/\\\/www.waterskis.lv\\\/wp-content\\\/uploads\\\/2017\\\/03\\\/logo-mazais.jpg\",\"width\":200,\"height\":200,\"caption\":\"Waterskis.lv LOGO\"},{\"@type\":\"BreadcrumbList\",\"@id\":\"https:\\\/\\\/www.waterskis.lv\\\/en\\\/brands\\\/#breadcrumb\",\"itemListElement\":[{\"@type\":\"ListItem\",\"position\":1,\"name\":\"Home\",\"item\":\"https:\\\/\\\/www.waterskis.lv\\\/en\\\/\"},{\"@type\":\"ListItem\",\"position\":2,\"name\":\"BRANDS\"}]},{\"@type\":\"WebSite\",\"@id\":\"https:\\\/\\\/www.waterskis.lv\\\/en\\\/#website\",\"url\":\"https:\\\/\\\/www.waterskis.lv\\\/en\\\/\",\"name\":\"WATERSKIS.LV\",\"description\":\"SUP d\u0113\u013ci, kajaki, kanoe, airu laivas, \u016bdenssl\u0113po\u0161ana, veikbords, SUP d\u0113\u013cu noma, kajaku nomaakt\u012bv\u0101s atp\u016btas centrs, laivu noma, sup noma, kajaku noma\",\"publisher\":{\"@id\":\"https:\\\/\\\/www.waterskis.lv\\\/en\\\/#organization\"},\"potentialAction\":[{\"@type\":\"SearchAction\",\"target\":{\"@type\":\"EntryPoint\",\"urlTemplate\":\"https:\\\/\\\/www.waterskis.lv\\\/en\\\/?s={search_term_string}\"},\"query-input\":{\"@type\":\"PropertyValueSpecification\",\"valueRequired\":true,\"valueName\":\"search_term_string\"}}],\"inLanguage\":\"en-US\"},{\"@type\":\"Organization\",\"@id\":\"https:\\\/\\\/www.waterskis.lv\\\/en\\\/#organization\",\"name\":\"WATERSKIS.LV\",\"url\":\"https:\\\/\\\/www.waterskis.lv\\\/en\\\/\",\"logo\":{\"@type\":\"ImageObject\",\"inLanguage\":\"en-US\",\"@id\":\"https:\\\/\\\/www.waterskis.lv\\\/en\\\/#\\\/schema\\\/logo\\\/image\\\/\",\"url\":\"https:\\\/\\\/www.waterskis.lv\\\/wp-content\\\/uploads\\\/2025\\\/01\\\/JUVP-logo.png\",\"contentUrl\":\"https:\\\/\\\/www.waterskis.lv\\\/wp-content\\\/uploads\\\/2025\\\/01\\\/JUVP-logo.png\",\"width\":421,\"height\":202,\"caption\":\"WATERSKIS.LV\"},\"image\":{\"@id\":\"https:\\\/\\\/www.waterskis.lv\\\/en\\\/#\\\/schema\\\/logo\\\/image\\\/\"},\"sameAs\":[\"https:\\\/\\\/www.facebook.com\\\/jurmalawaterskiwakeboardpark\\\/\"]}]}<\/script>\n<!-- \/ Yoast SEO plugin. -->","yoast_head_json":{"title":"BRANDS - WATERSKIS.LV","description":"BRANDS. WATERSKIS.LV BRANDS. AQUA MARINA, BAREFOOT INT, BASE SPORTS, BASTA BOATLIFTS, BRUNOTTI, CONNELLY, CWB, DOUBLE UP, FOLLOW, HO SPORTS","robots":{"index":"index","follow":"follow","max-snippet":"max-snippet:-1","max-image-preview":"max-image-preview:large","max-video-preview":"max-video-preview:-1"},"canonical":"https:\/\/www.waterskis.lv\/en\/brands\/","og_locale":"en_US","og_type":"article","og_title":"Z\u012bmoli. Waterskis.lv p\u0101rst\u0101v\u0113tie brendi","og_description":"Z\u012bmoli. Waterskis.lv p\u0101rst\u0101v\u0113tie brendi. AQUA MARINA, BAREFOOT INT, BASE SPORTS, BASTA BOATLIFTS, BRUNOTTI, CONNELLY, CWB, DOUBLE UP, FOLLOW, HO SPORTS, HYPERLITE, LIQUID FORCE, MONSTER TOWER, MYSTIC, POLIFORM, PROLINE, RADAR. RONIX, ROSWELL, SLINGSHOT, SPINERA, TURBOSWING, UNITE WAKE, ZUP DOMORE","og_url":"https:\/\/www.waterskis.lv\/en\/brands\/","og_site_name":"WATERSKIS.LV","article_publisher":"https:\/\/www.facebook.com\/jurmalawaterskiwakeboardpark\/","article_modified_time":"2024-11-28T07:29:48+00:00","og_image":[{"width":512,"height":512,"url":"https:\/\/www.waterskis.lv\/wp-content\/uploads\/2017\/03\/cropped-logo-mazais.jpg","type":"image\/jpeg"}],"twitter_card":"summary_large_image","twitter_misc":{"Est. reading time":"1 minute"},"schema":{"@context":"https:\/\/schema.org","@graph":[{"@type":"WebPage","@id":"https:\/\/www.waterskis.lv\/en\/brands\/","url":"https:\/\/www.waterskis.lv\/en\/brands\/","name":"BRANDS - WATERSKIS.LV","isPartOf":{"@id":"https:\/\/www.waterskis.lv\/en\/#website"},"primaryImageOfPage":{"@id":"https:\/\/www.waterskis.lv\/en\/brands\/#primaryimage"},"image":{"@id":"https:\/\/www.waterskis.lv\/en\/brands\/#primaryimage"},"thumbnailUrl":"https:\/\/www.waterskis.lv\/wp-content\/uploads\/2017\/03\/logo-mazais.jpg","datePublished":"2024-03-19T06:26:57+00:00","dateModified":"2024-11-28T07:29:48+00:00","description":"BRANDS. WATERSKIS.LV BRANDS. AQUA MARINA, BAREFOOT INT, BASE SPORTS, BASTA BOATLIFTS, BRUNOTTI, CONNELLY, CWB, DOUBLE UP, FOLLOW, HO SPORTS","breadcrumb":{"@id":"https:\/\/www.waterskis.lv\/en\/brands\/#breadcrumb"},"inLanguage":"en-US","potentialAction":[{"@type":"ReadAction","target":["https:\/\/www.waterskis.lv\/en\/brands\/"]}]},{"@type":"ImageObject","inLanguage":"en-US","@id":"https:\/\/www.waterskis.lv\/en\/brands\/#primaryimage","url":"https:\/\/www.waterskis.lv\/wp-content\/uploads\/2017\/03\/logo-mazais.jpg","contentUrl":"https:\/\/www.waterskis.lv\/wp-content\/uploads\/2017\/03\/logo-mazais.jpg","width":200,"height":200,"caption":"Waterskis.lv LOGO"},{"@type":"BreadcrumbList","@id":"https:\/\/www.waterskis.lv\/en\/brands\/#breadcrumb","itemListElement":[{"@type":"ListItem","position":1,"name":"Home","item":"https:\/\/www.waterskis.lv\/en\/"},{"@type":"ListItem","position":2,"name":"BRANDS"}]},{"@type":"WebSite","@id":"https:\/\/www.waterskis.lv\/en\/#website","url":"https:\/\/www.waterskis.lv\/en\/","name":"WATERSKIS.LV","description":"SUP d\u0113\u013ci, kajaki, kanoe, airu laivas, \u016bdenssl\u0113po\u0161ana, veikbords, SUP d\u0113\u013cu noma, kajaku nomaakt\u012bv\u0101s atp\u016btas centrs, laivu noma, sup noma, kajaku noma","publisher":{"@id":"https:\/\/www.waterskis.lv\/en\/#organization"},"potentialAction":[{"@type":"SearchAction","target":{"@type":"EntryPoint","urlTemplate":"https:\/\/www.waterskis.lv\/en\/?s={search_term_string}"},"query-input":{"@type":"PropertyValueSpecification","valueRequired":true,"valueName":"search_term_string"}}],"inLanguage":"en-US"},{"@type":"Organization","@id":"https:\/\/www.waterskis.lv\/en\/#organization","name":"WATERSKIS.LV","url":"https:\/\/www.waterskis.lv\/en\/","logo":{"@type":"ImageObject","inLanguage":"en-US","@id":"https:\/\/www.waterskis.lv\/en\/#\/schema\/logo\/image\/","url":"https:\/\/www.waterskis.lv\/wp-content\/uploads\/2025\/01\/JUVP-logo.png","contentUrl":"https:\/\/www.waterskis.lv\/wp-content\/uploads\/2025\/01\/JUVP-logo.png","width":421,"height":202,"caption":"WATERSKIS.LV"},"image":{"@id":"https:\/\/www.waterskis.lv\/en\/#\/schema\/logo\/image\/"},"sameAs":["https:\/\/www.facebook.com\/jurmalawaterskiwakeboardpark\/"]}]}},"_links":{"self":[{"href":"https:\/\/www.waterskis.lv\/en\/wp-json\/wp\/v2\/pages\/58783","targetHints":{"allow":["GET"]}}],"collection":[{"href":"https:\/\/www.waterskis.lv\/en\/wp-json\/wp\/v2\/pages"}],"about":[{"href":"https:\/\/www.waterskis.lv\/en\/wp-json\/wp\/v2\/types\/page"}],"author":[{"embeddable":true,"href":"https:\/\/www.waterskis.lv\/en\/wp-json\/wp\/v2\/users\/4"}],"replies":[{"embeddable":true,"href":"https:\/\/www.waterskis.lv\/en\/wp-json\/wp\/v2\/comments?post=58783"}],"version-history":[{"count":0,"href":"https:\/\/www.waterskis.lv\/en\/wp-json\/wp\/v2\/pages\/58783\/revisions"}],"wp:featuredmedia":[{"embeddable":true,"href":"https:\/\/www.waterskis.lv\/en\/wp-json\/wp\/v2\/media\/58788"}],"wp:attachment":[{"href":"https:\/\/www.waterskis.lv\/en\/wp-json\/wp\/v2\/media?parent=58783"}],"curies":[{"name":"wp","href":"https:\/\/api.w.org\/{rel}","templated":true}]}}