{"id":64311,"date":"2025-02-03T18:53:35","date_gmt":"2025-02-03T16:53:35","guid":{"rendered":"https:\/\/www.waterskis.lv\/sup-joga\/"},"modified":"2026-01-23T12:23:34","modified_gmt":"2026-01-23T10:23:34","slug":"sup-yoga","status":"publish","type":"page","link":"https:\/\/www.waterskis.lv\/en\/sup-yoga\/","title":{"rendered":"SUP Yoga"},"content":{"rendered":"\n<p>SUP Yoga. Classes are held in the water on a SUP board under the guidance of an experienced instructor. In case of bad weather, the exercises are held indoors.<\/p>\n\n\n\n<p><strong>Reservations:<\/strong><\/p>\n\n\n\n<p>Phone: +371 28067676<\/p>\n\n\n\n<p>e-mail: info@waterskis.lv<\/p>\n\n\n\n<p>www.waterskis.lv<\/p>\n\n\n\n<figure class=\"wp-block-image size-large\"><img decoding=\"async\" width=\"700\" height=\"700\" src=\"https:\/\/www.waterskis.lv\/wp-content\/uploads\/2025\/02\/yoga_dock_23130_8-1-700x700.webp\" alt=\"\" class=\"wp-image-64307\" srcset=\"https:\/\/www.waterskis.lv\/wp-content\/uploads\/2025\/02\/yoga_dock_23130_8-1-700x700.webp 700w, https:\/\/www.waterskis.lv\/wp-content\/uploads\/2025\/02\/yoga_dock_23130_8-1-300x300.webp 300w, https:\/\/www.waterskis.lv\/wp-content\/uploads\/2025\/02\/yoga_dock_23130_8-1-150x150.webp 150w, https:\/\/www.waterskis.lv\/wp-content\/uploads\/2025\/02\/yoga_dock_23130_8-1-768x768.webp 768w, https:\/\/www.waterskis.lv\/wp-content\/uploads\/2025\/02\/yoga_dock_23130_8-1-1536x1536.webp 1536w, https:\/\/www.waterskis.lv\/wp-content\/uploads\/2025\/02\/yoga_dock_23130_8-1-600x600.webp 600w, https:\/\/www.waterskis.lv\/wp-content\/uploads\/2025\/02\/yoga_dock_23130_8-1-100x100.webp 100w, https:\/\/www.waterskis.lv\/wp-content\/uploads\/2025\/02\/yoga_dock_23130_8-1.webp 2000w\" sizes=\"(max-width: 700px) 100vw, 700px\" \/><\/figure>\n\n\n\n<figure class=\"wp-block-gallery has-nested-images columns-default is-cropped wp-block-gallery-1 is-layout-flex wp-block-gallery-is-layout-flex\">\n<figure class=\"wp-block-image size-large\"><img decoding=\"async\" width=\"600\" height=\"453\" data-id=\"71967\" src=\"https:\/\/www.waterskis.lv\/wp-content\/uploads\/2026\/01\/image-141.png\" alt=\"\" class=\"wp-image-71967\" srcset=\"https:\/\/www.waterskis.lv\/wp-content\/uploads\/2026\/01\/image-141.png 600w, https:\/\/www.waterskis.lv\/wp-content\/uploads\/2026\/01\/image-141-300x227.png 300w\" sizes=\"(max-width: 600px) 100vw, 600px\" \/><\/figure>\n\n\n\n<figure class=\"wp-block-image size-large\"><img decoding=\"async\" width=\"300\" height=\"300\" data-id=\"71968\" src=\"https:\/\/www.waterskis.lv\/wp-content\/uploads\/2026\/01\/image-142.png\" alt=\"\" class=\"wp-image-71968\" srcset=\"https:\/\/www.waterskis.lv\/wp-content\/uploads\/2026\/01\/image-142.png 300w, https:\/\/www.waterskis.lv\/wp-content\/uploads\/2026\/01\/image-142-150x150.png 150w, https:\/\/www.waterskis.lv\/wp-content\/uploads\/2026\/01\/image-142-100x100.png 100w\" sizes=\"(max-width: 300px) 100vw, 300px\" \/><\/figure>\n<\/figure>\n","protected":false},"excerpt":{"rendered":"<p>SUP Yoga. Classes are held in the water on a SUP board under the guidance of an experienced instructor. In case of bad weather, the exercises are held indoors. Reservations: Phone: +371 28067676 e-mail: info@waterskis.lv www.waterskis.lv [&#8230;]<\/p>\n<p><a class=\"btn btn-secondary understrap-read-more-link\" href=\"https:\/\/www.waterskis.lv\/en\/sup-yoga\/\">Read More&#8230;<\/a><\/p>\n","protected":false},"author":4,"featured_media":62903,"parent":0,"menu_order":0,"comment_status":"closed","ping_status":"closed","template":"","meta":{"_acf_changed":false,"inline_featured_image":false,"footnotes":""},"class_list":["post-64311","page","type-page","status-publish","has-post-thumbnail","hentry"],"acf":[],"yoast_head":"<!-- This site is optimized with the Yoast SEO plugin v27.5 - https:\/\/yoast.com\/product\/yoast-seo-wordpress\/ -->\n<title>SUP Yoga - WATERSKIS.LV<\/title>\n<meta name=\"description\" content=\"SUP Yoga. Classes are held in the water on a SUP board under the guidance of an experienced instructor. In case of bad weather held indoors.\" \/>\n<meta name=\"robots\" content=\"index, follow, max-snippet:-1, max-image-preview:large, max-video-preview:-1\" \/>\n<link rel=\"canonical\" href=\"https:\/\/www.waterskis.lv\/en\/sup-yoga\/\" \/>\n<meta property=\"og:locale\" content=\"en_US\" \/>\n<meta property=\"og:type\" content=\"article\" \/>\n<meta property=\"og:title\" content=\"SUP Joga J\u016brmal\u0101\" \/>\n<meta property=\"og:description\" content=\"J\u016brmalas \u016bdenssl\u0113po\u0161anas un veikborda parks SUP joga\" \/>\n<meta property=\"og:url\" content=\"https:\/\/www.waterskis.lv\/en\/sup-yoga\/\" \/>\n<meta property=\"og:site_name\" content=\"WATERSKIS.LV\" \/>\n<meta property=\"article:publisher\" content=\"https:\/\/www.facebook.com\/jurmalawaterskiwakeboardpark\/\" \/>\n<meta property=\"article:modified_time\" content=\"2026-01-23T10:23:34+00:00\" \/>\n<meta property=\"og:image\" content=\"https:\/\/www.waterskis.lv\/wp-content\/uploads\/2025\/02\/joga.jpg\" \/>\n\t<meta property=\"og:image:width\" content=\"1536\" \/>\n\t<meta property=\"og:image:height\" content=\"1160\" \/>\n\t<meta property=\"og:image:type\" content=\"image\/jpeg\" \/>\n<meta name=\"twitter:card\" content=\"summary_large_image\" \/>\n<meta name=\"twitter:label1\" content=\"Est. reading time\" \/>\n\t<meta name=\"twitter:data1\" content=\"1 minute\" \/>\n<script type=\"application\/ld+json\" class=\"yoast-schema-graph\">{\"@context\":\"https:\\\/\\\/schema.org\",\"@graph\":[{\"@type\":\"WebPage\",\"@id\":\"https:\\\/\\\/www.waterskis.lv\\\/en\\\/sup-yoga\\\/\",\"url\":\"https:\\\/\\\/www.waterskis.lv\\\/en\\\/sup-yoga\\\/\",\"name\":\"SUP Yoga - WATERSKIS.LV\",\"isPartOf\":{\"@id\":\"https:\\\/\\\/www.waterskis.lv\\\/en\\\/#website\"},\"primaryImageOfPage\":{\"@id\":\"https:\\\/\\\/www.waterskis.lv\\\/en\\\/sup-yoga\\\/#primaryimage\"},\"image\":{\"@id\":\"https:\\\/\\\/www.waterskis.lv\\\/en\\\/sup-yoga\\\/#primaryimage\"},\"thumbnailUrl\":\"https:\\\/\\\/www.waterskis.lv\\\/wp-content\\\/uploads\\\/2025\\\/02\\\/yoga_dock_23130_3.webp\",\"datePublished\":\"2025-02-03T16:53:35+00:00\",\"dateModified\":\"2026-01-23T10:23:34+00:00\",\"description\":\"SUP Yoga. Classes are held in the water on a SUP board under the guidance of an experienced instructor. In case of bad weather held indoors.\",\"breadcrumb\":{\"@id\":\"https:\\\/\\\/www.waterskis.lv\\\/en\\\/sup-yoga\\\/#breadcrumb\"},\"inLanguage\":\"en-US\",\"potentialAction\":[{\"@type\":\"ReadAction\",\"target\":[\"https:\\\/\\\/www.waterskis.lv\\\/en\\\/sup-yoga\\\/\"]}]},{\"@type\":\"ImageObject\",\"inLanguage\":\"en-US\",\"@id\":\"https:\\\/\\\/www.waterskis.lv\\\/en\\\/sup-yoga\\\/#primaryimage\",\"url\":\"https:\\\/\\\/www.waterskis.lv\\\/wp-content\\\/uploads\\\/2025\\\/02\\\/yoga_dock_23130_3.webp\",\"contentUrl\":\"https:\\\/\\\/www.waterskis.lv\\\/wp-content\\\/uploads\\\/2025\\\/02\\\/yoga_dock_23130_3.webp\",\"width\":800,\"height\":534},{\"@type\":\"BreadcrumbList\",\"@id\":\"https:\\\/\\\/www.waterskis.lv\\\/en\\\/sup-yoga\\\/#breadcrumb\",\"itemListElement\":[{\"@type\":\"ListItem\",\"position\":1,\"name\":\"Home\",\"item\":\"https:\\\/\\\/www.waterskis.lv\\\/en\\\/\"},{\"@type\":\"ListItem\",\"position\":2,\"name\":\"SUP Yoga\"}]},{\"@type\":\"WebSite\",\"@id\":\"https:\\\/\\\/www.waterskis.lv\\\/en\\\/#website\",\"url\":\"https:\\\/\\\/www.waterskis.lv\\\/en\\\/\",\"name\":\"WATERSKIS.LV\",\"description\":\"SUP d\u0113\u013ci, kajaki, kanoe, airu laivas, \u016bdenssl\u0113po\u0161ana, veikbords, SUP d\u0113\u013cu noma, kajaku nomaakt\u012bv\u0101s atp\u016btas centrs, laivu noma, sup noma, kajaku noma\",\"publisher\":{\"@id\":\"https:\\\/\\\/www.waterskis.lv\\\/en\\\/#organization\"},\"potentialAction\":[{\"@type\":\"SearchAction\",\"target\":{\"@type\":\"EntryPoint\",\"urlTemplate\":\"https:\\\/\\\/www.waterskis.lv\\\/en\\\/?s={search_term_string}\"},\"query-input\":{\"@type\":\"PropertyValueSpecification\",\"valueRequired\":true,\"valueName\":\"search_term_string\"}}],\"inLanguage\":\"en-US\"},{\"@type\":\"Organization\",\"@id\":\"https:\\\/\\\/www.waterskis.lv\\\/en\\\/#organization\",\"name\":\"WATERSKIS.LV\",\"url\":\"https:\\\/\\\/www.waterskis.lv\\\/en\\\/\",\"logo\":{\"@type\":\"ImageObject\",\"inLanguage\":\"en-US\",\"@id\":\"https:\\\/\\\/www.waterskis.lv\\\/en\\\/#\\\/schema\\\/logo\\\/image\\\/\",\"url\":\"https:\\\/\\\/www.waterskis.lv\\\/wp-content\\\/uploads\\\/2025\\\/01\\\/JUVP-logo.png\",\"contentUrl\":\"https:\\\/\\\/www.waterskis.lv\\\/wp-content\\\/uploads\\\/2025\\\/01\\\/JUVP-logo.png\",\"width\":421,\"height\":202,\"caption\":\"WATERSKIS.LV\"},\"image\":{\"@id\":\"https:\\\/\\\/www.waterskis.lv\\\/en\\\/#\\\/schema\\\/logo\\\/image\\\/\"},\"sameAs\":[\"https:\\\/\\\/www.facebook.com\\\/jurmalawaterskiwakeboardpark\\\/\"]}]}<\/script>\n<!-- \/ Yoast SEO plugin. -->","yoast_head_json":{"title":"SUP Yoga - WATERSKIS.LV","description":"SUP Yoga. Classes are held in the water on a SUP board under the guidance of an experienced instructor. In case of bad weather held indoors.","robots":{"index":"index","follow":"follow","max-snippet":"max-snippet:-1","max-image-preview":"max-image-preview:large","max-video-preview":"max-video-preview:-1"},"canonical":"https:\/\/www.waterskis.lv\/en\/sup-yoga\/","og_locale":"en_US","og_type":"article","og_title":"SUP Joga J\u016brmal\u0101","og_description":"J\u016brmalas \u016bdenssl\u0113po\u0161anas un veikborda parks SUP joga","og_url":"https:\/\/www.waterskis.lv\/en\/sup-yoga\/","og_site_name":"WATERSKIS.LV","article_publisher":"https:\/\/www.facebook.com\/jurmalawaterskiwakeboardpark\/","article_modified_time":"2026-01-23T10:23:34+00:00","og_image":[{"width":1536,"height":1160,"url":"https:\/\/www.waterskis.lv\/wp-content\/uploads\/2025\/02\/joga.jpg","type":"image\/jpeg"}],"twitter_card":"summary_large_image","twitter_misc":{"Est. reading time":"1 minute"},"schema":{"@context":"https:\/\/schema.org","@graph":[{"@type":"WebPage","@id":"https:\/\/www.waterskis.lv\/en\/sup-yoga\/","url":"https:\/\/www.waterskis.lv\/en\/sup-yoga\/","name":"SUP Yoga - WATERSKIS.LV","isPartOf":{"@id":"https:\/\/www.waterskis.lv\/en\/#website"},"primaryImageOfPage":{"@id":"https:\/\/www.waterskis.lv\/en\/sup-yoga\/#primaryimage"},"image":{"@id":"https:\/\/www.waterskis.lv\/en\/sup-yoga\/#primaryimage"},"thumbnailUrl":"https:\/\/www.waterskis.lv\/wp-content\/uploads\/2025\/02\/yoga_dock_23130_3.webp","datePublished":"2025-02-03T16:53:35+00:00","dateModified":"2026-01-23T10:23:34+00:00","description":"SUP Yoga. Classes are held in the water on a SUP board under the guidance of an experienced instructor. In case of bad weather held indoors.","breadcrumb":{"@id":"https:\/\/www.waterskis.lv\/en\/sup-yoga\/#breadcrumb"},"inLanguage":"en-US","potentialAction":[{"@type":"ReadAction","target":["https:\/\/www.waterskis.lv\/en\/sup-yoga\/"]}]},{"@type":"ImageObject","inLanguage":"en-US","@id":"https:\/\/www.waterskis.lv\/en\/sup-yoga\/#primaryimage","url":"https:\/\/www.waterskis.lv\/wp-content\/uploads\/2025\/02\/yoga_dock_23130_3.webp","contentUrl":"https:\/\/www.waterskis.lv\/wp-content\/uploads\/2025\/02\/yoga_dock_23130_3.webp","width":800,"height":534},{"@type":"BreadcrumbList","@id":"https:\/\/www.waterskis.lv\/en\/sup-yoga\/#breadcrumb","itemListElement":[{"@type":"ListItem","position":1,"name":"Home","item":"https:\/\/www.waterskis.lv\/en\/"},{"@type":"ListItem","position":2,"name":"SUP Yoga"}]},{"@type":"WebSite","@id":"https:\/\/www.waterskis.lv\/en\/#website","url":"https:\/\/www.waterskis.lv\/en\/","name":"WATERSKIS.LV","description":"SUP d\u0113\u013ci, kajaki, kanoe, airu laivas, \u016bdenssl\u0113po\u0161ana, veikbords, SUP d\u0113\u013cu noma, kajaku nomaakt\u012bv\u0101s atp\u016btas centrs, laivu noma, sup noma, kajaku noma","publisher":{"@id":"https:\/\/www.waterskis.lv\/en\/#organization"},"potentialAction":[{"@type":"SearchAction","target":{"@type":"EntryPoint","urlTemplate":"https:\/\/www.waterskis.lv\/en\/?s={search_term_string}"},"query-input":{"@type":"PropertyValueSpecification","valueRequired":true,"valueName":"search_term_string"}}],"inLanguage":"en-US"},{"@type":"Organization","@id":"https:\/\/www.waterskis.lv\/en\/#organization","name":"WATERSKIS.LV","url":"https:\/\/www.waterskis.lv\/en\/","logo":{"@type":"ImageObject","inLanguage":"en-US","@id":"https:\/\/www.waterskis.lv\/en\/#\/schema\/logo\/image\/","url":"https:\/\/www.waterskis.lv\/wp-content\/uploads\/2025\/01\/JUVP-logo.png","contentUrl":"https:\/\/www.waterskis.lv\/wp-content\/uploads\/2025\/01\/JUVP-logo.png","width":421,"height":202,"caption":"WATERSKIS.LV"},"image":{"@id":"https:\/\/www.waterskis.lv\/en\/#\/schema\/logo\/image\/"},"sameAs":["https:\/\/www.facebook.com\/jurmalawaterskiwakeboardpark\/"]}]}},"_links":{"self":[{"href":"https:\/\/www.waterskis.lv\/en\/wp-json\/wp\/v2\/pages\/64311","targetHints":{"allow":["GET"]}}],"collection":[{"href":"https:\/\/www.waterskis.lv\/en\/wp-json\/wp\/v2\/pages"}],"about":[{"href":"https:\/\/www.waterskis.lv\/en\/wp-json\/wp\/v2\/types\/page"}],"author":[{"embeddable":true,"href":"https:\/\/www.waterskis.lv\/en\/wp-json\/wp\/v2\/users\/4"}],"replies":[{"embeddable":true,"href":"https:\/\/www.waterskis.lv\/en\/wp-json\/wp\/v2\/comments?post=64311"}],"version-history":[{"count":5,"href":"https:\/\/www.waterskis.lv\/en\/wp-json\/wp\/v2\/pages\/64311\/revisions"}],"predecessor-version":[{"id":71969,"href":"https:\/\/www.waterskis.lv\/en\/wp-json\/wp\/v2\/pages\/64311\/revisions\/71969"}],"wp:featuredmedia":[{"embeddable":true,"href":"https:\/\/www.waterskis.lv\/en\/wp-json\/wp\/v2\/media\/62903"}],"wp:attachment":[{"href":"https:\/\/www.waterskis.lv\/en\/wp-json\/wp\/v2\/media?parent=64311"}],"curies":[{"name":"wp","href":"https:\/\/api.w.org\/{rel}","templated":true}]}}