{"id":65922,"date":"2025-05-14T18:06:07","date_gmt":"2025-05-14T16:06:07","guid":{"rendered":"https:\/\/www.waterskis.lv\/services\/"},"modified":"2025-05-16T18:35:29","modified_gmt":"2025-05-16T16:35:29","slug":"services","status":"publish","type":"page","link":"https:\/\/www.waterskis.lv\/en\/services\/","title":{"rendered":"Services"},"content":{"rendered":"\n<div class=\"wp-block-group alignfull is-content-justification-center\" style=\"margin-top:0;margin-bottom:0;padding-top:calc( 0.5 * var(--wp--style--root--padding-right, var(--wp--custom--gap--horizontal)));padding-right:var(--wp--style--root--padding-right, var(--wp--custom--gap--horizontal));padding-bottom:calc( 0.5 * var(--wp--style--root--padding-right, var(--wp--custom--gap--horizontal)));padding-left:var(--wp--style--root--padding-left, var(--wp--custom--gap--horizontal))\"><div class=\"wp-block-group__inner-container is-layout-constrained wp-container-core-group-is-layout-b073b61b wp-block-group-is-layout-constrained\">\n<div style=\"height:calc( 0.25 * var(--wp--style--root--padding-right, var(--wp--custom--gap--horizontal)))\" aria-hidden=\"true\" class=\"wp-block-spacer\"><\/div>\n\n\n\n<div class=\"wp-block-group alignwide\"><div class=\"wp-block-group__inner-container is-layout-constrained wp-block-group-is-layout-constrained\">\n<h2 class=\"wp-block-heading alignfull has-text-align-left\" style=\"font-style:normal;font-weight:100\">J\u016brmalas \u016bdenssl\u0113po\u0161anas un veikborda parks. \u016adenssl\u0113po\u0161anas klubs, veikbords, vasaras nometnes, korporat\u012bvie pas\u0101kumi, SUP d\u0113\u013cu un laivu noma. \u016adenssporta pre\u010du veikals.<\/h2>\n<\/div><\/div>\n\n\n\n<div style=\"height:var(--wp--preset--spacing--20)\" aria-hidden=\"true\" class=\"wp-block-spacer\"><\/div>\n\n\n\n<div class=\"wp-block-columns alignwide is-layout-flex wp-container-core-columns-is-layout-41e3e26a wp-block-columns-is-layout-flex\">\n<div class=\"wp-block-column is-layout-flow wp-block-column-is-layout-flow\">\n<figure class=\"wp-block-image size-full is-resized\"><a href=\"\/?page_id=5177\"><img decoding=\"async\" width=\"300\" height=\"300\" src=\"https:\/\/www.waterskis.lv\/wp-content\/uploads\/2025\/01\/udenssleposana-slaloms-6.png\" alt=\"\u016bdenssl\u0113po\u0161ana\" class=\"wp-image-68917\" style=\"aspect-ratio:4\/3;object-fit:cover;width:360px;height:auto\" srcset=\"https:\/\/www.waterskis.lv\/wp-content\/uploads\/2025\/01\/udenssleposana-slaloms-6.png 300w, https:\/\/www.waterskis.lv\/wp-content\/uploads\/2025\/01\/udenssleposana-slaloms-6-150x150.png 150w, https:\/\/www.waterskis.lv\/wp-content\/uploads\/2025\/01\/udenssleposana-slaloms-6-100x100.png 100w\" sizes=\"(max-width: 300px) 100vw, 300px\" \/><\/a><\/figure>\n\n\n\n<h3 class=\"wp-block-heading is-service-name has-medium-font-size\" style=\"font-style:normal;font-weight:700\"><a href=\"\/?page_id=5177\">\u016adenssl\u0113po\u0161ana<\/a><\/h3>\n\n\n\n<p class=\"is-service-description\">\u016adenssl\u0113po\u0161anas nodarb\u012bbas un treni\u0146i visu l\u012bme\u0146u \u016bdenssl\u0113pot\u0101jiem.<\/p>\n<\/div>\n\n\n\n<div class=\"wp-block-column is-layout-flow wp-block-column-is-layout-flow\">\n<figure class=\"wp-block-image size-full is-resized\"><a href=\"\/?page_id=4914\"><img decoding=\"async\" width=\"300\" height=\"300\" src=\"https:\/\/www.waterskis.lv\/wp-content\/uploads\/2025\/01\/wakeboard.png\" alt=\"\" class=\"wp-image-68923\" style=\"aspect-ratio:4\/3;object-fit:cover;width:360px;height:auto\" srcset=\"https:\/\/www.waterskis.lv\/wp-content\/uploads\/2025\/01\/wakeboard.png 300w, https:\/\/www.waterskis.lv\/wp-content\/uploads\/2025\/01\/wakeboard-150x150.png 150w, https:\/\/www.waterskis.lv\/wp-content\/uploads\/2025\/01\/wakeboard-100x100.png 100w\" sizes=\"(max-width: 300px) 100vw, 300px\" \/><\/a><\/figure>\n\n\n\n<div class=\"wp-block-group\"><div class=\"wp-block-group__inner-container is-layout-flow wp-block-group-is-layout-flow\">\n<h3 class=\"wp-block-heading is-service-name has-medium-font-size\" style=\"font-style:normal;font-weight:700\"><a href=\"\/?page_id=4914\">Veikbords<\/a><\/h3>\n\n\n\n<p class=\"is-service-description\">J\u016brmalas veikparks. Kabe\u013cveikbords aiz tro\u0161u sist\u0113mas un veikbords aiz motorlaivas.<\/p>\n<\/div><\/div>\n<\/div>\n\n\n\n<div class=\"wp-block-column is-layout-flow wp-block-column-is-layout-flow\">\n<figure class=\"wp-block-image size-full is-resized\"><a href=\"\/?page_id=8620\"><img decoding=\"async\" width=\"300\" height=\"300\" src=\"https:\/\/www.waterskis.lv\/wp-content\/uploads\/2025\/01\/udenssleposana-slaloms-7.png\" alt=\"\" class=\"wp-image-68927\" style=\"aspect-ratio:4\/3;object-fit:cover;width:360px;height:auto\" srcset=\"https:\/\/www.waterskis.lv\/wp-content\/uploads\/2025\/01\/udenssleposana-slaloms-7.png 300w, https:\/\/www.waterskis.lv\/wp-content\/uploads\/2025\/01\/udenssleposana-slaloms-7-150x150.png 150w, https:\/\/www.waterskis.lv\/wp-content\/uploads\/2025\/01\/udenssleposana-slaloms-7-100x100.png 100w\" sizes=\"(max-width: 300px) 100vw, 300px\" \/><\/a><\/figure>\n\n\n\n<div class=\"wp-block-group\"><div class=\"wp-block-group__inner-container is-layout-flow wp-block-group-is-layout-flow\">\n<h3 class=\"wp-block-heading is-service-name has-medium-font-size\" style=\"font-style:normal;font-weight:700\"><a href=\"\/?page_id=8620\">J\u016brmalas \u016bdenssl\u0113po\u0161anas klubs<\/a><\/h3>\n\n\n\n<p class=\"is-service-description\">\u016adenssl\u0113po\u0161anas tr\u012bsc\u012b\u0146a un sacens\u012bbas sportistiem. Intere\u0161u izgl\u012bt\u012bbas pulci\u0146\u0161 b\u0113rniem.<\/p>\n<\/div><\/div>\n<\/div>\n<\/div>\n\n\n\n<div class=\"wp-block-columns alignwide is-layout-flex wp-container-core-columns-is-layout-41e3e26a wp-block-columns-is-layout-flex\">\n<div class=\"wp-block-column is-layout-flow wp-block-column-is-layout-flow\">\n<figure class=\"wp-block-image size-full is-resized\"><a href=\"\/?page_id=60150\"><img decoding=\"async\" width=\"300\" height=\"300\" src=\"https:\/\/www.waterskis.lv\/wp-content\/uploads\/2025\/01\/Nometnes-berniem-1.png\" alt=\"\" class=\"wp-image-69657\" style=\"aspect-ratio:1.3333333333333333;object-fit:cover;width:360px\" srcset=\"https:\/\/www.waterskis.lv\/wp-content\/uploads\/2025\/01\/Nometnes-berniem-1.png 300w, https:\/\/www.waterskis.lv\/wp-content\/uploads\/2025\/01\/Nometnes-berniem-1-150x150.png 150w, https:\/\/www.waterskis.lv\/wp-content\/uploads\/2025\/01\/Nometnes-berniem-1-100x100.png 100w\" sizes=\"(max-width: 300px) 100vw, 300px\" \/><\/a><\/figure>\n\n\n\n<h3 class=\"wp-block-heading is-service-name has-medium-font-size\" style=\"font-style:normal;font-weight:700\"> <a href=\"\/?page_id=60150\">Vasaras nometnes<\/a><\/h3>\n\n\n\n<p class=\"is-service-description\">\u016adenssl\u0113po\u0161anas un veikborda nometnes. Rado\u0161as, sportiskas, starptautiskas vasaras nometnes b\u0113rniem un jaunie\u0161iem.<\/p>\n<\/div>\n\n\n\n<div class=\"wp-block-column is-layout-flow wp-block-column-is-layout-flow\">\n<figure class=\"wp-block-image size-full is-resized\"><a href=\"\/?page_id=7517\"><img decoding=\"async\" width=\"300\" height=\"300\" src=\"https:\/\/www.waterskis.lv\/wp-content\/uploads\/2025\/01\/sup-noma-1.png\" alt=\"\" class=\"wp-image-69268\" style=\"aspect-ratio:1.3333333333333333;object-fit:cover;width:360px;height:auto\" srcset=\"https:\/\/www.waterskis.lv\/wp-content\/uploads\/2025\/01\/sup-noma-1.png 300w, https:\/\/www.waterskis.lv\/wp-content\/uploads\/2025\/01\/sup-noma-1-150x150.png 150w, https:\/\/www.waterskis.lv\/wp-content\/uploads\/2025\/01\/sup-noma-1-100x100.png 100w\" sizes=\"(max-width: 300px) 100vw, 300px\" \/><\/a><\/figure>\n\n\n\n<div class=\"wp-block-group\"><div class=\"wp-block-group__inner-container is-layout-flow wp-block-group-is-layout-flow\">\n<h3 class=\"wp-block-heading is-service-name has-medium-font-size\" style=\"font-style:normal;font-weight:700\"><a href=\"\/?page_id=7517\">SUP noma <\/a><\/h3>\n\n\n\n<p class=\"is-service-description\">SUP d\u0113\u013cu noma J\u016brmal\u0101. SUP mar\u0161ruti pa Lielupi, Bu\u013c\u013cupi, R\u012bgas j\u016bras l\u012bci.<\/p>\n<\/div><\/div>\n<\/div>\n\n\n\n<div class=\"wp-block-column is-layout-flow wp-block-column-is-layout-flow\">\n<figure class=\"wp-block-image size-full is-resized\"><a href=\"\/?page_id=5212\"><img decoding=\"async\" width=\"300\" height=\"300\" src=\"https:\/\/www.waterskis.lv\/wp-content\/uploads\/2025\/01\/kajaku-noma-2.png\" alt=\"\" class=\"wp-image-68984\" style=\"aspect-ratio:4\/3;object-fit:cover;width:360px;height:auto\" srcset=\"https:\/\/www.waterskis.lv\/wp-content\/uploads\/2025\/01\/kajaku-noma-2.png 300w, https:\/\/www.waterskis.lv\/wp-content\/uploads\/2025\/01\/kajaku-noma-2-150x150.png 150w, https:\/\/www.waterskis.lv\/wp-content\/uploads\/2025\/01\/kajaku-noma-2-100x100.png 100w\" sizes=\"(max-width: 300px) 100vw, 300px\" \/><\/a><\/figure>\n\n\n\n<div class=\"wp-block-group\"><div class=\"wp-block-group__inner-container is-layout-flow wp-block-group-is-layout-flow\">\n<h3 class=\"wp-block-heading is-service-name has-medium-font-size\" style=\"font-style:normal;font-weight:700\"><a href=\"\/?page_id=5212\">Kajaku noma<\/a><\/h3>\n\n\n\n<p class=\"is-service-description\">Kajaku noma. Braucieni pa Lielupi, Bu\u013c\u013cupi, R\u012bgas j\u016bras l\u012bci.<\/p>\n<\/div><\/div>\n<\/div>\n<\/div>\n\n\n\n<div class=\"wp-block-columns alignwide is-layout-flex wp-container-core-columns-is-layout-41e3e26a wp-block-columns-is-layout-flex\">\n<div class=\"wp-block-column is-layout-flow wp-block-column-is-layout-flow\">\n<figure class=\"wp-block-image size-full is-resized\"><img decoding=\"async\" width=\"600\" height=\"397\" src=\"https:\/\/www.waterskis.lv\/wp-content\/uploads\/2025\/02\/airu-laivu-noma-2-1.png\" alt=\"Laivu noma\" class=\"wp-image-64253\" style=\"aspect-ratio:4\/3;object-fit:cover;width:360px\" srcset=\"https:\/\/www.waterskis.lv\/wp-content\/uploads\/2025\/02\/airu-laivu-noma-2-1.png 600w, https:\/\/www.waterskis.lv\/wp-content\/uploads\/2025\/02\/airu-laivu-noma-2-1-300x199.png 300w\" sizes=\"(max-width: 600px) 100vw, 600px\" \/><\/figure>\n\n\n\n<h3 class=\"wp-block-heading is-service-name has-medium-font-size\" style=\"font-style:normal;font-weight:700\"><a href=\"\/?page_id=8328\">Laivu noma<\/a><\/h3>\n\n\n\n<p class=\"is-service-description\">Laivu noma atp\u016btai un mak\u0161\u0137er\u0113\u0161anai. Mak\u0161\u0137er\u0101\u0161ana no laivas Lielup\u0113 at\u013cauta no 1. maija. Motoru noma. Slips. Auto st\u0101vvieta.<\/p>\n<\/div>\n\n\n\n<div class=\"wp-block-column is-layout-flow wp-block-column-is-layout-flow\">\n<figure class=\"wp-block-image size-full is-resized\"><a href=\"\/?page_id=5176\"><img decoding=\"async\" width=\"600\" height=\"397\" src=\"https:\/\/www.waterskis.lv\/wp-content\/uploads\/2025\/01\/Atputas-vietas-pasakumi.png\" alt=\"\" class=\"wp-image-60464\" style=\"aspect-ratio:4\/3;object-fit:cover;width:360px\" srcset=\"https:\/\/www.waterskis.lv\/wp-content\/uploads\/2025\/01\/Atputas-vietas-pasakumi.png 600w, https:\/\/www.waterskis.lv\/wp-content\/uploads\/2025\/01\/Atputas-vietas-pasakumi-300x199.png 300w\" sizes=\"(max-width: 600px) 100vw, 600px\" \/><\/a><\/figure>\n\n\n\n<div class=\"wp-block-group\"><div class=\"wp-block-group__inner-container is-layout-flow wp-block-group-is-layout-flow\">\n<h3 class=\"wp-block-heading is-service-name has-medium-font-size\" style=\"font-style:normal;font-weight:700\"><a href=\"\/?page_id=5176\">Atp\u016btas vietas. Korporat\u012bvi pas\u0101kumi<\/a><\/h3>\n\n\n\n<p class=\"is-service-description\">Atp\u016btas vietas. Korporat\u012bvi pas\u0101kumi. Sporta sp\u0113les, salied\u0113\u0161an\u0101s, vecpui\u0161u un vecmeitu ball\u012btes, b\u0113rnu un \u0123ime\u0146u sv\u0113tki, koncerti J\u016brmal\u0101.<\/p>\n<\/div><\/div>\n<\/div>\n\n\n\n<div class=\"wp-block-column is-layout-flow wp-block-column-is-layout-flow\">\n<figure class=\"wp-block-image size-full is-resized\"><a href=\"\/?page_id=60369\"><img decoding=\"async\" width=\"600\" height=\"397\" src=\"https:\/\/www.waterskis.lv\/wp-content\/uploads\/2025\/01\/udensslepju-veikborda-noma.png\" alt=\"\" class=\"wp-image-69647\" style=\"aspect-ratio:4\/3;object-fit:cover;width:360px\" srcset=\"https:\/\/www.waterskis.lv\/wp-content\/uploads\/2025\/01\/udensslepju-veikborda-noma.png 600w, https:\/\/www.waterskis.lv\/wp-content\/uploads\/2025\/01\/udensslepju-veikborda-noma-300x199.png 300w\" sizes=\"(max-width: 600px) 100vw, 600px\" \/><\/a><\/figure>\n\n\n\n<div class=\"wp-block-group\"><div class=\"wp-block-group__inner-container is-layout-flow wp-block-group-is-layout-flow\">\n<h3 class=\"wp-block-heading is-service-name has-medium-font-size\" style=\"font-style:normal;font-weight:700\"><a href=\"\/?page_id=60369\">\u016adenssporta invent\u0101ra noma<\/a><\/h3>\n\n\n\n<p class=\"is-service-description\">Nav sava invent\u0101ra? Pie mums var iznom\u0101t \u016bdenssl\u0113pes, veikborda d\u0113\u013cus, veiks\u0113rfus, SUP, hidrot\u0113rpus, gl\u0101b\u0161anas vestes, piep\u016b\u0161amos p\u016b\u0161\u013cus.<\/p>\n<\/div><\/div>\n<\/div>\n<\/div>\n\n\n\n<div style=\"height:0px\" aria-hidden=\"true\" class=\"wp-block-spacer\"><\/div>\n<\/div><\/div>\n\n\n\n<div class=\"wp-block-group alignfull is-content-justification-center\" style=\"margin-top:0;margin-bottom:0;padding-top:calc( 0.5 * var(--wp--style--root--padding-right, var(--wp--custom--gap--horizontal)));padding-right:var(--wp--style--root--padding-right, var(--wp--custom--gap--horizontal));padding-bottom:calc( 0.5 * var(--wp--style--root--padding-right, var(--wp--custom--gap--horizontal)));padding-left:var(--wp--style--root--padding-left, var(--wp--custom--gap--horizontal))\"><div class=\"wp-block-group__inner-container is-layout-constrained wp-container-core-group-is-layout-b073b61b wp-block-group-is-layout-constrained\">\n<div style=\"height:0px\" aria-hidden=\"true\" class=\"wp-block-spacer\"><\/div>\n\n\n\n<div class=\"wp-block-columns alignwide is-layout-flex wp-container-core-columns-is-layout-41e3e26a wp-block-columns-is-layout-flex\">\n<div class=\"wp-block-column is-layout-flow wp-block-column-is-layout-flow\">\n<figure class=\"wp-block-image size-full is-resized\"><a href=\"\/?page_id=60832\"><img decoding=\"async\" width=\"300\" height=\"300\" src=\"https:\/\/www.waterskis.lv\/wp-content\/uploads\/2025\/01\/Katamaran-noma.png\" alt=\"\" class=\"wp-image-69649\" style=\"aspect-ratio:4\/3;object-fit:cover;width:360px\" srcset=\"https:\/\/www.waterskis.lv\/wp-content\/uploads\/2025\/01\/Katamaran-noma.png 300w, https:\/\/www.waterskis.lv\/wp-content\/uploads\/2025\/01\/Katamaran-noma-150x150.png 150w, https:\/\/www.waterskis.lv\/wp-content\/uploads\/2025\/01\/Katamaran-noma-100x100.png 100w\" sizes=\"(max-width: 300px) 100vw, 300px\" \/><\/a><\/figure>\n\n\n\n<h3 class=\"wp-block-heading is-service-name has-medium-font-size\" style=\"font-style:normal;font-weight:700\"><a href=\"\/?page_id=60832\">\u016adens velosip\u0113du noma<\/a><\/h3>\n\n\n\n<p class=\"is-service-description\">Kop\u0101 jautr\u0101k! Laiski sau\u013coties, bezbail\u012bgi nolaisties no kalni\u0146a vai doties pret\u012b j\u016brai var braucien\u0101 ar katamar\u0101nu 4 draugu komp\u0101nij\u0101.<\/p>\n<\/div>\n\n\n\n<div class=\"wp-block-column is-layout-flow wp-block-column-is-layout-flow\">\n<figure class=\"wp-block-image size-full is-resized\"><a href=\"\/?page_id=60837\"><img decoding=\"async\" width=\"300\" height=\"300\" src=\"https:\/\/www.waterskis.lv\/wp-content\/uploads\/2025\/01\/sup-noma.png\" alt=\"\" class=\"wp-image-69651\" style=\"aspect-ratio:4\/3;object-fit:cover;width:360px;height:auto\" srcset=\"https:\/\/www.waterskis.lv\/wp-content\/uploads\/2025\/01\/sup-noma.png 300w, https:\/\/www.waterskis.lv\/wp-content\/uploads\/2025\/01\/sup-noma-150x150.png 150w, https:\/\/www.waterskis.lv\/wp-content\/uploads\/2025\/01\/sup-noma-100x100.png 100w\" sizes=\"(max-width: 300px) 100vw, 300px\" \/><\/a><\/figure>\n\n\n\n<div style=\"height:0px\" aria-hidden=\"true\" class=\"wp-block-spacer\"><\/div>\n\n\n\n<div class=\"wp-block-group\"><div class=\"wp-block-group__inner-container is-layout-flow wp-block-group-is-layout-flow\">\n<h3 class=\"wp-block-heading is-service-name has-medium-font-size\" style=\"font-style:normal;font-weight:700\"><a href=\"\/?page_id=60837\">SUP joga<\/a><\/h3>\n\n\n\n<p>SUP Joga. Katru ned\u0113\u013cu notiek SUP jogas nodarb\u012bbas. Atkar\u012bb\u0101 no laika apst\u0101k\u013ciem nodarb\u012bbu laiki var main\u012bties vai notikt iek\u0161telp\u0101s.<\/p>\n<\/div><\/div>\n<\/div>\n\n\n\n<div class=\"wp-block-column is-layout-flow wp-block-column-is-layout-flow\">\n<figure class=\"wp-block-image size-full is-resized\"><a href=\"\/?page_id=60846\"><img decoding=\"async\" width=\"300\" height=\"300\" src=\"https:\/\/www.waterskis.lv\/wp-content\/uploads\/2025\/01\/Brauciens-ar-piepusamo-pusli-1-2.png\" alt=\"\" class=\"wp-image-69643\" style=\"aspect-ratio:4\/3;object-fit:cover;width:360px;height:auto\" srcset=\"https:\/\/www.waterskis.lv\/wp-content\/uploads\/2025\/01\/Brauciens-ar-piepusamo-pusli-1-2.png 300w, https:\/\/www.waterskis.lv\/wp-content\/uploads\/2025\/01\/Brauciens-ar-piepusamo-pusli-1-2-150x150.png 150w, https:\/\/www.waterskis.lv\/wp-content\/uploads\/2025\/01\/Brauciens-ar-piepusamo-pusli-1-2-100x100.png 100w\" sizes=\"(max-width: 300px) 100vw, 300px\" \/><\/a><\/figure>\n\n\n\n<div style=\"height:0px\" aria-hidden=\"true\" class=\"wp-block-spacer\"><\/div>\n\n\n\n<div class=\"wp-block-group\"><div class=\"wp-block-group__inner-container is-layout-flow wp-block-group-is-layout-flow\">\n<h3 class=\"wp-block-heading is-service-name has-medium-font-size\" style=\"font-style:normal;font-weight:700\"><a href=\"\/?page_id=60846\">Brauciens ar piep\u016b\u0161amo p\u016bsli <\/a><\/h3>\n\n\n\n<p class=\"is-service-description\">Sa\u0137er emocijas un adrenal\u012bnu, turies stingri un dodies pret\u012b piedz\u012bvojumam caur \u0161\u013cakat\u0101m un smiekliem ar piep\u016b\u0161amo p\u016bsli!<\/p>\n<\/div><\/div>\n<\/div>\n<\/div>\n\n\n\n<div style=\"height:0px\" aria-hidden=\"true\" class=\"wp-block-spacer\"><\/div>\n<\/div><\/div>\n\n<p><\/p>\n","protected":false},"excerpt":{"rendered":"<p> [&#8230;]<\/p>\n<p><a class=\"btn btn-secondary understrap-read-more-link\" href=\"https:\/\/www.waterskis.lv\/en\/services\/\">Read More&#8230;<\/a><\/p>\n","protected":false},"author":5,"featured_media":0,"parent":0,"menu_order":0,"comment_status":"closed","ping_status":"closed","template":"","meta":{"_acf_changed":false,"inline_featured_image":false,"footnotes":""},"class_list":["post-65922","page","type-page","status-publish","hentry"],"acf":[],"yoast_head":"<!-- This site is optimized with the Yoast SEO plugin v27.5 - https:\/\/yoast.com\/product\/yoast-seo-wordpress\/ -->\n<title>Services - WATERSKIS.LV<\/title>\n<meta name=\"description\" content=\"SPORTS and LEISURE in Jurmala, Priedaine, on the Lielupe River. All in one site at the Jurmala Water skiing and Wakeboarding Park! Water skiing wakeboarding\" \/>\n<meta name=\"robots\" content=\"index, follow, max-snippet:-1, max-image-preview:large, max-video-preview:-1\" \/>\n<link rel=\"canonical\" href=\"https:\/\/www.waterskis.lv\/en\/services\/\" \/>\n<meta property=\"og:locale\" content=\"en_US\" \/>\n<meta property=\"og:type\" content=\"article\" \/>\n<meta property=\"og:title\" content=\"Services\" \/>\n<meta property=\"og:description\" content=\"SPORTS and LEISURE in Jurmala, Priedaine, on the Lielupe River. All in one site at the Jurmala Water skiing and Wakeboarding Park! Water skiing wakeboarding\" \/>\n<meta property=\"og:url\" content=\"https:\/\/www.waterskis.lv\/en\/services\/\" \/>\n<meta property=\"og:site_name\" content=\"WATERSKIS.LV\" \/>\n<meta property=\"article:publisher\" content=\"https:\/\/www.facebook.com\/jurmalawaterskiwakeboardpark\/\" \/>\n<meta property=\"article:modified_time\" content=\"2025-05-16T16:35:29+00:00\" \/>\n<meta property=\"og:image\" content=\"https:\/\/www.waterskis.lv\/wp-content\/uploads\/2019\/02\/\u016aDENSSLEPO\u0160ANA-700x467.jpg\" \/>\n<meta name=\"twitter:card\" content=\"summary_large_image\" \/>\n<script type=\"application\/ld+json\" class=\"yoast-schema-graph\">{\"@context\":\"https:\\\/\\\/schema.org\",\"@graph\":[{\"@type\":\"WebPage\",\"@id\":\"https:\\\/\\\/www.waterskis.lv\\\/en\\\/services\\\/\",\"url\":\"https:\\\/\\\/www.waterskis.lv\\\/en\\\/services\\\/\",\"name\":\"Services - WATERSKIS.LV\",\"isPartOf\":{\"@id\":\"https:\\\/\\\/www.waterskis.lv\\\/en\\\/#website\"},\"datePublished\":\"2025-05-14T16:06:07+00:00\",\"dateModified\":\"2025-05-16T16:35:29+00:00\",\"description\":\"SPORTS and LEISURE in Jurmala, Priedaine, on the Lielupe River. All in one site at the Jurmala Water skiing and Wakeboarding Park! Water skiing wakeboarding\",\"breadcrumb\":{\"@id\":\"https:\\\/\\\/www.waterskis.lv\\\/en\\\/services\\\/#breadcrumb\"},\"inLanguage\":\"en-US\",\"potentialAction\":[{\"@type\":\"ReadAction\",\"target\":[\"https:\\\/\\\/www.waterskis.lv\\\/en\\\/services\\\/\"]}]},{\"@type\":\"BreadcrumbList\",\"@id\":\"https:\\\/\\\/www.waterskis.lv\\\/en\\\/services\\\/#breadcrumb\",\"itemListElement\":[{\"@type\":\"ListItem\",\"position\":1,\"name\":\"Home\",\"item\":\"https:\\\/\\\/www.waterskis.lv\\\/en\\\/\"},{\"@type\":\"ListItem\",\"position\":2,\"name\":\"Services\"}]},{\"@type\":\"WebSite\",\"@id\":\"https:\\\/\\\/www.waterskis.lv\\\/en\\\/#website\",\"url\":\"https:\\\/\\\/www.waterskis.lv\\\/en\\\/\",\"name\":\"WATERSKIS.LV\",\"description\":\"SUP d\u0113\u013ci, kajaki, kanoe, airu laivas, \u016bdenssl\u0113po\u0161ana, veikbords, SUP d\u0113\u013cu noma, kajaku nomaakt\u012bv\u0101s atp\u016btas centrs, laivu noma, sup noma, kajaku noma\",\"publisher\":{\"@id\":\"https:\\\/\\\/www.waterskis.lv\\\/en\\\/#organization\"},\"potentialAction\":[{\"@type\":\"SearchAction\",\"target\":{\"@type\":\"EntryPoint\",\"urlTemplate\":\"https:\\\/\\\/www.waterskis.lv\\\/en\\\/?s={search_term_string}\"},\"query-input\":{\"@type\":\"PropertyValueSpecification\",\"valueRequired\":true,\"valueName\":\"search_term_string\"}}],\"inLanguage\":\"en-US\"},{\"@type\":\"Organization\",\"@id\":\"https:\\\/\\\/www.waterskis.lv\\\/en\\\/#organization\",\"name\":\"WATERSKIS.LV\",\"url\":\"https:\\\/\\\/www.waterskis.lv\\\/en\\\/\",\"logo\":{\"@type\":\"ImageObject\",\"inLanguage\":\"en-US\",\"@id\":\"https:\\\/\\\/www.waterskis.lv\\\/en\\\/#\\\/schema\\\/logo\\\/image\\\/\",\"url\":\"https:\\\/\\\/www.waterskis.lv\\\/wp-content\\\/uploads\\\/2025\\\/01\\\/JUVP-logo.png\",\"contentUrl\":\"https:\\\/\\\/www.waterskis.lv\\\/wp-content\\\/uploads\\\/2025\\\/01\\\/JUVP-logo.png\",\"width\":421,\"height\":202,\"caption\":\"WATERSKIS.LV\"},\"image\":{\"@id\":\"https:\\\/\\\/www.waterskis.lv\\\/en\\\/#\\\/schema\\\/logo\\\/image\\\/\"},\"sameAs\":[\"https:\\\/\\\/www.facebook.com\\\/jurmalawaterskiwakeboardpark\\\/\"]}]}<\/script>\n<!-- \/ Yoast SEO plugin. -->","yoast_head_json":{"title":"Services - WATERSKIS.LV","description":"SPORTS and LEISURE in Jurmala, Priedaine, on the Lielupe River. All in one site at the Jurmala Water skiing and Wakeboarding Park! Water skiing wakeboarding","robots":{"index":"index","follow":"follow","max-snippet":"max-snippet:-1","max-image-preview":"max-image-preview:large","max-video-preview":"max-video-preview:-1"},"canonical":"https:\/\/www.waterskis.lv\/en\/services\/","og_locale":"en_US","og_type":"article","og_title":"Services","og_description":"SPORTS and LEISURE in Jurmala, Priedaine, on the Lielupe River. All in one site at the Jurmala Water skiing and Wakeboarding Park! Water skiing wakeboarding","og_url":"https:\/\/www.waterskis.lv\/en\/services\/","og_site_name":"WATERSKIS.LV","article_publisher":"https:\/\/www.facebook.com\/jurmalawaterskiwakeboardpark\/","article_modified_time":"2025-05-16T16:35:29+00:00","og_image":[{"url":"https:\/\/www.waterskis.lv\/wp-content\/uploads\/2019\/02\/\u016aDENSSLEPO\u0160ANA-700x467.jpg","type":"","width":"","height":""}],"twitter_card":"summary_large_image","schema":{"@context":"https:\/\/schema.org","@graph":[{"@type":"WebPage","@id":"https:\/\/www.waterskis.lv\/en\/services\/","url":"https:\/\/www.waterskis.lv\/en\/services\/","name":"Services - WATERSKIS.LV","isPartOf":{"@id":"https:\/\/www.waterskis.lv\/en\/#website"},"datePublished":"2025-05-14T16:06:07+00:00","dateModified":"2025-05-16T16:35:29+00:00","description":"SPORTS and LEISURE in Jurmala, Priedaine, on the Lielupe River. All in one site at the Jurmala Water skiing and Wakeboarding Park! Water skiing wakeboarding","breadcrumb":{"@id":"https:\/\/www.waterskis.lv\/en\/services\/#breadcrumb"},"inLanguage":"en-US","potentialAction":[{"@type":"ReadAction","target":["https:\/\/www.waterskis.lv\/en\/services\/"]}]},{"@type":"BreadcrumbList","@id":"https:\/\/www.waterskis.lv\/en\/services\/#breadcrumb","itemListElement":[{"@type":"ListItem","position":1,"name":"Home","item":"https:\/\/www.waterskis.lv\/en\/"},{"@type":"ListItem","position":2,"name":"Services"}]},{"@type":"WebSite","@id":"https:\/\/www.waterskis.lv\/en\/#website","url":"https:\/\/www.waterskis.lv\/en\/","name":"WATERSKIS.LV","description":"SUP d\u0113\u013ci, kajaki, kanoe, airu laivas, \u016bdenssl\u0113po\u0161ana, veikbords, SUP d\u0113\u013cu noma, kajaku nomaakt\u012bv\u0101s atp\u016btas centrs, laivu noma, sup noma, kajaku noma","publisher":{"@id":"https:\/\/www.waterskis.lv\/en\/#organization"},"potentialAction":[{"@type":"SearchAction","target":{"@type":"EntryPoint","urlTemplate":"https:\/\/www.waterskis.lv\/en\/?s={search_term_string}"},"query-input":{"@type":"PropertyValueSpecification","valueRequired":true,"valueName":"search_term_string"}}],"inLanguage":"en-US"},{"@type":"Organization","@id":"https:\/\/www.waterskis.lv\/en\/#organization","name":"WATERSKIS.LV","url":"https:\/\/www.waterskis.lv\/en\/","logo":{"@type":"ImageObject","inLanguage":"en-US","@id":"https:\/\/www.waterskis.lv\/en\/#\/schema\/logo\/image\/","url":"https:\/\/www.waterskis.lv\/wp-content\/uploads\/2025\/01\/JUVP-logo.png","contentUrl":"https:\/\/www.waterskis.lv\/wp-content\/uploads\/2025\/01\/JUVP-logo.png","width":421,"height":202,"caption":"WATERSKIS.LV"},"image":{"@id":"https:\/\/www.waterskis.lv\/en\/#\/schema\/logo\/image\/"},"sameAs":["https:\/\/www.facebook.com\/jurmalawaterskiwakeboardpark\/"]}]}},"_links":{"self":[{"href":"https:\/\/www.waterskis.lv\/en\/wp-json\/wp\/v2\/pages\/65922","targetHints":{"allow":["GET"]}}],"collection":[{"href":"https:\/\/www.waterskis.lv\/en\/wp-json\/wp\/v2\/pages"}],"about":[{"href":"https:\/\/www.waterskis.lv\/en\/wp-json\/wp\/v2\/types\/page"}],"author":[{"embeddable":true,"href":"https:\/\/www.waterskis.lv\/en\/wp-json\/wp\/v2\/users\/5"}],"replies":[{"embeddable":true,"href":"https:\/\/www.waterskis.lv\/en\/wp-json\/wp\/v2\/comments?post=65922"}],"version-history":[{"count":0,"href":"https:\/\/www.waterskis.lv\/en\/wp-json\/wp\/v2\/pages\/65922\/revisions"}],"wp:attachment":[{"href":"https:\/\/www.waterskis.lv\/en\/wp-json\/wp\/v2\/media?parent=65922"}],"curies":[{"name":"wp","href":"https:\/\/api.w.org\/{rel}","templated":true}]}}