{"id":70831,"date":"2026-01-17T19:47:33","date_gmt":"2026-01-17T17:47:33","guid":{"rendered":"https:\/\/www.waterskis.lv\/?page_id=70831"},"modified":"2026-01-18T17:45:46","modified_gmt":"2026-01-18T15:45:46","slug":"watersports-equipment-rental","status":"publish","type":"page","link":"https:\/\/www.waterskis.lv\/en\/watersports-equipment-rental\/","title":{"rendered":"Watersports equipment rental"},"content":{"rendered":"\n<p>Don&#8217;t have your own equipment? You can rent waterskis, wakeboards, wakesurfers, SUPs, wetsuits, life jackets, inflatable towables, etc.<\/p>\n\n\n\n<p><strong>Reservation:<\/strong><\/p>\n\n\n\n<p>Ph. +371 28067676, info@waterskis.lv<\/p>\n\n\n\n<p>www.waterskis.lv<\/p>\n\n\n\n<figure class=\"wp-block-table\"><table class=\"has-fixed-layout\"><tbody><tr><td><strong>Item<\/strong><\/td><td><strong>Price EUR per day*<\/strong><\/td><td><strong>Deposit EUR<\/strong><\/td><\/tr><tr><td>Kids platform trainer waterski<\/td><td>20<\/td><td>50<\/td><\/tr><tr><td>Waterskis<\/td><td>30<\/td><td>50<\/td><\/tr><tr><td>Wakeboard<\/td><td>30<\/td><td>50<\/td><\/tr><tr><td>Waksurf<\/td><td>30<\/td><td>50<\/td><\/tr><tr><td>Kneeboard <\/td><td>30<\/td><td>50<\/td><\/tr><tr><td>SUP board<\/td><td>30<\/td><td>50<\/td><\/tr><tr><td>Inflatable towable<\/td><td>30<\/td><td>50<\/td><\/tr><tr><td>Wetsuit full<\/td><td>15<\/td><td>15<\/td><\/tr><tr><td>Wetsuit short<\/td><td>10<\/td><td>15<\/td><\/tr><tr><td>Helmet<\/td><td>10<\/td><td>15<\/td><\/tr><tr><td>Life jacket<\/td><td>5<\/td><td>15<\/td><\/tr><\/tbody><\/table><\/figure>\n\n\n\n<ul class=\"wp-block-list\">\n<li>Day from 9 am till 9 am next day<\/li>\n<\/ul>\n\n\n\n<p>Rental rules<\/p>\n\n\n\n<figure class=\"wp-block-image size-full\"><img decoding=\"async\" width=\"600\" height=\"397\" src=\"https:\/\/www.waterskis.lv\/wp-content\/uploads\/2026\/01\/image-8.png\" alt=\"\" class=\"wp-image-70839\" srcset=\"https:\/\/www.waterskis.lv\/wp-content\/uploads\/2026\/01\/image-8.png 600w, https:\/\/www.waterskis.lv\/wp-content\/uploads\/2026\/01\/image-8-300x199.png 300w\" sizes=\"(max-width: 600px) 100vw, 600px\" \/><\/figure>\n","protected":false},"excerpt":{"rendered":"<p>Don&#8217;t have your own equipment? You can rent waterskis, wakeboards, wakesurfers, SUPs, wetsuits, life jackets, inflatable towables, etc. Reservation: Ph. +371 28067676, info@waterskis.lv www.waterskis.lv Item Price EUR per day* Deposit EUR Kids platform trainer waterski 20 50 Waterskis 30 50 Wakeboard 30 50 Waksurf 30 50 Kneeboard 30 50 SUP board 30 50 Inflatable towable [&#8230;]<\/p>\n<p><a class=\"btn btn-secondary understrap-read-more-link\" href=\"https:\/\/www.waterskis.lv\/en\/watersports-equipment-rental\/\">Read More&#8230;<\/a><\/p>\n","protected":false},"author":6,"featured_media":0,"parent":0,"menu_order":0,"comment_status":"closed","ping_status":"closed","template":"","meta":{"_acf_changed":false,"inline_featured_image":false,"footnotes":""},"class_list":["post-70831","page","type-page","status-publish","hentry"],"acf":[],"yoast_head":"<!-- This site is optimized with the Yoast SEO plugin v27.5 - https:\/\/yoast.com\/product\/yoast-seo-wordpress\/ -->\n<title>Watersports equipment rental - WATERSKIS.LV<\/title>\n<meta name=\"description\" content=\"Watersports equipment rental. You can rent waterskis, wakeboards, wakesurfers, SUPs, wetsuits, life jackets, inflatable towables, etc.\" \/>\n<meta name=\"robots\" content=\"index, follow, max-snippet:-1, max-image-preview:large, max-video-preview:-1\" \/>\n<link rel=\"canonical\" href=\"https:\/\/www.waterskis.lv\/en\/watersports-equipment-rental\/\" \/>\n<meta property=\"og:locale\" content=\"en_US\" \/>\n<meta property=\"og:type\" content=\"article\" \/>\n<meta property=\"og:title\" content=\"Watersports equipment rental - WATERSKIS.LV\" \/>\n<meta property=\"og:description\" content=\"Watersports equipment rental. You can rent waterskis, wakeboards, wakesurfers, SUPs, wetsuits, life jackets, inflatable towables, etc.\" \/>\n<meta property=\"og:url\" content=\"https:\/\/www.waterskis.lv\/en\/watersports-equipment-rental\/\" \/>\n<meta property=\"og:site_name\" content=\"WATERSKIS.LV\" \/>\n<meta property=\"article:publisher\" content=\"https:\/\/www.facebook.com\/jurmalawaterskiwakeboardpark\/\" \/>\n<meta property=\"article:modified_time\" content=\"2026-01-18T15:45:46+00:00\" \/>\n<meta property=\"og:image\" content=\"https:\/\/www.waterskis.lv\/wp-content\/uploads\/2025\/01\/udensslepju-veikborda-noma-1.png\" \/>\n\t<meta property=\"og:image:width\" content=\"600\" \/>\n\t<meta property=\"og:image:height\" content=\"397\" \/>\n\t<meta property=\"og:image:type\" content=\"image\/png\" \/>\n<meta name=\"twitter:card\" content=\"summary_large_image\" \/>\n<meta name=\"twitter:label1\" content=\"Est. reading time\" \/>\n\t<meta name=\"twitter:data1\" content=\"1 minute\" \/>\n<script type=\"application\/ld+json\" class=\"yoast-schema-graph\">{\"@context\":\"https:\\\/\\\/schema.org\",\"@graph\":[{\"@type\":\"WebPage\",\"@id\":\"https:\\\/\\\/www.waterskis.lv\\\/en\\\/watersports-equipment-rental\\\/\",\"url\":\"https:\\\/\\\/www.waterskis.lv\\\/en\\\/watersports-equipment-rental\\\/\",\"name\":\"Watersports equipment rental - WATERSKIS.LV\",\"isPartOf\":{\"@id\":\"https:\\\/\\\/www.waterskis.lv\\\/en\\\/#website\"},\"primaryImageOfPage\":{\"@id\":\"https:\\\/\\\/www.waterskis.lv\\\/en\\\/watersports-equipment-rental\\\/#primaryimage\"},\"image\":{\"@id\":\"https:\\\/\\\/www.waterskis.lv\\\/en\\\/watersports-equipment-rental\\\/#primaryimage\"},\"thumbnailUrl\":\"https:\\\/\\\/www.waterskis.lv\\\/wp-content\\\/uploads\\\/2026\\\/01\\\/image-8.png\",\"datePublished\":\"2026-01-17T17:47:33+00:00\",\"dateModified\":\"2026-01-18T15:45:46+00:00\",\"description\":\"Watersports equipment rental. You can rent waterskis, wakeboards, wakesurfers, SUPs, wetsuits, life jackets, inflatable towables, etc.\",\"breadcrumb\":{\"@id\":\"https:\\\/\\\/www.waterskis.lv\\\/en\\\/watersports-equipment-rental\\\/#breadcrumb\"},\"inLanguage\":\"en-US\",\"potentialAction\":[{\"@type\":\"ReadAction\",\"target\":[\"https:\\\/\\\/www.waterskis.lv\\\/en\\\/watersports-equipment-rental\\\/\"]}]},{\"@type\":\"ImageObject\",\"inLanguage\":\"en-US\",\"@id\":\"https:\\\/\\\/www.waterskis.lv\\\/en\\\/watersports-equipment-rental\\\/#primaryimage\",\"url\":\"https:\\\/\\\/www.waterskis.lv\\\/wp-content\\\/uploads\\\/2026\\\/01\\\/image-8.png\",\"contentUrl\":\"https:\\\/\\\/www.waterskis.lv\\\/wp-content\\\/uploads\\\/2026\\\/01\\\/image-8.png\"},{\"@type\":\"BreadcrumbList\",\"@id\":\"https:\\\/\\\/www.waterskis.lv\\\/en\\\/watersports-equipment-rental\\\/#breadcrumb\",\"itemListElement\":[{\"@type\":\"ListItem\",\"position\":1,\"name\":\"Home\",\"item\":\"https:\\\/\\\/www.waterskis.lv\\\/en\\\/\"},{\"@type\":\"ListItem\",\"position\":2,\"name\":\"Watersports equipment rental\"}]},{\"@type\":\"WebSite\",\"@id\":\"https:\\\/\\\/www.waterskis.lv\\\/en\\\/#website\",\"url\":\"https:\\\/\\\/www.waterskis.lv\\\/en\\\/\",\"name\":\"WATERSKIS.LV\",\"description\":\"SUP d\u0113\u013ci, kajaki, kanoe, airu laivas, \u016bdenssl\u0113po\u0161ana, veikbords, SUP d\u0113\u013cu noma, kajaku nomaakt\u012bv\u0101s atp\u016btas centrs, laivu noma, sup noma, kajaku noma\",\"publisher\":{\"@id\":\"https:\\\/\\\/www.waterskis.lv\\\/en\\\/#organization\"},\"potentialAction\":[{\"@type\":\"SearchAction\",\"target\":{\"@type\":\"EntryPoint\",\"urlTemplate\":\"https:\\\/\\\/www.waterskis.lv\\\/en\\\/?s={search_term_string}\"},\"query-input\":{\"@type\":\"PropertyValueSpecification\",\"valueRequired\":true,\"valueName\":\"search_term_string\"}}],\"inLanguage\":\"en-US\"},{\"@type\":\"Organization\",\"@id\":\"https:\\\/\\\/www.waterskis.lv\\\/en\\\/#organization\",\"name\":\"WATERSKIS.LV\",\"url\":\"https:\\\/\\\/www.waterskis.lv\\\/en\\\/\",\"logo\":{\"@type\":\"ImageObject\",\"inLanguage\":\"en-US\",\"@id\":\"https:\\\/\\\/www.waterskis.lv\\\/en\\\/#\\\/schema\\\/logo\\\/image\\\/\",\"url\":\"https:\\\/\\\/www.waterskis.lv\\\/wp-content\\\/uploads\\\/2025\\\/01\\\/JUVP-logo.png\",\"contentUrl\":\"https:\\\/\\\/www.waterskis.lv\\\/wp-content\\\/uploads\\\/2025\\\/01\\\/JUVP-logo.png\",\"width\":421,\"height\":202,\"caption\":\"WATERSKIS.LV\"},\"image\":{\"@id\":\"https:\\\/\\\/www.waterskis.lv\\\/en\\\/#\\\/schema\\\/logo\\\/image\\\/\"},\"sameAs\":[\"https:\\\/\\\/www.facebook.com\\\/jurmalawaterskiwakeboardpark\\\/\"]}]}<\/script>\n<!-- \/ Yoast SEO plugin. -->","yoast_head_json":{"title":"Watersports equipment rental - WATERSKIS.LV","description":"Watersports equipment rental. You can rent waterskis, wakeboards, wakesurfers, SUPs, wetsuits, life jackets, inflatable towables, etc.","robots":{"index":"index","follow":"follow","max-snippet":"max-snippet:-1","max-image-preview":"max-image-preview:large","max-video-preview":"max-video-preview:-1"},"canonical":"https:\/\/www.waterskis.lv\/en\/watersports-equipment-rental\/","og_locale":"en_US","og_type":"article","og_title":"Watersports equipment rental - WATERSKIS.LV","og_description":"Watersports equipment rental. You can rent waterskis, wakeboards, wakesurfers, SUPs, wetsuits, life jackets, inflatable towables, etc.","og_url":"https:\/\/www.waterskis.lv\/en\/watersports-equipment-rental\/","og_site_name":"WATERSKIS.LV","article_publisher":"https:\/\/www.facebook.com\/jurmalawaterskiwakeboardpark\/","article_modified_time":"2026-01-18T15:45:46+00:00","og_image":[{"width":600,"height":397,"url":"https:\/\/www.waterskis.lv\/wp-content\/uploads\/2025\/01\/udensslepju-veikborda-noma-1.png","type":"image\/png"}],"twitter_card":"summary_large_image","twitter_misc":{"Est. reading time":"1 minute"},"schema":{"@context":"https:\/\/schema.org","@graph":[{"@type":"WebPage","@id":"https:\/\/www.waterskis.lv\/en\/watersports-equipment-rental\/","url":"https:\/\/www.waterskis.lv\/en\/watersports-equipment-rental\/","name":"Watersports equipment rental - WATERSKIS.LV","isPartOf":{"@id":"https:\/\/www.waterskis.lv\/en\/#website"},"primaryImageOfPage":{"@id":"https:\/\/www.waterskis.lv\/en\/watersports-equipment-rental\/#primaryimage"},"image":{"@id":"https:\/\/www.waterskis.lv\/en\/watersports-equipment-rental\/#primaryimage"},"thumbnailUrl":"https:\/\/www.waterskis.lv\/wp-content\/uploads\/2026\/01\/image-8.png","datePublished":"2026-01-17T17:47:33+00:00","dateModified":"2026-01-18T15:45:46+00:00","description":"Watersports equipment rental. You can rent waterskis, wakeboards, wakesurfers, SUPs, wetsuits, life jackets, inflatable towables, etc.","breadcrumb":{"@id":"https:\/\/www.waterskis.lv\/en\/watersports-equipment-rental\/#breadcrumb"},"inLanguage":"en-US","potentialAction":[{"@type":"ReadAction","target":["https:\/\/www.waterskis.lv\/en\/watersports-equipment-rental\/"]}]},{"@type":"ImageObject","inLanguage":"en-US","@id":"https:\/\/www.waterskis.lv\/en\/watersports-equipment-rental\/#primaryimage","url":"https:\/\/www.waterskis.lv\/wp-content\/uploads\/2026\/01\/image-8.png","contentUrl":"https:\/\/www.waterskis.lv\/wp-content\/uploads\/2026\/01\/image-8.png"},{"@type":"BreadcrumbList","@id":"https:\/\/www.waterskis.lv\/en\/watersports-equipment-rental\/#breadcrumb","itemListElement":[{"@type":"ListItem","position":1,"name":"Home","item":"https:\/\/www.waterskis.lv\/en\/"},{"@type":"ListItem","position":2,"name":"Watersports equipment rental"}]},{"@type":"WebSite","@id":"https:\/\/www.waterskis.lv\/en\/#website","url":"https:\/\/www.waterskis.lv\/en\/","name":"WATERSKIS.LV","description":"SUP d\u0113\u013ci, kajaki, kanoe, airu laivas, \u016bdenssl\u0113po\u0161ana, veikbords, SUP d\u0113\u013cu noma, kajaku nomaakt\u012bv\u0101s atp\u016btas centrs, laivu noma, sup noma, kajaku noma","publisher":{"@id":"https:\/\/www.waterskis.lv\/en\/#organization"},"potentialAction":[{"@type":"SearchAction","target":{"@type":"EntryPoint","urlTemplate":"https:\/\/www.waterskis.lv\/en\/?s={search_term_string}"},"query-input":{"@type":"PropertyValueSpecification","valueRequired":true,"valueName":"search_term_string"}}],"inLanguage":"en-US"},{"@type":"Organization","@id":"https:\/\/www.waterskis.lv\/en\/#organization","name":"WATERSKIS.LV","url":"https:\/\/www.waterskis.lv\/en\/","logo":{"@type":"ImageObject","inLanguage":"en-US","@id":"https:\/\/www.waterskis.lv\/en\/#\/schema\/logo\/image\/","url":"https:\/\/www.waterskis.lv\/wp-content\/uploads\/2025\/01\/JUVP-logo.png","contentUrl":"https:\/\/www.waterskis.lv\/wp-content\/uploads\/2025\/01\/JUVP-logo.png","width":421,"height":202,"caption":"WATERSKIS.LV"},"image":{"@id":"https:\/\/www.waterskis.lv\/en\/#\/schema\/logo\/image\/"},"sameAs":["https:\/\/www.facebook.com\/jurmalawaterskiwakeboardpark\/"]}]}},"_links":{"self":[{"href":"https:\/\/www.waterskis.lv\/en\/wp-json\/wp\/v2\/pages\/70831","targetHints":{"allow":["GET"]}}],"collection":[{"href":"https:\/\/www.waterskis.lv\/en\/wp-json\/wp\/v2\/pages"}],"about":[{"href":"https:\/\/www.waterskis.lv\/en\/wp-json\/wp\/v2\/types\/page"}],"author":[{"embeddable":true,"href":"https:\/\/www.waterskis.lv\/en\/wp-json\/wp\/v2\/users\/6"}],"replies":[{"embeddable":true,"href":"https:\/\/www.waterskis.lv\/en\/wp-json\/wp\/v2\/comments?post=70831"}],"version-history":[{"count":5,"href":"https:\/\/www.waterskis.lv\/en\/wp-json\/wp\/v2\/pages\/70831\/revisions"}],"predecessor-version":[{"id":71155,"href":"https:\/\/www.waterskis.lv\/en\/wp-json\/wp\/v2\/pages\/70831\/revisions\/71155"}],"wp:attachment":[{"href":"https:\/\/www.waterskis.lv\/en\/wp-json\/wp\/v2\/media?parent=70831"}],"curies":[{"name":"wp","href":"https:\/\/api.w.org\/{rel}","templated":true}]}}