{"id":70855,"date":"2025-02-03T18:26:06","date_gmt":"2025-02-03T16:26:06","guid":{"rendered":"https:\/\/www.waterskis.lv\/udens-velosipedu-noma\/"},"modified":"2026-01-23T12:18:41","modified_gmt":"2026-01-23T10:18:41","slug":"pedal-boat-rental","status":"publish","type":"page","link":"https:\/\/www.waterskis.lv\/en\/pedal-boat-rental\/","title":{"rendered":"Pedal Boat Rental"},"content":{"rendered":"\n<p>Pedal Boat Rental. It&#8217;s more fun together! Lazily sunbathe, fearlessly slide down a slide, or go to the sea on a pedalboat trip for 4 adults.<\/p>\n\n\n\n<p>Price:<\/p>\n\n\n\n<p>EUR 20\/ 1h<\/p>\n\n\n\n<p>every next hour EUR 10<\/p>\n\n\n\n<p>EUR 60 per day<\/p>\n\n\n\n<p><strong>Reservation:<\/strong><\/p>\n\n\n\n<p>Phone: +371 28067676<\/p>\n\n\n\n<p>e-mail: info@waterskis.lv<\/p>\n\n\n\n<p>www.waterskis.lv<\/p>\n\n\n\n<figure class=\"wp-block-gallery has-nested-images columns-default is-cropped wp-block-gallery-1 is-layout-flex wp-block-gallery-is-layout-flex\">\n<figure class=\"wp-block-image size-large\"><img decoding=\"async\" width=\"300\" height=\"300\" data-id=\"71940\" src=\"https:\/\/www.waterskis.lv\/wp-content\/uploads\/2026\/01\/image-131.png\" alt=\"\" class=\"wp-image-71940\" srcset=\"https:\/\/www.waterskis.lv\/wp-content\/uploads\/2026\/01\/image-131.png 300w, https:\/\/www.waterskis.lv\/wp-content\/uploads\/2026\/01\/image-131-150x150.png 150w, https:\/\/www.waterskis.lv\/wp-content\/uploads\/2026\/01\/image-131-100x100.png 100w\" sizes=\"(max-width: 300px) 100vw, 300px\" \/><\/figure>\n\n\n\n<figure class=\"wp-block-image size-large\"><img decoding=\"async\" width=\"600\" height=\"416\" data-id=\"71941\" src=\"https:\/\/www.waterskis.lv\/wp-content\/uploads\/2026\/01\/image-132.png\" alt=\"\" class=\"wp-image-71941\" srcset=\"https:\/\/www.waterskis.lv\/wp-content\/uploads\/2026\/01\/image-132.png 600w, https:\/\/www.waterskis.lv\/wp-content\/uploads\/2026\/01\/image-132-300x208.png 300w\" sizes=\"(max-width: 600px) 100vw, 600px\" \/><\/figure>\n<\/figure>\n\n\n\n<figure class=\"wp-block-gallery has-nested-images columns-default is-cropped wp-block-gallery-2 is-layout-flex wp-block-gallery-is-layout-flex\">\n<figure class=\"wp-block-image size-large\"><img decoding=\"async\" width=\"600\" height=\"400\" data-id=\"71942\" src=\"https:\/\/www.waterskis.lv\/wp-content\/uploads\/2026\/01\/image-133.png\" alt=\"\" class=\"wp-image-71942\" srcset=\"https:\/\/www.waterskis.lv\/wp-content\/uploads\/2026\/01\/image-133.png 600w, https:\/\/www.waterskis.lv\/wp-content\/uploads\/2026\/01\/image-133-300x200.png 300w\" sizes=\"(max-width: 600px) 100vw, 600px\" \/><\/figure>\n\n\n\n<figure class=\"wp-block-image size-large\"><img decoding=\"async\" width=\"554\" height=\"450\" data-id=\"71943\" src=\"https:\/\/www.waterskis.lv\/wp-content\/uploads\/2026\/01\/image-134.png\" alt=\"\" class=\"wp-image-71943\" srcset=\"https:\/\/www.waterskis.lv\/wp-content\/uploads\/2026\/01\/image-134.png 554w, https:\/\/www.waterskis.lv\/wp-content\/uploads\/2026\/01\/image-134-300x244.png 300w\" sizes=\"(max-width: 554px) 100vw, 554px\" \/><\/figure>\n<\/figure>\n","protected":false},"excerpt":{"rendered":"<p>Pedal Boat Rental. It&#8217;s more fun together! Lazily sunbathe, fearlessly slide down a slide, or go to the sea on a pedalboat trip for 4 adults. Price: EUR 20\/ 1h every next hour EUR 10 EUR 60 per day Reservation: Phone: +371 28067676 e-mail: info@waterskis.lv www.waterskis.lv [&#8230;]<\/p>\n<p><a class=\"btn btn-secondary understrap-read-more-link\" href=\"https:\/\/www.waterskis.lv\/en\/pedal-boat-rental\/\">Read More&#8230;<\/a><\/p>\n","protected":false},"author":4,"featured_media":13814,"parent":0,"menu_order":0,"comment_status":"closed","ping_status":"closed","template":"","meta":{"_acf_changed":false,"inline_featured_image":false,"footnotes":""},"class_list":["post-70855","page","type-page","status-publish","has-post-thumbnail","hentry"],"acf":[],"yoast_head":"<!-- This site is optimized with the Yoast SEO plugin v27.5 - https:\/\/yoast.com\/product\/yoast-seo-wordpress\/ -->\n<title>Pedal Boat Rental - WATERSKIS.LV<\/title>\n<meta name=\"description\" content=\"Pedal Boat Rental. It&#039;s more fun together! Lazily sunbathe, fearlessly slide down a slide, or go to the sea on a pedalboat trip for 4 adults.\" \/>\n<meta name=\"robots\" content=\"index, follow, max-snippet:-1, max-image-preview:large, max-video-preview:-1\" \/>\n<link rel=\"canonical\" href=\"https:\/\/www.waterskis.lv\/en\/pedal-boat-rental\/\" \/>\n<meta property=\"og:locale\" content=\"en_US\" \/>\n<meta property=\"og:type\" content=\"article\" \/>\n<meta property=\"og:title\" content=\"Pedal Boat Rental - WATERSKIS.LV\" \/>\n<meta property=\"og:description\" content=\"Pedal Boat Rental. It&#039;s more fun together! Lazily sunbathe, fearlessly slide down a slide, or go to the sea on a pedalboat trip for 4 adults.\" \/>\n<meta property=\"og:url\" content=\"https:\/\/www.waterskis.lv\/en\/pedal-boat-rental\/\" \/>\n<meta property=\"og:site_name\" content=\"WATERSKIS.LV\" \/>\n<meta property=\"article:publisher\" content=\"https:\/\/www.facebook.com\/jurmalawaterskiwakeboardpark\/\" \/>\n<meta property=\"article:modified_time\" content=\"2026-01-23T10:18:41+00:00\" \/>\n<meta property=\"og:image\" content=\"https:\/\/www.waterskis.lv\/wp-content\/uploads\/2020\/01\/jumts2.jpg\" \/>\n\t<meta property=\"og:image:width\" content=\"675\" \/>\n\t<meta property=\"og:image:height\" content=\"450\" \/>\n\t<meta property=\"og:image:type\" content=\"image\/jpeg\" \/>\n<meta name=\"twitter:card\" content=\"summary_large_image\" \/>\n<meta name=\"twitter:label1\" content=\"Est. reading time\" \/>\n\t<meta name=\"twitter:data1\" content=\"2 minutes\" \/>\n<script type=\"application\/ld+json\" class=\"yoast-schema-graph\">{\"@context\":\"https:\\\/\\\/schema.org\",\"@graph\":[{\"@type\":\"WebPage\",\"@id\":\"https:\\\/\\\/www.waterskis.lv\\\/en\\\/pedal-boat-rental\\\/\",\"url\":\"https:\\\/\\\/www.waterskis.lv\\\/en\\\/pedal-boat-rental\\\/\",\"name\":\"Pedal Boat Rental - WATERSKIS.LV\",\"isPartOf\":{\"@id\":\"https:\\\/\\\/www.waterskis.lv\\\/en\\\/#website\"},\"primaryImageOfPage\":{\"@id\":\"https:\\\/\\\/www.waterskis.lv\\\/en\\\/pedal-boat-rental\\\/#primaryimage\"},\"image\":{\"@id\":\"https:\\\/\\\/www.waterskis.lv\\\/en\\\/pedal-boat-rental\\\/#primaryimage\"},\"thumbnailUrl\":\"https:\\\/\\\/www.waterskis.lv\\\/wp-content\\\/uploads\\\/2020\\\/01\\\/jumts2.jpg\",\"datePublished\":\"2025-02-03T16:26:06+00:00\",\"dateModified\":\"2026-01-23T10:18:41+00:00\",\"description\":\"Pedal Boat Rental. It's more fun together! Lazily sunbathe, fearlessly slide down a slide, or go to the sea on a pedalboat trip for 4 adults.\",\"breadcrumb\":{\"@id\":\"https:\\\/\\\/www.waterskis.lv\\\/en\\\/pedal-boat-rental\\\/#breadcrumb\"},\"inLanguage\":\"en-US\",\"potentialAction\":[{\"@type\":\"ReadAction\",\"target\":[\"https:\\\/\\\/www.waterskis.lv\\\/en\\\/pedal-boat-rental\\\/\"]}]},{\"@type\":\"ImageObject\",\"inLanguage\":\"en-US\",\"@id\":\"https:\\\/\\\/www.waterskis.lv\\\/en\\\/pedal-boat-rental\\\/#primaryimage\",\"url\":\"https:\\\/\\\/www.waterskis.lv\\\/wp-content\\\/uploads\\\/2020\\\/01\\\/jumts2.jpg\",\"contentUrl\":\"https:\\\/\\\/www.waterskis.lv\\\/wp-content\\\/uploads\\\/2020\\\/01\\\/jumts2.jpg\",\"width\":675,\"height\":450,\"caption\":\"Pedal boat rental\"},{\"@type\":\"BreadcrumbList\",\"@id\":\"https:\\\/\\\/www.waterskis.lv\\\/en\\\/pedal-boat-rental\\\/#breadcrumb\",\"itemListElement\":[{\"@type\":\"ListItem\",\"position\":1,\"name\":\"Home\",\"item\":\"https:\\\/\\\/www.waterskis.lv\\\/en\\\/\"},{\"@type\":\"ListItem\",\"position\":2,\"name\":\"Pedal Boat Rental\"}]},{\"@type\":\"WebSite\",\"@id\":\"https:\\\/\\\/www.waterskis.lv\\\/en\\\/#website\",\"url\":\"https:\\\/\\\/www.waterskis.lv\\\/en\\\/\",\"name\":\"WATERSKIS.LV\",\"description\":\"SUP d\u0113\u013ci, kajaki, kanoe, airu laivas, \u016bdenssl\u0113po\u0161ana, veikbords, SUP d\u0113\u013cu noma, kajaku nomaakt\u012bv\u0101s atp\u016btas centrs, laivu noma, sup noma, kajaku noma\",\"publisher\":{\"@id\":\"https:\\\/\\\/www.waterskis.lv\\\/en\\\/#organization\"},\"potentialAction\":[{\"@type\":\"SearchAction\",\"target\":{\"@type\":\"EntryPoint\",\"urlTemplate\":\"https:\\\/\\\/www.waterskis.lv\\\/en\\\/?s={search_term_string}\"},\"query-input\":{\"@type\":\"PropertyValueSpecification\",\"valueRequired\":true,\"valueName\":\"search_term_string\"}}],\"inLanguage\":\"en-US\"},{\"@type\":\"Organization\",\"@id\":\"https:\\\/\\\/www.waterskis.lv\\\/en\\\/#organization\",\"name\":\"WATERSKIS.LV\",\"url\":\"https:\\\/\\\/www.waterskis.lv\\\/en\\\/\",\"logo\":{\"@type\":\"ImageObject\",\"inLanguage\":\"en-US\",\"@id\":\"https:\\\/\\\/www.waterskis.lv\\\/en\\\/#\\\/schema\\\/logo\\\/image\\\/\",\"url\":\"https:\\\/\\\/www.waterskis.lv\\\/wp-content\\\/uploads\\\/2025\\\/01\\\/JUVP-logo.png\",\"contentUrl\":\"https:\\\/\\\/www.waterskis.lv\\\/wp-content\\\/uploads\\\/2025\\\/01\\\/JUVP-logo.png\",\"width\":421,\"height\":202,\"caption\":\"WATERSKIS.LV\"},\"image\":{\"@id\":\"https:\\\/\\\/www.waterskis.lv\\\/en\\\/#\\\/schema\\\/logo\\\/image\\\/\"},\"sameAs\":[\"https:\\\/\\\/www.facebook.com\\\/jurmalawaterskiwakeboardpark\\\/\"]}]}<\/script>\n<!-- \/ Yoast SEO plugin. -->","yoast_head_json":{"title":"Pedal Boat Rental - WATERSKIS.LV","description":"Pedal Boat Rental. It's more fun together! Lazily sunbathe, fearlessly slide down a slide, or go to the sea on a pedalboat trip for 4 adults.","robots":{"index":"index","follow":"follow","max-snippet":"max-snippet:-1","max-image-preview":"max-image-preview:large","max-video-preview":"max-video-preview:-1"},"canonical":"https:\/\/www.waterskis.lv\/en\/pedal-boat-rental\/","og_locale":"en_US","og_type":"article","og_title":"Pedal Boat Rental - WATERSKIS.LV","og_description":"Pedal Boat Rental. It's more fun together! Lazily sunbathe, fearlessly slide down a slide, or go to the sea on a pedalboat trip for 4 adults.","og_url":"https:\/\/www.waterskis.lv\/en\/pedal-boat-rental\/","og_site_name":"WATERSKIS.LV","article_publisher":"https:\/\/www.facebook.com\/jurmalawaterskiwakeboardpark\/","article_modified_time":"2026-01-23T10:18:41+00:00","og_image":[{"width":675,"height":450,"url":"https:\/\/www.waterskis.lv\/wp-content\/uploads\/2020\/01\/jumts2.jpg","type":"image\/jpeg"}],"twitter_card":"summary_large_image","twitter_misc":{"Est. reading time":"2 minutes"},"schema":{"@context":"https:\/\/schema.org","@graph":[{"@type":"WebPage","@id":"https:\/\/www.waterskis.lv\/en\/pedal-boat-rental\/","url":"https:\/\/www.waterskis.lv\/en\/pedal-boat-rental\/","name":"Pedal Boat Rental - WATERSKIS.LV","isPartOf":{"@id":"https:\/\/www.waterskis.lv\/en\/#website"},"primaryImageOfPage":{"@id":"https:\/\/www.waterskis.lv\/en\/pedal-boat-rental\/#primaryimage"},"image":{"@id":"https:\/\/www.waterskis.lv\/en\/pedal-boat-rental\/#primaryimage"},"thumbnailUrl":"https:\/\/www.waterskis.lv\/wp-content\/uploads\/2020\/01\/jumts2.jpg","datePublished":"2025-02-03T16:26:06+00:00","dateModified":"2026-01-23T10:18:41+00:00","description":"Pedal Boat Rental. It's more fun together! Lazily sunbathe, fearlessly slide down a slide, or go to the sea on a pedalboat trip for 4 adults.","breadcrumb":{"@id":"https:\/\/www.waterskis.lv\/en\/pedal-boat-rental\/#breadcrumb"},"inLanguage":"en-US","potentialAction":[{"@type":"ReadAction","target":["https:\/\/www.waterskis.lv\/en\/pedal-boat-rental\/"]}]},{"@type":"ImageObject","inLanguage":"en-US","@id":"https:\/\/www.waterskis.lv\/en\/pedal-boat-rental\/#primaryimage","url":"https:\/\/www.waterskis.lv\/wp-content\/uploads\/2020\/01\/jumts2.jpg","contentUrl":"https:\/\/www.waterskis.lv\/wp-content\/uploads\/2020\/01\/jumts2.jpg","width":675,"height":450,"caption":"Pedal boat rental"},{"@type":"BreadcrumbList","@id":"https:\/\/www.waterskis.lv\/en\/pedal-boat-rental\/#breadcrumb","itemListElement":[{"@type":"ListItem","position":1,"name":"Home","item":"https:\/\/www.waterskis.lv\/en\/"},{"@type":"ListItem","position":2,"name":"Pedal Boat Rental"}]},{"@type":"WebSite","@id":"https:\/\/www.waterskis.lv\/en\/#website","url":"https:\/\/www.waterskis.lv\/en\/","name":"WATERSKIS.LV","description":"SUP d\u0113\u013ci, kajaki, kanoe, airu laivas, \u016bdenssl\u0113po\u0161ana, veikbords, SUP d\u0113\u013cu noma, kajaku nomaakt\u012bv\u0101s atp\u016btas centrs, laivu noma, sup noma, kajaku noma","publisher":{"@id":"https:\/\/www.waterskis.lv\/en\/#organization"},"potentialAction":[{"@type":"SearchAction","target":{"@type":"EntryPoint","urlTemplate":"https:\/\/www.waterskis.lv\/en\/?s={search_term_string}"},"query-input":{"@type":"PropertyValueSpecification","valueRequired":true,"valueName":"search_term_string"}}],"inLanguage":"en-US"},{"@type":"Organization","@id":"https:\/\/www.waterskis.lv\/en\/#organization","name":"WATERSKIS.LV","url":"https:\/\/www.waterskis.lv\/en\/","logo":{"@type":"ImageObject","inLanguage":"en-US","@id":"https:\/\/www.waterskis.lv\/en\/#\/schema\/logo\/image\/","url":"https:\/\/www.waterskis.lv\/wp-content\/uploads\/2025\/01\/JUVP-logo.png","contentUrl":"https:\/\/www.waterskis.lv\/wp-content\/uploads\/2025\/01\/JUVP-logo.png","width":421,"height":202,"caption":"WATERSKIS.LV"},"image":{"@id":"https:\/\/www.waterskis.lv\/en\/#\/schema\/logo\/image\/"},"sameAs":["https:\/\/www.facebook.com\/jurmalawaterskiwakeboardpark\/"]}]}},"_links":{"self":[{"href":"https:\/\/www.waterskis.lv\/en\/wp-json\/wp\/v2\/pages\/70855","targetHints":{"allow":["GET"]}}],"collection":[{"href":"https:\/\/www.waterskis.lv\/en\/wp-json\/wp\/v2\/pages"}],"about":[{"href":"https:\/\/www.waterskis.lv\/en\/wp-json\/wp\/v2\/types\/page"}],"author":[{"embeddable":true,"href":"https:\/\/www.waterskis.lv\/en\/wp-json\/wp\/v2\/users\/4"}],"replies":[{"embeddable":true,"href":"https:\/\/www.waterskis.lv\/en\/wp-json\/wp\/v2\/comments?post=70855"}],"version-history":[{"count":5,"href":"https:\/\/www.waterskis.lv\/en\/wp-json\/wp\/v2\/pages\/70855\/revisions"}],"predecessor-version":[{"id":71949,"href":"https:\/\/www.waterskis.lv\/en\/wp-json\/wp\/v2\/pages\/70855\/revisions\/71949"}],"wp:featuredmedia":[{"embeddable":true,"href":"https:\/\/www.waterskis.lv\/en\/wp-json\/wp\/v2\/media\/13814"}],"wp:attachment":[{"href":"https:\/\/www.waterskis.lv\/en\/wp-json\/wp\/v2\/media?parent=70855"}],"curies":[{"name":"wp","href":"https:\/\/api.w.org\/{rel}","templated":true}]}}