{"id":70867,"date":"2025-02-03T19:05:25","date_gmt":"2025-02-03T17:05:25","guid":{"rendered":"https:\/\/www.waterskis.lv\/brauciens-ar-piepusamo-pusli\/"},"modified":"2026-01-18T16:51:39","modified_gmt":"2026-01-18T14:51:39","slug":"inflatable-towable-rides","status":"publish","type":"page","link":"https:\/\/www.waterskis.lv\/en\/inflatable-towable-rides\/","title":{"rendered":"Inflatable Towable Rides"},"content":{"rendered":"\n<p>Inflatable Towable Rides. Hold on tight and head towards an adventure through splashes, laughter and wind with an inflatable towed a boat.<\/p>\n\n\n\n<p>Small towable 8 min. EUR 20 <\/p>\n\n\n\n<p>Yellow banana 3 person 8 min. EUR 25<\/p>\n\n\n\n<p>1 hour EUR 140<\/p>\n\n\n\n<p><strong>Book:<\/strong><\/p>\n\n\n\n<p>tel. +371 28067676. info@waterskis.lv<\/p>\n\n\n\n<p>www.waterskis.lv<\/p>\n\n\n\n<figure class=\"wp-block-image size-full\"><img decoding=\"async\" width=\"300\" height=\"300\" src=\"https:\/\/www.waterskis.lv\/wp-content\/uploads\/2026\/01\/image-4.png\" alt=\"\" class=\"wp-image-70711\" srcset=\"https:\/\/www.waterskis.lv\/wp-content\/uploads\/2026\/01\/image-4.png 300w, https:\/\/www.waterskis.lv\/wp-content\/uploads\/2026\/01\/image-4-150x150.png 150w, https:\/\/www.waterskis.lv\/wp-content\/uploads\/2026\/01\/image-4-100x100.png 100w\" sizes=\"(max-width: 300px) 100vw, 300px\" \/><\/figure>\n\n\n\n<figure class=\"wp-block-image size-large\"><img decoding=\"async\" width=\"700\" height=\"328\" src=\"https:\/\/www.waterskis.lv\/wp-content\/uploads\/2026\/01\/image-5-700x328.png\" alt=\"\" class=\"wp-image-70713\" srcset=\"https:\/\/www.waterskis.lv\/wp-content\/uploads\/2026\/01\/image-5-700x328.png 700w, https:\/\/www.waterskis.lv\/wp-content\/uploads\/2026\/01\/image-5-300x141.png 300w, https:\/\/www.waterskis.lv\/wp-content\/uploads\/2026\/01\/image-5-768x360.png 768w, https:\/\/www.waterskis.lv\/wp-content\/uploads\/2026\/01\/image-5-600x281.png 600w, https:\/\/www.waterskis.lv\/wp-content\/uploads\/2026\/01\/image-5.png 1170w\" sizes=\"(max-width: 700px) 100vw, 700px\" \/><\/figure>\n\n\n\n<p><\/p>\n","protected":false},"excerpt":{"rendered":"<p>Inflatable Towable Rides. Hold on tight and head towards an adventure through splashes, laughter and wind with an inflatable towed a boat. Small towable 8 min. EUR 20 Yellow banana 3 person 8 min. EUR 25 1 hour EUR 140 Book: tel. +371 28067676. info@waterskis.lv www.waterskis.lv [&#8230;]<\/p>\n<p><a class=\"btn btn-secondary understrap-read-more-link\" href=\"https:\/\/www.waterskis.lv\/en\/inflatable-towable-rides\/\">Read More&#8230;<\/a><\/p>\n","protected":false},"author":4,"featured_media":6251,"parent":0,"menu_order":0,"comment_status":"closed","ping_status":"closed","template":"","meta":{"_acf_changed":false,"inline_featured_image":false,"footnotes":""},"class_list":["post-70867","page","type-page","status-publish","has-post-thumbnail","hentry"],"acf":[],"yoast_head":"<!-- This site is optimized with the Yoast SEO plugin v27.5 - https:\/\/yoast.com\/product\/yoast-seo-wordpress\/ -->\n<title>Inflatable Towable Rides - WATERSKIS.LV<\/title>\n<meta name=\"description\" content=\"Inflatable Towable Rides. Hold on tight and head towards an adventure through splashes, laughter and wind with an inflatable towed a boat.\" \/>\n<meta name=\"robots\" content=\"index, follow, max-snippet:-1, max-image-preview:large, max-video-preview:-1\" \/>\n<link rel=\"canonical\" href=\"https:\/\/www.waterskis.lv\/en\/inflatable-towable-rides\/\" \/>\n<meta property=\"og:locale\" content=\"en_US\" \/>\n<meta property=\"og:type\" content=\"article\" \/>\n<meta property=\"og:title\" content=\"Brauciens ar piep\u016b\u0161amo p\u016bsli\" \/>\n<meta property=\"og:description\" content=\"Brauciens ar piep\u016b\u0161amo p\u016bsli. Brauciens ar aiz laivas velkamo piep\u016b\u0161amo p\u016bsli 8 min\u016btes EUR 20\" \/>\n<meta property=\"og:url\" content=\"https:\/\/www.waterskis.lv\/en\/inflatable-towable-rides\/\" \/>\n<meta property=\"og:site_name\" content=\"WATERSKIS.LV\" \/>\n<meta property=\"article:publisher\" content=\"https:\/\/www.facebook.com\/jurmalawaterskiwakeboardpark\/\" \/>\n<meta property=\"article:modified_time\" content=\"2026-01-18T14:51:39+00:00\" \/>\n<meta property=\"og:image\" content=\"https:\/\/www.waterskis.lv\/wp-content\/uploads\/2018\/01\/udenssleposana-5.png\" \/>\n\t<meta property=\"og:image:width\" content=\"1170\" \/>\n\t<meta property=\"og:image:height\" content=\"548\" \/>\n\t<meta property=\"og:image:type\" content=\"image\/png\" \/>\n<meta name=\"twitter:card\" content=\"summary_large_image\" \/>\n<meta name=\"twitter:label1\" content=\"Est. reading time\" \/>\n\t<meta name=\"twitter:data1\" content=\"1 minute\" \/>\n<script type=\"application\/ld+json\" class=\"yoast-schema-graph\">{\"@context\":\"https:\\\/\\\/schema.org\",\"@graph\":[{\"@type\":\"WebPage\",\"@id\":\"https:\\\/\\\/www.waterskis.lv\\\/en\\\/inflatable-towable-rides\\\/\",\"url\":\"https:\\\/\\\/www.waterskis.lv\\\/en\\\/inflatable-towable-rides\\\/\",\"name\":\"Inflatable Towable Rides - WATERSKIS.LV\",\"isPartOf\":{\"@id\":\"https:\\\/\\\/www.waterskis.lv\\\/en\\\/#website\"},\"primaryImageOfPage\":{\"@id\":\"https:\\\/\\\/www.waterskis.lv\\\/en\\\/inflatable-towable-rides\\\/#primaryimage\"},\"image\":{\"@id\":\"https:\\\/\\\/www.waterskis.lv\\\/en\\\/inflatable-towable-rides\\\/#primaryimage\"},\"thumbnailUrl\":\"https:\\\/\\\/www.waterskis.lv\\\/wp-content\\\/uploads\\\/2018\\\/01\\\/udenssleposana-5.png\",\"datePublished\":\"2025-02-03T17:05:25+00:00\",\"dateModified\":\"2026-01-18T14:51:39+00:00\",\"description\":\"Inflatable Towable Rides. Hold on tight and head towards an adventure through splashes, laughter and wind with an inflatable towed a boat.\",\"breadcrumb\":{\"@id\":\"https:\\\/\\\/www.waterskis.lv\\\/en\\\/inflatable-towable-rides\\\/#breadcrumb\"},\"inLanguage\":\"en-US\",\"potentialAction\":[{\"@type\":\"ReadAction\",\"target\":[\"https:\\\/\\\/www.waterskis.lv\\\/en\\\/inflatable-towable-rides\\\/\"]}]},{\"@type\":\"ImageObject\",\"inLanguage\":\"en-US\",\"@id\":\"https:\\\/\\\/www.waterskis.lv\\\/en\\\/inflatable-towable-rides\\\/#primaryimage\",\"url\":\"https:\\\/\\\/www.waterskis.lv\\\/wp-content\\\/uploads\\\/2018\\\/01\\\/udenssleposana-5.png\",\"contentUrl\":\"https:\\\/\\\/www.waterskis.lv\\\/wp-content\\\/uploads\\\/2018\\\/01\\\/udenssleposana-5.png\",\"width\":1170,\"height\":548,\"caption\":\"Gift Card Inflatable ride behind the boat 10 min\"},{\"@type\":\"BreadcrumbList\",\"@id\":\"https:\\\/\\\/www.waterskis.lv\\\/en\\\/inflatable-towable-rides\\\/#breadcrumb\",\"itemListElement\":[{\"@type\":\"ListItem\",\"position\":1,\"name\":\"Home\",\"item\":\"https:\\\/\\\/www.waterskis.lv\\\/en\\\/\"},{\"@type\":\"ListItem\",\"position\":2,\"name\":\"Inflatable Towable Rides\"}]},{\"@type\":\"WebSite\",\"@id\":\"https:\\\/\\\/www.waterskis.lv\\\/en\\\/#website\",\"url\":\"https:\\\/\\\/www.waterskis.lv\\\/en\\\/\",\"name\":\"WATERSKIS.LV\",\"description\":\"SUP d\u0113\u013ci, kajaki, kanoe, airu laivas, \u016bdenssl\u0113po\u0161ana, veikbords, SUP d\u0113\u013cu noma, kajaku nomaakt\u012bv\u0101s atp\u016btas centrs, laivu noma, sup noma, kajaku noma\",\"publisher\":{\"@id\":\"https:\\\/\\\/www.waterskis.lv\\\/en\\\/#organization\"},\"potentialAction\":[{\"@type\":\"SearchAction\",\"target\":{\"@type\":\"EntryPoint\",\"urlTemplate\":\"https:\\\/\\\/www.waterskis.lv\\\/en\\\/?s={search_term_string}\"},\"query-input\":{\"@type\":\"PropertyValueSpecification\",\"valueRequired\":true,\"valueName\":\"search_term_string\"}}],\"inLanguage\":\"en-US\"},{\"@type\":\"Organization\",\"@id\":\"https:\\\/\\\/www.waterskis.lv\\\/en\\\/#organization\",\"name\":\"WATERSKIS.LV\",\"url\":\"https:\\\/\\\/www.waterskis.lv\\\/en\\\/\",\"logo\":{\"@type\":\"ImageObject\",\"inLanguage\":\"en-US\",\"@id\":\"https:\\\/\\\/www.waterskis.lv\\\/en\\\/#\\\/schema\\\/logo\\\/image\\\/\",\"url\":\"https:\\\/\\\/www.waterskis.lv\\\/wp-content\\\/uploads\\\/2025\\\/01\\\/JUVP-logo.png\",\"contentUrl\":\"https:\\\/\\\/www.waterskis.lv\\\/wp-content\\\/uploads\\\/2025\\\/01\\\/JUVP-logo.png\",\"width\":421,\"height\":202,\"caption\":\"WATERSKIS.LV\"},\"image\":{\"@id\":\"https:\\\/\\\/www.waterskis.lv\\\/en\\\/#\\\/schema\\\/logo\\\/image\\\/\"},\"sameAs\":[\"https:\\\/\\\/www.facebook.com\\\/jurmalawaterskiwakeboardpark\\\/\"]}]}<\/script>\n<!-- \/ Yoast SEO plugin. -->","yoast_head_json":{"title":"Inflatable Towable Rides - WATERSKIS.LV","description":"Inflatable Towable Rides. Hold on tight and head towards an adventure through splashes, laughter and wind with an inflatable towed a boat.","robots":{"index":"index","follow":"follow","max-snippet":"max-snippet:-1","max-image-preview":"max-image-preview:large","max-video-preview":"max-video-preview:-1"},"canonical":"https:\/\/www.waterskis.lv\/en\/inflatable-towable-rides\/","og_locale":"en_US","og_type":"article","og_title":"Brauciens ar piep\u016b\u0161amo p\u016bsli","og_description":"Brauciens ar piep\u016b\u0161amo p\u016bsli. Brauciens ar aiz laivas velkamo piep\u016b\u0161amo p\u016bsli 8 min\u016btes EUR 20","og_url":"https:\/\/www.waterskis.lv\/en\/inflatable-towable-rides\/","og_site_name":"WATERSKIS.LV","article_publisher":"https:\/\/www.facebook.com\/jurmalawaterskiwakeboardpark\/","article_modified_time":"2026-01-18T14:51:39+00:00","og_image":[{"width":1170,"height":548,"url":"https:\/\/www.waterskis.lv\/wp-content\/uploads\/2018\/01\/udenssleposana-5.png","type":"image\/png"}],"twitter_card":"summary_large_image","twitter_misc":{"Est. reading time":"1 minute"},"schema":{"@context":"https:\/\/schema.org","@graph":[{"@type":"WebPage","@id":"https:\/\/www.waterskis.lv\/en\/inflatable-towable-rides\/","url":"https:\/\/www.waterskis.lv\/en\/inflatable-towable-rides\/","name":"Inflatable Towable Rides - WATERSKIS.LV","isPartOf":{"@id":"https:\/\/www.waterskis.lv\/en\/#website"},"primaryImageOfPage":{"@id":"https:\/\/www.waterskis.lv\/en\/inflatable-towable-rides\/#primaryimage"},"image":{"@id":"https:\/\/www.waterskis.lv\/en\/inflatable-towable-rides\/#primaryimage"},"thumbnailUrl":"https:\/\/www.waterskis.lv\/wp-content\/uploads\/2018\/01\/udenssleposana-5.png","datePublished":"2025-02-03T17:05:25+00:00","dateModified":"2026-01-18T14:51:39+00:00","description":"Inflatable Towable Rides. Hold on tight and head towards an adventure through splashes, laughter and wind with an inflatable towed a boat.","breadcrumb":{"@id":"https:\/\/www.waterskis.lv\/en\/inflatable-towable-rides\/#breadcrumb"},"inLanguage":"en-US","potentialAction":[{"@type":"ReadAction","target":["https:\/\/www.waterskis.lv\/en\/inflatable-towable-rides\/"]}]},{"@type":"ImageObject","inLanguage":"en-US","@id":"https:\/\/www.waterskis.lv\/en\/inflatable-towable-rides\/#primaryimage","url":"https:\/\/www.waterskis.lv\/wp-content\/uploads\/2018\/01\/udenssleposana-5.png","contentUrl":"https:\/\/www.waterskis.lv\/wp-content\/uploads\/2018\/01\/udenssleposana-5.png","width":1170,"height":548,"caption":"Gift Card Inflatable ride behind the boat 10 min"},{"@type":"BreadcrumbList","@id":"https:\/\/www.waterskis.lv\/en\/inflatable-towable-rides\/#breadcrumb","itemListElement":[{"@type":"ListItem","position":1,"name":"Home","item":"https:\/\/www.waterskis.lv\/en\/"},{"@type":"ListItem","position":2,"name":"Inflatable Towable Rides"}]},{"@type":"WebSite","@id":"https:\/\/www.waterskis.lv\/en\/#website","url":"https:\/\/www.waterskis.lv\/en\/","name":"WATERSKIS.LV","description":"SUP d\u0113\u013ci, kajaki, kanoe, airu laivas, \u016bdenssl\u0113po\u0161ana, veikbords, SUP d\u0113\u013cu noma, kajaku nomaakt\u012bv\u0101s atp\u016btas centrs, laivu noma, sup noma, kajaku noma","publisher":{"@id":"https:\/\/www.waterskis.lv\/en\/#organization"},"potentialAction":[{"@type":"SearchAction","target":{"@type":"EntryPoint","urlTemplate":"https:\/\/www.waterskis.lv\/en\/?s={search_term_string}"},"query-input":{"@type":"PropertyValueSpecification","valueRequired":true,"valueName":"search_term_string"}}],"inLanguage":"en-US"},{"@type":"Organization","@id":"https:\/\/www.waterskis.lv\/en\/#organization","name":"WATERSKIS.LV","url":"https:\/\/www.waterskis.lv\/en\/","logo":{"@type":"ImageObject","inLanguage":"en-US","@id":"https:\/\/www.waterskis.lv\/en\/#\/schema\/logo\/image\/","url":"https:\/\/www.waterskis.lv\/wp-content\/uploads\/2025\/01\/JUVP-logo.png","contentUrl":"https:\/\/www.waterskis.lv\/wp-content\/uploads\/2025\/01\/JUVP-logo.png","width":421,"height":202,"caption":"WATERSKIS.LV"},"image":{"@id":"https:\/\/www.waterskis.lv\/en\/#\/schema\/logo\/image\/"},"sameAs":["https:\/\/www.facebook.com\/jurmalawaterskiwakeboardpark\/"]}]}},"_links":{"self":[{"href":"https:\/\/www.waterskis.lv\/en\/wp-json\/wp\/v2\/pages\/70867","targetHints":{"allow":["GET"]}}],"collection":[{"href":"https:\/\/www.waterskis.lv\/en\/wp-json\/wp\/v2\/pages"}],"about":[{"href":"https:\/\/www.waterskis.lv\/en\/wp-json\/wp\/v2\/types\/page"}],"author":[{"embeddable":true,"href":"https:\/\/www.waterskis.lv\/en\/wp-json\/wp\/v2\/users\/4"}],"replies":[{"embeddable":true,"href":"https:\/\/www.waterskis.lv\/en\/wp-json\/wp\/v2\/comments?post=70867"}],"version-history":[{"count":4,"href":"https:\/\/www.waterskis.lv\/en\/wp-json\/wp\/v2\/pages\/70867\/revisions"}],"predecessor-version":[{"id":71117,"href":"https:\/\/www.waterskis.lv\/en\/wp-json\/wp\/v2\/pages\/70867\/revisions\/71117"}],"wp:featuredmedia":[{"embeddable":true,"href":"https:\/\/www.waterskis.lv\/en\/wp-json\/wp\/v2\/media\/6251"}],"wp:attachment":[{"href":"https:\/\/www.waterskis.lv\/en\/wp-json\/wp\/v2\/media?parent=70867"}],"curies":[{"name":"wp","href":"https:\/\/api.w.org\/{rel}","templated":true}]}}