{"id":7531,"date":"2019-01-04T12:52:08","date_gmt":"2019-01-04T09:52:08","guid":{"rendered":"http:\/\/www.waterskis.lv\/sup-noma\/"},"modified":"2026-05-07T12:31:43","modified_gmt":"2026-05-07T10:31:43","slug":"sup-board-rental","status":"publish","type":"page","link":"https:\/\/www.waterskis.lv\/en\/sup-board-rental\/","title":{"rendered":"SUP Board Rental"},"content":{"rendered":"\n<h5 class=\"wp-block-heading\">SUP Board Rental in Jurmala. Book your SUP board in advance and get going to the mouth of the Lielupe River and back.<\/h5>\n\n\n\n<div class=\"wp-block-columns has-2-columns is-layout-flex wp-container-core-columns-is-layout-9d6595d7 wp-block-columns-is-layout-flex\">\n<div class=\"wp-block-column is-layout-flow wp-block-column-is-layout-flow\">\n<h2 class=\"wp-block-heading\">Reservation:<\/h2>\n\n\n\n<p>Mob.: <a href=\"tel:+37128067676\">+371 28067676<\/a><br \/>E-mail: <a href=\"mailto:info@waterskis.lv\">info@waterskis.lv<\/a><\/p>\n<\/div>\n<\/div>\n\n\n\n<h2 class=\"wp-block-heading\">Prices EUR<\/h2>\n\n\n\n<figure class=\"wp-block-table\"><table><tbody><tr><td>Title<\/td><td>1 h<\/td><td>2 h<\/td><td>3 h<\/td><td>5 h<\/td><td>24 h<\/td><\/tr><tr><td>SUP board for 1 person<\/td><td>10<\/td><td>15<\/td><td>20<\/td><td>25<\/td><td>30<\/td><\/tr><tr><td>Tandem SUP board for 2 persons<\/td><td>15<\/td><td>20<\/td><td>25<\/td><td>30<\/td><td>55<\/td><\/tr><tr><td>SUP board XL for 6-8 persons<\/td><td><\/td><td>45<\/td><td>60<\/td><td>90<\/td><td>\u2013<\/td><\/tr><tr><td>Family ticket&nbsp;discount Min. 1 adult + children<\/td><td>15%<\/td><td>15%<\/td><td>20%<\/td><td>20%<\/td><td>&#8211;<\/td><\/tr><tr><td>Personal SUP launch<\/td><td>10<\/td><td>10<\/td><td>10<\/td><td>10<\/td><td><\/td><\/tr><\/tbody><\/table><\/figure>\n\n\n\n<p><\/p>\n\n\n\n<figure class=\"wp-block-gallery has-nested-images columns-default is-cropped wp-block-gallery-1 is-layout-flex wp-block-gallery-is-layout-flex\">\n<figure class=\"wp-block-image size-large\"><img decoding=\"async\" width=\"1600\" height=\"1600\" data-id=\"40150\" src=\"https:\/\/www.waterskis.lv\/wp-content\/uploads\/2022\/05\/sup-noma-3-1.jpg\" alt=\"\" class=\"wp-image-40150\" srcset=\"https:\/\/www.waterskis.lv\/wp-content\/uploads\/2022\/05\/sup-noma-3-1.jpg 1600w, https:\/\/www.waterskis.lv\/wp-content\/uploads\/2022\/05\/sup-noma-3-1-300x300.jpg 300w, https:\/\/www.waterskis.lv\/wp-content\/uploads\/2022\/05\/sup-noma-3-1-100x100.jpg 100w, https:\/\/www.waterskis.lv\/wp-content\/uploads\/2022\/05\/sup-noma-3-1-600x600.jpg 600w, https:\/\/www.waterskis.lv\/wp-content\/uploads\/2022\/05\/sup-noma-3-1-700x700.jpg 700w, https:\/\/www.waterskis.lv\/wp-content\/uploads\/2022\/05\/sup-noma-3-1-150x150.jpg 150w, https:\/\/www.waterskis.lv\/wp-content\/uploads\/2022\/05\/sup-noma-3-1-768x768.jpg 768w, https:\/\/www.waterskis.lv\/wp-content\/uploads\/2022\/05\/sup-noma-3-1-1536x1536.jpg 1536w\" sizes=\"(max-width: 1600px) 100vw, 1600px\" \/><figcaption class=\"wp-element-caption\">SUP noma \u016bdenssl\u0113po\u0161anas un veikborda park\u0101<\/figcaption><\/figure>\n\n\n\n<figure class=\"wp-block-image size-large\"><img decoding=\"async\" width=\"1600\" height=\"1200\" data-id=\"40147\" src=\"https:\/\/www.waterskis.lv\/wp-content\/uploads\/2022\/05\/sup-noma-2-1.jpg\" alt=\"\" class=\"wp-image-40147\" srcset=\"https:\/\/www.waterskis.lv\/wp-content\/uploads\/2022\/05\/sup-noma-2-1.jpg 1600w, https:\/\/www.waterskis.lv\/wp-content\/uploads\/2022\/05\/sup-noma-2-1-600x450.jpg 600w, https:\/\/www.waterskis.lv\/wp-content\/uploads\/2022\/05\/sup-noma-2-1-300x225.jpg 300w, https:\/\/www.waterskis.lv\/wp-content\/uploads\/2022\/05\/sup-noma-2-1-700x525.jpg 700w, https:\/\/www.waterskis.lv\/wp-content\/uploads\/2022\/05\/sup-noma-2-1-768x576.jpg 768w, https:\/\/www.waterskis.lv\/wp-content\/uploads\/2022\/05\/sup-noma-2-1-1536x1152.jpg 1536w\" sizes=\"(max-width: 1600px) 100vw, 1600px\" \/><figcaption class=\"wp-element-caption\">SUP noma \u016bdenssl\u0113po\u0161anas un veikborda park\u0101<\/figcaption><\/figure>\n\n\n\n<figure class=\"wp-block-image size-large\"><img decoding=\"async\" data-id=\"40154\" src=\"https:\/\/www.waterskis.lv\/wp-content\/uploads\/2022\/05\/SUP-noma-udenssleposanas-un-veikborda-parka-525x700.jpg\" alt=\"\" class=\"wp-image-40154\"\/><figcaption class=\"wp-element-caption\">SUP noma \u016bdenssl\u0113po\u0161anas un veikborda park\u0101<\/figcaption><\/figure>\n\n\n\n<figure class=\"wp-block-image size-large\"><img decoding=\"async\" width=\"1200\" height=\"1600\" data-id=\"40141\" src=\"https:\/\/www.waterskis.lv\/wp-content\/uploads\/2022\/05\/sup-noma-4.jpg\" alt=\"sup noma\" class=\"wp-image-40141\" srcset=\"https:\/\/www.waterskis.lv\/wp-content\/uploads\/2022\/05\/sup-noma-4.jpg 1200w, https:\/\/www.waterskis.lv\/wp-content\/uploads\/2022\/05\/sup-noma-4-600x800.jpg 600w, https:\/\/www.waterskis.lv\/wp-content\/uploads\/2022\/05\/sup-noma-4-225x300.jpg 225w, https:\/\/www.waterskis.lv\/wp-content\/uploads\/2022\/05\/sup-noma-4-525x700.jpg 525w, https:\/\/www.waterskis.lv\/wp-content\/uploads\/2022\/05\/sup-noma-4-768x1024.jpg 768w, https:\/\/www.waterskis.lv\/wp-content\/uploads\/2022\/05\/sup-noma-4-1152x1536.jpg 1152w\" sizes=\"(max-width: 1200px) 100vw, 1200px\" \/><figcaption class=\"wp-element-caption\">SUP noma \u016bdenssl\u0113po\u0161anas un veikborda park\u0101<\/figcaption><\/figure>\n<\/figure>\n\n\n\n<p><\/p>\n","protected":false},"excerpt":{"rendered":"<p>SUP Board Rental in Jurmala. Book your SUP board in advance and get going to the mouth of the Lielupe River and back. Reservation: Mob.: +371 28067676E-mail: info@waterskis.lv Prices EUR Title 1 h 2 h 3 h 5 h 24 h SUP board for 1 person 10 15 20 25 30 Tandem SUP board for [&#8230;]<\/p>\n<p><a class=\"btn btn-secondary understrap-read-more-link\" href=\"https:\/\/www.waterskis.lv\/en\/sup-board-rental\/\">Read More&#8230;<\/a><\/p>\n","protected":false},"author":5,"featured_media":40139,"parent":0,"menu_order":0,"comment_status":"closed","ping_status":"closed","template":"","meta":{"_acf_changed":false,"inline_featured_image":false,"footnotes":""},"class_list":["post-7531","page","type-page","status-publish","has-post-thumbnail","hentry"],"acf":[],"yoast_head":"<!-- This site is optimized with the Yoast SEO plugin v27.5 - https:\/\/yoast.com\/product\/yoast-seo-wordpress\/ -->\n<title>SUP Board Rental - WATERSKIS.LV<\/title>\n<meta name=\"description\" content=\"SUP Board Rental in Jurmala. Book your SUP board in advance and get going. You can go to the mouth of the Lielupe River and back.\" \/>\n<meta name=\"robots\" content=\"index, follow, max-snippet:-1, max-image-preview:large, max-video-preview:-1\" \/>\n<link rel=\"canonical\" href=\"https:\/\/www.waterskis.lv\/en\/sup-board-rental\/\" \/>\n<meta property=\"og:locale\" content=\"en_US\" \/>\n<meta property=\"og:type\" content=\"article\" \/>\n<meta property=\"og:title\" content=\"Wild SUP board hire &amp; rental and sale at Jurmal\" \/>\n<meta property=\"og:description\" content=\"Wild SUP board hire - rental at Jurmala. Different level SUP boards from beginners till advanced. We rent a top quality SUP boards.\" \/>\n<meta property=\"og:url\" content=\"https:\/\/www.waterskis.lv\/en\/sup-board-rental\/\" \/>\n<meta property=\"og:site_name\" content=\"WATERSKIS.LV\" \/>\n<meta property=\"article:publisher\" content=\"https:\/\/www.facebook.com\/jurmalawaterskiwakeboardpark\/\" \/>\n<meta property=\"article:modified_time\" content=\"2026-05-07T10:31:43+00:00\" \/>\n<meta property=\"og:image\" content=\"https:\/\/www.waterskis.lv\/wp-content\/uploads\/2019\/01\/WS15.jpg\" \/>\n\t<meta property=\"og:image:width\" content=\"960\" \/>\n\t<meta property=\"og:image:height\" content=\"720\" \/>\n\t<meta property=\"og:image:type\" content=\"image\/jpeg\" \/>\n<meta name=\"twitter:card\" content=\"summary_large_image\" \/>\n<meta name=\"twitter:title\" content=\"Wild SUP board hire &amp; rental and sale at Jurmal\" \/>\n<meta name=\"twitter:description\" content=\"Wild SUP board hire - rental at Jurmala. Different level SUP boards from beginners till advanced. We rent a top quality SUP boards.\" \/>\n<meta name=\"twitter:image\" content=\"https:\/\/www.waterskis.lv\/wp-content\/uploads\/2019\/01\/WS15.jpg\" \/>\n<meta name=\"twitter:label1\" content=\"Est. reading time\" \/>\n\t<meta name=\"twitter:data1\" content=\"2 minutes\" \/>\n<script type=\"application\/ld+json\" class=\"yoast-schema-graph\">{\"@context\":\"https:\\\/\\\/schema.org\",\"@graph\":[{\"@type\":\"WebPage\",\"@id\":\"https:\\\/\\\/www.waterskis.lv\\\/en\\\/sup-board-rental\\\/\",\"url\":\"https:\\\/\\\/www.waterskis.lv\\\/en\\\/sup-board-rental\\\/\",\"name\":\"SUP Board Rental - WATERSKIS.LV\",\"isPartOf\":{\"@id\":\"https:\\\/\\\/www.waterskis.lv\\\/en\\\/#website\"},\"primaryImageOfPage\":{\"@id\":\"https:\\\/\\\/www.waterskis.lv\\\/en\\\/sup-board-rental\\\/#primaryimage\"},\"image\":{\"@id\":\"https:\\\/\\\/www.waterskis.lv\\\/en\\\/sup-board-rental\\\/#primaryimage\"},\"thumbnailUrl\":\"https:\\\/\\\/www.waterskis.lv\\\/wp-content\\\/uploads\\\/2022\\\/05\\\/sup-noma-2.jpg\",\"datePublished\":\"2019-01-04T09:52:08+00:00\",\"dateModified\":\"2026-05-07T10:31:43+00:00\",\"description\":\"SUP Board Rental in Jurmala. Book your SUP board in advance and get going. You can go to the mouth of the Lielupe River and back.\",\"breadcrumb\":{\"@id\":\"https:\\\/\\\/www.waterskis.lv\\\/en\\\/sup-board-rental\\\/#breadcrumb\"},\"inLanguage\":\"en-US\",\"potentialAction\":[{\"@type\":\"ReadAction\",\"target\":[\"https:\\\/\\\/www.waterskis.lv\\\/en\\\/sup-board-rental\\\/\"]}]},{\"@type\":\"ImageObject\",\"inLanguage\":\"en-US\",\"@id\":\"https:\\\/\\\/www.waterskis.lv\\\/en\\\/sup-board-rental\\\/#primaryimage\",\"url\":\"https:\\\/\\\/www.waterskis.lv\\\/wp-content\\\/uploads\\\/2022\\\/05\\\/sup-noma-2.jpg\",\"contentUrl\":\"https:\\\/\\\/www.waterskis.lv\\\/wp-content\\\/uploads\\\/2022\\\/05\\\/sup-noma-2.jpg\",\"width\":1600,\"height\":1200,\"caption\":\"SUP d\u0113\u013cu noma J\u016brmal\u0101\"},{\"@type\":\"BreadcrumbList\",\"@id\":\"https:\\\/\\\/www.waterskis.lv\\\/en\\\/sup-board-rental\\\/#breadcrumb\",\"itemListElement\":[{\"@type\":\"ListItem\",\"position\":1,\"name\":\"Home\",\"item\":\"https:\\\/\\\/www.waterskis.lv\\\/en\\\/\"},{\"@type\":\"ListItem\",\"position\":2,\"name\":\"SUP Board Rental\"}]},{\"@type\":\"WebSite\",\"@id\":\"https:\\\/\\\/www.waterskis.lv\\\/en\\\/#website\",\"url\":\"https:\\\/\\\/www.waterskis.lv\\\/en\\\/\",\"name\":\"WATERSKIS.LV\",\"description\":\"SUP d\u0113\u013ci, kajaki, kanoe, airu laivas, \u016bdenssl\u0113po\u0161ana, veikbords, SUP d\u0113\u013cu noma, kajaku nomaakt\u012bv\u0101s atp\u016btas centrs, laivu noma, sup noma, kajaku noma\",\"publisher\":{\"@id\":\"https:\\\/\\\/www.waterskis.lv\\\/en\\\/#organization\"},\"potentialAction\":[{\"@type\":\"SearchAction\",\"target\":{\"@type\":\"EntryPoint\",\"urlTemplate\":\"https:\\\/\\\/www.waterskis.lv\\\/en\\\/?s={search_term_string}\"},\"query-input\":{\"@type\":\"PropertyValueSpecification\",\"valueRequired\":true,\"valueName\":\"search_term_string\"}}],\"inLanguage\":\"en-US\"},{\"@type\":\"Organization\",\"@id\":\"https:\\\/\\\/www.waterskis.lv\\\/en\\\/#organization\",\"name\":\"WATERSKIS.LV\",\"url\":\"https:\\\/\\\/www.waterskis.lv\\\/en\\\/\",\"logo\":{\"@type\":\"ImageObject\",\"inLanguage\":\"en-US\",\"@id\":\"https:\\\/\\\/www.waterskis.lv\\\/en\\\/#\\\/schema\\\/logo\\\/image\\\/\",\"url\":\"https:\\\/\\\/www.waterskis.lv\\\/wp-content\\\/uploads\\\/2025\\\/01\\\/JUVP-logo.png\",\"contentUrl\":\"https:\\\/\\\/www.waterskis.lv\\\/wp-content\\\/uploads\\\/2025\\\/01\\\/JUVP-logo.png\",\"width\":421,\"height\":202,\"caption\":\"WATERSKIS.LV\"},\"image\":{\"@id\":\"https:\\\/\\\/www.waterskis.lv\\\/en\\\/#\\\/schema\\\/logo\\\/image\\\/\"},\"sameAs\":[\"https:\\\/\\\/www.facebook.com\\\/jurmalawaterskiwakeboardpark\\\/\"]}]}<\/script>\n<!-- \/ Yoast SEO plugin. -->","yoast_head_json":{"title":"SUP Board Rental - WATERSKIS.LV","description":"SUP Board Rental in Jurmala. Book your SUP board in advance and get going. You can go to the mouth of the Lielupe River and back.","robots":{"index":"index","follow":"follow","max-snippet":"max-snippet:-1","max-image-preview":"max-image-preview:large","max-video-preview":"max-video-preview:-1"},"canonical":"https:\/\/www.waterskis.lv\/en\/sup-board-rental\/","og_locale":"en_US","og_type":"article","og_title":"Wild SUP board hire & rental and sale at Jurmal","og_description":"Wild SUP board hire - rental at Jurmala. Different level SUP boards from beginners till advanced. We rent a top quality SUP boards.","og_url":"https:\/\/www.waterskis.lv\/en\/sup-board-rental\/","og_site_name":"WATERSKIS.LV","article_publisher":"https:\/\/www.facebook.com\/jurmalawaterskiwakeboardpark\/","article_modified_time":"2026-05-07T10:31:43+00:00","og_image":[{"width":960,"height":720,"url":"https:\/\/www.waterskis.lv\/wp-content\/uploads\/2019\/01\/WS15.jpg","type":"image\/jpeg"}],"twitter_card":"summary_large_image","twitter_title":"Wild SUP board hire & rental and sale at Jurmal","twitter_description":"Wild SUP board hire - rental at Jurmala. Different level SUP boards from beginners till advanced. We rent a top quality SUP boards.","twitter_image":"https:\/\/www.waterskis.lv\/wp-content\/uploads\/2019\/01\/WS15.jpg","twitter_misc":{"Est. reading time":"2 minutes"},"schema":{"@context":"https:\/\/schema.org","@graph":[{"@type":"WebPage","@id":"https:\/\/www.waterskis.lv\/en\/sup-board-rental\/","url":"https:\/\/www.waterskis.lv\/en\/sup-board-rental\/","name":"SUP Board Rental - WATERSKIS.LV","isPartOf":{"@id":"https:\/\/www.waterskis.lv\/en\/#website"},"primaryImageOfPage":{"@id":"https:\/\/www.waterskis.lv\/en\/sup-board-rental\/#primaryimage"},"image":{"@id":"https:\/\/www.waterskis.lv\/en\/sup-board-rental\/#primaryimage"},"thumbnailUrl":"https:\/\/www.waterskis.lv\/wp-content\/uploads\/2022\/05\/sup-noma-2.jpg","datePublished":"2019-01-04T09:52:08+00:00","dateModified":"2026-05-07T10:31:43+00:00","description":"SUP Board Rental in Jurmala. Book your SUP board in advance and get going. You can go to the mouth of the Lielupe River and back.","breadcrumb":{"@id":"https:\/\/www.waterskis.lv\/en\/sup-board-rental\/#breadcrumb"},"inLanguage":"en-US","potentialAction":[{"@type":"ReadAction","target":["https:\/\/www.waterskis.lv\/en\/sup-board-rental\/"]}]},{"@type":"ImageObject","inLanguage":"en-US","@id":"https:\/\/www.waterskis.lv\/en\/sup-board-rental\/#primaryimage","url":"https:\/\/www.waterskis.lv\/wp-content\/uploads\/2022\/05\/sup-noma-2.jpg","contentUrl":"https:\/\/www.waterskis.lv\/wp-content\/uploads\/2022\/05\/sup-noma-2.jpg","width":1600,"height":1200,"caption":"SUP d\u0113\u013cu noma J\u016brmal\u0101"},{"@type":"BreadcrumbList","@id":"https:\/\/www.waterskis.lv\/en\/sup-board-rental\/#breadcrumb","itemListElement":[{"@type":"ListItem","position":1,"name":"Home","item":"https:\/\/www.waterskis.lv\/en\/"},{"@type":"ListItem","position":2,"name":"SUP Board Rental"}]},{"@type":"WebSite","@id":"https:\/\/www.waterskis.lv\/en\/#website","url":"https:\/\/www.waterskis.lv\/en\/","name":"WATERSKIS.LV","description":"SUP d\u0113\u013ci, kajaki, kanoe, airu laivas, \u016bdenssl\u0113po\u0161ana, veikbords, SUP d\u0113\u013cu noma, kajaku nomaakt\u012bv\u0101s atp\u016btas centrs, laivu noma, sup noma, kajaku noma","publisher":{"@id":"https:\/\/www.waterskis.lv\/en\/#organization"},"potentialAction":[{"@type":"SearchAction","target":{"@type":"EntryPoint","urlTemplate":"https:\/\/www.waterskis.lv\/en\/?s={search_term_string}"},"query-input":{"@type":"PropertyValueSpecification","valueRequired":true,"valueName":"search_term_string"}}],"inLanguage":"en-US"},{"@type":"Organization","@id":"https:\/\/www.waterskis.lv\/en\/#organization","name":"WATERSKIS.LV","url":"https:\/\/www.waterskis.lv\/en\/","logo":{"@type":"ImageObject","inLanguage":"en-US","@id":"https:\/\/www.waterskis.lv\/en\/#\/schema\/logo\/image\/","url":"https:\/\/www.waterskis.lv\/wp-content\/uploads\/2025\/01\/JUVP-logo.png","contentUrl":"https:\/\/www.waterskis.lv\/wp-content\/uploads\/2025\/01\/JUVP-logo.png","width":421,"height":202,"caption":"WATERSKIS.LV"},"image":{"@id":"https:\/\/www.waterskis.lv\/en\/#\/schema\/logo\/image\/"},"sameAs":["https:\/\/www.facebook.com\/jurmalawaterskiwakeboardpark\/"]}]}},"_links":{"self":[{"href":"https:\/\/www.waterskis.lv\/en\/wp-json\/wp\/v2\/pages\/7531","targetHints":{"allow":["GET"]}}],"collection":[{"href":"https:\/\/www.waterskis.lv\/en\/wp-json\/wp\/v2\/pages"}],"about":[{"href":"https:\/\/www.waterskis.lv\/en\/wp-json\/wp\/v2\/types\/page"}],"author":[{"embeddable":true,"href":"https:\/\/www.waterskis.lv\/en\/wp-json\/wp\/v2\/users\/5"}],"replies":[{"embeddable":true,"href":"https:\/\/www.waterskis.lv\/en\/wp-json\/wp\/v2\/comments?post=7531"}],"version-history":[{"count":4,"href":"https:\/\/www.waterskis.lv\/en\/wp-json\/wp\/v2\/pages\/7531\/revisions"}],"predecessor-version":[{"id":73220,"href":"https:\/\/www.waterskis.lv\/en\/wp-json\/wp\/v2\/pages\/7531\/revisions\/73220"}],"wp:featuredmedia":[{"embeddable":true,"href":"https:\/\/www.waterskis.lv\/en\/wp-json\/wp\/v2\/media\/40139"}],"wp:attachment":[{"href":"https:\/\/www.waterskis.lv\/en\/wp-json\/wp\/v2\/media?parent=7531"}],"curies":[{"name":"wp","href":"https:\/\/api.w.org\/{rel}","templated":true}]}}