{"id":8331,"date":"2019-01-22T15:50:33","date_gmt":"2019-01-22T12:50:33","guid":{"rendered":"http:\/\/www.waterskis.lv\/makskerniekiem\/"},"modified":"2026-04-27T12:10:42","modified_gmt":"2026-04-27T10:10:42","slug":"paddle-boat-rental","status":"publish","type":"page","link":"https:\/\/www.waterskis.lv\/en\/paddle-boat-rental\/","title":{"rendered":"Paddle Boat Rental"},"content":{"rendered":"\n<div class=\"wp-block-columns has-2-columns is-layout-flex wp-container-core-columns-is-layout-9d6595d7 wp-block-columns-is-layout-flex\">\n<div class=\"wp-block-column is-layout-flow wp-block-column-is-layout-flow\">\n<h5 class=\"wp-block-heading\">Paddle Boat Rental for recreation and fishing. Fishing from the boat is allowed from the 1st of May. Motor rental. Boat launching place. Parking. Fishing competitions.<\/h5>\n\n\n\n<h3 class=\"wp-block-heading\">Boat reservation:<\/h3>\n\n\n\n<p>Mob.: <a href=\"tel:371 29404905\">+371<\/a> 28067676<br \/>E-mail: <a href=\"info@waterskis.lv\">info@waterskis.lv<\/a><\/p>\n<\/div>\n<\/div>\n\n\n\n<h2 class=\"wp-block-heading\">Prices EUR per day<\/h2>\n\n\n\n<figure class=\"wp-block-table\"><table><tbody><tr><th>Title<\/th><th>1 h<\/th><th>2 h<\/th><td><strong>3 h<\/strong><\/td><td><strong>4 h<\/strong><\/td><th>Day<\/th><\/tr><tr><td>Paddle boat , 2-3 places<\/td><td>15<\/td><td>25<\/td><td>35<\/td><td>45<\/td><td>&#8211;<\/td><\/tr><tr><td>Paddle Boat , 4 places<\/td><td>20<\/td><td>30<\/td><td>40<\/td><td>50<\/td><td>&#8211;<\/td><\/tr><tr><td>Set (electric motor + battery)<\/td><td>15<\/td><td>15<\/td><td>15<\/td><td>15<\/td><td>&#8211;<\/td><\/tr><tr><td>Boat launching place<\/td><td>10<\/td><td>10<\/td><td>10<\/td><td>10<\/td><td>10<\/td><\/tr><\/tbody><\/table><\/figure>\n\n\n\n<p>Paddle Boat Rental<\/p>\n\n\n\n<figure class=\"wp-block-gallery has-nested-images columns-default is-cropped wp-block-gallery-1 is-layout-flex wp-block-gallery-is-layout-flex\">\n<figure class=\"wp-block-image size-large\"><img decoding=\"async\" width=\"600\" height=\"338\" data-id=\"71101\" src=\"https:\/\/www.waterskis.lv\/wp-content\/uploads\/2026\/01\/image-18.png\" alt=\"\" class=\"wp-image-71101\" srcset=\"https:\/\/www.waterskis.lv\/wp-content\/uploads\/2026\/01\/image-18.png 600w, https:\/\/www.waterskis.lv\/wp-content\/uploads\/2026\/01\/image-18-300x169.png 300w\" sizes=\"(max-width: 600px) 100vw, 600px\" \/><\/figure>\n\n\n\n<figure class=\"wp-block-image size-large\"><img decoding=\"async\" width=\"700\" height=\"525\" data-id=\"71897\" src=\"https:\/\/www.waterskis.lv\/wp-content\/uploads\/2026\/01\/image-123-700x525.png\" alt=\"\" class=\"wp-image-71897\" srcset=\"https:\/\/www.waterskis.lv\/wp-content\/uploads\/2026\/01\/image-123-700x525.png 700w, https:\/\/www.waterskis.lv\/wp-content\/uploads\/2026\/01\/image-123-300x225.png 300w, https:\/\/www.waterskis.lv\/wp-content\/uploads\/2026\/01\/image-123-768x576.png 768w, https:\/\/www.waterskis.lv\/wp-content\/uploads\/2026\/01\/image-123-600x450.png 600w, https:\/\/www.waterskis.lv\/wp-content\/uploads\/2026\/01\/image-123.png 933w\" sizes=\"(max-width: 700px) 100vw, 700px\" \/><\/figure>\n<\/figure>\n\n\n\n<figure class=\"wp-block-gallery has-nested-images columns-default is-cropped wp-block-gallery-2 is-layout-flex wp-block-gallery-is-layout-flex\">\n<figure class=\"wp-block-image size-large\"><img decoding=\"async\" width=\"700\" height=\"525\" data-id=\"71902\" src=\"https:\/\/www.waterskis.lv\/wp-content\/uploads\/2026\/01\/image-124-700x525.png\" alt=\"\" class=\"wp-image-71902\" srcset=\"https:\/\/www.waterskis.lv\/wp-content\/uploads\/2026\/01\/image-124-700x525.png 700w, https:\/\/www.waterskis.lv\/wp-content\/uploads\/2026\/01\/image-124-300x225.png 300w, https:\/\/www.waterskis.lv\/wp-content\/uploads\/2026\/01\/image-124-768x576.png 768w, https:\/\/www.waterskis.lv\/wp-content\/uploads\/2026\/01\/image-124-600x450.png 600w, https:\/\/www.waterskis.lv\/wp-content\/uploads\/2026\/01\/image-124.png 933w\" sizes=\"(max-width: 700px) 100vw, 700px\" \/><\/figure>\n<\/figure>\n","protected":false},"excerpt":{"rendered":"<p>Paddle Boat Rental for recreation and fishing. Fishing from the boat is allowed from the 1st of May. Motor rental. Boat launching place. Parking. Fishing competitions. Boat reservation: Mob.: +371 28067676E-mail: info@waterskis.lv Prices EUR per day Title 1 h 2 h 3 h 4 h Day Paddle boat , 2-3 places 15 25 35 45 [&#8230;]<\/p>\n<p><a class=\"btn btn-secondary understrap-read-more-link\" href=\"https:\/\/www.waterskis.lv\/en\/paddle-boat-rental\/\">Read More&#8230;<\/a><\/p>\n","protected":false},"author":5,"featured_media":17877,"parent":0,"menu_order":0,"comment_status":"closed","ping_status":"closed","template":"","meta":{"_acf_changed":false,"inline_featured_image":false,"footnotes":""},"class_list":["post-8331","page","type-page","status-publish","has-post-thumbnail","hentry"],"acf":[],"yoast_head":"<!-- This site is optimized with the Yoast SEO plugin v27.5 - https:\/\/yoast.com\/product\/yoast-seo-wordpress\/ -->\n<title>Paddle Boat Rental - WATERSKIS.LV<\/title>\n<meta name=\"description\" content=\"Paddle Boat Rental for recreation and fishing. Fishing from the boat is allowed from the 1st of May. Motor rental. Boat launching place.\" \/>\n<meta name=\"robots\" content=\"index, follow, max-snippet:-1, max-image-preview:large, max-video-preview:-1\" \/>\n<link rel=\"canonical\" href=\"https:\/\/www.waterskis.lv\/en\/paddle-boat-rental\/\" \/>\n<meta property=\"og:locale\" content=\"en_US\" \/>\n<meta property=\"og:type\" content=\"article\" \/>\n<meta property=\"og:title\" content=\"Fishing &amp; paddle boat rental at Jurmala\" \/>\n<meta property=\"og:description\" content=\"Fishing &amp; paddle boat rental at Jurmala. Engines rental. The launching point of the boat. Fishing season from 1st of May till the ice covers Lielupe river.\" \/>\n<meta property=\"og:url\" content=\"https:\/\/www.waterskis.lv\/en\/paddle-boat-rental\/\" \/>\n<meta property=\"og:site_name\" content=\"WATERSKIS.LV\" \/>\n<meta property=\"article:publisher\" content=\"https:\/\/www.facebook.com\/jurmalawaterskiwakeboardpark\/\" \/>\n<meta property=\"article:modified_time\" content=\"2026-04-27T10:10:42+00:00\" \/>\n<meta property=\"og:image\" content=\"https:\/\/www.waterskis.lv\/wp-content\/uploads\/2020\/05\/Laivas.jpg\" \/>\n\t<meta property=\"og:image:width\" content=\"1548\" \/>\n\t<meta property=\"og:image:height\" content=\"871\" \/>\n\t<meta property=\"og:image:type\" content=\"image\/jpeg\" \/>\n<meta name=\"twitter:card\" content=\"summary_large_image\" \/>\n<meta name=\"twitter:title\" content=\"Fishing &amp; paddle boat rental at Jurmala\" \/>\n<meta name=\"twitter:description\" content=\"Fishing &amp; paddle boat rental at Jurmala. Engines rental. The launching point of the boat. Fishing season from 1st of May till the ice covers Lielupe river.\" \/>\n<meta name=\"twitter:image\" content=\"https:\/\/www.waterskis.lv\/wp-content\/uploads\/2020\/05\/Laivas.jpg\" \/>\n<meta name=\"twitter:label1\" content=\"Est. reading time\" \/>\n\t<meta name=\"twitter:data1\" content=\"2 minutes\" \/>\n<script type=\"application\/ld+json\" class=\"yoast-schema-graph\">{\"@context\":\"https:\\\/\\\/schema.org\",\"@graph\":[{\"@type\":\"WebPage\",\"@id\":\"https:\\\/\\\/www.waterskis.lv\\\/en\\\/paddle-boat-rental\\\/\",\"url\":\"https:\\\/\\\/www.waterskis.lv\\\/en\\\/paddle-boat-rental\\\/\",\"name\":\"Paddle Boat Rental - WATERSKIS.LV\",\"isPartOf\":{\"@id\":\"https:\\\/\\\/www.waterskis.lv\\\/en\\\/#website\"},\"primaryImageOfPage\":{\"@id\":\"https:\\\/\\\/www.waterskis.lv\\\/en\\\/paddle-boat-rental\\\/#primaryimage\"},\"image\":{\"@id\":\"https:\\\/\\\/www.waterskis.lv\\\/en\\\/paddle-boat-rental\\\/#primaryimage\"},\"thumbnailUrl\":\"https:\\\/\\\/www.waterskis.lv\\\/wp-content\\\/uploads\\\/2020\\\/05\\\/Laivas.jpg\",\"datePublished\":\"2019-01-22T12:50:33+00:00\",\"dateModified\":\"2026-04-27T10:10:42+00:00\",\"description\":\"Paddle Boat Rental for recreation and fishing. Fishing from the boat is allowed from the 1st of May. Motor rental. Boat launching place.\",\"breadcrumb\":{\"@id\":\"https:\\\/\\\/www.waterskis.lv\\\/en\\\/paddle-boat-rental\\\/#breadcrumb\"},\"inLanguage\":\"en-US\",\"potentialAction\":[{\"@type\":\"ReadAction\",\"target\":[\"https:\\\/\\\/www.waterskis.lv\\\/en\\\/paddle-boat-rental\\\/\"]}]},{\"@type\":\"ImageObject\",\"inLanguage\":\"en-US\",\"@id\":\"https:\\\/\\\/www.waterskis.lv\\\/en\\\/paddle-boat-rental\\\/#primaryimage\",\"url\":\"https:\\\/\\\/www.waterskis.lv\\\/wp-content\\\/uploads\\\/2020\\\/05\\\/Laivas.jpg\",\"contentUrl\":\"https:\\\/\\\/www.waterskis.lv\\\/wp-content\\\/uploads\\\/2020\\\/05\\\/Laivas.jpg\",\"width\":1548,\"height\":871,\"caption\":\"Paddle boat rental at Jurmala\"},{\"@type\":\"BreadcrumbList\",\"@id\":\"https:\\\/\\\/www.waterskis.lv\\\/en\\\/paddle-boat-rental\\\/#breadcrumb\",\"itemListElement\":[{\"@type\":\"ListItem\",\"position\":1,\"name\":\"Home\",\"item\":\"https:\\\/\\\/www.waterskis.lv\\\/en\\\/\"},{\"@type\":\"ListItem\",\"position\":2,\"name\":\"Paddle Boat Rental\"}]},{\"@type\":\"WebSite\",\"@id\":\"https:\\\/\\\/www.waterskis.lv\\\/en\\\/#website\",\"url\":\"https:\\\/\\\/www.waterskis.lv\\\/en\\\/\",\"name\":\"WATERSKIS.LV\",\"description\":\"SUP d\u0113\u013ci, kajaki, kanoe, airu laivas, \u016bdenssl\u0113po\u0161ana, veikbords, SUP d\u0113\u013cu noma, kajaku nomaakt\u012bv\u0101s atp\u016btas centrs, laivu noma, sup noma, kajaku noma\",\"publisher\":{\"@id\":\"https:\\\/\\\/www.waterskis.lv\\\/en\\\/#organization\"},\"potentialAction\":[{\"@type\":\"SearchAction\",\"target\":{\"@type\":\"EntryPoint\",\"urlTemplate\":\"https:\\\/\\\/www.waterskis.lv\\\/en\\\/?s={search_term_string}\"},\"query-input\":{\"@type\":\"PropertyValueSpecification\",\"valueRequired\":true,\"valueName\":\"search_term_string\"}}],\"inLanguage\":\"en-US\"},{\"@type\":\"Organization\",\"@id\":\"https:\\\/\\\/www.waterskis.lv\\\/en\\\/#organization\",\"name\":\"WATERSKIS.LV\",\"url\":\"https:\\\/\\\/www.waterskis.lv\\\/en\\\/\",\"logo\":{\"@type\":\"ImageObject\",\"inLanguage\":\"en-US\",\"@id\":\"https:\\\/\\\/www.waterskis.lv\\\/en\\\/#\\\/schema\\\/logo\\\/image\\\/\",\"url\":\"https:\\\/\\\/www.waterskis.lv\\\/wp-content\\\/uploads\\\/2025\\\/01\\\/JUVP-logo.png\",\"contentUrl\":\"https:\\\/\\\/www.waterskis.lv\\\/wp-content\\\/uploads\\\/2025\\\/01\\\/JUVP-logo.png\",\"width\":421,\"height\":202,\"caption\":\"WATERSKIS.LV\"},\"image\":{\"@id\":\"https:\\\/\\\/www.waterskis.lv\\\/en\\\/#\\\/schema\\\/logo\\\/image\\\/\"},\"sameAs\":[\"https:\\\/\\\/www.facebook.com\\\/jurmalawaterskiwakeboardpark\\\/\"]}]}<\/script>\n<!-- \/ Yoast SEO plugin. -->","yoast_head_json":{"title":"Paddle Boat Rental - WATERSKIS.LV","description":"Paddle Boat Rental for recreation and fishing. Fishing from the boat is allowed from the 1st of May. Motor rental. Boat launching place.","robots":{"index":"index","follow":"follow","max-snippet":"max-snippet:-1","max-image-preview":"max-image-preview:large","max-video-preview":"max-video-preview:-1"},"canonical":"https:\/\/www.waterskis.lv\/en\/paddle-boat-rental\/","og_locale":"en_US","og_type":"article","og_title":"Fishing & paddle boat rental at Jurmala","og_description":"Fishing & paddle boat rental at Jurmala. Engines rental. The launching point of the boat. Fishing season from 1st of May till the ice covers Lielupe river.","og_url":"https:\/\/www.waterskis.lv\/en\/paddle-boat-rental\/","og_site_name":"WATERSKIS.LV","article_publisher":"https:\/\/www.facebook.com\/jurmalawaterskiwakeboardpark\/","article_modified_time":"2026-04-27T10:10:42+00:00","og_image":[{"width":1548,"height":871,"url":"https:\/\/www.waterskis.lv\/wp-content\/uploads\/2020\/05\/Laivas.jpg","type":"image\/jpeg"}],"twitter_card":"summary_large_image","twitter_title":"Fishing & paddle boat rental at Jurmala","twitter_description":"Fishing & paddle boat rental at Jurmala. Engines rental. The launching point of the boat. Fishing season from 1st of May till the ice covers Lielupe river.","twitter_image":"https:\/\/www.waterskis.lv\/wp-content\/uploads\/2020\/05\/Laivas.jpg","twitter_misc":{"Est. reading time":"2 minutes"},"schema":{"@context":"https:\/\/schema.org","@graph":[{"@type":"WebPage","@id":"https:\/\/www.waterskis.lv\/en\/paddle-boat-rental\/","url":"https:\/\/www.waterskis.lv\/en\/paddle-boat-rental\/","name":"Paddle Boat Rental - WATERSKIS.LV","isPartOf":{"@id":"https:\/\/www.waterskis.lv\/en\/#website"},"primaryImageOfPage":{"@id":"https:\/\/www.waterskis.lv\/en\/paddle-boat-rental\/#primaryimage"},"image":{"@id":"https:\/\/www.waterskis.lv\/en\/paddle-boat-rental\/#primaryimage"},"thumbnailUrl":"https:\/\/www.waterskis.lv\/wp-content\/uploads\/2020\/05\/Laivas.jpg","datePublished":"2019-01-22T12:50:33+00:00","dateModified":"2026-04-27T10:10:42+00:00","description":"Paddle Boat Rental for recreation and fishing. Fishing from the boat is allowed from the 1st of May. Motor rental. Boat launching place.","breadcrumb":{"@id":"https:\/\/www.waterskis.lv\/en\/paddle-boat-rental\/#breadcrumb"},"inLanguage":"en-US","potentialAction":[{"@type":"ReadAction","target":["https:\/\/www.waterskis.lv\/en\/paddle-boat-rental\/"]}]},{"@type":"ImageObject","inLanguage":"en-US","@id":"https:\/\/www.waterskis.lv\/en\/paddle-boat-rental\/#primaryimage","url":"https:\/\/www.waterskis.lv\/wp-content\/uploads\/2020\/05\/Laivas.jpg","contentUrl":"https:\/\/www.waterskis.lv\/wp-content\/uploads\/2020\/05\/Laivas.jpg","width":1548,"height":871,"caption":"Paddle boat rental at Jurmala"},{"@type":"BreadcrumbList","@id":"https:\/\/www.waterskis.lv\/en\/paddle-boat-rental\/#breadcrumb","itemListElement":[{"@type":"ListItem","position":1,"name":"Home","item":"https:\/\/www.waterskis.lv\/en\/"},{"@type":"ListItem","position":2,"name":"Paddle Boat Rental"}]},{"@type":"WebSite","@id":"https:\/\/www.waterskis.lv\/en\/#website","url":"https:\/\/www.waterskis.lv\/en\/","name":"WATERSKIS.LV","description":"SUP d\u0113\u013ci, kajaki, kanoe, airu laivas, \u016bdenssl\u0113po\u0161ana, veikbords, SUP d\u0113\u013cu noma, kajaku nomaakt\u012bv\u0101s atp\u016btas centrs, laivu noma, sup noma, kajaku noma","publisher":{"@id":"https:\/\/www.waterskis.lv\/en\/#organization"},"potentialAction":[{"@type":"SearchAction","target":{"@type":"EntryPoint","urlTemplate":"https:\/\/www.waterskis.lv\/en\/?s={search_term_string}"},"query-input":{"@type":"PropertyValueSpecification","valueRequired":true,"valueName":"search_term_string"}}],"inLanguage":"en-US"},{"@type":"Organization","@id":"https:\/\/www.waterskis.lv\/en\/#organization","name":"WATERSKIS.LV","url":"https:\/\/www.waterskis.lv\/en\/","logo":{"@type":"ImageObject","inLanguage":"en-US","@id":"https:\/\/www.waterskis.lv\/en\/#\/schema\/logo\/image\/","url":"https:\/\/www.waterskis.lv\/wp-content\/uploads\/2025\/01\/JUVP-logo.png","contentUrl":"https:\/\/www.waterskis.lv\/wp-content\/uploads\/2025\/01\/JUVP-logo.png","width":421,"height":202,"caption":"WATERSKIS.LV"},"image":{"@id":"https:\/\/www.waterskis.lv\/en\/#\/schema\/logo\/image\/"},"sameAs":["https:\/\/www.facebook.com\/jurmalawaterskiwakeboardpark\/"]}]}},"_links":{"self":[{"href":"https:\/\/www.waterskis.lv\/en\/wp-json\/wp\/v2\/pages\/8331","targetHints":{"allow":["GET"]}}],"collection":[{"href":"https:\/\/www.waterskis.lv\/en\/wp-json\/wp\/v2\/pages"}],"about":[{"href":"https:\/\/www.waterskis.lv\/en\/wp-json\/wp\/v2\/types\/page"}],"author":[{"embeddable":true,"href":"https:\/\/www.waterskis.lv\/en\/wp-json\/wp\/v2\/users\/5"}],"replies":[{"embeddable":true,"href":"https:\/\/www.waterskis.lv\/en\/wp-json\/wp\/v2\/comments?post=8331"}],"version-history":[{"count":5,"href":"https:\/\/www.waterskis.lv\/en\/wp-json\/wp\/v2\/pages\/8331\/revisions"}],"predecessor-version":[{"id":73124,"href":"https:\/\/www.waterskis.lv\/en\/wp-json\/wp\/v2\/pages\/8331\/revisions\/73124"}],"wp:featuredmedia":[{"embeddable":true,"href":"https:\/\/www.waterskis.lv\/en\/wp-json\/wp\/v2\/media\/17877"}],"wp:attachment":[{"href":"https:\/\/www.waterskis.lv\/en\/wp-json\/wp\/v2\/media?parent=8331"}],"curies":[{"name":"wp","href":"https:\/\/api.w.org\/{rel}","templated":true}]}}