{"id":9408,"date":"2019-02-10T17:39:08","date_gmt":"2019-02-10T14:39:08","guid":{"rendered":"https:\/\/waterskis.truu.lv\/apmacibas\/"},"modified":"2026-01-18T11:58:30","modified_gmt":"2026-01-18T09:58:30","slug":"jurmala-waterski-club","status":"publish","type":"page","link":"https:\/\/www.waterskis.lv\/en\/jurmala-waterski-club\/","title":{"rendered":"Jurmala Waterski Club"},"content":{"rendered":"\n<p>Jurmala Waterski Club is a member of the Waterski and Wakeboard Federation of Latvia.<\/p>\n\n\n\n<p>3 Events waterkiing: slalom, jump, tricks.<\/p>\n\n\n\n<p>Season April &#8211; October.<\/p>\n\n\n\n<p>Coach Gints Rungis (A level).<\/p>\n\n\n\n<p>The club&#8217;s students are European champions, Latvian champions, National countries champions, winners of rating competitions.<\/p>\n\n\n\n<p>Location: Jurmala, Priedaine<\/p>\n\n\n\n<p>Phone: +371 28067676<\/p>\n\n\n\n<p>info@waterskis.lv<\/p>\n\n\n\n<p>www.waterskis.lv<\/p>\n\n\n\n<h2 class=\"wp-block-heading\">Waterski for children<\/h2>\n\n\n\n<p>Educational program &#8220;Water skiing for kids and teens aged 7-18&#8221;.<\/p>\n\n\n\n<p>License Nr.5.1-9.2\/25\/14.<\/p>\n\n\n\n<p>We are recruiting new groups for the 2026 season.<\/p>\n\n\n\n<p>Location: Priedaine, Jurmala.<\/p>\n\n\n\n<p>Time: every day from 9:00 am. &#8211; 6.00 pm.<\/p>\n\n\n\n<p>Individual training time ~ 20 min. by prior appointment.<\/p>\n\n\n\n<p>First exercise free of charge.<\/p>\n\n\n\n<p>10 exercises 170 EUR.<\/p>\n\n\n\n<p>Beginners.<\/p>\n\n\n\n<p>Equipment provided.<\/p>\n\n\n\n<p>Information: +371 28067676<\/p>\n\n\n\n<p>email: info@waterskis.lv.<\/p>\n\n\n\n<p>www.waterskis.lv<\/p>\n\n\n\n<figure class=\"wp-block-image size-large\"><img decoding=\"async\" width=\"700\" height=\"587\" src=\"https:\/\/www.waterskis.lv\/wp-content\/uploads\/2026\/01\/image-17-700x587.png\" alt=\"\" class=\"wp-image-70986\" srcset=\"https:\/\/www.waterskis.lv\/wp-content\/uploads\/2026\/01\/image-17-700x587.png 700w, https:\/\/www.waterskis.lv\/wp-content\/uploads\/2026\/01\/image-17-300x251.png 300w, https:\/\/www.waterskis.lv\/wp-content\/uploads\/2026\/01\/image-17-768x644.png 768w, https:\/\/www.waterskis.lv\/wp-content\/uploads\/2026\/01\/image-17-600x503.png 600w, https:\/\/www.waterskis.lv\/wp-content\/uploads\/2026\/01\/image-17.png 940w\" sizes=\"(max-width: 700px) 100vw, 700px\" \/><\/figure>\n","protected":false},"excerpt":{"rendered":"<p>Jurmala Waterski Club is a member of the Waterski and Wakeboard Federation of Latvia. 3 Events waterkiing: slalom, jump, tricks. Season April &#8211; October. Coach Gints Rungis (A level). The club&#8217;s students are European champions, Latvian champions, National countries champions, winners of rating competitions. Location: Jurmala, Priedaine Phone: +371 28067676 info@waterskis.lv www.waterskis.lv Waterski for children [&#8230;]<\/p>\n<p><a class=\"btn btn-secondary understrap-read-more-link\" href=\"https:\/\/www.waterskis.lv\/en\/jurmala-waterski-club\/\">Read More&#8230;<\/a><\/p>\n","protected":false},"author":5,"featured_media":66174,"parent":0,"menu_order":0,"comment_status":"closed","ping_status":"closed","template":"","meta":{"_acf_changed":false,"inline_featured_image":false,"footnotes":""},"class_list":["post-9408","page","type-page","status-publish","has-post-thumbnail","hentry"],"acf":[],"yoast_head":"<!-- This site is optimized with the Yoast SEO plugin v27.5 - https:\/\/yoast.com\/product\/yoast-seo-wordpress\/ -->\n<title>Jurmala Waterski Club - WATERSKIS.LV<\/title>\n<meta name=\"description\" content=\"Jurmala Waterski Club is a member of the Waterski and Wakeboard Federation of Latvia. Educational program Water skiing for kids and teens.\" \/>\n<meta name=\"robots\" content=\"index, follow, max-snippet:-1, max-image-preview:large, max-video-preview:-1\" \/>\n<link rel=\"canonical\" href=\"https:\/\/www.waterskis.lv\/en\/jurmala-waterski-club\/\" \/>\n<meta property=\"og:locale\" content=\"en_US\" \/>\n<meta property=\"og:type\" content=\"article\" \/>\n<meta property=\"og:title\" content=\"Jurmala water skiing school\" \/>\n<meta property=\"og:description\" content=\"Jurmala water skiing school. 1st of June till 31st of August. Water skiing and wakeboarding at Jurmala, Priedaine since 1973. Children\u2019s water skiing and wakeboard trainings until the age of 18. Tuition time: Monday, Wednesday, Friday from 11.00 a.m. to 2.00 p.m. Children\u2019s mornings. Tuesday, Thursday 11 a.m. to 2 p.m. Water skiing \/ wakeboarding by motorboat or cable system in live order. Instructors: Gints Rungis \u2013 A category water skiing coach (LSFP certificate no. 718, valid until 08.06.2027), Champion of Latvian and USSR. Camp manager (certificate no. 012 \u2013 00005, valid until 17.03.2026.). Adrija Runge \u2013 2015 European Youth Champion, Record holder and champion of Latvia. Toms Rungis \u2013 Latvia youth champion. Phone for inquiries: +371 28067676. Jurmala water skiing school. www.waterskis.lv\" \/>\n<meta property=\"og:url\" content=\"https:\/\/www.waterskis.lv\/en\/jurmala-waterski-club\/\" \/>\n<meta property=\"og:site_name\" content=\"WATERSKIS.LV\" \/>\n<meta property=\"article:publisher\" content=\"https:\/\/www.facebook.com\/jurmalawaterskiwakeboardpark\/\" \/>\n<meta property=\"article:modified_time\" content=\"2026-01-18T09:58:30+00:00\" \/>\n<meta property=\"og:image\" content=\"https:\/\/www.waterskis.lv\/wp-content\/uploads\/2022\/06\/adria-udenssleposana-1024x512-1.jpg\" \/>\n\t<meta property=\"og:image:width\" content=\"1024\" \/>\n\t<meta property=\"og:image:height\" content=\"512\" \/>\n\t<meta property=\"og:image:type\" content=\"image\/jpeg\" \/>\n<meta name=\"twitter:card\" content=\"summary_large_image\" \/>\n<meta name=\"twitter:label1\" content=\"Est. reading time\" \/>\n\t<meta name=\"twitter:data1\" content=\"2 minutes\" \/>\n<script type=\"application\/ld+json\" class=\"yoast-schema-graph\">{\"@context\":\"https:\\\/\\\/schema.org\",\"@graph\":[{\"@type\":\"WebPage\",\"@id\":\"https:\\\/\\\/www.waterskis.lv\\\/en\\\/jurmala-waterski-club\\\/\",\"url\":\"https:\\\/\\\/www.waterskis.lv\\\/en\\\/jurmala-waterski-club\\\/\",\"name\":\"Jurmala Waterski Club - WATERSKIS.LV\",\"isPartOf\":{\"@id\":\"https:\\\/\\\/www.waterskis.lv\\\/en\\\/#website\"},\"primaryImageOfPage\":{\"@id\":\"https:\\\/\\\/www.waterskis.lv\\\/en\\\/jurmala-waterski-club\\\/#primaryimage\"},\"image\":{\"@id\":\"https:\\\/\\\/www.waterskis.lv\\\/en\\\/jurmala-waterski-club\\\/#primaryimage\"},\"thumbnailUrl\":\"https:\\\/\\\/www.waterskis.lv\\\/wp-content\\\/uploads\\\/2025\\\/06\\\/Udenssleposanas-nodarbibas.png\",\"datePublished\":\"2019-02-10T14:39:08+00:00\",\"dateModified\":\"2026-01-18T09:58:30+00:00\",\"description\":\"Jurmala Waterski Club is a member of the Waterski and Wakeboard Federation of Latvia. Educational program Water skiing for kids and teens.\",\"breadcrumb\":{\"@id\":\"https:\\\/\\\/www.waterskis.lv\\\/en\\\/jurmala-waterski-club\\\/#breadcrumb\"},\"inLanguage\":\"en-US\",\"potentialAction\":[{\"@type\":\"ReadAction\",\"target\":[\"https:\\\/\\\/www.waterskis.lv\\\/en\\\/jurmala-waterski-club\\\/\"]}]},{\"@type\":\"ImageObject\",\"inLanguage\":\"en-US\",\"@id\":\"https:\\\/\\\/www.waterskis.lv\\\/en\\\/jurmala-waterski-club\\\/#primaryimage\",\"url\":\"https:\\\/\\\/www.waterskis.lv\\\/wp-content\\\/uploads\\\/2025\\\/06\\\/Udenssleposanas-nodarbibas.png\",\"contentUrl\":\"https:\\\/\\\/www.waterskis.lv\\\/wp-content\\\/uploads\\\/2025\\\/06\\\/Udenssleposanas-nodarbibas.png\",\"width\":940,\"height\":788,\"caption\":\"Waterski for kids\"},{\"@type\":\"BreadcrumbList\",\"@id\":\"https:\\\/\\\/www.waterskis.lv\\\/en\\\/jurmala-waterski-club\\\/#breadcrumb\",\"itemListElement\":[{\"@type\":\"ListItem\",\"position\":1,\"name\":\"Home\",\"item\":\"https:\\\/\\\/www.waterskis.lv\\\/en\\\/\"},{\"@type\":\"ListItem\",\"position\":2,\"name\":\"Jurmala Waterski Club\"}]},{\"@type\":\"WebSite\",\"@id\":\"https:\\\/\\\/www.waterskis.lv\\\/en\\\/#website\",\"url\":\"https:\\\/\\\/www.waterskis.lv\\\/en\\\/\",\"name\":\"WATERSKIS.LV\",\"description\":\"SUP d\u0113\u013ci, kajaki, kanoe, airu laivas, \u016bdenssl\u0113po\u0161ana, veikbords, SUP d\u0113\u013cu noma, kajaku nomaakt\u012bv\u0101s atp\u016btas centrs, laivu noma, sup noma, kajaku noma\",\"publisher\":{\"@id\":\"https:\\\/\\\/www.waterskis.lv\\\/en\\\/#organization\"},\"potentialAction\":[{\"@type\":\"SearchAction\",\"target\":{\"@type\":\"EntryPoint\",\"urlTemplate\":\"https:\\\/\\\/www.waterskis.lv\\\/en\\\/?s={search_term_string}\"},\"query-input\":{\"@type\":\"PropertyValueSpecification\",\"valueRequired\":true,\"valueName\":\"search_term_string\"}}],\"inLanguage\":\"en-US\"},{\"@type\":\"Organization\",\"@id\":\"https:\\\/\\\/www.waterskis.lv\\\/en\\\/#organization\",\"name\":\"WATERSKIS.LV\",\"url\":\"https:\\\/\\\/www.waterskis.lv\\\/en\\\/\",\"logo\":{\"@type\":\"ImageObject\",\"inLanguage\":\"en-US\",\"@id\":\"https:\\\/\\\/www.waterskis.lv\\\/en\\\/#\\\/schema\\\/logo\\\/image\\\/\",\"url\":\"https:\\\/\\\/www.waterskis.lv\\\/wp-content\\\/uploads\\\/2025\\\/01\\\/JUVP-logo.png\",\"contentUrl\":\"https:\\\/\\\/www.waterskis.lv\\\/wp-content\\\/uploads\\\/2025\\\/01\\\/JUVP-logo.png\",\"width\":421,\"height\":202,\"caption\":\"WATERSKIS.LV\"},\"image\":{\"@id\":\"https:\\\/\\\/www.waterskis.lv\\\/en\\\/#\\\/schema\\\/logo\\\/image\\\/\"},\"sameAs\":[\"https:\\\/\\\/www.facebook.com\\\/jurmalawaterskiwakeboardpark\\\/\"]}]}<\/script>\n<!-- \/ Yoast SEO plugin. -->","yoast_head_json":{"title":"Jurmala Waterski Club - WATERSKIS.LV","description":"Jurmala Waterski Club is a member of the Waterski and Wakeboard Federation of Latvia. Educational program Water skiing for kids and teens.","robots":{"index":"index","follow":"follow","max-snippet":"max-snippet:-1","max-image-preview":"max-image-preview:large","max-video-preview":"max-video-preview:-1"},"canonical":"https:\/\/www.waterskis.lv\/en\/jurmala-waterski-club\/","og_locale":"en_US","og_type":"article","og_title":"Jurmala water skiing school","og_description":"Jurmala water skiing school. 1st of June till 31st of August. Water skiing and wakeboarding at Jurmala, Priedaine since 1973. Children\u2019s water skiing and wakeboard trainings until the age of 18. Tuition time: Monday, Wednesday, Friday from 11.00 a.m. to 2.00 p.m. Children\u2019s mornings. Tuesday, Thursday 11 a.m. to 2 p.m. Water skiing \/ wakeboarding by motorboat or cable system in live order. Instructors: Gints Rungis \u2013 A category water skiing coach (LSFP certificate no. 718, valid until 08.06.2027), Champion of Latvian and USSR. Camp manager (certificate no. 012 \u2013 00005, valid until 17.03.2026.). Adrija Runge \u2013 2015 European Youth Champion, Record holder and champion of Latvia. Toms Rungis \u2013 Latvia youth champion. Phone for inquiries: +371 28067676. Jurmala water skiing school. www.waterskis.lv","og_url":"https:\/\/www.waterskis.lv\/en\/jurmala-waterski-club\/","og_site_name":"WATERSKIS.LV","article_publisher":"https:\/\/www.facebook.com\/jurmalawaterskiwakeboardpark\/","article_modified_time":"2026-01-18T09:58:30+00:00","og_image":[{"width":1024,"height":512,"url":"https:\/\/www.waterskis.lv\/wp-content\/uploads\/2022\/06\/adria-udenssleposana-1024x512-1.jpg","type":"image\/jpeg"}],"twitter_card":"summary_large_image","twitter_misc":{"Est. reading time":"2 minutes"},"schema":{"@context":"https:\/\/schema.org","@graph":[{"@type":"WebPage","@id":"https:\/\/www.waterskis.lv\/en\/jurmala-waterski-club\/","url":"https:\/\/www.waterskis.lv\/en\/jurmala-waterski-club\/","name":"Jurmala Waterski Club - WATERSKIS.LV","isPartOf":{"@id":"https:\/\/www.waterskis.lv\/en\/#website"},"primaryImageOfPage":{"@id":"https:\/\/www.waterskis.lv\/en\/jurmala-waterski-club\/#primaryimage"},"image":{"@id":"https:\/\/www.waterskis.lv\/en\/jurmala-waterski-club\/#primaryimage"},"thumbnailUrl":"https:\/\/www.waterskis.lv\/wp-content\/uploads\/2025\/06\/Udenssleposanas-nodarbibas.png","datePublished":"2019-02-10T14:39:08+00:00","dateModified":"2026-01-18T09:58:30+00:00","description":"Jurmala Waterski Club is a member of the Waterski and Wakeboard Federation of Latvia. Educational program Water skiing for kids and teens.","breadcrumb":{"@id":"https:\/\/www.waterskis.lv\/en\/jurmala-waterski-club\/#breadcrumb"},"inLanguage":"en-US","potentialAction":[{"@type":"ReadAction","target":["https:\/\/www.waterskis.lv\/en\/jurmala-waterski-club\/"]}]},{"@type":"ImageObject","inLanguage":"en-US","@id":"https:\/\/www.waterskis.lv\/en\/jurmala-waterski-club\/#primaryimage","url":"https:\/\/www.waterskis.lv\/wp-content\/uploads\/2025\/06\/Udenssleposanas-nodarbibas.png","contentUrl":"https:\/\/www.waterskis.lv\/wp-content\/uploads\/2025\/06\/Udenssleposanas-nodarbibas.png","width":940,"height":788,"caption":"Waterski for kids"},{"@type":"BreadcrumbList","@id":"https:\/\/www.waterskis.lv\/en\/jurmala-waterski-club\/#breadcrumb","itemListElement":[{"@type":"ListItem","position":1,"name":"Home","item":"https:\/\/www.waterskis.lv\/en\/"},{"@type":"ListItem","position":2,"name":"Jurmala Waterski Club"}]},{"@type":"WebSite","@id":"https:\/\/www.waterskis.lv\/en\/#website","url":"https:\/\/www.waterskis.lv\/en\/","name":"WATERSKIS.LV","description":"SUP d\u0113\u013ci, kajaki, kanoe, airu laivas, \u016bdenssl\u0113po\u0161ana, veikbords, SUP d\u0113\u013cu noma, kajaku nomaakt\u012bv\u0101s atp\u016btas centrs, laivu noma, sup noma, kajaku noma","publisher":{"@id":"https:\/\/www.waterskis.lv\/en\/#organization"},"potentialAction":[{"@type":"SearchAction","target":{"@type":"EntryPoint","urlTemplate":"https:\/\/www.waterskis.lv\/en\/?s={search_term_string}"},"query-input":{"@type":"PropertyValueSpecification","valueRequired":true,"valueName":"search_term_string"}}],"inLanguage":"en-US"},{"@type":"Organization","@id":"https:\/\/www.waterskis.lv\/en\/#organization","name":"WATERSKIS.LV","url":"https:\/\/www.waterskis.lv\/en\/","logo":{"@type":"ImageObject","inLanguage":"en-US","@id":"https:\/\/www.waterskis.lv\/en\/#\/schema\/logo\/image\/","url":"https:\/\/www.waterskis.lv\/wp-content\/uploads\/2025\/01\/JUVP-logo.png","contentUrl":"https:\/\/www.waterskis.lv\/wp-content\/uploads\/2025\/01\/JUVP-logo.png","width":421,"height":202,"caption":"WATERSKIS.LV"},"image":{"@id":"https:\/\/www.waterskis.lv\/en\/#\/schema\/logo\/image\/"},"sameAs":["https:\/\/www.facebook.com\/jurmalawaterskiwakeboardpark\/"]}]}},"_links":{"self":[{"href":"https:\/\/www.waterskis.lv\/en\/wp-json\/wp\/v2\/pages\/9408","targetHints":{"allow":["GET"]}}],"collection":[{"href":"https:\/\/www.waterskis.lv\/en\/wp-json\/wp\/v2\/pages"}],"about":[{"href":"https:\/\/www.waterskis.lv\/en\/wp-json\/wp\/v2\/types\/page"}],"author":[{"embeddable":true,"href":"https:\/\/www.waterskis.lv\/en\/wp-json\/wp\/v2\/users\/5"}],"replies":[{"embeddable":true,"href":"https:\/\/www.waterskis.lv\/en\/wp-json\/wp\/v2\/comments?post=9408"}],"version-history":[{"count":5,"href":"https:\/\/www.waterskis.lv\/en\/wp-json\/wp\/v2\/pages\/9408\/revisions"}],"predecessor-version":[{"id":70987,"href":"https:\/\/www.waterskis.lv\/en\/wp-json\/wp\/v2\/pages\/9408\/revisions\/70987"}],"wp:featuredmedia":[{"embeddable":true,"href":"https:\/\/www.waterskis.lv\/en\/wp-json\/wp\/v2\/media\/66174"}],"wp:attachment":[{"href":"https:\/\/www.waterskis.lv\/en\/wp-json\/wp\/v2\/media?parent=9408"}],"curies":[{"name":"wp","href":"https:\/\/api.w.org\/{rel}","templated":true}]}}