{"id":9425,"date":"2019-02-10T16:10:09","date_gmt":"2019-02-10T13:10:09","guid":{"rendered":"https:\/\/waterskis.truu.lv\/par-mums\/"},"modified":"2022-12-08T11:15:47","modified_gmt":"2022-12-08T08:15:47","slug":"about-us","status":"publish","type":"page","link":"https:\/\/www.waterskis.lv\/en\/about-us\/","title":{"rendered":"About us"},"content":{"rendered":"\n<p>We continue the Latvian water skiing route, which began in the 1930s and resumed in the 1950s in Jurmala after the Second World War. We have been in Priedaine since 1973, when a channel for water skiing was created using  ground pumps. Many Latvian and USSR champions and record holders have trained here and the highest level competitions have been organized at this site.<\/p>\n\n\n\n<p>In 2015 Adrija Runge won the European Youth Championship gold medal. It gives strength and motivation to further develop Jurmala water skiing and wakeboarding park as a high-level sport and diverse active recreation site.<\/p>\n\n\n\n<p>Water skiing and wakeboarding behind the motorboat and cable park.<\/p>\n\n\n\n<p>Rental a SUP boards, kayaks, paddle boats.<\/p>\n\n\n\n<p>Territory for corporate events and family parties.<\/p>\n\n\n\n<p>Shop. You can buy SUP boards and accessories, kayaks and accessories, paddle boats, canoes, water bikes &#8211; catamarans, oars, life jackets, water skis, wakeboards, boat engines and electric motors etc.<\/p>\n","protected":false},"excerpt":{"rendered":"<p>We continue the Latvian water skiing route, which began in the 1930s and resumed in the 1950s in Jurmala after the Second World War. We have been in Priedaine since 1973, when a channel for water skiing was created using ground pumps. Many Latvian and USSR champions and record holders have trained here and the [&#8230;]<\/p>\n<p><a class=\"btn btn-secondary understrap-read-more-link\" href=\"https:\/\/www.waterskis.lv\/en\/about-us\/\">Read More&#8230;<\/a><\/p>\n","protected":false},"author":5,"featured_media":49236,"parent":0,"menu_order":0,"comment_status":"closed","ping_status":"closed","template":"","meta":{"_acf_changed":false,"inline_featured_image":false,"footnotes":""},"class_list":["post-9425","page","type-page","status-publish","has-post-thumbnail","hentry"],"acf":[],"yoast_head":"<!-- This site is optimized with the Yoast SEO plugin v27.5 - https:\/\/yoast.com\/product\/yoast-seo-wordpress\/ -->\n<title>About us - WATERSKIS.LV<\/title>\n<meta name=\"description\" content=\"About us. Water skiing and wakeboarding at Jurmala since 1973. Water sports activities. Water equipment shop. Rentals. Corporate events\" \/>\n<meta name=\"robots\" content=\"index, follow, max-snippet:-1, max-image-preview:large, max-video-preview:-1\" \/>\n<link rel=\"canonical\" href=\"https:\/\/www.waterskis.lv\/en\/about-us\/\" \/>\n<meta property=\"og:locale\" content=\"en_US\" \/>\n<meta property=\"og:type\" content=\"article\" \/>\n<meta property=\"og:title\" content=\"About us - WATERSKIS.LV\" \/>\n<meta property=\"og:description\" content=\"About us. Water skiing and wakeboarding at Jurmala since 1973. Water sports activities. Water equipment shop. Rentals. Corporate events\" \/>\n<meta property=\"og:url\" content=\"https:\/\/www.waterskis.lv\/en\/about-us\/\" \/>\n<meta property=\"og:site_name\" content=\"WATERSKIS.LV\" \/>\n<meta property=\"article:publisher\" content=\"https:\/\/www.facebook.com\/jurmalawaterskiwakeboardpark\/\" \/>\n<meta property=\"article:modified_time\" content=\"2022-12-08T08:15:47+00:00\" \/>\n<meta property=\"og:image\" content=\"https:\/\/www.waterskis.lv\/wp-content\/uploads\/2016\/05\/Logo_lielais.jpg\" \/>\n\t<meta property=\"og:image:width\" content=\"2550\" \/>\n\t<meta property=\"og:image:height\" content=\"2550\" \/>\n\t<meta property=\"og:image:type\" content=\"image\/jpeg\" \/>\n<meta name=\"twitter:card\" content=\"summary_large_image\" \/>\n<meta name=\"twitter:label1\" content=\"Est. reading time\" \/>\n\t<meta name=\"twitter:data1\" content=\"1 minute\" \/>\n<script type=\"application\/ld+json\" class=\"yoast-schema-graph\">{\"@context\":\"https:\\\/\\\/schema.org\",\"@graph\":[{\"@type\":\"WebPage\",\"@id\":\"https:\\\/\\\/www.waterskis.lv\\\/en\\\/about-us\\\/\",\"url\":\"https:\\\/\\\/www.waterskis.lv\\\/en\\\/about-us\\\/\",\"name\":\"About us - WATERSKIS.LV\",\"isPartOf\":{\"@id\":\"https:\\\/\\\/www.waterskis.lv\\\/en\\\/#website\"},\"primaryImageOfPage\":{\"@id\":\"https:\\\/\\\/www.waterskis.lv\\\/en\\\/about-us\\\/#primaryimage\"},\"image\":{\"@id\":\"https:\\\/\\\/www.waterskis.lv\\\/en\\\/about-us\\\/#primaryimage\"},\"thumbnailUrl\":\"https:\\\/\\\/www.waterskis.lv\\\/wp-content\\\/uploads\\\/2016\\\/05\\\/Logo_lielais.jpg\",\"datePublished\":\"2019-02-10T13:10:09+00:00\",\"dateModified\":\"2022-12-08T08:15:47+00:00\",\"description\":\"About us. Water skiing and wakeboarding at Jurmala since 1973. Water sports activities. Water equipment shop. Rentals. Corporate events\",\"breadcrumb\":{\"@id\":\"https:\\\/\\\/www.waterskis.lv\\\/en\\\/about-us\\\/#breadcrumb\"},\"inLanguage\":\"en-US\",\"potentialAction\":[{\"@type\":\"ReadAction\",\"target\":[\"https:\\\/\\\/www.waterskis.lv\\\/en\\\/about-us\\\/\"]}]},{\"@type\":\"ImageObject\",\"inLanguage\":\"en-US\",\"@id\":\"https:\\\/\\\/www.waterskis.lv\\\/en\\\/about-us\\\/#primaryimage\",\"url\":\"https:\\\/\\\/www.waterskis.lv\\\/wp-content\\\/uploads\\\/2016\\\/05\\\/Logo_lielais.jpg\",\"contentUrl\":\"https:\\\/\\\/www.waterskis.lv\\\/wp-content\\\/uploads\\\/2016\\\/05\\\/Logo_lielais.jpg\",\"width\":2550,\"height\":2550,\"caption\":\"Jurmala waterki & wakeboard park\"},{\"@type\":\"BreadcrumbList\",\"@id\":\"https:\\\/\\\/www.waterskis.lv\\\/en\\\/about-us\\\/#breadcrumb\",\"itemListElement\":[{\"@type\":\"ListItem\",\"position\":1,\"name\":\"Home\",\"item\":\"https:\\\/\\\/www.waterskis.lv\\\/en\\\/\"},{\"@type\":\"ListItem\",\"position\":2,\"name\":\"About us\"}]},{\"@type\":\"WebSite\",\"@id\":\"https:\\\/\\\/www.waterskis.lv\\\/en\\\/#website\",\"url\":\"https:\\\/\\\/www.waterskis.lv\\\/en\\\/\",\"name\":\"WATERSKIS.LV\",\"description\":\"SUP d\u0113\u013ci, kajaki, kanoe, airu laivas, \u016bdenssl\u0113po\u0161ana, veikbords, SUP d\u0113\u013cu noma, kajaku nomaakt\u012bv\u0101s atp\u016btas centrs, laivu noma, sup noma, kajaku noma\",\"publisher\":{\"@id\":\"https:\\\/\\\/www.waterskis.lv\\\/en\\\/#organization\"},\"potentialAction\":[{\"@type\":\"SearchAction\",\"target\":{\"@type\":\"EntryPoint\",\"urlTemplate\":\"https:\\\/\\\/www.waterskis.lv\\\/en\\\/?s={search_term_string}\"},\"query-input\":{\"@type\":\"PropertyValueSpecification\",\"valueRequired\":true,\"valueName\":\"search_term_string\"}}],\"inLanguage\":\"en-US\"},{\"@type\":\"Organization\",\"@id\":\"https:\\\/\\\/www.waterskis.lv\\\/en\\\/#organization\",\"name\":\"WATERSKIS.LV\",\"url\":\"https:\\\/\\\/www.waterskis.lv\\\/en\\\/\",\"logo\":{\"@type\":\"ImageObject\",\"inLanguage\":\"en-US\",\"@id\":\"https:\\\/\\\/www.waterskis.lv\\\/en\\\/#\\\/schema\\\/logo\\\/image\\\/\",\"url\":\"https:\\\/\\\/www.waterskis.lv\\\/wp-content\\\/uploads\\\/2025\\\/01\\\/JUVP-logo.png\",\"contentUrl\":\"https:\\\/\\\/www.waterskis.lv\\\/wp-content\\\/uploads\\\/2025\\\/01\\\/JUVP-logo.png\",\"width\":421,\"height\":202,\"caption\":\"WATERSKIS.LV\"},\"image\":{\"@id\":\"https:\\\/\\\/www.waterskis.lv\\\/en\\\/#\\\/schema\\\/logo\\\/image\\\/\"},\"sameAs\":[\"https:\\\/\\\/www.facebook.com\\\/jurmalawaterskiwakeboardpark\\\/\"]}]}<\/script>\n<!-- \/ Yoast SEO plugin. -->","yoast_head_json":{"title":"About us - WATERSKIS.LV","description":"About us. Water skiing and wakeboarding at Jurmala since 1973. Water sports activities. Water equipment shop. Rentals. Corporate events","robots":{"index":"index","follow":"follow","max-snippet":"max-snippet:-1","max-image-preview":"max-image-preview:large","max-video-preview":"max-video-preview:-1"},"canonical":"https:\/\/www.waterskis.lv\/en\/about-us\/","og_locale":"en_US","og_type":"article","og_title":"About us - WATERSKIS.LV","og_description":"About us. Water skiing and wakeboarding at Jurmala since 1973. Water sports activities. Water equipment shop. Rentals. Corporate events","og_url":"https:\/\/www.waterskis.lv\/en\/about-us\/","og_site_name":"WATERSKIS.LV","article_publisher":"https:\/\/www.facebook.com\/jurmalawaterskiwakeboardpark\/","article_modified_time":"2022-12-08T08:15:47+00:00","og_image":[{"width":2550,"height":2550,"url":"https:\/\/www.waterskis.lv\/wp-content\/uploads\/2016\/05\/Logo_lielais.jpg","type":"image\/jpeg"}],"twitter_card":"summary_large_image","twitter_misc":{"Est. reading time":"1 minute"},"schema":{"@context":"https:\/\/schema.org","@graph":[{"@type":"WebPage","@id":"https:\/\/www.waterskis.lv\/en\/about-us\/","url":"https:\/\/www.waterskis.lv\/en\/about-us\/","name":"About us - WATERSKIS.LV","isPartOf":{"@id":"https:\/\/www.waterskis.lv\/en\/#website"},"primaryImageOfPage":{"@id":"https:\/\/www.waterskis.lv\/en\/about-us\/#primaryimage"},"image":{"@id":"https:\/\/www.waterskis.lv\/en\/about-us\/#primaryimage"},"thumbnailUrl":"https:\/\/www.waterskis.lv\/wp-content\/uploads\/2016\/05\/Logo_lielais.jpg","datePublished":"2019-02-10T13:10:09+00:00","dateModified":"2022-12-08T08:15:47+00:00","description":"About us. Water skiing and wakeboarding at Jurmala since 1973. Water sports activities. Water equipment shop. Rentals. Corporate events","breadcrumb":{"@id":"https:\/\/www.waterskis.lv\/en\/about-us\/#breadcrumb"},"inLanguage":"en-US","potentialAction":[{"@type":"ReadAction","target":["https:\/\/www.waterskis.lv\/en\/about-us\/"]}]},{"@type":"ImageObject","inLanguage":"en-US","@id":"https:\/\/www.waterskis.lv\/en\/about-us\/#primaryimage","url":"https:\/\/www.waterskis.lv\/wp-content\/uploads\/2016\/05\/Logo_lielais.jpg","contentUrl":"https:\/\/www.waterskis.lv\/wp-content\/uploads\/2016\/05\/Logo_lielais.jpg","width":2550,"height":2550,"caption":"Jurmala waterki & wakeboard park"},{"@type":"BreadcrumbList","@id":"https:\/\/www.waterskis.lv\/en\/about-us\/#breadcrumb","itemListElement":[{"@type":"ListItem","position":1,"name":"Home","item":"https:\/\/www.waterskis.lv\/en\/"},{"@type":"ListItem","position":2,"name":"About us"}]},{"@type":"WebSite","@id":"https:\/\/www.waterskis.lv\/en\/#website","url":"https:\/\/www.waterskis.lv\/en\/","name":"WATERSKIS.LV","description":"SUP d\u0113\u013ci, kajaki, kanoe, airu laivas, \u016bdenssl\u0113po\u0161ana, veikbords, SUP d\u0113\u013cu noma, kajaku nomaakt\u012bv\u0101s atp\u016btas centrs, laivu noma, sup noma, kajaku noma","publisher":{"@id":"https:\/\/www.waterskis.lv\/en\/#organization"},"potentialAction":[{"@type":"SearchAction","target":{"@type":"EntryPoint","urlTemplate":"https:\/\/www.waterskis.lv\/en\/?s={search_term_string}"},"query-input":{"@type":"PropertyValueSpecification","valueRequired":true,"valueName":"search_term_string"}}],"inLanguage":"en-US"},{"@type":"Organization","@id":"https:\/\/www.waterskis.lv\/en\/#organization","name":"WATERSKIS.LV","url":"https:\/\/www.waterskis.lv\/en\/","logo":{"@type":"ImageObject","inLanguage":"en-US","@id":"https:\/\/www.waterskis.lv\/en\/#\/schema\/logo\/image\/","url":"https:\/\/www.waterskis.lv\/wp-content\/uploads\/2025\/01\/JUVP-logo.png","contentUrl":"https:\/\/www.waterskis.lv\/wp-content\/uploads\/2025\/01\/JUVP-logo.png","width":421,"height":202,"caption":"WATERSKIS.LV"},"image":{"@id":"https:\/\/www.waterskis.lv\/en\/#\/schema\/logo\/image\/"},"sameAs":["https:\/\/www.facebook.com\/jurmalawaterskiwakeboardpark\/"]}]}},"_links":{"self":[{"href":"https:\/\/www.waterskis.lv\/en\/wp-json\/wp\/v2\/pages\/9425","targetHints":{"allow":["GET"]}}],"collection":[{"href":"https:\/\/www.waterskis.lv\/en\/wp-json\/wp\/v2\/pages"}],"about":[{"href":"https:\/\/www.waterskis.lv\/en\/wp-json\/wp\/v2\/types\/page"}],"author":[{"embeddable":true,"href":"https:\/\/www.waterskis.lv\/en\/wp-json\/wp\/v2\/users\/5"}],"replies":[{"embeddable":true,"href":"https:\/\/www.waterskis.lv\/en\/wp-json\/wp\/v2\/comments?post=9425"}],"version-history":[{"count":0,"href":"https:\/\/www.waterskis.lv\/en\/wp-json\/wp\/v2\/pages\/9425\/revisions"}],"wp:featuredmedia":[{"embeddable":true,"href":"https:\/\/www.waterskis.lv\/en\/wp-json\/wp\/v2\/media\/49236"}],"wp:attachment":[{"href":"https:\/\/www.waterskis.lv\/en\/wp-json\/wp\/v2\/media?parent=9425"}],"curies":[{"name":"wp","href":"https:\/\/api.w.org\/{rel}","templated":true}]}}