{"id":9431,"date":"2019-02-15T21:42:39","date_gmt":"2019-02-15T18:42:39","guid":{"rendered":"https:\/\/waterskis.truu.lv\/rekviziti\/"},"modified":"2026-01-02T15:43:29","modified_gmt":"2026-01-02T13:43:29","slug":"properties","status":"publish","type":"page","link":"https:\/\/www.waterskis.lv\/en\/properties\/","title":{"rendered":"Properties"},"content":{"rendered":"\n<p><strong>Jurmala waterskiing &amp; wakeboarding park<\/strong><\/p>\n\n\n\n<p><strong>&#8220;2GR&#8221;<\/strong> <strong>Ltd.<\/strong><\/p>\n\n\n\n<p><strong>Office address:<\/strong><\/p>\n\n\n\n<p>\u201cSmilgas\u201d, J\u016brmala, LV-2010<br \/> <strong>Phone:&nbsp;<\/strong><a href=\"tel:+37128067676\">+371 28067676<\/a><br \/> <strong>E-mail:<\/strong>&nbsp;<a href=\"mailto:info@waterskis.lv\">info@waterskis.lv<\/a><\/p>\n\n\n\n<p><strong>Legal address:<\/strong><br \/> Maz\u0101 J\u016brmalas street 13, Pinki,\u00a0Babite parish, Latvia, LV-2107<\/p>\n\n\n\n<p><strong>Maks\u0101t\u0101js:<\/strong><br \/> VAT LV40103175184<\/p>\n\n\n\n<p>Luminor Bank AS Latvijas fili\u0101le<br \/><strong> Account No:<\/strong><br \/> LV83RIKO0002013104019&nbsp;<\/p>\n\n\n\n<p><strong>Kods:<\/strong>&nbsp;RIKOLV2X<\/p>\n","protected":false},"excerpt":{"rendered":"<p>Jurmala waterskiing &amp; wakeboarding park &#8220;2GR&#8221; Ltd. Office address: \u201cSmilgas\u201d, J\u016brmala, LV-2010 Phone:&nbsp;+371 28067676 E-mail:&nbsp;info@waterskis.lv Legal address: Maz\u0101 J\u016brmalas street 13, Pinki,\u00a0Babite parish, Latvia, LV-2107 Maks\u0101t\u0101js: VAT LV40103175184 Luminor Bank AS Latvijas fili\u0101le Account No: LV83RIKO0002013104019&nbsp; Kods:&nbsp;RIKOLV2X [&#8230;]<\/p>\n<p><a class=\"btn btn-secondary understrap-read-more-link\" href=\"https:\/\/www.waterskis.lv\/en\/properties\/\">Read More&#8230;<\/a><\/p>\n","protected":false},"author":5,"featured_media":41436,"parent":0,"menu_order":0,"comment_status":"closed","ping_status":"closed","template":"page-templates\/contacts.php","meta":{"_acf_changed":false,"inline_featured_image":false,"footnotes":""},"class_list":["post-9431","page","type-page","status-publish","has-post-thumbnail","hentry"],"acf":[],"yoast_head":"<!-- This site is optimized with the Yoast SEO plugin v27.3 - https:\/\/yoast.com\/product\/yoast-seo-wordpress\/ -->\n<title>Properties - WATERSKIS.LV<\/title>\n<meta name=\"description\" content=\"Properties. Jurmala waterskiing &amp; wakeboarding park&#039;s properties\" \/>\n<meta name=\"robots\" content=\"index, follow, max-snippet:-1, max-image-preview:large, max-video-preview:-1\" \/>\n<link rel=\"canonical\" href=\"https:\/\/www.waterskis.lv\/en\/properties\/\" \/>\n<meta property=\"og:locale\" content=\"en_US\" \/>\n<meta property=\"og:type\" content=\"article\" \/>\n<meta property=\"og:title\" content=\"Properties - WATERSKIS.LV\" \/>\n<meta property=\"og:description\" content=\"Properties. Jurmala waterskiing &amp; wakeboarding park&#039;s properties\" \/>\n<meta property=\"og:url\" content=\"https:\/\/www.waterskis.lv\/en\/properties\/\" \/>\n<meta property=\"og:site_name\" content=\"WATERSKIS.LV\" \/>\n<meta property=\"article:publisher\" content=\"https:\/\/www.facebook.com\/jurmalawaterskiwakeboardpark\/\" \/>\n<meta property=\"article:modified_time\" content=\"2026-01-02T13:43:29+00:00\" \/>\n<meta property=\"og:image\" content=\"https:\/\/www.waterskis.lv\/wp-content\/uploads\/2017\/03\/sky_wake_jurmala_logo_final_28032016.png\" \/>\n\t<meta property=\"og:image:width\" content=\"1080\" \/>\n\t<meta property=\"og:image:height\" content=\"1080\" \/>\n\t<meta property=\"og:image:type\" content=\"image\/png\" \/>\n<meta name=\"twitter:card\" content=\"summary_large_image\" \/>\n<meta name=\"twitter:label1\" content=\"Est. reading time\" \/>\n\t<meta name=\"twitter:data1\" content=\"1 minute\" \/>\n<script type=\"application\/ld+json\" class=\"yoast-schema-graph\">{\"@context\":\"https:\\\/\\\/schema.org\",\"@graph\":[{\"@type\":\"WebPage\",\"@id\":\"https:\\\/\\\/www.waterskis.lv\\\/en\\\/properties\\\/\",\"url\":\"https:\\\/\\\/www.waterskis.lv\\\/en\\\/properties\\\/\",\"name\":\"Properties - WATERSKIS.LV\",\"isPartOf\":{\"@id\":\"https:\\\/\\\/www.waterskis.lv\\\/en\\\/#website\"},\"primaryImageOfPage\":{\"@id\":\"https:\\\/\\\/www.waterskis.lv\\\/en\\\/properties\\\/#primaryimage\"},\"image\":{\"@id\":\"https:\\\/\\\/www.waterskis.lv\\\/en\\\/properties\\\/#primaryimage\"},\"thumbnailUrl\":\"https:\\\/\\\/www.waterskis.lv\\\/wp-content\\\/uploads\\\/2017\\\/03\\\/sky_wake_jurmala_logo_final_28032016.png\",\"datePublished\":\"2019-02-15T18:42:39+00:00\",\"dateModified\":\"2026-01-02T13:43:29+00:00\",\"description\":\"Properties. Jurmala waterskiing & wakeboarding park's properties\",\"breadcrumb\":{\"@id\":\"https:\\\/\\\/www.waterskis.lv\\\/en\\\/properties\\\/#breadcrumb\"},\"inLanguage\":\"en-US\",\"potentialAction\":[{\"@type\":\"ReadAction\",\"target\":[\"https:\\\/\\\/www.waterskis.lv\\\/en\\\/properties\\\/\"]}]},{\"@type\":\"ImageObject\",\"inLanguage\":\"en-US\",\"@id\":\"https:\\\/\\\/www.waterskis.lv\\\/en\\\/properties\\\/#primaryimage\",\"url\":\"https:\\\/\\\/www.waterskis.lv\\\/wp-content\\\/uploads\\\/2017\\\/03\\\/sky_wake_jurmala_logo_final_28032016.png\",\"contentUrl\":\"https:\\\/\\\/www.waterskis.lv\\\/wp-content\\\/uploads\\\/2017\\\/03\\\/sky_wake_jurmala_logo_final_28032016.png\",\"width\":1080,\"height\":1080,\"caption\":\"\u041f\u0430\u0440\u043a \u0432\u043e\u0434\u043d\u044b\u0445 \u043b\u044b\u0436 \u0438 \u0432\u0435\u0439\u043a\u0431\u043e\u0440\u0434\u0438\u043d\u0433\u0430 \u0432 \u042e\u0440\u043c\u0430\u043b\u0435\"},{\"@type\":\"BreadcrumbList\",\"@id\":\"https:\\\/\\\/www.waterskis.lv\\\/en\\\/properties\\\/#breadcrumb\",\"itemListElement\":[{\"@type\":\"ListItem\",\"position\":1,\"name\":\"Home\",\"item\":\"https:\\\/\\\/www.waterskis.lv\\\/en\\\/\"},{\"@type\":\"ListItem\",\"position\":2,\"name\":\"Properties\"}]},{\"@type\":\"WebSite\",\"@id\":\"https:\\\/\\\/www.waterskis.lv\\\/en\\\/#website\",\"url\":\"https:\\\/\\\/www.waterskis.lv\\\/en\\\/\",\"name\":\"WATERSKIS.LV\",\"description\":\"SUP d\u0113\u013ci, kajaki, kanoe, airu laivas, \u016bdenssl\u0113po\u0161ana, veikbords, SUP d\u0113\u013cu noma, kajaku nomaakt\u012bv\u0101s atp\u016btas centrs, laivu noma, sup noma, kajaku noma\",\"publisher\":{\"@id\":\"https:\\\/\\\/www.waterskis.lv\\\/en\\\/#organization\"},\"potentialAction\":[{\"@type\":\"SearchAction\",\"target\":{\"@type\":\"EntryPoint\",\"urlTemplate\":\"https:\\\/\\\/www.waterskis.lv\\\/en\\\/?s={search_term_string}\"},\"query-input\":{\"@type\":\"PropertyValueSpecification\",\"valueRequired\":true,\"valueName\":\"search_term_string\"}}],\"inLanguage\":\"en-US\"},{\"@type\":\"Organization\",\"@id\":\"https:\\\/\\\/www.waterskis.lv\\\/en\\\/#organization\",\"name\":\"WATERSKIS.LV\",\"url\":\"https:\\\/\\\/www.waterskis.lv\\\/en\\\/\",\"logo\":{\"@type\":\"ImageObject\",\"inLanguage\":\"en-US\",\"@id\":\"https:\\\/\\\/www.waterskis.lv\\\/en\\\/#\\\/schema\\\/logo\\\/image\\\/\",\"url\":\"https:\\\/\\\/www.waterskis.lv\\\/wp-content\\\/uploads\\\/2025\\\/01\\\/JUVP-logo.png\",\"contentUrl\":\"https:\\\/\\\/www.waterskis.lv\\\/wp-content\\\/uploads\\\/2025\\\/01\\\/JUVP-logo.png\",\"width\":421,\"height\":202,\"caption\":\"WATERSKIS.LV\"},\"image\":{\"@id\":\"https:\\\/\\\/www.waterskis.lv\\\/en\\\/#\\\/schema\\\/logo\\\/image\\\/\"},\"sameAs\":[\"https:\\\/\\\/www.facebook.com\\\/jurmalawaterskiwakeboardpark\\\/\"]}]}<\/script>\n<!-- \/ Yoast SEO plugin. -->","yoast_head_json":{"title":"Properties - WATERSKIS.LV","description":"Properties. Jurmala waterskiing & wakeboarding park's properties","robots":{"index":"index","follow":"follow","max-snippet":"max-snippet:-1","max-image-preview":"max-image-preview:large","max-video-preview":"max-video-preview:-1"},"canonical":"https:\/\/www.waterskis.lv\/en\/properties\/","og_locale":"en_US","og_type":"article","og_title":"Properties - WATERSKIS.LV","og_description":"Properties. Jurmala waterskiing & wakeboarding park's properties","og_url":"https:\/\/www.waterskis.lv\/en\/properties\/","og_site_name":"WATERSKIS.LV","article_publisher":"https:\/\/www.facebook.com\/jurmalawaterskiwakeboardpark\/","article_modified_time":"2026-01-02T13:43:29+00:00","og_image":[{"width":1080,"height":1080,"url":"https:\/\/www.waterskis.lv\/wp-content\/uploads\/2017\/03\/sky_wake_jurmala_logo_final_28032016.png","type":"image\/png"}],"twitter_card":"summary_large_image","twitter_misc":{"Est. reading time":"1 minute"},"schema":{"@context":"https:\/\/schema.org","@graph":[{"@type":"WebPage","@id":"https:\/\/www.waterskis.lv\/en\/properties\/","url":"https:\/\/www.waterskis.lv\/en\/properties\/","name":"Properties - WATERSKIS.LV","isPartOf":{"@id":"https:\/\/www.waterskis.lv\/en\/#website"},"primaryImageOfPage":{"@id":"https:\/\/www.waterskis.lv\/en\/properties\/#primaryimage"},"image":{"@id":"https:\/\/www.waterskis.lv\/en\/properties\/#primaryimage"},"thumbnailUrl":"https:\/\/www.waterskis.lv\/wp-content\/uploads\/2017\/03\/sky_wake_jurmala_logo_final_28032016.png","datePublished":"2019-02-15T18:42:39+00:00","dateModified":"2026-01-02T13:43:29+00:00","description":"Properties. Jurmala waterskiing & wakeboarding park's properties","breadcrumb":{"@id":"https:\/\/www.waterskis.lv\/en\/properties\/#breadcrumb"},"inLanguage":"en-US","potentialAction":[{"@type":"ReadAction","target":["https:\/\/www.waterskis.lv\/en\/properties\/"]}]},{"@type":"ImageObject","inLanguage":"en-US","@id":"https:\/\/www.waterskis.lv\/en\/properties\/#primaryimage","url":"https:\/\/www.waterskis.lv\/wp-content\/uploads\/2017\/03\/sky_wake_jurmala_logo_final_28032016.png","contentUrl":"https:\/\/www.waterskis.lv\/wp-content\/uploads\/2017\/03\/sky_wake_jurmala_logo_final_28032016.png","width":1080,"height":1080,"caption":"\u041f\u0430\u0440\u043a \u0432\u043e\u0434\u043d\u044b\u0445 \u043b\u044b\u0436 \u0438 \u0432\u0435\u0439\u043a\u0431\u043e\u0440\u0434\u0438\u043d\u0433\u0430 \u0432 \u042e\u0440\u043c\u0430\u043b\u0435"},{"@type":"BreadcrumbList","@id":"https:\/\/www.waterskis.lv\/en\/properties\/#breadcrumb","itemListElement":[{"@type":"ListItem","position":1,"name":"Home","item":"https:\/\/www.waterskis.lv\/en\/"},{"@type":"ListItem","position":2,"name":"Properties"}]},{"@type":"WebSite","@id":"https:\/\/www.waterskis.lv\/en\/#website","url":"https:\/\/www.waterskis.lv\/en\/","name":"WATERSKIS.LV","description":"SUP d\u0113\u013ci, kajaki, kanoe, airu laivas, \u016bdenssl\u0113po\u0161ana, veikbords, SUP d\u0113\u013cu noma, kajaku nomaakt\u012bv\u0101s atp\u016btas centrs, laivu noma, sup noma, kajaku noma","publisher":{"@id":"https:\/\/www.waterskis.lv\/en\/#organization"},"potentialAction":[{"@type":"SearchAction","target":{"@type":"EntryPoint","urlTemplate":"https:\/\/www.waterskis.lv\/en\/?s={search_term_string}"},"query-input":{"@type":"PropertyValueSpecification","valueRequired":true,"valueName":"search_term_string"}}],"inLanguage":"en-US"},{"@type":"Organization","@id":"https:\/\/www.waterskis.lv\/en\/#organization","name":"WATERSKIS.LV","url":"https:\/\/www.waterskis.lv\/en\/","logo":{"@type":"ImageObject","inLanguage":"en-US","@id":"https:\/\/www.waterskis.lv\/en\/#\/schema\/logo\/image\/","url":"https:\/\/www.waterskis.lv\/wp-content\/uploads\/2025\/01\/JUVP-logo.png","contentUrl":"https:\/\/www.waterskis.lv\/wp-content\/uploads\/2025\/01\/JUVP-logo.png","width":421,"height":202,"caption":"WATERSKIS.LV"},"image":{"@id":"https:\/\/www.waterskis.lv\/en\/#\/schema\/logo\/image\/"},"sameAs":["https:\/\/www.facebook.com\/jurmalawaterskiwakeboardpark\/"]}]}},"_links":{"self":[{"href":"https:\/\/www.waterskis.lv\/en\/wp-json\/wp\/v2\/pages\/9431","targetHints":{"allow":["GET"]}}],"collection":[{"href":"https:\/\/www.waterskis.lv\/en\/wp-json\/wp\/v2\/pages"}],"about":[{"href":"https:\/\/www.waterskis.lv\/en\/wp-json\/wp\/v2\/types\/page"}],"author":[{"embeddable":true,"href":"https:\/\/www.waterskis.lv\/en\/wp-json\/wp\/v2\/users\/5"}],"replies":[{"embeddable":true,"href":"https:\/\/www.waterskis.lv\/en\/wp-json\/wp\/v2\/comments?post=9431"}],"version-history":[{"count":1,"href":"https:\/\/www.waterskis.lv\/en\/wp-json\/wp\/v2\/pages\/9431\/revisions"}],"predecessor-version":[{"id":68767,"href":"https:\/\/www.waterskis.lv\/en\/wp-json\/wp\/v2\/pages\/9431\/revisions\/68767"}],"wp:featuredmedia":[{"embeddable":true,"href":"https:\/\/www.waterskis.lv\/en\/wp-json\/wp\/v2\/media\/41436"}],"wp:attachment":[{"href":"https:\/\/www.waterskis.lv\/en\/wp-json\/wp\/v2\/media?parent=9431"}],"curies":[{"name":"wp","href":"https:\/\/api.w.org\/{rel}","templated":true}]}}