{"id":10321,"date":"2018-12-22T09:26:30","date_gmt":"2018-12-22T06:26:30","guid":{"rendered":"https:\/\/www.waterskis.lv\/product\/piepusams-sup-delis-king-lion-115\/"},"modified":"2022-12-27T00:00:47","modified_gmt":"2022-12-26T21:00:47","slug":"sup-board-wildsup-king-lion-11-5","status":"publish","type":"product","link":"https:\/\/www.waterskis.lv\/en\/product\/sup-board-wildsup-king-lion-11-5\/","title":{"rendered":"SUP board WILDSUP KING LION 11.5"},"content":{"rendered":"<p>SUP board WILDSUP KING LION 11.5<\/p>\n<p>The Premium quality SUP board with pressure up to 27 psi for 1-2 riders<\/p>\n<p>GET READY TO GET WILD. WILDSUP SINCE 2012<\/p>\n<p>Weight: 13 kg<\/p>\n<p>Dimensions: 350 x 90 x 15 cm<\/p>\n<p>Material: two layer Drop stitch PVC<\/p>\n<p>Rider weight: 1-2 riders up to 130 kg<\/p>\n<p>Pressure: up to 22 psi, max 27 psi<\/p>\n<p>Kit: SUP board, double action pump, wheelie backpack, leash, repair kit, paddle Basic<\/p>\n<p>Color: black\/ red\/ white<\/p>\n<p>Just You, your friend and water\u2026<\/p>\n<p>With SUP board WILDSUP KING LION 11.5 you can enjoy great memorable moments together with a your friend, your significant other or your family member.<\/p>\n<p>The main difference maker \u2013 top class stability. You can be sure that this stiff, wide and long board is glued to the water surface so you and your partner can safely paddle and not worry of falling off! Of course not that is a problem \u2013 we recommend to fall of from the board to the water from time to time \u2013 it\u2019s fun!<\/p>\n<p><strong>KING LION<\/strong> comes with double action pump, a bag, a leash and a repair kit.<\/p>\n<p>Highest quality double paddle board, with features, materials and production, among the best paddle boards in Europe. It is free to float for two people, is stable and holds a lot of weight, but it is great for handling and enjoying the pleasure of swimming alone, making it extremely versatile and practical. The paddle is made of high quality and durable two-layer PVC Drop Stitch material, which is UV resistant and can withstand high loads. Its top is covered with a nice leg and non-slip cover. The maximum pressure of this paddle is 27 psi. Only very high quality paddle boards (SUPs) have such high pressure. You can use this paddle board (SUP) for swimming in lakes, sea and rivers. The inflatable paddle board is very stiff, sturdy and reliable, and slides well in the water. Maximize the pleasure of dry paddle swimming.<\/p>\n","protected":false},"excerpt":{"rendered":"<p>&nbsp;<\/p>\n<p>https:\/\/www.youtube.com\/watch?v=3COAnUC56xI<\/p>\n<p>https:\/\/www.youtube.com\/watch?v=-m5EzDjo-dw [&#8230;]<\/p>\n<p><a class=\"btn btn-secondary understrap-read-more-link\" href=\"https:\/\/www.waterskis.lv\/en\/product\/sup-board-wildsup-king-lion-11-5\/\">Read More&#8230;<\/a><\/p>\n","protected":false},"featured_media":6922,"comment_status":"closed","ping_status":"closed","template":"","meta":{"_acf_changed":false,"inline_featured_image":false},"product_brand":[],"product_cat":[700,361,502,501],"product_tag":[3172,1334,1355,3173,3174,1335,3131,3175,3140,3176,3188,3141],"class_list":{"0":"post-10321","1":"product","2":"type-product","3":"status-publish","4":"has-post-thumbnail","6":"product_cat-inflatable-sup-boards","7":"product_cat-sale","8":"product_cat-stand-up-paddle-boards","9":"product_cat-wildsup-isup-boards","10":"product_tag-aufblasbares-sup","11":"product_tag-paddle-boards","12":"product_tag-piepusams-sup-delis","13":"product_tag-stand-up-paddleboard","14":"product_tag-stand-up-paddling","15":"product_tag-sup","16":"product_tag-sup-boards","17":"product_tag-sup-surfer","18":"product_tag-sup-","19":"product_tag-supkayak","20":"product_tag-wildsup","21":"product_tag-3141","23":"first","24":"instock","25":"sale","26":"shipping-taxable","27":"purchasable","28":"product-type-simple"},"acf":[],"yoast_head":"<!-- This site is optimized with the Yoast SEO plugin v27.4 - https:\/\/yoast.com\/product\/yoast-seo-wordpress\/ -->\n<title>SUP board WILDSUP KING LION 11.5 - WATERSKIS.LV<\/title>\n<meta name=\"description\" content=\"Premium quality SUP board WILDSUP KING LION 11.5 for 1 - 2 riders. 90 cm wide for more pleasure on the water together with your friend\" \/>\n<meta name=\"robots\" content=\"index, follow, max-snippet:-1, max-image-preview:large, max-video-preview:-1\" \/>\n<link rel=\"canonical\" href=\"https:\/\/www.waterskis.lv\/en\/product\/sup-board-wildsup-king-lion-11-5\/\" \/>\n<meta property=\"og:locale\" content=\"en_US\" \/>\n<meta property=\"og:type\" content=\"article\" \/>\n<meta property=\"og:title\" content=\"Inflatable SUP board WILDSUP King Lion 11.5\" \/>\n<meta property=\"og:description\" content=\"Inflatable SUP board WILDSUP KING LION 11.5The Premium quality SUP board with pressure up to 27 psi for 1-2 ridersWild SUP - EU manufacturer since 2012!Weight: 13 kgDimensions: 350 x 90 x 15 cmMaterial: two layer Drop stitch PVCRider weight: 1-2 riders up to 130 kgPressure: up to 22 psi, max 27 psiKit: SUP board, double action pump, wheelie backpack, leash, repair kit, paddle Basic\" \/>\n<meta property=\"og:url\" content=\"https:\/\/www.waterskis.lv\/en\/product\/sup-board-wildsup-king-lion-11-5\/\" \/>\n<meta property=\"og:site_name\" content=\"WATERSKIS.LV\" \/>\n<meta property=\"article:publisher\" content=\"https:\/\/www.facebook.com\/jurmalawaterskiwakeboardpark\/\" \/>\n<meta property=\"article:modified_time\" content=\"2022-12-26T21:00:47+00:00\" \/>\n<meta property=\"og:image\" content=\"https:\/\/waterskis.lv\/wp-content\/uploads\/2020\/05\/20200512_1006031-700x394.jpg\" \/>\n\t<meta property=\"og:image:width\" content=\"700\" \/>\n\t<meta property=\"og:image:height\" content=\"394\" \/>\n\t<meta property=\"og:image:type\" content=\"image\/jpeg\" \/>\n<meta name=\"twitter:card\" content=\"summary_large_image\" \/>\n<meta name=\"twitter:title\" content=\"Inflatable SUP board WILDSUP King Lion 11.5\" \/>\n<meta name=\"twitter:description\" content=\"Inflatable SUP board WILDSUP KING LION 11.5The Premium quality SUP board with pressure up to 27 psi for 1-2 ridersWild SUP - EU manufacturer since 2012!Weight: 13 kgDimensions: 350 x 90 x 15 cmMaterial: two layer Drop stitch PVCRider weight: 1-2 riders up to 130 kgPressure: up to 22 psi, max 27 psiKit: SUP board, double action pump, wheelie backpack, leash, repair kit, paddle Basic\" \/>\n<meta name=\"twitter:image\" content=\"https:\/\/www.waterskis.lv\/wp-content\/uploads\/2020\/05\/20200512_1006031.jpg\" \/>\n<meta name=\"twitter:label1\" content=\"Est. reading time\" \/>\n\t<meta name=\"twitter:data1\" content=\"2 minutes\" \/>\n<script type=\"application\/ld+json\" class=\"yoast-schema-graph\">{\"@context\":\"https:\\\/\\\/schema.org\",\"@graph\":[{\"@type\":\"WebPage\",\"@id\":\"https:\\\/\\\/www.waterskis.lv\\\/en\\\/product\\\/sup-board-wildsup-king-lion-11-5\\\/\",\"url\":\"https:\\\/\\\/www.waterskis.lv\\\/en\\\/product\\\/sup-board-wildsup-king-lion-11-5\\\/\",\"name\":\"SUP board WILDSUP KING LION 11.5 - WATERSKIS.LV\",\"isPartOf\":{\"@id\":\"https:\\\/\\\/www.waterskis.lv\\\/en\\\/#website\"},\"primaryImageOfPage\":{\"@id\":\"https:\\\/\\\/www.waterskis.lv\\\/en\\\/product\\\/sup-board-wildsup-king-lion-11-5\\\/#primaryimage\"},\"image\":{\"@id\":\"https:\\\/\\\/www.waterskis.lv\\\/en\\\/product\\\/sup-board-wildsup-king-lion-11-5\\\/#primaryimage\"},\"thumbnailUrl\":\"https:\\\/\\\/www.waterskis.lv\\\/wp-content\\\/uploads\\\/2018\\\/12\\\/Lion.php_.png\",\"datePublished\":\"2018-12-22T06:26:30+00:00\",\"dateModified\":\"2022-12-26T21:00:47+00:00\",\"description\":\"Premium quality SUP board WILDSUP KING LION 11.5 for 1 - 2 riders. 90 cm wide for more pleasure on the water together with your friend\",\"breadcrumb\":{\"@id\":\"https:\\\/\\\/www.waterskis.lv\\\/en\\\/product\\\/sup-board-wildsup-king-lion-11-5\\\/#breadcrumb\"},\"inLanguage\":\"en-US\",\"potentialAction\":[{\"@type\":\"ReadAction\",\"target\":[\"https:\\\/\\\/www.waterskis.lv\\\/en\\\/product\\\/sup-board-wildsup-king-lion-11-5\\\/\"]}]},{\"@type\":\"ImageObject\",\"inLanguage\":\"en-US\",\"@id\":\"https:\\\/\\\/www.waterskis.lv\\\/en\\\/product\\\/sup-board-wildsup-king-lion-11-5\\\/#primaryimage\",\"url\":\"https:\\\/\\\/www.waterskis.lv\\\/wp-content\\\/uploads\\\/2018\\\/12\\\/Lion.php_.png\",\"contentUrl\":\"https:\\\/\\\/www.waterskis.lv\\\/wp-content\\\/uploads\\\/2018\\\/12\\\/Lion.php_.png\",\"width\":600,\"height\":600,\"caption\":\"SUP board WILDSUP KING LION 11.5\"},{\"@type\":\"BreadcrumbList\",\"@id\":\"https:\\\/\\\/www.waterskis.lv\\\/en\\\/product\\\/sup-board-wildsup-king-lion-11-5\\\/#breadcrumb\",\"itemListElement\":[{\"@type\":\"ListItem\",\"position\":1,\"name\":\"Home\",\"item\":\"https:\\\/\\\/www.waterskis.lv\\\/en\\\/\"},{\"@type\":\"ListItem\",\"position\":2,\"name\":\"Shop\",\"item\":\"https:\\\/\\\/waterskis.lv\\\/en\\\/shop\\\/\"},{\"@type\":\"ListItem\",\"position\":3,\"name\":\"SUP board WILDSUP KING LION 11.5\"}]},{\"@type\":\"WebSite\",\"@id\":\"https:\\\/\\\/www.waterskis.lv\\\/en\\\/#website\",\"url\":\"https:\\\/\\\/www.waterskis.lv\\\/en\\\/\",\"name\":\"WATERSKIS.LV\",\"description\":\"SUP d\u0113\u013ci, kajaki, kanoe, airu laivas, \u016bdenssl\u0113po\u0161ana, veikbords, SUP d\u0113\u013cu noma, kajaku nomaakt\u012bv\u0101s atp\u016btas centrs, laivu noma, sup noma, kajaku noma\",\"publisher\":{\"@id\":\"https:\\\/\\\/www.waterskis.lv\\\/en\\\/#organization\"},\"potentialAction\":[{\"@type\":\"SearchAction\",\"target\":{\"@type\":\"EntryPoint\",\"urlTemplate\":\"https:\\\/\\\/www.waterskis.lv\\\/en\\\/?s={search_term_string}\"},\"query-input\":{\"@type\":\"PropertyValueSpecification\",\"valueRequired\":true,\"valueName\":\"search_term_string\"}}],\"inLanguage\":\"en-US\"},{\"@type\":\"Organization\",\"@id\":\"https:\\\/\\\/www.waterskis.lv\\\/en\\\/#organization\",\"name\":\"WATERSKIS.LV\",\"url\":\"https:\\\/\\\/www.waterskis.lv\\\/en\\\/\",\"logo\":{\"@type\":\"ImageObject\",\"inLanguage\":\"en-US\",\"@id\":\"https:\\\/\\\/www.waterskis.lv\\\/en\\\/#\\\/schema\\\/logo\\\/image\\\/\",\"url\":\"https:\\\/\\\/www.waterskis.lv\\\/wp-content\\\/uploads\\\/2025\\\/01\\\/JUVP-logo.png\",\"contentUrl\":\"https:\\\/\\\/www.waterskis.lv\\\/wp-content\\\/uploads\\\/2025\\\/01\\\/JUVP-logo.png\",\"width\":421,\"height\":202,\"caption\":\"WATERSKIS.LV\"},\"image\":{\"@id\":\"https:\\\/\\\/www.waterskis.lv\\\/en\\\/#\\\/schema\\\/logo\\\/image\\\/\"},\"sameAs\":[\"https:\\\/\\\/www.facebook.com\\\/jurmalawaterskiwakeboardpark\\\/\"]}]}<\/script>\n<!-- \/ Yoast SEO plugin. -->","yoast_head_json":{"title":"SUP board WILDSUP KING LION 11.5 - WATERSKIS.LV","description":"Premium quality SUP board WILDSUP KING LION 11.5 for 1 - 2 riders. 90 cm wide for more pleasure on the water together with your friend","robots":{"index":"index","follow":"follow","max-snippet":"max-snippet:-1","max-image-preview":"max-image-preview:large","max-video-preview":"max-video-preview:-1"},"canonical":"https:\/\/www.waterskis.lv\/en\/product\/sup-board-wildsup-king-lion-11-5\/","og_locale":"en_US","og_type":"article","og_title":"Inflatable SUP board WILDSUP King Lion 11.5","og_description":"Inflatable SUP board WILDSUP KING LION 11.5The Premium quality SUP board with pressure up to 27 psi for 1-2 ridersWild SUP - EU manufacturer since 2012!Weight: 13 kgDimensions: 350 x 90 x 15 cmMaterial: two layer Drop stitch PVCRider weight: 1-2 riders up to 130 kgPressure: up to 22 psi, max 27 psiKit: SUP board, double action pump, wheelie backpack, leash, repair kit, paddle Basic","og_url":"https:\/\/www.waterskis.lv\/en\/product\/sup-board-wildsup-king-lion-11-5\/","og_site_name":"WATERSKIS.LV","article_publisher":"https:\/\/www.facebook.com\/jurmalawaterskiwakeboardpark\/","article_modified_time":"2022-12-26T21:00:47+00:00","og_image":[{"width":700,"height":394,"url":"https:\/\/waterskis.lv\/wp-content\/uploads\/2020\/05\/20200512_1006031-700x394.jpg","type":"image\/jpeg"}],"twitter_card":"summary_large_image","twitter_title":"Inflatable SUP board WILDSUP King Lion 11.5","twitter_description":"Inflatable SUP board WILDSUP KING LION 11.5The Premium quality SUP board with pressure up to 27 psi for 1-2 ridersWild SUP - EU manufacturer since 2012!Weight: 13 kgDimensions: 350 x 90 x 15 cmMaterial: two layer Drop stitch PVCRider weight: 1-2 riders up to 130 kgPressure: up to 22 psi, max 27 psiKit: SUP board, double action pump, wheelie backpack, leash, repair kit, paddle Basic","twitter_image":"https:\/\/www.waterskis.lv\/wp-content\/uploads\/2020\/05\/20200512_1006031.jpg","twitter_misc":{"Est. reading time":"2 minutes"},"schema":{"@context":"https:\/\/schema.org","@graph":[{"@type":"WebPage","@id":"https:\/\/www.waterskis.lv\/en\/product\/sup-board-wildsup-king-lion-11-5\/","url":"https:\/\/www.waterskis.lv\/en\/product\/sup-board-wildsup-king-lion-11-5\/","name":"SUP board WILDSUP KING LION 11.5 - WATERSKIS.LV","isPartOf":{"@id":"https:\/\/www.waterskis.lv\/en\/#website"},"primaryImageOfPage":{"@id":"https:\/\/www.waterskis.lv\/en\/product\/sup-board-wildsup-king-lion-11-5\/#primaryimage"},"image":{"@id":"https:\/\/www.waterskis.lv\/en\/product\/sup-board-wildsup-king-lion-11-5\/#primaryimage"},"thumbnailUrl":"https:\/\/www.waterskis.lv\/wp-content\/uploads\/2018\/12\/Lion.php_.png","datePublished":"2018-12-22T06:26:30+00:00","dateModified":"2022-12-26T21:00:47+00:00","description":"Premium quality SUP board WILDSUP KING LION 11.5 for 1 - 2 riders. 90 cm wide for more pleasure on the water together with your friend","breadcrumb":{"@id":"https:\/\/www.waterskis.lv\/en\/product\/sup-board-wildsup-king-lion-11-5\/#breadcrumb"},"inLanguage":"en-US","potentialAction":[{"@type":"ReadAction","target":["https:\/\/www.waterskis.lv\/en\/product\/sup-board-wildsup-king-lion-11-5\/"]}]},{"@type":"ImageObject","inLanguage":"en-US","@id":"https:\/\/www.waterskis.lv\/en\/product\/sup-board-wildsup-king-lion-11-5\/#primaryimage","url":"https:\/\/www.waterskis.lv\/wp-content\/uploads\/2018\/12\/Lion.php_.png","contentUrl":"https:\/\/www.waterskis.lv\/wp-content\/uploads\/2018\/12\/Lion.php_.png","width":600,"height":600,"caption":"SUP board WILDSUP KING LION 11.5"},{"@type":"BreadcrumbList","@id":"https:\/\/www.waterskis.lv\/en\/product\/sup-board-wildsup-king-lion-11-5\/#breadcrumb","itemListElement":[{"@type":"ListItem","position":1,"name":"Home","item":"https:\/\/www.waterskis.lv\/en\/"},{"@type":"ListItem","position":2,"name":"Shop","item":"https:\/\/waterskis.lv\/en\/shop\/"},{"@type":"ListItem","position":3,"name":"SUP board WILDSUP KING LION 11.5"}]},{"@type":"WebSite","@id":"https:\/\/www.waterskis.lv\/en\/#website","url":"https:\/\/www.waterskis.lv\/en\/","name":"WATERSKIS.LV","description":"SUP d\u0113\u013ci, kajaki, kanoe, airu laivas, \u016bdenssl\u0113po\u0161ana, veikbords, SUP d\u0113\u013cu noma, kajaku nomaakt\u012bv\u0101s atp\u016btas centrs, laivu noma, sup noma, kajaku noma","publisher":{"@id":"https:\/\/www.waterskis.lv\/en\/#organization"},"potentialAction":[{"@type":"SearchAction","target":{"@type":"EntryPoint","urlTemplate":"https:\/\/www.waterskis.lv\/en\/?s={search_term_string}"},"query-input":{"@type":"PropertyValueSpecification","valueRequired":true,"valueName":"search_term_string"}}],"inLanguage":"en-US"},{"@type":"Organization","@id":"https:\/\/www.waterskis.lv\/en\/#organization","name":"WATERSKIS.LV","url":"https:\/\/www.waterskis.lv\/en\/","logo":{"@type":"ImageObject","inLanguage":"en-US","@id":"https:\/\/www.waterskis.lv\/en\/#\/schema\/logo\/image\/","url":"https:\/\/www.waterskis.lv\/wp-content\/uploads\/2025\/01\/JUVP-logo.png","contentUrl":"https:\/\/www.waterskis.lv\/wp-content\/uploads\/2025\/01\/JUVP-logo.png","width":421,"height":202,"caption":"WATERSKIS.LV"},"image":{"@id":"https:\/\/www.waterskis.lv\/en\/#\/schema\/logo\/image\/"},"sameAs":["https:\/\/www.facebook.com\/jurmalawaterskiwakeboardpark\/"]}]}},"_links":{"self":[{"href":"https:\/\/www.waterskis.lv\/en\/wp-json\/wp\/v2\/product\/10321","targetHints":{"allow":["GET"]}}],"collection":[{"href":"https:\/\/www.waterskis.lv\/en\/wp-json\/wp\/v2\/product"}],"about":[{"href":"https:\/\/www.waterskis.lv\/en\/wp-json\/wp\/v2\/types\/product"}],"replies":[{"embeddable":true,"href":"https:\/\/www.waterskis.lv\/en\/wp-json\/wp\/v2\/comments?post=10321"}],"wp:featuredmedia":[{"embeddable":true,"href":"https:\/\/www.waterskis.lv\/en\/wp-json\/wp\/v2\/media\/6922"}],"wp:attachment":[{"href":"https:\/\/www.waterskis.lv\/en\/wp-json\/wp\/v2\/media?parent=10321"}],"wp:term":[{"taxonomy":"product_brand","embeddable":true,"href":"https:\/\/www.waterskis.lv\/en\/wp-json\/wp\/v2\/product_brand?post=10321"},{"taxonomy":"product_cat","embeddable":true,"href":"https:\/\/www.waterskis.lv\/en\/wp-json\/wp\/v2\/product_cat?post=10321"},{"taxonomy":"product_tag","embeddable":true,"href":"https:\/\/www.waterskis.lv\/en\/wp-json\/wp\/v2\/product_tag?post=10321"}],"curies":[{"name":"wp","href":"https:\/\/api.w.org\/{rel}","templated":true}]}}