{"id":15288,"date":"2020-01-27T13:44:24","date_gmt":"2020-01-27T10:44:24","guid":{"rendered":"https:\/\/www.waterskis.lv\/product\/udens-velosipeds-rainbow-dlx\/"},"modified":"2026-02-02T18:53:28","modified_gmt":"2026-02-02T16:53:28","slug":"pedal-boat-pelican-rainbow-dlx","status":"publish","type":"product","link":"https:\/\/www.waterskis.lv\/en\/product\/pedal-boat-pelican-rainbow-dlx\/","title":{"rendered":"Pedal boat PELICAN RAINBOW DLX"},"content":{"rendered":"<div class=\"wrapper-division description\">\n<div class=\"row\" data-equalizer=\"vdnj21-equalizer\" data-resize=\"vdnj21-equalizer\" data-mutate=\"vdnj21-equalizer\">\n<h1>Pedal boat PELICAN RAINBOW DLX<\/h1>\n<p>Pedal boat PELICAN RAINBOW DLX<\/p>\n<div id=\"description\" class=\"columns\" data-equalizer-watch=\"\">\n<div class=\"product attribute description open\">\n<div class=\"value\"><\/div>\n<\/div>\n<\/div>\n<\/div>\n<\/div>\n<div class=\"wrapper-division specifications collapsible\">\n<h3 id=\"more-info\" class=\"page-product-heading active\">More info<\/h3>\n<div class=\"block_content1 rte active\">\n<p>The PELICAN RAINBOW pedal boat is perfect for a good time on the lake.<\/p>\n<p>Designed for 2 adults and 2 children.<\/p>\n<p>Adjustable backrests, a spacious storage compartment, an easily foldable canopy, drink holders &#8211; everything you need for a great vacation. Made using patented, highly impact-resistant and abrasion-resistant RAM-X\u2122 material &#8211; this pedal boat will serve you for many years, giving you more and more unforgettable vacation memories.<\/p>\n<\/div>\n<h3 id=\"table-data\" class=\"page-product-heading\">Data sheet<\/h3>\n<table class=\"block_content2 table-data-sheet\">\n<tbody>\n<tr class=\"odd\">\n<td>Type<\/td>\n<td>Pedal boat<\/td>\n<\/tr>\n<tr class=\"even\">\n<td>Length<\/td>\n<td>229 cm<\/td>\n<\/tr>\n<tr class=\"odd\">\n<td>Width<\/td>\n<td>160 cm<\/td>\n<\/tr>\n<tr class=\"even\">\n<td>Weight<\/td>\n<td>51 kg<\/td>\n<\/tr>\n<tr class=\"odd\">\n<td>Material<\/td>\n<td>RAM-X\u2122 (HDPE)<\/td>\n<\/tr>\n<tr class=\"even\">\n<td>Number of persons<\/td>\n<td>2 adults + 2 small child<\/td>\n<\/tr>\n<tr class=\"odd\">\n<td>Color<\/td>\n<td>Grey\/sky blue<\/td>\n<\/tr>\n<tr class=\"even\">\n<td>Capacity<\/td>\n<td>363 kg<\/td>\n<\/tr>\n<tr class=\"odd\">\n<td>Country of origin<\/td>\n<td>Canada<\/td>\n<\/tr>\n<\/tbody>\n<\/table>\n<\/div>\n","protected":false},"excerpt":{"rendered":"<p>[caption id=\"attachment_27788\" align=\"alignnone\" width=\"300\"]<img decoding=\"async\" class=\"size-medium wp-image-27788\" src=\"https:\/\/www.waterskis.lv\/wp-content\/uploads\/2020\/01\/RainbowDLX-300x225.jpg\" alt=\"\u016adens velosip\u0113ds - katamar\u0101ns PELICAN RAINBOW DLX\" width=\"300\" height=\"225\" srcset=\"https:\/\/www.waterskis.lv\/wp-content\/uploads\/2020\/01\/RainbowDLX-300x225.jpg 300w, https:\/\/www.waterskis.lv\/wp-content\/uploads\/2020\/01\/RainbowDLX-600x450.jpg 600w, https:\/\/www.waterskis.lv\/wp-content\/uploads\/2020\/01\/RainbowDLX-700x525.jpg 700w, https:\/\/www.waterskis.lv\/wp-content\/uploads\/2020\/01\/RainbowDLX.jpg 723w\" sizes=\"(max-width: 300px) 100vw, 300px\" \/> \u016adens velosip\u0113ds &#8211; katamar\u0101ns PELICAN RAINBOW DLX[\/caption] [&#8230;]<\/p>\n<p><a class=\"btn btn-secondary understrap-read-more-link\" href=\"https:\/\/www.waterskis.lv\/en\/product\/pedal-boat-pelican-rainbow-dlx\/\">Read More&#8230;<\/a><\/p>\n","protected":false},"featured_media":13753,"comment_status":"closed","ping_status":"closed","template":"","meta":{"_acf_changed":false,"inline_featured_image":false},"product_brand":[2752],"product_cat":[518,522],"product_tag":[3315,3319,3320,3316,3318,3317],"class_list":{"0":"post-15288","1":"product","2":"type-product","3":"status-publish","4":"has-post-thumbnail","6":"product_brand-pelican","7":"product_cat-pedal-boats","8":"product_cat-pedal-boats-catamarans","9":"product_tag-katamarani","10":"product_tag-pedal-boats","11":"product_tag-pelican","12":"product_tag-udens-velosipedi","13":"product_tag-3318","14":"product_tag-3317","16":"first","17":"outofstock","18":"shipping-taxable","19":"purchasable","20":"product-type-simple"},"acf":[],"yoast_head":"<!-- This site is optimized with the Yoast SEO plugin v27.3 - https:\/\/yoast.com\/product\/yoast-seo-wordpress\/ -->\n<title>Pedal boat PELICAN RAINBOW DLX - WATERSKIS.LV<\/title>\n<meta name=\"description\" content=\"Pedal boat PELICAN RAINBOW DLX. Adjustable backrests, a spacious storage compartment, an easily foldable canopy, drink holders for a great vacation\" \/>\n<meta name=\"robots\" content=\"index, follow, max-snippet:-1, max-image-preview:large, max-video-preview:-1\" \/>\n<link rel=\"canonical\" href=\"https:\/\/www.waterskis.lv\/en\/product\/pedal-boat-pelican-rainbow-dlx\/\" \/>\n<meta property=\"og:locale\" content=\"en_US\" \/>\n<meta property=\"og:type\" content=\"article\" \/>\n<meta property=\"og:title\" content=\"Pedal boat PELICAN RAINBOW DLX\" \/>\n<meta property=\"og:description\" content=\"Pedal boat PELICAN RAINBOW DLX\" \/>\n<meta property=\"og:url\" content=\"https:\/\/www.waterskis.lv\/en\/product\/pedal-boat-pelican-rainbow-dlx\/\" \/>\n<meta property=\"og:site_name\" content=\"WATERSKIS.LV\" \/>\n<meta property=\"article:publisher\" content=\"https:\/\/www.facebook.com\/jurmalawaterskiwakeboardpark\/\" \/>\n<meta property=\"article:modified_time\" content=\"2026-02-02T16:53:28+00:00\" \/>\n<meta property=\"og:image\" content=\"https:\/\/www.waterskis.lv\/wp-content\/uploads\/2020\/01\/RainbowDLX.jpg\" \/>\n<meta name=\"twitter:card\" content=\"summary_large_image\" \/>\n<meta name=\"twitter:title\" content=\"Pedal boat PELICAN RAINBOW DLX\" \/>\n<meta name=\"twitter:description\" content=\"Pedal boat PELICAN RAINBOW DLX\" \/>\n<meta name=\"twitter:image\" content=\"https:\/\/www.waterskis.lv\/wp-content\/uploads\/2020\/01\/RainbowDLX.jpg\" \/>\n<meta name=\"twitter:label1\" content=\"Est. reading time\" \/>\n\t<meta name=\"twitter:data1\" content=\"1 minute\" \/>\n<script type=\"application\/ld+json\" class=\"yoast-schema-graph\">{\"@context\":\"https:\\\/\\\/schema.org\",\"@graph\":[{\"@type\":\"WebPage\",\"@id\":\"https:\\\/\\\/www.waterskis.lv\\\/en\\\/product\\\/pedal-boat-pelican-rainbow-dlx\\\/\",\"url\":\"https:\\\/\\\/www.waterskis.lv\\\/en\\\/product\\\/pedal-boat-pelican-rainbow-dlx\\\/\",\"name\":\"Pedal boat PELICAN RAINBOW DLX - WATERSKIS.LV\",\"isPartOf\":{\"@id\":\"https:\\\/\\\/www.waterskis.lv\\\/en\\\/#website\"},\"primaryImageOfPage\":{\"@id\":\"https:\\\/\\\/www.waterskis.lv\\\/en\\\/product\\\/pedal-boat-pelican-rainbow-dlx\\\/#primaryimage\"},\"image\":{\"@id\":\"https:\\\/\\\/www.waterskis.lv\\\/en\\\/product\\\/pedal-boat-pelican-rainbow-dlx\\\/#primaryimage\"},\"thumbnailUrl\":\"https:\\\/\\\/www.waterskis.lv\\\/wp-content\\\/uploads\\\/2020\\\/01\\\/RainbowDLX.png\",\"datePublished\":\"2020-01-27T10:44:24+00:00\",\"dateModified\":\"2026-02-02T16:53:28+00:00\",\"description\":\"Pedal boat PELICAN RAINBOW DLX. Adjustable backrests, a spacious storage compartment, an easily foldable canopy, drink holders for a great vacation\",\"breadcrumb\":{\"@id\":\"https:\\\/\\\/www.waterskis.lv\\\/en\\\/product\\\/pedal-boat-pelican-rainbow-dlx\\\/#breadcrumb\"},\"inLanguage\":\"en-US\",\"potentialAction\":[{\"@type\":\"ReadAction\",\"target\":[\"https:\\\/\\\/www.waterskis.lv\\\/en\\\/product\\\/pedal-boat-pelican-rainbow-dlx\\\/\"]}]},{\"@type\":\"ImageObject\",\"inLanguage\":\"en-US\",\"@id\":\"https:\\\/\\\/www.waterskis.lv\\\/en\\\/product\\\/pedal-boat-pelican-rainbow-dlx\\\/#primaryimage\",\"url\":\"https:\\\/\\\/www.waterskis.lv\\\/wp-content\\\/uploads\\\/2020\\\/01\\\/RainbowDLX.png\",\"contentUrl\":\"https:\\\/\\\/www.waterskis.lv\\\/wp-content\\\/uploads\\\/2020\\\/01\\\/RainbowDLX.png\",\"width\":1117,\"height\":714,\"caption\":\"Pedal boat PELICAN RAINBOW DLX\"},{\"@type\":\"BreadcrumbList\",\"@id\":\"https:\\\/\\\/www.waterskis.lv\\\/en\\\/product\\\/pedal-boat-pelican-rainbow-dlx\\\/#breadcrumb\",\"itemListElement\":[{\"@type\":\"ListItem\",\"position\":1,\"name\":\"Home\",\"item\":\"https:\\\/\\\/www.waterskis.lv\\\/en\\\/\"},{\"@type\":\"ListItem\",\"position\":2,\"name\":\"Shop\",\"item\":\"https:\\\/\\\/waterskis.lv\\\/en\\\/shop\\\/\"},{\"@type\":\"ListItem\",\"position\":3,\"name\":\"Pedal boat PELICAN RAINBOW DLX\"}]},{\"@type\":\"WebSite\",\"@id\":\"https:\\\/\\\/www.waterskis.lv\\\/en\\\/#website\",\"url\":\"https:\\\/\\\/www.waterskis.lv\\\/en\\\/\",\"name\":\"WATERSKIS.LV\",\"description\":\"SUP d\u0113\u013ci, kajaki, kanoe, airu laivas, \u016bdenssl\u0113po\u0161ana, veikbords, SUP d\u0113\u013cu noma, kajaku nomaakt\u012bv\u0101s atp\u016btas centrs, laivu noma, sup noma, kajaku noma\",\"publisher\":{\"@id\":\"https:\\\/\\\/www.waterskis.lv\\\/en\\\/#organization\"},\"potentialAction\":[{\"@type\":\"SearchAction\",\"target\":{\"@type\":\"EntryPoint\",\"urlTemplate\":\"https:\\\/\\\/www.waterskis.lv\\\/en\\\/?s={search_term_string}\"},\"query-input\":{\"@type\":\"PropertyValueSpecification\",\"valueRequired\":true,\"valueName\":\"search_term_string\"}}],\"inLanguage\":\"en-US\"},{\"@type\":\"Organization\",\"@id\":\"https:\\\/\\\/www.waterskis.lv\\\/en\\\/#organization\",\"name\":\"WATERSKIS.LV\",\"url\":\"https:\\\/\\\/www.waterskis.lv\\\/en\\\/\",\"logo\":{\"@type\":\"ImageObject\",\"inLanguage\":\"en-US\",\"@id\":\"https:\\\/\\\/www.waterskis.lv\\\/en\\\/#\\\/schema\\\/logo\\\/image\\\/\",\"url\":\"https:\\\/\\\/www.waterskis.lv\\\/wp-content\\\/uploads\\\/2025\\\/01\\\/JUVP-logo.png\",\"contentUrl\":\"https:\\\/\\\/www.waterskis.lv\\\/wp-content\\\/uploads\\\/2025\\\/01\\\/JUVP-logo.png\",\"width\":421,\"height\":202,\"caption\":\"WATERSKIS.LV\"},\"image\":{\"@id\":\"https:\\\/\\\/www.waterskis.lv\\\/en\\\/#\\\/schema\\\/logo\\\/image\\\/\"},\"sameAs\":[\"https:\\\/\\\/www.facebook.com\\\/jurmalawaterskiwakeboardpark\\\/\"]}]}<\/script>\n<!-- \/ Yoast SEO plugin. -->","yoast_head_json":{"title":"Pedal boat PELICAN RAINBOW DLX - WATERSKIS.LV","description":"Pedal boat PELICAN RAINBOW DLX. Adjustable backrests, a spacious storage compartment, an easily foldable canopy, drink holders for a great vacation","robots":{"index":"index","follow":"follow","max-snippet":"max-snippet:-1","max-image-preview":"max-image-preview:large","max-video-preview":"max-video-preview:-1"},"canonical":"https:\/\/www.waterskis.lv\/en\/product\/pedal-boat-pelican-rainbow-dlx\/","og_locale":"en_US","og_type":"article","og_title":"Pedal boat PELICAN RAINBOW DLX","og_description":"Pedal boat PELICAN RAINBOW DLX","og_url":"https:\/\/www.waterskis.lv\/en\/product\/pedal-boat-pelican-rainbow-dlx\/","og_site_name":"WATERSKIS.LV","article_publisher":"https:\/\/www.facebook.com\/jurmalawaterskiwakeboardpark\/","article_modified_time":"2026-02-02T16:53:28+00:00","og_image":[{"url":"https:\/\/www.waterskis.lv\/wp-content\/uploads\/2020\/01\/RainbowDLX.jpg","type":"","width":"","height":""}],"twitter_card":"summary_large_image","twitter_title":"Pedal boat PELICAN RAINBOW DLX","twitter_description":"Pedal boat PELICAN RAINBOW DLX","twitter_image":"https:\/\/www.waterskis.lv\/wp-content\/uploads\/2020\/01\/RainbowDLX.jpg","twitter_misc":{"Est. reading time":"1 minute"},"schema":{"@context":"https:\/\/schema.org","@graph":[{"@type":"WebPage","@id":"https:\/\/www.waterskis.lv\/en\/product\/pedal-boat-pelican-rainbow-dlx\/","url":"https:\/\/www.waterskis.lv\/en\/product\/pedal-boat-pelican-rainbow-dlx\/","name":"Pedal boat PELICAN RAINBOW DLX - WATERSKIS.LV","isPartOf":{"@id":"https:\/\/www.waterskis.lv\/en\/#website"},"primaryImageOfPage":{"@id":"https:\/\/www.waterskis.lv\/en\/product\/pedal-boat-pelican-rainbow-dlx\/#primaryimage"},"image":{"@id":"https:\/\/www.waterskis.lv\/en\/product\/pedal-boat-pelican-rainbow-dlx\/#primaryimage"},"thumbnailUrl":"https:\/\/www.waterskis.lv\/wp-content\/uploads\/2020\/01\/RainbowDLX.png","datePublished":"2020-01-27T10:44:24+00:00","dateModified":"2026-02-02T16:53:28+00:00","description":"Pedal boat PELICAN RAINBOW DLX. Adjustable backrests, a spacious storage compartment, an easily foldable canopy, drink holders for a great vacation","breadcrumb":{"@id":"https:\/\/www.waterskis.lv\/en\/product\/pedal-boat-pelican-rainbow-dlx\/#breadcrumb"},"inLanguage":"en-US","potentialAction":[{"@type":"ReadAction","target":["https:\/\/www.waterskis.lv\/en\/product\/pedal-boat-pelican-rainbow-dlx\/"]}]},{"@type":"ImageObject","inLanguage":"en-US","@id":"https:\/\/www.waterskis.lv\/en\/product\/pedal-boat-pelican-rainbow-dlx\/#primaryimage","url":"https:\/\/www.waterskis.lv\/wp-content\/uploads\/2020\/01\/RainbowDLX.png","contentUrl":"https:\/\/www.waterskis.lv\/wp-content\/uploads\/2020\/01\/RainbowDLX.png","width":1117,"height":714,"caption":"Pedal boat PELICAN RAINBOW DLX"},{"@type":"BreadcrumbList","@id":"https:\/\/www.waterskis.lv\/en\/product\/pedal-boat-pelican-rainbow-dlx\/#breadcrumb","itemListElement":[{"@type":"ListItem","position":1,"name":"Home","item":"https:\/\/www.waterskis.lv\/en\/"},{"@type":"ListItem","position":2,"name":"Shop","item":"https:\/\/waterskis.lv\/en\/shop\/"},{"@type":"ListItem","position":3,"name":"Pedal boat PELICAN RAINBOW DLX"}]},{"@type":"WebSite","@id":"https:\/\/www.waterskis.lv\/en\/#website","url":"https:\/\/www.waterskis.lv\/en\/","name":"WATERSKIS.LV","description":"SUP d\u0113\u013ci, kajaki, kanoe, airu laivas, \u016bdenssl\u0113po\u0161ana, veikbords, SUP d\u0113\u013cu noma, kajaku nomaakt\u012bv\u0101s atp\u016btas centrs, laivu noma, sup noma, kajaku noma","publisher":{"@id":"https:\/\/www.waterskis.lv\/en\/#organization"},"potentialAction":[{"@type":"SearchAction","target":{"@type":"EntryPoint","urlTemplate":"https:\/\/www.waterskis.lv\/en\/?s={search_term_string}"},"query-input":{"@type":"PropertyValueSpecification","valueRequired":true,"valueName":"search_term_string"}}],"inLanguage":"en-US"},{"@type":"Organization","@id":"https:\/\/www.waterskis.lv\/en\/#organization","name":"WATERSKIS.LV","url":"https:\/\/www.waterskis.lv\/en\/","logo":{"@type":"ImageObject","inLanguage":"en-US","@id":"https:\/\/www.waterskis.lv\/en\/#\/schema\/logo\/image\/","url":"https:\/\/www.waterskis.lv\/wp-content\/uploads\/2025\/01\/JUVP-logo.png","contentUrl":"https:\/\/www.waterskis.lv\/wp-content\/uploads\/2025\/01\/JUVP-logo.png","width":421,"height":202,"caption":"WATERSKIS.LV"},"image":{"@id":"https:\/\/www.waterskis.lv\/en\/#\/schema\/logo\/image\/"},"sameAs":["https:\/\/www.facebook.com\/jurmalawaterskiwakeboardpark\/"]}]}},"_links":{"self":[{"href":"https:\/\/www.waterskis.lv\/en\/wp-json\/wp\/v2\/product\/15288","targetHints":{"allow":["GET"]}}],"collection":[{"href":"https:\/\/www.waterskis.lv\/en\/wp-json\/wp\/v2\/product"}],"about":[{"href":"https:\/\/www.waterskis.lv\/en\/wp-json\/wp\/v2\/types\/product"}],"replies":[{"embeddable":true,"href":"https:\/\/www.waterskis.lv\/en\/wp-json\/wp\/v2\/comments?post=15288"}],"wp:featuredmedia":[{"embeddable":true,"href":"https:\/\/www.waterskis.lv\/en\/wp-json\/wp\/v2\/media\/13753"}],"wp:attachment":[{"href":"https:\/\/www.waterskis.lv\/en\/wp-json\/wp\/v2\/media?parent=15288"}],"wp:term":[{"taxonomy":"product_brand","embeddable":true,"href":"https:\/\/www.waterskis.lv\/en\/wp-json\/wp\/v2\/product_brand?post=15288"},{"taxonomy":"product_cat","embeddable":true,"href":"https:\/\/www.waterskis.lv\/en\/wp-json\/wp\/v2\/product_cat?post=15288"},{"taxonomy":"product_tag","embeddable":true,"href":"https:\/\/www.waterskis.lv\/en\/wp-json\/wp\/v2\/product_tag?post=15288"}],"curies":[{"name":"wp","href":"https:\/\/api.w.org\/{rel}","templated":true}]}}