{"id":15292,"date":"2020-02-02T08:54:18","date_gmt":"2020-02-02T05:54:18","guid":{"rendered":"https:\/\/www.waterskis.lv\/product\/sup-delis-sun-lower-94-pe-2\/"},"modified":"2026-02-01T10:24:04","modified_gmt":"2026-02-01T08:24:04","slug":"stand-up-paddle-board-sun-lover-9-6-pe","status":"publish","type":"product","link":"https:\/\/www.waterskis.lv\/en\/product\/stand-up-paddle-board-sun-lover-9-6-pe\/","title":{"rendered":"Stand-up paddle board SUN-LOVER 9.6 PE"},"content":{"rendered":"<div class=\"block_content1 rte active\">\n<h1>Stand-up paddle board SUN-LOVER 9.6 PE<\/h1>\n<p>Stand-up paddle board SUN-LOVER 9.6 PE<\/p>\n<p>Durable and stable PE stand-up-paddle board<\/p>\n<\/div>\n<p id=\"table-data\" class=\"page-product-heading\">DATA SHEET<\/p>\n<table class=\"block_content2 table-data-sheet\">\n<tbody>\n<tr class=\"odd\">\n<td>Type<\/td>\n<td>Leisure Stand Up Paddle board<\/td>\n<\/tr>\n<tr class=\"even\">\n<td>Length<\/td>\n<td>290 cm<\/td>\n<\/tr>\n<tr class=\"odd\">\n<td>Width<\/td>\n<td>81 cm<\/td>\n<\/tr>\n<tr class=\"even\">\n<td>Height<\/td>\n<td>19 cm<\/td>\n<\/tr>\n<tr class=\"odd\">\n<td>Weight<\/td>\n<td>20 kg<\/td>\n<\/tr>\n<tr class=\"even\">\n<td>Material<\/td>\n<td>PE<\/td>\n<\/tr>\n<tr class=\"odd\">\n<td>Number of persons<\/td>\n<td>1<\/td>\n<\/tr>\n<tr class=\"even\">\n<td><\/td>\n<td><\/td>\n<\/tr>\n<tr class=\"odd\">\n<td>Purpose of usage<\/td>\n<td>Universal<\/td>\n<\/tr>\n<tr class=\"even\">\n<td>Country of origin<\/td>\n<td>China<\/td>\n<\/tr>\n<\/tbody>\n<\/table>\n","protected":false},"excerpt":{"rendered":"<p>[caption id=\"attachment_17682\" align=\"alignnone\" width=\"165\"]<img decoding=\"async\" class=\"size-medium wp-image-17682\" src=\"https:\/\/www.waterskis.lv\/wp-content\/uploads\/2020\/02\/Sun-165x300.jpg\" alt=\"Hard Paddleboard SUN-LOWER 10 PE at Jurmala\" width=\"165\" height=\"300\" srcset=\"https:\/\/www.waterskis.lv\/wp-content\/uploads\/2020\/02\/Sun-165x300.jpg 165w, https:\/\/www.waterskis.lv\/wp-content\/uploads\/2020\/02\/Sun.jpg 320w\" sizes=\"(max-width: 165px) 100vw, 165px\" \/> Hard Paddleboard SUN-LOWER 10 PE at Jurmala[\/caption] [&#8230;]<\/p>\n<p><a class=\"btn btn-secondary understrap-read-more-link\" href=\"https:\/\/www.waterskis.lv\/en\/product\/stand-up-paddle-board-sun-lover-9-6-pe\/\">Read More&#8230;<\/a><\/p>\n","protected":false},"featured_media":14131,"comment_status":"closed","ping_status":"closed","template":"","meta":{"_acf_changed":false,"inline_featured_image":false},"product_brand":[],"product_cat":[511,361,502],"product_tag":[3172,3157,3154,3155,3156,3173,3174,1335,1316,3175,3176],"class_list":{"0":"post-15292","1":"product","2":"type-product","3":"status-publish","4":"has-post-thumbnail","6":"product_cat-polyethylene-sup-boards","7":"product_cat-sale","8":"product_cat-stand-up-paddle-boards","9":"product_tag-aufblasbares-sup","10":"product_tag-composite-paddleboards","11":"product_tag-hard-sup-boards","12":"product_tag-rigid-sup-boards","13":"product_tag-solid-paddleboards","14":"product_tag-stand-up-paddleboard","15":"product_tag-stand-up-paddling","16":"product_tag-sup","17":"product_tag-sup-delis","18":"product_tag-sup-surfer","19":"product_tag-supkayak","21":"first","22":"instock","23":"sale","24":"shipping-taxable","25":"purchasable","26":"product-type-simple"},"acf":[],"yoast_head":"<!-- This site is optimized with the Yoast SEO plugin v27.4 - https:\/\/yoast.com\/product\/yoast-seo-wordpress\/ -->\n<title>Stand-up paddle board SUN-LOVER 9.6 PE - WATERSKIS.LV<\/title>\n<meta name=\"description\" content=\"Stand-up paddle board SUN-LOVER 9.6 PE Durable and stable PE stand-up-paddle board. Length 290 cm. Width 81 cm. Height 19 cm.\" \/>\n<meta name=\"robots\" content=\"index, follow, max-snippet:-1, max-image-preview:large, max-video-preview:-1\" \/>\n<link rel=\"canonical\" href=\"https:\/\/www.waterskis.lv\/en\/product\/stand-up-paddle-board-sun-lover-9-6-pe\/\" \/>\n<meta property=\"og:locale\" content=\"en_US\" \/>\n<meta property=\"og:type\" content=\"article\" \/>\n<meta property=\"og:title\" content=\"Stand-up paddle board SUN-LOVER 9.6 PE\" \/>\n<meta property=\"og:description\" content=\"Durable and stable PE stand-up-paddle boardDATA SHEETType Leisure Stand Up Paddle boardLength 290 cmWidth 81Height 19 cmWeight 20 kgMaterial PENumber of persons 1 Purpose of usage UniversalCountry of origin China\" \/>\n<meta property=\"og:url\" content=\"https:\/\/www.waterskis.lv\/en\/product\/stand-up-paddle-board-sun-lover-9-6-pe\/\" \/>\n<meta property=\"og:site_name\" content=\"WATERSKIS.LV\" \/>\n<meta property=\"article:publisher\" content=\"https:\/\/www.facebook.com\/jurmalawaterskiwakeboardpark\/\" \/>\n<meta property=\"article:modified_time\" content=\"2026-02-01T08:24:04+00:00\" \/>\n<meta property=\"og:image\" content=\"https:\/\/www.waterskis.lv\/wp-content\/uploads\/2020\/02\/Sun3.jpg\" \/>\n\t<meta property=\"og:image:width\" content=\"1548\" \/>\n\t<meta property=\"og:image:height\" content=\"871\" \/>\n\t<meta property=\"og:image:type\" content=\"image\/jpeg\" \/>\n<meta name=\"twitter:card\" content=\"summary_large_image\" \/>\n<meta name=\"twitter:title\" content=\"Stand-up paddle board SUN-LOVER 9.6 PE\" \/>\n<meta name=\"twitter:description\" content=\"Stand-up paddle board SUN-LOVER 9.6 PE\" \/>\n<meta name=\"twitter:image\" content=\"https:\/\/www.waterskis.lv\/wp-content\/uploads\/2020\/02\/Sun3.jpg\" \/>\n<meta name=\"twitter:label1\" content=\"Est. reading time\" \/>\n\t<meta name=\"twitter:data1\" content=\"1 minute\" \/>\n<script type=\"application\/ld+json\" class=\"yoast-schema-graph\">{\"@context\":\"https:\\\/\\\/schema.org\",\"@graph\":[{\"@type\":\"WebPage\",\"@id\":\"https:\\\/\\\/www.waterskis.lv\\\/en\\\/product\\\/stand-up-paddle-board-sun-lover-9-6-pe\\\/\",\"url\":\"https:\\\/\\\/www.waterskis.lv\\\/en\\\/product\\\/stand-up-paddle-board-sun-lover-9-6-pe\\\/\",\"name\":\"Stand-up paddle board SUN-LOVER 9.6 PE - WATERSKIS.LV\",\"isPartOf\":{\"@id\":\"https:\\\/\\\/www.waterskis.lv\\\/en\\\/#website\"},\"primaryImageOfPage\":{\"@id\":\"https:\\\/\\\/www.waterskis.lv\\\/en\\\/product\\\/stand-up-paddle-board-sun-lover-9-6-pe\\\/#primaryimage\"},\"image\":{\"@id\":\"https:\\\/\\\/www.waterskis.lv\\\/en\\\/product\\\/stand-up-paddle-board-sun-lover-9-6-pe\\\/#primaryimage\"},\"thumbnailUrl\":\"https:\\\/\\\/www.waterskis.lv\\\/wp-content\\\/uploads\\\/2020\\\/02\\\/Sun_lover-9.4.jpg\",\"datePublished\":\"2020-02-02T05:54:18+00:00\",\"dateModified\":\"2026-02-01T08:24:04+00:00\",\"description\":\"Stand-up paddle board SUN-LOVER 9.6 PE Durable and stable PE stand-up-paddle board. Length 290 cm. Width 81 cm. Height 19 cm.\",\"breadcrumb\":{\"@id\":\"https:\\\/\\\/www.waterskis.lv\\\/en\\\/product\\\/stand-up-paddle-board-sun-lover-9-6-pe\\\/#breadcrumb\"},\"inLanguage\":\"en-US\",\"potentialAction\":[{\"@type\":\"ReadAction\",\"target\":[\"https:\\\/\\\/www.waterskis.lv\\\/en\\\/product\\\/stand-up-paddle-board-sun-lover-9-6-pe\\\/\"]}]},{\"@type\":\"ImageObject\",\"inLanguage\":\"en-US\",\"@id\":\"https:\\\/\\\/www.waterskis.lv\\\/en\\\/product\\\/stand-up-paddle-board-sun-lover-9-6-pe\\\/#primaryimage\",\"url\":\"https:\\\/\\\/www.waterskis.lv\\\/wp-content\\\/uploads\\\/2020\\\/02\\\/Sun_lover-9.4.jpg\",\"contentUrl\":\"https:\\\/\\\/www.waterskis.lv\\\/wp-content\\\/uploads\\\/2020\\\/02\\\/Sun_lover-9.4.jpg\",\"width\":500,\"height\":330,\"caption\":\"Stand-up paddle board SUN-LOVER 9.6 PE\"},{\"@type\":\"BreadcrumbList\",\"@id\":\"https:\\\/\\\/www.waterskis.lv\\\/en\\\/product\\\/stand-up-paddle-board-sun-lover-9-6-pe\\\/#breadcrumb\",\"itemListElement\":[{\"@type\":\"ListItem\",\"position\":1,\"name\":\"Home\",\"item\":\"https:\\\/\\\/www.waterskis.lv\\\/en\\\/\"},{\"@type\":\"ListItem\",\"position\":2,\"name\":\"Shop\",\"item\":\"https:\\\/\\\/waterskis.lv\\\/en\\\/shop\\\/\"},{\"@type\":\"ListItem\",\"position\":3,\"name\":\"Stand-up paddle board SUN-LOVER 9.6 PE\"}]},{\"@type\":\"WebSite\",\"@id\":\"https:\\\/\\\/www.waterskis.lv\\\/en\\\/#website\",\"url\":\"https:\\\/\\\/www.waterskis.lv\\\/en\\\/\",\"name\":\"WATERSKIS.LV\",\"description\":\"SUP d\u0113\u013ci, kajaki, kanoe, airu laivas, \u016bdenssl\u0113po\u0161ana, veikbords, SUP d\u0113\u013cu noma, kajaku nomaakt\u012bv\u0101s atp\u016btas centrs, laivu noma, sup noma, kajaku noma\",\"publisher\":{\"@id\":\"https:\\\/\\\/www.waterskis.lv\\\/en\\\/#organization\"},\"potentialAction\":[{\"@type\":\"SearchAction\",\"target\":{\"@type\":\"EntryPoint\",\"urlTemplate\":\"https:\\\/\\\/www.waterskis.lv\\\/en\\\/?s={search_term_string}\"},\"query-input\":{\"@type\":\"PropertyValueSpecification\",\"valueRequired\":true,\"valueName\":\"search_term_string\"}}],\"inLanguage\":\"en-US\"},{\"@type\":\"Organization\",\"@id\":\"https:\\\/\\\/www.waterskis.lv\\\/en\\\/#organization\",\"name\":\"WATERSKIS.LV\",\"url\":\"https:\\\/\\\/www.waterskis.lv\\\/en\\\/\",\"logo\":{\"@type\":\"ImageObject\",\"inLanguage\":\"en-US\",\"@id\":\"https:\\\/\\\/www.waterskis.lv\\\/en\\\/#\\\/schema\\\/logo\\\/image\\\/\",\"url\":\"https:\\\/\\\/www.waterskis.lv\\\/wp-content\\\/uploads\\\/2025\\\/01\\\/JUVP-logo.png\",\"contentUrl\":\"https:\\\/\\\/www.waterskis.lv\\\/wp-content\\\/uploads\\\/2025\\\/01\\\/JUVP-logo.png\",\"width\":421,\"height\":202,\"caption\":\"WATERSKIS.LV\"},\"image\":{\"@id\":\"https:\\\/\\\/www.waterskis.lv\\\/en\\\/#\\\/schema\\\/logo\\\/image\\\/\"},\"sameAs\":[\"https:\\\/\\\/www.facebook.com\\\/jurmalawaterskiwakeboardpark\\\/\"]}]}<\/script>\n<!-- \/ Yoast SEO plugin. -->","yoast_head_json":{"title":"Stand-up paddle board SUN-LOVER 9.6 PE - WATERSKIS.LV","description":"Stand-up paddle board SUN-LOVER 9.6 PE Durable and stable PE stand-up-paddle board. Length 290 cm. Width 81 cm. Height 19 cm.","robots":{"index":"index","follow":"follow","max-snippet":"max-snippet:-1","max-image-preview":"max-image-preview:large","max-video-preview":"max-video-preview:-1"},"canonical":"https:\/\/www.waterskis.lv\/en\/product\/stand-up-paddle-board-sun-lover-9-6-pe\/","og_locale":"en_US","og_type":"article","og_title":"Stand-up paddle board SUN-LOVER 9.6 PE","og_description":"Durable and stable PE stand-up-paddle boardDATA SHEETType Leisure Stand Up Paddle boardLength 290 cmWidth 81Height 19 cmWeight 20 kgMaterial PENumber of persons 1 Purpose of usage UniversalCountry of origin China","og_url":"https:\/\/www.waterskis.lv\/en\/product\/stand-up-paddle-board-sun-lover-9-6-pe\/","og_site_name":"WATERSKIS.LV","article_publisher":"https:\/\/www.facebook.com\/jurmalawaterskiwakeboardpark\/","article_modified_time":"2026-02-01T08:24:04+00:00","og_image":[{"width":1548,"height":871,"url":"https:\/\/www.waterskis.lv\/wp-content\/uploads\/2020\/02\/Sun3.jpg","type":"image\/jpeg"}],"twitter_card":"summary_large_image","twitter_title":"Stand-up paddle board SUN-LOVER 9.6 PE","twitter_description":"Stand-up paddle board SUN-LOVER 9.6 PE","twitter_image":"https:\/\/www.waterskis.lv\/wp-content\/uploads\/2020\/02\/Sun3.jpg","twitter_misc":{"Est. reading time":"1 minute"},"schema":{"@context":"https:\/\/schema.org","@graph":[{"@type":"WebPage","@id":"https:\/\/www.waterskis.lv\/en\/product\/stand-up-paddle-board-sun-lover-9-6-pe\/","url":"https:\/\/www.waterskis.lv\/en\/product\/stand-up-paddle-board-sun-lover-9-6-pe\/","name":"Stand-up paddle board SUN-LOVER 9.6 PE - WATERSKIS.LV","isPartOf":{"@id":"https:\/\/www.waterskis.lv\/en\/#website"},"primaryImageOfPage":{"@id":"https:\/\/www.waterskis.lv\/en\/product\/stand-up-paddle-board-sun-lover-9-6-pe\/#primaryimage"},"image":{"@id":"https:\/\/www.waterskis.lv\/en\/product\/stand-up-paddle-board-sun-lover-9-6-pe\/#primaryimage"},"thumbnailUrl":"https:\/\/www.waterskis.lv\/wp-content\/uploads\/2020\/02\/Sun_lover-9.4.jpg","datePublished":"2020-02-02T05:54:18+00:00","dateModified":"2026-02-01T08:24:04+00:00","description":"Stand-up paddle board SUN-LOVER 9.6 PE Durable and stable PE stand-up-paddle board. Length 290 cm. Width 81 cm. Height 19 cm.","breadcrumb":{"@id":"https:\/\/www.waterskis.lv\/en\/product\/stand-up-paddle-board-sun-lover-9-6-pe\/#breadcrumb"},"inLanguage":"en-US","potentialAction":[{"@type":"ReadAction","target":["https:\/\/www.waterskis.lv\/en\/product\/stand-up-paddle-board-sun-lover-9-6-pe\/"]}]},{"@type":"ImageObject","inLanguage":"en-US","@id":"https:\/\/www.waterskis.lv\/en\/product\/stand-up-paddle-board-sun-lover-9-6-pe\/#primaryimage","url":"https:\/\/www.waterskis.lv\/wp-content\/uploads\/2020\/02\/Sun_lover-9.4.jpg","contentUrl":"https:\/\/www.waterskis.lv\/wp-content\/uploads\/2020\/02\/Sun_lover-9.4.jpg","width":500,"height":330,"caption":"Stand-up paddle board SUN-LOVER 9.6 PE"},{"@type":"BreadcrumbList","@id":"https:\/\/www.waterskis.lv\/en\/product\/stand-up-paddle-board-sun-lover-9-6-pe\/#breadcrumb","itemListElement":[{"@type":"ListItem","position":1,"name":"Home","item":"https:\/\/www.waterskis.lv\/en\/"},{"@type":"ListItem","position":2,"name":"Shop","item":"https:\/\/waterskis.lv\/en\/shop\/"},{"@type":"ListItem","position":3,"name":"Stand-up paddle board SUN-LOVER 9.6 PE"}]},{"@type":"WebSite","@id":"https:\/\/www.waterskis.lv\/en\/#website","url":"https:\/\/www.waterskis.lv\/en\/","name":"WATERSKIS.LV","description":"SUP d\u0113\u013ci, kajaki, kanoe, airu laivas, \u016bdenssl\u0113po\u0161ana, veikbords, SUP d\u0113\u013cu noma, kajaku nomaakt\u012bv\u0101s atp\u016btas centrs, laivu noma, sup noma, kajaku noma","publisher":{"@id":"https:\/\/www.waterskis.lv\/en\/#organization"},"potentialAction":[{"@type":"SearchAction","target":{"@type":"EntryPoint","urlTemplate":"https:\/\/www.waterskis.lv\/en\/?s={search_term_string}"},"query-input":{"@type":"PropertyValueSpecification","valueRequired":true,"valueName":"search_term_string"}}],"inLanguage":"en-US"},{"@type":"Organization","@id":"https:\/\/www.waterskis.lv\/en\/#organization","name":"WATERSKIS.LV","url":"https:\/\/www.waterskis.lv\/en\/","logo":{"@type":"ImageObject","inLanguage":"en-US","@id":"https:\/\/www.waterskis.lv\/en\/#\/schema\/logo\/image\/","url":"https:\/\/www.waterskis.lv\/wp-content\/uploads\/2025\/01\/JUVP-logo.png","contentUrl":"https:\/\/www.waterskis.lv\/wp-content\/uploads\/2025\/01\/JUVP-logo.png","width":421,"height":202,"caption":"WATERSKIS.LV"},"image":{"@id":"https:\/\/www.waterskis.lv\/en\/#\/schema\/logo\/image\/"},"sameAs":["https:\/\/www.facebook.com\/jurmalawaterskiwakeboardpark\/"]}]}},"_links":{"self":[{"href":"https:\/\/www.waterskis.lv\/en\/wp-json\/wp\/v2\/product\/15292","targetHints":{"allow":["GET"]}}],"collection":[{"href":"https:\/\/www.waterskis.lv\/en\/wp-json\/wp\/v2\/product"}],"about":[{"href":"https:\/\/www.waterskis.lv\/en\/wp-json\/wp\/v2\/types\/product"}],"replies":[{"embeddable":true,"href":"https:\/\/www.waterskis.lv\/en\/wp-json\/wp\/v2\/comments?post=15292"}],"wp:featuredmedia":[{"embeddable":true,"href":"https:\/\/www.waterskis.lv\/en\/wp-json\/wp\/v2\/media\/14131"}],"wp:attachment":[{"href":"https:\/\/www.waterskis.lv\/en\/wp-json\/wp\/v2\/media?parent=15292"}],"wp:term":[{"taxonomy":"product_brand","embeddable":true,"href":"https:\/\/www.waterskis.lv\/en\/wp-json\/wp\/v2\/product_brand?post=15292"},{"taxonomy":"product_cat","embeddable":true,"href":"https:\/\/www.waterskis.lv\/en\/wp-json\/wp\/v2\/product_cat?post=15292"},{"taxonomy":"product_tag","embeddable":true,"href":"https:\/\/www.waterskis.lv\/en\/wp-json\/wp\/v2\/product_tag?post=15292"}],"curies":[{"name":"wp","href":"https:\/\/api.w.org\/{rel}","templated":true}]}}