{"id":15293,"date":"2020-02-02T09:29:32","date_gmt":"2020-02-02T06:29:32","guid":{"rendered":"https:\/\/www.waterskis.lv\/product\/sup-delis-sun-lower-123-xl-pe\/"},"modified":"2026-02-01T10:16:38","modified_gmt":"2026-02-01T08:16:38","slug":"stand-up-paddle-board-sun-lover-12-3-xl-pe","status":"publish","type":"product","link":"https:\/\/www.waterskis.lv\/en\/product\/stand-up-paddle-board-sun-lover-12-3-xl-pe\/","title":{"rendered":"Stand-up paddle board SUN-LOVER 12.3 XL PE"},"content":{"rendered":"<h1>Stand-up paddle board SUN-LOVER 12.3 XL PE<\/h1>\n<p>Solid\u00a0 pressed polyethylene SUP board. Extremely durable housing. Stand-up paddle board SUN-LOVER 12.3 XL PE is bigger and more comfortable than the SUN-LOWER 9.6<\/p>\n<p>Weight: 24 kg<\/p>\n<p>Size: 376 x 81 x 19 cm<\/p>\n<p>Type: Leisure SUP board<\/p>\n<p>Material: PE<\/p>\n<p>Number of places: 1<\/p>\n<p>New! Larger and more comfortable version of the already known model SUN-LOVER 9.6. Extremely durable housing. Non-slip surface, comfortable handles, built-in airtight compartment for small items.<\/p>\n<p>All prices are in EUR with VAT<br \/>\nProduct images may vary slightly<\/p>\n","protected":false},"excerpt":{"rendered":"<p>[caption id=\"attachment_18005\" align=\"alignnone\" width=\"300\"]<img decoding=\"async\" class=\"size-medium wp-image-18005\" src=\"https:\/\/www.waterskis.lv\/wp-content\/uploads\/2020\/02\/Sun2-1-300x169.jpg\" alt=\"Stand-up paddle board SUN-LOVER 12.3 XL PE\" width=\"300\" height=\"169\" srcset=\"https:\/\/www.waterskis.lv\/wp-content\/uploads\/2020\/02\/Sun2-1-300x169.jpg 300w, https:\/\/www.waterskis.lv\/wp-content\/uploads\/2020\/02\/Sun2-1-700x394.jpg 700w, https:\/\/www.waterskis.lv\/wp-content\/uploads\/2020\/02\/Sun2-1-768x432.jpg 768w, https:\/\/www.waterskis.lv\/wp-content\/uploads\/2020\/02\/Sun2-1-1536x864.jpg 1536w, https:\/\/www.waterskis.lv\/wp-content\/uploads\/2020\/02\/Sun2-1-600x338.jpg 600w, https:\/\/www.waterskis.lv\/wp-content\/uploads\/2020\/02\/Sun2-1.jpg 1548w\" sizes=\"(max-width: 300px) 100vw, 300px\" \/> Stand-up paddle board SUN-LOVER 12.3 XL PE[\/caption] [&#8230;]<\/p>\n<p><a class=\"btn btn-secondary understrap-read-more-link\" href=\"https:\/\/www.waterskis.lv\/en\/product\/stand-up-paddle-board-sun-lover-12-3-xl-pe\/\">Read More&#8230;<\/a><\/p>\n","protected":false},"featured_media":14141,"comment_status":"closed","ping_status":"closed","template":"","meta":{"_acf_changed":false,"inline_featured_image":false},"product_brand":[],"product_cat":[468,487],"product_tag":[3166,3149,3146,3147,3148,3169,3167,1288,3168,3171],"class_list":{"0":"post-15293","1":"product","2":"type-product","3":"status-publish","4":"has-post-thumbnail","6":"product_cat-cietie-sup-deli","7":"product_cat-sup-deli","8":"product_tag-aufblasbares-sup","9":"product_tag-composite-paddleboards","10":"product_tag-hard-sup-boards","11":"product_tag-rigid-sup-boards","12":"product_tag-solid-paddleboards","13":"product_tag-stand-up-paddleboard","14":"product_tag-stand-up-paddling","15":"product_tag-sup","16":"product_tag-sup-surfer","17":"product_tag-supkayak","19":"first","20":"instock","21":"shipping-taxable","22":"purchasable","23":"product-type-simple"},"acf":[],"yoast_head":"<!-- This site is optimized with the Yoast SEO plugin v27.4 - https:\/\/yoast.com\/product\/yoast-seo-wordpress\/ -->\n<title>Stand-up paddle board SUN-LOVER 12.3 XL PE - WATERSKIS.LV<\/title>\n<meta name=\"description\" content=\"Stand-up paddle board SUN-LOVER 12.3 XL PE Solid pressed polyethylene board. Extremely durable housing. Bigger and more comfortable than the SUN-LOWER 9.6\" \/>\n<meta name=\"robots\" content=\"index, follow, max-snippet:-1, max-image-preview:large, max-video-preview:-1\" \/>\n<link rel=\"canonical\" href=\"https:\/\/www.waterskis.lv\/en\/product\/stand-up-paddle-board-sun-lover-12-3-xl-pe\/\" \/>\n<meta property=\"og:locale\" content=\"en_US\" \/>\n<meta property=\"og:type\" content=\"article\" \/>\n<meta property=\"og:title\" content=\"Stand-up paddle board SUN-LOVER 12.3 XL PE - WATERSKIS.LV\" \/>\n<meta property=\"og:description\" content=\"New model 2020!Solid\u00a0 pressed polyethylene SUP board. Extremely durable housing. Stand-up paddle board SUN-LOVER 12.3 XL PE is bigger and more comfortable than the SUN-LOWER 9.6Weight: 24 kgSize: 376 x 81 x 19 cmType: Leisure SUP boardMaterial: PENumber of places: 1New! Larger and more comfortable version of the already known model SUN-LOVER 9.6. Extremely durable housing. Non-slip surface, comfortable handles, built-in airtight compartment for small items.\" \/>\n<meta property=\"og:url\" content=\"https:\/\/www.waterskis.lv\/en\/product\/stand-up-paddle-board-sun-lover-12-3-xl-pe\/\" \/>\n<meta property=\"og:site_name\" content=\"WATERSKIS.LV\" \/>\n<meta property=\"article:publisher\" content=\"https:\/\/www.facebook.com\/jurmalawaterskiwakeboardpark\/\" \/>\n<meta property=\"article:modified_time\" content=\"2026-02-01T08:16:38+00:00\" \/>\n<meta property=\"og:image\" content=\"https:\/\/www.waterskis.lv\/wp-content\/uploads\/2020\/02\/Sun2-1.jpg\" \/>\n\t<meta property=\"og:image:width\" content=\"1548\" \/>\n\t<meta property=\"og:image:height\" content=\"871\" \/>\n\t<meta property=\"og:image:type\" content=\"image\/jpeg\" \/>\n<meta name=\"twitter:card\" content=\"summary_large_image\" \/>\n<meta name=\"twitter:title\" content=\"Stand-up paddle board SUN-LOVER 12.3 XL PE\" \/>\n<meta name=\"twitter:label1\" content=\"Est. reading time\" \/>\n\t<meta name=\"twitter:data1\" content=\"1 minute\" \/>\n<script type=\"application\/ld+json\" class=\"yoast-schema-graph\">{\"@context\":\"https:\\\/\\\/schema.org\",\"@graph\":[{\"@type\":\"WebPage\",\"@id\":\"https:\\\/\\\/www.waterskis.lv\\\/en\\\/product\\\/stand-up-paddle-board-sun-lover-12-3-xl-pe\\\/\",\"url\":\"https:\\\/\\\/www.waterskis.lv\\\/en\\\/product\\\/stand-up-paddle-board-sun-lover-12-3-xl-pe\\\/\",\"name\":\"Stand-up paddle board SUN-LOVER 12.3 XL PE - WATERSKIS.LV\",\"isPartOf\":{\"@id\":\"https:\\\/\\\/www.waterskis.lv\\\/en\\\/#website\"},\"primaryImageOfPage\":{\"@id\":\"https:\\\/\\\/www.waterskis.lv\\\/en\\\/product\\\/stand-up-paddle-board-sun-lover-12-3-xl-pe\\\/#primaryimage\"},\"image\":{\"@id\":\"https:\\\/\\\/www.waterskis.lv\\\/en\\\/product\\\/stand-up-paddle-board-sun-lover-12-3-xl-pe\\\/#primaryimage\"},\"thumbnailUrl\":\"https:\\\/\\\/www.waterskis.lv\\\/wp-content\\\/uploads\\\/2020\\\/02\\\/SunLover_XL.jpg\",\"datePublished\":\"2020-02-02T06:29:32+00:00\",\"dateModified\":\"2026-02-01T08:16:38+00:00\",\"description\":\"Stand-up paddle board SUN-LOVER 12.3 XL PE Solid pressed polyethylene board. Extremely durable housing. Bigger and more comfortable than the SUN-LOWER 9.6\",\"breadcrumb\":{\"@id\":\"https:\\\/\\\/www.waterskis.lv\\\/en\\\/product\\\/stand-up-paddle-board-sun-lover-12-3-xl-pe\\\/#breadcrumb\"},\"inLanguage\":\"en-US\",\"potentialAction\":[{\"@type\":\"ReadAction\",\"target\":[\"https:\\\/\\\/www.waterskis.lv\\\/en\\\/product\\\/stand-up-paddle-board-sun-lover-12-3-xl-pe\\\/\"]}]},{\"@type\":\"ImageObject\",\"inLanguage\":\"en-US\",\"@id\":\"https:\\\/\\\/www.waterskis.lv\\\/en\\\/product\\\/stand-up-paddle-board-sun-lover-12-3-xl-pe\\\/#primaryimage\",\"url\":\"https:\\\/\\\/www.waterskis.lv\\\/wp-content\\\/uploads\\\/2020\\\/02\\\/SunLover_XL.jpg\",\"contentUrl\":\"https:\\\/\\\/www.waterskis.lv\\\/wp-content\\\/uploads\\\/2020\\\/02\\\/SunLover_XL.jpg\",\"width\":827,\"height\":657,\"caption\":\"Paddleboard SUN-LOWER 12'3 XL PE\"},{\"@type\":\"BreadcrumbList\",\"@id\":\"https:\\\/\\\/www.waterskis.lv\\\/en\\\/product\\\/stand-up-paddle-board-sun-lover-12-3-xl-pe\\\/#breadcrumb\",\"itemListElement\":[{\"@type\":\"ListItem\",\"position\":1,\"name\":\"Home\",\"item\":\"https:\\\/\\\/www.waterskis.lv\\\/en\\\/\"},{\"@type\":\"ListItem\",\"position\":2,\"name\":\"Shop\",\"item\":\"https:\\\/\\\/waterskis.lv\\\/en\\\/shop\\\/\"},{\"@type\":\"ListItem\",\"position\":3,\"name\":\"Stand-up paddle board SUN-LOVER 12.3 XL PE\"}]},{\"@type\":\"WebSite\",\"@id\":\"https:\\\/\\\/www.waterskis.lv\\\/en\\\/#website\",\"url\":\"https:\\\/\\\/www.waterskis.lv\\\/en\\\/\",\"name\":\"WATERSKIS.LV\",\"description\":\"SUP d\u0113\u013ci, kajaki, kanoe, airu laivas, \u016bdenssl\u0113po\u0161ana, veikbords, SUP d\u0113\u013cu noma, kajaku nomaakt\u012bv\u0101s atp\u016btas centrs, laivu noma, sup noma, kajaku noma\",\"publisher\":{\"@id\":\"https:\\\/\\\/www.waterskis.lv\\\/en\\\/#organization\"},\"potentialAction\":[{\"@type\":\"SearchAction\",\"target\":{\"@type\":\"EntryPoint\",\"urlTemplate\":\"https:\\\/\\\/www.waterskis.lv\\\/en\\\/?s={search_term_string}\"},\"query-input\":{\"@type\":\"PropertyValueSpecification\",\"valueRequired\":true,\"valueName\":\"search_term_string\"}}],\"inLanguage\":\"en-US\"},{\"@type\":\"Organization\",\"@id\":\"https:\\\/\\\/www.waterskis.lv\\\/en\\\/#organization\",\"name\":\"WATERSKIS.LV\",\"url\":\"https:\\\/\\\/www.waterskis.lv\\\/en\\\/\",\"logo\":{\"@type\":\"ImageObject\",\"inLanguage\":\"en-US\",\"@id\":\"https:\\\/\\\/www.waterskis.lv\\\/en\\\/#\\\/schema\\\/logo\\\/image\\\/\",\"url\":\"https:\\\/\\\/www.waterskis.lv\\\/wp-content\\\/uploads\\\/2025\\\/01\\\/JUVP-logo.png\",\"contentUrl\":\"https:\\\/\\\/www.waterskis.lv\\\/wp-content\\\/uploads\\\/2025\\\/01\\\/JUVP-logo.png\",\"width\":421,\"height\":202,\"caption\":\"WATERSKIS.LV\"},\"image\":{\"@id\":\"https:\\\/\\\/www.waterskis.lv\\\/en\\\/#\\\/schema\\\/logo\\\/image\\\/\"},\"sameAs\":[\"https:\\\/\\\/www.facebook.com\\\/jurmalawaterskiwakeboardpark\\\/\"]}]}<\/script>\n<!-- \/ Yoast SEO plugin. -->","yoast_head_json":{"title":"Stand-up paddle board SUN-LOVER 12.3 XL PE - WATERSKIS.LV","description":"Stand-up paddle board SUN-LOVER 12.3 XL PE Solid pressed polyethylene board. Extremely durable housing. Bigger and more comfortable than the SUN-LOWER 9.6","robots":{"index":"index","follow":"follow","max-snippet":"max-snippet:-1","max-image-preview":"max-image-preview:large","max-video-preview":"max-video-preview:-1"},"canonical":"https:\/\/www.waterskis.lv\/en\/product\/stand-up-paddle-board-sun-lover-12-3-xl-pe\/","og_locale":"en_US","og_type":"article","og_title":"Stand-up paddle board SUN-LOVER 12.3 XL PE - WATERSKIS.LV","og_description":"New model 2020!Solid\u00a0 pressed polyethylene SUP board. Extremely durable housing. Stand-up paddle board SUN-LOVER 12.3 XL PE is bigger and more comfortable than the SUN-LOWER 9.6Weight: 24 kgSize: 376 x 81 x 19 cmType: Leisure SUP boardMaterial: PENumber of places: 1New! Larger and more comfortable version of the already known model SUN-LOVER 9.6. Extremely durable housing. Non-slip surface, comfortable handles, built-in airtight compartment for small items.","og_url":"https:\/\/www.waterskis.lv\/en\/product\/stand-up-paddle-board-sun-lover-12-3-xl-pe\/","og_site_name":"WATERSKIS.LV","article_publisher":"https:\/\/www.facebook.com\/jurmalawaterskiwakeboardpark\/","article_modified_time":"2026-02-01T08:16:38+00:00","og_image":[{"width":1548,"height":871,"url":"https:\/\/www.waterskis.lv\/wp-content\/uploads\/2020\/02\/Sun2-1.jpg","type":"image\/jpeg"}],"twitter_card":"summary_large_image","twitter_title":"Stand-up paddle board SUN-LOVER 12.3 XL PE","twitter_misc":{"Est. reading time":"1 minute"},"schema":{"@context":"https:\/\/schema.org","@graph":[{"@type":"WebPage","@id":"https:\/\/www.waterskis.lv\/en\/product\/stand-up-paddle-board-sun-lover-12-3-xl-pe\/","url":"https:\/\/www.waterskis.lv\/en\/product\/stand-up-paddle-board-sun-lover-12-3-xl-pe\/","name":"Stand-up paddle board SUN-LOVER 12.3 XL PE - WATERSKIS.LV","isPartOf":{"@id":"https:\/\/www.waterskis.lv\/en\/#website"},"primaryImageOfPage":{"@id":"https:\/\/www.waterskis.lv\/en\/product\/stand-up-paddle-board-sun-lover-12-3-xl-pe\/#primaryimage"},"image":{"@id":"https:\/\/www.waterskis.lv\/en\/product\/stand-up-paddle-board-sun-lover-12-3-xl-pe\/#primaryimage"},"thumbnailUrl":"https:\/\/www.waterskis.lv\/wp-content\/uploads\/2020\/02\/SunLover_XL.jpg","datePublished":"2020-02-02T06:29:32+00:00","dateModified":"2026-02-01T08:16:38+00:00","description":"Stand-up paddle board SUN-LOVER 12.3 XL PE Solid pressed polyethylene board. Extremely durable housing. Bigger and more comfortable than the SUN-LOWER 9.6","breadcrumb":{"@id":"https:\/\/www.waterskis.lv\/en\/product\/stand-up-paddle-board-sun-lover-12-3-xl-pe\/#breadcrumb"},"inLanguage":"en-US","potentialAction":[{"@type":"ReadAction","target":["https:\/\/www.waterskis.lv\/en\/product\/stand-up-paddle-board-sun-lover-12-3-xl-pe\/"]}]},{"@type":"ImageObject","inLanguage":"en-US","@id":"https:\/\/www.waterskis.lv\/en\/product\/stand-up-paddle-board-sun-lover-12-3-xl-pe\/#primaryimage","url":"https:\/\/www.waterskis.lv\/wp-content\/uploads\/2020\/02\/SunLover_XL.jpg","contentUrl":"https:\/\/www.waterskis.lv\/wp-content\/uploads\/2020\/02\/SunLover_XL.jpg","width":827,"height":657,"caption":"Paddleboard SUN-LOWER 12'3 XL PE"},{"@type":"BreadcrumbList","@id":"https:\/\/www.waterskis.lv\/en\/product\/stand-up-paddle-board-sun-lover-12-3-xl-pe\/#breadcrumb","itemListElement":[{"@type":"ListItem","position":1,"name":"Home","item":"https:\/\/www.waterskis.lv\/en\/"},{"@type":"ListItem","position":2,"name":"Shop","item":"https:\/\/waterskis.lv\/en\/shop\/"},{"@type":"ListItem","position":3,"name":"Stand-up paddle board SUN-LOVER 12.3 XL PE"}]},{"@type":"WebSite","@id":"https:\/\/www.waterskis.lv\/en\/#website","url":"https:\/\/www.waterskis.lv\/en\/","name":"WATERSKIS.LV","description":"SUP d\u0113\u013ci, kajaki, kanoe, airu laivas, \u016bdenssl\u0113po\u0161ana, veikbords, SUP d\u0113\u013cu noma, kajaku nomaakt\u012bv\u0101s atp\u016btas centrs, laivu noma, sup noma, kajaku noma","publisher":{"@id":"https:\/\/www.waterskis.lv\/en\/#organization"},"potentialAction":[{"@type":"SearchAction","target":{"@type":"EntryPoint","urlTemplate":"https:\/\/www.waterskis.lv\/en\/?s={search_term_string}"},"query-input":{"@type":"PropertyValueSpecification","valueRequired":true,"valueName":"search_term_string"}}],"inLanguage":"en-US"},{"@type":"Organization","@id":"https:\/\/www.waterskis.lv\/en\/#organization","name":"WATERSKIS.LV","url":"https:\/\/www.waterskis.lv\/en\/","logo":{"@type":"ImageObject","inLanguage":"en-US","@id":"https:\/\/www.waterskis.lv\/en\/#\/schema\/logo\/image\/","url":"https:\/\/www.waterskis.lv\/wp-content\/uploads\/2025\/01\/JUVP-logo.png","contentUrl":"https:\/\/www.waterskis.lv\/wp-content\/uploads\/2025\/01\/JUVP-logo.png","width":421,"height":202,"caption":"WATERSKIS.LV"},"image":{"@id":"https:\/\/www.waterskis.lv\/en\/#\/schema\/logo\/image\/"},"sameAs":["https:\/\/www.facebook.com\/jurmalawaterskiwakeboardpark\/"]}]}},"_links":{"self":[{"href":"https:\/\/www.waterskis.lv\/en\/wp-json\/wp\/v2\/product\/15293","targetHints":{"allow":["GET"]}}],"collection":[{"href":"https:\/\/www.waterskis.lv\/en\/wp-json\/wp\/v2\/product"}],"about":[{"href":"https:\/\/www.waterskis.lv\/en\/wp-json\/wp\/v2\/types\/product"}],"replies":[{"embeddable":true,"href":"https:\/\/www.waterskis.lv\/en\/wp-json\/wp\/v2\/comments?post=15293"}],"wp:featuredmedia":[{"embeddable":true,"href":"https:\/\/www.waterskis.lv\/en\/wp-json\/wp\/v2\/media\/14141"}],"wp:attachment":[{"href":"https:\/\/www.waterskis.lv\/en\/wp-json\/wp\/v2\/media?parent=15293"}],"wp:term":[{"taxonomy":"product_brand","embeddable":true,"href":"https:\/\/www.waterskis.lv\/en\/wp-json\/wp\/v2\/product_brand?post=15293"},{"taxonomy":"product_cat","embeddable":true,"href":"https:\/\/www.waterskis.lv\/en\/wp-json\/wp\/v2\/product_cat?post=15293"},{"taxonomy":"product_tag","embeddable":true,"href":"https:\/\/www.waterskis.lv\/en\/wp-json\/wp\/v2\/product_tag?post=15293"}],"curies":[{"name":"wp","href":"https:\/\/api.w.org\/{rel}","templated":true}]}}