{"id":15744,"date":"2018-12-22T08:33:30","date_gmt":"2018-12-22T05:33:30","guid":{"rendered":"https:\/\/www.waterskis.lv\/product\/piepusams-sup-delis-sliding-penguin-9-0\/"},"modified":"2026-02-01T15:53:02","modified_gmt":"2026-02-01T13:53:02","slug":"sup-board-wildsup-sliding-penguin-9-0","status":"publish","type":"product","link":"https:\/\/www.waterskis.lv\/en\/product\/sup-board-wildsup-sliding-penguin-9-0\/","title":{"rendered":"SUP board WILDSUP SLIDING PENGUIN 9.0"},"content":{"rendered":"<h1>Inflatable SUP board WILDSUP SLIDING PENGUIN 9.0<\/h1>\n<p>The Premium quality SUP board with pressure up to 27 psi<\/p>\n<p>GET READY TO GET WILD. WILDSUP SINCE 2012<\/p>\n<div class=\"block_content1 rte active\">\n<p>Inflatable SUP board WILDSUP SLIDING PENGUIN 9.0 was initially designed for surfing but it also perfect in narrow, smaller rivers. So whether you are looking to hit the tides or take on an adventure in a streamy river \u2013 Sliding Penguin is the right choice for you!<\/p>\n<p>This SUP is also known for its stability and maneuverability so it is a perfect fit for kids and lighter people under 90 kg. It is easy to keep the board in straight position even when you surf in pretty extreme waters due to its bigger fin. The fin also helps with handling.<\/p>\n<p>The board is only 10 cm thick, which also improves stability, but it doesn\u2019t affect the stiffness \u2013 it can be inflated up to 27 psi.<\/p>\n<p>Carrying handles can be found for easy transportation \u2013 one in the middle of the board, other in the back. There\u2019s also stainless steel D-ring.<\/p>\n<p>The top is finished with a pleasant non-slippery EVA deck.<\/p>\n<\/div>\n<p id=\"table-data\" class=\"page-product-heading\">DATA SHEET<\/p>\n<table class=\"block_content2 table-data-sheet\">\n<tbody>\n<tr class=\"odd\">\n<td>Type<\/td>\n<td>Leisure Stand Up Paddle board<\/td>\n<\/tr>\n<tr class=\"even\">\n<td>Length<\/td>\n<td>289 cm<\/td>\n<\/tr>\n<tr class=\"odd\">\n<td>Width<\/td>\n<td>74 cm<\/td>\n<\/tr>\n<tr class=\"even\">\n<td>Height<\/td>\n<td>12 cm<\/td>\n<\/tr>\n<tr class=\"odd\">\n<td>Weight<\/td>\n<td>11 kg<\/td>\n<\/tr>\n<tr class=\"even\">\n<td>Material<\/td>\n<td>Dropstich PVC Fusion Plus<\/td>\n<\/tr>\n<tr class=\"odd\">\n<td>Number of persons<\/td>\n<td>1<\/td>\n<\/tr>\n<tr class=\"even\">\n<td>Color<\/td>\n<td>Black\/Red\/White<\/td>\n<\/tr>\n<tr class=\"odd\">\n<td>Capacity<\/td>\n<td>90 kg<\/td>\n<\/tr>\n<tr class=\"even\">\n<td>Max pressure<\/td>\n<td>27 psi (1,86 bar)<\/td>\n<\/tr>\n<tr class=\"odd\">\n<td>Purpose of usage<\/td>\n<td>Universal usage<\/td>\n<\/tr>\n<\/tbody>\n<\/table>\n<p>&nbsp;<\/p>\n","protected":false},"excerpt":{"rendered":"<p>&nbsp;<\/p>\n<p>https:\/\/www.youtube.com\/watch?v=3COAnUC56xI [&#8230;]<\/p>\n<p><a class=\"btn btn-secondary understrap-read-more-link\" href=\"https:\/\/www.waterskis.lv\/en\/product\/sup-board-wildsup-sliding-penguin-9-0\/\">Read More&#8230;<\/a><\/p>\n","protected":false},"featured_media":6823,"comment_status":"closed","ping_status":"closed","template":"","meta":{"_acf_changed":false,"inline_featured_image":false},"product_brand":[2452],"product_cat":[700,502,501],"product_tag":[3172,1334,1355,3173,3174,1335,3131,1316,3175,3140,3176,3188,3141],"class_list":{"0":"post-15744","1":"product","2":"type-product","3":"status-publish","4":"has-post-thumbnail","6":"product_brand-wildsup","7":"product_cat-inflatable-sup-boards","8":"product_cat-stand-up-paddle-boards","9":"product_cat-wildsup-isup-boards","10":"product_tag-aufblasbares-sup","11":"product_tag-paddle-boards","12":"product_tag-piepusams-sup-delis","13":"product_tag-stand-up-paddleboard","14":"product_tag-stand-up-paddling","15":"product_tag-sup","16":"product_tag-sup-boards","17":"product_tag-sup-delis","18":"product_tag-sup-surfer","19":"product_tag-sup-","20":"product_tag-supkayak","21":"product_tag-wildsup","22":"product_tag-3141","24":"first","25":"outofstock","26":"shipping-taxable","27":"purchasable","28":"product-type-simple"},"acf":[],"yoast_head":"<!-- This site is optimized with the Yoast SEO plugin v27.3 - https:\/\/yoast.com\/product\/yoast-seo-wordpress\/ -->\n<title>SUP board WILDSUP SLIDING PENGUIN 9.0 - WATERSKIS.LV<\/title>\n<meta name=\"description\" content=\"Inflatable SUP board WILDSUP SLIDING PENGUIN 9.0 was initially designed for surfing but it also perfect in narrower, smaller steamy rivers\" \/>\n<meta name=\"robots\" content=\"index, follow, max-snippet:-1, max-image-preview:large, max-video-preview:-1\" \/>\n<link rel=\"canonical\" href=\"https:\/\/www.waterskis.lv\/en\/product\/sup-board-wildsup-sliding-penguin-9-0\/\" \/>\n<meta property=\"og:locale\" content=\"en_US\" \/>\n<meta property=\"og:type\" content=\"article\" \/>\n<meta property=\"og:title\" content=\"SUP board WILDSUP SLIDING PENGUIN 9.0\" \/>\n<meta property=\"og:description\" content=\"Inflatable SUP board WILDSUP SLIDING PENGUIN 9.0The Premium quality SUP board with pressure up to 27 psiWild SUP - EU manufacturer since 2012!Inflatable SUP board WILDSUP SLIDING PENGUIN 9.0 was initially designed for surfing but it also perfect in narrow, smaller rivers. So whether you are looking to hit the tides or take on an adventure in a streamy river \u2013 Sliding Penguin is the right choice for you!This SUP is also known for its stability and maneuverability so it is a perfect fit for kids and lighter people under 90 kg. It is easy to keep the board in straight position even when you surf in pretty extreme waters due to its bigger fin. The fin also helps with handling.The board is only 10 cm thick, which also improves stability, but it doesn\u2019t affect the stiffness \u2013 it can be inflated up to 27 psi.Carrying handles can be found for easy transportation \u2013 one in the middle of the board, other in the back. There\u2019s also stainless steel D-ring.The top is finished with a pleasant non-slippery EVA deck.\" \/>\n<meta property=\"og:url\" content=\"https:\/\/www.waterskis.lv\/en\/product\/sup-board-wildsup-sliding-penguin-9-0\/\" \/>\n<meta property=\"og:site_name\" content=\"WATERSKIS.LV\" \/>\n<meta property=\"article:publisher\" content=\"https:\/\/www.facebook.com\/jurmalawaterskiwakeboardpark\/\" \/>\n<meta property=\"article:modified_time\" content=\"2026-02-01T13:53:02+00:00\" \/>\n<meta property=\"og:image\" content=\"https:\/\/www.waterskis.lv\/wp-content\/uploads\/2018\/12\/Penguin.php_.png\" \/>\n\t<meta property=\"og:image:width\" content=\"600\" \/>\n\t<meta property=\"og:image:height\" content=\"600\" \/>\n\t<meta property=\"og:image:type\" content=\"image\/png\" \/>\n<meta name=\"twitter:card\" content=\"summary_large_image\" \/>\n<meta name=\"twitter:title\" content=\"SUP board WILDSUP SLIDING PENGUIN 9.0\" \/>\n<meta name=\"twitter:description\" content=\"Inflatable SUP board WILDSUP SLIDING PENGUIN 9.0The Premium quality SUP board with pressure up to 27 psiWild SUP - EU manufacturer since 2012!Inflatable SUP board WILDSUP SLIDING PENGUIN 9.0 was initially designed for surfing but it also perfect in narrow, smaller rivers. So whether you are looking to hit the tides or take on an adventure in a streamy river \u2013 Sliding Penguin is the right choice for you!This SUP is also known for its stability and maneuverability so it is a perfect fit for kids and lighter people under 90 kg. It is easy to keep the board in straight position even when you surf in pretty extreme waters due to its bigger fin. The fin also helps with handling.The board is only 10 cm thick, which also improves stability, but it doesn\u2019t affect the stiffness \u2013 it can be inflated up to 27 psi.Carrying handles can be found for easy transportation \u2013 one in the middle of the board, other in the back. There\u2019s also stainless steel D-ring.The top is finished with a pleasant non-slippery EVA deck.\" \/>\n<meta name=\"twitter:image\" content=\"https:\/\/www.waterskis.lv\/wp-content\/uploads\/2018\/12\/Penguin.php_.png\" \/>\n<meta name=\"twitter:label1\" content=\"Est. reading time\" \/>\n\t<meta name=\"twitter:data1\" content=\"2 minutes\" \/>\n<script type=\"application\/ld+json\" class=\"yoast-schema-graph\">{\"@context\":\"https:\\\/\\\/schema.org\",\"@graph\":[{\"@type\":\"WebPage\",\"@id\":\"https:\\\/\\\/www.waterskis.lv\\\/en\\\/product\\\/sup-board-wildsup-sliding-penguin-9-0\\\/\",\"url\":\"https:\\\/\\\/www.waterskis.lv\\\/en\\\/product\\\/sup-board-wildsup-sliding-penguin-9-0\\\/\",\"name\":\"SUP board WILDSUP SLIDING PENGUIN 9.0 - WATERSKIS.LV\",\"isPartOf\":{\"@id\":\"https:\\\/\\\/www.waterskis.lv\\\/en\\\/#website\"},\"primaryImageOfPage\":{\"@id\":\"https:\\\/\\\/www.waterskis.lv\\\/en\\\/product\\\/sup-board-wildsup-sliding-penguin-9-0\\\/#primaryimage\"},\"image\":{\"@id\":\"https:\\\/\\\/www.waterskis.lv\\\/en\\\/product\\\/sup-board-wildsup-sliding-penguin-9-0\\\/#primaryimage\"},\"thumbnailUrl\":\"https:\\\/\\\/www.waterskis.lv\\\/wp-content\\\/uploads\\\/2018\\\/12\\\/Penguin.php_.png\",\"datePublished\":\"2018-12-22T05:33:30+00:00\",\"dateModified\":\"2026-02-01T13:53:02+00:00\",\"description\":\"Inflatable SUP board WILDSUP SLIDING PENGUIN 9.0 was initially designed for surfing but it also perfect in narrower, smaller steamy rivers\",\"breadcrumb\":{\"@id\":\"https:\\\/\\\/www.waterskis.lv\\\/en\\\/product\\\/sup-board-wildsup-sliding-penguin-9-0\\\/#breadcrumb\"},\"inLanguage\":\"en-US\",\"potentialAction\":[{\"@type\":\"ReadAction\",\"target\":[\"https:\\\/\\\/www.waterskis.lv\\\/en\\\/product\\\/sup-board-wildsup-sliding-penguin-9-0\\\/\"]}]},{\"@type\":\"ImageObject\",\"inLanguage\":\"en-US\",\"@id\":\"https:\\\/\\\/www.waterskis.lv\\\/en\\\/product\\\/sup-board-wildsup-sliding-penguin-9-0\\\/#primaryimage\",\"url\":\"https:\\\/\\\/www.waterskis.lv\\\/wp-content\\\/uploads\\\/2018\\\/12\\\/Penguin.php_.png\",\"contentUrl\":\"https:\\\/\\\/www.waterskis.lv\\\/wp-content\\\/uploads\\\/2018\\\/12\\\/Penguin.php_.png\",\"width\":600,\"height\":600,\"caption\":\"Inflatable SUP board WILDSUP SLIDING PENGUIN 9\u20190\u201d\"},{\"@type\":\"BreadcrumbList\",\"@id\":\"https:\\\/\\\/www.waterskis.lv\\\/en\\\/product\\\/sup-board-wildsup-sliding-penguin-9-0\\\/#breadcrumb\",\"itemListElement\":[{\"@type\":\"ListItem\",\"position\":1,\"name\":\"Home\",\"item\":\"https:\\\/\\\/www.waterskis.lv\\\/en\\\/\"},{\"@type\":\"ListItem\",\"position\":2,\"name\":\"Shop\",\"item\":\"https:\\\/\\\/waterskis.lv\\\/en\\\/shop\\\/\"},{\"@type\":\"ListItem\",\"position\":3,\"name\":\"SUP board WILDSUP SLIDING PENGUIN 9.0\"}]},{\"@type\":\"WebSite\",\"@id\":\"https:\\\/\\\/www.waterskis.lv\\\/en\\\/#website\",\"url\":\"https:\\\/\\\/www.waterskis.lv\\\/en\\\/\",\"name\":\"WATERSKIS.LV\",\"description\":\"SUP d\u0113\u013ci, kajaki, kanoe, airu laivas, \u016bdenssl\u0113po\u0161ana, veikbords, SUP d\u0113\u013cu noma, kajaku nomaakt\u012bv\u0101s atp\u016btas centrs, laivu noma, sup noma, kajaku noma\",\"publisher\":{\"@id\":\"https:\\\/\\\/www.waterskis.lv\\\/en\\\/#organization\"},\"potentialAction\":[{\"@type\":\"SearchAction\",\"target\":{\"@type\":\"EntryPoint\",\"urlTemplate\":\"https:\\\/\\\/www.waterskis.lv\\\/en\\\/?s={search_term_string}\"},\"query-input\":{\"@type\":\"PropertyValueSpecification\",\"valueRequired\":true,\"valueName\":\"search_term_string\"}}],\"inLanguage\":\"en-US\"},{\"@type\":\"Organization\",\"@id\":\"https:\\\/\\\/www.waterskis.lv\\\/en\\\/#organization\",\"name\":\"WATERSKIS.LV\",\"url\":\"https:\\\/\\\/www.waterskis.lv\\\/en\\\/\",\"logo\":{\"@type\":\"ImageObject\",\"inLanguage\":\"en-US\",\"@id\":\"https:\\\/\\\/www.waterskis.lv\\\/en\\\/#\\\/schema\\\/logo\\\/image\\\/\",\"url\":\"https:\\\/\\\/www.waterskis.lv\\\/wp-content\\\/uploads\\\/2025\\\/01\\\/JUVP-logo.png\",\"contentUrl\":\"https:\\\/\\\/www.waterskis.lv\\\/wp-content\\\/uploads\\\/2025\\\/01\\\/JUVP-logo.png\",\"width\":421,\"height\":202,\"caption\":\"WATERSKIS.LV\"},\"image\":{\"@id\":\"https:\\\/\\\/www.waterskis.lv\\\/en\\\/#\\\/schema\\\/logo\\\/image\\\/\"},\"sameAs\":[\"https:\\\/\\\/www.facebook.com\\\/jurmalawaterskiwakeboardpark\\\/\"]}]}<\/script>\n<!-- \/ Yoast SEO plugin. -->","yoast_head_json":{"title":"SUP board WILDSUP SLIDING PENGUIN 9.0 - WATERSKIS.LV","description":"Inflatable SUP board WILDSUP SLIDING PENGUIN 9.0 was initially designed for surfing but it also perfect in narrower, smaller steamy rivers","robots":{"index":"index","follow":"follow","max-snippet":"max-snippet:-1","max-image-preview":"max-image-preview:large","max-video-preview":"max-video-preview:-1"},"canonical":"https:\/\/www.waterskis.lv\/en\/product\/sup-board-wildsup-sliding-penguin-9-0\/","og_locale":"en_US","og_type":"article","og_title":"SUP board WILDSUP SLIDING PENGUIN 9.0","og_description":"Inflatable SUP board WILDSUP SLIDING PENGUIN 9.0The Premium quality SUP board with pressure up to 27 psiWild SUP - EU manufacturer since 2012!Inflatable SUP board WILDSUP SLIDING PENGUIN 9.0 was initially designed for surfing but it also perfect in narrow, smaller rivers. So whether you are looking to hit the tides or take on an adventure in a streamy river \u2013 Sliding Penguin is the right choice for you!This SUP is also known for its stability and maneuverability so it is a perfect fit for kids and lighter people under 90 kg. It is easy to keep the board in straight position even when you surf in pretty extreme waters due to its bigger fin. The fin also helps with handling.The board is only 10 cm thick, which also improves stability, but it doesn\u2019t affect the stiffness \u2013 it can be inflated up to 27 psi.Carrying handles can be found for easy transportation \u2013 one in the middle of the board, other in the back. There\u2019s also stainless steel D-ring.The top is finished with a pleasant non-slippery EVA deck.","og_url":"https:\/\/www.waterskis.lv\/en\/product\/sup-board-wildsup-sliding-penguin-9-0\/","og_site_name":"WATERSKIS.LV","article_publisher":"https:\/\/www.facebook.com\/jurmalawaterskiwakeboardpark\/","article_modified_time":"2026-02-01T13:53:02+00:00","og_image":[{"width":600,"height":600,"url":"https:\/\/www.waterskis.lv\/wp-content\/uploads\/2018\/12\/Penguin.php_.png","type":"image\/png"}],"twitter_card":"summary_large_image","twitter_title":"SUP board WILDSUP SLIDING PENGUIN 9.0","twitter_description":"Inflatable SUP board WILDSUP SLIDING PENGUIN 9.0The Premium quality SUP board with pressure up to 27 psiWild SUP - EU manufacturer since 2012!Inflatable SUP board WILDSUP SLIDING PENGUIN 9.0 was initially designed for surfing but it also perfect in narrow, smaller rivers. So whether you are looking to hit the tides or take on an adventure in a streamy river \u2013 Sliding Penguin is the right choice for you!This SUP is also known for its stability and maneuverability so it is a perfect fit for kids and lighter people under 90 kg. It is easy to keep the board in straight position even when you surf in pretty extreme waters due to its bigger fin. The fin also helps with handling.The board is only 10 cm thick, which also improves stability, but it doesn\u2019t affect the stiffness \u2013 it can be inflated up to 27 psi.Carrying handles can be found for easy transportation \u2013 one in the middle of the board, other in the back. There\u2019s also stainless steel D-ring.The top is finished with a pleasant non-slippery EVA deck.","twitter_image":"https:\/\/www.waterskis.lv\/wp-content\/uploads\/2018\/12\/Penguin.php_.png","twitter_misc":{"Est. reading time":"2 minutes"},"schema":{"@context":"https:\/\/schema.org","@graph":[{"@type":"WebPage","@id":"https:\/\/www.waterskis.lv\/en\/product\/sup-board-wildsup-sliding-penguin-9-0\/","url":"https:\/\/www.waterskis.lv\/en\/product\/sup-board-wildsup-sliding-penguin-9-0\/","name":"SUP board WILDSUP SLIDING PENGUIN 9.0 - WATERSKIS.LV","isPartOf":{"@id":"https:\/\/www.waterskis.lv\/en\/#website"},"primaryImageOfPage":{"@id":"https:\/\/www.waterskis.lv\/en\/product\/sup-board-wildsup-sliding-penguin-9-0\/#primaryimage"},"image":{"@id":"https:\/\/www.waterskis.lv\/en\/product\/sup-board-wildsup-sliding-penguin-9-0\/#primaryimage"},"thumbnailUrl":"https:\/\/www.waterskis.lv\/wp-content\/uploads\/2018\/12\/Penguin.php_.png","datePublished":"2018-12-22T05:33:30+00:00","dateModified":"2026-02-01T13:53:02+00:00","description":"Inflatable SUP board WILDSUP SLIDING PENGUIN 9.0 was initially designed for surfing but it also perfect in narrower, smaller steamy rivers","breadcrumb":{"@id":"https:\/\/www.waterskis.lv\/en\/product\/sup-board-wildsup-sliding-penguin-9-0\/#breadcrumb"},"inLanguage":"en-US","potentialAction":[{"@type":"ReadAction","target":["https:\/\/www.waterskis.lv\/en\/product\/sup-board-wildsup-sliding-penguin-9-0\/"]}]},{"@type":"ImageObject","inLanguage":"en-US","@id":"https:\/\/www.waterskis.lv\/en\/product\/sup-board-wildsup-sliding-penguin-9-0\/#primaryimage","url":"https:\/\/www.waterskis.lv\/wp-content\/uploads\/2018\/12\/Penguin.php_.png","contentUrl":"https:\/\/www.waterskis.lv\/wp-content\/uploads\/2018\/12\/Penguin.php_.png","width":600,"height":600,"caption":"Inflatable SUP board WILDSUP SLIDING PENGUIN 9\u20190\u201d"},{"@type":"BreadcrumbList","@id":"https:\/\/www.waterskis.lv\/en\/product\/sup-board-wildsup-sliding-penguin-9-0\/#breadcrumb","itemListElement":[{"@type":"ListItem","position":1,"name":"Home","item":"https:\/\/www.waterskis.lv\/en\/"},{"@type":"ListItem","position":2,"name":"Shop","item":"https:\/\/waterskis.lv\/en\/shop\/"},{"@type":"ListItem","position":3,"name":"SUP board WILDSUP SLIDING PENGUIN 9.0"}]},{"@type":"WebSite","@id":"https:\/\/www.waterskis.lv\/en\/#website","url":"https:\/\/www.waterskis.lv\/en\/","name":"WATERSKIS.LV","description":"SUP d\u0113\u013ci, kajaki, kanoe, airu laivas, \u016bdenssl\u0113po\u0161ana, veikbords, SUP d\u0113\u013cu noma, kajaku nomaakt\u012bv\u0101s atp\u016btas centrs, laivu noma, sup noma, kajaku noma","publisher":{"@id":"https:\/\/www.waterskis.lv\/en\/#organization"},"potentialAction":[{"@type":"SearchAction","target":{"@type":"EntryPoint","urlTemplate":"https:\/\/www.waterskis.lv\/en\/?s={search_term_string}"},"query-input":{"@type":"PropertyValueSpecification","valueRequired":true,"valueName":"search_term_string"}}],"inLanguage":"en-US"},{"@type":"Organization","@id":"https:\/\/www.waterskis.lv\/en\/#organization","name":"WATERSKIS.LV","url":"https:\/\/www.waterskis.lv\/en\/","logo":{"@type":"ImageObject","inLanguage":"en-US","@id":"https:\/\/www.waterskis.lv\/en\/#\/schema\/logo\/image\/","url":"https:\/\/www.waterskis.lv\/wp-content\/uploads\/2025\/01\/JUVP-logo.png","contentUrl":"https:\/\/www.waterskis.lv\/wp-content\/uploads\/2025\/01\/JUVP-logo.png","width":421,"height":202,"caption":"WATERSKIS.LV"},"image":{"@id":"https:\/\/www.waterskis.lv\/en\/#\/schema\/logo\/image\/"},"sameAs":["https:\/\/www.facebook.com\/jurmalawaterskiwakeboardpark\/"]}]}},"_links":{"self":[{"href":"https:\/\/www.waterskis.lv\/en\/wp-json\/wp\/v2\/product\/15744","targetHints":{"allow":["GET"]}}],"collection":[{"href":"https:\/\/www.waterskis.lv\/en\/wp-json\/wp\/v2\/product"}],"about":[{"href":"https:\/\/www.waterskis.lv\/en\/wp-json\/wp\/v2\/types\/product"}],"replies":[{"embeddable":true,"href":"https:\/\/www.waterskis.lv\/en\/wp-json\/wp\/v2\/comments?post=15744"}],"wp:featuredmedia":[{"embeddable":true,"href":"https:\/\/www.waterskis.lv\/en\/wp-json\/wp\/v2\/media\/6823"}],"wp:attachment":[{"href":"https:\/\/www.waterskis.lv\/en\/wp-json\/wp\/v2\/media?parent=15744"}],"wp:term":[{"taxonomy":"product_brand","embeddable":true,"href":"https:\/\/www.waterskis.lv\/en\/wp-json\/wp\/v2\/product_brand?post=15744"},{"taxonomy":"product_cat","embeddable":true,"href":"https:\/\/www.waterskis.lv\/en\/wp-json\/wp\/v2\/product_cat?post=15744"},{"taxonomy":"product_tag","embeddable":true,"href":"https:\/\/www.waterskis.lv\/en\/wp-json\/wp\/v2\/product_tag?post=15744"}],"curies":[{"name":"wp","href":"https:\/\/api.w.org\/{rel}","templated":true}]}}