{"id":15752,"date":"2018-12-22T08:43:32","date_gmt":"2018-12-22T05:43:32","guid":{"rendered":"https:\/\/www.waterskis.lv\/product\/piepusams-sup-delis-royal-panda-115\/"},"modified":"2026-02-01T15:48:25","modified_gmt":"2026-02-01T13:48:25","slug":"sup-board-wildsup-royal-panda-11-3","status":"publish","type":"product","link":"https:\/\/www.waterskis.lv\/en\/product\/sup-board-wildsup-royal-panda-11-3\/","title":{"rendered":"SUP board WILDSUP ROYAL PANDA 11.3"},"content":{"rendered":"<h1>SUP board WILDSUP ROYAL PANDA 11.3<\/h1>\n<p>SUP board WILDSUP ROYAL PANDA 11.3<\/p>\n<p>The premium quality SUP board with pressure up to 27 psi<\/p>\n<p>GET READY TO GET WILD. WILDSUP SINCE 2012<\/p>\n<div class=\"block_content1 rte active\">\n<p>Inflatable SUP board WILDSUP ROYAL PANDA &#8211; \u00a0Comfort is the word you should be looking for when talking about this SUP. Indeed, we designed this board for those who seeks a bit more refinement in their lives and maybe feels that they have some blue royal blood inside them.<\/p>\n<p>You will find all the comfort in the way of stability, speed and maneuverability of this 11\u20185 ft sup, that can hold up to 140 kg, and be super stiff with its 27 psi compression, with two fixed and one removable fin.<\/p>\n<p>With this board you also will find extra comfortable travel wheelie backpack, coil safety leash, repair kit.<\/p>\n<\/div>\n<p id=\"table-data\" class=\"page-product-heading\">DATA SHEET<\/p>\n<table class=\"block_content2 table-data-sheet\">\n<tbody>\n<tr class=\"odd\">\n<td>Class<\/td>\n<td>PREMIUM class inflatable SUP board<\/td>\n<\/tr>\n<tr class=\"even\">\n<td>Type<\/td>\n<td>Leisure Stand Up Paddle board<\/td>\n<\/tr>\n<tr class=\"odd\">\n<td>Length<\/td>\n<td>344 cm<\/td>\n<\/tr>\n<tr class=\"even\">\n<td>Width<\/td>\n<td>80 cm<\/td>\n<\/tr>\n<tr class=\"odd\">\n<td>Height<\/td>\n<td>15 cm<\/td>\n<\/tr>\n<tr class=\"even\">\n<td>Weight<\/td>\n<td>13,8 kg<\/td>\n<\/tr>\n<tr class=\"odd\">\n<td>Material<\/td>\n<td>Double layer DROP STITCH PVC (1,5 mm)<\/td>\n<\/tr>\n<tr class=\"even\">\n<td>Number of persons<\/td>\n<td>1-2<\/td>\n<\/tr>\n<tr class=\"odd\">\n<td>Capacity<\/td>\n<td>130 kg<\/td>\n<\/tr>\n<tr class=\"even\">\n<td>Max pressure<\/td>\n<td>27 psi (1,86 bar)<\/td>\n<\/tr>\n<tr class=\"odd\">\n<td>Purpose of usage<\/td>\n<td>Universal usage<\/td>\n<\/tr>\n<\/tbody>\n<\/table>\n<p>&nbsp;<\/p>\n","protected":false},"excerpt":{"rendered":"<p>SUP board WILDSUP ROYAL PANDA 11.3 SUP board WILDSUP ROYAL PANDA 11.3 The premium quality SUP board with pressure up to 27 psi GET READY TO GET WILD. WILDSUP SINCE 2012 Inflatable SUP board WILDSUP ROYAL PANDA &#8211; \u00a0Comfort is the word you should be looking for when talking about this SUP. Indeed, we designed [&#8230;]<\/p>\n<p><a class=\"btn btn-secondary understrap-read-more-link\" href=\"https:\/\/www.waterskis.lv\/en\/product\/sup-board-wildsup-royal-panda-11-3\/\">Read More&#8230;<\/a><\/p>\n","protected":false},"featured_media":6892,"comment_status":"closed","ping_status":"closed","template":"","meta":{"_acf_changed":false,"inline_featured_image":false},"product_brand":[2452],"product_cat":[773,362,499,500],"product_tag":[3177,1338,1356,3178,3179,1309,3131,1391,3180,1822,3181,3554,3134],"class_list":{"0":"post-15752","1":"product","2":"type-product","3":"status-publish","4":"has-post-thumbnail","6":"product_brand-wildsup","7":"product_cat--sup-","8":"product_cat-c","9":"product_cat-sup-","10":"product_cat-wildsup---sup","11":"product_tag-aufblasbares-sup","12":"product_tag-paddle-boards","13":"product_tag-piepusams-sup-delis","14":"product_tag-stand-up-paddleboard","15":"product_tag-stand-up-paddling","16":"product_tag-sup","17":"product_tag-sup-boards","18":"product_tag-sup-delis","19":"product_tag-sup-surfer","20":"product_tag-sup-","21":"product_tag-supkayak","22":"product_tag-wildsup","23":"product_tag-3134","25":"first","26":"instock","27":"sale","28":"shipping-taxable","29":"purchasable","30":"product-type-simple"},"acf":[],"yoast_head":"<!-- This site is optimized with the Yoast SEO plugin v27.5 - https:\/\/yoast.com\/product\/yoast-seo-wordpress\/ -->\n<title>SUP board WILDSUP ROYAL PANDA 11.3 - WATERSKIS.LV<\/title>\n<meta name=\"description\" content=\"SUP board WILDSUP ROYAL PANDA 11.3. Comfort is the word you should be looking for when talking about this Stand Up Paddle board. SUP shop\" \/>\n<meta name=\"robots\" content=\"index, follow, max-snippet:-1, max-image-preview:large, max-video-preview:-1\" \/>\n<link rel=\"canonical\" href=\"https:\/\/www.waterskis.lv\/en\/product\/sup-board-wildsup-royal-panda-11-3\/\" \/>\n<meta property=\"og:locale\" content=\"en_US\" \/>\n<meta property=\"og:type\" content=\"article\" \/>\n<meta property=\"og:title\" content=\"Inflatable SUP board WILDSUP ROYAL PANDA 11.3\" \/>\n<meta property=\"og:description\" content=\"Inflatable SUP board WILDSUP ROYAL PANDA 11.3 - \u00a0Comfort is the word you should be looking for when talking about this SUP. Indeed, we designed this board for those who seeks a bit more refinement in their lives and maybe feels that they have some blue royal blood inside them.\" \/>\n<meta property=\"og:url\" content=\"https:\/\/www.waterskis.lv\/en\/product\/sup-board-wildsup-royal-panda-11-3\/\" \/>\n<meta property=\"og:site_name\" content=\"WATERSKIS.LV\" \/>\n<meta property=\"article:publisher\" content=\"https:\/\/www.facebook.com\/jurmalawaterskiwakeboardpark\/\" \/>\n<meta property=\"article:modified_time\" content=\"2026-02-01T13:48:25+00:00\" \/>\n<meta property=\"og:image\" content=\"https:\/\/www.waterskis.lv\/wp-content\/uploads\/2018\/12\/Panda5.jpg\" \/>\n\t<meta property=\"og:image:width\" content=\"600\" \/>\n\t<meta property=\"og:image:height\" content=\"500\" \/>\n\t<meta property=\"og:image:type\" content=\"image\/jpeg\" \/>\n<meta name=\"twitter:card\" content=\"summary_large_image\" \/>\n<meta name=\"twitter:title\" content=\"Inflatable SUP board WILDSUP ROYAL PANDA 11.3\" \/>\n<meta name=\"twitter:description\" content=\"Inflatable SUP board WILDSUP ROYAL PANDA 11.3 - \u00a0Comfort is the word you should be looking for when talking about this SUP. Indeed, we designed this board for those who seeks a bit more refinement in their lives and maybe feels that they have some blue royal blood inside them.\" \/>\n<meta name=\"twitter:image\" content=\"https:\/\/www.waterskis.lv\/wp-content\/uploads\/2018\/12\/Panda5.jpg\" \/>\n<meta name=\"twitter:label1\" content=\"Est. reading time\" \/>\n\t<meta name=\"twitter:data1\" content=\"2 minutes\" \/>\n<script type=\"application\/ld+json\" class=\"yoast-schema-graph\">{\"@context\":\"https:\\\/\\\/schema.org\",\"@graph\":[{\"@type\":\"WebPage\",\"@id\":\"https:\\\/\\\/www.waterskis.lv\\\/en\\\/product\\\/sup-board-wildsup-royal-panda-11-3\\\/\",\"url\":\"https:\\\/\\\/www.waterskis.lv\\\/en\\\/product\\\/sup-board-wildsup-royal-panda-11-3\\\/\",\"name\":\"SUP board WILDSUP ROYAL PANDA 11.3 - WATERSKIS.LV\",\"isPartOf\":{\"@id\":\"https:\\\/\\\/www.waterskis.lv\\\/en\\\/#website\"},\"primaryImageOfPage\":{\"@id\":\"https:\\\/\\\/www.waterskis.lv\\\/en\\\/product\\\/sup-board-wildsup-royal-panda-11-3\\\/#primaryimage\"},\"image\":{\"@id\":\"https:\\\/\\\/www.waterskis.lv\\\/en\\\/product\\\/sup-board-wildsup-royal-panda-11-3\\\/#primaryimage\"},\"thumbnailUrl\":\"https:\\\/\\\/www.waterskis.lv\\\/wp-content\\\/uploads\\\/2018\\\/12\\\/Panda5.jpg\",\"datePublished\":\"2018-12-22T05:43:32+00:00\",\"dateModified\":\"2026-02-01T13:48:25+00:00\",\"description\":\"SUP board WILDSUP ROYAL PANDA 11.3. Comfort is the word you should be looking for when talking about this Stand Up Paddle board. SUP shop\",\"breadcrumb\":{\"@id\":\"https:\\\/\\\/www.waterskis.lv\\\/en\\\/product\\\/sup-board-wildsup-royal-panda-11-3\\\/#breadcrumb\"},\"inLanguage\":\"en-US\",\"potentialAction\":[{\"@type\":\"ReadAction\",\"target\":[\"https:\\\/\\\/www.waterskis.lv\\\/en\\\/product\\\/sup-board-wildsup-royal-panda-11-3\\\/\"]}]},{\"@type\":\"ImageObject\",\"inLanguage\":\"en-US\",\"@id\":\"https:\\\/\\\/www.waterskis.lv\\\/en\\\/product\\\/sup-board-wildsup-royal-panda-11-3\\\/#primaryimage\",\"url\":\"https:\\\/\\\/www.waterskis.lv\\\/wp-content\\\/uploads\\\/2018\\\/12\\\/Panda5.jpg\",\"contentUrl\":\"https:\\\/\\\/www.waterskis.lv\\\/wp-content\\\/uploads\\\/2018\\\/12\\\/Panda5.jpg\",\"width\":600,\"height\":500,\"caption\":\"Wild SUP board ROYAL PANDA 11\u20195\u201d\"},{\"@type\":\"BreadcrumbList\",\"@id\":\"https:\\\/\\\/www.waterskis.lv\\\/en\\\/product\\\/sup-board-wildsup-royal-panda-11-3\\\/#breadcrumb\",\"itemListElement\":[{\"@type\":\"ListItem\",\"position\":1,\"name\":\"Home\",\"item\":\"https:\\\/\\\/www.waterskis.lv\\\/en\\\/\"},{\"@type\":\"ListItem\",\"position\":2,\"name\":\"Shop\",\"item\":\"https:\\\/\\\/waterskis.lv\\\/en\\\/shop\\\/\"},{\"@type\":\"ListItem\",\"position\":3,\"name\":\"SUP board WILDSUP ROYAL PANDA 11.3\"}]},{\"@type\":\"WebSite\",\"@id\":\"https:\\\/\\\/www.waterskis.lv\\\/en\\\/#website\",\"url\":\"https:\\\/\\\/www.waterskis.lv\\\/en\\\/\",\"name\":\"WATERSKIS.LV\",\"description\":\"SUP d\u0113\u013ci, kajaki, kanoe, airu laivas, \u016bdenssl\u0113po\u0161ana, veikbords, SUP d\u0113\u013cu noma, kajaku nomaakt\u012bv\u0101s atp\u016btas centrs, laivu noma, sup noma, kajaku noma\",\"publisher\":{\"@id\":\"https:\\\/\\\/www.waterskis.lv\\\/en\\\/#organization\"},\"potentialAction\":[{\"@type\":\"SearchAction\",\"target\":{\"@type\":\"EntryPoint\",\"urlTemplate\":\"https:\\\/\\\/www.waterskis.lv\\\/en\\\/?s={search_term_string}\"},\"query-input\":{\"@type\":\"PropertyValueSpecification\",\"valueRequired\":true,\"valueName\":\"search_term_string\"}}],\"inLanguage\":\"en-US\"},{\"@type\":\"Organization\",\"@id\":\"https:\\\/\\\/www.waterskis.lv\\\/en\\\/#organization\",\"name\":\"WATERSKIS.LV\",\"url\":\"https:\\\/\\\/www.waterskis.lv\\\/en\\\/\",\"logo\":{\"@type\":\"ImageObject\",\"inLanguage\":\"en-US\",\"@id\":\"https:\\\/\\\/www.waterskis.lv\\\/en\\\/#\\\/schema\\\/logo\\\/image\\\/\",\"url\":\"https:\\\/\\\/www.waterskis.lv\\\/wp-content\\\/uploads\\\/2025\\\/01\\\/JUVP-logo.png\",\"contentUrl\":\"https:\\\/\\\/www.waterskis.lv\\\/wp-content\\\/uploads\\\/2025\\\/01\\\/JUVP-logo.png\",\"width\":421,\"height\":202,\"caption\":\"WATERSKIS.LV\"},\"image\":{\"@id\":\"https:\\\/\\\/www.waterskis.lv\\\/en\\\/#\\\/schema\\\/logo\\\/image\\\/\"},\"sameAs\":[\"https:\\\/\\\/www.facebook.com\\\/jurmalawaterskiwakeboardpark\\\/\"]}]}<\/script>\n<!-- \/ Yoast SEO plugin. -->","yoast_head_json":{"title":"SUP board WILDSUP ROYAL PANDA 11.3 - WATERSKIS.LV","description":"SUP board WILDSUP ROYAL PANDA 11.3. Comfort is the word you should be looking for when talking about this Stand Up Paddle board. SUP shop","robots":{"index":"index","follow":"follow","max-snippet":"max-snippet:-1","max-image-preview":"max-image-preview:large","max-video-preview":"max-video-preview:-1"},"canonical":"https:\/\/www.waterskis.lv\/en\/product\/sup-board-wildsup-royal-panda-11-3\/","og_locale":"en_US","og_type":"article","og_title":"Inflatable SUP board WILDSUP ROYAL PANDA 11.3","og_description":"Inflatable SUP board WILDSUP ROYAL PANDA 11.3 - \u00a0Comfort is the word you should be looking for when talking about this SUP. Indeed, we designed this board for those who seeks a bit more refinement in their lives and maybe feels that they have some blue royal blood inside them.","og_url":"https:\/\/www.waterskis.lv\/en\/product\/sup-board-wildsup-royal-panda-11-3\/","og_site_name":"WATERSKIS.LV","article_publisher":"https:\/\/www.facebook.com\/jurmalawaterskiwakeboardpark\/","article_modified_time":"2026-02-01T13:48:25+00:00","og_image":[{"width":600,"height":500,"url":"https:\/\/www.waterskis.lv\/wp-content\/uploads\/2018\/12\/Panda5.jpg","type":"image\/jpeg"}],"twitter_card":"summary_large_image","twitter_title":"Inflatable SUP board WILDSUP ROYAL PANDA 11.3","twitter_description":"Inflatable SUP board WILDSUP ROYAL PANDA 11.3 - \u00a0Comfort is the word you should be looking for when talking about this SUP. Indeed, we designed this board for those who seeks a bit more refinement in their lives and maybe feels that they have some blue royal blood inside them.","twitter_image":"https:\/\/www.waterskis.lv\/wp-content\/uploads\/2018\/12\/Panda5.jpg","twitter_misc":{"Est. reading time":"2 minutes"},"schema":{"@context":"https:\/\/schema.org","@graph":[{"@type":"WebPage","@id":"https:\/\/www.waterskis.lv\/en\/product\/sup-board-wildsup-royal-panda-11-3\/","url":"https:\/\/www.waterskis.lv\/en\/product\/sup-board-wildsup-royal-panda-11-3\/","name":"SUP board WILDSUP ROYAL PANDA 11.3 - WATERSKIS.LV","isPartOf":{"@id":"https:\/\/www.waterskis.lv\/en\/#website"},"primaryImageOfPage":{"@id":"https:\/\/www.waterskis.lv\/en\/product\/sup-board-wildsup-royal-panda-11-3\/#primaryimage"},"image":{"@id":"https:\/\/www.waterskis.lv\/en\/product\/sup-board-wildsup-royal-panda-11-3\/#primaryimage"},"thumbnailUrl":"https:\/\/www.waterskis.lv\/wp-content\/uploads\/2018\/12\/Panda5.jpg","datePublished":"2018-12-22T05:43:32+00:00","dateModified":"2026-02-01T13:48:25+00:00","description":"SUP board WILDSUP ROYAL PANDA 11.3. Comfort is the word you should be looking for when talking about this Stand Up Paddle board. SUP shop","breadcrumb":{"@id":"https:\/\/www.waterskis.lv\/en\/product\/sup-board-wildsup-royal-panda-11-3\/#breadcrumb"},"inLanguage":"en-US","potentialAction":[{"@type":"ReadAction","target":["https:\/\/www.waterskis.lv\/en\/product\/sup-board-wildsup-royal-panda-11-3\/"]}]},{"@type":"ImageObject","inLanguage":"en-US","@id":"https:\/\/www.waterskis.lv\/en\/product\/sup-board-wildsup-royal-panda-11-3\/#primaryimage","url":"https:\/\/www.waterskis.lv\/wp-content\/uploads\/2018\/12\/Panda5.jpg","contentUrl":"https:\/\/www.waterskis.lv\/wp-content\/uploads\/2018\/12\/Panda5.jpg","width":600,"height":500,"caption":"Wild SUP board ROYAL PANDA 11\u20195\u201d"},{"@type":"BreadcrumbList","@id":"https:\/\/www.waterskis.lv\/en\/product\/sup-board-wildsup-royal-panda-11-3\/#breadcrumb","itemListElement":[{"@type":"ListItem","position":1,"name":"Home","item":"https:\/\/www.waterskis.lv\/en\/"},{"@type":"ListItem","position":2,"name":"Shop","item":"https:\/\/waterskis.lv\/en\/shop\/"},{"@type":"ListItem","position":3,"name":"SUP board WILDSUP ROYAL PANDA 11.3"}]},{"@type":"WebSite","@id":"https:\/\/www.waterskis.lv\/en\/#website","url":"https:\/\/www.waterskis.lv\/en\/","name":"WATERSKIS.LV","description":"SUP d\u0113\u013ci, kajaki, kanoe, airu laivas, \u016bdenssl\u0113po\u0161ana, veikbords, SUP d\u0113\u013cu noma, kajaku nomaakt\u012bv\u0101s atp\u016btas centrs, laivu noma, sup noma, kajaku noma","publisher":{"@id":"https:\/\/www.waterskis.lv\/en\/#organization"},"potentialAction":[{"@type":"SearchAction","target":{"@type":"EntryPoint","urlTemplate":"https:\/\/www.waterskis.lv\/en\/?s={search_term_string}"},"query-input":{"@type":"PropertyValueSpecification","valueRequired":true,"valueName":"search_term_string"}}],"inLanguage":"en-US"},{"@type":"Organization","@id":"https:\/\/www.waterskis.lv\/en\/#organization","name":"WATERSKIS.LV","url":"https:\/\/www.waterskis.lv\/en\/","logo":{"@type":"ImageObject","inLanguage":"en-US","@id":"https:\/\/www.waterskis.lv\/en\/#\/schema\/logo\/image\/","url":"https:\/\/www.waterskis.lv\/wp-content\/uploads\/2025\/01\/JUVP-logo.png","contentUrl":"https:\/\/www.waterskis.lv\/wp-content\/uploads\/2025\/01\/JUVP-logo.png","width":421,"height":202,"caption":"WATERSKIS.LV"},"image":{"@id":"https:\/\/www.waterskis.lv\/en\/#\/schema\/logo\/image\/"},"sameAs":["https:\/\/www.facebook.com\/jurmalawaterskiwakeboardpark\/"]}]}},"_links":{"self":[{"href":"https:\/\/www.waterskis.lv\/en\/wp-json\/wp\/v2\/product\/15752","targetHints":{"allow":["GET"]}}],"collection":[{"href":"https:\/\/www.waterskis.lv\/en\/wp-json\/wp\/v2\/product"}],"about":[{"href":"https:\/\/www.waterskis.lv\/en\/wp-json\/wp\/v2\/types\/product"}],"replies":[{"embeddable":true,"href":"https:\/\/www.waterskis.lv\/en\/wp-json\/wp\/v2\/comments?post=15752"}],"wp:featuredmedia":[{"embeddable":true,"href":"https:\/\/www.waterskis.lv\/en\/wp-json\/wp\/v2\/media\/6892"}],"wp:attachment":[{"href":"https:\/\/www.waterskis.lv\/en\/wp-json\/wp\/v2\/media?parent=15752"}],"wp:term":[{"taxonomy":"product_brand","embeddable":true,"href":"https:\/\/www.waterskis.lv\/en\/wp-json\/wp\/v2\/product_brand?post=15752"},{"taxonomy":"product_cat","embeddable":true,"href":"https:\/\/www.waterskis.lv\/en\/wp-json\/wp\/v2\/product_cat?post=15752"},{"taxonomy":"product_tag","embeddable":true,"href":"https:\/\/www.waterskis.lv\/en\/wp-json\/wp\/v2\/product_tag?post=15752"}],"curies":[{"name":"wp","href":"https:\/\/api.w.org\/{rel}","templated":true}]}}