{"id":15754,"date":"2018-12-22T08:48:00","date_gmt":"2018-12-22T05:48:00","guid":{"rendered":"https:\/\/www.waterskis.lv\/product\/piepusams-sup-delis-howling-wolf-126\/"},"modified":"2026-02-01T15:46:41","modified_gmt":"2026-02-01T13:46:41","slug":"sup-board-wildsup-howling-wolf-12-3","status":"publish","type":"product","link":"https:\/\/www.waterskis.lv\/en\/product\/sup-board-wildsup-howling-wolf-12-3\/","title":{"rendered":"SUP board WILDSUP HOWLING WOLF 12.3"},"content":{"rendered":"<h1>SUP board WILDSUP HOWLING WOLF 12.3<\/h1>\n<p>SUP board WILDSUP HOWLING WOLF 12.3<\/p>\n<p>The premium quality SUP board with pressure up to 27 psi for fast and sporty paddling<\/p>\n<p>GET READY TO GET WILD. WILDSUP SINCE 2012<\/p>\n<div class=\"block_content1 rte active\">\n<p>Inflatable SUP board WILDSUP HOWLING WOLF 12.3 is designed for those who like speed and tracking. This is the best choice if you like open water routes, or you are a fan of big inside waters.<\/p>\n<p>Because of its narrow width and length it will slide on the water just perfect and will have minimal resistance. Super high quality DDS makes it as stiff as possible which ensures your journey is even more pleasant. On this board you will find two carrying handles, one in the middle and one in the back, also there are strings under which you will be able to put your stuff.<\/p>\n<p>There\u2019s also stainless steel D ring and of course non slippery EVA pad on the top of the board. This is great choice for those who are looking for fast and stable stand up paddle board.<\/p>\n<\/div>\n<p id=\"table-data\" class=\"page-product-heading\">DATA SHEET<\/p>\n<table class=\"block_content2 table-data-sheet\">\n<tbody>\n<tr class=\"odd\">\n<td>Type<\/td>\n<td>Leisure Stand Up Paddle board<\/td>\n<\/tr>\n<tr class=\"even\">\n<td>Length<\/td>\n<td>376 cm<\/td>\n<\/tr>\n<tr class=\"odd\">\n<td>Width<\/td>\n<td>70 cm<\/td>\n<\/tr>\n<tr class=\"even\">\n<td>Height<\/td>\n<td>12 cm<\/td>\n<\/tr>\n<tr class=\"odd\">\n<td>Weight<\/td>\n<td>12 kg<\/td>\n<\/tr>\n<tr class=\"even\">\n<td>Material<\/td>\n<td>Dropstich PVC Fusion Plus<\/td>\n<\/tr>\n<tr class=\"odd\">\n<td>Number of persons<\/td>\n<td>1<\/td>\n<\/tr>\n<tr class=\"even\">\n<td>Color<\/td>\n<td>Black\/Red\/White<\/td>\n<\/tr>\n<tr class=\"odd\">\n<td>Capacity<\/td>\n<td>105 kg<\/td>\n<\/tr>\n<tr class=\"even\">\n<td>Max pressure<\/td>\n<td>27 psi (1,86 bar)<\/td>\n<\/tr>\n<tr class=\"odd\">\n<td>Purpose of usage<\/td>\n<td>Universal usage<\/td>\n<\/tr>\n<\/tbody>\n<\/table>\n<p>&nbsp;<\/p>\n","protected":false},"excerpt":{"rendered":"<p>https:\/\/www.youtube.com\/watch?v=3COAnUC56xI<\/p>\n<p>https:\/\/www.youtube.com\/watch?v=IN3XtpscXgo&amp;t=53s [&#8230;]<\/p>\n<p><a class=\"btn btn-secondary understrap-read-more-link\" href=\"https:\/\/www.waterskis.lv\/en\/product\/sup-board-wildsup-howling-wolf-12-3\/\">Read More&#8230;<\/a><\/p>\n","protected":false},"featured_media":6899,"comment_status":"closed","ping_status":"closed","template":"","meta":{"_acf_changed":false,"inline_featured_image":false},"product_brand":[2452],"product_cat":[700,361,502,501],"product_tag":[3172,1334,3173,3174,1335,3131,1316,3175,3140,3176,3188,3141],"class_list":{"0":"post-15754","1":"product","2":"type-product","3":"status-publish","4":"has-post-thumbnail","6":"product_brand-wildsup","7":"product_cat-inflatable-sup-boards","8":"product_cat-sale","9":"product_cat-stand-up-paddle-boards","10":"product_cat-wildsup-isup-boards","11":"product_tag-aufblasbares-sup","12":"product_tag-paddle-boards","13":"product_tag-stand-up-paddleboard","14":"product_tag-stand-up-paddling","15":"product_tag-sup","16":"product_tag-sup-boards","17":"product_tag-sup-delis","18":"product_tag-sup-surfer","19":"product_tag-sup-","20":"product_tag-supkayak","21":"product_tag-wildsup","22":"product_tag-3141","24":"first","25":"instock","26":"sale","27":"shipping-taxable","28":"purchasable","29":"product-type-simple"},"acf":[],"yoast_head":"<!-- This site is optimized with the Yoast SEO plugin v27.4 - https:\/\/yoast.com\/product\/yoast-seo-wordpress\/ -->\n<title>SUP board WILDSUP HOWLING WOLF 12.3 - WATERSKIS.LV<\/title>\n<meta name=\"description\" content=\"Inflatable SUP board WILDSUP HOWLING WOLF 12.3.Original designed Premium quality paddleboard with pressure up to 27 Psi narrow for more speed\" \/>\n<meta name=\"robots\" content=\"index, follow, max-snippet:-1, max-image-preview:large, max-video-preview:-1\" \/>\n<link rel=\"canonical\" href=\"https:\/\/www.waterskis.lv\/en\/product\/sup-board-wildsup-howling-wolf-12-3\/\" \/>\n<meta property=\"og:locale\" content=\"en_US\" \/>\n<meta property=\"og:type\" content=\"article\" \/>\n<meta property=\"og:title\" content=\"SUP board WILDSUP HOWLING WOLF 12.3\" \/>\n<meta property=\"og:description\" content=\"Inflatable SUP board WILDSUP HOWLING WOLF 12.3The premium quality SUP board with pressure up to 27 psi for fast and sporty paddlingWild SUP - manufacturer since 2012!Inflatable SUP board WILDSUP HOWLING WOLF 12.3 is designed for those who like speed and tracking. This is the best choice if you like open water routes, or you are a fan of big inside waters.Because of its narrow width and length it will slide on the water just perfect and will have minimal resistance. Super high quality DDS makes it as stiff as possible which ensures your journey is even more pleasant. On this board you will find two carrying handles, one in the middle and one in the back, also there are strings under which you will be able to put your stuff.There\u2019s also stainless steel D ring and of course non slippery EVA pad on the top of the board. This is great choice for those who are looking for fast and stable stand up paddle board.\" \/>\n<meta property=\"og:url\" content=\"https:\/\/www.waterskis.lv\/en\/product\/sup-board-wildsup-howling-wolf-12-3\/\" \/>\n<meta property=\"og:site_name\" content=\"WATERSKIS.LV\" \/>\n<meta property=\"article:publisher\" content=\"https:\/\/www.facebook.com\/jurmalawaterskiwakeboardpark\/\" \/>\n<meta property=\"article:modified_time\" content=\"2026-02-01T13:46:41+00:00\" \/>\n<meta property=\"og:image\" content=\"https:\/\/www.waterskis.lv\/wp-content\/uploads\/2018\/12\/Wolf.jpg\" \/>\n\t<meta property=\"og:image:width\" content=\"583\" \/>\n\t<meta property=\"og:image:height\" content=\"960\" \/>\n\t<meta property=\"og:image:type\" content=\"image\/jpeg\" \/>\n<meta name=\"twitter:card\" content=\"summary_large_image\" \/>\n<meta name=\"twitter:title\" content=\"SUP board WILDSUP HOWLING WOLF 12.3\" \/>\n<meta name=\"twitter:description\" content=\"Inflatable SUP board WILDSUP HOWLING WOLF 12.3The premium quality SUP board with pressure up to 27 psi for fast and sporty paddlingWild SUP - manufacturer since 2012!Inflatable SUP board WILDSUP HOWLING WOLF 12.3 is designed for those who like speed and tracking. This is the best choice if you like open water routes, or you are a fan of big inside waters.Because of its narrow width and length it will slide on the water just perfect and will have minimal resistance. Super high quality DDS makes it as stiff as possible which ensures your journey is even more pleasant. On this board you will find two carrying handles, one in the middle and one in the back, also there are strings under which you will be able to put your stuff.There\u2019s also stainless steel D ring and of course non slippery EVA pad on the top of the board. This is great choice for those who are looking for fast and stable stand up paddle board.\" \/>\n<meta name=\"twitter:image\" content=\"https:\/\/www.waterskis.lv\/wp-content\/uploads\/2018\/12\/Wolf.jpg\" \/>\n<meta name=\"twitter:label1\" content=\"Est. reading time\" \/>\n\t<meta name=\"twitter:data1\" content=\"2 minutes\" \/>\n<script type=\"application\/ld+json\" class=\"yoast-schema-graph\">{\"@context\":\"https:\\\/\\\/schema.org\",\"@graph\":[{\"@type\":\"WebPage\",\"@id\":\"https:\\\/\\\/www.waterskis.lv\\\/en\\\/product\\\/sup-board-wildsup-howling-wolf-12-3\\\/\",\"url\":\"https:\\\/\\\/www.waterskis.lv\\\/en\\\/product\\\/sup-board-wildsup-howling-wolf-12-3\\\/\",\"name\":\"SUP board WILDSUP HOWLING WOLF 12.3 - WATERSKIS.LV\",\"isPartOf\":{\"@id\":\"https:\\\/\\\/www.waterskis.lv\\\/en\\\/#website\"},\"primaryImageOfPage\":{\"@id\":\"https:\\\/\\\/www.waterskis.lv\\\/en\\\/product\\\/sup-board-wildsup-howling-wolf-12-3\\\/#primaryimage\"},\"image\":{\"@id\":\"https:\\\/\\\/www.waterskis.lv\\\/en\\\/product\\\/sup-board-wildsup-howling-wolf-12-3\\\/#primaryimage\"},\"thumbnailUrl\":\"https:\\\/\\\/www.waterskis.lv\\\/wp-content\\\/uploads\\\/2018\\\/12\\\/Wolf.php_.png\",\"datePublished\":\"2018-12-22T05:48:00+00:00\",\"dateModified\":\"2026-02-01T13:46:41+00:00\",\"description\":\"Inflatable SUP board WILDSUP HOWLING WOLF 12.3.Original designed Premium quality paddleboard with pressure up to 27 Psi narrow for more speed\",\"breadcrumb\":{\"@id\":\"https:\\\/\\\/www.waterskis.lv\\\/en\\\/product\\\/sup-board-wildsup-howling-wolf-12-3\\\/#breadcrumb\"},\"inLanguage\":\"en-US\",\"potentialAction\":[{\"@type\":\"ReadAction\",\"target\":[\"https:\\\/\\\/www.waterskis.lv\\\/en\\\/product\\\/sup-board-wildsup-howling-wolf-12-3\\\/\"]}]},{\"@type\":\"ImageObject\",\"inLanguage\":\"en-US\",\"@id\":\"https:\\\/\\\/www.waterskis.lv\\\/en\\\/product\\\/sup-board-wildsup-howling-wolf-12-3\\\/#primaryimage\",\"url\":\"https:\\\/\\\/www.waterskis.lv\\\/wp-content\\\/uploads\\\/2018\\\/12\\\/Wolf.php_.png\",\"contentUrl\":\"https:\\\/\\\/www.waterskis.lv\\\/wp-content\\\/uploads\\\/2018\\\/12\\\/Wolf.php_.png\",\"width\":600,\"height\":600,\"caption\":\"Wild SUP board HOWLING WOLF 12\u20196\u201d\"},{\"@type\":\"BreadcrumbList\",\"@id\":\"https:\\\/\\\/www.waterskis.lv\\\/en\\\/product\\\/sup-board-wildsup-howling-wolf-12-3\\\/#breadcrumb\",\"itemListElement\":[{\"@type\":\"ListItem\",\"position\":1,\"name\":\"Home\",\"item\":\"https:\\\/\\\/www.waterskis.lv\\\/en\\\/\"},{\"@type\":\"ListItem\",\"position\":2,\"name\":\"Shop\",\"item\":\"https:\\\/\\\/waterskis.lv\\\/en\\\/shop\\\/\"},{\"@type\":\"ListItem\",\"position\":3,\"name\":\"SUP board WILDSUP HOWLING WOLF 12.3\"}]},{\"@type\":\"WebSite\",\"@id\":\"https:\\\/\\\/www.waterskis.lv\\\/en\\\/#website\",\"url\":\"https:\\\/\\\/www.waterskis.lv\\\/en\\\/\",\"name\":\"WATERSKIS.LV\",\"description\":\"SUP d\u0113\u013ci, kajaki, kanoe, airu laivas, \u016bdenssl\u0113po\u0161ana, veikbords, SUP d\u0113\u013cu noma, kajaku nomaakt\u012bv\u0101s atp\u016btas centrs, laivu noma, sup noma, kajaku noma\",\"publisher\":{\"@id\":\"https:\\\/\\\/www.waterskis.lv\\\/en\\\/#organization\"},\"potentialAction\":[{\"@type\":\"SearchAction\",\"target\":{\"@type\":\"EntryPoint\",\"urlTemplate\":\"https:\\\/\\\/www.waterskis.lv\\\/en\\\/?s={search_term_string}\"},\"query-input\":{\"@type\":\"PropertyValueSpecification\",\"valueRequired\":true,\"valueName\":\"search_term_string\"}}],\"inLanguage\":\"en-US\"},{\"@type\":\"Organization\",\"@id\":\"https:\\\/\\\/www.waterskis.lv\\\/en\\\/#organization\",\"name\":\"WATERSKIS.LV\",\"url\":\"https:\\\/\\\/www.waterskis.lv\\\/en\\\/\",\"logo\":{\"@type\":\"ImageObject\",\"inLanguage\":\"en-US\",\"@id\":\"https:\\\/\\\/www.waterskis.lv\\\/en\\\/#\\\/schema\\\/logo\\\/image\\\/\",\"url\":\"https:\\\/\\\/www.waterskis.lv\\\/wp-content\\\/uploads\\\/2025\\\/01\\\/JUVP-logo.png\",\"contentUrl\":\"https:\\\/\\\/www.waterskis.lv\\\/wp-content\\\/uploads\\\/2025\\\/01\\\/JUVP-logo.png\",\"width\":421,\"height\":202,\"caption\":\"WATERSKIS.LV\"},\"image\":{\"@id\":\"https:\\\/\\\/www.waterskis.lv\\\/en\\\/#\\\/schema\\\/logo\\\/image\\\/\"},\"sameAs\":[\"https:\\\/\\\/www.facebook.com\\\/jurmalawaterskiwakeboardpark\\\/\"]}]}<\/script>\n<!-- \/ Yoast SEO plugin. -->","yoast_head_json":{"title":"SUP board WILDSUP HOWLING WOLF 12.3 - WATERSKIS.LV","description":"Inflatable SUP board WILDSUP HOWLING WOLF 12.3.Original designed Premium quality paddleboard with pressure up to 27 Psi narrow for more speed","robots":{"index":"index","follow":"follow","max-snippet":"max-snippet:-1","max-image-preview":"max-image-preview:large","max-video-preview":"max-video-preview:-1"},"canonical":"https:\/\/www.waterskis.lv\/en\/product\/sup-board-wildsup-howling-wolf-12-3\/","og_locale":"en_US","og_type":"article","og_title":"SUP board WILDSUP HOWLING WOLF 12.3","og_description":"Inflatable SUP board WILDSUP HOWLING WOLF 12.3The premium quality SUP board with pressure up to 27 psi for fast and sporty paddlingWild SUP - manufacturer since 2012!Inflatable SUP board WILDSUP HOWLING WOLF 12.3 is designed for those who like speed and tracking. This is the best choice if you like open water routes, or you are a fan of big inside waters.Because of its narrow width and length it will slide on the water just perfect and will have minimal resistance. Super high quality DDS makes it as stiff as possible which ensures your journey is even more pleasant. On this board you will find two carrying handles, one in the middle and one in the back, also there are strings under which you will be able to put your stuff.There\u2019s also stainless steel D ring and of course non slippery EVA pad on the top of the board. This is great choice for those who are looking for fast and stable stand up paddle board.","og_url":"https:\/\/www.waterskis.lv\/en\/product\/sup-board-wildsup-howling-wolf-12-3\/","og_site_name":"WATERSKIS.LV","article_publisher":"https:\/\/www.facebook.com\/jurmalawaterskiwakeboardpark\/","article_modified_time":"2026-02-01T13:46:41+00:00","og_image":[{"width":583,"height":960,"url":"https:\/\/www.waterskis.lv\/wp-content\/uploads\/2018\/12\/Wolf.jpg","type":"image\/jpeg"}],"twitter_card":"summary_large_image","twitter_title":"SUP board WILDSUP HOWLING WOLF 12.3","twitter_description":"Inflatable SUP board WILDSUP HOWLING WOLF 12.3The premium quality SUP board with pressure up to 27 psi for fast and sporty paddlingWild SUP - manufacturer since 2012!Inflatable SUP board WILDSUP HOWLING WOLF 12.3 is designed for those who like speed and tracking. This is the best choice if you like open water routes, or you are a fan of big inside waters.Because of its narrow width and length it will slide on the water just perfect and will have minimal resistance. Super high quality DDS makes it as stiff as possible which ensures your journey is even more pleasant. On this board you will find two carrying handles, one in the middle and one in the back, also there are strings under which you will be able to put your stuff.There\u2019s also stainless steel D ring and of course non slippery EVA pad on the top of the board. This is great choice for those who are looking for fast and stable stand up paddle board.","twitter_image":"https:\/\/www.waterskis.lv\/wp-content\/uploads\/2018\/12\/Wolf.jpg","twitter_misc":{"Est. reading time":"2 minutes"},"schema":{"@context":"https:\/\/schema.org","@graph":[{"@type":"WebPage","@id":"https:\/\/www.waterskis.lv\/en\/product\/sup-board-wildsup-howling-wolf-12-3\/","url":"https:\/\/www.waterskis.lv\/en\/product\/sup-board-wildsup-howling-wolf-12-3\/","name":"SUP board WILDSUP HOWLING WOLF 12.3 - WATERSKIS.LV","isPartOf":{"@id":"https:\/\/www.waterskis.lv\/en\/#website"},"primaryImageOfPage":{"@id":"https:\/\/www.waterskis.lv\/en\/product\/sup-board-wildsup-howling-wolf-12-3\/#primaryimage"},"image":{"@id":"https:\/\/www.waterskis.lv\/en\/product\/sup-board-wildsup-howling-wolf-12-3\/#primaryimage"},"thumbnailUrl":"https:\/\/www.waterskis.lv\/wp-content\/uploads\/2018\/12\/Wolf.php_.png","datePublished":"2018-12-22T05:48:00+00:00","dateModified":"2026-02-01T13:46:41+00:00","description":"Inflatable SUP board WILDSUP HOWLING WOLF 12.3.Original designed Premium quality paddleboard with pressure up to 27 Psi narrow for more speed","breadcrumb":{"@id":"https:\/\/www.waterskis.lv\/en\/product\/sup-board-wildsup-howling-wolf-12-3\/#breadcrumb"},"inLanguage":"en-US","potentialAction":[{"@type":"ReadAction","target":["https:\/\/www.waterskis.lv\/en\/product\/sup-board-wildsup-howling-wolf-12-3\/"]}]},{"@type":"ImageObject","inLanguage":"en-US","@id":"https:\/\/www.waterskis.lv\/en\/product\/sup-board-wildsup-howling-wolf-12-3\/#primaryimage","url":"https:\/\/www.waterskis.lv\/wp-content\/uploads\/2018\/12\/Wolf.php_.png","contentUrl":"https:\/\/www.waterskis.lv\/wp-content\/uploads\/2018\/12\/Wolf.php_.png","width":600,"height":600,"caption":"Wild SUP board HOWLING WOLF 12\u20196\u201d"},{"@type":"BreadcrumbList","@id":"https:\/\/www.waterskis.lv\/en\/product\/sup-board-wildsup-howling-wolf-12-3\/#breadcrumb","itemListElement":[{"@type":"ListItem","position":1,"name":"Home","item":"https:\/\/www.waterskis.lv\/en\/"},{"@type":"ListItem","position":2,"name":"Shop","item":"https:\/\/waterskis.lv\/en\/shop\/"},{"@type":"ListItem","position":3,"name":"SUP board WILDSUP HOWLING WOLF 12.3"}]},{"@type":"WebSite","@id":"https:\/\/www.waterskis.lv\/en\/#website","url":"https:\/\/www.waterskis.lv\/en\/","name":"WATERSKIS.LV","description":"SUP d\u0113\u013ci, kajaki, kanoe, airu laivas, \u016bdenssl\u0113po\u0161ana, veikbords, SUP d\u0113\u013cu noma, kajaku nomaakt\u012bv\u0101s atp\u016btas centrs, laivu noma, sup noma, kajaku noma","publisher":{"@id":"https:\/\/www.waterskis.lv\/en\/#organization"},"potentialAction":[{"@type":"SearchAction","target":{"@type":"EntryPoint","urlTemplate":"https:\/\/www.waterskis.lv\/en\/?s={search_term_string}"},"query-input":{"@type":"PropertyValueSpecification","valueRequired":true,"valueName":"search_term_string"}}],"inLanguage":"en-US"},{"@type":"Organization","@id":"https:\/\/www.waterskis.lv\/en\/#organization","name":"WATERSKIS.LV","url":"https:\/\/www.waterskis.lv\/en\/","logo":{"@type":"ImageObject","inLanguage":"en-US","@id":"https:\/\/www.waterskis.lv\/en\/#\/schema\/logo\/image\/","url":"https:\/\/www.waterskis.lv\/wp-content\/uploads\/2025\/01\/JUVP-logo.png","contentUrl":"https:\/\/www.waterskis.lv\/wp-content\/uploads\/2025\/01\/JUVP-logo.png","width":421,"height":202,"caption":"WATERSKIS.LV"},"image":{"@id":"https:\/\/www.waterskis.lv\/en\/#\/schema\/logo\/image\/"},"sameAs":["https:\/\/www.facebook.com\/jurmalawaterskiwakeboardpark\/"]}]}},"_links":{"self":[{"href":"https:\/\/www.waterskis.lv\/en\/wp-json\/wp\/v2\/product\/15754","targetHints":{"allow":["GET"]}}],"collection":[{"href":"https:\/\/www.waterskis.lv\/en\/wp-json\/wp\/v2\/product"}],"about":[{"href":"https:\/\/www.waterskis.lv\/en\/wp-json\/wp\/v2\/types\/product"}],"replies":[{"embeddable":true,"href":"https:\/\/www.waterskis.lv\/en\/wp-json\/wp\/v2\/comments?post=15754"}],"wp:featuredmedia":[{"embeddable":true,"href":"https:\/\/www.waterskis.lv\/en\/wp-json\/wp\/v2\/media\/6899"}],"wp:attachment":[{"href":"https:\/\/www.waterskis.lv\/en\/wp-json\/wp\/v2\/media?parent=15754"}],"wp:term":[{"taxonomy":"product_brand","embeddable":true,"href":"https:\/\/www.waterskis.lv\/en\/wp-json\/wp\/v2\/product_brand?post=15754"},{"taxonomy":"product_cat","embeddable":true,"href":"https:\/\/www.waterskis.lv\/en\/wp-json\/wp\/v2\/product_cat?post=15754"},{"taxonomy":"product_tag","embeddable":true,"href":"https:\/\/www.waterskis.lv\/en\/wp-json\/wp\/v2\/product_tag?post=15754"}],"curies":[{"name":"wp","href":"https:\/\/api.w.org\/{rel}","templated":true}]}}