{"id":15764,"date":"2018-12-22T09:30:35","date_gmt":"2018-12-22T06:30:35","guid":{"rendered":"https:\/\/www.waterskis.lv\/product\/piepusams-sup-delis-kangaroo-tandem-129\/"},"modified":"2026-02-01T15:41:22","modified_gmt":"2026-02-01T13:41:22","slug":"sup-board-wildsup-kangaroo-tandem-12-9","status":"publish","type":"product","link":"https:\/\/www.waterskis.lv\/en\/product\/sup-board-wildsup-kangaroo-tandem-12-9\/","title":{"rendered":"SUP board WILDSUP KANGAROO TANDEM 12.9"},"content":{"rendered":"<h1>SUP board WILDSUP KANGAROO TANDEM 12.9<\/h1>\n<p>Inflatable SUP board WILDSUP KANGAROO TANDEM 12.9 &#8211; the premium quality SUP board with air pressure up to 27 psi for 2 riders<\/p>\n<p>GET READY TO GET WILD. WILDSUP SINCE 2012<\/p>\n<div class=\"block_content1 rte active\">\n<p>SUP board WILDSUP KANGAROO TANDEM 12.9 unique shape, its width and length and just overall superb build quality allows this board to be one of most stable SUP in the market.<\/p>\n<p>What does that mean to you? Well, for one, it means you can fit more company on a single board! Kangaroo Tandem easily and comfortably fits two people or one adult with two kids so you can be sure that your trip won\u2019t be lonely and will indeed be lovely.<\/p>\n<p>Board comes with non slippery surface, stainless steel D ring, three fins. The kit also includes Bravo pump, a bag, leash and a repair kit.<\/p>\n<\/div>\n<p id=\"table-data\" class=\"page-product-heading\">DATA SHEET<\/p>\n<table class=\"block_content2 table-data-sheet\">\n<tbody>\n<tr class=\"odd\">\n<td>Class<\/td>\n<td>PREMIUM class inflatable SUP board<\/td>\n<\/tr>\n<tr class=\"even\">\n<td>Type<\/td>\n<td>Leisure Stand Up Paddle board<\/td>\n<\/tr>\n<tr class=\"odd\">\n<td>Length<\/td>\n<td>394 cm<\/td>\n<\/tr>\n<tr class=\"even\">\n<td>Width<\/td>\n<td>90 cm<\/td>\n<\/tr>\n<tr class=\"odd\">\n<td>Height<\/td>\n<td>15 cm<\/td>\n<\/tr>\n<tr class=\"even\">\n<td>Weight<\/td>\n<td>17 kg<\/td>\n<\/tr>\n<tr class=\"odd\">\n<td>Material<\/td>\n<td>Double layer DROP STITCH PVC (1,5 mm)<\/td>\n<\/tr>\n<tr class=\"even\">\n<td>Number of persons<\/td>\n<td>1-2<\/td>\n<\/tr>\n<tr class=\"odd\">\n<td>Set<\/td>\n<td>Board, bag, pump, leash, repair kit, paddle<\/td>\n<\/tr>\n<tr class=\"even\">\n<td>Capacity<\/td>\n<td>250 kg<\/td>\n<\/tr>\n<tr class=\"odd\">\n<td>Max pressure<\/td>\n<td>27 psi (1,86 bar)<\/td>\n<\/tr>\n<tr class=\"even\">\n<td>Purpose of usage<\/td>\n<td>Universal usage<\/td>\n<\/tr>\n<\/tbody>\n<\/table>\n<p>&nbsp;<\/p>\n","protected":false},"excerpt":{"rendered":"<p>https:\/\/www.youtube.com\/watch?v=3COAnUC56xI [&#8230;]<\/p>\n<p><a class=\"btn btn-secondary understrap-read-more-link\" href=\"https:\/\/www.waterskis.lv\/en\/product\/sup-board-wildsup-kangaroo-tandem-12-9\/\">Read More&#8230;<\/a><\/p>\n","protected":false},"featured_media":6959,"comment_status":"closed","ping_status":"closed","template":"","meta":{"_acf_changed":false,"inline_featured_image":false},"product_brand":[2452],"product_cat":[700,361,502,501],"product_tag":[3172,1334,3173,3174,1335,3131,1316,3175,3140,3176,3188,3141],"class_list":{"0":"post-15764","1":"product","2":"type-product","3":"status-publish","4":"has-post-thumbnail","6":"product_brand-wildsup","7":"product_cat-inflatable-sup-boards","8":"product_cat-sale","9":"product_cat-stand-up-paddle-boards","10":"product_cat-wildsup-isup-boards","11":"product_tag-aufblasbares-sup","12":"product_tag-paddle-boards","13":"product_tag-stand-up-paddleboard","14":"product_tag-stand-up-paddling","15":"product_tag-sup","16":"product_tag-sup-boards","17":"product_tag-sup-delis","18":"product_tag-sup-surfer","19":"product_tag-sup-","20":"product_tag-supkayak","21":"product_tag-wildsup","22":"product_tag-3141","24":"first","25":"instock","26":"sale","27":"shipping-taxable","28":"purchasable","29":"product-type-simple"},"acf":[],"yoast_head":"<!-- This site is optimized with the Yoast SEO plugin v27.4 - https:\/\/yoast.com\/product\/yoast-seo-wordpress\/ -->\n<title>SUP board WILDSUP KANGAROO TANDEM 12.9 - WATERSKIS.LV<\/title>\n<meta name=\"description\" content=\"Inflatable SUP board WILDSUP KANGAROO TANDEM 12.9 easily and comfortably fits two people or one adult with two kids.Your trip won\u2019t be lonely\" \/>\n<meta name=\"robots\" content=\"index, follow, max-snippet:-1, max-image-preview:large, max-video-preview:-1\" \/>\n<link rel=\"canonical\" href=\"https:\/\/www.waterskis.lv\/en\/product\/sup-board-wildsup-kangaroo-tandem-12-9\/\" \/>\n<meta property=\"og:locale\" content=\"en_US\" \/>\n<meta property=\"og:type\" content=\"article\" \/>\n<meta property=\"og:title\" content=\"SUP board WILDSUP KANGAROO TANDEM 12.9\" \/>\n<meta property=\"og:description\" content=\"Inflatable SUP board WILDSUP KANGAROO TANDEM 12.9 - the premium quality SUP board with air pressure up to 27 psi for 2 ridersWild SUP - EU manufacturer since 2012!SUP board WILDSUP KANGAROO TANDEM 12.9 unique shape, its width and length and just overall superb build quality allows this board to be one of most stable SUP in the market.What does that mean to you? Well, for one, it means you can fit more company on a single board! Kangaroo Tandem easily and comfortably fits two people or one adult with two kids so you can be sure that your trip won\u2019t be lonely and will indeed be lovely.Board comes with non slippery surface, stainless steel D ring, three fins. The kit also includes Bravo pump, a bag, leash and a repair kit.\" \/>\n<meta property=\"og:url\" content=\"https:\/\/www.waterskis.lv\/en\/product\/sup-board-wildsup-kangaroo-tandem-12-9\/\" \/>\n<meta property=\"og:site_name\" content=\"WATERSKIS.LV\" \/>\n<meta property=\"article:publisher\" content=\"https:\/\/www.facebook.com\/jurmalawaterskiwakeboardpark\/\" \/>\n<meta property=\"article:modified_time\" content=\"2026-02-01T13:41:22+00:00\" \/>\n<meta property=\"og:image\" content=\"https:\/\/www.waterskis.lv\/wp-content\/uploads\/2018\/12\/Kangaroo5.jpg\" \/>\n\t<meta property=\"og:image:width\" content=\"600\" \/>\n\t<meta property=\"og:image:height\" content=\"500\" \/>\n\t<meta property=\"og:image:type\" content=\"image\/jpeg\" \/>\n<meta name=\"twitter:card\" content=\"summary_large_image\" \/>\n<meta name=\"twitter:title\" content=\"SUP board WILDSUP KANGAROO TANDEM 12.9\" \/>\n<meta name=\"twitter:description\" content=\"Inflatable SUP board WILDSUP KANGAROO TANDEM 12.9 - the premium quality SUP board with air pressure up to 27 psi for 2 ridersWild SUP - EU manufacturer since 2012!SUP board WILDSUP KANGAROO TANDEM 12.9 unique shape, its width and length and just overall superb build quality allows this board to be one of most stable SUP in the market.What does that mean to you? Well, for one, it means you can fit more company on a single board! Kangaroo Tandem easily and comfortably fits two people or one adult with two kids so you can be sure that your trip won\u2019t be lonely and will indeed be lovely.Board comes with non slippery surface, stainless steel D ring, three fins. The kit also includes Bravo pump, a bag, leash and a repair kit.\" \/>\n<meta name=\"twitter:image\" content=\"https:\/\/www.waterskis.lv\/wp-content\/uploads\/2018\/12\/Kangaroo5.jpg\" \/>\n<meta name=\"twitter:label1\" content=\"Est. reading time\" \/>\n\t<meta name=\"twitter:data1\" content=\"2 minutes\" \/>\n<script type=\"application\/ld+json\" class=\"yoast-schema-graph\">{\"@context\":\"https:\\\/\\\/schema.org\",\"@graph\":[{\"@type\":\"WebPage\",\"@id\":\"https:\\\/\\\/www.waterskis.lv\\\/en\\\/product\\\/sup-board-wildsup-kangaroo-tandem-12-9\\\/\",\"url\":\"https:\\\/\\\/www.waterskis.lv\\\/en\\\/product\\\/sup-board-wildsup-kangaroo-tandem-12-9\\\/\",\"name\":\"SUP board WILDSUP KANGAROO TANDEM 12.9 - WATERSKIS.LV\",\"isPartOf\":{\"@id\":\"https:\\\/\\\/www.waterskis.lv\\\/en\\\/#website\"},\"primaryImageOfPage\":{\"@id\":\"https:\\\/\\\/www.waterskis.lv\\\/en\\\/product\\\/sup-board-wildsup-kangaroo-tandem-12-9\\\/#primaryimage\"},\"image\":{\"@id\":\"https:\\\/\\\/www.waterskis.lv\\\/en\\\/product\\\/sup-board-wildsup-kangaroo-tandem-12-9\\\/#primaryimage\"},\"thumbnailUrl\":\"https:\\\/\\\/www.waterskis.lv\\\/wp-content\\\/uploads\\\/2018\\\/12\\\/Kangaroo5.jpg\",\"datePublished\":\"2018-12-22T06:30:35+00:00\",\"dateModified\":\"2026-02-01T13:41:22+00:00\",\"description\":\"Inflatable SUP board WILDSUP KANGAROO TANDEM 12.9 easily and comfortably fits two people or one adult with two kids.Your trip won\u2019t be lonely\",\"breadcrumb\":{\"@id\":\"https:\\\/\\\/www.waterskis.lv\\\/en\\\/product\\\/sup-board-wildsup-kangaroo-tandem-12-9\\\/#breadcrumb\"},\"inLanguage\":\"en-US\",\"potentialAction\":[{\"@type\":\"ReadAction\",\"target\":[\"https:\\\/\\\/www.waterskis.lv\\\/en\\\/product\\\/sup-board-wildsup-kangaroo-tandem-12-9\\\/\"]}]},{\"@type\":\"ImageObject\",\"inLanguage\":\"en-US\",\"@id\":\"https:\\\/\\\/www.waterskis.lv\\\/en\\\/product\\\/sup-board-wildsup-kangaroo-tandem-12-9\\\/#primaryimage\",\"url\":\"https:\\\/\\\/www.waterskis.lv\\\/wp-content\\\/uploads\\\/2018\\\/12\\\/Kangaroo5.jpg\",\"contentUrl\":\"https:\\\/\\\/www.waterskis.lv\\\/wp-content\\\/uploads\\\/2018\\\/12\\\/Kangaroo5.jpg\",\"width\":600,\"height\":500,\"caption\":\"Wild SUP board KANGAROO TANDEM 12\u20199\u201d\"},{\"@type\":\"BreadcrumbList\",\"@id\":\"https:\\\/\\\/www.waterskis.lv\\\/en\\\/product\\\/sup-board-wildsup-kangaroo-tandem-12-9\\\/#breadcrumb\",\"itemListElement\":[{\"@type\":\"ListItem\",\"position\":1,\"name\":\"Home\",\"item\":\"https:\\\/\\\/www.waterskis.lv\\\/en\\\/\"},{\"@type\":\"ListItem\",\"position\":2,\"name\":\"Shop\",\"item\":\"https:\\\/\\\/waterskis.lv\\\/en\\\/shop\\\/\"},{\"@type\":\"ListItem\",\"position\":3,\"name\":\"SUP board WILDSUP KANGAROO TANDEM 12.9\"}]},{\"@type\":\"WebSite\",\"@id\":\"https:\\\/\\\/www.waterskis.lv\\\/en\\\/#website\",\"url\":\"https:\\\/\\\/www.waterskis.lv\\\/en\\\/\",\"name\":\"WATERSKIS.LV\",\"description\":\"SUP d\u0113\u013ci, kajaki, kanoe, airu laivas, \u016bdenssl\u0113po\u0161ana, veikbords, SUP d\u0113\u013cu noma, kajaku nomaakt\u012bv\u0101s atp\u016btas centrs, laivu noma, sup noma, kajaku noma\",\"publisher\":{\"@id\":\"https:\\\/\\\/www.waterskis.lv\\\/en\\\/#organization\"},\"potentialAction\":[{\"@type\":\"SearchAction\",\"target\":{\"@type\":\"EntryPoint\",\"urlTemplate\":\"https:\\\/\\\/www.waterskis.lv\\\/en\\\/?s={search_term_string}\"},\"query-input\":{\"@type\":\"PropertyValueSpecification\",\"valueRequired\":true,\"valueName\":\"search_term_string\"}}],\"inLanguage\":\"en-US\"},{\"@type\":\"Organization\",\"@id\":\"https:\\\/\\\/www.waterskis.lv\\\/en\\\/#organization\",\"name\":\"WATERSKIS.LV\",\"url\":\"https:\\\/\\\/www.waterskis.lv\\\/en\\\/\",\"logo\":{\"@type\":\"ImageObject\",\"inLanguage\":\"en-US\",\"@id\":\"https:\\\/\\\/www.waterskis.lv\\\/en\\\/#\\\/schema\\\/logo\\\/image\\\/\",\"url\":\"https:\\\/\\\/www.waterskis.lv\\\/wp-content\\\/uploads\\\/2025\\\/01\\\/JUVP-logo.png\",\"contentUrl\":\"https:\\\/\\\/www.waterskis.lv\\\/wp-content\\\/uploads\\\/2025\\\/01\\\/JUVP-logo.png\",\"width\":421,\"height\":202,\"caption\":\"WATERSKIS.LV\"},\"image\":{\"@id\":\"https:\\\/\\\/www.waterskis.lv\\\/en\\\/#\\\/schema\\\/logo\\\/image\\\/\"},\"sameAs\":[\"https:\\\/\\\/www.facebook.com\\\/jurmalawaterskiwakeboardpark\\\/\"]}]}<\/script>\n<!-- \/ Yoast SEO plugin. -->","yoast_head_json":{"title":"SUP board WILDSUP KANGAROO TANDEM 12.9 - WATERSKIS.LV","description":"Inflatable SUP board WILDSUP KANGAROO TANDEM 12.9 easily and comfortably fits two people or one adult with two kids.Your trip won\u2019t be lonely","robots":{"index":"index","follow":"follow","max-snippet":"max-snippet:-1","max-image-preview":"max-image-preview:large","max-video-preview":"max-video-preview:-1"},"canonical":"https:\/\/www.waterskis.lv\/en\/product\/sup-board-wildsup-kangaroo-tandem-12-9\/","og_locale":"en_US","og_type":"article","og_title":"SUP board WILDSUP KANGAROO TANDEM 12.9","og_description":"Inflatable SUP board WILDSUP KANGAROO TANDEM 12.9 - the premium quality SUP board with air pressure up to 27 psi for 2 ridersWild SUP - EU manufacturer since 2012!SUP board WILDSUP KANGAROO TANDEM 12.9 unique shape, its width and length and just overall superb build quality allows this board to be one of most stable SUP in the market.What does that mean to you? Well, for one, it means you can fit more company on a single board! Kangaroo Tandem easily and comfortably fits two people or one adult with two kids so you can be sure that your trip won\u2019t be lonely and will indeed be lovely.Board comes with non slippery surface, stainless steel D ring, three fins. The kit also includes Bravo pump, a bag, leash and a repair kit.","og_url":"https:\/\/www.waterskis.lv\/en\/product\/sup-board-wildsup-kangaroo-tandem-12-9\/","og_site_name":"WATERSKIS.LV","article_publisher":"https:\/\/www.facebook.com\/jurmalawaterskiwakeboardpark\/","article_modified_time":"2026-02-01T13:41:22+00:00","og_image":[{"width":600,"height":500,"url":"https:\/\/www.waterskis.lv\/wp-content\/uploads\/2018\/12\/Kangaroo5.jpg","type":"image\/jpeg"}],"twitter_card":"summary_large_image","twitter_title":"SUP board WILDSUP KANGAROO TANDEM 12.9","twitter_description":"Inflatable SUP board WILDSUP KANGAROO TANDEM 12.9 - the premium quality SUP board with air pressure up to 27 psi for 2 ridersWild SUP - EU manufacturer since 2012!SUP board WILDSUP KANGAROO TANDEM 12.9 unique shape, its width and length and just overall superb build quality allows this board to be one of most stable SUP in the market.What does that mean to you? Well, for one, it means you can fit more company on a single board! Kangaroo Tandem easily and comfortably fits two people or one adult with two kids so you can be sure that your trip won\u2019t be lonely and will indeed be lovely.Board comes with non slippery surface, stainless steel D ring, three fins. The kit also includes Bravo pump, a bag, leash and a repair kit.","twitter_image":"https:\/\/www.waterskis.lv\/wp-content\/uploads\/2018\/12\/Kangaroo5.jpg","twitter_misc":{"Est. reading time":"2 minutes"},"schema":{"@context":"https:\/\/schema.org","@graph":[{"@type":"WebPage","@id":"https:\/\/www.waterskis.lv\/en\/product\/sup-board-wildsup-kangaroo-tandem-12-9\/","url":"https:\/\/www.waterskis.lv\/en\/product\/sup-board-wildsup-kangaroo-tandem-12-9\/","name":"SUP board WILDSUP KANGAROO TANDEM 12.9 - WATERSKIS.LV","isPartOf":{"@id":"https:\/\/www.waterskis.lv\/en\/#website"},"primaryImageOfPage":{"@id":"https:\/\/www.waterskis.lv\/en\/product\/sup-board-wildsup-kangaroo-tandem-12-9\/#primaryimage"},"image":{"@id":"https:\/\/www.waterskis.lv\/en\/product\/sup-board-wildsup-kangaroo-tandem-12-9\/#primaryimage"},"thumbnailUrl":"https:\/\/www.waterskis.lv\/wp-content\/uploads\/2018\/12\/Kangaroo5.jpg","datePublished":"2018-12-22T06:30:35+00:00","dateModified":"2026-02-01T13:41:22+00:00","description":"Inflatable SUP board WILDSUP KANGAROO TANDEM 12.9 easily and comfortably fits two people or one adult with two kids.Your trip won\u2019t be lonely","breadcrumb":{"@id":"https:\/\/www.waterskis.lv\/en\/product\/sup-board-wildsup-kangaroo-tandem-12-9\/#breadcrumb"},"inLanguage":"en-US","potentialAction":[{"@type":"ReadAction","target":["https:\/\/www.waterskis.lv\/en\/product\/sup-board-wildsup-kangaroo-tandem-12-9\/"]}]},{"@type":"ImageObject","inLanguage":"en-US","@id":"https:\/\/www.waterskis.lv\/en\/product\/sup-board-wildsup-kangaroo-tandem-12-9\/#primaryimage","url":"https:\/\/www.waterskis.lv\/wp-content\/uploads\/2018\/12\/Kangaroo5.jpg","contentUrl":"https:\/\/www.waterskis.lv\/wp-content\/uploads\/2018\/12\/Kangaroo5.jpg","width":600,"height":500,"caption":"Wild SUP board KANGAROO TANDEM 12\u20199\u201d"},{"@type":"BreadcrumbList","@id":"https:\/\/www.waterskis.lv\/en\/product\/sup-board-wildsup-kangaroo-tandem-12-9\/#breadcrumb","itemListElement":[{"@type":"ListItem","position":1,"name":"Home","item":"https:\/\/www.waterskis.lv\/en\/"},{"@type":"ListItem","position":2,"name":"Shop","item":"https:\/\/waterskis.lv\/en\/shop\/"},{"@type":"ListItem","position":3,"name":"SUP board WILDSUP KANGAROO TANDEM 12.9"}]},{"@type":"WebSite","@id":"https:\/\/www.waterskis.lv\/en\/#website","url":"https:\/\/www.waterskis.lv\/en\/","name":"WATERSKIS.LV","description":"SUP d\u0113\u013ci, kajaki, kanoe, airu laivas, \u016bdenssl\u0113po\u0161ana, veikbords, SUP d\u0113\u013cu noma, kajaku nomaakt\u012bv\u0101s atp\u016btas centrs, laivu noma, sup noma, kajaku noma","publisher":{"@id":"https:\/\/www.waterskis.lv\/en\/#organization"},"potentialAction":[{"@type":"SearchAction","target":{"@type":"EntryPoint","urlTemplate":"https:\/\/www.waterskis.lv\/en\/?s={search_term_string}"},"query-input":{"@type":"PropertyValueSpecification","valueRequired":true,"valueName":"search_term_string"}}],"inLanguage":"en-US"},{"@type":"Organization","@id":"https:\/\/www.waterskis.lv\/en\/#organization","name":"WATERSKIS.LV","url":"https:\/\/www.waterskis.lv\/en\/","logo":{"@type":"ImageObject","inLanguage":"en-US","@id":"https:\/\/www.waterskis.lv\/en\/#\/schema\/logo\/image\/","url":"https:\/\/www.waterskis.lv\/wp-content\/uploads\/2025\/01\/JUVP-logo.png","contentUrl":"https:\/\/www.waterskis.lv\/wp-content\/uploads\/2025\/01\/JUVP-logo.png","width":421,"height":202,"caption":"WATERSKIS.LV"},"image":{"@id":"https:\/\/www.waterskis.lv\/en\/#\/schema\/logo\/image\/"},"sameAs":["https:\/\/www.facebook.com\/jurmalawaterskiwakeboardpark\/"]}]}},"_links":{"self":[{"href":"https:\/\/www.waterskis.lv\/en\/wp-json\/wp\/v2\/product\/15764","targetHints":{"allow":["GET"]}}],"collection":[{"href":"https:\/\/www.waterskis.lv\/en\/wp-json\/wp\/v2\/product"}],"about":[{"href":"https:\/\/www.waterskis.lv\/en\/wp-json\/wp\/v2\/types\/product"}],"replies":[{"embeddable":true,"href":"https:\/\/www.waterskis.lv\/en\/wp-json\/wp\/v2\/comments?post=15764"}],"wp:featuredmedia":[{"embeddable":true,"href":"https:\/\/www.waterskis.lv\/en\/wp-json\/wp\/v2\/media\/6959"}],"wp:attachment":[{"href":"https:\/\/www.waterskis.lv\/en\/wp-json\/wp\/v2\/media?parent=15764"}],"wp:term":[{"taxonomy":"product_brand","embeddable":true,"href":"https:\/\/www.waterskis.lv\/en\/wp-json\/wp\/v2\/product_brand?post=15764"},{"taxonomy":"product_cat","embeddable":true,"href":"https:\/\/www.waterskis.lv\/en\/wp-json\/wp\/v2\/product_cat?post=15764"},{"taxonomy":"product_tag","embeddable":true,"href":"https:\/\/www.waterskis.lv\/en\/wp-json\/wp\/v2\/product_tag?post=15764"}],"curies":[{"name":"wp","href":"https:\/\/api.w.org\/{rel}","templated":true}]}}