{"id":15766,"date":"2018-12-22T09:33:38","date_gmt":"2018-12-22T06:33:38","guid":{"rendered":"https:\/\/www.waterskis.lv\/product\/piepusams-sup-delis-wild-grizzly-17\/"},"modified":"2026-02-01T15:40:10","modified_gmt":"2026-02-01T13:40:10","slug":"sup-board-wildsup-wild-grizzly-17-0","status":"publish","type":"product","link":"https:\/\/www.waterskis.lv\/en\/product\/sup-board-wildsup-wild-grizzly-17-0\/","title":{"rendered":"SUP board WILDSUP WILD GRIZZLY 17.0"},"content":{"rendered":"<h1>SUP board WILDSUP WILD GRIZZLY 17.0<\/h1>\n<p>SUP board WILDSUP WILD GRIZZLY 17.0<\/p>\n<p>Really BIG. One of the biggest SUP boards at the World. The Premium quality multi person SUP board.<\/p>\n<p>GET READY TO GET WILD. WILDSUP SINCE 2012<\/p>\n<div class=\"block_content1 rte active\">\n<p>Inflatable SUP board WILDSUP WILD GRIZZLY 17.0 \u2013 Party SUP for a whole crowd of friends! This is the largest board in the whole Wild SUP collection.<\/p>\n<p>How many persons can it carry you may ask? Well to be honest, it\u2019s up to you \u2013 it will handle any number you throw at it, but we recommend 6 to 8 people, as we found is the perfect mix to have fun and still be able to paddle on the Wild Grizzly comfortably.<\/p>\n<p>This monster of a board is great for wavy waters, so you can be sure that a party on the sea is guaranteed with the one and only Wild Grizzly from Wild SUP!<\/p>\n<p>The kit includes two double action Bravo pumps, a leash, bag and repair kit. There\u2019s a great non slippery pad on top for your comfort and stability too!<\/p>\n<\/div>\n<p id=\"table-data\" class=\"page-product-heading\">DATA SHEET<\/p>\n<table class=\"block_content2 table-data-sheet\">\n<tbody>\n<tr class=\"odd\">\n<td>Class<\/td>\n<td>PREMIUM class inflatable SUP board<\/td>\n<\/tr>\n<tr class=\"even\">\n<td>Type<\/td>\n<td>Leisure Stand Up Paddle board<\/td>\n<\/tr>\n<tr class=\"odd\">\n<td>Length<\/td>\n<td>513 cm<\/td>\n<\/tr>\n<tr class=\"even\">\n<td>Width<\/td>\n<td>155 cm<\/td>\n<\/tr>\n<tr class=\"odd\">\n<td>Height<\/td>\n<td>20 cm<\/td>\n<\/tr>\n<tr class=\"even\">\n<td>Weight<\/td>\n<td>35 kg<\/td>\n<\/tr>\n<tr class=\"odd\">\n<td>Material<\/td>\n<td>Double layer DROP STITCH PVC (1,5 mm)<\/td>\n<\/tr>\n<tr class=\"even\">\n<td>Number of persons<\/td>\n<td>6-8<\/td>\n<\/tr>\n<tr class=\"odd\">\n<td>Color<\/td>\n<td>Black\/Red\/White<\/td>\n<\/tr>\n<tr class=\"even\">\n<td>Capacity<\/td>\n<td>1000 kg<\/td>\n<\/tr>\n<tr class=\"odd\">\n<td>Purpose of usage<\/td>\n<td>Universal usage<\/td>\n<\/tr>\n<\/tbody>\n<\/table>\n<p>&nbsp;<\/p>\n","protected":false},"excerpt":{"rendered":"<p>https:\/\/www.youtube.com\/watch?v=IgvAWQbRxeg<\/p>\n<p>https:\/\/www.youtube.com\/watch?v=3COAnUC56xI [&#8230;]<\/p>\n<p><a class=\"btn btn-secondary understrap-read-more-link\" href=\"https:\/\/www.waterskis.lv\/en\/product\/sup-board-wildsup-wild-grizzly-17-0\/\">Read More&#8230;<\/a><\/p>\n","protected":false},"featured_media":6969,"comment_status":"closed","ping_status":"closed","template":"","meta":{"_acf_changed":false,"inline_featured_image":false},"product_brand":[2452],"product_cat":[700,361,502,501],"product_tag":[3172,1334,1355,3173,3174,1335,3131,3175,3140,3176,3188,3141],"class_list":{"0":"post-15766","1":"product","2":"type-product","3":"status-publish","4":"has-post-thumbnail","6":"product_brand-wildsup","7":"product_cat-inflatable-sup-boards","8":"product_cat-sale","9":"product_cat-stand-up-paddle-boards","10":"product_cat-wildsup-isup-boards","11":"product_tag-aufblasbares-sup","12":"product_tag-paddle-boards","13":"product_tag-piepusams-sup-delis","14":"product_tag-stand-up-paddleboard","15":"product_tag-stand-up-paddling","16":"product_tag-sup","17":"product_tag-sup-boards","18":"product_tag-sup-surfer","19":"product_tag-sup-","20":"product_tag-supkayak","21":"product_tag-wildsup","22":"product_tag-3141","24":"first","25":"instock","26":"sale","27":"shipping-taxable","28":"purchasable","29":"product-type-simple"},"acf":[],"yoast_head":"<!-- This site is optimized with the Yoast SEO plugin v27.5 - https:\/\/yoast.com\/product\/yoast-seo-wordpress\/ -->\n<title>SUP board WILDSUP WILD GRIZZLY 17.0 - WATERSKIS.LV<\/title>\n<meta name=\"description\" content=\"Inflatable SUP board WILDSUP WILD GRIZZLY 17.0. Really BIG. Party SUP for a whole crowd of friends! Our largest board in the whole collection\" \/>\n<meta name=\"robots\" content=\"index, follow, max-snippet:-1, max-image-preview:large, max-video-preview:-1\" \/>\n<link rel=\"canonical\" href=\"https:\/\/www.waterskis.lv\/en\/product\/sup-board-wildsup-wild-grizzly-17-0\/\" \/>\n<meta property=\"og:locale\" content=\"en_US\" \/>\n<meta property=\"og:type\" content=\"article\" \/>\n<meta property=\"og:title\" content=\"SUP board WILDSUP WILD GRIZZLY 17.0\" \/>\n<meta property=\"og:description\" content=\"Inflatable SUP board WILDSUP WILD GRIZZLY 17.0 \u2013 Party SUP for a whole crowd of friends! This is the largest board in the whole Wild SUP collection.How many persons can it carry you may ask? Well to be honest, it\u2019s up to you \u2013 it will handle any number you throw at it, but we recommend 6 to 8 people, as we found is the perfect mix to have fun and still be able to paddle on the Wild Grizzly comfortably.This monster of a board is great for wavy waters, so you can be sure that a party on the sea is guaranteed with the one and only Wild Grizzly from Wild SUP!The kit includes two double action Bravo pumps, a leash, bag and repair kit. There\u2019s a great non slippery pad on top for your comfort and stability too!\" \/>\n<meta property=\"og:url\" content=\"https:\/\/www.waterskis.lv\/en\/product\/sup-board-wildsup-wild-grizzly-17-0\/\" \/>\n<meta property=\"og:site_name\" content=\"WATERSKIS.LV\" \/>\n<meta property=\"article:publisher\" content=\"https:\/\/www.facebook.com\/jurmalawaterskiwakeboardpark\/\" \/>\n<meta property=\"article:modified_time\" content=\"2026-02-01T13:40:10+00:00\" \/>\n<meta property=\"og:image\" content=\"https:\/\/www.waterskis.lv\/wp-content\/uploads\/2018\/12\/Wild-SUP-Grizzlie.jpg\" \/>\n\t<meta property=\"og:image:width\" content=\"636\" \/>\n\t<meta property=\"og:image:height\" content=\"960\" \/>\n\t<meta property=\"og:image:type\" content=\"image\/jpeg\" \/>\n<meta name=\"twitter:card\" content=\"summary_large_image\" \/>\n<meta name=\"twitter:title\" content=\"SUP board WILDSUP WILD GRIZZLY 17.0\" \/>\n<meta name=\"twitter:description\" content=\"Inflatable SUP board WILDSUP WILD GRIZZLY 17.0 \u2013 Party SUP for a whole crowd of friends! This is the largest board in the whole Wild SUP collection.How many persons can it carry you may ask? Well to be honest, it\u2019s up to you \u2013 it will handle any number you throw at it, but we recommend 6 to 8 people, as we found is the perfect mix to have fun and still be able to paddle on the Wild Grizzly comfortably.This monster of a board is great for wavy waters, so you can be sure that a party on the sea is guaranteed with the one and only Wild Grizzly from Wild SUP!The kit includes two double action Bravo pumps, a leash, bag and repair kit. There\u2019s a great non slippery pad on top for your comfort and stability too!\" \/>\n<meta name=\"twitter:image\" content=\"https:\/\/www.waterskis.lv\/wp-content\/uploads\/2018\/12\/Wild-SUP-Grizzlie.jpg\" \/>\n<meta name=\"twitter:label1\" content=\"Est. reading time\" \/>\n\t<meta name=\"twitter:data1\" content=\"2 minutes\" \/>\n<script type=\"application\/ld+json\" class=\"yoast-schema-graph\">{\"@context\":\"https:\\\/\\\/schema.org\",\"@graph\":[{\"@type\":\"WebPage\",\"@id\":\"https:\\\/\\\/www.waterskis.lv\\\/en\\\/product\\\/sup-board-wildsup-wild-grizzly-17-0\\\/\",\"url\":\"https:\\\/\\\/www.waterskis.lv\\\/en\\\/product\\\/sup-board-wildsup-wild-grizzly-17-0\\\/\",\"name\":\"SUP board WILDSUP WILD GRIZZLY 17.0 - WATERSKIS.LV\",\"isPartOf\":{\"@id\":\"https:\\\/\\\/www.waterskis.lv\\\/en\\\/#website\"},\"primaryImageOfPage\":{\"@id\":\"https:\\\/\\\/www.waterskis.lv\\\/en\\\/product\\\/sup-board-wildsup-wild-grizzly-17-0\\\/#primaryimage\"},\"image\":{\"@id\":\"https:\\\/\\\/www.waterskis.lv\\\/en\\\/product\\\/sup-board-wildsup-wild-grizzly-17-0\\\/#primaryimage\"},\"thumbnailUrl\":\"https:\\\/\\\/www.waterskis.lv\\\/wp-content\\\/uploads\\\/2018\\\/12\\\/Grizzly1.jpg\",\"datePublished\":\"2018-12-22T06:33:38+00:00\",\"dateModified\":\"2026-02-01T13:40:10+00:00\",\"description\":\"Inflatable SUP board WILDSUP WILD GRIZZLY 17.0. Really BIG. Party SUP for a whole crowd of friends! Our largest board in the whole collection\",\"breadcrumb\":{\"@id\":\"https:\\\/\\\/www.waterskis.lv\\\/en\\\/product\\\/sup-board-wildsup-wild-grizzly-17-0\\\/#breadcrumb\"},\"inLanguage\":\"en-US\",\"potentialAction\":[{\"@type\":\"ReadAction\",\"target\":[\"https:\\\/\\\/www.waterskis.lv\\\/en\\\/product\\\/sup-board-wildsup-wild-grizzly-17-0\\\/\"]}]},{\"@type\":\"ImageObject\",\"inLanguage\":\"en-US\",\"@id\":\"https:\\\/\\\/www.waterskis.lv\\\/en\\\/product\\\/sup-board-wildsup-wild-grizzly-17-0\\\/#primaryimage\",\"url\":\"https:\\\/\\\/www.waterskis.lv\\\/wp-content\\\/uploads\\\/2018\\\/12\\\/Grizzly1.jpg\",\"contentUrl\":\"https:\\\/\\\/www.waterskis.lv\\\/wp-content\\\/uploads\\\/2018\\\/12\\\/Grizzly1.jpg\",\"width\":600,\"height\":500,\"caption\":\"BIG multiperson Wild SUP board WILD GRIZZLY 17\u201d\"},{\"@type\":\"BreadcrumbList\",\"@id\":\"https:\\\/\\\/www.waterskis.lv\\\/en\\\/product\\\/sup-board-wildsup-wild-grizzly-17-0\\\/#breadcrumb\",\"itemListElement\":[{\"@type\":\"ListItem\",\"position\":1,\"name\":\"Home\",\"item\":\"https:\\\/\\\/www.waterskis.lv\\\/en\\\/\"},{\"@type\":\"ListItem\",\"position\":2,\"name\":\"Shop\",\"item\":\"https:\\\/\\\/waterskis.lv\\\/en\\\/shop\\\/\"},{\"@type\":\"ListItem\",\"position\":3,\"name\":\"SUP board WILDSUP WILD GRIZZLY 17.0\"}]},{\"@type\":\"WebSite\",\"@id\":\"https:\\\/\\\/www.waterskis.lv\\\/en\\\/#website\",\"url\":\"https:\\\/\\\/www.waterskis.lv\\\/en\\\/\",\"name\":\"WATERSKIS.LV\",\"description\":\"SUP d\u0113\u013ci, kajaki, kanoe, airu laivas, \u016bdenssl\u0113po\u0161ana, veikbords, SUP d\u0113\u013cu noma, kajaku nomaakt\u012bv\u0101s atp\u016btas centrs, laivu noma, sup noma, kajaku noma\",\"publisher\":{\"@id\":\"https:\\\/\\\/www.waterskis.lv\\\/en\\\/#organization\"},\"potentialAction\":[{\"@type\":\"SearchAction\",\"target\":{\"@type\":\"EntryPoint\",\"urlTemplate\":\"https:\\\/\\\/www.waterskis.lv\\\/en\\\/?s={search_term_string}\"},\"query-input\":{\"@type\":\"PropertyValueSpecification\",\"valueRequired\":true,\"valueName\":\"search_term_string\"}}],\"inLanguage\":\"en-US\"},{\"@type\":\"Organization\",\"@id\":\"https:\\\/\\\/www.waterskis.lv\\\/en\\\/#organization\",\"name\":\"WATERSKIS.LV\",\"url\":\"https:\\\/\\\/www.waterskis.lv\\\/en\\\/\",\"logo\":{\"@type\":\"ImageObject\",\"inLanguage\":\"en-US\",\"@id\":\"https:\\\/\\\/www.waterskis.lv\\\/en\\\/#\\\/schema\\\/logo\\\/image\\\/\",\"url\":\"https:\\\/\\\/www.waterskis.lv\\\/wp-content\\\/uploads\\\/2025\\\/01\\\/JUVP-logo.png\",\"contentUrl\":\"https:\\\/\\\/www.waterskis.lv\\\/wp-content\\\/uploads\\\/2025\\\/01\\\/JUVP-logo.png\",\"width\":421,\"height\":202,\"caption\":\"WATERSKIS.LV\"},\"image\":{\"@id\":\"https:\\\/\\\/www.waterskis.lv\\\/en\\\/#\\\/schema\\\/logo\\\/image\\\/\"},\"sameAs\":[\"https:\\\/\\\/www.facebook.com\\\/jurmalawaterskiwakeboardpark\\\/\"]}]}<\/script>\n<!-- \/ Yoast SEO plugin. -->","yoast_head_json":{"title":"SUP board WILDSUP WILD GRIZZLY 17.0 - WATERSKIS.LV","description":"Inflatable SUP board WILDSUP WILD GRIZZLY 17.0. Really BIG. Party SUP for a whole crowd of friends! Our largest board in the whole collection","robots":{"index":"index","follow":"follow","max-snippet":"max-snippet:-1","max-image-preview":"max-image-preview:large","max-video-preview":"max-video-preview:-1"},"canonical":"https:\/\/www.waterskis.lv\/en\/product\/sup-board-wildsup-wild-grizzly-17-0\/","og_locale":"en_US","og_type":"article","og_title":"SUP board WILDSUP WILD GRIZZLY 17.0","og_description":"Inflatable SUP board WILDSUP WILD GRIZZLY 17.0 \u2013 Party SUP for a whole crowd of friends! This is the largest board in the whole Wild SUP collection.How many persons can it carry you may ask? Well to be honest, it\u2019s up to you \u2013 it will handle any number you throw at it, but we recommend 6 to 8 people, as we found is the perfect mix to have fun and still be able to paddle on the Wild Grizzly comfortably.This monster of a board is great for wavy waters, so you can be sure that a party on the sea is guaranteed with the one and only Wild Grizzly from Wild SUP!The kit includes two double action Bravo pumps, a leash, bag and repair kit. There\u2019s a great non slippery pad on top for your comfort and stability too!","og_url":"https:\/\/www.waterskis.lv\/en\/product\/sup-board-wildsup-wild-grizzly-17-0\/","og_site_name":"WATERSKIS.LV","article_publisher":"https:\/\/www.facebook.com\/jurmalawaterskiwakeboardpark\/","article_modified_time":"2026-02-01T13:40:10+00:00","og_image":[{"width":636,"height":960,"url":"https:\/\/www.waterskis.lv\/wp-content\/uploads\/2018\/12\/Wild-SUP-Grizzlie.jpg","type":"image\/jpeg"}],"twitter_card":"summary_large_image","twitter_title":"SUP board WILDSUP WILD GRIZZLY 17.0","twitter_description":"Inflatable SUP board WILDSUP WILD GRIZZLY 17.0 \u2013 Party SUP for a whole crowd of friends! This is the largest board in the whole Wild SUP collection.How many persons can it carry you may ask? Well to be honest, it\u2019s up to you \u2013 it will handle any number you throw at it, but we recommend 6 to 8 people, as we found is the perfect mix to have fun and still be able to paddle on the Wild Grizzly comfortably.This monster of a board is great for wavy waters, so you can be sure that a party on the sea is guaranteed with the one and only Wild Grizzly from Wild SUP!The kit includes two double action Bravo pumps, a leash, bag and repair kit. There\u2019s a great non slippery pad on top for your comfort and stability too!","twitter_image":"https:\/\/www.waterskis.lv\/wp-content\/uploads\/2018\/12\/Wild-SUP-Grizzlie.jpg","twitter_misc":{"Est. reading time":"2 minutes"},"schema":{"@context":"https:\/\/schema.org","@graph":[{"@type":"WebPage","@id":"https:\/\/www.waterskis.lv\/en\/product\/sup-board-wildsup-wild-grizzly-17-0\/","url":"https:\/\/www.waterskis.lv\/en\/product\/sup-board-wildsup-wild-grizzly-17-0\/","name":"SUP board WILDSUP WILD GRIZZLY 17.0 - WATERSKIS.LV","isPartOf":{"@id":"https:\/\/www.waterskis.lv\/en\/#website"},"primaryImageOfPage":{"@id":"https:\/\/www.waterskis.lv\/en\/product\/sup-board-wildsup-wild-grizzly-17-0\/#primaryimage"},"image":{"@id":"https:\/\/www.waterskis.lv\/en\/product\/sup-board-wildsup-wild-grizzly-17-0\/#primaryimage"},"thumbnailUrl":"https:\/\/www.waterskis.lv\/wp-content\/uploads\/2018\/12\/Grizzly1.jpg","datePublished":"2018-12-22T06:33:38+00:00","dateModified":"2026-02-01T13:40:10+00:00","description":"Inflatable SUP board WILDSUP WILD GRIZZLY 17.0. Really BIG. Party SUP for a whole crowd of friends! Our largest board in the whole collection","breadcrumb":{"@id":"https:\/\/www.waterskis.lv\/en\/product\/sup-board-wildsup-wild-grizzly-17-0\/#breadcrumb"},"inLanguage":"en-US","potentialAction":[{"@type":"ReadAction","target":["https:\/\/www.waterskis.lv\/en\/product\/sup-board-wildsup-wild-grizzly-17-0\/"]}]},{"@type":"ImageObject","inLanguage":"en-US","@id":"https:\/\/www.waterskis.lv\/en\/product\/sup-board-wildsup-wild-grizzly-17-0\/#primaryimage","url":"https:\/\/www.waterskis.lv\/wp-content\/uploads\/2018\/12\/Grizzly1.jpg","contentUrl":"https:\/\/www.waterskis.lv\/wp-content\/uploads\/2018\/12\/Grizzly1.jpg","width":600,"height":500,"caption":"BIG multiperson Wild SUP board WILD GRIZZLY 17\u201d"},{"@type":"BreadcrumbList","@id":"https:\/\/www.waterskis.lv\/en\/product\/sup-board-wildsup-wild-grizzly-17-0\/#breadcrumb","itemListElement":[{"@type":"ListItem","position":1,"name":"Home","item":"https:\/\/www.waterskis.lv\/en\/"},{"@type":"ListItem","position":2,"name":"Shop","item":"https:\/\/waterskis.lv\/en\/shop\/"},{"@type":"ListItem","position":3,"name":"SUP board WILDSUP WILD GRIZZLY 17.0"}]},{"@type":"WebSite","@id":"https:\/\/www.waterskis.lv\/en\/#website","url":"https:\/\/www.waterskis.lv\/en\/","name":"WATERSKIS.LV","description":"SUP d\u0113\u013ci, kajaki, kanoe, airu laivas, \u016bdenssl\u0113po\u0161ana, veikbords, SUP d\u0113\u013cu noma, kajaku nomaakt\u012bv\u0101s atp\u016btas centrs, laivu noma, sup noma, kajaku noma","publisher":{"@id":"https:\/\/www.waterskis.lv\/en\/#organization"},"potentialAction":[{"@type":"SearchAction","target":{"@type":"EntryPoint","urlTemplate":"https:\/\/www.waterskis.lv\/en\/?s={search_term_string}"},"query-input":{"@type":"PropertyValueSpecification","valueRequired":true,"valueName":"search_term_string"}}],"inLanguage":"en-US"},{"@type":"Organization","@id":"https:\/\/www.waterskis.lv\/en\/#organization","name":"WATERSKIS.LV","url":"https:\/\/www.waterskis.lv\/en\/","logo":{"@type":"ImageObject","inLanguage":"en-US","@id":"https:\/\/www.waterskis.lv\/en\/#\/schema\/logo\/image\/","url":"https:\/\/www.waterskis.lv\/wp-content\/uploads\/2025\/01\/JUVP-logo.png","contentUrl":"https:\/\/www.waterskis.lv\/wp-content\/uploads\/2025\/01\/JUVP-logo.png","width":421,"height":202,"caption":"WATERSKIS.LV"},"image":{"@id":"https:\/\/www.waterskis.lv\/en\/#\/schema\/logo\/image\/"},"sameAs":["https:\/\/www.facebook.com\/jurmalawaterskiwakeboardpark\/"]}]}},"_links":{"self":[{"href":"https:\/\/www.waterskis.lv\/en\/wp-json\/wp\/v2\/product\/15766","targetHints":{"allow":["GET"]}}],"collection":[{"href":"https:\/\/www.waterskis.lv\/en\/wp-json\/wp\/v2\/product"}],"about":[{"href":"https:\/\/www.waterskis.lv\/en\/wp-json\/wp\/v2\/types\/product"}],"replies":[{"embeddable":true,"href":"https:\/\/www.waterskis.lv\/en\/wp-json\/wp\/v2\/comments?post=15766"}],"wp:featuredmedia":[{"embeddable":true,"href":"https:\/\/www.waterskis.lv\/en\/wp-json\/wp\/v2\/media\/6969"}],"wp:attachment":[{"href":"https:\/\/www.waterskis.lv\/en\/wp-json\/wp\/v2\/media?parent=15766"}],"wp:term":[{"taxonomy":"product_brand","embeddable":true,"href":"https:\/\/www.waterskis.lv\/en\/wp-json\/wp\/v2\/product_brand?post=15766"},{"taxonomy":"product_cat","embeddable":true,"href":"https:\/\/www.waterskis.lv\/en\/wp-json\/wp\/v2\/product_cat?post=15766"},{"taxonomy":"product_tag","embeddable":true,"href":"https:\/\/www.waterskis.lv\/en\/wp-json\/wp\/v2\/product_tag?post=15766"}],"curies":[{"name":"wp","href":"https:\/\/api.w.org\/{rel}","templated":true}]}}