{"id":15767,"date":"2020-02-01T16:41:31","date_gmt":"2020-02-01T13:41:31","guid":{"rendered":"https:\/\/www.waterskis.lv\/product\/sup-delis-bee-10-6-lietots\/"},"modified":"2022-02-02T17:47:42","modified_gmt":"2022-02-02T14:47:42","slug":"sup-delis-bee-10-6-lietots","status":"publish","type":"product","link":"https:\/\/www.waterskis.lv\/en\/product\/sup-delis-bee-10-6-lietots\/","title":{"rendered":"Used SUP board BEE 10.6"},"content":{"rendered":"<div class=\"block_content1 rte active\">\n<p>Used SUP board BEE 10.6<\/p>\n<p>Perfect SUP set for great value!<\/p>\n<p>BEE 10.6 is a all-round inflatable SUP. Made of new generation PVC DROP STITCH material with soft EVA decking. Equipped with elastic strings and D-RINGS in front for securing dry bag or other small items. Plastic detachable fin.<\/p>\n<p>Set is complete with comfortable backpack, repair kit, pump, leash and basic 3-part alloy paddle.<\/p>\n<\/div>\n<h3 id=\"table-data\" class=\"page-product-heading\">DATA SHEET<\/h3>\n<table class=\"block_content2 table-data-sheet\">\n<tbody>\n<tr class=\"odd\">\n<td>Class<\/td>\n<td>ECO class inflatable SUP board<\/td>\n<\/tr>\n<tr class=\"even\">\n<td>Type<\/td>\n<td>Leisure Stand Up Paddle board<\/td>\n<\/tr>\n<tr class=\"odd\">\n<td>Length<\/td>\n<td>320 cm<\/td>\n<\/tr>\n<tr class=\"even\">\n<td>Width<\/td>\n<td>82 cm<\/td>\n<\/tr>\n<tr class=\"odd\">\n<td>Height<\/td>\n<td>15 cm<\/td>\n<\/tr>\n<tr class=\"even\">\n<td>Weight<\/td>\n<td>11 kg<\/td>\n<\/tr>\n<tr class=\"odd\">\n<td>Material<\/td>\n<td>Double layer DROP STITCH PVC (2400pcs\/m2) 1,3 mm<\/td>\n<\/tr>\n<tr class=\"even\">\n<td>Number of persons<\/td>\n<td>1<\/td>\n<\/tr>\n<tr class=\"odd\">\n<td>Color<\/td>\n<td>Yellow\/Black<\/td>\n<\/tr>\n<tr class=\"even\">\n<td>Capacity<\/td>\n<td>110 kg<\/td>\n<\/tr>\n<tr class=\"odd\">\n<td>Max pressure<\/td>\n<td>22 psi (1,56 bar)<\/td>\n<\/tr>\n<tr class=\"even\">\n<td>Purpose of usage<\/td>\n<td>Universal usage<\/td>\n<\/tr>\n<\/tbody>\n<\/table>\n","protected":false},"excerpt":{"rendered":"<p>[caption id=\"attachment_12544\" align=\"alignnone\" width=\"200\"]<img decoding=\"async\" class=\"size-medium wp-image-12544\" src=\"https:\/\/www.waterskis.lv\/wp-content\/uploads\/2019\/01\/Bee-200x300.jpg\" alt=\"Used SUP board BEE 10'6&quot;\" width=\"200\" height=\"300\" srcset=\"https:\/\/www.waterskis.lv\/wp-content\/uploads\/2019\/01\/Bee-200x300.jpg 200w, https:\/\/www.waterskis.lv\/wp-content\/uploads\/2019\/01\/Bee-467x700.jpg 467w, https:\/\/www.waterskis.lv\/wp-content\/uploads\/2019\/01\/Bee-600x900.jpg 600w, https:\/\/www.waterskis.lv\/wp-content\/uploads\/2019\/01\/Bee.jpg 640w\" sizes=\"(max-width: 200px) 100vw, 200px\" \/> Used SUP board BEE 10&#8217;6&#8243;[\/caption] [&#8230;]<\/p>\n<p><a class=\"btn btn-secondary understrap-read-more-link\" href=\"https:\/\/www.waterskis.lv\/en\/product\/sup-delis-bee-10-6-lietots\/\">Read More&#8230;<\/a><\/p>\n","protected":false},"featured_media":12544,"comment_status":"closed","ping_status":"closed","template":"","meta":{"_acf_changed":false,"inline_featured_image":false},"product_brand":[],"product_cat":[502,868,367],"product_tag":[3172,3173,3174,1335,1316,3175,3176],"class_list":{"0":"post-15767","1":"product","2":"type-product","3":"status-publish","4":"has-post-thumbnail","6":"product_cat-stand-up-paddle-boards","7":"product_cat-used-sup-boards","8":"product_cat-used-water-sports-items","9":"product_tag-aufblasbares-sup","10":"product_tag-stand-up-paddleboard","11":"product_tag-stand-up-paddling","12":"product_tag-sup","13":"product_tag-sup-delis","14":"product_tag-sup-surfer","15":"product_tag-supkayak","17":"first","18":"instock","19":"shipping-taxable","20":"purchasable","21":"product-type-simple"},"acf":[],"yoast_head":"<!-- This site is optimized with the Yoast SEO plugin v27.5 - https:\/\/yoast.com\/product\/yoast-seo-wordpress\/ -->\n<title>Used SUP board BEE 10.6 - WATERSKIS.LV<\/title>\n<meta name=\"description\" content=\"Used SUP board BEE 10.6. Perfect SUP set for great value! BEE 10.6 is a all-round inflatable SUP. Made of new generation PVC DROP STITCH material\" \/>\n<meta name=\"robots\" content=\"index, follow, max-snippet:-1, max-image-preview:large, max-video-preview:-1\" \/>\n<link rel=\"canonical\" href=\"https:\/\/www.waterskis.lv\/en\/product\/sup-delis-bee-10-6-lietots\/\" \/>\n<meta property=\"og:locale\" content=\"en_US\" \/>\n<meta property=\"og:type\" content=\"article\" \/>\n<meta property=\"og:title\" content=\"Used SUP board BEE 10&#039;6&quot;\" \/>\n<meta property=\"og:description\" content=\"Perfect SUP set for great value!BEE 10.6 is a all-round inflatable SUP. Made of new generation PVC DROP STITCH material with soft EVA decking. Equipped with elastic strings and D-RINGS in front for securing dry bag or other small items. Plastic detachable fin.\" \/>\n<meta property=\"og:url\" content=\"https:\/\/www.waterskis.lv\/en\/product\/sup-delis-bee-10-6-lietots\/\" \/>\n<meta property=\"og:site_name\" content=\"WATERSKIS.LV\" \/>\n<meta property=\"article:publisher\" content=\"https:\/\/www.facebook.com\/jurmalawaterskiwakeboardpark\/\" \/>\n<meta property=\"article:modified_time\" content=\"2022-02-02T14:47:42+00:00\" \/>\n<meta property=\"og:image\" content=\"https:\/\/www.waterskis.lv\/wp-content\/uploads\/2019\/01\/Bee.jpg\" \/>\n\t<meta property=\"og:image:width\" content=\"640\" \/>\n\t<meta property=\"og:image:height\" content=\"960\" \/>\n\t<meta property=\"og:image:type\" content=\"image\/jpeg\" \/>\n<meta name=\"twitter:card\" content=\"summary_large_image\" \/>\n<meta name=\"twitter:label1\" content=\"Est. reading time\" \/>\n\t<meta name=\"twitter:data1\" content=\"1 minute\" \/>\n<script type=\"application\/ld+json\" class=\"yoast-schema-graph\">{\"@context\":\"https:\\\/\\\/schema.org\",\"@graph\":[{\"@type\":\"WebPage\",\"@id\":\"https:\\\/\\\/www.waterskis.lv\\\/en\\\/product\\\/sup-delis-bee-10-6-lietots\\\/\",\"url\":\"https:\\\/\\\/www.waterskis.lv\\\/en\\\/product\\\/sup-delis-bee-10-6-lietots\\\/\",\"name\":\"Used SUP board BEE 10.6 - WATERSKIS.LV\",\"isPartOf\":{\"@id\":\"https:\\\/\\\/www.waterskis.lv\\\/en\\\/#website\"},\"primaryImageOfPage\":{\"@id\":\"https:\\\/\\\/www.waterskis.lv\\\/en\\\/product\\\/sup-delis-bee-10-6-lietots\\\/#primaryimage\"},\"image\":{\"@id\":\"https:\\\/\\\/www.waterskis.lv\\\/en\\\/product\\\/sup-delis-bee-10-6-lietots\\\/#primaryimage\"},\"thumbnailUrl\":\"https:\\\/\\\/www.waterskis.lv\\\/wp-content\\\/uploads\\\/2019\\\/01\\\/Bee.jpg\",\"datePublished\":\"2020-02-01T13:41:31+00:00\",\"dateModified\":\"2022-02-02T14:47:42+00:00\",\"description\":\"Used SUP board BEE 10.6. Perfect SUP set for great value! BEE 10.6 is a all-round inflatable SUP. Made of new generation PVC DROP STITCH material\",\"breadcrumb\":{\"@id\":\"https:\\\/\\\/www.waterskis.lv\\\/en\\\/product\\\/sup-delis-bee-10-6-lietots\\\/#breadcrumb\"},\"inLanguage\":\"en-US\",\"potentialAction\":[{\"@type\":\"ReadAction\",\"target\":[\"https:\\\/\\\/www.waterskis.lv\\\/en\\\/product\\\/sup-delis-bee-10-6-lietots\\\/\"]}]},{\"@type\":\"ImageObject\",\"inLanguage\":\"en-US\",\"@id\":\"https:\\\/\\\/www.waterskis.lv\\\/en\\\/product\\\/sup-delis-bee-10-6-lietots\\\/#primaryimage\",\"url\":\"https:\\\/\\\/www.waterskis.lv\\\/wp-content\\\/uploads\\\/2019\\\/01\\\/Bee.jpg\",\"contentUrl\":\"https:\\\/\\\/www.waterskis.lv\\\/wp-content\\\/uploads\\\/2019\\\/01\\\/Bee.jpg\",\"width\":640,\"height\":960,\"caption\":\"Used SUP board BEE 10'6\\\"\"},{\"@type\":\"BreadcrumbList\",\"@id\":\"https:\\\/\\\/www.waterskis.lv\\\/en\\\/product\\\/sup-delis-bee-10-6-lietots\\\/#breadcrumb\",\"itemListElement\":[{\"@type\":\"ListItem\",\"position\":1,\"name\":\"Home\",\"item\":\"https:\\\/\\\/www.waterskis.lv\\\/en\\\/\"},{\"@type\":\"ListItem\",\"position\":2,\"name\":\"Shop\",\"item\":\"https:\\\/\\\/waterskis.lv\\\/en\\\/shop\\\/\"},{\"@type\":\"ListItem\",\"position\":3,\"name\":\"Private: Used SUP board BEE 10.6\"}]},{\"@type\":\"WebSite\",\"@id\":\"https:\\\/\\\/www.waterskis.lv\\\/en\\\/#website\",\"url\":\"https:\\\/\\\/www.waterskis.lv\\\/en\\\/\",\"name\":\"WATERSKIS.LV\",\"description\":\"SUP d\u0113\u013ci, kajaki, kanoe, airu laivas, \u016bdenssl\u0113po\u0161ana, veikbords, SUP d\u0113\u013cu noma, kajaku nomaakt\u012bv\u0101s atp\u016btas centrs, laivu noma, sup noma, kajaku noma\",\"publisher\":{\"@id\":\"https:\\\/\\\/www.waterskis.lv\\\/en\\\/#organization\"},\"potentialAction\":[{\"@type\":\"SearchAction\",\"target\":{\"@type\":\"EntryPoint\",\"urlTemplate\":\"https:\\\/\\\/www.waterskis.lv\\\/en\\\/?s={search_term_string}\"},\"query-input\":{\"@type\":\"PropertyValueSpecification\",\"valueRequired\":true,\"valueName\":\"search_term_string\"}}],\"inLanguage\":\"en-US\"},{\"@type\":\"Organization\",\"@id\":\"https:\\\/\\\/www.waterskis.lv\\\/en\\\/#organization\",\"name\":\"WATERSKIS.LV\",\"url\":\"https:\\\/\\\/www.waterskis.lv\\\/en\\\/\",\"logo\":{\"@type\":\"ImageObject\",\"inLanguage\":\"en-US\",\"@id\":\"https:\\\/\\\/www.waterskis.lv\\\/en\\\/#\\\/schema\\\/logo\\\/image\\\/\",\"url\":\"https:\\\/\\\/www.waterskis.lv\\\/wp-content\\\/uploads\\\/2025\\\/01\\\/JUVP-logo.png\",\"contentUrl\":\"https:\\\/\\\/www.waterskis.lv\\\/wp-content\\\/uploads\\\/2025\\\/01\\\/JUVP-logo.png\",\"width\":421,\"height\":202,\"caption\":\"WATERSKIS.LV\"},\"image\":{\"@id\":\"https:\\\/\\\/www.waterskis.lv\\\/en\\\/#\\\/schema\\\/logo\\\/image\\\/\"},\"sameAs\":[\"https:\\\/\\\/www.facebook.com\\\/jurmalawaterskiwakeboardpark\\\/\"]}]}<\/script>\n<!-- \/ Yoast SEO plugin. -->","yoast_head_json":{"title":"Used SUP board BEE 10.6 - WATERSKIS.LV","description":"Used SUP board BEE 10.6. Perfect SUP set for great value! BEE 10.6 is a all-round inflatable SUP. Made of new generation PVC DROP STITCH material","robots":{"index":"index","follow":"follow","max-snippet":"max-snippet:-1","max-image-preview":"max-image-preview:large","max-video-preview":"max-video-preview:-1"},"canonical":"https:\/\/www.waterskis.lv\/en\/product\/sup-delis-bee-10-6-lietots\/","og_locale":"en_US","og_type":"article","og_title":"Used SUP board BEE 10'6\"","og_description":"Perfect SUP set for great value!BEE 10.6 is a all-round inflatable SUP. Made of new generation PVC DROP STITCH material with soft EVA decking. Equipped with elastic strings and D-RINGS in front for securing dry bag or other small items. Plastic detachable fin.","og_url":"https:\/\/www.waterskis.lv\/en\/product\/sup-delis-bee-10-6-lietots\/","og_site_name":"WATERSKIS.LV","article_publisher":"https:\/\/www.facebook.com\/jurmalawaterskiwakeboardpark\/","article_modified_time":"2022-02-02T14:47:42+00:00","og_image":[{"width":640,"height":960,"url":"https:\/\/www.waterskis.lv\/wp-content\/uploads\/2019\/01\/Bee.jpg","type":"image\/jpeg"}],"twitter_card":"summary_large_image","twitter_misc":{"Est. reading time":"1 minute"},"schema":{"@context":"https:\/\/schema.org","@graph":[{"@type":"WebPage","@id":"https:\/\/www.waterskis.lv\/en\/product\/sup-delis-bee-10-6-lietots\/","url":"https:\/\/www.waterskis.lv\/en\/product\/sup-delis-bee-10-6-lietots\/","name":"Used SUP board BEE 10.6 - WATERSKIS.LV","isPartOf":{"@id":"https:\/\/www.waterskis.lv\/en\/#website"},"primaryImageOfPage":{"@id":"https:\/\/www.waterskis.lv\/en\/product\/sup-delis-bee-10-6-lietots\/#primaryimage"},"image":{"@id":"https:\/\/www.waterskis.lv\/en\/product\/sup-delis-bee-10-6-lietots\/#primaryimage"},"thumbnailUrl":"https:\/\/www.waterskis.lv\/wp-content\/uploads\/2019\/01\/Bee.jpg","datePublished":"2020-02-01T13:41:31+00:00","dateModified":"2022-02-02T14:47:42+00:00","description":"Used SUP board BEE 10.6. Perfect SUP set for great value! BEE 10.6 is a all-round inflatable SUP. Made of new generation PVC DROP STITCH material","breadcrumb":{"@id":"https:\/\/www.waterskis.lv\/en\/product\/sup-delis-bee-10-6-lietots\/#breadcrumb"},"inLanguage":"en-US","potentialAction":[{"@type":"ReadAction","target":["https:\/\/www.waterskis.lv\/en\/product\/sup-delis-bee-10-6-lietots\/"]}]},{"@type":"ImageObject","inLanguage":"en-US","@id":"https:\/\/www.waterskis.lv\/en\/product\/sup-delis-bee-10-6-lietots\/#primaryimage","url":"https:\/\/www.waterskis.lv\/wp-content\/uploads\/2019\/01\/Bee.jpg","contentUrl":"https:\/\/www.waterskis.lv\/wp-content\/uploads\/2019\/01\/Bee.jpg","width":640,"height":960,"caption":"Used SUP board BEE 10'6\""},{"@type":"BreadcrumbList","@id":"https:\/\/www.waterskis.lv\/en\/product\/sup-delis-bee-10-6-lietots\/#breadcrumb","itemListElement":[{"@type":"ListItem","position":1,"name":"Home","item":"https:\/\/www.waterskis.lv\/en\/"},{"@type":"ListItem","position":2,"name":"Shop","item":"https:\/\/waterskis.lv\/en\/shop\/"},{"@type":"ListItem","position":3,"name":"Private: Used SUP board BEE 10.6"}]},{"@type":"WebSite","@id":"https:\/\/www.waterskis.lv\/en\/#website","url":"https:\/\/www.waterskis.lv\/en\/","name":"WATERSKIS.LV","description":"SUP d\u0113\u013ci, kajaki, kanoe, airu laivas, \u016bdenssl\u0113po\u0161ana, veikbords, SUP d\u0113\u013cu noma, kajaku nomaakt\u012bv\u0101s atp\u016btas centrs, laivu noma, sup noma, kajaku noma","publisher":{"@id":"https:\/\/www.waterskis.lv\/en\/#organization"},"potentialAction":[{"@type":"SearchAction","target":{"@type":"EntryPoint","urlTemplate":"https:\/\/www.waterskis.lv\/en\/?s={search_term_string}"},"query-input":{"@type":"PropertyValueSpecification","valueRequired":true,"valueName":"search_term_string"}}],"inLanguage":"en-US"},{"@type":"Organization","@id":"https:\/\/www.waterskis.lv\/en\/#organization","name":"WATERSKIS.LV","url":"https:\/\/www.waterskis.lv\/en\/","logo":{"@type":"ImageObject","inLanguage":"en-US","@id":"https:\/\/www.waterskis.lv\/en\/#\/schema\/logo\/image\/","url":"https:\/\/www.waterskis.lv\/wp-content\/uploads\/2025\/01\/JUVP-logo.png","contentUrl":"https:\/\/www.waterskis.lv\/wp-content\/uploads\/2025\/01\/JUVP-logo.png","width":421,"height":202,"caption":"WATERSKIS.LV"},"image":{"@id":"https:\/\/www.waterskis.lv\/en\/#\/schema\/logo\/image\/"},"sameAs":["https:\/\/www.facebook.com\/jurmalawaterskiwakeboardpark\/"]}]}},"_links":{"self":[{"href":"https:\/\/www.waterskis.lv\/en\/wp-json\/wp\/v2\/product\/15767","targetHints":{"allow":["GET"]}}],"collection":[{"href":"https:\/\/www.waterskis.lv\/en\/wp-json\/wp\/v2\/product"}],"about":[{"href":"https:\/\/www.waterskis.lv\/en\/wp-json\/wp\/v2\/types\/product"}],"replies":[{"embeddable":true,"href":"https:\/\/www.waterskis.lv\/en\/wp-json\/wp\/v2\/comments?post=15767"}],"wp:featuredmedia":[{"embeddable":true,"href":"https:\/\/www.waterskis.lv\/en\/wp-json\/wp\/v2\/media\/12544"}],"wp:attachment":[{"href":"https:\/\/www.waterskis.lv\/en\/wp-json\/wp\/v2\/media?parent=15767"}],"wp:term":[{"taxonomy":"product_brand","embeddable":true,"href":"https:\/\/www.waterskis.lv\/en\/wp-json\/wp\/v2\/product_brand?post=15767"},{"taxonomy":"product_cat","embeddable":true,"href":"https:\/\/www.waterskis.lv\/en\/wp-json\/wp\/v2\/product_cat?post=15767"},{"taxonomy":"product_tag","embeddable":true,"href":"https:\/\/www.waterskis.lv\/en\/wp-json\/wp\/v2\/product_tag?post=15767"}],"curies":[{"name":"wp","href":"https:\/\/api.w.org\/{rel}","templated":true}]}}