{"id":15782,"date":"2020-01-28T09:24:08","date_gmt":"2020-01-28T06:24:08","guid":{"rendered":"https:\/\/www.waterskis.lv\/product\/minamais-hobie-mirage-eclipse-10-6\/"},"modified":"2021-10-26T13:22:44","modified_gmt":"2021-10-26T10:22:44","slug":"pedal-powered-stand-up-paddle-board-hobie-mirage-eclipse-10-5-acx","status":"publish","type":"product","link":"https:\/\/www.waterskis.lv\/en\/product\/pedal-powered-stand-up-paddle-board-hobie-mirage-eclipse-10-5-acx\/","title":{"rendered":"Pedal powered stand up paddle board HOBIE MIRAGE ECLIPSE 10.5 ACX"},"content":{"rendered":"<p>Pedal powered stand up paddle board HOBIE MIRAGE ECLIPSE 10.5 ACX<\/p>\n<p>Break free from the shore. Trade the well-worn path for a waterway. Step out of your routine and onto a pedalboard. The Mirage Eclipse gives you the stability, control and power to chart your own course. The water is waiting. You in?<\/p>\n<p>The Mirage Eclipse is another world&#8217;s-first watercraft from Hobie. Fly high at exceptional speed, nimbly carving turns using fingertip steering controls. There&#8217;s minimal setup. Go from the car, the dock or your boat to the water in minutes. The board is lightweight and durable and full of thoughtful features such as height adjustable handlebars, gear tie-downs, bow handle and a carefree kick-up rudder. Easily turn your Eclipse into a traditional Stand Up Paddleboard. Both the 12\u2019 and 10.5\u2019 boards deliver an exciting, stable ride.<\/p>\n<table class=\"table\">\n<tbody>\n<tr>\n<th scope=\"row\">COLORS:<\/th>\n<td>\n<div data-configurations=\"10-5\"><img decoding=\"async\" class=\"pc-color-chip\" title=\"\" src=\"https:\/\/cdn.hobiecat.com\/consumer\/images\/colorchip-solar-yellow.png\" data-toggle=\"tooltip\" data-original-title=\"Solar Yellow\" \/><\/div>\n<div data-configurations=\"10-5\"><img decoding=\"async\" class=\"pc-color-chip\" title=\"\" src=\"https:\/\/cdn.hobiecat.com\/consumer\/images\/colorchip-lunar-blue.png\" data-toggle=\"tooltip\" data-original-title=\"Lunar Blue\" \/><\/div>\n<\/td>\n<\/tr>\n<tr data-configurations=\"default\">\n<th scope=\"row\">CREW:<\/th>\n<td>1<\/td>\n<\/tr>\n<tr data-configurations=\"10-5\">\n<th scope=\"row\">LENGTH:<\/th>\n<td>10&#8242; 6&#8243; \/ 3.2 M<\/td>\n<\/tr>\n<tr data-configurations=\"10-5\">\n<th scope=\"row\">WIDTH:<\/th>\n<td>33.5&#8243; \/ 0.85 M<\/td>\n<\/tr>\n<tr data-configurations=\"10-5\">\n<th scope=\"row\">CAPACITY:<\/th>\n<td>225 LBS \/ 102 KG<\/td>\n<\/tr>\n<tr data-configurations=\"10-5\">\n<th scope=\"row\">FITTED BOARD WEIGHT:<\/th>\n<td>43.2 LBS \/ 19.6 KG<\/td>\n<\/tr>\n<tr data-configurations=\"10-5\">\n<th scope=\"row\">FULLY RIGGED WEIGHT:<\/th>\n<td>54 LBS \/ 24.5 KG<\/td>\n<\/tr>\n<tr data-configurations=\"default\">\n<th scope=\"row\">BOARD CONSTRUCTION:<\/th>\n<td>ACX \u2013 ADVANCED COMPOSITE EPOXY<\/td>\n<\/tr>\n<\/tbody>\n<\/table>\n<p>&nbsp;<\/p>\n<h3>EASY TO TRANSPORT<\/h3>\n<p>Bow and Stern carry handles make transporting a breeze. Disassemble in moments for easy car topping. The Eclipse has bow handles and option for side carry handles.<\/p>\n<p><iframe title=\"Hobie Mirage Eclipse Pedalboard: Product Launch (FULL)\" width=\"640\" height=\"360\" src=\"https:\/\/www.youtube.com\/embed\/FGKyOaw29yU?feature=oembed\" frameborder=\"0\" allow=\"accelerometer; autoplay; clipboard-write; encrypted-media; gyroscope; picture-in-picture; web-share\" referrerpolicy=\"strict-origin-when-cross-origin\" allowfullscreen><\/iframe><\/p>\n","protected":false},"excerpt":{"rendered":"<p>[caption id=\"attachment_13829\" align=\"alignnone\" width=\"300\"]<img decoding=\"async\" class=\"size-medium wp-image-13829\" src=\"https:\/\/www.waterskis.lv\/wp-content\/uploads\/2020\/01\/Eclipse-300x183.png\" alt=\"Pedal powered stand up paddle board HOBIE MIRAGE ECLIPSE 10.5 ACX\" width=\"300\" height=\"183\" srcset=\"https:\/\/www.waterskis.lv\/wp-content\/uploads\/2020\/01\/Eclipse-300x183.png 300w, https:\/\/www.waterskis.lv\/wp-content\/uploads\/2020\/01\/Eclipse-600x366.png 600w, https:\/\/www.waterskis.lv\/wp-content\/uploads\/2020\/01\/Eclipse.png 656w\" sizes=\"(max-width: 300px) 100vw, 300px\" \/> Pedal powered stand up paddle board HOBIE MIRAGE ECLIPSE 10.5 ACX[\/caption] [&#8230;]<\/p>\n<p><a class=\"btn btn-secondary understrap-read-more-link\" href=\"https:\/\/www.waterskis.lv\/en\/product\/pedal-powered-stand-up-paddle-board-hobie-mirage-eclipse-10-5-acx\/\">Read More&#8230;<\/a><\/p>\n","protected":false},"featured_media":13829,"comment_status":"closed","ping_status":"closed","template":"","meta":{"_acf_changed":false,"inline_featured_image":false},"product_brand":[],"product_cat":[523,511,361,502],"product_tag":[3172,3138,2462,1334,3173,3174,1335,1316,3139,3175,3140,3176,3141,3142],"class_list":{"0":"post-15782","1":"product","2":"type-product","3":"status-publish","4":"has-post-thumbnail","6":"product_cat-pedal-powered-hobie-sup-boards","7":"product_cat-polyethylene-sup-boards","8":"product_cat-sale","9":"product_cat-stand-up-paddle-boards","10":"product_tag-aufblasbares-sup","11":"product_tag-hobie","12":"product_tag-hobie-sup-delis","13":"product_tag-paddle-boards","14":"product_tag-stand-up-paddleboard","15":"product_tag-stand-up-paddling","16":"product_tag-sup","17":"product_tag-sup-delis","18":"product_tag-sup-pedal-boards","19":"product_tag-sup-surfer","20":"product_tag-sup-","21":"product_tag-supkayak","22":"product_tag-3141","23":"product_tag-3142","25":"first","26":"instock","27":"sale","28":"shipping-taxable","29":"purchasable","30":"product-type-simple"},"acf":[],"yoast_head":"<!-- This site is optimized with the Yoast SEO plugin v27.4 - https:\/\/yoast.com\/product\/yoast-seo-wordpress\/ -->\n<title>Pedal powered stand up paddle board HOBIE MIRAGE ECLIPSE 10.5 ACX - WATERSKIS.LV<\/title>\n<meta name=\"description\" content=\"Pedal powered stand up paddle board HOBIE MIRAGE ECLIPSE 10.5 ACX. The Mirage Eclipse gives you the stability, control and power to chart your own course\" \/>\n<meta name=\"robots\" content=\"index, follow, max-snippet:-1, max-image-preview:large, max-video-preview:-1\" \/>\n<link rel=\"canonical\" href=\"https:\/\/www.waterskis.lv\/en\/product\/pedal-powered-stand-up-paddle-board-hobie-mirage-eclipse-10-5-acx\/\" \/>\n<meta property=\"og:locale\" content=\"en_US\" \/>\n<meta property=\"og:type\" content=\"article\" \/>\n<meta property=\"og:title\" content=\"Pedal powered stand up paddle board HOBIE MIRAGE ECLIPSE 10.5 ACX\" \/>\n<meta property=\"og:description\" content=\"Pedal powered stand up paddle board HOBIE MIRAGE ECLIPSE 10.5 ACXBreak free from the shore. Trade the well-worn path for a waterway. Step out of your routine and onto a pedalboard. The Mirage Eclipse gives you the stability, control and power to chart your own course. The water is waiting. You in?The Mirage Eclipse is another world&#039;s-first watercraft from Hobie. Fly high at exceptional speed, nimbly carving turns using fingertip steering controls. There&#039;s minimal setup. Go from the car, the dock or your boat to the water in minutes. The board is lightweight and durable and full of thoughtful features such as height adjustable handlebars, gear tie-downs, bow handle and a carefree kick-up rudder. Easily turn your Eclipse into a traditional Stand Up Paddleboard. Both the 12\u2019 and 10.5\u2019 boards deliver an exciting, stable ride.\" \/>\n<meta property=\"og:url\" content=\"https:\/\/www.waterskis.lv\/en\/product\/pedal-powered-stand-up-paddle-board-hobie-mirage-eclipse-10-5-acx\/\" \/>\n<meta property=\"og:site_name\" content=\"WATERSKIS.LV\" \/>\n<meta property=\"article:publisher\" content=\"https:\/\/www.facebook.com\/jurmalawaterskiwakeboardpark\/\" \/>\n<meta property=\"article:modified_time\" content=\"2021-10-26T10:22:44+00:00\" \/>\n<meta property=\"og:image\" content=\"https:\/\/www.waterskis.lv\/wp-content\/uploads\/2020\/01\/Eclipse.png\" \/>\n\t<meta property=\"og:image:width\" content=\"656\" \/>\n\t<meta property=\"og:image:height\" content=\"400\" \/>\n\t<meta property=\"og:image:type\" content=\"image\/png\" \/>\n<meta name=\"twitter:card\" content=\"summary_large_image\" \/>\n<meta name=\"twitter:label1\" content=\"Est. reading time\" \/>\n\t<meta name=\"twitter:data1\" content=\"2 minutes\" \/>\n<script type=\"application\/ld+json\" class=\"yoast-schema-graph\">{\"@context\":\"https:\\\/\\\/schema.org\",\"@graph\":[{\"@type\":\"WebPage\",\"@id\":\"https:\\\/\\\/www.waterskis.lv\\\/en\\\/product\\\/pedal-powered-stand-up-paddle-board-hobie-mirage-eclipse-10-5-acx\\\/\",\"url\":\"https:\\\/\\\/www.waterskis.lv\\\/en\\\/product\\\/pedal-powered-stand-up-paddle-board-hobie-mirage-eclipse-10-5-acx\\\/\",\"name\":\"Pedal powered stand up paddle board HOBIE MIRAGE ECLIPSE 10.5 ACX - WATERSKIS.LV\",\"isPartOf\":{\"@id\":\"https:\\\/\\\/www.waterskis.lv\\\/en\\\/#website\"},\"primaryImageOfPage\":{\"@id\":\"https:\\\/\\\/www.waterskis.lv\\\/en\\\/product\\\/pedal-powered-stand-up-paddle-board-hobie-mirage-eclipse-10-5-acx\\\/#primaryimage\"},\"image\":{\"@id\":\"https:\\\/\\\/www.waterskis.lv\\\/en\\\/product\\\/pedal-powered-stand-up-paddle-board-hobie-mirage-eclipse-10-5-acx\\\/#primaryimage\"},\"thumbnailUrl\":\"https:\\\/\\\/www.waterskis.lv\\\/wp-content\\\/uploads\\\/2020\\\/01\\\/Eclipse.png\",\"datePublished\":\"2020-01-28T06:24:08+00:00\",\"dateModified\":\"2021-10-26T10:22:44+00:00\",\"description\":\"Pedal powered stand up paddle board HOBIE MIRAGE ECLIPSE 10.5 ACX. The Mirage Eclipse gives you the stability, control and power to chart your own course\",\"breadcrumb\":{\"@id\":\"https:\\\/\\\/www.waterskis.lv\\\/en\\\/product\\\/pedal-powered-stand-up-paddle-board-hobie-mirage-eclipse-10-5-acx\\\/#breadcrumb\"},\"inLanguage\":\"en-US\",\"potentialAction\":[{\"@type\":\"ReadAction\",\"target\":[\"https:\\\/\\\/www.waterskis.lv\\\/en\\\/product\\\/pedal-powered-stand-up-paddle-board-hobie-mirage-eclipse-10-5-acx\\\/\"]}]},{\"@type\":\"ImageObject\",\"inLanguage\":\"en-US\",\"@id\":\"https:\\\/\\\/www.waterskis.lv\\\/en\\\/product\\\/pedal-powered-stand-up-paddle-board-hobie-mirage-eclipse-10-5-acx\\\/#primaryimage\",\"url\":\"https:\\\/\\\/www.waterskis.lv\\\/wp-content\\\/uploads\\\/2020\\\/01\\\/Eclipse.png\",\"contentUrl\":\"https:\\\/\\\/www.waterskis.lv\\\/wp-content\\\/uploads\\\/2020\\\/01\\\/Eclipse.png\",\"width\":656,\"height\":400,\"caption\":\"Pedal powered stand up paddle board HOBIE MIRAGE ECLIPSE 10.5 ACX\"},{\"@type\":\"BreadcrumbList\",\"@id\":\"https:\\\/\\\/www.waterskis.lv\\\/en\\\/product\\\/pedal-powered-stand-up-paddle-board-hobie-mirage-eclipse-10-5-acx\\\/#breadcrumb\",\"itemListElement\":[{\"@type\":\"ListItem\",\"position\":1,\"name\":\"Home\",\"item\":\"https:\\\/\\\/www.waterskis.lv\\\/en\\\/\"},{\"@type\":\"ListItem\",\"position\":2,\"name\":\"Shop\",\"item\":\"https:\\\/\\\/waterskis.lv\\\/en\\\/shop\\\/\"},{\"@type\":\"ListItem\",\"position\":3,\"name\":\"Pedal powered stand up paddle board HOBIE MIRAGE ECLIPSE 10.5 ACX\"}]},{\"@type\":\"WebSite\",\"@id\":\"https:\\\/\\\/www.waterskis.lv\\\/en\\\/#website\",\"url\":\"https:\\\/\\\/www.waterskis.lv\\\/en\\\/\",\"name\":\"WATERSKIS.LV\",\"description\":\"SUP d\u0113\u013ci, kajaki, kanoe, airu laivas, \u016bdenssl\u0113po\u0161ana, veikbords, SUP d\u0113\u013cu noma, kajaku nomaakt\u012bv\u0101s atp\u016btas centrs, laivu noma, sup noma, kajaku noma\",\"publisher\":{\"@id\":\"https:\\\/\\\/www.waterskis.lv\\\/en\\\/#organization\"},\"potentialAction\":[{\"@type\":\"SearchAction\",\"target\":{\"@type\":\"EntryPoint\",\"urlTemplate\":\"https:\\\/\\\/www.waterskis.lv\\\/en\\\/?s={search_term_string}\"},\"query-input\":{\"@type\":\"PropertyValueSpecification\",\"valueRequired\":true,\"valueName\":\"search_term_string\"}}],\"inLanguage\":\"en-US\"},{\"@type\":\"Organization\",\"@id\":\"https:\\\/\\\/www.waterskis.lv\\\/en\\\/#organization\",\"name\":\"WATERSKIS.LV\",\"url\":\"https:\\\/\\\/www.waterskis.lv\\\/en\\\/\",\"logo\":{\"@type\":\"ImageObject\",\"inLanguage\":\"en-US\",\"@id\":\"https:\\\/\\\/www.waterskis.lv\\\/en\\\/#\\\/schema\\\/logo\\\/image\\\/\",\"url\":\"https:\\\/\\\/www.waterskis.lv\\\/wp-content\\\/uploads\\\/2025\\\/01\\\/JUVP-logo.png\",\"contentUrl\":\"https:\\\/\\\/www.waterskis.lv\\\/wp-content\\\/uploads\\\/2025\\\/01\\\/JUVP-logo.png\",\"width\":421,\"height\":202,\"caption\":\"WATERSKIS.LV\"},\"image\":{\"@id\":\"https:\\\/\\\/www.waterskis.lv\\\/en\\\/#\\\/schema\\\/logo\\\/image\\\/\"},\"sameAs\":[\"https:\\\/\\\/www.facebook.com\\\/jurmalawaterskiwakeboardpark\\\/\"]}]}<\/script>\n<!-- \/ Yoast SEO plugin. -->","yoast_head_json":{"title":"Pedal powered stand up paddle board HOBIE MIRAGE ECLIPSE 10.5 ACX - WATERSKIS.LV","description":"Pedal powered stand up paddle board HOBIE MIRAGE ECLIPSE 10.5 ACX. The Mirage Eclipse gives you the stability, control and power to chart your own course","robots":{"index":"index","follow":"follow","max-snippet":"max-snippet:-1","max-image-preview":"max-image-preview:large","max-video-preview":"max-video-preview:-1"},"canonical":"https:\/\/www.waterskis.lv\/en\/product\/pedal-powered-stand-up-paddle-board-hobie-mirage-eclipse-10-5-acx\/","og_locale":"en_US","og_type":"article","og_title":"Pedal powered stand up paddle board HOBIE MIRAGE ECLIPSE 10.5 ACX","og_description":"Pedal powered stand up paddle board HOBIE MIRAGE ECLIPSE 10.5 ACXBreak free from the shore. Trade the well-worn path for a waterway. Step out of your routine and onto a pedalboard. The Mirage Eclipse gives you the stability, control and power to chart your own course. The water is waiting. You in?The Mirage Eclipse is another world's-first watercraft from Hobie. Fly high at exceptional speed, nimbly carving turns using fingertip steering controls. There's minimal setup. Go from the car, the dock or your boat to the water in minutes. The board is lightweight and durable and full of thoughtful features such as height adjustable handlebars, gear tie-downs, bow handle and a carefree kick-up rudder. Easily turn your Eclipse into a traditional Stand Up Paddleboard. Both the 12\u2019 and 10.5\u2019 boards deliver an exciting, stable ride.","og_url":"https:\/\/www.waterskis.lv\/en\/product\/pedal-powered-stand-up-paddle-board-hobie-mirage-eclipse-10-5-acx\/","og_site_name":"WATERSKIS.LV","article_publisher":"https:\/\/www.facebook.com\/jurmalawaterskiwakeboardpark\/","article_modified_time":"2021-10-26T10:22:44+00:00","og_image":[{"width":656,"height":400,"url":"https:\/\/www.waterskis.lv\/wp-content\/uploads\/2020\/01\/Eclipse.png","type":"image\/png"}],"twitter_card":"summary_large_image","twitter_misc":{"Est. reading time":"2 minutes"},"schema":{"@context":"https:\/\/schema.org","@graph":[{"@type":"WebPage","@id":"https:\/\/www.waterskis.lv\/en\/product\/pedal-powered-stand-up-paddle-board-hobie-mirage-eclipse-10-5-acx\/","url":"https:\/\/www.waterskis.lv\/en\/product\/pedal-powered-stand-up-paddle-board-hobie-mirage-eclipse-10-5-acx\/","name":"Pedal powered stand up paddle board HOBIE MIRAGE ECLIPSE 10.5 ACX - WATERSKIS.LV","isPartOf":{"@id":"https:\/\/www.waterskis.lv\/en\/#website"},"primaryImageOfPage":{"@id":"https:\/\/www.waterskis.lv\/en\/product\/pedal-powered-stand-up-paddle-board-hobie-mirage-eclipse-10-5-acx\/#primaryimage"},"image":{"@id":"https:\/\/www.waterskis.lv\/en\/product\/pedal-powered-stand-up-paddle-board-hobie-mirage-eclipse-10-5-acx\/#primaryimage"},"thumbnailUrl":"https:\/\/www.waterskis.lv\/wp-content\/uploads\/2020\/01\/Eclipse.png","datePublished":"2020-01-28T06:24:08+00:00","dateModified":"2021-10-26T10:22:44+00:00","description":"Pedal powered stand up paddle board HOBIE MIRAGE ECLIPSE 10.5 ACX. The Mirage Eclipse gives you the stability, control and power to chart your own course","breadcrumb":{"@id":"https:\/\/www.waterskis.lv\/en\/product\/pedal-powered-stand-up-paddle-board-hobie-mirage-eclipse-10-5-acx\/#breadcrumb"},"inLanguage":"en-US","potentialAction":[{"@type":"ReadAction","target":["https:\/\/www.waterskis.lv\/en\/product\/pedal-powered-stand-up-paddle-board-hobie-mirage-eclipse-10-5-acx\/"]}]},{"@type":"ImageObject","inLanguage":"en-US","@id":"https:\/\/www.waterskis.lv\/en\/product\/pedal-powered-stand-up-paddle-board-hobie-mirage-eclipse-10-5-acx\/#primaryimage","url":"https:\/\/www.waterskis.lv\/wp-content\/uploads\/2020\/01\/Eclipse.png","contentUrl":"https:\/\/www.waterskis.lv\/wp-content\/uploads\/2020\/01\/Eclipse.png","width":656,"height":400,"caption":"Pedal powered stand up paddle board HOBIE MIRAGE ECLIPSE 10.5 ACX"},{"@type":"BreadcrumbList","@id":"https:\/\/www.waterskis.lv\/en\/product\/pedal-powered-stand-up-paddle-board-hobie-mirage-eclipse-10-5-acx\/#breadcrumb","itemListElement":[{"@type":"ListItem","position":1,"name":"Home","item":"https:\/\/www.waterskis.lv\/en\/"},{"@type":"ListItem","position":2,"name":"Shop","item":"https:\/\/waterskis.lv\/en\/shop\/"},{"@type":"ListItem","position":3,"name":"Pedal powered stand up paddle board HOBIE MIRAGE ECLIPSE 10.5 ACX"}]},{"@type":"WebSite","@id":"https:\/\/www.waterskis.lv\/en\/#website","url":"https:\/\/www.waterskis.lv\/en\/","name":"WATERSKIS.LV","description":"SUP d\u0113\u013ci, kajaki, kanoe, airu laivas, \u016bdenssl\u0113po\u0161ana, veikbords, SUP d\u0113\u013cu noma, kajaku nomaakt\u012bv\u0101s atp\u016btas centrs, laivu noma, sup noma, kajaku noma","publisher":{"@id":"https:\/\/www.waterskis.lv\/en\/#organization"},"potentialAction":[{"@type":"SearchAction","target":{"@type":"EntryPoint","urlTemplate":"https:\/\/www.waterskis.lv\/en\/?s={search_term_string}"},"query-input":{"@type":"PropertyValueSpecification","valueRequired":true,"valueName":"search_term_string"}}],"inLanguage":"en-US"},{"@type":"Organization","@id":"https:\/\/www.waterskis.lv\/en\/#organization","name":"WATERSKIS.LV","url":"https:\/\/www.waterskis.lv\/en\/","logo":{"@type":"ImageObject","inLanguage":"en-US","@id":"https:\/\/www.waterskis.lv\/en\/#\/schema\/logo\/image\/","url":"https:\/\/www.waterskis.lv\/wp-content\/uploads\/2025\/01\/JUVP-logo.png","contentUrl":"https:\/\/www.waterskis.lv\/wp-content\/uploads\/2025\/01\/JUVP-logo.png","width":421,"height":202,"caption":"WATERSKIS.LV"},"image":{"@id":"https:\/\/www.waterskis.lv\/en\/#\/schema\/logo\/image\/"},"sameAs":["https:\/\/www.facebook.com\/jurmalawaterskiwakeboardpark\/"]}]}},"_links":{"self":[{"href":"https:\/\/www.waterskis.lv\/en\/wp-json\/wp\/v2\/product\/15782","targetHints":{"allow":["GET"]}}],"collection":[{"href":"https:\/\/www.waterskis.lv\/en\/wp-json\/wp\/v2\/product"}],"about":[{"href":"https:\/\/www.waterskis.lv\/en\/wp-json\/wp\/v2\/types\/product"}],"replies":[{"embeddable":true,"href":"https:\/\/www.waterskis.lv\/en\/wp-json\/wp\/v2\/comments?post=15782"}],"wp:featuredmedia":[{"embeddable":true,"href":"https:\/\/www.waterskis.lv\/en\/wp-json\/wp\/v2\/media\/13829"}],"wp:attachment":[{"href":"https:\/\/www.waterskis.lv\/en\/wp-json\/wp\/v2\/media?parent=15782"}],"wp:term":[{"taxonomy":"product_brand","embeddable":true,"href":"https:\/\/www.waterskis.lv\/en\/wp-json\/wp\/v2\/product_brand?post=15782"},{"taxonomy":"product_cat","embeddable":true,"href":"https:\/\/www.waterskis.lv\/en\/wp-json\/wp\/v2\/product_cat?post=15782"},{"taxonomy":"product_tag","embeddable":true,"href":"https:\/\/www.waterskis.lv\/en\/wp-json\/wp\/v2\/product_tag?post=15782"}],"curies":[{"name":"wp","href":"https:\/\/api.w.org\/{rel}","templated":true}]}}