{"id":15784,"date":"2018-12-22T12:59:37","date_gmt":"2018-12-22T09:59:37","guid":{"rendered":"https:\/\/www.waterskis.lv\/product\/wildsup-basic-aluminija-airis-170-210cm\/"},"modified":"2026-02-06T18:30:55","modified_gmt":"2026-02-06T16:30:55","slug":"sup-paddle-bsb-170-210-cm-aluminum","status":"publish","type":"product","link":"https:\/\/www.waterskis.lv\/en\/product\/sup-paddle-bsb-170-210-cm-aluminum\/","title":{"rendered":"SUP paddle BSB 170-210 cm Aluminum"},"content":{"rendered":"<h1>SUP paddle BSB 170-210 cm Aluminum<\/h1>\n<p>SUP paddle BSB 170-210 cm Aluminum<\/p>\n<p>Description<\/p>\n<p>Type: universal SUP paddle<\/p>\n<p>Weight: 1.27 kg<\/p>\n<p>Length: 170-210 cm<\/p>\n<p>Material: aluminum<\/p>\n<p>Number of pieces: 3<\/p>\n<p>Shaft diameter: 30 mm<\/p>\n<p>Blade: PP<\/p>\n<p>Color: black<\/p>\n<p>Durable and reliable paddle at a budget price. Careful and comfortable design will make you feel safe even in extreme conditions. Universal paddle length adjustment from 170 to 210 cm allows it to be used by people of all sizes. Paddle consists of 3 parts. It is easy to disassemble and transport or put in a backpack. A great choice for those looking for an inexpensive but reliable budget paddle<\/p>\n<ul>\n<li>Price in EUR with VAT<\/li>\n<\/ul>\n","protected":false},"excerpt":{"rendered":"<p>SUP paddle BSB 170-210 cm Aluminum SUP paddle BSB 170-210 cm Aluminum Description Type: universal SUP paddle Weight: 1.27 kg Length: 170-210 cm Material: aluminum Number of pieces: 3 Shaft diameter: 30 mm Blade: PP Color: black Durable and reliable paddle at a budget price. Careful and comfortable design will make you feel safe even [&#8230;]<\/p>\n<p><a class=\"btn btn-secondary understrap-read-more-link\" href=\"https:\/\/www.waterskis.lv\/en\/product\/sup-paddle-bsb-170-210-cm-aluminum\/\">Read More&#8230;<\/a><\/p>\n","protected":false},"featured_media":7118,"comment_status":"closed","ping_status":"closed","template":"","meta":{"_acf_changed":false,"inline_featured_image":false},"product_brand":[1319],"product_cat":[673,361,386],"product_tag":[3545,3544,3542,3543],"class_list":{"0":"post-15784","1":"product","2":"type-product","3":"status-publish","4":"has-post-thumbnail","6":"product_brand-amber","7":"product_cat-paddles-oars","8":"product_cat-sale","9":"product_cat-sup-paddles","10":"product_tag-paddleboard-paddles","11":"product_tag-sup-board-paddles","12":"product_tag-sup-delu-airi","13":"product_tag---sup-","15":"first","16":"instock","17":"sale","18":"shipping-taxable","19":"purchasable","20":"product-type-simple"},"acf":[],"yoast_head":"<!-- This site is optimized with the Yoast SEO plugin v27.4 - https:\/\/yoast.com\/product\/yoast-seo-wordpress\/ -->\n<title>SUP paddle BSB 170-210 cm Aluminum - WATERSKIS.LV<\/title>\n<meta name=\"description\" content=\"SUP paddle BSB 170-210 cm Aluminum. Durable and reliable paddle at a budget price. Careful and comfortable design will make you feel safe in extreme condit\" \/>\n<meta name=\"robots\" content=\"index, follow, max-snippet:-1, max-image-preview:large, max-video-preview:-1\" \/>\n<link rel=\"canonical\" href=\"https:\/\/www.waterskis.lv\/en\/product\/sup-paddle-bsb-170-210-cm-aluminum\/\" \/>\n<meta property=\"og:locale\" content=\"en_US\" \/>\n<meta property=\"og:type\" content=\"article\" \/>\n<meta property=\"og:title\" content=\"SUP paddle BSB 170-210 cm Aluminum - WATERSKIS.LV\" \/>\n<meta property=\"og:description\" content=\"SUP paddle BSB 170-210 cm Aluminum. Durable and reliable paddle at a budget price. Careful and comfortable design will make you feel safe in extreme condit\" \/>\n<meta property=\"og:url\" content=\"https:\/\/www.waterskis.lv\/en\/product\/sup-paddle-bsb-170-210-cm-aluminum\/\" \/>\n<meta property=\"og:site_name\" content=\"WATERSKIS.LV\" \/>\n<meta property=\"article:publisher\" content=\"https:\/\/www.facebook.com\/jurmalawaterskiwakeboardpark\/\" \/>\n<meta property=\"article:modified_time\" content=\"2026-02-06T16:30:55+00:00\" \/>\n<meta property=\"og:image\" content=\"https:\/\/www.waterskis.lv\/wp-content\/uploads\/2018\/12\/Basic1.php_.jpg\" \/>\n\t<meta property=\"og:image:width\" content=\"600\" \/>\n\t<meta property=\"og:image:height\" content=\"600\" \/>\n\t<meta property=\"og:image:type\" content=\"image\/jpeg\" \/>\n<meta name=\"twitter:card\" content=\"summary_large_image\" \/>\n<meta name=\"twitter:label1\" content=\"Est. reading time\" \/>\n\t<meta name=\"twitter:data1\" content=\"1 minute\" \/>\n<script type=\"application\/ld+json\" class=\"yoast-schema-graph\">{\"@context\":\"https:\\\/\\\/schema.org\",\"@graph\":[{\"@type\":\"WebPage\",\"@id\":\"https:\\\/\\\/www.waterskis.lv\\\/en\\\/product\\\/sup-paddle-bsb-170-210-cm-aluminum\\\/\",\"url\":\"https:\\\/\\\/www.waterskis.lv\\\/en\\\/product\\\/sup-paddle-bsb-170-210-cm-aluminum\\\/\",\"name\":\"SUP paddle BSB 170-210 cm Aluminum - WATERSKIS.LV\",\"isPartOf\":{\"@id\":\"https:\\\/\\\/www.waterskis.lv\\\/en\\\/#website\"},\"primaryImageOfPage\":{\"@id\":\"https:\\\/\\\/www.waterskis.lv\\\/en\\\/product\\\/sup-paddle-bsb-170-210-cm-aluminum\\\/#primaryimage\"},\"image\":{\"@id\":\"https:\\\/\\\/www.waterskis.lv\\\/en\\\/product\\\/sup-paddle-bsb-170-210-cm-aluminum\\\/#primaryimage\"},\"thumbnailUrl\":\"https:\\\/\\\/www.waterskis.lv\\\/wp-content\\\/uploads\\\/2018\\\/12\\\/Basic1.php_.jpg\",\"datePublished\":\"2018-12-22T09:59:37+00:00\",\"dateModified\":\"2026-02-06T16:30:55+00:00\",\"description\":\"SUP paddle BSB 170-210 cm Aluminum. Durable and reliable paddle at a budget price. Careful and comfortable design will make you feel safe in extreme condit\",\"breadcrumb\":{\"@id\":\"https:\\\/\\\/www.waterskis.lv\\\/en\\\/product\\\/sup-paddle-bsb-170-210-cm-aluminum\\\/#breadcrumb\"},\"inLanguage\":\"en-US\",\"potentialAction\":[{\"@type\":\"ReadAction\",\"target\":[\"https:\\\/\\\/www.waterskis.lv\\\/en\\\/product\\\/sup-paddle-bsb-170-210-cm-aluminum\\\/\"]}]},{\"@type\":\"ImageObject\",\"inLanguage\":\"en-US\",\"@id\":\"https:\\\/\\\/www.waterskis.lv\\\/en\\\/product\\\/sup-paddle-bsb-170-210-cm-aluminum\\\/#primaryimage\",\"url\":\"https:\\\/\\\/www.waterskis.lv\\\/wp-content\\\/uploads\\\/2018\\\/12\\\/Basic1.php_.jpg\",\"contentUrl\":\"https:\\\/\\\/www.waterskis.lv\\\/wp-content\\\/uploads\\\/2018\\\/12\\\/Basic1.php_.jpg\",\"width\":600,\"height\":600,\"caption\":\"WILD SUP board paddle BASIC (170-210 cm)\"},{\"@type\":\"BreadcrumbList\",\"@id\":\"https:\\\/\\\/www.waterskis.lv\\\/en\\\/product\\\/sup-paddle-bsb-170-210-cm-aluminum\\\/#breadcrumb\",\"itemListElement\":[{\"@type\":\"ListItem\",\"position\":1,\"name\":\"Home\",\"item\":\"https:\\\/\\\/www.waterskis.lv\\\/en\\\/\"},{\"@type\":\"ListItem\",\"position\":2,\"name\":\"Shop\",\"item\":\"https:\\\/\\\/waterskis.lv\\\/en\\\/shop\\\/\"},{\"@type\":\"ListItem\",\"position\":3,\"name\":\"SUP paddle BSB 170-210 cm Aluminum\"}]},{\"@type\":\"WebSite\",\"@id\":\"https:\\\/\\\/www.waterskis.lv\\\/en\\\/#website\",\"url\":\"https:\\\/\\\/www.waterskis.lv\\\/en\\\/\",\"name\":\"WATERSKIS.LV\",\"description\":\"SUP d\u0113\u013ci, kajaki, kanoe, airu laivas, \u016bdenssl\u0113po\u0161ana, veikbords, SUP d\u0113\u013cu noma, kajaku nomaakt\u012bv\u0101s atp\u016btas centrs, laivu noma, sup noma, kajaku noma\",\"publisher\":{\"@id\":\"https:\\\/\\\/www.waterskis.lv\\\/en\\\/#organization\"},\"potentialAction\":[{\"@type\":\"SearchAction\",\"target\":{\"@type\":\"EntryPoint\",\"urlTemplate\":\"https:\\\/\\\/www.waterskis.lv\\\/en\\\/?s={search_term_string}\"},\"query-input\":{\"@type\":\"PropertyValueSpecification\",\"valueRequired\":true,\"valueName\":\"search_term_string\"}}],\"inLanguage\":\"en-US\"},{\"@type\":\"Organization\",\"@id\":\"https:\\\/\\\/www.waterskis.lv\\\/en\\\/#organization\",\"name\":\"WATERSKIS.LV\",\"url\":\"https:\\\/\\\/www.waterskis.lv\\\/en\\\/\",\"logo\":{\"@type\":\"ImageObject\",\"inLanguage\":\"en-US\",\"@id\":\"https:\\\/\\\/www.waterskis.lv\\\/en\\\/#\\\/schema\\\/logo\\\/image\\\/\",\"url\":\"https:\\\/\\\/www.waterskis.lv\\\/wp-content\\\/uploads\\\/2025\\\/01\\\/JUVP-logo.png\",\"contentUrl\":\"https:\\\/\\\/www.waterskis.lv\\\/wp-content\\\/uploads\\\/2025\\\/01\\\/JUVP-logo.png\",\"width\":421,\"height\":202,\"caption\":\"WATERSKIS.LV\"},\"image\":{\"@id\":\"https:\\\/\\\/www.waterskis.lv\\\/en\\\/#\\\/schema\\\/logo\\\/image\\\/\"},\"sameAs\":[\"https:\\\/\\\/www.facebook.com\\\/jurmalawaterskiwakeboardpark\\\/\"]}]}<\/script>\n<!-- \/ Yoast SEO plugin. -->","yoast_head_json":{"title":"SUP paddle BSB 170-210 cm Aluminum - WATERSKIS.LV","description":"SUP paddle BSB 170-210 cm Aluminum. Durable and reliable paddle at a budget price. Careful and comfortable design will make you feel safe in extreme condit","robots":{"index":"index","follow":"follow","max-snippet":"max-snippet:-1","max-image-preview":"max-image-preview:large","max-video-preview":"max-video-preview:-1"},"canonical":"https:\/\/www.waterskis.lv\/en\/product\/sup-paddle-bsb-170-210-cm-aluminum\/","og_locale":"en_US","og_type":"article","og_title":"SUP paddle BSB 170-210 cm Aluminum - WATERSKIS.LV","og_description":"SUP paddle BSB 170-210 cm Aluminum. Durable and reliable paddle at a budget price. Careful and comfortable design will make you feel safe in extreme condit","og_url":"https:\/\/www.waterskis.lv\/en\/product\/sup-paddle-bsb-170-210-cm-aluminum\/","og_site_name":"WATERSKIS.LV","article_publisher":"https:\/\/www.facebook.com\/jurmalawaterskiwakeboardpark\/","article_modified_time":"2026-02-06T16:30:55+00:00","og_image":[{"width":600,"height":600,"url":"https:\/\/www.waterskis.lv\/wp-content\/uploads\/2018\/12\/Basic1.php_.jpg","type":"image\/jpeg"}],"twitter_card":"summary_large_image","twitter_misc":{"Est. reading time":"1 minute"},"schema":{"@context":"https:\/\/schema.org","@graph":[{"@type":"WebPage","@id":"https:\/\/www.waterskis.lv\/en\/product\/sup-paddle-bsb-170-210-cm-aluminum\/","url":"https:\/\/www.waterskis.lv\/en\/product\/sup-paddle-bsb-170-210-cm-aluminum\/","name":"SUP paddle BSB 170-210 cm Aluminum - WATERSKIS.LV","isPartOf":{"@id":"https:\/\/www.waterskis.lv\/en\/#website"},"primaryImageOfPage":{"@id":"https:\/\/www.waterskis.lv\/en\/product\/sup-paddle-bsb-170-210-cm-aluminum\/#primaryimage"},"image":{"@id":"https:\/\/www.waterskis.lv\/en\/product\/sup-paddle-bsb-170-210-cm-aluminum\/#primaryimage"},"thumbnailUrl":"https:\/\/www.waterskis.lv\/wp-content\/uploads\/2018\/12\/Basic1.php_.jpg","datePublished":"2018-12-22T09:59:37+00:00","dateModified":"2026-02-06T16:30:55+00:00","description":"SUP paddle BSB 170-210 cm Aluminum. Durable and reliable paddle at a budget price. Careful and comfortable design will make you feel safe in extreme condit","breadcrumb":{"@id":"https:\/\/www.waterskis.lv\/en\/product\/sup-paddle-bsb-170-210-cm-aluminum\/#breadcrumb"},"inLanguage":"en-US","potentialAction":[{"@type":"ReadAction","target":["https:\/\/www.waterskis.lv\/en\/product\/sup-paddle-bsb-170-210-cm-aluminum\/"]}]},{"@type":"ImageObject","inLanguage":"en-US","@id":"https:\/\/www.waterskis.lv\/en\/product\/sup-paddle-bsb-170-210-cm-aluminum\/#primaryimage","url":"https:\/\/www.waterskis.lv\/wp-content\/uploads\/2018\/12\/Basic1.php_.jpg","contentUrl":"https:\/\/www.waterskis.lv\/wp-content\/uploads\/2018\/12\/Basic1.php_.jpg","width":600,"height":600,"caption":"WILD SUP board paddle BASIC (170-210 cm)"},{"@type":"BreadcrumbList","@id":"https:\/\/www.waterskis.lv\/en\/product\/sup-paddle-bsb-170-210-cm-aluminum\/#breadcrumb","itemListElement":[{"@type":"ListItem","position":1,"name":"Home","item":"https:\/\/www.waterskis.lv\/en\/"},{"@type":"ListItem","position":2,"name":"Shop","item":"https:\/\/waterskis.lv\/en\/shop\/"},{"@type":"ListItem","position":3,"name":"SUP paddle BSB 170-210 cm Aluminum"}]},{"@type":"WebSite","@id":"https:\/\/www.waterskis.lv\/en\/#website","url":"https:\/\/www.waterskis.lv\/en\/","name":"WATERSKIS.LV","description":"SUP d\u0113\u013ci, kajaki, kanoe, airu laivas, \u016bdenssl\u0113po\u0161ana, veikbords, SUP d\u0113\u013cu noma, kajaku nomaakt\u012bv\u0101s atp\u016btas centrs, laivu noma, sup noma, kajaku noma","publisher":{"@id":"https:\/\/www.waterskis.lv\/en\/#organization"},"potentialAction":[{"@type":"SearchAction","target":{"@type":"EntryPoint","urlTemplate":"https:\/\/www.waterskis.lv\/en\/?s={search_term_string}"},"query-input":{"@type":"PropertyValueSpecification","valueRequired":true,"valueName":"search_term_string"}}],"inLanguage":"en-US"},{"@type":"Organization","@id":"https:\/\/www.waterskis.lv\/en\/#organization","name":"WATERSKIS.LV","url":"https:\/\/www.waterskis.lv\/en\/","logo":{"@type":"ImageObject","inLanguage":"en-US","@id":"https:\/\/www.waterskis.lv\/en\/#\/schema\/logo\/image\/","url":"https:\/\/www.waterskis.lv\/wp-content\/uploads\/2025\/01\/JUVP-logo.png","contentUrl":"https:\/\/www.waterskis.lv\/wp-content\/uploads\/2025\/01\/JUVP-logo.png","width":421,"height":202,"caption":"WATERSKIS.LV"},"image":{"@id":"https:\/\/www.waterskis.lv\/en\/#\/schema\/logo\/image\/"},"sameAs":["https:\/\/www.facebook.com\/jurmalawaterskiwakeboardpark\/"]}]}},"_links":{"self":[{"href":"https:\/\/www.waterskis.lv\/en\/wp-json\/wp\/v2\/product\/15784","targetHints":{"allow":["GET"]}}],"collection":[{"href":"https:\/\/www.waterskis.lv\/en\/wp-json\/wp\/v2\/product"}],"about":[{"href":"https:\/\/www.waterskis.lv\/en\/wp-json\/wp\/v2\/types\/product"}],"replies":[{"embeddable":true,"href":"https:\/\/www.waterskis.lv\/en\/wp-json\/wp\/v2\/comments?post=15784"}],"wp:featuredmedia":[{"embeddable":true,"href":"https:\/\/www.waterskis.lv\/en\/wp-json\/wp\/v2\/media\/7118"}],"wp:attachment":[{"href":"https:\/\/www.waterskis.lv\/en\/wp-json\/wp\/v2\/media?parent=15784"}],"wp:term":[{"taxonomy":"product_brand","embeddable":true,"href":"https:\/\/www.waterskis.lv\/en\/wp-json\/wp\/v2\/product_brand?post=15784"},{"taxonomy":"product_cat","embeddable":true,"href":"https:\/\/www.waterskis.lv\/en\/wp-json\/wp\/v2\/product_cat?post=15784"},{"taxonomy":"product_tag","embeddable":true,"href":"https:\/\/www.waterskis.lv\/en\/wp-json\/wp\/v2\/product_tag?post=15784"}],"curies":[{"name":"wp","href":"https:\/\/api.w.org\/{rel}","templated":true}]}}