{"id":15787,"date":"2018-12-22T13:11:18","date_gmt":"2018-12-22T10:11:18","guid":{"rendered":"https:\/\/www.waterskis.lv\/product\/wild-sup-oglekla-skiedras-airis-170-230cm-carbon-fibre\/"},"modified":"2026-02-06T18:18:45","modified_gmt":"2026-02-06T16:18:45","slug":"sup-paddle-wildsup-carbon-3-pc","status":"publish","type":"product","link":"https:\/\/www.waterskis.lv\/en\/product\/sup-paddle-wildsup-carbon-3-pc\/","title":{"rendered":"SUP paddle WILDSUP CARBON 3 PC"},"content":{"rendered":"<div class=\"block_content1 rte active\">\n<h1>SUP paddle WILDSUP CARBON 3 PC<\/h1>\n<p>SUP paddle WILDSUP CARBON 3 PC<\/p>\n<p>This 100% carbon and only 710 g paddle is designed for those who likes extra comfortable and smooth paddling. Our 3 parts carbon paddle is designed to fit WildSUP backpack side pocket for easy carrying.<\/p>\n<p>On this paddle You will find extra comfortable oval shape handle, the shaft is made with two connections, the first one is clip, which allows to adjust paddle 180 \u2013 220 cm, and the second one is pin button. The blade covered with awesome lighting design.<\/p>\n<p>Because this paddle is full carbon fibre, You must be a little bit more carefully with it when contacting rocks and other solid ground objects.<\/p>\n<\/div>\n<p id=\"table-data\" class=\"page-product-heading\">DATA SHEET<\/p>\n<table class=\"block_content2 table-data-sheet\">\n<tbody>\n<tr class=\"odd\">\n<td>Type<\/td>\n<td>SUP paddle<\/td>\n<\/tr>\n<tr class=\"even\">\n<td>Weight<\/td>\n<td>0,71 kg<\/td>\n<\/tr>\n<tr class=\"odd\">\n<td>Colour<\/td>\n<td>Black<\/td>\n<\/tr>\n<tr class=\"even\">\n<td>Shaft material<\/td>\n<td>Carbon<\/td>\n<\/tr>\n<tr class=\"odd\">\n<td>Number of parts<\/td>\n<td>3<\/td>\n<\/tr>\n<tr class=\"even\">\n<td>Blade material<\/td>\n<td>Carbon<\/td>\n<\/tr>\n<tr class=\"odd\">\n<td>Lenth (cm)<\/td>\n<td>180-220<\/td>\n<\/tr>\n<tr class=\"even\">\n<td>Shaft diameter<\/td>\n<td>30 mm<\/td>\n<\/tr>\n<tr class=\"odd\">\n<td>Joint type<\/td>\n<td>Screw-on ring<\/td>\n<\/tr>\n<tr class=\"even\">\n<td><\/td>\n<td><\/td>\n<\/tr>\n<\/tbody>\n<\/table>\n<p>&nbsp;<\/p>\n","protected":false},"excerpt":{"rendered":"<p>https:\/\/www.youtube.com\/watch?v=IgvAWQbRxeg [&#8230;]<\/p>\n<p><a class=\"btn btn-secondary understrap-read-more-link\" href=\"https:\/\/www.waterskis.lv\/en\/product\/sup-paddle-wildsup-carbon-3-pc\/\">Read More&#8230;<\/a><\/p>\n","protected":false},"featured_media":7148,"comment_status":"closed","ping_status":"closed","template":"","meta":{"_acf_changed":false,"inline_featured_image":false},"product_brand":[2452],"product_cat":[673,361,386],"product_tag":[3545,3544,3542,3188,3543],"class_list":{"0":"post-15787","1":"product","2":"type-product","3":"status-publish","4":"has-post-thumbnail","6":"product_brand-wildsup","7":"product_cat-paddles-oars","8":"product_cat-sale","9":"product_cat-sup-paddles","10":"product_tag-paddleboard-paddles","11":"product_tag-sup-board-paddles","12":"product_tag-sup-delu-airi","13":"product_tag-wildsup","14":"product_tag---sup-","16":"first","17":"instock","18":"sale","19":"shipping-taxable","20":"purchasable","21":"product-type-simple"},"acf":[],"yoast_head":"<!-- This site is optimized with the Yoast SEO plugin v27.4 - https:\/\/yoast.com\/product\/yoast-seo-wordpress\/ -->\n<title>SUP paddle WILDSUP CARBON 3 PC - WATERSKIS.LV<\/title>\n<meta name=\"description\" content=\"SUP paddle WILDSUP CARBON 3 PC. On this paddle You will find extra comfortable oval shape handle, the shaft is made with two connections\" \/>\n<meta name=\"robots\" content=\"index, follow, max-snippet:-1, max-image-preview:large, max-video-preview:-1\" \/>\n<link rel=\"canonical\" href=\"https:\/\/www.waterskis.lv\/en\/product\/sup-paddle-wildsup-carbon-3-pc\/\" \/>\n<meta property=\"og:locale\" content=\"en_US\" \/>\n<meta property=\"og:type\" content=\"article\" \/>\n<meta property=\"og:title\" content=\"SUP paddle WILDSUP CARBON 3 PC - WATERSKIS.LV\" \/>\n<meta property=\"og:description\" content=\"SUP paddle WILDSUP CARBON 3 PC. On this paddle You will find extra comfortable oval shape handle, the shaft is made with two connections\" \/>\n<meta property=\"og:url\" content=\"https:\/\/www.waterskis.lv\/en\/product\/sup-paddle-wildsup-carbon-3-pc\/\" \/>\n<meta property=\"og:site_name\" content=\"WATERSKIS.LV\" \/>\n<meta property=\"article:publisher\" content=\"https:\/\/www.facebook.com\/jurmalawaterskiwakeboardpark\/\" \/>\n<meta property=\"article:modified_time\" content=\"2026-02-06T16:18:45+00:00\" \/>\n<meta property=\"og:image\" content=\"https:\/\/www.waterskis.lv\/wp-content\/uploads\/2018\/12\/Carbon2.php_.jpg\" \/>\n\t<meta property=\"og:image:width\" content=\"600\" \/>\n\t<meta property=\"og:image:height\" content=\"600\" \/>\n\t<meta property=\"og:image:type\" content=\"image\/jpeg\" \/>\n<meta name=\"twitter:card\" content=\"summary_large_image\" \/>\n<meta name=\"twitter:label1\" content=\"Est. reading time\" \/>\n\t<meta name=\"twitter:data1\" content=\"2 minutes\" \/>\n<script type=\"application\/ld+json\" class=\"yoast-schema-graph\">{\"@context\":\"https:\\\/\\\/schema.org\",\"@graph\":[{\"@type\":\"WebPage\",\"@id\":\"https:\\\/\\\/www.waterskis.lv\\\/en\\\/product\\\/sup-paddle-wildsup-carbon-3-pc\\\/\",\"url\":\"https:\\\/\\\/www.waterskis.lv\\\/en\\\/product\\\/sup-paddle-wildsup-carbon-3-pc\\\/\",\"name\":\"SUP paddle WILDSUP CARBON 3 PC - WATERSKIS.LV\",\"isPartOf\":{\"@id\":\"https:\\\/\\\/www.waterskis.lv\\\/en\\\/#website\"},\"primaryImageOfPage\":{\"@id\":\"https:\\\/\\\/www.waterskis.lv\\\/en\\\/product\\\/sup-paddle-wildsup-carbon-3-pc\\\/#primaryimage\"},\"image\":{\"@id\":\"https:\\\/\\\/www.waterskis.lv\\\/en\\\/product\\\/sup-paddle-wildsup-carbon-3-pc\\\/#primaryimage\"},\"thumbnailUrl\":\"https:\\\/\\\/www.waterskis.lv\\\/wp-content\\\/uploads\\\/2018\\\/12\\\/Carbon2.php_.jpg\",\"datePublished\":\"2018-12-22T10:11:18+00:00\",\"dateModified\":\"2026-02-06T16:18:45+00:00\",\"description\":\"SUP paddle WILDSUP CARBON 3 PC. On this paddle You will find extra comfortable oval shape handle, the shaft is made with two connections\",\"breadcrumb\":{\"@id\":\"https:\\\/\\\/www.waterskis.lv\\\/en\\\/product\\\/sup-paddle-wildsup-carbon-3-pc\\\/#breadcrumb\"},\"inLanguage\":\"en-US\",\"potentialAction\":[{\"@type\":\"ReadAction\",\"target\":[\"https:\\\/\\\/www.waterskis.lv\\\/en\\\/product\\\/sup-paddle-wildsup-carbon-3-pc\\\/\"]}]},{\"@type\":\"ImageObject\",\"inLanguage\":\"en-US\",\"@id\":\"https:\\\/\\\/www.waterskis.lv\\\/en\\\/product\\\/sup-paddle-wildsup-carbon-3-pc\\\/#primaryimage\",\"url\":\"https:\\\/\\\/www.waterskis.lv\\\/wp-content\\\/uploads\\\/2018\\\/12\\\/Carbon2.php_.jpg\",\"contentUrl\":\"https:\\\/\\\/www.waterskis.lv\\\/wp-content\\\/uploads\\\/2018\\\/12\\\/Carbon2.php_.jpg\",\"width\":600,\"height\":600,\"caption\":\"WILD SUP board paddle 170-230 cm Carbon Fibre\"},{\"@type\":\"BreadcrumbList\",\"@id\":\"https:\\\/\\\/www.waterskis.lv\\\/en\\\/product\\\/sup-paddle-wildsup-carbon-3-pc\\\/#breadcrumb\",\"itemListElement\":[{\"@type\":\"ListItem\",\"position\":1,\"name\":\"Home\",\"item\":\"https:\\\/\\\/www.waterskis.lv\\\/en\\\/\"},{\"@type\":\"ListItem\",\"position\":2,\"name\":\"Shop\",\"item\":\"https:\\\/\\\/waterskis.lv\\\/en\\\/shop\\\/\"},{\"@type\":\"ListItem\",\"position\":3,\"name\":\"SUP paddle WILDSUP CARBON 3 PC\"}]},{\"@type\":\"WebSite\",\"@id\":\"https:\\\/\\\/www.waterskis.lv\\\/en\\\/#website\",\"url\":\"https:\\\/\\\/www.waterskis.lv\\\/en\\\/\",\"name\":\"WATERSKIS.LV\",\"description\":\"SUP d\u0113\u013ci, kajaki, kanoe, airu laivas, \u016bdenssl\u0113po\u0161ana, veikbords, SUP d\u0113\u013cu noma, kajaku nomaakt\u012bv\u0101s atp\u016btas centrs, laivu noma, sup noma, kajaku noma\",\"publisher\":{\"@id\":\"https:\\\/\\\/www.waterskis.lv\\\/en\\\/#organization\"},\"potentialAction\":[{\"@type\":\"SearchAction\",\"target\":{\"@type\":\"EntryPoint\",\"urlTemplate\":\"https:\\\/\\\/www.waterskis.lv\\\/en\\\/?s={search_term_string}\"},\"query-input\":{\"@type\":\"PropertyValueSpecification\",\"valueRequired\":true,\"valueName\":\"search_term_string\"}}],\"inLanguage\":\"en-US\"},{\"@type\":\"Organization\",\"@id\":\"https:\\\/\\\/www.waterskis.lv\\\/en\\\/#organization\",\"name\":\"WATERSKIS.LV\",\"url\":\"https:\\\/\\\/www.waterskis.lv\\\/en\\\/\",\"logo\":{\"@type\":\"ImageObject\",\"inLanguage\":\"en-US\",\"@id\":\"https:\\\/\\\/www.waterskis.lv\\\/en\\\/#\\\/schema\\\/logo\\\/image\\\/\",\"url\":\"https:\\\/\\\/www.waterskis.lv\\\/wp-content\\\/uploads\\\/2025\\\/01\\\/JUVP-logo.png\",\"contentUrl\":\"https:\\\/\\\/www.waterskis.lv\\\/wp-content\\\/uploads\\\/2025\\\/01\\\/JUVP-logo.png\",\"width\":421,\"height\":202,\"caption\":\"WATERSKIS.LV\"},\"image\":{\"@id\":\"https:\\\/\\\/www.waterskis.lv\\\/en\\\/#\\\/schema\\\/logo\\\/image\\\/\"},\"sameAs\":[\"https:\\\/\\\/www.facebook.com\\\/jurmalawaterskiwakeboardpark\\\/\"]}]}<\/script>\n<!-- \/ Yoast SEO plugin. -->","yoast_head_json":{"title":"SUP paddle WILDSUP CARBON 3 PC - WATERSKIS.LV","description":"SUP paddle WILDSUP CARBON 3 PC. On this paddle You will find extra comfortable oval shape handle, the shaft is made with two connections","robots":{"index":"index","follow":"follow","max-snippet":"max-snippet:-1","max-image-preview":"max-image-preview:large","max-video-preview":"max-video-preview:-1"},"canonical":"https:\/\/www.waterskis.lv\/en\/product\/sup-paddle-wildsup-carbon-3-pc\/","og_locale":"en_US","og_type":"article","og_title":"SUP paddle WILDSUP CARBON 3 PC - WATERSKIS.LV","og_description":"SUP paddle WILDSUP CARBON 3 PC. On this paddle You will find extra comfortable oval shape handle, the shaft is made with two connections","og_url":"https:\/\/www.waterskis.lv\/en\/product\/sup-paddle-wildsup-carbon-3-pc\/","og_site_name":"WATERSKIS.LV","article_publisher":"https:\/\/www.facebook.com\/jurmalawaterskiwakeboardpark\/","article_modified_time":"2026-02-06T16:18:45+00:00","og_image":[{"width":600,"height":600,"url":"https:\/\/www.waterskis.lv\/wp-content\/uploads\/2018\/12\/Carbon2.php_.jpg","type":"image\/jpeg"}],"twitter_card":"summary_large_image","twitter_misc":{"Est. reading time":"2 minutes"},"schema":{"@context":"https:\/\/schema.org","@graph":[{"@type":"WebPage","@id":"https:\/\/www.waterskis.lv\/en\/product\/sup-paddle-wildsup-carbon-3-pc\/","url":"https:\/\/www.waterskis.lv\/en\/product\/sup-paddle-wildsup-carbon-3-pc\/","name":"SUP paddle WILDSUP CARBON 3 PC - WATERSKIS.LV","isPartOf":{"@id":"https:\/\/www.waterskis.lv\/en\/#website"},"primaryImageOfPage":{"@id":"https:\/\/www.waterskis.lv\/en\/product\/sup-paddle-wildsup-carbon-3-pc\/#primaryimage"},"image":{"@id":"https:\/\/www.waterskis.lv\/en\/product\/sup-paddle-wildsup-carbon-3-pc\/#primaryimage"},"thumbnailUrl":"https:\/\/www.waterskis.lv\/wp-content\/uploads\/2018\/12\/Carbon2.php_.jpg","datePublished":"2018-12-22T10:11:18+00:00","dateModified":"2026-02-06T16:18:45+00:00","description":"SUP paddle WILDSUP CARBON 3 PC. On this paddle You will find extra comfortable oval shape handle, the shaft is made with two connections","breadcrumb":{"@id":"https:\/\/www.waterskis.lv\/en\/product\/sup-paddle-wildsup-carbon-3-pc\/#breadcrumb"},"inLanguage":"en-US","potentialAction":[{"@type":"ReadAction","target":["https:\/\/www.waterskis.lv\/en\/product\/sup-paddle-wildsup-carbon-3-pc\/"]}]},{"@type":"ImageObject","inLanguage":"en-US","@id":"https:\/\/www.waterskis.lv\/en\/product\/sup-paddle-wildsup-carbon-3-pc\/#primaryimage","url":"https:\/\/www.waterskis.lv\/wp-content\/uploads\/2018\/12\/Carbon2.php_.jpg","contentUrl":"https:\/\/www.waterskis.lv\/wp-content\/uploads\/2018\/12\/Carbon2.php_.jpg","width":600,"height":600,"caption":"WILD SUP board paddle 170-230 cm Carbon Fibre"},{"@type":"BreadcrumbList","@id":"https:\/\/www.waterskis.lv\/en\/product\/sup-paddle-wildsup-carbon-3-pc\/#breadcrumb","itemListElement":[{"@type":"ListItem","position":1,"name":"Home","item":"https:\/\/www.waterskis.lv\/en\/"},{"@type":"ListItem","position":2,"name":"Shop","item":"https:\/\/waterskis.lv\/en\/shop\/"},{"@type":"ListItem","position":3,"name":"SUP paddle WILDSUP CARBON 3 PC"}]},{"@type":"WebSite","@id":"https:\/\/www.waterskis.lv\/en\/#website","url":"https:\/\/www.waterskis.lv\/en\/","name":"WATERSKIS.LV","description":"SUP d\u0113\u013ci, kajaki, kanoe, airu laivas, \u016bdenssl\u0113po\u0161ana, veikbords, SUP d\u0113\u013cu noma, kajaku nomaakt\u012bv\u0101s atp\u016btas centrs, laivu noma, sup noma, kajaku noma","publisher":{"@id":"https:\/\/www.waterskis.lv\/en\/#organization"},"potentialAction":[{"@type":"SearchAction","target":{"@type":"EntryPoint","urlTemplate":"https:\/\/www.waterskis.lv\/en\/?s={search_term_string}"},"query-input":{"@type":"PropertyValueSpecification","valueRequired":true,"valueName":"search_term_string"}}],"inLanguage":"en-US"},{"@type":"Organization","@id":"https:\/\/www.waterskis.lv\/en\/#organization","name":"WATERSKIS.LV","url":"https:\/\/www.waterskis.lv\/en\/","logo":{"@type":"ImageObject","inLanguage":"en-US","@id":"https:\/\/www.waterskis.lv\/en\/#\/schema\/logo\/image\/","url":"https:\/\/www.waterskis.lv\/wp-content\/uploads\/2025\/01\/JUVP-logo.png","contentUrl":"https:\/\/www.waterskis.lv\/wp-content\/uploads\/2025\/01\/JUVP-logo.png","width":421,"height":202,"caption":"WATERSKIS.LV"},"image":{"@id":"https:\/\/www.waterskis.lv\/en\/#\/schema\/logo\/image\/"},"sameAs":["https:\/\/www.facebook.com\/jurmalawaterskiwakeboardpark\/"]}]}},"_links":{"self":[{"href":"https:\/\/www.waterskis.lv\/en\/wp-json\/wp\/v2\/product\/15787","targetHints":{"allow":["GET"]}}],"collection":[{"href":"https:\/\/www.waterskis.lv\/en\/wp-json\/wp\/v2\/product"}],"about":[{"href":"https:\/\/www.waterskis.lv\/en\/wp-json\/wp\/v2\/types\/product"}],"replies":[{"embeddable":true,"href":"https:\/\/www.waterskis.lv\/en\/wp-json\/wp\/v2\/comments?post=15787"}],"wp:featuredmedia":[{"embeddable":true,"href":"https:\/\/www.waterskis.lv\/en\/wp-json\/wp\/v2\/media\/7148"}],"wp:attachment":[{"href":"https:\/\/www.waterskis.lv\/en\/wp-json\/wp\/v2\/media?parent=15787"}],"wp:term":[{"taxonomy":"product_brand","embeddable":true,"href":"https:\/\/www.waterskis.lv\/en\/wp-json\/wp\/v2\/product_brand?post=15787"},{"taxonomy":"product_cat","embeddable":true,"href":"https:\/\/www.waterskis.lv\/en\/wp-json\/wp\/v2\/product_cat?post=15787"},{"taxonomy":"product_tag","embeddable":true,"href":"https:\/\/www.waterskis.lv\/en\/wp-json\/wp\/v2\/product_tag?post=15787"}],"curies":[{"name":"wp","href":"https:\/\/api.w.org\/{rel}","templated":true}]}}