{"id":15822,"date":"2019-04-04T15:56:04","date_gmt":"2019-04-04T12:56:04","guid":{"rendered":"https:\/\/www.waterskis.lv\/product\/kanoe-airis-egalis-river\/"},"modified":"2022-12-01T00:00:09","modified_gmt":"2022-11-30T21:00:09","slug":"kanoe-airis-egalis-river","status":"publish","type":"product","link":"https:\/\/www.waterskis.lv\/en\/product\/kanoe-airis-egalis-river\/","title":{"rendered":"Canoe paddle EGALIS RIVER"},"content":{"rendered":"<p>Canoe paddle EGALIS RIVER<\/p>\n<table class=\"block_content2 table-data-sheet\">\n<tbody>\n<tr class=\"odd\">\n<td>Type<\/td>\n<td>All-round paddle<\/td>\n<\/tr>\n<tr class=\"even\">\n<td>Shaft material<\/td>\n<td>aluminum<\/td>\n<\/tr>\n<tr class=\"odd\">\n<td>Number of parts<\/td>\n<td>1<\/td>\n<\/tr>\n<tr class=\"even\">\n<td>Blade material<\/td>\n<td>PP<\/td>\n<\/tr>\n<tr class=\"odd\">\n<td>Length (cm)<\/td>\n<td>140; 150; 160<\/td>\n<\/tr>\n<tr class=\"even\">\n<td>Blade surface<\/td>\n<td>775<\/td>\n<\/tr>\n<tr class=\"odd\">\n<td>Shaft diameter<\/td>\n<td>28 mm<\/td>\n<\/tr>\n<tr class=\"even\">\n<td>Purpose of usage<\/td>\n<td>Universal<\/td>\n<\/tr>\n<tr class=\"odd\">\n<td>Country of origin<\/td>\n<td>France<\/td>\n<\/tr>\n<\/tbody>\n<\/table>\n<p>Color: blue, green, red, yellow<\/p>\n<p>Versatile and durable canoe and raft. Polypropylene blades and aluminum handle will withstand the most difficult rowing conditions. Comfortable handle for greater comfort.<\/p>\n<p>FOUNDED IN 1962 THE COMPANY MANUFACTURED AND MARKETED WOODEN OARS AND PADDLES, ADDED ACCESSORIES FOR CAMPING AND BOATING LATER. IN THE 80S THE COMPANY BEGAN DEVELOPING A RANGE OF ALUMINUM AND PLASTIC PADDLES, A RANGE THAT WILL CONTINUE THEREFORE TO DEVELOP INTO TODAY THE RANGE OF A EUROPEAN LEADER IN ITS FIELD! THE COMPANY HAS ALSO HAD EXPERIENCE IN SEWING FOR MANY, MANY YEARS. PRODUCTION TAKES PLACE IN FRANCE. EGALIS OFFERS DIFFERENT TECHNOLOGIES IN PLASTIC INJECTION. THE MACHINERY AND PRODUCTION METHODS IS CONSTANTLY EVOLVING.<\/p>\n<p>Canoe paddle EGALIS RIVER<\/p>\n<p><iframe title=\"Egalis factory\" width=\"640\" height=\"360\" src=\"https:\/\/www.youtube.com\/embed\/91RMoF5mvRM?start=61&#038;feature=oembed\" frameborder=\"0\" allow=\"accelerometer; autoplay; clipboard-write; encrypted-media; gyroscope; picture-in-picture; web-share\" referrerpolicy=\"strict-origin-when-cross-origin\" allowfullscreen><\/iframe><\/p>\n","protected":false},"excerpt":{"rendered":"<p>https:\/\/www.youtube.com\/watch?v=91RMoF5mvRM&amp;t=19s [&#8230;]<\/p>\n<p><a class=\"btn btn-secondary understrap-read-more-link\" href=\"https:\/\/www.waterskis.lv\/en\/product\/kanoe-airis-egalis-river\/\">Read More&#8230;<\/a><\/p>\n","protected":false},"featured_media":10893,"comment_status":"closed","ping_status":"closed","template":"","meta":{"_acf_changed":false,"inline_featured_image":false},"product_brand":[],"product_cat":[554,673],"product_tag":[],"class_list":{"0":"post-15822","1":"product","2":"type-product","3":"status-publish","4":"has-post-thumbnail","6":"product_cat-canoe-paddles","7":"product_cat-paddles-oars","9":"first","10":"instock","11":"shipping-taxable","12":"purchasable","13":"product-type-simple"},"acf":[],"yoast_head":"<!-- This site is optimized with the Yoast SEO plugin v27.4 - https:\/\/yoast.com\/product\/yoast-seo-wordpress\/ -->\n<title>Canoe paddle EGALIS RIVER - WATERSKIS.LV<\/title>\n<meta name=\"description\" content=\"Canoe paddle EGALIS RIVER. Waterskis.lv - established manufacturers, high quality, good prices. Boat rental and more in Jurmala\" \/>\n<meta name=\"robots\" content=\"index, follow, max-snippet:-1, max-image-preview:large, max-video-preview:-1\" \/>\n<link rel=\"canonical\" href=\"https:\/\/www.waterskis.lv\/en\/product\/kanoe-airis-egalis-river\/\" \/>\n<meta property=\"og:locale\" content=\"en_US\" \/>\n<meta property=\"og:type\" content=\"article\" \/>\n<meta property=\"og:title\" content=\"Canoe paddle EGALIS RIVER - WATERSKIS.LV\" \/>\n<meta property=\"og:description\" content=\"Canoe paddle EGALIS RIVER. Waterskis.lv - established manufacturers, high quality, good prices. Boat rental and more in Jurmala\" \/>\n<meta property=\"og:url\" content=\"https:\/\/www.waterskis.lv\/en\/product\/kanoe-airis-egalis-river\/\" \/>\n<meta property=\"og:site_name\" content=\"WATERSKIS.LV\" \/>\n<meta property=\"article:publisher\" content=\"https:\/\/www.facebook.com\/jurmalawaterskiwakeboardpark\/\" \/>\n<meta property=\"article:modified_time\" content=\"2022-11-30T21:00:09+00:00\" \/>\n<meta property=\"og:image\" content=\"https:\/\/www.waterskis.lv\/wp-content\/uploads\/2019\/04\/Egalis.php_.png\" \/>\n\t<meta property=\"og:image:width\" content=\"600\" \/>\n\t<meta property=\"og:image:height\" content=\"600\" \/>\n\t<meta property=\"og:image:type\" content=\"image\/png\" \/>\n<meta name=\"twitter:card\" content=\"summary_large_image\" \/>\n<meta name=\"twitter:label1\" content=\"Est. reading time\" \/>\n\t<meta name=\"twitter:data1\" content=\"1 minute\" \/>\n<script type=\"application\/ld+json\" class=\"yoast-schema-graph\">{\"@context\":\"https:\\\/\\\/schema.org\",\"@graph\":[{\"@type\":\"WebPage\",\"@id\":\"https:\\\/\\\/www.waterskis.lv\\\/en\\\/product\\\/kanoe-airis-egalis-river\\\/\",\"url\":\"https:\\\/\\\/www.waterskis.lv\\\/en\\\/product\\\/kanoe-airis-egalis-river\\\/\",\"name\":\"Canoe paddle EGALIS RIVER - WATERSKIS.LV\",\"isPartOf\":{\"@id\":\"https:\\\/\\\/www.waterskis.lv\\\/en\\\/#website\"},\"primaryImageOfPage\":{\"@id\":\"https:\\\/\\\/www.waterskis.lv\\\/en\\\/product\\\/kanoe-airis-egalis-river\\\/#primaryimage\"},\"image\":{\"@id\":\"https:\\\/\\\/www.waterskis.lv\\\/en\\\/product\\\/kanoe-airis-egalis-river\\\/#primaryimage\"},\"thumbnailUrl\":\"https:\\\/\\\/www.waterskis.lv\\\/wp-content\\\/uploads\\\/2019\\\/04\\\/Egalis.php_.png\",\"datePublished\":\"2019-04-04T12:56:04+00:00\",\"dateModified\":\"2022-11-30T21:00:09+00:00\",\"description\":\"Canoe paddle EGALIS RIVER. Waterskis.lv - established manufacturers, high quality, good prices. Boat rental and more in Jurmala\",\"breadcrumb\":{\"@id\":\"https:\\\/\\\/www.waterskis.lv\\\/en\\\/product\\\/kanoe-airis-egalis-river\\\/#breadcrumb\"},\"inLanguage\":\"en-US\",\"potentialAction\":[{\"@type\":\"ReadAction\",\"target\":[\"https:\\\/\\\/www.waterskis.lv\\\/en\\\/product\\\/kanoe-airis-egalis-river\\\/\"]}]},{\"@type\":\"ImageObject\",\"inLanguage\":\"en-US\",\"@id\":\"https:\\\/\\\/www.waterskis.lv\\\/en\\\/product\\\/kanoe-airis-egalis-river\\\/#primaryimage\",\"url\":\"https:\\\/\\\/www.waterskis.lv\\\/wp-content\\\/uploads\\\/2019\\\/04\\\/Egalis.php_.png\",\"contentUrl\":\"https:\\\/\\\/www.waterskis.lv\\\/wp-content\\\/uploads\\\/2019\\\/04\\\/Egalis.php_.png\",\"width\":600,\"height\":600,\"caption\":\"Canoe paddle EGALIS RIVER\"},{\"@type\":\"BreadcrumbList\",\"@id\":\"https:\\\/\\\/www.waterskis.lv\\\/en\\\/product\\\/kanoe-airis-egalis-river\\\/#breadcrumb\",\"itemListElement\":[{\"@type\":\"ListItem\",\"position\":1,\"name\":\"Home\",\"item\":\"https:\\\/\\\/www.waterskis.lv\\\/en\\\/\"},{\"@type\":\"ListItem\",\"position\":2,\"name\":\"Shop\",\"item\":\"https:\\\/\\\/waterskis.lv\\\/en\\\/shop\\\/\"},{\"@type\":\"ListItem\",\"position\":3,\"name\":\"Canoe paddle EGALIS RIVER\"}]},{\"@type\":\"WebSite\",\"@id\":\"https:\\\/\\\/www.waterskis.lv\\\/en\\\/#website\",\"url\":\"https:\\\/\\\/www.waterskis.lv\\\/en\\\/\",\"name\":\"WATERSKIS.LV\",\"description\":\"SUP d\u0113\u013ci, kajaki, kanoe, airu laivas, \u016bdenssl\u0113po\u0161ana, veikbords, SUP d\u0113\u013cu noma, kajaku nomaakt\u012bv\u0101s atp\u016btas centrs, laivu noma, sup noma, kajaku noma\",\"publisher\":{\"@id\":\"https:\\\/\\\/www.waterskis.lv\\\/en\\\/#organization\"},\"potentialAction\":[{\"@type\":\"SearchAction\",\"target\":{\"@type\":\"EntryPoint\",\"urlTemplate\":\"https:\\\/\\\/www.waterskis.lv\\\/en\\\/?s={search_term_string}\"},\"query-input\":{\"@type\":\"PropertyValueSpecification\",\"valueRequired\":true,\"valueName\":\"search_term_string\"}}],\"inLanguage\":\"en-US\"},{\"@type\":\"Organization\",\"@id\":\"https:\\\/\\\/www.waterskis.lv\\\/en\\\/#organization\",\"name\":\"WATERSKIS.LV\",\"url\":\"https:\\\/\\\/www.waterskis.lv\\\/en\\\/\",\"logo\":{\"@type\":\"ImageObject\",\"inLanguage\":\"en-US\",\"@id\":\"https:\\\/\\\/www.waterskis.lv\\\/en\\\/#\\\/schema\\\/logo\\\/image\\\/\",\"url\":\"https:\\\/\\\/www.waterskis.lv\\\/wp-content\\\/uploads\\\/2025\\\/01\\\/JUVP-logo.png\",\"contentUrl\":\"https:\\\/\\\/www.waterskis.lv\\\/wp-content\\\/uploads\\\/2025\\\/01\\\/JUVP-logo.png\",\"width\":421,\"height\":202,\"caption\":\"WATERSKIS.LV\"},\"image\":{\"@id\":\"https:\\\/\\\/www.waterskis.lv\\\/en\\\/#\\\/schema\\\/logo\\\/image\\\/\"},\"sameAs\":[\"https:\\\/\\\/www.facebook.com\\\/jurmalawaterskiwakeboardpark\\\/\"]}]}<\/script>\n<!-- \/ Yoast SEO plugin. -->","yoast_head_json":{"title":"Canoe paddle EGALIS RIVER - WATERSKIS.LV","description":"Canoe paddle EGALIS RIVER. Waterskis.lv - established manufacturers, high quality, good prices. Boat rental and more in Jurmala","robots":{"index":"index","follow":"follow","max-snippet":"max-snippet:-1","max-image-preview":"max-image-preview:large","max-video-preview":"max-video-preview:-1"},"canonical":"https:\/\/www.waterskis.lv\/en\/product\/kanoe-airis-egalis-river\/","og_locale":"en_US","og_type":"article","og_title":"Canoe paddle EGALIS RIVER - WATERSKIS.LV","og_description":"Canoe paddle EGALIS RIVER. Waterskis.lv - established manufacturers, high quality, good prices. Boat rental and more in Jurmala","og_url":"https:\/\/www.waterskis.lv\/en\/product\/kanoe-airis-egalis-river\/","og_site_name":"WATERSKIS.LV","article_publisher":"https:\/\/www.facebook.com\/jurmalawaterskiwakeboardpark\/","article_modified_time":"2022-11-30T21:00:09+00:00","og_image":[{"width":600,"height":600,"url":"https:\/\/www.waterskis.lv\/wp-content\/uploads\/2019\/04\/Egalis.php_.png","type":"image\/png"}],"twitter_card":"summary_large_image","twitter_misc":{"Est. reading time":"1 minute"},"schema":{"@context":"https:\/\/schema.org","@graph":[{"@type":"WebPage","@id":"https:\/\/www.waterskis.lv\/en\/product\/kanoe-airis-egalis-river\/","url":"https:\/\/www.waterskis.lv\/en\/product\/kanoe-airis-egalis-river\/","name":"Canoe paddle EGALIS RIVER - WATERSKIS.LV","isPartOf":{"@id":"https:\/\/www.waterskis.lv\/en\/#website"},"primaryImageOfPage":{"@id":"https:\/\/www.waterskis.lv\/en\/product\/kanoe-airis-egalis-river\/#primaryimage"},"image":{"@id":"https:\/\/www.waterskis.lv\/en\/product\/kanoe-airis-egalis-river\/#primaryimage"},"thumbnailUrl":"https:\/\/www.waterskis.lv\/wp-content\/uploads\/2019\/04\/Egalis.php_.png","datePublished":"2019-04-04T12:56:04+00:00","dateModified":"2022-11-30T21:00:09+00:00","description":"Canoe paddle EGALIS RIVER. Waterskis.lv - established manufacturers, high quality, good prices. Boat rental and more in Jurmala","breadcrumb":{"@id":"https:\/\/www.waterskis.lv\/en\/product\/kanoe-airis-egalis-river\/#breadcrumb"},"inLanguage":"en-US","potentialAction":[{"@type":"ReadAction","target":["https:\/\/www.waterskis.lv\/en\/product\/kanoe-airis-egalis-river\/"]}]},{"@type":"ImageObject","inLanguage":"en-US","@id":"https:\/\/www.waterskis.lv\/en\/product\/kanoe-airis-egalis-river\/#primaryimage","url":"https:\/\/www.waterskis.lv\/wp-content\/uploads\/2019\/04\/Egalis.php_.png","contentUrl":"https:\/\/www.waterskis.lv\/wp-content\/uploads\/2019\/04\/Egalis.php_.png","width":600,"height":600,"caption":"Canoe paddle EGALIS RIVER"},{"@type":"BreadcrumbList","@id":"https:\/\/www.waterskis.lv\/en\/product\/kanoe-airis-egalis-river\/#breadcrumb","itemListElement":[{"@type":"ListItem","position":1,"name":"Home","item":"https:\/\/www.waterskis.lv\/en\/"},{"@type":"ListItem","position":2,"name":"Shop","item":"https:\/\/waterskis.lv\/en\/shop\/"},{"@type":"ListItem","position":3,"name":"Canoe paddle EGALIS RIVER"}]},{"@type":"WebSite","@id":"https:\/\/www.waterskis.lv\/en\/#website","url":"https:\/\/www.waterskis.lv\/en\/","name":"WATERSKIS.LV","description":"SUP d\u0113\u013ci, kajaki, kanoe, airu laivas, \u016bdenssl\u0113po\u0161ana, veikbords, SUP d\u0113\u013cu noma, kajaku nomaakt\u012bv\u0101s atp\u016btas centrs, laivu noma, sup noma, kajaku noma","publisher":{"@id":"https:\/\/www.waterskis.lv\/en\/#organization"},"potentialAction":[{"@type":"SearchAction","target":{"@type":"EntryPoint","urlTemplate":"https:\/\/www.waterskis.lv\/en\/?s={search_term_string}"},"query-input":{"@type":"PropertyValueSpecification","valueRequired":true,"valueName":"search_term_string"}}],"inLanguage":"en-US"},{"@type":"Organization","@id":"https:\/\/www.waterskis.lv\/en\/#organization","name":"WATERSKIS.LV","url":"https:\/\/www.waterskis.lv\/en\/","logo":{"@type":"ImageObject","inLanguage":"en-US","@id":"https:\/\/www.waterskis.lv\/en\/#\/schema\/logo\/image\/","url":"https:\/\/www.waterskis.lv\/wp-content\/uploads\/2025\/01\/JUVP-logo.png","contentUrl":"https:\/\/www.waterskis.lv\/wp-content\/uploads\/2025\/01\/JUVP-logo.png","width":421,"height":202,"caption":"WATERSKIS.LV"},"image":{"@id":"https:\/\/www.waterskis.lv\/en\/#\/schema\/logo\/image\/"},"sameAs":["https:\/\/www.facebook.com\/jurmalawaterskiwakeboardpark\/"]}]}},"_links":{"self":[{"href":"https:\/\/www.waterskis.lv\/en\/wp-json\/wp\/v2\/product\/15822","targetHints":{"allow":["GET"]}}],"collection":[{"href":"https:\/\/www.waterskis.lv\/en\/wp-json\/wp\/v2\/product"}],"about":[{"href":"https:\/\/www.waterskis.lv\/en\/wp-json\/wp\/v2\/types\/product"}],"replies":[{"embeddable":true,"href":"https:\/\/www.waterskis.lv\/en\/wp-json\/wp\/v2\/comments?post=15822"}],"wp:featuredmedia":[{"embeddable":true,"href":"https:\/\/www.waterskis.lv\/en\/wp-json\/wp\/v2\/media\/10893"}],"wp:attachment":[{"href":"https:\/\/www.waterskis.lv\/en\/wp-json\/wp\/v2\/media?parent=15822"}],"wp:term":[{"taxonomy":"product_brand","embeddable":true,"href":"https:\/\/www.waterskis.lv\/en\/wp-json\/wp\/v2\/product_brand?post=15822"},{"taxonomy":"product_cat","embeddable":true,"href":"https:\/\/www.waterskis.lv\/en\/wp-json\/wp\/v2\/product_cat?post=15822"},{"taxonomy":"product_tag","embeddable":true,"href":"https:\/\/www.waterskis.lv\/en\/wp-json\/wp\/v2\/product_tag?post=15822"}],"curies":[{"name":"wp","href":"https:\/\/api.w.org\/{rel}","templated":true}]}}