{"id":15844,"date":"2019-04-04T11:55:52","date_gmt":"2019-04-04T08:55:52","guid":{"rendered":"https:\/\/www.waterskis.lv\/product\/kanoe-samba-45-3-vietas\/"},"modified":"2022-02-19T13:18:43","modified_gmt":"2022-02-19T10:18:43","slug":"canoe-zelezny-s%d0%b0%d0%bcba-45-2","status":"publish","type":"product","link":"https:\/\/www.waterskis.lv\/en\/product\/canoe-zelezny-s%d0%b0%d0%bcba-45-2\/","title":{"rendered":"Canoe ZELEZNY S\u0410\u041cBA 4,5 (2)"},"content":{"rendered":"<p>Canoe ZELEZNY S\u0410\u041cBA 4,5 (2)<\/p>\n<p>Stable, easy to maneuver canoe<\/p>\n<p>Weight: 35 kg<\/p>\n<p>Dimensions: 450 x 88 cm<\/p>\n<p>Payload: 300 kg<\/p>\n<p>Type: tourist canoe<\/p>\n<p>Material: HDPE<\/p>\n<p>Manufacturer: Zelezny (Czech Republic)<\/p>\n<p>Number of places: 2<\/p>\n<p>Color: blue, green, red, yellow<\/p>\n<p>Zelezny Samba 4,5 is a durable, safe, stable polyethylene boat. Recommended for personal use and rental. The boat&#8217;s simple construction ensures its longevity and does not require special maintenance. Made of extruded polyethylene, which is not afraid of strong shocks and is resistant to extreme conditions. Versatile and easy-to-use canoe with sturdy seats. A great choice for those looking for a stable and reliable ship.<\/p>\n<p>&nbsp;<\/p>\n<p>Canoe ZELEZNY S\u0410\u041cBA 4,5 (2)<\/p>\n<p><iframe title=\"Kurz Instruktor vodn\u00ed turistiky\" width=\"640\" height=\"360\" src=\"https:\/\/www.youtube.com\/embed\/Xjk7WryTu3E?feature=oembed\" frameborder=\"0\" allow=\"accelerometer; autoplay; clipboard-write; encrypted-media; gyroscope; picture-in-picture; web-share\" referrerpolicy=\"strict-origin-when-cross-origin\" allowfullscreen><\/iframe><\/p>\n","protected":false},"excerpt":{"rendered":"<p>https:\/\/www.youtube.com\/watch?v=Xjk7WryTu3E<\/p>\n<p>https:\/\/www.youtube.com\/watch?v=DSrtQbrG8A4<\/p>\n<p> [&#8230;]<\/p>\n<p><a class=\"btn btn-secondary understrap-read-more-link\" href=\"https:\/\/www.waterskis.lv\/en\/product\/canoe-zelezny-s%d0%b0%d0%bcba-45-2\/\">Read More&#8230;<\/a><\/p>\n","protected":false},"featured_media":10825,"comment_status":"closed","ping_status":"closed","template":"","meta":{"_acf_changed":false,"inline_featured_image":false},"product_brand":[],"product_cat":[497,553],"product_tag":[],"class_list":{"0":"post-15844","1":"product","2":"type-product","3":"status-publish","4":"has-post-thumbnail","6":"product_cat-canoe-boats","7":"product_cat-polyethylene-canoes","9":"first","10":"instock","11":"shipping-taxable","12":"product-type-simple"},"acf":[],"yoast_head":"<!-- This site is optimized with the Yoast SEO plugin v27.4 - https:\/\/yoast.com\/product\/yoast-seo-wordpress\/ -->\n<title>Canoe ZELEZNY S\u0410\u041cBA 4,5 (2) - WATERSKIS.LV<\/title>\n<meta name=\"description\" content=\"Canoe ZELEZNY S\u0410\u041cBA 4,5 (2). Waterskis.lv - established manufacturers, high quality, good price. Boat rental in Jurmala\" \/>\n<meta name=\"robots\" content=\"index, follow, max-snippet:-1, max-image-preview:large, max-video-preview:-1\" \/>\n<link rel=\"canonical\" href=\"https:\/\/www.waterskis.lv\/en\/product\/canoe-zelezny-s%d0%b0%d0%bcba-45-2\/\" \/>\n<meta property=\"og:locale\" content=\"en_US\" \/>\n<meta property=\"og:type\" content=\"article\" \/>\n<meta property=\"og:title\" content=\"Canoe ZELEZNY S\u0410\u041cBA 4,5 (2)\" \/>\n<meta property=\"og:description\" content=\"Canoe ZELEZNY S\u0410\u041cBA 4,5 (2)\" \/>\n<meta property=\"og:url\" content=\"https:\/\/www.waterskis.lv\/en\/product\/canoe-zelezny-s%d0%b0%d0%bcba-45-2\/\" \/>\n<meta property=\"og:site_name\" content=\"WATERSKIS.LV\" \/>\n<meta property=\"article:publisher\" content=\"https:\/\/www.facebook.com\/jurmalawaterskiwakeboardpark\/\" \/>\n<meta property=\"article:modified_time\" content=\"2022-02-19T10:18:43+00:00\" \/>\n<meta property=\"og:image\" content=\"https:\/\/www.waterskis.lv\/wp-content\/uploads\/2019\/04\/Samba2.php_.jpg\" \/>\n<meta name=\"twitter:card\" content=\"summary_large_image\" \/>\n<meta name=\"twitter:label1\" content=\"Est. reading time\" \/>\n\t<meta name=\"twitter:data1\" content=\"1 minute\" \/>\n<script type=\"application\/ld+json\" class=\"yoast-schema-graph\">{\"@context\":\"https:\\\/\\\/schema.org\",\"@graph\":[{\"@type\":\"WebPage\",\"@id\":\"https:\\\/\\\/www.waterskis.lv\\\/en\\\/product\\\/canoe-zelezny-s%d0%b0%d0%bcba-45-2\\\/\",\"url\":\"https:\\\/\\\/www.waterskis.lv\\\/en\\\/product\\\/canoe-zelezny-s%d0%b0%d0%bcba-45-2\\\/\",\"name\":\"Canoe ZELEZNY S\u0410\u041cBA 4,5 (2) - WATERSKIS.LV\",\"isPartOf\":{\"@id\":\"https:\\\/\\\/www.waterskis.lv\\\/en\\\/#website\"},\"primaryImageOfPage\":{\"@id\":\"https:\\\/\\\/www.waterskis.lv\\\/en\\\/product\\\/canoe-zelezny-s%d0%b0%d0%bcba-45-2\\\/#primaryimage\"},\"image\":{\"@id\":\"https:\\\/\\\/www.waterskis.lv\\\/en\\\/product\\\/canoe-zelezny-s%d0%b0%d0%bcba-45-2\\\/#primaryimage\"},\"thumbnailUrl\":\"https:\\\/\\\/www.waterskis.lv\\\/wp-content\\\/uploads\\\/2019\\\/04\\\/Samba.php_.jpg\",\"datePublished\":\"2019-04-04T08:55:52+00:00\",\"dateModified\":\"2022-02-19T10:18:43+00:00\",\"description\":\"Canoe ZELEZNY S\u0410\u041cBA 4,5 (2). Waterskis.lv - established manufacturers, high quality, good price. Boat rental in Jurmala\",\"breadcrumb\":{\"@id\":\"https:\\\/\\\/www.waterskis.lv\\\/en\\\/product\\\/canoe-zelezny-s%d0%b0%d0%bcba-45-2\\\/#breadcrumb\"},\"inLanguage\":\"en-US\",\"potentialAction\":[{\"@type\":\"ReadAction\",\"target\":[\"https:\\\/\\\/www.waterskis.lv\\\/en\\\/product\\\/canoe-zelezny-s%d0%b0%d0%bcba-45-2\\\/\"]}]},{\"@type\":\"ImageObject\",\"inLanguage\":\"en-US\",\"@id\":\"https:\\\/\\\/www.waterskis.lv\\\/en\\\/product\\\/canoe-zelezny-s%d0%b0%d0%bcba-45-2\\\/#primaryimage\",\"url\":\"https:\\\/\\\/www.waterskis.lv\\\/wp-content\\\/uploads\\\/2019\\\/04\\\/Samba.php_.jpg\",\"contentUrl\":\"https:\\\/\\\/www.waterskis.lv\\\/wp-content\\\/uploads\\\/2019\\\/04\\\/Samba.php_.jpg\",\"width\":600,\"height\":600,\"caption\":\"Canoe SAMBA 4,5 ( 2 seats ) store & rent at Jurmala\"},{\"@type\":\"BreadcrumbList\",\"@id\":\"https:\\\/\\\/www.waterskis.lv\\\/en\\\/product\\\/canoe-zelezny-s%d0%b0%d0%bcba-45-2\\\/#breadcrumb\",\"itemListElement\":[{\"@type\":\"ListItem\",\"position\":1,\"name\":\"Home\",\"item\":\"https:\\\/\\\/www.waterskis.lv\\\/en\\\/\"},{\"@type\":\"ListItem\",\"position\":2,\"name\":\"Shop\",\"item\":\"https:\\\/\\\/waterskis.lv\\\/en\\\/shop\\\/\"},{\"@type\":\"ListItem\",\"position\":3,\"name\":\"Private: Canoe ZELEZNY S\u0410\u041cBA 4,5 (2)\"}]},{\"@type\":\"WebSite\",\"@id\":\"https:\\\/\\\/www.waterskis.lv\\\/en\\\/#website\",\"url\":\"https:\\\/\\\/www.waterskis.lv\\\/en\\\/\",\"name\":\"WATERSKIS.LV\",\"description\":\"SUP d\u0113\u013ci, kajaki, kanoe, airu laivas, \u016bdenssl\u0113po\u0161ana, veikbords, SUP d\u0113\u013cu noma, kajaku nomaakt\u012bv\u0101s atp\u016btas centrs, laivu noma, sup noma, kajaku noma\",\"publisher\":{\"@id\":\"https:\\\/\\\/www.waterskis.lv\\\/en\\\/#organization\"},\"potentialAction\":[{\"@type\":\"SearchAction\",\"target\":{\"@type\":\"EntryPoint\",\"urlTemplate\":\"https:\\\/\\\/www.waterskis.lv\\\/en\\\/?s={search_term_string}\"},\"query-input\":{\"@type\":\"PropertyValueSpecification\",\"valueRequired\":true,\"valueName\":\"search_term_string\"}}],\"inLanguage\":\"en-US\"},{\"@type\":\"Organization\",\"@id\":\"https:\\\/\\\/www.waterskis.lv\\\/en\\\/#organization\",\"name\":\"WATERSKIS.LV\",\"url\":\"https:\\\/\\\/www.waterskis.lv\\\/en\\\/\",\"logo\":{\"@type\":\"ImageObject\",\"inLanguage\":\"en-US\",\"@id\":\"https:\\\/\\\/www.waterskis.lv\\\/en\\\/#\\\/schema\\\/logo\\\/image\\\/\",\"url\":\"https:\\\/\\\/www.waterskis.lv\\\/wp-content\\\/uploads\\\/2025\\\/01\\\/JUVP-logo.png\",\"contentUrl\":\"https:\\\/\\\/www.waterskis.lv\\\/wp-content\\\/uploads\\\/2025\\\/01\\\/JUVP-logo.png\",\"width\":421,\"height\":202,\"caption\":\"WATERSKIS.LV\"},\"image\":{\"@id\":\"https:\\\/\\\/www.waterskis.lv\\\/en\\\/#\\\/schema\\\/logo\\\/image\\\/\"},\"sameAs\":[\"https:\\\/\\\/www.facebook.com\\\/jurmalawaterskiwakeboardpark\\\/\"]}]}<\/script>\n<!-- \/ Yoast SEO plugin. -->","yoast_head_json":{"title":"Canoe ZELEZNY S\u0410\u041cBA 4,5 (2) - WATERSKIS.LV","description":"Canoe ZELEZNY S\u0410\u041cBA 4,5 (2). Waterskis.lv - established manufacturers, high quality, good price. Boat rental in Jurmala","robots":{"index":"index","follow":"follow","max-snippet":"max-snippet:-1","max-image-preview":"max-image-preview:large","max-video-preview":"max-video-preview:-1"},"canonical":"https:\/\/www.waterskis.lv\/en\/product\/canoe-zelezny-s%d0%b0%d0%bcba-45-2\/","og_locale":"en_US","og_type":"article","og_title":"Canoe ZELEZNY S\u0410\u041cBA 4,5 (2)","og_description":"Canoe ZELEZNY S\u0410\u041cBA 4,5 (2)","og_url":"https:\/\/www.waterskis.lv\/en\/product\/canoe-zelezny-s%d0%b0%d0%bcba-45-2\/","og_site_name":"WATERSKIS.LV","article_publisher":"https:\/\/www.facebook.com\/jurmalawaterskiwakeboardpark\/","article_modified_time":"2022-02-19T10:18:43+00:00","og_image":[{"url":"https:\/\/www.waterskis.lv\/wp-content\/uploads\/2019\/04\/Samba2.php_.jpg","type":"","width":"","height":""}],"twitter_card":"summary_large_image","twitter_misc":{"Est. reading time":"1 minute"},"schema":{"@context":"https:\/\/schema.org","@graph":[{"@type":"WebPage","@id":"https:\/\/www.waterskis.lv\/en\/product\/canoe-zelezny-s%d0%b0%d0%bcba-45-2\/","url":"https:\/\/www.waterskis.lv\/en\/product\/canoe-zelezny-s%d0%b0%d0%bcba-45-2\/","name":"Canoe ZELEZNY S\u0410\u041cBA 4,5 (2) - WATERSKIS.LV","isPartOf":{"@id":"https:\/\/www.waterskis.lv\/en\/#website"},"primaryImageOfPage":{"@id":"https:\/\/www.waterskis.lv\/en\/product\/canoe-zelezny-s%d0%b0%d0%bcba-45-2\/#primaryimage"},"image":{"@id":"https:\/\/www.waterskis.lv\/en\/product\/canoe-zelezny-s%d0%b0%d0%bcba-45-2\/#primaryimage"},"thumbnailUrl":"https:\/\/www.waterskis.lv\/wp-content\/uploads\/2019\/04\/Samba.php_.jpg","datePublished":"2019-04-04T08:55:52+00:00","dateModified":"2022-02-19T10:18:43+00:00","description":"Canoe ZELEZNY S\u0410\u041cBA 4,5 (2). Waterskis.lv - established manufacturers, high quality, good price. Boat rental in Jurmala","breadcrumb":{"@id":"https:\/\/www.waterskis.lv\/en\/product\/canoe-zelezny-s%d0%b0%d0%bcba-45-2\/#breadcrumb"},"inLanguage":"en-US","potentialAction":[{"@type":"ReadAction","target":["https:\/\/www.waterskis.lv\/en\/product\/canoe-zelezny-s%d0%b0%d0%bcba-45-2\/"]}]},{"@type":"ImageObject","inLanguage":"en-US","@id":"https:\/\/www.waterskis.lv\/en\/product\/canoe-zelezny-s%d0%b0%d0%bcba-45-2\/#primaryimage","url":"https:\/\/www.waterskis.lv\/wp-content\/uploads\/2019\/04\/Samba.php_.jpg","contentUrl":"https:\/\/www.waterskis.lv\/wp-content\/uploads\/2019\/04\/Samba.php_.jpg","width":600,"height":600,"caption":"Canoe SAMBA 4,5 ( 2 seats ) store & rent at Jurmala"},{"@type":"BreadcrumbList","@id":"https:\/\/www.waterskis.lv\/en\/product\/canoe-zelezny-s%d0%b0%d0%bcba-45-2\/#breadcrumb","itemListElement":[{"@type":"ListItem","position":1,"name":"Home","item":"https:\/\/www.waterskis.lv\/en\/"},{"@type":"ListItem","position":2,"name":"Shop","item":"https:\/\/waterskis.lv\/en\/shop\/"},{"@type":"ListItem","position":3,"name":"Private: Canoe ZELEZNY S\u0410\u041cBA 4,5 (2)"}]},{"@type":"WebSite","@id":"https:\/\/www.waterskis.lv\/en\/#website","url":"https:\/\/www.waterskis.lv\/en\/","name":"WATERSKIS.LV","description":"SUP d\u0113\u013ci, kajaki, kanoe, airu laivas, \u016bdenssl\u0113po\u0161ana, veikbords, SUP d\u0113\u013cu noma, kajaku nomaakt\u012bv\u0101s atp\u016btas centrs, laivu noma, sup noma, kajaku noma","publisher":{"@id":"https:\/\/www.waterskis.lv\/en\/#organization"},"potentialAction":[{"@type":"SearchAction","target":{"@type":"EntryPoint","urlTemplate":"https:\/\/www.waterskis.lv\/en\/?s={search_term_string}"},"query-input":{"@type":"PropertyValueSpecification","valueRequired":true,"valueName":"search_term_string"}}],"inLanguage":"en-US"},{"@type":"Organization","@id":"https:\/\/www.waterskis.lv\/en\/#organization","name":"WATERSKIS.LV","url":"https:\/\/www.waterskis.lv\/en\/","logo":{"@type":"ImageObject","inLanguage":"en-US","@id":"https:\/\/www.waterskis.lv\/en\/#\/schema\/logo\/image\/","url":"https:\/\/www.waterskis.lv\/wp-content\/uploads\/2025\/01\/JUVP-logo.png","contentUrl":"https:\/\/www.waterskis.lv\/wp-content\/uploads\/2025\/01\/JUVP-logo.png","width":421,"height":202,"caption":"WATERSKIS.LV"},"image":{"@id":"https:\/\/www.waterskis.lv\/en\/#\/schema\/logo\/image\/"},"sameAs":["https:\/\/www.facebook.com\/jurmalawaterskiwakeboardpark\/"]}]}},"_links":{"self":[{"href":"https:\/\/www.waterskis.lv\/en\/wp-json\/wp\/v2\/product\/15844","targetHints":{"allow":["GET"]}}],"collection":[{"href":"https:\/\/www.waterskis.lv\/en\/wp-json\/wp\/v2\/product"}],"about":[{"href":"https:\/\/www.waterskis.lv\/en\/wp-json\/wp\/v2\/types\/product"}],"replies":[{"embeddable":true,"href":"https:\/\/www.waterskis.lv\/en\/wp-json\/wp\/v2\/comments?post=15844"}],"wp:featuredmedia":[{"embeddable":true,"href":"https:\/\/www.waterskis.lv\/en\/wp-json\/wp\/v2\/media\/10825"}],"wp:attachment":[{"href":"https:\/\/www.waterskis.lv\/en\/wp-json\/wp\/v2\/media?parent=15844"}],"wp:term":[{"taxonomy":"product_brand","embeddable":true,"href":"https:\/\/www.waterskis.lv\/en\/wp-json\/wp\/v2\/product_brand?post=15844"},{"taxonomy":"product_cat","embeddable":true,"href":"https:\/\/www.waterskis.lv\/en\/wp-json\/wp\/v2\/product_cat?post=15844"},{"taxonomy":"product_tag","embeddable":true,"href":"https:\/\/www.waterskis.lv\/en\/wp-json\/wp\/v2\/product_tag?post=15844"}],"curies":[{"name":"wp","href":"https:\/\/api.w.org\/{rel}","templated":true}]}}