{"id":15863,"date":"2020-01-21T12:38:48","date_gmt":"2020-01-21T09:38:48","guid":{"rendered":"https:\/\/www.waterskis.lv\/product\/kajaks-essence-17\/"},"modified":"2022-02-06T23:49:05","modified_gmt":"2022-02-06T20:49:05","slug":"3-seat-kayak-family-3","status":"publish","type":"product","link":"https:\/\/www.waterskis.lv\/en\/product\/3-seat-kayak-family-3\/","title":{"rendered":"3-seat kayak FAMILY 3"},"content":{"rendered":"<p>3-seat kayak FAMILY 3<\/p>\n<p>Classic three-seat kayak. Intended for three adults. Universal use, suitable for all types of water bodies.<\/p>\n<p>Number of places: 3<\/p>\n<p>Color: red \/ white, yellow \/ green, yellow \/ red<\/p>\n<p id=\"table-data\" class=\"page-product-heading\">DATA SHEET<\/p>\n<table class=\"block_content2 table-data-sheet\">\n<tbody>\n<tr class=\"odd\">\n<td>Type<\/td>\n<td>Touring \/ Leisure<\/td>\n<\/tr>\n<tr class=\"even\">\n<td>Length<\/td>\n<td>495 cm<\/td>\n<\/tr>\n<tr class=\"odd\">\n<td>Width<\/td>\n<td>82 cm<\/td>\n<\/tr>\n<tr class=\"even\">\n<td>Weight<\/td>\n<td>52 kg<\/td>\n<\/tr>\n<tr class=\"odd\">\n<td>Material<\/td>\n<td>LDPE<\/td>\n<\/tr>\n<tr class=\"even\">\n<td>Capacity<\/td>\n<td>300 kg<\/td>\n<\/tr>\n<tr class=\"odd\">\n<td>Purpose of usage<\/td>\n<td>Touring kayak<\/td>\n<\/tr>\n<tr class=\"even\">\n<td>Country of origin<\/td>\n<td>Poland<\/td>\n<\/tr>\n<\/tbody>\n<\/table>\n","protected":false},"excerpt":{"rendered":"<p>[caption id=\"attachment_13016\" align=\"alignnone\" width=\"142\"]<img decoding=\"async\" class=\"size-medium wp-image-13016\" src=\"https:\/\/www.waterskis.lv\/wp-content\/uploads\/2020\/01\/Family3-2-142x300.jpg\" alt=\"Tr\u012bsviet\u012bgs kajaks Family 3\" width=\"142\" height=\"300\" srcset=\"https:\/\/www.waterskis.lv\/wp-content\/uploads\/2020\/01\/Family3-2-142x300.jpg 142w, https:\/\/www.waterskis.lv\/wp-content\/uploads\/2020\/01\/Family3-2.jpg 280w\" sizes=\"(max-width: 142px) 100vw, 142px\" \/> Tr\u012bsviet\u012bgs kajaks Family 3[\/caption] [&#8230;]<\/p>\n<p><a class=\"btn btn-secondary understrap-read-more-link\" href=\"https:\/\/www.waterskis.lv\/en\/product\/3-seat-kayak-family-3\/\">Read More&#8230;<\/a><\/p>\n","protected":false},"featured_media":13014,"comment_status":"closed","ping_status":"closed","template":"","meta":{"_acf_changed":false,"inline_featured_image":false},"product_brand":[],"product_cat":[507,526,534,525],"product_tag":[],"class_list":{"0":"post-15863","1":"product","2":"type-product","3":"status-publish","4":"has-post-thumbnail","6":"product_cat-kayaks","7":"product_cat-multi-person-kayaks","8":"product_cat-sit-in-kayaks","9":"product_cat-tandem-kayaks","11":"first","12":"instock","13":"shipping-taxable","14":"product-type-simple"},"acf":[],"yoast_head":"<!-- This site is optimized with the Yoast SEO plugin v27.4 - https:\/\/yoast.com\/product\/yoast-seo-wordpress\/ -->\n<title>3-seat kayak FAMILY 3 - WATERSKIS.LV<\/title>\n<meta name=\"description\" content=\"3-seat kayak FAMILY 3. Classic three-seat kayak. Intended for three adults. Universal use, suitable for all types of water bodies.\" \/>\n<meta name=\"robots\" content=\"index, follow, max-snippet:-1, max-image-preview:large, max-video-preview:-1\" \/>\n<link rel=\"canonical\" href=\"https:\/\/www.waterskis.lv\/en\/product\/3-seat-kayak-family-3\/\" \/>\n<meta property=\"og:locale\" content=\"en_US\" \/>\n<meta property=\"og:type\" content=\"article\" \/>\n<meta property=\"og:title\" content=\"3-seat kayak FAMILY 3\" \/>\n<meta property=\"og:description\" content=\"3-seat kayak FAMILY 3. Classic three-seat kayak. Intended for three adults. Universal use, suitable for all types of water bodies.\" \/>\n<meta property=\"og:url\" content=\"https:\/\/www.waterskis.lv\/en\/product\/3-seat-kayak-family-3\/\" \/>\n<meta property=\"og:site_name\" content=\"WATERSKIS.LV\" \/>\n<meta property=\"article:publisher\" content=\"https:\/\/www.facebook.com\/jurmalawaterskiwakeboardpark\/\" \/>\n<meta property=\"article:modified_time\" content=\"2022-02-06T20:49:05+00:00\" \/>\n<meta property=\"og:image\" content=\"https:\/\/www.waterskis.lv\/wp-content\/uploads\/2020\/01\/Family3-5.jpg\" \/>\n<meta name=\"twitter:card\" content=\"summary_large_image\" \/>\n<script type=\"application\/ld+json\" class=\"yoast-schema-graph\">{\"@context\":\"https:\\\/\\\/schema.org\",\"@graph\":[{\"@type\":\"WebPage\",\"@id\":\"https:\\\/\\\/www.waterskis.lv\\\/en\\\/product\\\/3-seat-kayak-family-3\\\/\",\"url\":\"https:\\\/\\\/www.waterskis.lv\\\/en\\\/product\\\/3-seat-kayak-family-3\\\/\",\"name\":\"3-seat kayak FAMILY 3 - WATERSKIS.LV\",\"isPartOf\":{\"@id\":\"https:\\\/\\\/www.waterskis.lv\\\/en\\\/#website\"},\"primaryImageOfPage\":{\"@id\":\"https:\\\/\\\/www.waterskis.lv\\\/en\\\/product\\\/3-seat-kayak-family-3\\\/#primaryimage\"},\"image\":{\"@id\":\"https:\\\/\\\/www.waterskis.lv\\\/en\\\/product\\\/3-seat-kayak-family-3\\\/#primaryimage\"},\"thumbnailUrl\":\"https:\\\/\\\/www.waterskis.lv\\\/wp-content\\\/uploads\\\/2020\\\/01\\\/Family3-1.jpg\",\"datePublished\":\"2020-01-21T09:38:48+00:00\",\"dateModified\":\"2022-02-06T20:49:05+00:00\",\"description\":\"3-seat kayak FAMILY 3. Classic three-seat kayak. Intended for three adults. Universal use, suitable for all types of water bodies.\",\"breadcrumb\":{\"@id\":\"https:\\\/\\\/www.waterskis.lv\\\/en\\\/product\\\/3-seat-kayak-family-3\\\/#breadcrumb\"},\"inLanguage\":\"en-US\",\"potentialAction\":[{\"@type\":\"ReadAction\",\"target\":[\"https:\\\/\\\/www.waterskis.lv\\\/en\\\/product\\\/3-seat-kayak-family-3\\\/\"]}]},{\"@type\":\"ImageObject\",\"inLanguage\":\"en-US\",\"@id\":\"https:\\\/\\\/www.waterskis.lv\\\/en\\\/product\\\/3-seat-kayak-family-3\\\/#primaryimage\",\"url\":\"https:\\\/\\\/www.waterskis.lv\\\/wp-content\\\/uploads\\\/2020\\\/01\\\/Family3-1.jpg\",\"contentUrl\":\"https:\\\/\\\/www.waterskis.lv\\\/wp-content\\\/uploads\\\/2020\\\/01\\\/Family3-1.jpg\",\"width\":640,\"height\":480,\"caption\":\"3-seat kayak FAMILY 3\"},{\"@type\":\"BreadcrumbList\",\"@id\":\"https:\\\/\\\/www.waterskis.lv\\\/en\\\/product\\\/3-seat-kayak-family-3\\\/#breadcrumb\",\"itemListElement\":[{\"@type\":\"ListItem\",\"position\":1,\"name\":\"Home\",\"item\":\"https:\\\/\\\/www.waterskis.lv\\\/en\\\/\"},{\"@type\":\"ListItem\",\"position\":2,\"name\":\"Shop\",\"item\":\"https:\\\/\\\/waterskis.lv\\\/en\\\/shop\\\/\"},{\"@type\":\"ListItem\",\"position\":3,\"name\":\"3-seat kayak FAMILY 3\"}]},{\"@type\":\"WebSite\",\"@id\":\"https:\\\/\\\/www.waterskis.lv\\\/en\\\/#website\",\"url\":\"https:\\\/\\\/www.waterskis.lv\\\/en\\\/\",\"name\":\"WATERSKIS.LV\",\"description\":\"SUP d\u0113\u013ci, kajaki, kanoe, airu laivas, \u016bdenssl\u0113po\u0161ana, veikbords, SUP d\u0113\u013cu noma, kajaku nomaakt\u012bv\u0101s atp\u016btas centrs, laivu noma, sup noma, kajaku noma\",\"publisher\":{\"@id\":\"https:\\\/\\\/www.waterskis.lv\\\/en\\\/#organization\"},\"potentialAction\":[{\"@type\":\"SearchAction\",\"target\":{\"@type\":\"EntryPoint\",\"urlTemplate\":\"https:\\\/\\\/www.waterskis.lv\\\/en\\\/?s={search_term_string}\"},\"query-input\":{\"@type\":\"PropertyValueSpecification\",\"valueRequired\":true,\"valueName\":\"search_term_string\"}}],\"inLanguage\":\"en-US\"},{\"@type\":\"Organization\",\"@id\":\"https:\\\/\\\/www.waterskis.lv\\\/en\\\/#organization\",\"name\":\"WATERSKIS.LV\",\"url\":\"https:\\\/\\\/www.waterskis.lv\\\/en\\\/\",\"logo\":{\"@type\":\"ImageObject\",\"inLanguage\":\"en-US\",\"@id\":\"https:\\\/\\\/www.waterskis.lv\\\/en\\\/#\\\/schema\\\/logo\\\/image\\\/\",\"url\":\"https:\\\/\\\/www.waterskis.lv\\\/wp-content\\\/uploads\\\/2025\\\/01\\\/JUVP-logo.png\",\"contentUrl\":\"https:\\\/\\\/www.waterskis.lv\\\/wp-content\\\/uploads\\\/2025\\\/01\\\/JUVP-logo.png\",\"width\":421,\"height\":202,\"caption\":\"WATERSKIS.LV\"},\"image\":{\"@id\":\"https:\\\/\\\/www.waterskis.lv\\\/en\\\/#\\\/schema\\\/logo\\\/image\\\/\"},\"sameAs\":[\"https:\\\/\\\/www.facebook.com\\\/jurmalawaterskiwakeboardpark\\\/\"]}]}<\/script>\n<!-- \/ Yoast SEO plugin. -->","yoast_head_json":{"title":"3-seat kayak FAMILY 3 - WATERSKIS.LV","description":"3-seat kayak FAMILY 3. Classic three-seat kayak. Intended for three adults. Universal use, suitable for all types of water bodies.","robots":{"index":"index","follow":"follow","max-snippet":"max-snippet:-1","max-image-preview":"max-image-preview:large","max-video-preview":"max-video-preview:-1"},"canonical":"https:\/\/www.waterskis.lv\/en\/product\/3-seat-kayak-family-3\/","og_locale":"en_US","og_type":"article","og_title":"3-seat kayak FAMILY 3","og_description":"3-seat kayak FAMILY 3. Classic three-seat kayak. Intended for three adults. Universal use, suitable for all types of water bodies.","og_url":"https:\/\/www.waterskis.lv\/en\/product\/3-seat-kayak-family-3\/","og_site_name":"WATERSKIS.LV","article_publisher":"https:\/\/www.facebook.com\/jurmalawaterskiwakeboardpark\/","article_modified_time":"2022-02-06T20:49:05+00:00","og_image":[{"url":"https:\/\/www.waterskis.lv\/wp-content\/uploads\/2020\/01\/Family3-5.jpg","type":"","width":"","height":""}],"twitter_card":"summary_large_image","schema":{"@context":"https:\/\/schema.org","@graph":[{"@type":"WebPage","@id":"https:\/\/www.waterskis.lv\/en\/product\/3-seat-kayak-family-3\/","url":"https:\/\/www.waterskis.lv\/en\/product\/3-seat-kayak-family-3\/","name":"3-seat kayak FAMILY 3 - WATERSKIS.LV","isPartOf":{"@id":"https:\/\/www.waterskis.lv\/en\/#website"},"primaryImageOfPage":{"@id":"https:\/\/www.waterskis.lv\/en\/product\/3-seat-kayak-family-3\/#primaryimage"},"image":{"@id":"https:\/\/www.waterskis.lv\/en\/product\/3-seat-kayak-family-3\/#primaryimage"},"thumbnailUrl":"https:\/\/www.waterskis.lv\/wp-content\/uploads\/2020\/01\/Family3-1.jpg","datePublished":"2020-01-21T09:38:48+00:00","dateModified":"2022-02-06T20:49:05+00:00","description":"3-seat kayak FAMILY 3. Classic three-seat kayak. Intended for three adults. Universal use, suitable for all types of water bodies.","breadcrumb":{"@id":"https:\/\/www.waterskis.lv\/en\/product\/3-seat-kayak-family-3\/#breadcrumb"},"inLanguage":"en-US","potentialAction":[{"@type":"ReadAction","target":["https:\/\/www.waterskis.lv\/en\/product\/3-seat-kayak-family-3\/"]}]},{"@type":"ImageObject","inLanguage":"en-US","@id":"https:\/\/www.waterskis.lv\/en\/product\/3-seat-kayak-family-3\/#primaryimage","url":"https:\/\/www.waterskis.lv\/wp-content\/uploads\/2020\/01\/Family3-1.jpg","contentUrl":"https:\/\/www.waterskis.lv\/wp-content\/uploads\/2020\/01\/Family3-1.jpg","width":640,"height":480,"caption":"3-seat kayak FAMILY 3"},{"@type":"BreadcrumbList","@id":"https:\/\/www.waterskis.lv\/en\/product\/3-seat-kayak-family-3\/#breadcrumb","itemListElement":[{"@type":"ListItem","position":1,"name":"Home","item":"https:\/\/www.waterskis.lv\/en\/"},{"@type":"ListItem","position":2,"name":"Shop","item":"https:\/\/waterskis.lv\/en\/shop\/"},{"@type":"ListItem","position":3,"name":"3-seat kayak FAMILY 3"}]},{"@type":"WebSite","@id":"https:\/\/www.waterskis.lv\/en\/#website","url":"https:\/\/www.waterskis.lv\/en\/","name":"WATERSKIS.LV","description":"SUP d\u0113\u013ci, kajaki, kanoe, airu laivas, \u016bdenssl\u0113po\u0161ana, veikbords, SUP d\u0113\u013cu noma, kajaku nomaakt\u012bv\u0101s atp\u016btas centrs, laivu noma, sup noma, kajaku noma","publisher":{"@id":"https:\/\/www.waterskis.lv\/en\/#organization"},"potentialAction":[{"@type":"SearchAction","target":{"@type":"EntryPoint","urlTemplate":"https:\/\/www.waterskis.lv\/en\/?s={search_term_string}"},"query-input":{"@type":"PropertyValueSpecification","valueRequired":true,"valueName":"search_term_string"}}],"inLanguage":"en-US"},{"@type":"Organization","@id":"https:\/\/www.waterskis.lv\/en\/#organization","name":"WATERSKIS.LV","url":"https:\/\/www.waterskis.lv\/en\/","logo":{"@type":"ImageObject","inLanguage":"en-US","@id":"https:\/\/www.waterskis.lv\/en\/#\/schema\/logo\/image\/","url":"https:\/\/www.waterskis.lv\/wp-content\/uploads\/2025\/01\/JUVP-logo.png","contentUrl":"https:\/\/www.waterskis.lv\/wp-content\/uploads\/2025\/01\/JUVP-logo.png","width":421,"height":202,"caption":"WATERSKIS.LV"},"image":{"@id":"https:\/\/www.waterskis.lv\/en\/#\/schema\/logo\/image\/"},"sameAs":["https:\/\/www.facebook.com\/jurmalawaterskiwakeboardpark\/"]}]}},"_links":{"self":[{"href":"https:\/\/www.waterskis.lv\/en\/wp-json\/wp\/v2\/product\/15863","targetHints":{"allow":["GET"]}}],"collection":[{"href":"https:\/\/www.waterskis.lv\/en\/wp-json\/wp\/v2\/product"}],"about":[{"href":"https:\/\/www.waterskis.lv\/en\/wp-json\/wp\/v2\/types\/product"}],"replies":[{"embeddable":true,"href":"https:\/\/www.waterskis.lv\/en\/wp-json\/wp\/v2\/comments?post=15863"}],"wp:featuredmedia":[{"embeddable":true,"href":"https:\/\/www.waterskis.lv\/en\/wp-json\/wp\/v2\/media\/13014"}],"wp:attachment":[{"href":"https:\/\/www.waterskis.lv\/en\/wp-json\/wp\/v2\/media?parent=15863"}],"wp:term":[{"taxonomy":"product_brand","embeddable":true,"href":"https:\/\/www.waterskis.lv\/en\/wp-json\/wp\/v2\/product_brand?post=15863"},{"taxonomy":"product_cat","embeddable":true,"href":"https:\/\/www.waterskis.lv\/en\/wp-json\/wp\/v2\/product_cat?post=15863"},{"taxonomy":"product_tag","embeddable":true,"href":"https:\/\/www.waterskis.lv\/en\/wp-json\/wp\/v2\/product_tag?post=15863"}],"curies":[{"name":"wp","href":"https:\/\/api.w.org\/{rel}","templated":true}]}}