{"id":15905,"date":"2019-04-11T13:30:18","date_gmt":"2019-04-11T10:30:18","guid":{"rendered":"https:\/\/www.waterskis.lv\/product\/sot-kajaks-tri-yak-3-vietas\/"},"modified":"2022-02-09T16:29:49","modified_gmt":"2022-02-09T13:29:49","slug":"sot-kajaks-tri-yak-3-vietas","status":"publish","type":"product","link":"https:\/\/www.waterskis.lv\/en\/product\/sot-kajaks-tri-yak-3-vietas\/","title":{"rendered":"SOT kayak FEELFREE TRI-YAK 3 seats"},"content":{"rendered":"<p>SOT kayak FEELFREE TRI-YAK 3 seats<\/p>\n<p>Triple SOT kayak. Supplied with 3 seats.<\/p>\n<p>Weight: 35 kg<\/p>\n<p>Dimensions: 440 x 81 cm<\/p>\n<p>Tips: Sit on Top<\/p>\n<p>Material: HDPE<\/p>\n<p>Manufacturer: FeelFree<\/p>\n<p>Number of places: 3<\/p>\n<p>Color: Amethyst (Purple \/ White \/ Purple), Ice cool (L.Blue\/ White \/ Teal), Lime \/ White \/ Blue, Melon (Lime \/ White \/ Yellow), Regional (Blue \/ White \/ Red), Saphyre blend ( Blue \/ White \/ Blue), Tropical (Lime \/ White \/ Orange)<\/p>\n<p>SOT kayak FEELFREE TRI-YAK 3 seats<\/p>\n","protected":false},"excerpt":{"rendered":"<p>https:\/\/www.youtube.com\/watch?v=1gI80Om5C9A [&#8230;]<\/p>\n<p><a class=\"btn btn-secondary understrap-read-more-link\" href=\"https:\/\/www.waterskis.lv\/en\/product\/sot-kajaks-tri-yak-3-vietas\/\">Read More&#8230;<\/a><\/p>\n","protected":false},"featured_media":11093,"comment_status":"closed","ping_status":"closed","template":"","meta":{"_acf_changed":false,"inline_featured_image":false},"product_brand":[],"product_cat":[507,530,535,529],"product_tag":[],"class_list":{"0":"post-15905","1":"product","2":"type-product","3":"status-publish","4":"has-post-thumbnail","6":"product_cat-kayaks","7":"product_cat-multi-person-sot-kayaks","8":"product_cat-sot-kayaks","9":"product_cat-tandem-sit-on-kayaks","11":"first","12":"outofstock","13":"shipping-taxable","14":"product-type-simple"},"acf":[],"yoast_head":"<!-- This site is optimized with the Yoast SEO plugin v27.3 - https:\/\/yoast.com\/product\/yoast-seo-wordpress\/ -->\n<title>SOT kayak FEELFREE TRI-YAK 3 seats - WATERSKIS.LV<\/title>\n<meta name=\"description\" content=\"SOT kayak FEELFREE TRI-YAK 3 seats. Waterskis.lv - established manufacturers, high quality, good price. Kayaks, boats and more.\" \/>\n<meta name=\"robots\" content=\"index, follow, max-snippet:-1, max-image-preview:large, max-video-preview:-1\" \/>\n<link rel=\"canonical\" href=\"https:\/\/www.waterskis.lv\/en\/product\/sot-kajaks-tri-yak-3-vietas\/\" \/>\n<meta property=\"og:locale\" content=\"en_US\" \/>\n<meta property=\"og:type\" content=\"article\" \/>\n<meta property=\"og:title\" content=\"SOT kayak FEELFREE TRI-YAK 3 seats\" \/>\n<meta property=\"og:description\" content=\"SOT kayak FEELFREE TRI-YAK 3 seats\" \/>\n<meta property=\"og:url\" content=\"https:\/\/www.waterskis.lv\/en\/product\/sot-kajaks-tri-yak-3-vietas\/\" \/>\n<meta property=\"og:site_name\" content=\"WATERSKIS.LV\" \/>\n<meta property=\"article:publisher\" content=\"https:\/\/www.facebook.com\/jurmalawaterskiwakeboardpark\/\" \/>\n<meta property=\"article:modified_time\" content=\"2022-02-09T13:29:49+00:00\" \/>\n<meta property=\"og:image\" content=\"https:\/\/www.waterskis.lv\/wp-content\/uploads\/2019\/04\/Tri-Yak1.jpg\" \/>\n<meta name=\"twitter:card\" content=\"summary_large_image\" \/>\n<script type=\"application\/ld+json\" class=\"yoast-schema-graph\">{\"@context\":\"https:\\\/\\\/schema.org\",\"@graph\":[{\"@type\":\"WebPage\",\"@id\":\"https:\\\/\\\/www.waterskis.lv\\\/en\\\/product\\\/sot-kajaks-tri-yak-3-vietas\\\/\",\"url\":\"https:\\\/\\\/www.waterskis.lv\\\/en\\\/product\\\/sot-kajaks-tri-yak-3-vietas\\\/\",\"name\":\"SOT kayak FEELFREE TRI-YAK 3 seats - WATERSKIS.LV\",\"isPartOf\":{\"@id\":\"https:\\\/\\\/www.waterskis.lv\\\/en\\\/#website\"},\"primaryImageOfPage\":{\"@id\":\"https:\\\/\\\/www.waterskis.lv\\\/en\\\/product\\\/sot-kajaks-tri-yak-3-vietas\\\/#primaryimage\"},\"image\":{\"@id\":\"https:\\\/\\\/www.waterskis.lv\\\/en\\\/product\\\/sot-kajaks-tri-yak-3-vietas\\\/#primaryimage\"},\"thumbnailUrl\":\"https:\\\/\\\/www.waterskis.lv\\\/wp-content\\\/uploads\\\/2019\\\/04\\\/TriYak.php_.png\",\"datePublished\":\"2019-04-11T10:30:18+00:00\",\"dateModified\":\"2022-02-09T13:29:49+00:00\",\"description\":\"SOT kayak FEELFREE TRI-YAK 3 seats. Waterskis.lv - established manufacturers, high quality, good price. Kayaks, boats and more.\",\"breadcrumb\":{\"@id\":\"https:\\\/\\\/www.waterskis.lv\\\/en\\\/product\\\/sot-kajaks-tri-yak-3-vietas\\\/#breadcrumb\"},\"inLanguage\":\"en-US\",\"potentialAction\":[{\"@type\":\"ReadAction\",\"target\":[\"https:\\\/\\\/www.waterskis.lv\\\/en\\\/product\\\/sot-kajaks-tri-yak-3-vietas\\\/\"]}]},{\"@type\":\"ImageObject\",\"inLanguage\":\"en-US\",\"@id\":\"https:\\\/\\\/www.waterskis.lv\\\/en\\\/product\\\/sot-kajaks-tri-yak-3-vietas\\\/#primaryimage\",\"url\":\"https:\\\/\\\/www.waterskis.lv\\\/wp-content\\\/uploads\\\/2019\\\/04\\\/TriYak.php_.png\",\"contentUrl\":\"https:\\\/\\\/www.waterskis.lv\\\/wp-content\\\/uploads\\\/2019\\\/04\\\/TriYak.php_.png\",\"width\":600,\"height\":600,\"caption\":\"SOT kayak TRI-YAK 3 seats\"},{\"@type\":\"BreadcrumbList\",\"@id\":\"https:\\\/\\\/www.waterskis.lv\\\/en\\\/product\\\/sot-kajaks-tri-yak-3-vietas\\\/#breadcrumb\",\"itemListElement\":[{\"@type\":\"ListItem\",\"position\":1,\"name\":\"Home\",\"item\":\"https:\\\/\\\/www.waterskis.lv\\\/en\\\/\"},{\"@type\":\"ListItem\",\"position\":2,\"name\":\"Shop\",\"item\":\"https:\\\/\\\/waterskis.lv\\\/en\\\/shop\\\/\"},{\"@type\":\"ListItem\",\"position\":3,\"name\":\"SOT kayak FEELFREE TRI-YAK 3 seats\"}]},{\"@type\":\"WebSite\",\"@id\":\"https:\\\/\\\/www.waterskis.lv\\\/en\\\/#website\",\"url\":\"https:\\\/\\\/www.waterskis.lv\\\/en\\\/\",\"name\":\"WATERSKIS.LV\",\"description\":\"SUP d\u0113\u013ci, kajaki, kanoe, airu laivas, \u016bdenssl\u0113po\u0161ana, veikbords, SUP d\u0113\u013cu noma, kajaku nomaakt\u012bv\u0101s atp\u016btas centrs, laivu noma, sup noma, kajaku noma\",\"publisher\":{\"@id\":\"https:\\\/\\\/www.waterskis.lv\\\/en\\\/#organization\"},\"potentialAction\":[{\"@type\":\"SearchAction\",\"target\":{\"@type\":\"EntryPoint\",\"urlTemplate\":\"https:\\\/\\\/www.waterskis.lv\\\/en\\\/?s={search_term_string}\"},\"query-input\":{\"@type\":\"PropertyValueSpecification\",\"valueRequired\":true,\"valueName\":\"search_term_string\"}}],\"inLanguage\":\"en-US\"},{\"@type\":\"Organization\",\"@id\":\"https:\\\/\\\/www.waterskis.lv\\\/en\\\/#organization\",\"name\":\"WATERSKIS.LV\",\"url\":\"https:\\\/\\\/www.waterskis.lv\\\/en\\\/\",\"logo\":{\"@type\":\"ImageObject\",\"inLanguage\":\"en-US\",\"@id\":\"https:\\\/\\\/www.waterskis.lv\\\/en\\\/#\\\/schema\\\/logo\\\/image\\\/\",\"url\":\"https:\\\/\\\/www.waterskis.lv\\\/wp-content\\\/uploads\\\/2025\\\/01\\\/JUVP-logo.png\",\"contentUrl\":\"https:\\\/\\\/www.waterskis.lv\\\/wp-content\\\/uploads\\\/2025\\\/01\\\/JUVP-logo.png\",\"width\":421,\"height\":202,\"caption\":\"WATERSKIS.LV\"},\"image\":{\"@id\":\"https:\\\/\\\/www.waterskis.lv\\\/en\\\/#\\\/schema\\\/logo\\\/image\\\/\"},\"sameAs\":[\"https:\\\/\\\/www.facebook.com\\\/jurmalawaterskiwakeboardpark\\\/\"]}]}<\/script>\n<!-- \/ Yoast SEO plugin. -->","yoast_head_json":{"title":"SOT kayak FEELFREE TRI-YAK 3 seats - WATERSKIS.LV","description":"SOT kayak FEELFREE TRI-YAK 3 seats. Waterskis.lv - established manufacturers, high quality, good price. Kayaks, boats and more.","robots":{"index":"index","follow":"follow","max-snippet":"max-snippet:-1","max-image-preview":"max-image-preview:large","max-video-preview":"max-video-preview:-1"},"canonical":"https:\/\/www.waterskis.lv\/en\/product\/sot-kajaks-tri-yak-3-vietas\/","og_locale":"en_US","og_type":"article","og_title":"SOT kayak FEELFREE TRI-YAK 3 seats","og_description":"SOT kayak FEELFREE TRI-YAK 3 seats","og_url":"https:\/\/www.waterskis.lv\/en\/product\/sot-kajaks-tri-yak-3-vietas\/","og_site_name":"WATERSKIS.LV","article_publisher":"https:\/\/www.facebook.com\/jurmalawaterskiwakeboardpark\/","article_modified_time":"2022-02-09T13:29:49+00:00","og_image":[{"url":"https:\/\/www.waterskis.lv\/wp-content\/uploads\/2019\/04\/Tri-Yak1.jpg","type":"","width":"","height":""}],"twitter_card":"summary_large_image","schema":{"@context":"https:\/\/schema.org","@graph":[{"@type":"WebPage","@id":"https:\/\/www.waterskis.lv\/en\/product\/sot-kajaks-tri-yak-3-vietas\/","url":"https:\/\/www.waterskis.lv\/en\/product\/sot-kajaks-tri-yak-3-vietas\/","name":"SOT kayak FEELFREE TRI-YAK 3 seats - WATERSKIS.LV","isPartOf":{"@id":"https:\/\/www.waterskis.lv\/en\/#website"},"primaryImageOfPage":{"@id":"https:\/\/www.waterskis.lv\/en\/product\/sot-kajaks-tri-yak-3-vietas\/#primaryimage"},"image":{"@id":"https:\/\/www.waterskis.lv\/en\/product\/sot-kajaks-tri-yak-3-vietas\/#primaryimage"},"thumbnailUrl":"https:\/\/www.waterskis.lv\/wp-content\/uploads\/2019\/04\/TriYak.php_.png","datePublished":"2019-04-11T10:30:18+00:00","dateModified":"2022-02-09T13:29:49+00:00","description":"SOT kayak FEELFREE TRI-YAK 3 seats. Waterskis.lv - established manufacturers, high quality, good price. Kayaks, boats and more.","breadcrumb":{"@id":"https:\/\/www.waterskis.lv\/en\/product\/sot-kajaks-tri-yak-3-vietas\/#breadcrumb"},"inLanguage":"en-US","potentialAction":[{"@type":"ReadAction","target":["https:\/\/www.waterskis.lv\/en\/product\/sot-kajaks-tri-yak-3-vietas\/"]}]},{"@type":"ImageObject","inLanguage":"en-US","@id":"https:\/\/www.waterskis.lv\/en\/product\/sot-kajaks-tri-yak-3-vietas\/#primaryimage","url":"https:\/\/www.waterskis.lv\/wp-content\/uploads\/2019\/04\/TriYak.php_.png","contentUrl":"https:\/\/www.waterskis.lv\/wp-content\/uploads\/2019\/04\/TriYak.php_.png","width":600,"height":600,"caption":"SOT kayak TRI-YAK 3 seats"},{"@type":"BreadcrumbList","@id":"https:\/\/www.waterskis.lv\/en\/product\/sot-kajaks-tri-yak-3-vietas\/#breadcrumb","itemListElement":[{"@type":"ListItem","position":1,"name":"Home","item":"https:\/\/www.waterskis.lv\/en\/"},{"@type":"ListItem","position":2,"name":"Shop","item":"https:\/\/waterskis.lv\/en\/shop\/"},{"@type":"ListItem","position":3,"name":"SOT kayak FEELFREE TRI-YAK 3 seats"}]},{"@type":"WebSite","@id":"https:\/\/www.waterskis.lv\/en\/#website","url":"https:\/\/www.waterskis.lv\/en\/","name":"WATERSKIS.LV","description":"SUP d\u0113\u013ci, kajaki, kanoe, airu laivas, \u016bdenssl\u0113po\u0161ana, veikbords, SUP d\u0113\u013cu noma, kajaku nomaakt\u012bv\u0101s atp\u016btas centrs, laivu noma, sup noma, kajaku noma","publisher":{"@id":"https:\/\/www.waterskis.lv\/en\/#organization"},"potentialAction":[{"@type":"SearchAction","target":{"@type":"EntryPoint","urlTemplate":"https:\/\/www.waterskis.lv\/en\/?s={search_term_string}"},"query-input":{"@type":"PropertyValueSpecification","valueRequired":true,"valueName":"search_term_string"}}],"inLanguage":"en-US"},{"@type":"Organization","@id":"https:\/\/www.waterskis.lv\/en\/#organization","name":"WATERSKIS.LV","url":"https:\/\/www.waterskis.lv\/en\/","logo":{"@type":"ImageObject","inLanguage":"en-US","@id":"https:\/\/www.waterskis.lv\/en\/#\/schema\/logo\/image\/","url":"https:\/\/www.waterskis.lv\/wp-content\/uploads\/2025\/01\/JUVP-logo.png","contentUrl":"https:\/\/www.waterskis.lv\/wp-content\/uploads\/2025\/01\/JUVP-logo.png","width":421,"height":202,"caption":"WATERSKIS.LV"},"image":{"@id":"https:\/\/www.waterskis.lv\/en\/#\/schema\/logo\/image\/"},"sameAs":["https:\/\/www.facebook.com\/jurmalawaterskiwakeboardpark\/"]}]}},"_links":{"self":[{"href":"https:\/\/www.waterskis.lv\/en\/wp-json\/wp\/v2\/product\/15905","targetHints":{"allow":["GET"]}}],"collection":[{"href":"https:\/\/www.waterskis.lv\/en\/wp-json\/wp\/v2\/product"}],"about":[{"href":"https:\/\/www.waterskis.lv\/en\/wp-json\/wp\/v2\/types\/product"}],"replies":[{"embeddable":true,"href":"https:\/\/www.waterskis.lv\/en\/wp-json\/wp\/v2\/comments?post=15905"}],"wp:featuredmedia":[{"embeddable":true,"href":"https:\/\/www.waterskis.lv\/en\/wp-json\/wp\/v2\/media\/11093"}],"wp:attachment":[{"href":"https:\/\/www.waterskis.lv\/en\/wp-json\/wp\/v2\/media?parent=15905"}],"wp:term":[{"taxonomy":"product_brand","embeddable":true,"href":"https:\/\/www.waterskis.lv\/en\/wp-json\/wp\/v2\/product_brand?post=15905"},{"taxonomy":"product_cat","embeddable":true,"href":"https:\/\/www.waterskis.lv\/en\/wp-json\/wp\/v2\/product_cat?post=15905"},{"taxonomy":"product_tag","embeddable":true,"href":"https:\/\/www.waterskis.lv\/en\/wp-json\/wp\/v2\/product_tag?post=15905"}],"curies":[{"name":"wp","href":"https:\/\/api.w.org\/{rel}","templated":true}]}}