{"id":15906,"date":"2019-04-11T13:40:10","date_gmt":"2019-04-11T10:40:10","guid":{"rendered":"https:\/\/www.waterskis.lv\/product\/sot-kajaks-ocean-quatro-4-vietas\/"},"modified":"2022-02-09T16:18:50","modified_gmt":"2022-02-09T13:18:50","slug":"sot-kayak-rtm-ocean-quatro","status":"publish","type":"product","link":"https:\/\/www.waterskis.lv\/en\/product\/sot-kayak-rtm-ocean-quatro\/","title":{"rendered":"SOT kayak RTM OCEAN QUATRO"},"content":{"rendered":"<p>SOT kayak RTM OCEAN QUATRO<\/p>\n<p>Quadruple, stable SOT kayak for entertainment and tourism<\/p>\n<p>Weight: 34 kg<\/p>\n<p>Dimensions: 412 x 90 x 35 cm<\/p>\n<p>Maximum load: 260 kg<\/p>\n<p>Tips: Sit on Top<\/p>\n<p>Material: HDPE<\/p>\n<p>Manufacturer: Rotomod<\/p>\n<p>Number of places: 2 + 2<\/p>\n<p>Color: Jungle (camouflage), Sky (White \/ blue), Storm (white \/ black), Sun (orange \/ yellow)<\/p>\n<p><strong>The \u201cQuatro\u201d boarded two adults and two children.<\/strong><\/p>\n<p>The large sea hikes are now accessible while enjoying the unique comfort and security features of the Sit on Top. Boat of the family par excellence, the Quatro is also a real player, capable of surfing the waves from the very first outings.<\/p>\n<p>Conforming to Division 245, the OCEAN QUATRO can evolve beyond the 300 m and up to 2000 of a shelter (without being registered but with the basic endowment of safety equipment), or up to 6000 (registered kayak and with the coastal endowment of security equipment ).<\/p>\n<p>Equipment included<\/p>\n<p>\u2022 1 Drain plug<br \/>\n\u2022 1 rear storage space with strap<br \/>\n\u2022 4 carrying handles<br \/>\n\u2022 4 self-bouncing wells<br \/>\n\u2022 14 Loop Bridges<br \/>\n\u2022 Molded footrests<br \/>\n\u2022 2 Elastic paddle Holders<br \/>\n\u2022 1 Front storage space with strap<br \/>\n\u2022 Deckline<\/p>\n<table class=\"shop_attributes\">\n<tbody>\n<tr>\n<th>Models<\/th>\n<td><a href=\"https:\/\/www.rtmkayaks.com\/en\/Model\/sit-on-top-kayak\/\" rel=\"tag\">Sit On Top kayak<\/a>,\u00a0<a href=\"https:\/\/www.rtmkayaks.com\/en\/Model\/tandem-and\/\" rel=\"tag\">Tandem and +<\/a>,\u00a0<a href=\"https:\/\/www.rtmkayaks.com\/en\/Model\/use-rental-clubs\/\" rel=\"tag\">Use Rental Clubs<\/a><\/td>\n<\/tr>\n<tr>\n<th>Level<\/th>\n<td><a href=\"https:\/\/www.rtmkayaks.com\/en\/niveau\/debutant-en\/\" rel=\"tag\">Beginner<\/a>,\u00a0<a href=\"https:\/\/www.rtmkayaks.com\/en\/niveau\/insider\/\" rel=\"tag\">Insider<\/a><\/td>\n<\/tr>\n<tr>\n<th>Paddler<\/th>\n<td><a href=\"https:\/\/www.rtmkayaks.com\/en\/paddler\/adult\/\" rel=\"tag\">Adult<\/a>,\u00a0<a href=\"https:\/\/www.rtmkayaks.com\/en\/paddler\/adult-xl\/\" rel=\"tag\">Adult XL<\/a>,\u00a0<a href=\"https:\/\/www.rtmkayaks.com\/en\/paddler\/kids\/\" rel=\"tag\">Kids<\/a><\/td>\n<\/tr>\n<tr>\n<th>Site<\/th>\n<td><a href=\"https:\/\/www.rtmkayaks.com\/en\/site\/lake\/\" rel=\"tag\">Lake<\/a>,\u00a0<a href=\"https:\/\/www.rtmkayaks.com\/en\/site\/river-category-2\/\" rel=\"tag\">River &lt; category 2<\/a>,\u00a0<a href=\"https:\/\/www.rtmkayaks.com\/en\/site\/sea-up-to-2-miles\/\" rel=\"tag\">Sea up to 2 miles<\/a>,\u00a0<a href=\"https:\/\/www.rtmkayaks.com\/en\/site\/sea-up-to-6-miles\/\" rel=\"tag\">Sea up to 6 miles<\/a><\/td>\n<\/tr>\n<tr>\n<th>Type of Practice<\/th>\n<td><a href=\"https:\/\/www.rtmkayaks.com\/en\/type-de-pratique\/1-to-3-hours-outing\/\" rel=\"tag\">1 to 3 hours outing<\/a>,\u00a0<a href=\"https:\/\/www.rtmkayaks.com\/en\/type-de-pratique\/hiking-1-day\/\" rel=\"tag\">Hiking 1 day<\/a>,\u00a0<a href=\"https:\/\/www.rtmkayaks.com\/en\/type-de-pratique\/hiking-1-to-3-days\/\" rel=\"tag\">Hiking 1 to 3 days<\/a><\/td>\n<\/tr>\n<\/tbody>\n<\/table>\n<p>&nbsp;<\/p>\n<p>SOT kayak RTM OCEAN QUATRO<\/p>\n<p>&nbsp;<\/p>\n","protected":false},"excerpt":{"rendered":"<p>https:\/\/www.youtube.com\/watch?v=OICh5kfZAus [&#8230;]<\/p>\n<p><a class=\"btn btn-secondary understrap-read-more-link\" href=\"https:\/\/www.waterskis.lv\/en\/product\/sot-kayak-rtm-ocean-quatro\/\">Read More&#8230;<\/a><\/p>\n","protected":false},"featured_media":11097,"comment_status":"closed","ping_status":"closed","template":"","meta":{"_acf_changed":false,"inline_featured_image":false},"product_brand":[],"product_cat":[507,530,535,529],"product_tag":[],"class_list":{"0":"post-15906","1":"product","2":"type-product","3":"status-publish","4":"has-post-thumbnail","6":"product_cat-kayaks","7":"product_cat-multi-person-sot-kayaks","8":"product_cat-sot-kayaks","9":"product_cat-tandem-sit-on-kayaks","11":"first","12":"instock","13":"shipping-taxable","14":"product-type-simple"},"acf":[],"yoast_head":"<!-- This site is optimized with the Yoast SEO plugin v27.3 - https:\/\/yoast.com\/product\/yoast-seo-wordpress\/ -->\n<title>SOT kayak RTM OCEAN QUATRO - WATERSKIS.LV<\/title>\n<meta name=\"description\" content=\"SOT kayak RTM OCEAN QUATRO. Waterskis.lv - established manufacturers, high quality, good price. Kayaks, boats and more.\" \/>\n<meta name=\"robots\" content=\"index, follow, max-snippet:-1, max-image-preview:large, max-video-preview:-1\" \/>\n<link rel=\"canonical\" href=\"https:\/\/www.waterskis.lv\/en\/product\/sot-kayak-rtm-ocean-quatro\/\" \/>\n<meta property=\"og:locale\" content=\"en_US\" \/>\n<meta property=\"og:type\" content=\"article\" \/>\n<meta property=\"og:title\" content=\"SOT kayak RTM OCEAN QUATRO\" \/>\n<meta property=\"og:description\" content=\"SOT kayak RTM OCEAN QUATRO\" \/>\n<meta property=\"og:url\" content=\"https:\/\/www.waterskis.lv\/en\/product\/sot-kayak-rtm-ocean-quatro\/\" \/>\n<meta property=\"og:site_name\" content=\"WATERSKIS.LV\" \/>\n<meta property=\"article:publisher\" content=\"https:\/\/www.facebook.com\/jurmalawaterskiwakeboardpark\/\" \/>\n<meta property=\"article:modified_time\" content=\"2022-02-09T13:18:50+00:00\" \/>\n<meta property=\"og:image\" content=\"https:\/\/www.waterskis.lv\/wp-content\/uploads\/2020\/01\/Ocean-Quatro-1.jpg\" \/>\n<meta name=\"twitter:card\" content=\"summary_large_image\" \/>\n<meta name=\"twitter:label1\" content=\"Est. reading time\" \/>\n\t<meta name=\"twitter:data1\" content=\"2 minutes\" \/>\n<script type=\"application\/ld+json\" class=\"yoast-schema-graph\">{\"@context\":\"https:\\\/\\\/schema.org\",\"@graph\":[{\"@type\":\"WebPage\",\"@id\":\"https:\\\/\\\/www.waterskis.lv\\\/en\\\/product\\\/sot-kayak-rtm-ocean-quatro\\\/\",\"url\":\"https:\\\/\\\/www.waterskis.lv\\\/en\\\/product\\\/sot-kayak-rtm-ocean-quatro\\\/\",\"name\":\"SOT kayak RTM OCEAN QUATRO - WATERSKIS.LV\",\"isPartOf\":{\"@id\":\"https:\\\/\\\/www.waterskis.lv\\\/en\\\/#website\"},\"primaryImageOfPage\":{\"@id\":\"https:\\\/\\\/www.waterskis.lv\\\/en\\\/product\\\/sot-kayak-rtm-ocean-quatro\\\/#primaryimage\"},\"image\":{\"@id\":\"https:\\\/\\\/www.waterskis.lv\\\/en\\\/product\\\/sot-kayak-rtm-ocean-quatro\\\/#primaryimage\"},\"thumbnailUrl\":\"https:\\\/\\\/www.waterskis.lv\\\/wp-content\\\/uploads\\\/2019\\\/04\\\/Quatro1.php_.png\",\"datePublished\":\"2019-04-11T10:40:10+00:00\",\"dateModified\":\"2022-02-09T13:18:50+00:00\",\"description\":\"SOT kayak RTM OCEAN QUATRO. Waterskis.lv - established manufacturers, high quality, good price. Kayaks, boats and more.\",\"breadcrumb\":{\"@id\":\"https:\\\/\\\/www.waterskis.lv\\\/en\\\/product\\\/sot-kayak-rtm-ocean-quatro\\\/#breadcrumb\"},\"inLanguage\":\"en-US\",\"potentialAction\":[{\"@type\":\"ReadAction\",\"target\":[\"https:\\\/\\\/www.waterskis.lv\\\/en\\\/product\\\/sot-kayak-rtm-ocean-quatro\\\/\"]}]},{\"@type\":\"ImageObject\",\"inLanguage\":\"en-US\",\"@id\":\"https:\\\/\\\/www.waterskis.lv\\\/en\\\/product\\\/sot-kayak-rtm-ocean-quatro\\\/#primaryimage\",\"url\":\"https:\\\/\\\/www.waterskis.lv\\\/wp-content\\\/uploads\\\/2019\\\/04\\\/Quatro1.php_.png\",\"contentUrl\":\"https:\\\/\\\/www.waterskis.lv\\\/wp-content\\\/uploads\\\/2019\\\/04\\\/Quatro1.php_.png\",\"width\":600,\"height\":600,\"caption\":\"SOT kayak OCEAN QUATRO 4 seats\"},{\"@type\":\"BreadcrumbList\",\"@id\":\"https:\\\/\\\/www.waterskis.lv\\\/en\\\/product\\\/sot-kayak-rtm-ocean-quatro\\\/#breadcrumb\",\"itemListElement\":[{\"@type\":\"ListItem\",\"position\":1,\"name\":\"Home\",\"item\":\"https:\\\/\\\/www.waterskis.lv\\\/en\\\/\"},{\"@type\":\"ListItem\",\"position\":2,\"name\":\"Shop\",\"item\":\"https:\\\/\\\/waterskis.lv\\\/en\\\/shop\\\/\"},{\"@type\":\"ListItem\",\"position\":3,\"name\":\"SOT kayak RTM OCEAN QUATRO\"}]},{\"@type\":\"WebSite\",\"@id\":\"https:\\\/\\\/www.waterskis.lv\\\/en\\\/#website\",\"url\":\"https:\\\/\\\/www.waterskis.lv\\\/en\\\/\",\"name\":\"WATERSKIS.LV\",\"description\":\"SUP d\u0113\u013ci, kajaki, kanoe, airu laivas, \u016bdenssl\u0113po\u0161ana, veikbords, SUP d\u0113\u013cu noma, kajaku nomaakt\u012bv\u0101s atp\u016btas centrs, laivu noma, sup noma, kajaku noma\",\"publisher\":{\"@id\":\"https:\\\/\\\/www.waterskis.lv\\\/en\\\/#organization\"},\"potentialAction\":[{\"@type\":\"SearchAction\",\"target\":{\"@type\":\"EntryPoint\",\"urlTemplate\":\"https:\\\/\\\/www.waterskis.lv\\\/en\\\/?s={search_term_string}\"},\"query-input\":{\"@type\":\"PropertyValueSpecification\",\"valueRequired\":true,\"valueName\":\"search_term_string\"}}],\"inLanguage\":\"en-US\"},{\"@type\":\"Organization\",\"@id\":\"https:\\\/\\\/www.waterskis.lv\\\/en\\\/#organization\",\"name\":\"WATERSKIS.LV\",\"url\":\"https:\\\/\\\/www.waterskis.lv\\\/en\\\/\",\"logo\":{\"@type\":\"ImageObject\",\"inLanguage\":\"en-US\",\"@id\":\"https:\\\/\\\/www.waterskis.lv\\\/en\\\/#\\\/schema\\\/logo\\\/image\\\/\",\"url\":\"https:\\\/\\\/www.waterskis.lv\\\/wp-content\\\/uploads\\\/2025\\\/01\\\/JUVP-logo.png\",\"contentUrl\":\"https:\\\/\\\/www.waterskis.lv\\\/wp-content\\\/uploads\\\/2025\\\/01\\\/JUVP-logo.png\",\"width\":421,\"height\":202,\"caption\":\"WATERSKIS.LV\"},\"image\":{\"@id\":\"https:\\\/\\\/www.waterskis.lv\\\/en\\\/#\\\/schema\\\/logo\\\/image\\\/\"},\"sameAs\":[\"https:\\\/\\\/www.facebook.com\\\/jurmalawaterskiwakeboardpark\\\/\"]}]}<\/script>\n<!-- \/ Yoast SEO plugin. -->","yoast_head_json":{"title":"SOT kayak RTM OCEAN QUATRO - WATERSKIS.LV","description":"SOT kayak RTM OCEAN QUATRO. Waterskis.lv - established manufacturers, high quality, good price. Kayaks, boats and more.","robots":{"index":"index","follow":"follow","max-snippet":"max-snippet:-1","max-image-preview":"max-image-preview:large","max-video-preview":"max-video-preview:-1"},"canonical":"https:\/\/www.waterskis.lv\/en\/product\/sot-kayak-rtm-ocean-quatro\/","og_locale":"en_US","og_type":"article","og_title":"SOT kayak RTM OCEAN QUATRO","og_description":"SOT kayak RTM OCEAN QUATRO","og_url":"https:\/\/www.waterskis.lv\/en\/product\/sot-kayak-rtm-ocean-quatro\/","og_site_name":"WATERSKIS.LV","article_publisher":"https:\/\/www.facebook.com\/jurmalawaterskiwakeboardpark\/","article_modified_time":"2022-02-09T13:18:50+00:00","og_image":[{"url":"https:\/\/www.waterskis.lv\/wp-content\/uploads\/2020\/01\/Ocean-Quatro-1.jpg","type":"","width":"","height":""}],"twitter_card":"summary_large_image","twitter_misc":{"Est. reading time":"2 minutes"},"schema":{"@context":"https:\/\/schema.org","@graph":[{"@type":"WebPage","@id":"https:\/\/www.waterskis.lv\/en\/product\/sot-kayak-rtm-ocean-quatro\/","url":"https:\/\/www.waterskis.lv\/en\/product\/sot-kayak-rtm-ocean-quatro\/","name":"SOT kayak RTM OCEAN QUATRO - WATERSKIS.LV","isPartOf":{"@id":"https:\/\/www.waterskis.lv\/en\/#website"},"primaryImageOfPage":{"@id":"https:\/\/www.waterskis.lv\/en\/product\/sot-kayak-rtm-ocean-quatro\/#primaryimage"},"image":{"@id":"https:\/\/www.waterskis.lv\/en\/product\/sot-kayak-rtm-ocean-quatro\/#primaryimage"},"thumbnailUrl":"https:\/\/www.waterskis.lv\/wp-content\/uploads\/2019\/04\/Quatro1.php_.png","datePublished":"2019-04-11T10:40:10+00:00","dateModified":"2022-02-09T13:18:50+00:00","description":"SOT kayak RTM OCEAN QUATRO. Waterskis.lv - established manufacturers, high quality, good price. Kayaks, boats and more.","breadcrumb":{"@id":"https:\/\/www.waterskis.lv\/en\/product\/sot-kayak-rtm-ocean-quatro\/#breadcrumb"},"inLanguage":"en-US","potentialAction":[{"@type":"ReadAction","target":["https:\/\/www.waterskis.lv\/en\/product\/sot-kayak-rtm-ocean-quatro\/"]}]},{"@type":"ImageObject","inLanguage":"en-US","@id":"https:\/\/www.waterskis.lv\/en\/product\/sot-kayak-rtm-ocean-quatro\/#primaryimage","url":"https:\/\/www.waterskis.lv\/wp-content\/uploads\/2019\/04\/Quatro1.php_.png","contentUrl":"https:\/\/www.waterskis.lv\/wp-content\/uploads\/2019\/04\/Quatro1.php_.png","width":600,"height":600,"caption":"SOT kayak OCEAN QUATRO 4 seats"},{"@type":"BreadcrumbList","@id":"https:\/\/www.waterskis.lv\/en\/product\/sot-kayak-rtm-ocean-quatro\/#breadcrumb","itemListElement":[{"@type":"ListItem","position":1,"name":"Home","item":"https:\/\/www.waterskis.lv\/en\/"},{"@type":"ListItem","position":2,"name":"Shop","item":"https:\/\/waterskis.lv\/en\/shop\/"},{"@type":"ListItem","position":3,"name":"SOT kayak RTM OCEAN QUATRO"}]},{"@type":"WebSite","@id":"https:\/\/www.waterskis.lv\/en\/#website","url":"https:\/\/www.waterskis.lv\/en\/","name":"WATERSKIS.LV","description":"SUP d\u0113\u013ci, kajaki, kanoe, airu laivas, \u016bdenssl\u0113po\u0161ana, veikbords, SUP d\u0113\u013cu noma, kajaku nomaakt\u012bv\u0101s atp\u016btas centrs, laivu noma, sup noma, kajaku noma","publisher":{"@id":"https:\/\/www.waterskis.lv\/en\/#organization"},"potentialAction":[{"@type":"SearchAction","target":{"@type":"EntryPoint","urlTemplate":"https:\/\/www.waterskis.lv\/en\/?s={search_term_string}"},"query-input":{"@type":"PropertyValueSpecification","valueRequired":true,"valueName":"search_term_string"}}],"inLanguage":"en-US"},{"@type":"Organization","@id":"https:\/\/www.waterskis.lv\/en\/#organization","name":"WATERSKIS.LV","url":"https:\/\/www.waterskis.lv\/en\/","logo":{"@type":"ImageObject","inLanguage":"en-US","@id":"https:\/\/www.waterskis.lv\/en\/#\/schema\/logo\/image\/","url":"https:\/\/www.waterskis.lv\/wp-content\/uploads\/2025\/01\/JUVP-logo.png","contentUrl":"https:\/\/www.waterskis.lv\/wp-content\/uploads\/2025\/01\/JUVP-logo.png","width":421,"height":202,"caption":"WATERSKIS.LV"},"image":{"@id":"https:\/\/www.waterskis.lv\/en\/#\/schema\/logo\/image\/"},"sameAs":["https:\/\/www.facebook.com\/jurmalawaterskiwakeboardpark\/"]}]}},"_links":{"self":[{"href":"https:\/\/www.waterskis.lv\/en\/wp-json\/wp\/v2\/product\/15906","targetHints":{"allow":["GET"]}}],"collection":[{"href":"https:\/\/www.waterskis.lv\/en\/wp-json\/wp\/v2\/product"}],"about":[{"href":"https:\/\/www.waterskis.lv\/en\/wp-json\/wp\/v2\/types\/product"}],"replies":[{"embeddable":true,"href":"https:\/\/www.waterskis.lv\/en\/wp-json\/wp\/v2\/comments?post=15906"}],"wp:featuredmedia":[{"embeddable":true,"href":"https:\/\/www.waterskis.lv\/en\/wp-json\/wp\/v2\/media\/11097"}],"wp:attachment":[{"href":"https:\/\/www.waterskis.lv\/en\/wp-json\/wp\/v2\/media?parent=15906"}],"wp:term":[{"taxonomy":"product_brand","embeddable":true,"href":"https:\/\/www.waterskis.lv\/en\/wp-json\/wp\/v2\/product_brand?post=15906"},{"taxonomy":"product_cat","embeddable":true,"href":"https:\/\/www.waterskis.lv\/en\/wp-json\/wp\/v2\/product_cat?post=15906"},{"taxonomy":"product_tag","embeddable":true,"href":"https:\/\/www.waterskis.lv\/en\/wp-json\/wp\/v2\/product_tag?post=15906"}],"curies":[{"name":"wp","href":"https:\/\/api.w.org\/{rel}","templated":true}]}}