{"id":15995,"date":"2020-02-13T20:44:06","date_gmt":"2020-02-13T17:44:06","guid":{"rendered":"https:\/\/www.waterskis.lv\/product\/kajaks-miwok-hi-luxe\/"},"modified":"2022-02-07T16:15:00","modified_gmt":"2022-02-07T13:15:00","slug":"one-person-kayak-miwok-hi-luxe","status":"publish","type":"product","link":"https:\/\/www.waterskis.lv\/en\/product\/one-person-kayak-miwok-hi-luxe\/","title":{"rendered":"One person kayak MIWOK Hi Luxe"},"content":{"rendered":"<p>One person kayak MIWOK Hi Luxe<\/p>\n<p>The kayaker can adjust the depth of the Biwok\u2019s removable daggerboard according to the wind and current and more easily correct its course. The hull remains unchanged and still has good gliding and stability. The deck has been redesigned and has more volume, and the coamings have been enlarged to accommodate the largest of sailors. It is equipped with Hi-Class seats as standard. The BIWOK EVO is the kayak for short or long trips with its high loading capacity.<\/p>\n<p>Front compartment volume: 62 liters \u2013 accessible by 1 hatch.<br \/>\nRear compartment volume: 120 liters \u2013 accessible by 1 trap door.<\/p>\n<p><strong>It is recommended to use a DRY BAG in the kayak storage compartments.<\/strong><\/p>\n<p>This product is designed exclusively to be propelled by human power (paddle and\/or impulse drive)<\/p>\n<p><strong>Length :<\/strong>\u00a0530 cm \/ 17\u20194<br \/>\n<strong>Width :<\/strong>\u00a067 cm \/ 26.4\u201d<br \/>\n<strong>Depth :<\/strong>\u00a035 cm \/ 13.8\u201d<br \/>\n<strong>Weigth :\u00a0<\/strong>34 kg \/ 75 lbs<br \/>\n<strong>Max charge :\u00a0<\/strong>240 kg \/ 529 lbs<br \/>\n<strong>Cockpit :\u00a0<\/strong>92 x 47 cm \/ 36.2\u201d x 18.5\u201d<\/p>\n<p>One person kayak MIWOK Hi Luxe<\/p>\n<p><iframe title=\"Prima uscita di prova del kayak DAG Miwok\" width=\"640\" height=\"360\" src=\"https:\/\/www.youtube.com\/embed\/N0jBmNBhb3U?feature=oembed\" frameborder=\"0\" allow=\"accelerometer; autoplay; clipboard-write; encrypted-media; gyroscope; picture-in-picture; web-share\" referrerpolicy=\"strict-origin-when-cross-origin\" allowfullscreen><\/iframe><\/p>\n","protected":false},"excerpt":{"rendered":"<p>One person kayak MIWOK Hi Luxe The kayaker can adjust the depth of the Biwok\u2019s removable daggerboard according to the wind and current and more easily correct its course. The hull remains unchanged and still has good gliding and stability. The deck has been redesigned and has more volume, and the coamings have been enlarged [&#8230;]<\/p>\n<p><a class=\"btn btn-secondary understrap-read-more-link\" href=\"https:\/\/www.waterskis.lv\/en\/product\/one-person-kayak-miwok-hi-luxe\/\">Read More&#8230;<\/a><\/p>\n","protected":false},"featured_media":14978,"comment_status":"closed","ping_status":"closed","template":"","meta":{"_acf_changed":false,"inline_featured_image":false},"product_brand":[],"product_cat":[507,524],"product_tag":[],"class_list":{"0":"post-15995","1":"product","2":"type-product","3":"status-publish","4":"has-post-thumbnail","6":"product_cat-kayaks","7":"product_cat-solo-kayaks","9":"first","10":"instock","11":"shipping-taxable","12":"product-type-simple"},"acf":[],"yoast_head":"<!-- This site is optimized with the Yoast SEO plugin v27.3 - https:\/\/yoast.com\/product\/yoast-seo-wordpress\/ -->\n<title>One person kayak MIWOK Hi Luxe - WATERSKIS.LV<\/title>\n<meta name=\"description\" content=\"One person kayak MIWOK Hi Luxe. Waterskis.lv Buy, rent different types of kayaks and related equipment and more.\" \/>\n<meta name=\"robots\" content=\"index, follow, max-snippet:-1, max-image-preview:large, max-video-preview:-1\" \/>\n<link rel=\"canonical\" href=\"https:\/\/www.waterskis.lv\/en\/product\/one-person-kayak-miwok-hi-luxe\/\" \/>\n<meta property=\"og:locale\" content=\"en_US\" \/>\n<meta property=\"og:type\" content=\"article\" \/>\n<meta property=\"og:title\" content=\"One person kayak MIWOK Hi Luxe - WATERSKIS.LV\" \/>\n<meta property=\"og:description\" content=\"One person kayak MIWOK Hi Luxe. Waterskis.lv Buy, rent different types of kayaks and related equipment and more.\" \/>\n<meta property=\"og:url\" content=\"https:\/\/www.waterskis.lv\/en\/product\/one-person-kayak-miwok-hi-luxe\/\" \/>\n<meta property=\"og:site_name\" content=\"WATERSKIS.LV\" \/>\n<meta property=\"article:publisher\" content=\"https:\/\/www.facebook.com\/jurmalawaterskiwakeboardpark\/\" \/>\n<meta property=\"article:modified_time\" content=\"2022-02-07T13:15:00+00:00\" \/>\n<meta property=\"og:image\" content=\"https:\/\/www.waterskis.lv\/wp-content\/uploads\/2020\/02\/MIWOK-UP.jpg\" \/>\n\t<meta property=\"og:image:width\" content=\"946\" \/>\n\t<meta property=\"og:image:height\" content=\"542\" \/>\n\t<meta property=\"og:image:type\" content=\"image\/jpeg\" \/>\n<meta name=\"twitter:card\" content=\"summary_large_image\" \/>\n<meta name=\"twitter:label1\" content=\"Est. reading time\" \/>\n\t<meta name=\"twitter:data1\" content=\"1 minute\" \/>\n<script type=\"application\/ld+json\" class=\"yoast-schema-graph\">{\"@context\":\"https:\\\/\\\/schema.org\",\"@graph\":[{\"@type\":\"WebPage\",\"@id\":\"https:\\\/\\\/www.waterskis.lv\\\/en\\\/product\\\/one-person-kayak-miwok-hi-luxe\\\/\",\"url\":\"https:\\\/\\\/www.waterskis.lv\\\/en\\\/product\\\/one-person-kayak-miwok-hi-luxe\\\/\",\"name\":\"One person kayak MIWOK Hi Luxe - WATERSKIS.LV\",\"isPartOf\":{\"@id\":\"https:\\\/\\\/www.waterskis.lv\\\/en\\\/#website\"},\"primaryImageOfPage\":{\"@id\":\"https:\\\/\\\/www.waterskis.lv\\\/en\\\/product\\\/one-person-kayak-miwok-hi-luxe\\\/#primaryimage\"},\"image\":{\"@id\":\"https:\\\/\\\/www.waterskis.lv\\\/en\\\/product\\\/one-person-kayak-miwok-hi-luxe\\\/#primaryimage\"},\"thumbnailUrl\":\"https:\\\/\\\/www.waterskis.lv\\\/wp-content\\\/uploads\\\/2020\\\/02\\\/MIWOK-UP.jpg\",\"datePublished\":\"2020-02-13T17:44:06+00:00\",\"dateModified\":\"2022-02-07T13:15:00+00:00\",\"description\":\"One person kayak MIWOK Hi Luxe. Waterskis.lv Buy, rent different types of kayaks and related equipment and more.\",\"breadcrumb\":{\"@id\":\"https:\\\/\\\/www.waterskis.lv\\\/en\\\/product\\\/one-person-kayak-miwok-hi-luxe\\\/#breadcrumb\"},\"inLanguage\":\"en-US\",\"potentialAction\":[{\"@type\":\"ReadAction\",\"target\":[\"https:\\\/\\\/www.waterskis.lv\\\/en\\\/product\\\/one-person-kayak-miwok-hi-luxe\\\/\"]}]},{\"@type\":\"ImageObject\",\"inLanguage\":\"en-US\",\"@id\":\"https:\\\/\\\/www.waterskis.lv\\\/en\\\/product\\\/one-person-kayak-miwok-hi-luxe\\\/#primaryimage\",\"url\":\"https:\\\/\\\/www.waterskis.lv\\\/wp-content\\\/uploads\\\/2020\\\/02\\\/MIWOK-UP.jpg\",\"contentUrl\":\"https:\\\/\\\/www.waterskis.lv\\\/wp-content\\\/uploads\\\/2020\\\/02\\\/MIWOK-UP.jpg\",\"width\":946,\"height\":542,\"caption\":\"One person kayak MIWOK Hi Luxe\"},{\"@type\":\"BreadcrumbList\",\"@id\":\"https:\\\/\\\/www.waterskis.lv\\\/en\\\/product\\\/one-person-kayak-miwok-hi-luxe\\\/#breadcrumb\",\"itemListElement\":[{\"@type\":\"ListItem\",\"position\":1,\"name\":\"Home\",\"item\":\"https:\\\/\\\/www.waterskis.lv\\\/en\\\/\"},{\"@type\":\"ListItem\",\"position\":2,\"name\":\"Shop\",\"item\":\"https:\\\/\\\/waterskis.lv\\\/en\\\/shop\\\/\"},{\"@type\":\"ListItem\",\"position\":3,\"name\":\"Private: One person kayak MIWOK Hi Luxe\"}]},{\"@type\":\"WebSite\",\"@id\":\"https:\\\/\\\/www.waterskis.lv\\\/en\\\/#website\",\"url\":\"https:\\\/\\\/www.waterskis.lv\\\/en\\\/\",\"name\":\"WATERSKIS.LV\",\"description\":\"SUP d\u0113\u013ci, kajaki, kanoe, airu laivas, \u016bdenssl\u0113po\u0161ana, veikbords, SUP d\u0113\u013cu noma, kajaku nomaakt\u012bv\u0101s atp\u016btas centrs, laivu noma, sup noma, kajaku noma\",\"publisher\":{\"@id\":\"https:\\\/\\\/www.waterskis.lv\\\/en\\\/#organization\"},\"potentialAction\":[{\"@type\":\"SearchAction\",\"target\":{\"@type\":\"EntryPoint\",\"urlTemplate\":\"https:\\\/\\\/www.waterskis.lv\\\/en\\\/?s={search_term_string}\"},\"query-input\":{\"@type\":\"PropertyValueSpecification\",\"valueRequired\":true,\"valueName\":\"search_term_string\"}}],\"inLanguage\":\"en-US\"},{\"@type\":\"Organization\",\"@id\":\"https:\\\/\\\/www.waterskis.lv\\\/en\\\/#organization\",\"name\":\"WATERSKIS.LV\",\"url\":\"https:\\\/\\\/www.waterskis.lv\\\/en\\\/\",\"logo\":{\"@type\":\"ImageObject\",\"inLanguage\":\"en-US\",\"@id\":\"https:\\\/\\\/www.waterskis.lv\\\/en\\\/#\\\/schema\\\/logo\\\/image\\\/\",\"url\":\"https:\\\/\\\/www.waterskis.lv\\\/wp-content\\\/uploads\\\/2025\\\/01\\\/JUVP-logo.png\",\"contentUrl\":\"https:\\\/\\\/www.waterskis.lv\\\/wp-content\\\/uploads\\\/2025\\\/01\\\/JUVP-logo.png\",\"width\":421,\"height\":202,\"caption\":\"WATERSKIS.LV\"},\"image\":{\"@id\":\"https:\\\/\\\/www.waterskis.lv\\\/en\\\/#\\\/schema\\\/logo\\\/image\\\/\"},\"sameAs\":[\"https:\\\/\\\/www.facebook.com\\\/jurmalawaterskiwakeboardpark\\\/\"]}]}<\/script>\n<!-- \/ Yoast SEO plugin. -->","yoast_head_json":{"title":"One person kayak MIWOK Hi Luxe - WATERSKIS.LV","description":"One person kayak MIWOK Hi Luxe. Waterskis.lv Buy, rent different types of kayaks and related equipment and more.","robots":{"index":"index","follow":"follow","max-snippet":"max-snippet:-1","max-image-preview":"max-image-preview:large","max-video-preview":"max-video-preview:-1"},"canonical":"https:\/\/www.waterskis.lv\/en\/product\/one-person-kayak-miwok-hi-luxe\/","og_locale":"en_US","og_type":"article","og_title":"One person kayak MIWOK Hi Luxe - WATERSKIS.LV","og_description":"One person kayak MIWOK Hi Luxe. Waterskis.lv Buy, rent different types of kayaks and related equipment and more.","og_url":"https:\/\/www.waterskis.lv\/en\/product\/one-person-kayak-miwok-hi-luxe\/","og_site_name":"WATERSKIS.LV","article_publisher":"https:\/\/www.facebook.com\/jurmalawaterskiwakeboardpark\/","article_modified_time":"2022-02-07T13:15:00+00:00","og_image":[{"width":946,"height":542,"url":"https:\/\/www.waterskis.lv\/wp-content\/uploads\/2020\/02\/MIWOK-UP.jpg","type":"image\/jpeg"}],"twitter_card":"summary_large_image","twitter_misc":{"Est. reading time":"1 minute"},"schema":{"@context":"https:\/\/schema.org","@graph":[{"@type":"WebPage","@id":"https:\/\/www.waterskis.lv\/en\/product\/one-person-kayak-miwok-hi-luxe\/","url":"https:\/\/www.waterskis.lv\/en\/product\/one-person-kayak-miwok-hi-luxe\/","name":"One person kayak MIWOK Hi Luxe - WATERSKIS.LV","isPartOf":{"@id":"https:\/\/www.waterskis.lv\/en\/#website"},"primaryImageOfPage":{"@id":"https:\/\/www.waterskis.lv\/en\/product\/one-person-kayak-miwok-hi-luxe\/#primaryimage"},"image":{"@id":"https:\/\/www.waterskis.lv\/en\/product\/one-person-kayak-miwok-hi-luxe\/#primaryimage"},"thumbnailUrl":"https:\/\/www.waterskis.lv\/wp-content\/uploads\/2020\/02\/MIWOK-UP.jpg","datePublished":"2020-02-13T17:44:06+00:00","dateModified":"2022-02-07T13:15:00+00:00","description":"One person kayak MIWOK Hi Luxe. Waterskis.lv Buy, rent different types of kayaks and related equipment and more.","breadcrumb":{"@id":"https:\/\/www.waterskis.lv\/en\/product\/one-person-kayak-miwok-hi-luxe\/#breadcrumb"},"inLanguage":"en-US","potentialAction":[{"@type":"ReadAction","target":["https:\/\/www.waterskis.lv\/en\/product\/one-person-kayak-miwok-hi-luxe\/"]}]},{"@type":"ImageObject","inLanguage":"en-US","@id":"https:\/\/www.waterskis.lv\/en\/product\/one-person-kayak-miwok-hi-luxe\/#primaryimage","url":"https:\/\/www.waterskis.lv\/wp-content\/uploads\/2020\/02\/MIWOK-UP.jpg","contentUrl":"https:\/\/www.waterskis.lv\/wp-content\/uploads\/2020\/02\/MIWOK-UP.jpg","width":946,"height":542,"caption":"One person kayak MIWOK Hi Luxe"},{"@type":"BreadcrumbList","@id":"https:\/\/www.waterskis.lv\/en\/product\/one-person-kayak-miwok-hi-luxe\/#breadcrumb","itemListElement":[{"@type":"ListItem","position":1,"name":"Home","item":"https:\/\/www.waterskis.lv\/en\/"},{"@type":"ListItem","position":2,"name":"Shop","item":"https:\/\/waterskis.lv\/en\/shop\/"},{"@type":"ListItem","position":3,"name":"Private: One person kayak MIWOK Hi Luxe"}]},{"@type":"WebSite","@id":"https:\/\/www.waterskis.lv\/en\/#website","url":"https:\/\/www.waterskis.lv\/en\/","name":"WATERSKIS.LV","description":"SUP d\u0113\u013ci, kajaki, kanoe, airu laivas, \u016bdenssl\u0113po\u0161ana, veikbords, SUP d\u0113\u013cu noma, kajaku nomaakt\u012bv\u0101s atp\u016btas centrs, laivu noma, sup noma, kajaku noma","publisher":{"@id":"https:\/\/www.waterskis.lv\/en\/#organization"},"potentialAction":[{"@type":"SearchAction","target":{"@type":"EntryPoint","urlTemplate":"https:\/\/www.waterskis.lv\/en\/?s={search_term_string}"},"query-input":{"@type":"PropertyValueSpecification","valueRequired":true,"valueName":"search_term_string"}}],"inLanguage":"en-US"},{"@type":"Organization","@id":"https:\/\/www.waterskis.lv\/en\/#organization","name":"WATERSKIS.LV","url":"https:\/\/www.waterskis.lv\/en\/","logo":{"@type":"ImageObject","inLanguage":"en-US","@id":"https:\/\/www.waterskis.lv\/en\/#\/schema\/logo\/image\/","url":"https:\/\/www.waterskis.lv\/wp-content\/uploads\/2025\/01\/JUVP-logo.png","contentUrl":"https:\/\/www.waterskis.lv\/wp-content\/uploads\/2025\/01\/JUVP-logo.png","width":421,"height":202,"caption":"WATERSKIS.LV"},"image":{"@id":"https:\/\/www.waterskis.lv\/en\/#\/schema\/logo\/image\/"},"sameAs":["https:\/\/www.facebook.com\/jurmalawaterskiwakeboardpark\/"]}]}},"_links":{"self":[{"href":"https:\/\/www.waterskis.lv\/en\/wp-json\/wp\/v2\/product\/15995","targetHints":{"allow":["GET"]}}],"collection":[{"href":"https:\/\/www.waterskis.lv\/en\/wp-json\/wp\/v2\/product"}],"about":[{"href":"https:\/\/www.waterskis.lv\/en\/wp-json\/wp\/v2\/types\/product"}],"replies":[{"embeddable":true,"href":"https:\/\/www.waterskis.lv\/en\/wp-json\/wp\/v2\/comments?post=15995"}],"wp:featuredmedia":[{"embeddable":true,"href":"https:\/\/www.waterskis.lv\/en\/wp-json\/wp\/v2\/media\/14978"}],"wp:attachment":[{"href":"https:\/\/www.waterskis.lv\/en\/wp-json\/wp\/v2\/media?parent=15995"}],"wp:term":[{"taxonomy":"product_brand","embeddable":true,"href":"https:\/\/www.waterskis.lv\/en\/wp-json\/wp\/v2\/product_brand?post=15995"},{"taxonomy":"product_cat","embeddable":true,"href":"https:\/\/www.waterskis.lv\/en\/wp-json\/wp\/v2\/product_cat?post=15995"},{"taxonomy":"product_tag","embeddable":true,"href":"https:\/\/www.waterskis.lv\/en\/wp-json\/wp\/v2\/product_tag?post=15995"}],"curies":[{"name":"wp","href":"https:\/\/api.w.org\/{rel}","templated":true}]}}