{"id":16004,"date":"2020-01-21T10:51:39","date_gmt":"2020-01-21T07:51:39","guid":{"rendered":"https:\/\/www.waterskis.lv\/product\/kajaks-expression-14-ar-sturi\/"},"modified":"2022-02-08T08:52:56","modified_gmt":"2022-02-08T05:52:56","slug":"single-kayak-perception-expression-14-w-rudder","status":"publish","type":"product","link":"https:\/\/www.waterskis.lv\/en\/product\/single-kayak-perception-expression-14-w-rudder\/","title":{"rendered":"Single kayak PERCEPTION EXPRESSION 14 w\/rudder"},"content":{"rendered":"<div class=\"block_content1 rte active\">\n<h3>Single kayak PERCEPTION EXPRESSION 14 w\/rudder<\/h3>\n<p>Scenic lakes and coastal swells can be equally exhilarating&#8230; no matter where your aspirations lie, if you want to experience them to the full, the Expression range will take you there. Packed with charisma and boasting exceptional traits for kayaks of their size, they&#8217;ll fuel your passion for paddling with fast acceleration and an impressive top speed. Maximum forward efficiency is balanced with responsive control which will inspire you to explore new waters.<\/p>\n<p>Graceful and stylish lines immediately catch your eye and it&#8217;s not just the looks that are stunning. The complex hull delivers true tracking and speed from a strong V-shape at each end with a shallow-V running between. A smooth rocker and rounded chines give free flowing movement when needed for quick turns or agility in the surf.<\/p>\n<p>Careful volume distribution combined with the hull dynamics provide initial and secondary stability to match the boats striking capabilities. With an upswept, flared bow the Expression revels in the chance to cut through chop and ride the waves.<\/p>\n<p>Equipping you for longer days on the water the Expression range comes with a choice of two seating systems that can be fine tuned for a performance fit: Our Zone DLX system has a deluxe backrest that adds superior comfort and adjustability whilst our Zone EXP backband provides freer movement for dynamic paddling in testing waters.<\/p>\n<p>The adjustable leg lifter fitted in both systems reduces leg fatigue, whilst the contoured padded seat and padded thigh braces help eliminate hard pressure points and provide the needed grip.<\/p>\n<p>Whatever type of journey you choose, the large bow and stern stowage compartments will house any kit required. If venturing far, drop the TruTrak skeg to lock in the tracking, then lift again for quicker manoeuvrability in tight surroundings. Position the skeg with our spring loaded deployment system to help maintain your heading in winds and currents.<\/p>\n<p>If you prefer using your feet to assist your direction, then our optional Tip-Toes controlled rudder can be fitted for adjusting your course without breaking stroke.<\/p>\n<p>The Expression 14 is an ideal fit for small to medium size paddlers. Snugger ergonomics give close control while tailored volume distribution provides a more responsive ride.<\/p>\n<p>Whether wishing to hone your skills or exploit its sporty nature, the Expression series will keep exciting you for all those adventures still to come.<\/p>\n<\/div>\n<h4 id=\"table-data\" class=\"page-product-heading\">DATA SHEET<\/h4>\n<table class=\"block_content2 table-data-sheet\">\n<tbody>\n<tr class=\"odd\">\n<td>Type<\/td>\n<td>Sea<\/td>\n<\/tr>\n<tr class=\"even\">\n<td>Length<\/td>\n<td>442 cm<\/td>\n<\/tr>\n<tr class=\"odd\">\n<td>Width<\/td>\n<td>59 cm<\/td>\n<\/tr>\n<tr class=\"even\">\n<td>Weight<\/td>\n<td>24 kg<\/td>\n<\/tr>\n<tr class=\"odd\">\n<td>Material<\/td>\n<td>HDPE<\/td>\n<\/tr>\n<tr class=\"even\">\n<td>Number of persons<\/td>\n<td>1<\/td>\n<\/tr>\n<tr class=\"odd\">\n<td>Cockpit size (cm)<\/td>\n<td>90&#215;50<\/td>\n<\/tr>\n<tr class=\"even\">\n<td>Purpose of usage<\/td>\n<td>Touring kayak<\/td>\n<\/tr>\n<tr class=\"odd\">\n<td>Country of origin<\/td>\n<td>United Kingdom<\/td>\n<\/tr>\n<\/tbody>\n<\/table>\n<p>&nbsp;<\/p>\n<p>Colour: Arctic Berry, Blue\/white, Red, Sublime, Sunset, White Glacier, Yellow<\/p>\n<p>Single kayak PERCEPTION EXPRESSION 14 w\/rudder<\/p>\n","protected":false},"excerpt":{"rendered":"<p>https:\/\/www.youtube.com\/watch?v=VLUOXC93eBY&amp;t=29s<\/p>\n<p>&nbsp;<\/p>\n<p>https:\/\/www.youtube.com\/watch?v=XEmb-IVxpNk [&#8230;]<\/p>\n<p><a class=\"btn btn-secondary understrap-read-more-link\" href=\"https:\/\/www.waterskis.lv\/en\/product\/single-kayak-perception-expression-14-w-rudder\/\">Read More&#8230;<\/a><\/p>\n","protected":false},"featured_media":12913,"comment_status":"closed","ping_status":"closed","template":"","meta":{"_acf_changed":false,"inline_featured_image":false},"product_brand":[],"product_cat":[507,534,524],"product_tag":[],"class_list":{"0":"post-16004","1":"product","2":"type-product","3":"status-publish","4":"has-post-thumbnail","6":"product_cat-kayaks","7":"product_cat-sit-in-kayaks","8":"product_cat-solo-kayaks","10":"first","11":"instock","12":"shipping-taxable","13":"product-type-simple"},"acf":[],"yoast_head":"<!-- This site is optimized with the Yoast SEO plugin v27.3 - https:\/\/yoast.com\/product\/yoast-seo-wordpress\/ -->\n<title>Single kayak PERCEPTION EXPRESSION 14 w\/rudder - WATERSKIS.LV<\/title>\n<meta name=\"description\" content=\"Single kayak PERCEPTION EXPRESSION 14 w\/rudder. Waterskis.lv Buy, rent different types of kayaks and related equipment\" \/>\n<meta name=\"robots\" content=\"index, follow, max-snippet:-1, max-image-preview:large, max-video-preview:-1\" \/>\n<link rel=\"canonical\" href=\"https:\/\/www.waterskis.lv\/en\/product\/single-kayak-perception-expression-14-w-rudder\/\" \/>\n<meta property=\"og:locale\" content=\"en_US\" \/>\n<meta property=\"og:type\" content=\"article\" \/>\n<meta property=\"og:title\" content=\"Single kayak PERCEPTION EXPRESSION 14 w\/rudder\" \/>\n<meta property=\"og:description\" content=\"Single kayak PERCEPTION EXPRESSION 14 w\/rudder\" \/>\n<meta property=\"og:url\" content=\"https:\/\/www.waterskis.lv\/en\/product\/single-kayak-perception-expression-14-w-rudder\/\" \/>\n<meta property=\"og:site_name\" content=\"WATERSKIS.LV\" \/>\n<meta property=\"article:publisher\" content=\"https:\/\/www.facebook.com\/jurmalawaterskiwakeboardpark\/\" \/>\n<meta property=\"article:modified_time\" content=\"2022-02-08T05:52:56+00:00\" \/>\n<meta property=\"og:image\" content=\"https:\/\/www.waterskis.lv\/wp-content\/uploads\/2020\/01\/Expression-14_Glacier-White_Top-1.png\" \/>\n<meta name=\"twitter:card\" content=\"summary_large_image\" \/>\n<meta name=\"twitter:label1\" content=\"Est. reading time\" \/>\n\t<meta name=\"twitter:data1\" content=\"3 minutes\" \/>\n<script type=\"application\/ld+json\" class=\"yoast-schema-graph\">{\"@context\":\"https:\\\/\\\/schema.org\",\"@graph\":[{\"@type\":\"WebPage\",\"@id\":\"https:\\\/\\\/www.waterskis.lv\\\/en\\\/product\\\/single-kayak-perception-expression-14-w-rudder\\\/\",\"url\":\"https:\\\/\\\/www.waterskis.lv\\\/en\\\/product\\\/single-kayak-perception-expression-14-w-rudder\\\/\",\"name\":\"Single kayak PERCEPTION EXPRESSION 14 w\\\/rudder - WATERSKIS.LV\",\"isPartOf\":{\"@id\":\"https:\\\/\\\/www.waterskis.lv\\\/en\\\/#website\"},\"primaryImageOfPage\":{\"@id\":\"https:\\\/\\\/www.waterskis.lv\\\/en\\\/product\\\/single-kayak-perception-expression-14-w-rudder\\\/#primaryimage\"},\"image\":{\"@id\":\"https:\\\/\\\/www.waterskis.lv\\\/en\\\/product\\\/single-kayak-perception-expression-14-w-rudder\\\/#primaryimage\"},\"thumbnailUrl\":\"https:\\\/\\\/www.waterskis.lv\\\/wp-content\\\/uploads\\\/2020\\\/01\\\/Expression-14_Lime_Top-1.png\",\"datePublished\":\"2020-01-21T07:51:39+00:00\",\"dateModified\":\"2022-02-08T05:52:56+00:00\",\"description\":\"Single kayak PERCEPTION EXPRESSION 14 w\\\/rudder. Waterskis.lv Buy, rent different types of kayaks and related equipment\",\"breadcrumb\":{\"@id\":\"https:\\\/\\\/www.waterskis.lv\\\/en\\\/product\\\/single-kayak-perception-expression-14-w-rudder\\\/#breadcrumb\"},\"inLanguage\":\"en-US\",\"potentialAction\":[{\"@type\":\"ReadAction\",\"target\":[\"https:\\\/\\\/www.waterskis.lv\\\/en\\\/product\\\/single-kayak-perception-expression-14-w-rudder\\\/\"]}]},{\"@type\":\"ImageObject\",\"inLanguage\":\"en-US\",\"@id\":\"https:\\\/\\\/www.waterskis.lv\\\/en\\\/product\\\/single-kayak-perception-expression-14-w-rudder\\\/#primaryimage\",\"url\":\"https:\\\/\\\/www.waterskis.lv\\\/wp-content\\\/uploads\\\/2020\\\/01\\\/Expression-14_Lime_Top-1.png\",\"contentUrl\":\"https:\\\/\\\/www.waterskis.lv\\\/wp-content\\\/uploads\\\/2020\\\/01\\\/Expression-14_Lime_Top-1.png\",\"width\":1230,\"height\":930,\"caption\":\"Single kayak PERCEPTION EXPRESSION 14 w\\\/rudder\"},{\"@type\":\"BreadcrumbList\",\"@id\":\"https:\\\/\\\/www.waterskis.lv\\\/en\\\/product\\\/single-kayak-perception-expression-14-w-rudder\\\/#breadcrumb\",\"itemListElement\":[{\"@type\":\"ListItem\",\"position\":1,\"name\":\"Home\",\"item\":\"https:\\\/\\\/www.waterskis.lv\\\/en\\\/\"},{\"@type\":\"ListItem\",\"position\":2,\"name\":\"Shop\",\"item\":\"https:\\\/\\\/waterskis.lv\\\/en\\\/shop\\\/\"},{\"@type\":\"ListItem\",\"position\":3,\"name\":\"Single kayak PERCEPTION EXPRESSION 14 w\\\/rudder\"}]},{\"@type\":\"WebSite\",\"@id\":\"https:\\\/\\\/www.waterskis.lv\\\/en\\\/#website\",\"url\":\"https:\\\/\\\/www.waterskis.lv\\\/en\\\/\",\"name\":\"WATERSKIS.LV\",\"description\":\"SUP d\u0113\u013ci, kajaki, kanoe, airu laivas, \u016bdenssl\u0113po\u0161ana, veikbords, SUP d\u0113\u013cu noma, kajaku nomaakt\u012bv\u0101s atp\u016btas centrs, laivu noma, sup noma, kajaku noma\",\"publisher\":{\"@id\":\"https:\\\/\\\/www.waterskis.lv\\\/en\\\/#organization\"},\"potentialAction\":[{\"@type\":\"SearchAction\",\"target\":{\"@type\":\"EntryPoint\",\"urlTemplate\":\"https:\\\/\\\/www.waterskis.lv\\\/en\\\/?s={search_term_string}\"},\"query-input\":{\"@type\":\"PropertyValueSpecification\",\"valueRequired\":true,\"valueName\":\"search_term_string\"}}],\"inLanguage\":\"en-US\"},{\"@type\":\"Organization\",\"@id\":\"https:\\\/\\\/www.waterskis.lv\\\/en\\\/#organization\",\"name\":\"WATERSKIS.LV\",\"url\":\"https:\\\/\\\/www.waterskis.lv\\\/en\\\/\",\"logo\":{\"@type\":\"ImageObject\",\"inLanguage\":\"en-US\",\"@id\":\"https:\\\/\\\/www.waterskis.lv\\\/en\\\/#\\\/schema\\\/logo\\\/image\\\/\",\"url\":\"https:\\\/\\\/www.waterskis.lv\\\/wp-content\\\/uploads\\\/2025\\\/01\\\/JUVP-logo.png\",\"contentUrl\":\"https:\\\/\\\/www.waterskis.lv\\\/wp-content\\\/uploads\\\/2025\\\/01\\\/JUVP-logo.png\",\"width\":421,\"height\":202,\"caption\":\"WATERSKIS.LV\"},\"image\":{\"@id\":\"https:\\\/\\\/www.waterskis.lv\\\/en\\\/#\\\/schema\\\/logo\\\/image\\\/\"},\"sameAs\":[\"https:\\\/\\\/www.facebook.com\\\/jurmalawaterskiwakeboardpark\\\/\"]}]}<\/script>\n<!-- \/ Yoast SEO plugin. -->","yoast_head_json":{"title":"Single kayak PERCEPTION EXPRESSION 14 w\/rudder - WATERSKIS.LV","description":"Single kayak PERCEPTION EXPRESSION 14 w\/rudder. Waterskis.lv Buy, rent different types of kayaks and related equipment","robots":{"index":"index","follow":"follow","max-snippet":"max-snippet:-1","max-image-preview":"max-image-preview:large","max-video-preview":"max-video-preview:-1"},"canonical":"https:\/\/www.waterskis.lv\/en\/product\/single-kayak-perception-expression-14-w-rudder\/","og_locale":"en_US","og_type":"article","og_title":"Single kayak PERCEPTION EXPRESSION 14 w\/rudder","og_description":"Single kayak PERCEPTION EXPRESSION 14 w\/rudder","og_url":"https:\/\/www.waterskis.lv\/en\/product\/single-kayak-perception-expression-14-w-rudder\/","og_site_name":"WATERSKIS.LV","article_publisher":"https:\/\/www.facebook.com\/jurmalawaterskiwakeboardpark\/","article_modified_time":"2022-02-08T05:52:56+00:00","og_image":[{"url":"https:\/\/www.waterskis.lv\/wp-content\/uploads\/2020\/01\/Expression-14_Glacier-White_Top-1.png","type":"","width":"","height":""}],"twitter_card":"summary_large_image","twitter_misc":{"Est. reading time":"3 minutes"},"schema":{"@context":"https:\/\/schema.org","@graph":[{"@type":"WebPage","@id":"https:\/\/www.waterskis.lv\/en\/product\/single-kayak-perception-expression-14-w-rudder\/","url":"https:\/\/www.waterskis.lv\/en\/product\/single-kayak-perception-expression-14-w-rudder\/","name":"Single kayak PERCEPTION EXPRESSION 14 w\/rudder - WATERSKIS.LV","isPartOf":{"@id":"https:\/\/www.waterskis.lv\/en\/#website"},"primaryImageOfPage":{"@id":"https:\/\/www.waterskis.lv\/en\/product\/single-kayak-perception-expression-14-w-rudder\/#primaryimage"},"image":{"@id":"https:\/\/www.waterskis.lv\/en\/product\/single-kayak-perception-expression-14-w-rudder\/#primaryimage"},"thumbnailUrl":"https:\/\/www.waterskis.lv\/wp-content\/uploads\/2020\/01\/Expression-14_Lime_Top-1.png","datePublished":"2020-01-21T07:51:39+00:00","dateModified":"2022-02-08T05:52:56+00:00","description":"Single kayak PERCEPTION EXPRESSION 14 w\/rudder. Waterskis.lv Buy, rent different types of kayaks and related equipment","breadcrumb":{"@id":"https:\/\/www.waterskis.lv\/en\/product\/single-kayak-perception-expression-14-w-rudder\/#breadcrumb"},"inLanguage":"en-US","potentialAction":[{"@type":"ReadAction","target":["https:\/\/www.waterskis.lv\/en\/product\/single-kayak-perception-expression-14-w-rudder\/"]}]},{"@type":"ImageObject","inLanguage":"en-US","@id":"https:\/\/www.waterskis.lv\/en\/product\/single-kayak-perception-expression-14-w-rudder\/#primaryimage","url":"https:\/\/www.waterskis.lv\/wp-content\/uploads\/2020\/01\/Expression-14_Lime_Top-1.png","contentUrl":"https:\/\/www.waterskis.lv\/wp-content\/uploads\/2020\/01\/Expression-14_Lime_Top-1.png","width":1230,"height":930,"caption":"Single kayak PERCEPTION EXPRESSION 14 w\/rudder"},{"@type":"BreadcrumbList","@id":"https:\/\/www.waterskis.lv\/en\/product\/single-kayak-perception-expression-14-w-rudder\/#breadcrumb","itemListElement":[{"@type":"ListItem","position":1,"name":"Home","item":"https:\/\/www.waterskis.lv\/en\/"},{"@type":"ListItem","position":2,"name":"Shop","item":"https:\/\/waterskis.lv\/en\/shop\/"},{"@type":"ListItem","position":3,"name":"Single kayak PERCEPTION EXPRESSION 14 w\/rudder"}]},{"@type":"WebSite","@id":"https:\/\/www.waterskis.lv\/en\/#website","url":"https:\/\/www.waterskis.lv\/en\/","name":"WATERSKIS.LV","description":"SUP d\u0113\u013ci, kajaki, kanoe, airu laivas, \u016bdenssl\u0113po\u0161ana, veikbords, SUP d\u0113\u013cu noma, kajaku nomaakt\u012bv\u0101s atp\u016btas centrs, laivu noma, sup noma, kajaku noma","publisher":{"@id":"https:\/\/www.waterskis.lv\/en\/#organization"},"potentialAction":[{"@type":"SearchAction","target":{"@type":"EntryPoint","urlTemplate":"https:\/\/www.waterskis.lv\/en\/?s={search_term_string}"},"query-input":{"@type":"PropertyValueSpecification","valueRequired":true,"valueName":"search_term_string"}}],"inLanguage":"en-US"},{"@type":"Organization","@id":"https:\/\/www.waterskis.lv\/en\/#organization","name":"WATERSKIS.LV","url":"https:\/\/www.waterskis.lv\/en\/","logo":{"@type":"ImageObject","inLanguage":"en-US","@id":"https:\/\/www.waterskis.lv\/en\/#\/schema\/logo\/image\/","url":"https:\/\/www.waterskis.lv\/wp-content\/uploads\/2025\/01\/JUVP-logo.png","contentUrl":"https:\/\/www.waterskis.lv\/wp-content\/uploads\/2025\/01\/JUVP-logo.png","width":421,"height":202,"caption":"WATERSKIS.LV"},"image":{"@id":"https:\/\/www.waterskis.lv\/en\/#\/schema\/logo\/image\/"},"sameAs":["https:\/\/www.facebook.com\/jurmalawaterskiwakeboardpark\/"]}]}},"_links":{"self":[{"href":"https:\/\/www.waterskis.lv\/en\/wp-json\/wp\/v2\/product\/16004","targetHints":{"allow":["GET"]}}],"collection":[{"href":"https:\/\/www.waterskis.lv\/en\/wp-json\/wp\/v2\/product"}],"about":[{"href":"https:\/\/www.waterskis.lv\/en\/wp-json\/wp\/v2\/types\/product"}],"replies":[{"embeddable":true,"href":"https:\/\/www.waterskis.lv\/en\/wp-json\/wp\/v2\/comments?post=16004"}],"wp:featuredmedia":[{"embeddable":true,"href":"https:\/\/www.waterskis.lv\/en\/wp-json\/wp\/v2\/media\/12913"}],"wp:attachment":[{"href":"https:\/\/www.waterskis.lv\/en\/wp-json\/wp\/v2\/media?parent=16004"}],"wp:term":[{"taxonomy":"product_brand","embeddable":true,"href":"https:\/\/www.waterskis.lv\/en\/wp-json\/wp\/v2\/product_brand?post=16004"},{"taxonomy":"product_cat","embeddable":true,"href":"https:\/\/www.waterskis.lv\/en\/wp-json\/wp\/v2\/product_cat?post=16004"},{"taxonomy":"product_tag","embeddable":true,"href":"https:\/\/www.waterskis.lv\/en\/wp-json\/wp\/v2\/product_tag?post=16004"}],"curies":[{"name":"wp","href":"https:\/\/api.w.org\/{rel}","templated":true}]}}