{"id":16065,"date":"2020-01-23T21:55:07","date_gmt":"2020-01-23T18:55:07","guid":{"rendered":"https:\/\/www.waterskis.lv\/product\/divvietigs-kajaks-vista-ar-sturi\/"},"modified":"2022-02-07T22:04:37","modified_gmt":"2022-02-07T19:04:37","slug":"tandem-kayak-wavesport-vista-w-rudder","status":"publish","type":"product","link":"https:\/\/www.waterskis.lv\/en\/product\/tandem-kayak-wavesport-vista-w-rudder\/","title":{"rendered":"Tandem kayak WAVESPORT VISTA w\/rudder"},"content":{"rendered":"<p>Tandem kayak WAVESPORT VISTA w\/rudder<\/p>\n<p>The most popular two-seater kayak. Expedition model. Standard equipment with airtight rack and steering wheel.<\/p>\n<p>The Vista is an exceptionally popular touring tandem that mixes speed with stability and easy handling.<\/p>\n<p>This fast and efficient open cockpit tandem has a streamlined profile that glides smoothly across the water. Its renowned performance is complimented by a spacious cockpit that accommodates a variety of paddler combinations with space to spare for a small passenger or the family pet. A generous carrying capacity and a rear compartment provide room for you to load up for a journey of a life time.<\/p>\n<p>Weight: 42 kg<\/p>\n<p>Dimensions: 485 x 82 x 40 cm<\/p>\n<p>Cockpit Size: 232 x 66 cm<\/p>\n<p>Capacity: 300 kg<\/p>\n<p>Type: tourist kayak<\/p>\n<p>Material: HDPE (high &#8211; density polyethylene) high &#8211; density polyethylene<\/p>\n<p>Manufacturer: Perception kayaks<\/p>\n<p>Packaging dimensions: 485 x 82 x 40 cm<\/p>\n<p>Number of places: 2<\/p>\n<p>Color: blue, citrus twist, red, red \/ orange, sublime, teal<\/p>\n<p>Tandem kayak WAVESPORT VISTA w\/rudder<\/p>\n<div class=\"row\">\n<div class=\"column one\">\n<ul>\n<li>Open Cockpit<\/li>\n<li>Rental Seat System<\/li>\n<li>Adjustable Pedal Footrests<\/li>\n<li>Stern Storage Hatch &#8211; with Bulkhead<\/li>\n<\/ul>\n<\/div>\n<div class=\"column two\">\n<ul>\n<li>Bungee Deck Rigging<\/li>\n<li>Comfort Carry Handles<\/li>\n<li>Skid Plate<\/li>\n<\/ul>\n<\/div>\n<div class=\"column three\">\n<ul>\n<li>Tracking Hull<\/li>\n<li>Rudder Capable<\/li>\n<li>*Add-in Kids Seat Available Separately<\/li>\n<\/ul>\n<\/div>\n<\/div>\n<p>sta double kayak is one of the most popular and coveted kayaks in Latvia. Universal kayak. VISTA&#8217;s unique features, sophisticated form and detail have made it a popular choice for both individuals and rental companies. Vista is rightly recognized as one of the best kayaks in Latvia. The impact-resistant casing, made of thick and rigid polyethylene, will ensure its durability and be safe in any water. Kayak Vista features comfortable adjustable seats with high backrest, adjustable footrests, and a drink holder. This kayak has been in production for many years. It is thoughtful and refined to the smallest detail. VISTA &#8211; the perfect kayak for every life situation<\/p>\n","protected":false},"excerpt":{"rendered":"<p>Tandem kayak WAVESPORT VISTA w\/rudder The most popular two-seater kayak. Expedition model. Standard equipment with airtight rack and steering wheel. The Vista is an exceptionally popular touring tandem that mixes speed with stability and easy handling. This fast and efficient open cockpit tandem has a streamlined profile that glides smoothly across the water. Its renowned [&#8230;]<\/p>\n<p><a class=\"btn btn-secondary understrap-read-more-link\" href=\"https:\/\/www.waterskis.lv\/en\/product\/tandem-kayak-wavesport-vista-w-rudder\/\">Read More&#8230;<\/a><\/p>\n","protected":false},"featured_media":13270,"comment_status":"closed","ping_status":"closed","template":"","meta":{"_acf_changed":false,"inline_featured_image":false},"product_brand":[],"product_cat":[507,534,525],"product_tag":[],"class_list":{"0":"post-16065","1":"product","2":"type-product","3":"status-publish","4":"has-post-thumbnail","6":"product_cat-kayaks","7":"product_cat-sit-in-kayaks","8":"product_cat-tandem-kayaks","10":"first","11":"outofstock","12":"shipping-taxable","13":"product-type-simple"},"acf":[],"yoast_head":"<!-- This site is optimized with the Yoast SEO plugin v27.3 - https:\/\/yoast.com\/product\/yoast-seo-wordpress\/ -->\n<title>Tandem kayak WAVESPORT VISTA w\/rudder - WATERSKIS.LV<\/title>\n<meta name=\"description\" content=\"Two person kayak WAVESPORT VISTA with rudder. Paddle boat rental &amp; sale at Jurmala near Riga, Latvia. Visit us.\" \/>\n<meta name=\"robots\" content=\"index, follow, max-snippet:-1, max-image-preview:large, max-video-preview:-1\" \/>\n<link rel=\"canonical\" href=\"https:\/\/www.waterskis.lv\/en\/product\/tandem-kayak-wavesport-vista-w-rudder\/\" \/>\n<meta property=\"og:locale\" content=\"en_US\" \/>\n<meta property=\"og:type\" content=\"article\" \/>\n<meta property=\"og:title\" content=\"Tandem kayak WAVESPORT VISTA w\/rudder\" \/>\n<meta property=\"og:description\" content=\"Tandem kayak WAVESPORT VISTA w\/rudder\" \/>\n<meta property=\"og:url\" content=\"https:\/\/www.waterskis.lv\/en\/product\/tandem-kayak-wavesport-vista-w-rudder\/\" \/>\n<meta property=\"og:site_name\" content=\"WATERSKIS.LV\" \/>\n<meta property=\"article:publisher\" content=\"https:\/\/www.facebook.com\/jurmalawaterskiwakeboardpark\/\" \/>\n<meta property=\"article:modified_time\" content=\"2022-02-07T19:04:37+00:00\" \/>\n<meta property=\"og:image\" content=\"https:\/\/www.waterskis.lv\/wp-content\/uploads\/2020\/01\/Vista_Sublime-top.png\" \/>\n<meta name=\"twitter:card\" content=\"summary_large_image\" \/>\n<meta name=\"twitter:label1\" content=\"Est. reading time\" \/>\n\t<meta name=\"twitter:data1\" content=\"1 minute\" \/>\n<script type=\"application\/ld+json\" class=\"yoast-schema-graph\">{\"@context\":\"https:\\\/\\\/schema.org\",\"@graph\":[{\"@type\":\"WebPage\",\"@id\":\"https:\\\/\\\/www.waterskis.lv\\\/en\\\/product\\\/tandem-kayak-wavesport-vista-w-rudder\\\/\",\"url\":\"https:\\\/\\\/www.waterskis.lv\\\/en\\\/product\\\/tandem-kayak-wavesport-vista-w-rudder\\\/\",\"name\":\"Tandem kayak WAVESPORT VISTA w\\\/rudder - WATERSKIS.LV\",\"isPartOf\":{\"@id\":\"https:\\\/\\\/www.waterskis.lv\\\/en\\\/#website\"},\"primaryImageOfPage\":{\"@id\":\"https:\\\/\\\/www.waterskis.lv\\\/en\\\/product\\\/tandem-kayak-wavesport-vista-w-rudder\\\/#primaryimage\"},\"image\":{\"@id\":\"https:\\\/\\\/www.waterskis.lv\\\/en\\\/product\\\/tandem-kayak-wavesport-vista-w-rudder\\\/#primaryimage\"},\"thumbnailUrl\":\"https:\\\/\\\/www.waterskis.lv\\\/wp-content\\\/uploads\\\/2020\\\/01\\\/Vista_Sublime-top-1.png\",\"datePublished\":\"2020-01-23T18:55:07+00:00\",\"dateModified\":\"2022-02-07T19:04:37+00:00\",\"description\":\"Two person kayak WAVESPORT VISTA with rudder. Paddle boat rental & sale at Jurmala near Riga, Latvia. Visit us.\",\"breadcrumb\":{\"@id\":\"https:\\\/\\\/www.waterskis.lv\\\/en\\\/product\\\/tandem-kayak-wavesport-vista-w-rudder\\\/#breadcrumb\"},\"inLanguage\":\"en-US\",\"potentialAction\":[{\"@type\":\"ReadAction\",\"target\":[\"https:\\\/\\\/www.waterskis.lv\\\/en\\\/product\\\/tandem-kayak-wavesport-vista-w-rudder\\\/\"]}]},{\"@type\":\"ImageObject\",\"inLanguage\":\"en-US\",\"@id\":\"https:\\\/\\\/www.waterskis.lv\\\/en\\\/product\\\/tandem-kayak-wavesport-vista-w-rudder\\\/#primaryimage\",\"url\":\"https:\\\/\\\/www.waterskis.lv\\\/wp-content\\\/uploads\\\/2020\\\/01\\\/Vista_Sublime-top-1.png\",\"contentUrl\":\"https:\\\/\\\/www.waterskis.lv\\\/wp-content\\\/uploads\\\/2020\\\/01\\\/Vista_Sublime-top-1.png\",\"width\":1230,\"height\":930,\"caption\":\"Tandem kayak WAVESPORT VISTA w\\\/rudder\"},{\"@type\":\"BreadcrumbList\",\"@id\":\"https:\\\/\\\/www.waterskis.lv\\\/en\\\/product\\\/tandem-kayak-wavesport-vista-w-rudder\\\/#breadcrumb\",\"itemListElement\":[{\"@type\":\"ListItem\",\"position\":1,\"name\":\"Home\",\"item\":\"https:\\\/\\\/www.waterskis.lv\\\/en\\\/\"},{\"@type\":\"ListItem\",\"position\":2,\"name\":\"Shop\",\"item\":\"https:\\\/\\\/waterskis.lv\\\/en\\\/shop\\\/\"},{\"@type\":\"ListItem\",\"position\":3,\"name\":\"Tandem kayak WAVESPORT VISTA w\\\/rudder\"}]},{\"@type\":\"WebSite\",\"@id\":\"https:\\\/\\\/www.waterskis.lv\\\/en\\\/#website\",\"url\":\"https:\\\/\\\/www.waterskis.lv\\\/en\\\/\",\"name\":\"WATERSKIS.LV\",\"description\":\"SUP d\u0113\u013ci, kajaki, kanoe, airu laivas, \u016bdenssl\u0113po\u0161ana, veikbords, SUP d\u0113\u013cu noma, kajaku nomaakt\u012bv\u0101s atp\u016btas centrs, laivu noma, sup noma, kajaku noma\",\"publisher\":{\"@id\":\"https:\\\/\\\/www.waterskis.lv\\\/en\\\/#organization\"},\"potentialAction\":[{\"@type\":\"SearchAction\",\"target\":{\"@type\":\"EntryPoint\",\"urlTemplate\":\"https:\\\/\\\/www.waterskis.lv\\\/en\\\/?s={search_term_string}\"},\"query-input\":{\"@type\":\"PropertyValueSpecification\",\"valueRequired\":true,\"valueName\":\"search_term_string\"}}],\"inLanguage\":\"en-US\"},{\"@type\":\"Organization\",\"@id\":\"https:\\\/\\\/www.waterskis.lv\\\/en\\\/#organization\",\"name\":\"WATERSKIS.LV\",\"url\":\"https:\\\/\\\/www.waterskis.lv\\\/en\\\/\",\"logo\":{\"@type\":\"ImageObject\",\"inLanguage\":\"en-US\",\"@id\":\"https:\\\/\\\/www.waterskis.lv\\\/en\\\/#\\\/schema\\\/logo\\\/image\\\/\",\"url\":\"https:\\\/\\\/www.waterskis.lv\\\/wp-content\\\/uploads\\\/2025\\\/01\\\/JUVP-logo.png\",\"contentUrl\":\"https:\\\/\\\/www.waterskis.lv\\\/wp-content\\\/uploads\\\/2025\\\/01\\\/JUVP-logo.png\",\"width\":421,\"height\":202,\"caption\":\"WATERSKIS.LV\"},\"image\":{\"@id\":\"https:\\\/\\\/www.waterskis.lv\\\/en\\\/#\\\/schema\\\/logo\\\/image\\\/\"},\"sameAs\":[\"https:\\\/\\\/www.facebook.com\\\/jurmalawaterskiwakeboardpark\\\/\"]}]}<\/script>\n<!-- \/ Yoast SEO plugin. -->","yoast_head_json":{"title":"Tandem kayak WAVESPORT VISTA w\/rudder - WATERSKIS.LV","description":"Two person kayak WAVESPORT VISTA with rudder. Paddle boat rental & sale at Jurmala near Riga, Latvia. Visit us.","robots":{"index":"index","follow":"follow","max-snippet":"max-snippet:-1","max-image-preview":"max-image-preview:large","max-video-preview":"max-video-preview:-1"},"canonical":"https:\/\/www.waterskis.lv\/en\/product\/tandem-kayak-wavesport-vista-w-rudder\/","og_locale":"en_US","og_type":"article","og_title":"Tandem kayak WAVESPORT VISTA w\/rudder","og_description":"Tandem kayak WAVESPORT VISTA w\/rudder","og_url":"https:\/\/www.waterskis.lv\/en\/product\/tandem-kayak-wavesport-vista-w-rudder\/","og_site_name":"WATERSKIS.LV","article_publisher":"https:\/\/www.facebook.com\/jurmalawaterskiwakeboardpark\/","article_modified_time":"2022-02-07T19:04:37+00:00","og_image":[{"url":"https:\/\/www.waterskis.lv\/wp-content\/uploads\/2020\/01\/Vista_Sublime-top.png","type":"","width":"","height":""}],"twitter_card":"summary_large_image","twitter_misc":{"Est. reading time":"1 minute"},"schema":{"@context":"https:\/\/schema.org","@graph":[{"@type":"WebPage","@id":"https:\/\/www.waterskis.lv\/en\/product\/tandem-kayak-wavesport-vista-w-rudder\/","url":"https:\/\/www.waterskis.lv\/en\/product\/tandem-kayak-wavesport-vista-w-rudder\/","name":"Tandem kayak WAVESPORT VISTA w\/rudder - WATERSKIS.LV","isPartOf":{"@id":"https:\/\/www.waterskis.lv\/en\/#website"},"primaryImageOfPage":{"@id":"https:\/\/www.waterskis.lv\/en\/product\/tandem-kayak-wavesport-vista-w-rudder\/#primaryimage"},"image":{"@id":"https:\/\/www.waterskis.lv\/en\/product\/tandem-kayak-wavesport-vista-w-rudder\/#primaryimage"},"thumbnailUrl":"https:\/\/www.waterskis.lv\/wp-content\/uploads\/2020\/01\/Vista_Sublime-top-1.png","datePublished":"2020-01-23T18:55:07+00:00","dateModified":"2022-02-07T19:04:37+00:00","description":"Two person kayak WAVESPORT VISTA with rudder. Paddle boat rental & sale at Jurmala near Riga, Latvia. Visit us.","breadcrumb":{"@id":"https:\/\/www.waterskis.lv\/en\/product\/tandem-kayak-wavesport-vista-w-rudder\/#breadcrumb"},"inLanguage":"en-US","potentialAction":[{"@type":"ReadAction","target":["https:\/\/www.waterskis.lv\/en\/product\/tandem-kayak-wavesport-vista-w-rudder\/"]}]},{"@type":"ImageObject","inLanguage":"en-US","@id":"https:\/\/www.waterskis.lv\/en\/product\/tandem-kayak-wavesport-vista-w-rudder\/#primaryimage","url":"https:\/\/www.waterskis.lv\/wp-content\/uploads\/2020\/01\/Vista_Sublime-top-1.png","contentUrl":"https:\/\/www.waterskis.lv\/wp-content\/uploads\/2020\/01\/Vista_Sublime-top-1.png","width":1230,"height":930,"caption":"Tandem kayak WAVESPORT VISTA w\/rudder"},{"@type":"BreadcrumbList","@id":"https:\/\/www.waterskis.lv\/en\/product\/tandem-kayak-wavesport-vista-w-rudder\/#breadcrumb","itemListElement":[{"@type":"ListItem","position":1,"name":"Home","item":"https:\/\/www.waterskis.lv\/en\/"},{"@type":"ListItem","position":2,"name":"Shop","item":"https:\/\/waterskis.lv\/en\/shop\/"},{"@type":"ListItem","position":3,"name":"Tandem kayak WAVESPORT VISTA w\/rudder"}]},{"@type":"WebSite","@id":"https:\/\/www.waterskis.lv\/en\/#website","url":"https:\/\/www.waterskis.lv\/en\/","name":"WATERSKIS.LV","description":"SUP d\u0113\u013ci, kajaki, kanoe, airu laivas, \u016bdenssl\u0113po\u0161ana, veikbords, SUP d\u0113\u013cu noma, kajaku nomaakt\u012bv\u0101s atp\u016btas centrs, laivu noma, sup noma, kajaku noma","publisher":{"@id":"https:\/\/www.waterskis.lv\/en\/#organization"},"potentialAction":[{"@type":"SearchAction","target":{"@type":"EntryPoint","urlTemplate":"https:\/\/www.waterskis.lv\/en\/?s={search_term_string}"},"query-input":{"@type":"PropertyValueSpecification","valueRequired":true,"valueName":"search_term_string"}}],"inLanguage":"en-US"},{"@type":"Organization","@id":"https:\/\/www.waterskis.lv\/en\/#organization","name":"WATERSKIS.LV","url":"https:\/\/www.waterskis.lv\/en\/","logo":{"@type":"ImageObject","inLanguage":"en-US","@id":"https:\/\/www.waterskis.lv\/en\/#\/schema\/logo\/image\/","url":"https:\/\/www.waterskis.lv\/wp-content\/uploads\/2025\/01\/JUVP-logo.png","contentUrl":"https:\/\/www.waterskis.lv\/wp-content\/uploads\/2025\/01\/JUVP-logo.png","width":421,"height":202,"caption":"WATERSKIS.LV"},"image":{"@id":"https:\/\/www.waterskis.lv\/en\/#\/schema\/logo\/image\/"},"sameAs":["https:\/\/www.facebook.com\/jurmalawaterskiwakeboardpark\/"]}]}},"_links":{"self":[{"href":"https:\/\/www.waterskis.lv\/en\/wp-json\/wp\/v2\/product\/16065","targetHints":{"allow":["GET"]}}],"collection":[{"href":"https:\/\/www.waterskis.lv\/en\/wp-json\/wp\/v2\/product"}],"about":[{"href":"https:\/\/www.waterskis.lv\/en\/wp-json\/wp\/v2\/types\/product"}],"replies":[{"embeddable":true,"href":"https:\/\/www.waterskis.lv\/en\/wp-json\/wp\/v2\/comments?post=16065"}],"wp:featuredmedia":[{"embeddable":true,"href":"https:\/\/www.waterskis.lv\/en\/wp-json\/wp\/v2\/media\/13270"}],"wp:attachment":[{"href":"https:\/\/www.waterskis.lv\/en\/wp-json\/wp\/v2\/media?parent=16065"}],"wp:term":[{"taxonomy":"product_brand","embeddable":true,"href":"https:\/\/www.waterskis.lv\/en\/wp-json\/wp\/v2\/product_brand?post=16065"},{"taxonomy":"product_cat","embeddable":true,"href":"https:\/\/www.waterskis.lv\/en\/wp-json\/wp\/v2\/product_cat?post=16065"},{"taxonomy":"product_tag","embeddable":true,"href":"https:\/\/www.waterskis.lv\/en\/wp-json\/wp\/v2\/product_tag?post=16065"}],"curies":[{"name":"wp","href":"https:\/\/api.w.org\/{rel}","templated":true}]}}