{"id":16069,"date":"2020-01-23T22:30:45","date_gmt":"2020-01-23T19:30:45","guid":{"rendered":"https:\/\/www.waterskis.lv\/product\/divvietigs-kajaks-prodigy-ii-ar-sturi\/"},"modified":"2022-02-07T22:14:11","modified_gmt":"2022-02-07T19:14:11","slug":"perception-prodigy-ll-14-5-tandem-w-rudder","status":"publish","type":"product","link":"https:\/\/www.waterskis.lv\/en\/product\/perception-prodigy-ll-14-5-tandem-w-rudder\/","title":{"rendered":"PERCEPTION PRODIGY ll 14.5 TANDEM w\/rudder"},"content":{"rendered":"<p>Tandem kayak PERCEPTION PRODIGY ll 14.5 TANDEM w\/rudder<\/p>\n<p>Highly maneuverable and durable kayak with airtight luggage compartment and steering wheel. The small version of the popular VISTA kayak.<\/p>\n<p>Weight: 33 kg<\/p>\n<p>Dimensions: 442 x 79 x 40 cm<\/p>\n<p>Type: tourist kayak<\/p>\n<p>Material: HDPE (high &#8211; density polyethylene)<\/p>\n<p>Manufacturer: Perception kayaks<\/p>\n<p>Number of places: 2<\/p>\n<p>Equipment: steering system<\/p>\n<p>Color: blue, citrus twist, red, sea spray<\/p>\n<p>The English manufacturer PERCEPTION PRODIGY ll 14.5 TANDEM w\/rudder is a durable, secure, stable double polyethylene kayak. Recommended for both individual use and rental companies. The very simple design of the kayak ensures longevity of the rental and requires no special maintenance. Made from extruded polyethylene, which is not afraid of strong shocks and withstands extreme conditions. You can be sure that you will definitely finish your journey. Comfortable seats without padding. Airtight luggage compartment. A foot-operated steering system will help you move in the right direction in large waters.<\/p>\n","protected":false},"excerpt":{"rendered":"<p>Tandem kayak PERCEPTION PRODIGY ll 14.5 TANDEM w\/rudder Highly maneuverable and durable kayak with airtight luggage compartment and steering wheel. The small version of the popular VISTA kayak. Weight: 33 kg Dimensions: 442 x 79 x 40 cm Type: tourist kayak Material: HDPE (high &#8211; density polyethylene) Manufacturer: Perception kayaks Number of places: 2 Equipment: [&#8230;]<\/p>\n<p><a class=\"btn btn-secondary understrap-read-more-link\" href=\"https:\/\/www.waterskis.lv\/en\/product\/perception-prodigy-ll-14-5-tandem-w-rudder\/\">Read More&#8230;<\/a><\/p>\n","protected":false},"featured_media":13242,"comment_status":"closed","ping_status":"closed","template":"","meta":{"_acf_changed":false,"inline_featured_image":false},"product_brand":[],"product_cat":[507,534,525],"product_tag":[],"class_list":{"0":"post-16069","1":"product","2":"type-product","3":"status-publish","4":"has-post-thumbnail","6":"product_cat-kayaks","7":"product_cat-sit-in-kayaks","8":"product_cat-tandem-kayaks","10":"first","11":"instock","12":"shipping-taxable","13":"product-type-simple"},"acf":[],"yoast_head":"<!-- This site is optimized with the Yoast SEO plugin v27.4 - https:\/\/yoast.com\/product\/yoast-seo-wordpress\/ -->\n<title>PERCEPTION PRODIGY ll 14.5 TANDEM w\/rudder - WATERSKIS.LV<\/title>\n<meta name=\"description\" content=\"Tandem kayak PERCEPTION PRODIGY ll 14.5 TANDEM w\/rudder at Jurmala boats. Sell and rental. Visit us - waterskis.lv\" \/>\n<meta name=\"robots\" content=\"index, follow, max-snippet:-1, max-image-preview:large, max-video-preview:-1\" \/>\n<link rel=\"canonical\" href=\"https:\/\/www.waterskis.lv\/en\/product\/perception-prodigy-ll-14-5-tandem-w-rudder\/\" \/>\n<meta property=\"og:locale\" content=\"en_US\" \/>\n<meta property=\"og:type\" content=\"article\" \/>\n<meta property=\"og:title\" content=\"PERCEPTION PRODIGY ll 14.5 TANDEM w\/rudder\" \/>\n<meta property=\"og:description\" content=\"PERCEPTION PRODIGY ll 14.5 TANDEM w\/rudder\" \/>\n<meta property=\"og:url\" content=\"https:\/\/www.waterskis.lv\/en\/product\/perception-prodigy-ll-14-5-tandem-w-rudder\/\" \/>\n<meta property=\"og:site_name\" content=\"WATERSKIS.LV\" \/>\n<meta property=\"article:publisher\" content=\"https:\/\/www.facebook.com\/jurmalawaterskiwakeboardpark\/\" \/>\n<meta property=\"article:modified_time\" content=\"2022-02-07T19:14:11+00:00\" \/>\n<meta property=\"og:image\" content=\"https:\/\/www.waterskis.lv\/wp-content\/uploads\/2020\/01\/Prodigy-II_Sea-Spray_Top.png\" \/>\n<meta name=\"twitter:card\" content=\"summary_large_image\" \/>\n<meta name=\"twitter:label1\" content=\"Est. reading time\" \/>\n\t<meta name=\"twitter:data1\" content=\"1 minute\" \/>\n<script type=\"application\/ld+json\" class=\"yoast-schema-graph\">{\"@context\":\"https:\\\/\\\/schema.org\",\"@graph\":[{\"@type\":\"WebPage\",\"@id\":\"https:\\\/\\\/www.waterskis.lv\\\/en\\\/product\\\/perception-prodigy-ll-14-5-tandem-w-rudder\\\/\",\"url\":\"https:\\\/\\\/www.waterskis.lv\\\/en\\\/product\\\/perception-prodigy-ll-14-5-tandem-w-rudder\\\/\",\"name\":\"PERCEPTION PRODIGY ll 14.5 TANDEM w\\\/rudder - WATERSKIS.LV\",\"isPartOf\":{\"@id\":\"https:\\\/\\\/www.waterskis.lv\\\/en\\\/#website\"},\"primaryImageOfPage\":{\"@id\":\"https:\\\/\\\/www.waterskis.lv\\\/en\\\/product\\\/perception-prodigy-ll-14-5-tandem-w-rudder\\\/#primaryimage\"},\"image\":{\"@id\":\"https:\\\/\\\/www.waterskis.lv\\\/en\\\/product\\\/perception-prodigy-ll-14-5-tandem-w-rudder\\\/#primaryimage\"},\"thumbnailUrl\":\"https:\\\/\\\/www.waterskis.lv\\\/wp-content\\\/uploads\\\/2020\\\/01\\\/Prodigy-II_Sunset_Top.png\",\"datePublished\":\"2020-01-23T19:30:45+00:00\",\"dateModified\":\"2022-02-07T19:14:11+00:00\",\"description\":\"Tandem kayak PERCEPTION PRODIGY ll 14.5 TANDEM w\\\/rudder at Jurmala boats. Sell and rental. Visit us - waterskis.lv\",\"breadcrumb\":{\"@id\":\"https:\\\/\\\/www.waterskis.lv\\\/en\\\/product\\\/perception-prodigy-ll-14-5-tandem-w-rudder\\\/#breadcrumb\"},\"inLanguage\":\"en-US\",\"potentialAction\":[{\"@type\":\"ReadAction\",\"target\":[\"https:\\\/\\\/www.waterskis.lv\\\/en\\\/product\\\/perception-prodigy-ll-14-5-tandem-w-rudder\\\/\"]}]},{\"@type\":\"ImageObject\",\"inLanguage\":\"en-US\",\"@id\":\"https:\\\/\\\/www.waterskis.lv\\\/en\\\/product\\\/perception-prodigy-ll-14-5-tandem-w-rudder\\\/#primaryimage\",\"url\":\"https:\\\/\\\/www.waterskis.lv\\\/wp-content\\\/uploads\\\/2020\\\/01\\\/Prodigy-II_Sunset_Top.png\",\"contentUrl\":\"https:\\\/\\\/www.waterskis.lv\\\/wp-content\\\/uploads\\\/2020\\\/01\\\/Prodigy-II_Sunset_Top.png\",\"width\":1230,\"height\":930,\"caption\":\"PERCEPTION PRODIGY ll 14.5 TANDEM w\\\/rudder\"},{\"@type\":\"BreadcrumbList\",\"@id\":\"https:\\\/\\\/www.waterskis.lv\\\/en\\\/product\\\/perception-prodigy-ll-14-5-tandem-w-rudder\\\/#breadcrumb\",\"itemListElement\":[{\"@type\":\"ListItem\",\"position\":1,\"name\":\"Home\",\"item\":\"https:\\\/\\\/www.waterskis.lv\\\/en\\\/\"},{\"@type\":\"ListItem\",\"position\":2,\"name\":\"Shop\",\"item\":\"https:\\\/\\\/waterskis.lv\\\/en\\\/shop\\\/\"},{\"@type\":\"ListItem\",\"position\":3,\"name\":\"PERCEPTION PRODIGY ll 14.5 TANDEM w\\\/rudder\"}]},{\"@type\":\"WebSite\",\"@id\":\"https:\\\/\\\/www.waterskis.lv\\\/en\\\/#website\",\"url\":\"https:\\\/\\\/www.waterskis.lv\\\/en\\\/\",\"name\":\"WATERSKIS.LV\",\"description\":\"SUP d\u0113\u013ci, kajaki, kanoe, airu laivas, \u016bdenssl\u0113po\u0161ana, veikbords, SUP d\u0113\u013cu noma, kajaku nomaakt\u012bv\u0101s atp\u016btas centrs, laivu noma, sup noma, kajaku noma\",\"publisher\":{\"@id\":\"https:\\\/\\\/www.waterskis.lv\\\/en\\\/#organization\"},\"potentialAction\":[{\"@type\":\"SearchAction\",\"target\":{\"@type\":\"EntryPoint\",\"urlTemplate\":\"https:\\\/\\\/www.waterskis.lv\\\/en\\\/?s={search_term_string}\"},\"query-input\":{\"@type\":\"PropertyValueSpecification\",\"valueRequired\":true,\"valueName\":\"search_term_string\"}}],\"inLanguage\":\"en-US\"},{\"@type\":\"Organization\",\"@id\":\"https:\\\/\\\/www.waterskis.lv\\\/en\\\/#organization\",\"name\":\"WATERSKIS.LV\",\"url\":\"https:\\\/\\\/www.waterskis.lv\\\/en\\\/\",\"logo\":{\"@type\":\"ImageObject\",\"inLanguage\":\"en-US\",\"@id\":\"https:\\\/\\\/www.waterskis.lv\\\/en\\\/#\\\/schema\\\/logo\\\/image\\\/\",\"url\":\"https:\\\/\\\/www.waterskis.lv\\\/wp-content\\\/uploads\\\/2025\\\/01\\\/JUVP-logo.png\",\"contentUrl\":\"https:\\\/\\\/www.waterskis.lv\\\/wp-content\\\/uploads\\\/2025\\\/01\\\/JUVP-logo.png\",\"width\":421,\"height\":202,\"caption\":\"WATERSKIS.LV\"},\"image\":{\"@id\":\"https:\\\/\\\/www.waterskis.lv\\\/en\\\/#\\\/schema\\\/logo\\\/image\\\/\"},\"sameAs\":[\"https:\\\/\\\/www.facebook.com\\\/jurmalawaterskiwakeboardpark\\\/\"]}]}<\/script>\n<!-- \/ Yoast SEO plugin. -->","yoast_head_json":{"title":"PERCEPTION PRODIGY ll 14.5 TANDEM w\/rudder - WATERSKIS.LV","description":"Tandem kayak PERCEPTION PRODIGY ll 14.5 TANDEM w\/rudder at Jurmala boats. Sell and rental. Visit us - waterskis.lv","robots":{"index":"index","follow":"follow","max-snippet":"max-snippet:-1","max-image-preview":"max-image-preview:large","max-video-preview":"max-video-preview:-1"},"canonical":"https:\/\/www.waterskis.lv\/en\/product\/perception-prodigy-ll-14-5-tandem-w-rudder\/","og_locale":"en_US","og_type":"article","og_title":"PERCEPTION PRODIGY ll 14.5 TANDEM w\/rudder","og_description":"PERCEPTION PRODIGY ll 14.5 TANDEM w\/rudder","og_url":"https:\/\/www.waterskis.lv\/en\/product\/perception-prodigy-ll-14-5-tandem-w-rudder\/","og_site_name":"WATERSKIS.LV","article_publisher":"https:\/\/www.facebook.com\/jurmalawaterskiwakeboardpark\/","article_modified_time":"2022-02-07T19:14:11+00:00","og_image":[{"url":"https:\/\/www.waterskis.lv\/wp-content\/uploads\/2020\/01\/Prodigy-II_Sea-Spray_Top.png","type":"","width":"","height":""}],"twitter_card":"summary_large_image","twitter_misc":{"Est. reading time":"1 minute"},"schema":{"@context":"https:\/\/schema.org","@graph":[{"@type":"WebPage","@id":"https:\/\/www.waterskis.lv\/en\/product\/perception-prodigy-ll-14-5-tandem-w-rudder\/","url":"https:\/\/www.waterskis.lv\/en\/product\/perception-prodigy-ll-14-5-tandem-w-rudder\/","name":"PERCEPTION PRODIGY ll 14.5 TANDEM w\/rudder - WATERSKIS.LV","isPartOf":{"@id":"https:\/\/www.waterskis.lv\/en\/#website"},"primaryImageOfPage":{"@id":"https:\/\/www.waterskis.lv\/en\/product\/perception-prodigy-ll-14-5-tandem-w-rudder\/#primaryimage"},"image":{"@id":"https:\/\/www.waterskis.lv\/en\/product\/perception-prodigy-ll-14-5-tandem-w-rudder\/#primaryimage"},"thumbnailUrl":"https:\/\/www.waterskis.lv\/wp-content\/uploads\/2020\/01\/Prodigy-II_Sunset_Top.png","datePublished":"2020-01-23T19:30:45+00:00","dateModified":"2022-02-07T19:14:11+00:00","description":"Tandem kayak PERCEPTION PRODIGY ll 14.5 TANDEM w\/rudder at Jurmala boats. Sell and rental. Visit us - waterskis.lv","breadcrumb":{"@id":"https:\/\/www.waterskis.lv\/en\/product\/perception-prodigy-ll-14-5-tandem-w-rudder\/#breadcrumb"},"inLanguage":"en-US","potentialAction":[{"@type":"ReadAction","target":["https:\/\/www.waterskis.lv\/en\/product\/perception-prodigy-ll-14-5-tandem-w-rudder\/"]}]},{"@type":"ImageObject","inLanguage":"en-US","@id":"https:\/\/www.waterskis.lv\/en\/product\/perception-prodigy-ll-14-5-tandem-w-rudder\/#primaryimage","url":"https:\/\/www.waterskis.lv\/wp-content\/uploads\/2020\/01\/Prodigy-II_Sunset_Top.png","contentUrl":"https:\/\/www.waterskis.lv\/wp-content\/uploads\/2020\/01\/Prodigy-II_Sunset_Top.png","width":1230,"height":930,"caption":"PERCEPTION PRODIGY ll 14.5 TANDEM w\/rudder"},{"@type":"BreadcrumbList","@id":"https:\/\/www.waterskis.lv\/en\/product\/perception-prodigy-ll-14-5-tandem-w-rudder\/#breadcrumb","itemListElement":[{"@type":"ListItem","position":1,"name":"Home","item":"https:\/\/www.waterskis.lv\/en\/"},{"@type":"ListItem","position":2,"name":"Shop","item":"https:\/\/waterskis.lv\/en\/shop\/"},{"@type":"ListItem","position":3,"name":"PERCEPTION PRODIGY ll 14.5 TANDEM w\/rudder"}]},{"@type":"WebSite","@id":"https:\/\/www.waterskis.lv\/en\/#website","url":"https:\/\/www.waterskis.lv\/en\/","name":"WATERSKIS.LV","description":"SUP d\u0113\u013ci, kajaki, kanoe, airu laivas, \u016bdenssl\u0113po\u0161ana, veikbords, SUP d\u0113\u013cu noma, kajaku nomaakt\u012bv\u0101s atp\u016btas centrs, laivu noma, sup noma, kajaku noma","publisher":{"@id":"https:\/\/www.waterskis.lv\/en\/#organization"},"potentialAction":[{"@type":"SearchAction","target":{"@type":"EntryPoint","urlTemplate":"https:\/\/www.waterskis.lv\/en\/?s={search_term_string}"},"query-input":{"@type":"PropertyValueSpecification","valueRequired":true,"valueName":"search_term_string"}}],"inLanguage":"en-US"},{"@type":"Organization","@id":"https:\/\/www.waterskis.lv\/en\/#organization","name":"WATERSKIS.LV","url":"https:\/\/www.waterskis.lv\/en\/","logo":{"@type":"ImageObject","inLanguage":"en-US","@id":"https:\/\/www.waterskis.lv\/en\/#\/schema\/logo\/image\/","url":"https:\/\/www.waterskis.lv\/wp-content\/uploads\/2025\/01\/JUVP-logo.png","contentUrl":"https:\/\/www.waterskis.lv\/wp-content\/uploads\/2025\/01\/JUVP-logo.png","width":421,"height":202,"caption":"WATERSKIS.LV"},"image":{"@id":"https:\/\/www.waterskis.lv\/en\/#\/schema\/logo\/image\/"},"sameAs":["https:\/\/www.facebook.com\/jurmalawaterskiwakeboardpark\/"]}]}},"_links":{"self":[{"href":"https:\/\/www.waterskis.lv\/en\/wp-json\/wp\/v2\/product\/16069","targetHints":{"allow":["GET"]}}],"collection":[{"href":"https:\/\/www.waterskis.lv\/en\/wp-json\/wp\/v2\/product"}],"about":[{"href":"https:\/\/www.waterskis.lv\/en\/wp-json\/wp\/v2\/types\/product"}],"replies":[{"embeddable":true,"href":"https:\/\/www.waterskis.lv\/en\/wp-json\/wp\/v2\/comments?post=16069"}],"wp:featuredmedia":[{"embeddable":true,"href":"https:\/\/www.waterskis.lv\/en\/wp-json\/wp\/v2\/media\/13242"}],"wp:attachment":[{"href":"https:\/\/www.waterskis.lv\/en\/wp-json\/wp\/v2\/media?parent=16069"}],"wp:term":[{"taxonomy":"product_brand","embeddable":true,"href":"https:\/\/www.waterskis.lv\/en\/wp-json\/wp\/v2\/product_brand?post=16069"},{"taxonomy":"product_cat","embeddable":true,"href":"https:\/\/www.waterskis.lv\/en\/wp-json\/wp\/v2\/product_cat?post=16069"},{"taxonomy":"product_tag","embeddable":true,"href":"https:\/\/www.waterskis.lv\/en\/wp-json\/wp\/v2\/product_tag?post=16069"}],"curies":[{"name":"wp","href":"https:\/\/api.w.org\/{rel}","templated":true}]}}