{"id":16070,"date":"2020-01-23T22:38:59","date_gmt":"2020-01-23T19:38:59","guid":{"rendered":"https:\/\/www.waterskis.lv\/product\/divvietigs-kajaks-horizon-black-out-ar-sturi\/"},"modified":"2022-02-07T22:16:33","modified_gmt":"2022-02-07T19:16:33","slug":"tandem-kayak-wavesport-horizon-black-out-w-rudder","status":"publish","type":"product","link":"https:\/\/www.waterskis.lv\/en\/product\/tandem-kayak-wavesport-horizon-black-out-w-rudder\/","title":{"rendered":"Kayak WAVESPORT HORIZON BLACK-OUT w\/rudder"},"content":{"rendered":"<p>Tandem kayak WAVESPORT HORIZON BLACK-OUT w\/rudder<\/p>\n<p>This versatile twin-cockpit tandem kayak is perfect for either short trips or multi-day expeditions. The long waterline provides excellent directional stability yet the Horizon is still nimble enough for inland adventures. A high volume bow gives a dry ride even in choppy waters, as it climbs over waves and deflects spray from the cockpit areas.<\/p>\n<p>It&#8217;s able to cope easily with varied weight distribution between the spacious cockpits, while stowage compartments give plenty of room for two paddlers&#8217; kit.<\/p>\n<p>Our popular Black Out Outfitting system gives backrest adjustment with a comfortable and supportive fit.<\/p>\n<p>Weight: 33 kg<\/p>\n<p>Dimensions: 488 x 76 x 38 cm<\/p>\n<p>Capacity: 280 kg<\/p>\n<p>Cockpit Size: 86 x 54, 86 x 54<\/p>\n<p>SPECIFICATIONS: Kayak WAVESPORT HORIZON BLACK-OUT w\/rudder<\/p>\n<table role=\"presentation\">\n<tbody>\n<tr>\n<td>LENGTH:\u00a016&#8242; \/ 488 CM<\/td>\n<td>WIDTH:\u00a030&#8243; \/ 76 CM<\/td>\n<\/tr>\n<tr>\n<td>BOAT WEIGHT:\u00a079 LBS. \/ 36 KG<\/td>\n<td>DECK HEIGHT:\u00a015&#8243; \/ 37 CM<\/td>\n<\/tr>\n<tr>\n<td>COCKPIT LENGTH- BOW:\u00a034&#8243; \/ 86 CM;<\/td>\n<td>COCKPIT LENGTH- STERN:\u00a034&#8243; \/ 86 CM<\/td>\n<\/tr>\n<tr>\n<td>COCKPIT WIDTH- BOW:\u00a021&#8243; \/ 54 CM;<\/td>\n<td>COCKPIT WIDTH- STERN:\u00a021&#8243; \/ 54 CM<\/td>\n<\/tr>\n<tr>\n<td>MAX CAPACITY:\u00a0617 LBS. \/ 280 KG<\/td>\n<\/tr>\n<\/tbody>\n<\/table>\n<p>Type: tourist kayak<\/p>\n<p>Material: HDPE (high &#8211; density polyethylene) high &#8211; density polyethylene<\/p>\n<p>Manufacturer: Wave Sport<\/p>\n<p>Number of places: 2<\/p>\n<p>Equipment: Black Out<\/p>\n<p>Color: Citrus Twist, Red, Sublime, Yellow<\/p>\n<p>Horizon Black-Out &#8211; A durable, secure, stable double polyethylene kayak. Recommended for individual use in large bodies of water (sea or lake). The simple design of the kayak provides durability and requires no special maintenance. Made of extruded polyethylene, which is not afraid of strong shocks and withstands extreme conditions. You can be sure that your journey is definitely over. Comfortable seats without padding. Airtight storage will prevent your belongings from getting wet. It is possible to put on a &#8220;skirt&#8221; to prevent water from splashing in the kayak. The foot-operated steering system will help you navigate large water bodies.<\/p>\n","protected":false},"excerpt":{"rendered":"<p>Tandem kayak WAVESPORT HORIZON BLACK-OUT w\/rudder This versatile twin-cockpit tandem kayak is perfect for either short trips or multi-day expeditions. The long waterline provides excellent directional stability yet the Horizon is still nimble enough for inland adventures. A high volume bow gives a dry ride even in choppy waters, as it climbs over waves and [&#8230;]<\/p>\n<p><a class=\"btn btn-secondary understrap-read-more-link\" href=\"https:\/\/www.waterskis.lv\/en\/product\/tandem-kayak-wavesport-horizon-black-out-w-rudder\/\">Read More&#8230;<\/a><\/p>\n","protected":false},"featured_media":13282,"comment_status":"closed","ping_status":"closed","template":"","meta":{"_acf_changed":false,"inline_featured_image":false},"product_brand":[],"product_cat":[507,534,525],"product_tag":[],"class_list":{"0":"post-16070","1":"product","2":"type-product","3":"status-publish","4":"has-post-thumbnail","6":"product_cat-kayaks","7":"product_cat-sit-in-kayaks","8":"product_cat-tandem-kayaks","10":"first","11":"instock","12":"shipping-taxable","13":"product-type-simple"},"acf":[],"yoast_head":"<!-- This site is optimized with the Yoast SEO plugin v27.3 - https:\/\/yoast.com\/product\/yoast-seo-wordpress\/ -->\n<title>Kayak WAVESPORT HORIZON BLACK-OUT w\/rudder - WATERSKIS.LV<\/title>\n<meta name=\"description\" content=\"Tandem kayak WAVESPORT HORIZON BLACK-OUT w\/rudder. Waterskis.lv - buy, rent different types of kayaks and related equipment\" \/>\n<meta name=\"robots\" content=\"index, follow, max-snippet:-1, max-image-preview:large, max-video-preview:-1\" \/>\n<link rel=\"canonical\" href=\"https:\/\/www.waterskis.lv\/en\/product\/tandem-kayak-wavesport-horizon-black-out-w-rudder\/\" \/>\n<meta property=\"og:locale\" content=\"en_US\" \/>\n<meta property=\"og:type\" content=\"article\" \/>\n<meta property=\"og:title\" content=\"Kayak WAVESPORT HORIZON BLACK-OUT w\/rudder\" \/>\n<meta property=\"og:description\" content=\"Kayak WAVESPORT HORIZON BLACK-OUT w\/rudder\" \/>\n<meta property=\"og:url\" content=\"https:\/\/www.waterskis.lv\/en\/product\/tandem-kayak-wavesport-horizon-black-out-w-rudder\/\" \/>\n<meta property=\"og:site_name\" content=\"WATERSKIS.LV\" \/>\n<meta property=\"article:publisher\" content=\"https:\/\/www.facebook.com\/jurmalawaterskiwakeboardpark\/\" \/>\n<meta property=\"article:modified_time\" content=\"2022-02-07T19:16:33+00:00\" \/>\n<meta property=\"og:image\" content=\"https:\/\/www.waterskis.lv\/wp-content\/uploads\/2020\/01\/Horizon_Yellow_Top-1.png\" \/>\n<meta name=\"twitter:card\" content=\"summary_large_image\" \/>\n<meta name=\"twitter:label1\" content=\"Est. reading time\" \/>\n\t<meta name=\"twitter:data1\" content=\"1 minute\" \/>\n<script type=\"application\/ld+json\" class=\"yoast-schema-graph\">{\"@context\":\"https:\\\/\\\/schema.org\",\"@graph\":[{\"@type\":\"WebPage\",\"@id\":\"https:\\\/\\\/www.waterskis.lv\\\/en\\\/product\\\/tandem-kayak-wavesport-horizon-black-out-w-rudder\\\/\",\"url\":\"https:\\\/\\\/www.waterskis.lv\\\/en\\\/product\\\/tandem-kayak-wavesport-horizon-black-out-w-rudder\\\/\",\"name\":\"Kayak WAVESPORT HORIZON BLACK-OUT w\\\/rudder - WATERSKIS.LV\",\"isPartOf\":{\"@id\":\"https:\\\/\\\/www.waterskis.lv\\\/en\\\/#website\"},\"primaryImageOfPage\":{\"@id\":\"https:\\\/\\\/www.waterskis.lv\\\/en\\\/product\\\/tandem-kayak-wavesport-horizon-black-out-w-rudder\\\/#primaryimage\"},\"image\":{\"@id\":\"https:\\\/\\\/www.waterskis.lv\\\/en\\\/product\\\/tandem-kayak-wavesport-horizon-black-out-w-rudder\\\/#primaryimage\"},\"thumbnailUrl\":\"https:\\\/\\\/www.waterskis.lv\\\/wp-content\\\/uploads\\\/2020\\\/01\\\/Horizon_Yellow_Top-1.png\",\"datePublished\":\"2020-01-23T19:38:59+00:00\",\"dateModified\":\"2022-02-07T19:16:33+00:00\",\"description\":\"Tandem kayak WAVESPORT HORIZON BLACK-OUT w\\\/rudder. Waterskis.lv - buy, rent different types of kayaks and related equipment\",\"breadcrumb\":{\"@id\":\"https:\\\/\\\/www.waterskis.lv\\\/en\\\/product\\\/tandem-kayak-wavesport-horizon-black-out-w-rudder\\\/#breadcrumb\"},\"inLanguage\":\"en-US\",\"potentialAction\":[{\"@type\":\"ReadAction\",\"target\":[\"https:\\\/\\\/www.waterskis.lv\\\/en\\\/product\\\/tandem-kayak-wavesport-horizon-black-out-w-rudder\\\/\"]}]},{\"@type\":\"ImageObject\",\"inLanguage\":\"en-US\",\"@id\":\"https:\\\/\\\/www.waterskis.lv\\\/en\\\/product\\\/tandem-kayak-wavesport-horizon-black-out-w-rudder\\\/#primaryimage\",\"url\":\"https:\\\/\\\/www.waterskis.lv\\\/wp-content\\\/uploads\\\/2020\\\/01\\\/Horizon_Yellow_Top-1.png\",\"contentUrl\":\"https:\\\/\\\/www.waterskis.lv\\\/wp-content\\\/uploads\\\/2020\\\/01\\\/Horizon_Yellow_Top-1.png\",\"width\":1230,\"height\":930,\"caption\":\"Kayak WAVESPORT HORIZON WHITE-OUT w\\\/rudder\"},{\"@type\":\"BreadcrumbList\",\"@id\":\"https:\\\/\\\/www.waterskis.lv\\\/en\\\/product\\\/tandem-kayak-wavesport-horizon-black-out-w-rudder\\\/#breadcrumb\",\"itemListElement\":[{\"@type\":\"ListItem\",\"position\":1,\"name\":\"Home\",\"item\":\"https:\\\/\\\/www.waterskis.lv\\\/en\\\/\"},{\"@type\":\"ListItem\",\"position\":2,\"name\":\"Shop\",\"item\":\"https:\\\/\\\/waterskis.lv\\\/en\\\/shop\\\/\"},{\"@type\":\"ListItem\",\"position\":3,\"name\":\"Kayak WAVESPORT HORIZON BLACK-OUT w\\\/rudder\"}]},{\"@type\":\"WebSite\",\"@id\":\"https:\\\/\\\/www.waterskis.lv\\\/en\\\/#website\",\"url\":\"https:\\\/\\\/www.waterskis.lv\\\/en\\\/\",\"name\":\"WATERSKIS.LV\",\"description\":\"SUP d\u0113\u013ci, kajaki, kanoe, airu laivas, \u016bdenssl\u0113po\u0161ana, veikbords, SUP d\u0113\u013cu noma, kajaku nomaakt\u012bv\u0101s atp\u016btas centrs, laivu noma, sup noma, kajaku noma\",\"publisher\":{\"@id\":\"https:\\\/\\\/www.waterskis.lv\\\/en\\\/#organization\"},\"potentialAction\":[{\"@type\":\"SearchAction\",\"target\":{\"@type\":\"EntryPoint\",\"urlTemplate\":\"https:\\\/\\\/www.waterskis.lv\\\/en\\\/?s={search_term_string}\"},\"query-input\":{\"@type\":\"PropertyValueSpecification\",\"valueRequired\":true,\"valueName\":\"search_term_string\"}}],\"inLanguage\":\"en-US\"},{\"@type\":\"Organization\",\"@id\":\"https:\\\/\\\/www.waterskis.lv\\\/en\\\/#organization\",\"name\":\"WATERSKIS.LV\",\"url\":\"https:\\\/\\\/www.waterskis.lv\\\/en\\\/\",\"logo\":{\"@type\":\"ImageObject\",\"inLanguage\":\"en-US\",\"@id\":\"https:\\\/\\\/www.waterskis.lv\\\/en\\\/#\\\/schema\\\/logo\\\/image\\\/\",\"url\":\"https:\\\/\\\/www.waterskis.lv\\\/wp-content\\\/uploads\\\/2025\\\/01\\\/JUVP-logo.png\",\"contentUrl\":\"https:\\\/\\\/www.waterskis.lv\\\/wp-content\\\/uploads\\\/2025\\\/01\\\/JUVP-logo.png\",\"width\":421,\"height\":202,\"caption\":\"WATERSKIS.LV\"},\"image\":{\"@id\":\"https:\\\/\\\/www.waterskis.lv\\\/en\\\/#\\\/schema\\\/logo\\\/image\\\/\"},\"sameAs\":[\"https:\\\/\\\/www.facebook.com\\\/jurmalawaterskiwakeboardpark\\\/\"]}]}<\/script>\n<!-- \/ Yoast SEO plugin. -->","yoast_head_json":{"title":"Kayak WAVESPORT HORIZON BLACK-OUT w\/rudder - WATERSKIS.LV","description":"Tandem kayak WAVESPORT HORIZON BLACK-OUT w\/rudder. Waterskis.lv - buy, rent different types of kayaks and related equipment","robots":{"index":"index","follow":"follow","max-snippet":"max-snippet:-1","max-image-preview":"max-image-preview:large","max-video-preview":"max-video-preview:-1"},"canonical":"https:\/\/www.waterskis.lv\/en\/product\/tandem-kayak-wavesport-horizon-black-out-w-rudder\/","og_locale":"en_US","og_type":"article","og_title":"Kayak WAVESPORT HORIZON BLACK-OUT w\/rudder","og_description":"Kayak WAVESPORT HORIZON BLACK-OUT w\/rudder","og_url":"https:\/\/www.waterskis.lv\/en\/product\/tandem-kayak-wavesport-horizon-black-out-w-rudder\/","og_site_name":"WATERSKIS.LV","article_publisher":"https:\/\/www.facebook.com\/jurmalawaterskiwakeboardpark\/","article_modified_time":"2022-02-07T19:16:33+00:00","og_image":[{"url":"https:\/\/www.waterskis.lv\/wp-content\/uploads\/2020\/01\/Horizon_Yellow_Top-1.png","type":"","width":"","height":""}],"twitter_card":"summary_large_image","twitter_misc":{"Est. reading time":"1 minute"},"schema":{"@context":"https:\/\/schema.org","@graph":[{"@type":"WebPage","@id":"https:\/\/www.waterskis.lv\/en\/product\/tandem-kayak-wavesport-horizon-black-out-w-rudder\/","url":"https:\/\/www.waterskis.lv\/en\/product\/tandem-kayak-wavesport-horizon-black-out-w-rudder\/","name":"Kayak WAVESPORT HORIZON BLACK-OUT w\/rudder - WATERSKIS.LV","isPartOf":{"@id":"https:\/\/www.waterskis.lv\/en\/#website"},"primaryImageOfPage":{"@id":"https:\/\/www.waterskis.lv\/en\/product\/tandem-kayak-wavesport-horizon-black-out-w-rudder\/#primaryimage"},"image":{"@id":"https:\/\/www.waterskis.lv\/en\/product\/tandem-kayak-wavesport-horizon-black-out-w-rudder\/#primaryimage"},"thumbnailUrl":"https:\/\/www.waterskis.lv\/wp-content\/uploads\/2020\/01\/Horizon_Yellow_Top-1.png","datePublished":"2020-01-23T19:38:59+00:00","dateModified":"2022-02-07T19:16:33+00:00","description":"Tandem kayak WAVESPORT HORIZON BLACK-OUT w\/rudder. Waterskis.lv - buy, rent different types of kayaks and related equipment","breadcrumb":{"@id":"https:\/\/www.waterskis.lv\/en\/product\/tandem-kayak-wavesport-horizon-black-out-w-rudder\/#breadcrumb"},"inLanguage":"en-US","potentialAction":[{"@type":"ReadAction","target":["https:\/\/www.waterskis.lv\/en\/product\/tandem-kayak-wavesport-horizon-black-out-w-rudder\/"]}]},{"@type":"ImageObject","inLanguage":"en-US","@id":"https:\/\/www.waterskis.lv\/en\/product\/tandem-kayak-wavesport-horizon-black-out-w-rudder\/#primaryimage","url":"https:\/\/www.waterskis.lv\/wp-content\/uploads\/2020\/01\/Horizon_Yellow_Top-1.png","contentUrl":"https:\/\/www.waterskis.lv\/wp-content\/uploads\/2020\/01\/Horizon_Yellow_Top-1.png","width":1230,"height":930,"caption":"Kayak WAVESPORT HORIZON WHITE-OUT w\/rudder"},{"@type":"BreadcrumbList","@id":"https:\/\/www.waterskis.lv\/en\/product\/tandem-kayak-wavesport-horizon-black-out-w-rudder\/#breadcrumb","itemListElement":[{"@type":"ListItem","position":1,"name":"Home","item":"https:\/\/www.waterskis.lv\/en\/"},{"@type":"ListItem","position":2,"name":"Shop","item":"https:\/\/waterskis.lv\/en\/shop\/"},{"@type":"ListItem","position":3,"name":"Kayak WAVESPORT HORIZON BLACK-OUT w\/rudder"}]},{"@type":"WebSite","@id":"https:\/\/www.waterskis.lv\/en\/#website","url":"https:\/\/www.waterskis.lv\/en\/","name":"WATERSKIS.LV","description":"SUP d\u0113\u013ci, kajaki, kanoe, airu laivas, \u016bdenssl\u0113po\u0161ana, veikbords, SUP d\u0113\u013cu noma, kajaku nomaakt\u012bv\u0101s atp\u016btas centrs, laivu noma, sup noma, kajaku noma","publisher":{"@id":"https:\/\/www.waterskis.lv\/en\/#organization"},"potentialAction":[{"@type":"SearchAction","target":{"@type":"EntryPoint","urlTemplate":"https:\/\/www.waterskis.lv\/en\/?s={search_term_string}"},"query-input":{"@type":"PropertyValueSpecification","valueRequired":true,"valueName":"search_term_string"}}],"inLanguage":"en-US"},{"@type":"Organization","@id":"https:\/\/www.waterskis.lv\/en\/#organization","name":"WATERSKIS.LV","url":"https:\/\/www.waterskis.lv\/en\/","logo":{"@type":"ImageObject","inLanguage":"en-US","@id":"https:\/\/www.waterskis.lv\/en\/#\/schema\/logo\/image\/","url":"https:\/\/www.waterskis.lv\/wp-content\/uploads\/2025\/01\/JUVP-logo.png","contentUrl":"https:\/\/www.waterskis.lv\/wp-content\/uploads\/2025\/01\/JUVP-logo.png","width":421,"height":202,"caption":"WATERSKIS.LV"},"image":{"@id":"https:\/\/www.waterskis.lv\/en\/#\/schema\/logo\/image\/"},"sameAs":["https:\/\/www.facebook.com\/jurmalawaterskiwakeboardpark\/"]}]}},"_links":{"self":[{"href":"https:\/\/www.waterskis.lv\/en\/wp-json\/wp\/v2\/product\/16070","targetHints":{"allow":["GET"]}}],"collection":[{"href":"https:\/\/www.waterskis.lv\/en\/wp-json\/wp\/v2\/product"}],"about":[{"href":"https:\/\/www.waterskis.lv\/en\/wp-json\/wp\/v2\/types\/product"}],"replies":[{"embeddable":true,"href":"https:\/\/www.waterskis.lv\/en\/wp-json\/wp\/v2\/comments?post=16070"}],"wp:featuredmedia":[{"embeddable":true,"href":"https:\/\/www.waterskis.lv\/en\/wp-json\/wp\/v2\/media\/13282"}],"wp:attachment":[{"href":"https:\/\/www.waterskis.lv\/en\/wp-json\/wp\/v2\/media?parent=16070"}],"wp:term":[{"taxonomy":"product_brand","embeddable":true,"href":"https:\/\/www.waterskis.lv\/en\/wp-json\/wp\/v2\/product_brand?post=16070"},{"taxonomy":"product_cat","embeddable":true,"href":"https:\/\/www.waterskis.lv\/en\/wp-json\/wp\/v2\/product_cat?post=16070"},{"taxonomy":"product_tag","embeddable":true,"href":"https:\/\/www.waterskis.lv\/en\/wp-json\/wp\/v2\/product_tag?post=16070"}],"curies":[{"name":"wp","href":"https:\/\/api.w.org\/{rel}","templated":true}]}}