{"id":16072,"date":"2020-01-23T23:13:14","date_gmt":"2020-01-23T20:13:14","guid":{"rendered":"https:\/\/www.waterskis.lv\/product\/divvietigs-kajaks-biwok-evo-hi-luxe\/"},"modified":"2022-02-07T22:18:35","modified_gmt":"2022-02-07T19:18:35","slug":"tandem-kayak-dag-biwok-evo-hi-luxe","status":"publish","type":"product","link":"https:\/\/www.waterskis.lv\/en\/product\/tandem-kayak-dag-biwok-evo-hi-luxe\/","title":{"rendered":"Tandem kayak DAG BIWOK EVO HI-LUXE"},"content":{"rendered":"<p>Tandem kayak DAG BIWOK EVO HI-LUXE<\/p>\n<p>Durable kayak with two separate cockpit expeditions and larger bodies of water<\/p>\n<p><strong>Biwok Evo Hi luxury with retractable drift.<\/strong><\/p>\n<p>The kayaker can adjust the depth of the Biwok&#8217;s; Depending on wind and current strength and more easily correct course. Biwok EVO is performance: its larger cockpits with Hi Class Seats &amp; Backrests offer an optimal comfort. Great load capacty, speed &amp; stability, Biwok Evo combines all advantages.<\/p>\n<p>Weight: 34 kg<\/p>\n<p>Dimensions: 530 x 67 x 35 cm<\/p>\n<p>Capacity: 240 kg<\/p>\n<p><strong>Length:\u00a0<\/strong>\u00a017\u20334<br \/>\n<strong>Width :<\/strong>\u00a026.4\u2033<br \/>\n<strong>Heigth :<\/strong>\u00a013,8\u2033<br \/>\n<strong>Weigth :\u00a0<\/strong>49 lbs<br \/>\n<strong>Capacity :<\/strong>\u00a02 peoples<br \/>\n<strong>Capacity max :<\/strong>\u00a0529 lbs<br \/>\n<strong>Cockpit :<\/strong>\u00a036.2&#8221; x 18.5&#8221;<\/p>\n<p>Type: expedition \/ sea kayak<\/p>\n<p>Material: HDPE (high &#8211; density polyethylene)<\/p>\n<p>Manufacturer: DAG<\/p>\n<p>Number of places: 2<\/p>\n<p>Cockpit: 92 x 47 cm<\/p>\n<p>Color: orange \/ yellow<\/p>\n<p>FEATURES of Tandem kayak DAG BIWOK EVO HI-LUXE<\/p>\n<p>\u2022 Deckline<br \/>\n\u2022 1 front black deck bungee<br \/>\n\u2022 1 central black deck bungee<br \/>\n\u2022 1 rear black deck bungee<br \/>\n\u2022 2 storage compartments with oval hatch<br \/>\n\u2022 2 Hi-Class seats<br \/>\n\u2022 2 carrying handles<br \/>\n\u2022 2 elastic port-paddles<br \/>\n\u2022 1 rudder<br \/>\n\u2022 1 retractable skeg<br \/>\n\u2022 1 PU keel<br \/>\n\u2022 2 pairs of adjustable convcertible footrests<\/p>\n<p>The DAG BIWOK Evo High Luxe is a kayak for those who value quality and the pleasure of kayaking. Great, fast kayak for lakes, large bodies of water or the sea. Two separate cockpits allow each paddler to wear a &#8220;skirt&#8221;. A kayak for those who enjoy traveling or expeditions.<\/p>\n","protected":false},"excerpt":{"rendered":"<p>Tandem kayak DAG BIWOK EVO HI-LUXE Durable kayak with two separate cockpit expeditions and larger bodies of water Biwok Evo Hi luxury with retractable drift. The kayaker can adjust the depth of the Biwok&#8217;s; Depending on wind and current strength and more easily correct course. Biwok EVO is performance: its larger cockpits with Hi Class [&#8230;]<\/p>\n<p><a class=\"btn btn-secondary understrap-read-more-link\" href=\"https:\/\/www.waterskis.lv\/en\/product\/tandem-kayak-dag-biwok-evo-hi-luxe\/\">Read More&#8230;<\/a><\/p>\n","protected":false},"featured_media":13307,"comment_status":"closed","ping_status":"closed","template":"","meta":{"_acf_changed":false,"inline_featured_image":false},"product_brand":[],"product_cat":[507,534,525],"product_tag":[],"class_list":{"0":"post-16072","1":"product","2":"type-product","3":"status-publish","4":"has-post-thumbnail","6":"product_cat-kayaks","7":"product_cat-sit-in-kayaks","8":"product_cat-tandem-kayaks","10":"first","11":"instock","12":"shipping-taxable","13":"product-type-simple"},"acf":[],"yoast_head":"<!-- This site is optimized with the Yoast SEO plugin v27.3 - https:\/\/yoast.com\/product\/yoast-seo-wordpress\/ -->\n<title>Tandem kayak DAG BIWOK EVO HI-LUXE - WATERSKIS.LV<\/title>\n<meta name=\"description\" content=\"Tandem kayak DAG BIWOK EVO HI-LUXE. Kayak rental &amp; trade at Jurmala Waterski &amp; Wakeboard park. Visit us at www.waterskis.lv\" \/>\n<meta name=\"robots\" content=\"index, follow, max-snippet:-1, max-image-preview:large, max-video-preview:-1\" \/>\n<link rel=\"canonical\" href=\"https:\/\/www.waterskis.lv\/en\/product\/tandem-kayak-dag-biwok-evo-hi-luxe\/\" \/>\n<meta property=\"og:locale\" content=\"en_US\" \/>\n<meta property=\"og:type\" content=\"article\" \/>\n<meta property=\"og:title\" content=\"Tandem kayak DAG BIWOK EVO HI-LUXE\" \/>\n<meta property=\"og:description\" content=\"Tandem kayak DAG BIWOK EVO HI-LUXE\" \/>\n<meta property=\"og:url\" content=\"https:\/\/www.waterskis.lv\/en\/product\/tandem-kayak-dag-biwok-evo-hi-luxe\/\" \/>\n<meta property=\"og:site_name\" content=\"WATERSKIS.LV\" \/>\n<meta property=\"article:publisher\" content=\"https:\/\/www.facebook.com\/jurmalawaterskiwakeboardpark\/\" \/>\n<meta property=\"article:modified_time\" content=\"2022-02-07T19:18:35+00:00\" \/>\n<meta property=\"og:image\" content=\"https:\/\/www.waterskis.lv\/wp-content\/uploads\/2020\/01\/Biwok.jpg\" \/>\n<meta name=\"twitter:card\" content=\"summary_large_image\" \/>\n<meta name=\"twitter:label1\" content=\"Est. reading time\" \/>\n\t<meta name=\"twitter:data1\" content=\"1 minute\" \/>\n<script type=\"application\/ld+json\" class=\"yoast-schema-graph\">{\"@context\":\"https:\\\/\\\/schema.org\",\"@graph\":[{\"@type\":\"WebPage\",\"@id\":\"https:\\\/\\\/www.waterskis.lv\\\/en\\\/product\\\/tandem-kayak-dag-biwok-evo-hi-luxe\\\/\",\"url\":\"https:\\\/\\\/www.waterskis.lv\\\/en\\\/product\\\/tandem-kayak-dag-biwok-evo-hi-luxe\\\/\",\"name\":\"Tandem kayak DAG BIWOK EVO HI-LUXE - WATERSKIS.LV\",\"isPartOf\":{\"@id\":\"https:\\\/\\\/www.waterskis.lv\\\/en\\\/#website\"},\"primaryImageOfPage\":{\"@id\":\"https:\\\/\\\/www.waterskis.lv\\\/en\\\/product\\\/tandem-kayak-dag-biwok-evo-hi-luxe\\\/#primaryimage\"},\"image\":{\"@id\":\"https:\\\/\\\/www.waterskis.lv\\\/en\\\/product\\\/tandem-kayak-dag-biwok-evo-hi-luxe\\\/#primaryimage\"},\"thumbnailUrl\":\"https:\\\/\\\/www.waterskis.lv\\\/wp-content\\\/uploads\\\/2020\\\/01\\\/Biwok-evo-hi-luxe-skeg-1.jpg\",\"datePublished\":\"2020-01-23T20:13:14+00:00\",\"dateModified\":\"2022-02-07T19:18:35+00:00\",\"description\":\"Tandem kayak DAG BIWOK EVO HI-LUXE. Kayak rental & trade at Jurmala Waterski & Wakeboard park. Visit us at www.waterskis.lv\",\"breadcrumb\":{\"@id\":\"https:\\\/\\\/www.waterskis.lv\\\/en\\\/product\\\/tandem-kayak-dag-biwok-evo-hi-luxe\\\/#breadcrumb\"},\"inLanguage\":\"en-US\",\"potentialAction\":[{\"@type\":\"ReadAction\",\"target\":[\"https:\\\/\\\/www.waterskis.lv\\\/en\\\/product\\\/tandem-kayak-dag-biwok-evo-hi-luxe\\\/\"]}]},{\"@type\":\"ImageObject\",\"inLanguage\":\"en-US\",\"@id\":\"https:\\\/\\\/www.waterskis.lv\\\/en\\\/product\\\/tandem-kayak-dag-biwok-evo-hi-luxe\\\/#primaryimage\",\"url\":\"https:\\\/\\\/www.waterskis.lv\\\/wp-content\\\/uploads\\\/2020\\\/01\\\/Biwok-evo-hi-luxe-skeg-1.jpg\",\"contentUrl\":\"https:\\\/\\\/www.waterskis.lv\\\/wp-content\\\/uploads\\\/2020\\\/01\\\/Biwok-evo-hi-luxe-skeg-1.jpg\",\"width\":1024,\"height\":532,\"caption\":\"Two person kayak BIWOK EVO HI-Luxe\"},{\"@type\":\"BreadcrumbList\",\"@id\":\"https:\\\/\\\/www.waterskis.lv\\\/en\\\/product\\\/tandem-kayak-dag-biwok-evo-hi-luxe\\\/#breadcrumb\",\"itemListElement\":[{\"@type\":\"ListItem\",\"position\":1,\"name\":\"Home\",\"item\":\"https:\\\/\\\/www.waterskis.lv\\\/en\\\/\"},{\"@type\":\"ListItem\",\"position\":2,\"name\":\"Shop\",\"item\":\"https:\\\/\\\/waterskis.lv\\\/en\\\/shop\\\/\"},{\"@type\":\"ListItem\",\"position\":3,\"name\":\"Tandem kayak DAG BIWOK EVO HI-LUXE\"}]},{\"@type\":\"WebSite\",\"@id\":\"https:\\\/\\\/www.waterskis.lv\\\/en\\\/#website\",\"url\":\"https:\\\/\\\/www.waterskis.lv\\\/en\\\/\",\"name\":\"WATERSKIS.LV\",\"description\":\"SUP d\u0113\u013ci, kajaki, kanoe, airu laivas, \u016bdenssl\u0113po\u0161ana, veikbords, SUP d\u0113\u013cu noma, kajaku nomaakt\u012bv\u0101s atp\u016btas centrs, laivu noma, sup noma, kajaku noma\",\"publisher\":{\"@id\":\"https:\\\/\\\/www.waterskis.lv\\\/en\\\/#organization\"},\"potentialAction\":[{\"@type\":\"SearchAction\",\"target\":{\"@type\":\"EntryPoint\",\"urlTemplate\":\"https:\\\/\\\/www.waterskis.lv\\\/en\\\/?s={search_term_string}\"},\"query-input\":{\"@type\":\"PropertyValueSpecification\",\"valueRequired\":true,\"valueName\":\"search_term_string\"}}],\"inLanguage\":\"en-US\"},{\"@type\":\"Organization\",\"@id\":\"https:\\\/\\\/www.waterskis.lv\\\/en\\\/#organization\",\"name\":\"WATERSKIS.LV\",\"url\":\"https:\\\/\\\/www.waterskis.lv\\\/en\\\/\",\"logo\":{\"@type\":\"ImageObject\",\"inLanguage\":\"en-US\",\"@id\":\"https:\\\/\\\/www.waterskis.lv\\\/en\\\/#\\\/schema\\\/logo\\\/image\\\/\",\"url\":\"https:\\\/\\\/www.waterskis.lv\\\/wp-content\\\/uploads\\\/2025\\\/01\\\/JUVP-logo.png\",\"contentUrl\":\"https:\\\/\\\/www.waterskis.lv\\\/wp-content\\\/uploads\\\/2025\\\/01\\\/JUVP-logo.png\",\"width\":421,\"height\":202,\"caption\":\"WATERSKIS.LV\"},\"image\":{\"@id\":\"https:\\\/\\\/www.waterskis.lv\\\/en\\\/#\\\/schema\\\/logo\\\/image\\\/\"},\"sameAs\":[\"https:\\\/\\\/www.facebook.com\\\/jurmalawaterskiwakeboardpark\\\/\"]}]}<\/script>\n<!-- \/ Yoast SEO plugin. -->","yoast_head_json":{"title":"Tandem kayak DAG BIWOK EVO HI-LUXE - WATERSKIS.LV","description":"Tandem kayak DAG BIWOK EVO HI-LUXE. Kayak rental & trade at Jurmala Waterski & Wakeboard park. Visit us at www.waterskis.lv","robots":{"index":"index","follow":"follow","max-snippet":"max-snippet:-1","max-image-preview":"max-image-preview:large","max-video-preview":"max-video-preview:-1"},"canonical":"https:\/\/www.waterskis.lv\/en\/product\/tandem-kayak-dag-biwok-evo-hi-luxe\/","og_locale":"en_US","og_type":"article","og_title":"Tandem kayak DAG BIWOK EVO HI-LUXE","og_description":"Tandem kayak DAG BIWOK EVO HI-LUXE","og_url":"https:\/\/www.waterskis.lv\/en\/product\/tandem-kayak-dag-biwok-evo-hi-luxe\/","og_site_name":"WATERSKIS.LV","article_publisher":"https:\/\/www.facebook.com\/jurmalawaterskiwakeboardpark\/","article_modified_time":"2022-02-07T19:18:35+00:00","og_image":[{"url":"https:\/\/www.waterskis.lv\/wp-content\/uploads\/2020\/01\/Biwok.jpg","type":"","width":"","height":""}],"twitter_card":"summary_large_image","twitter_misc":{"Est. reading time":"1 minute"},"schema":{"@context":"https:\/\/schema.org","@graph":[{"@type":"WebPage","@id":"https:\/\/www.waterskis.lv\/en\/product\/tandem-kayak-dag-biwok-evo-hi-luxe\/","url":"https:\/\/www.waterskis.lv\/en\/product\/tandem-kayak-dag-biwok-evo-hi-luxe\/","name":"Tandem kayak DAG BIWOK EVO HI-LUXE - WATERSKIS.LV","isPartOf":{"@id":"https:\/\/www.waterskis.lv\/en\/#website"},"primaryImageOfPage":{"@id":"https:\/\/www.waterskis.lv\/en\/product\/tandem-kayak-dag-biwok-evo-hi-luxe\/#primaryimage"},"image":{"@id":"https:\/\/www.waterskis.lv\/en\/product\/tandem-kayak-dag-biwok-evo-hi-luxe\/#primaryimage"},"thumbnailUrl":"https:\/\/www.waterskis.lv\/wp-content\/uploads\/2020\/01\/Biwok-evo-hi-luxe-skeg-1.jpg","datePublished":"2020-01-23T20:13:14+00:00","dateModified":"2022-02-07T19:18:35+00:00","description":"Tandem kayak DAG BIWOK EVO HI-LUXE. Kayak rental & trade at Jurmala Waterski & Wakeboard park. Visit us at www.waterskis.lv","breadcrumb":{"@id":"https:\/\/www.waterskis.lv\/en\/product\/tandem-kayak-dag-biwok-evo-hi-luxe\/#breadcrumb"},"inLanguage":"en-US","potentialAction":[{"@type":"ReadAction","target":["https:\/\/www.waterskis.lv\/en\/product\/tandem-kayak-dag-biwok-evo-hi-luxe\/"]}]},{"@type":"ImageObject","inLanguage":"en-US","@id":"https:\/\/www.waterskis.lv\/en\/product\/tandem-kayak-dag-biwok-evo-hi-luxe\/#primaryimage","url":"https:\/\/www.waterskis.lv\/wp-content\/uploads\/2020\/01\/Biwok-evo-hi-luxe-skeg-1.jpg","contentUrl":"https:\/\/www.waterskis.lv\/wp-content\/uploads\/2020\/01\/Biwok-evo-hi-luxe-skeg-1.jpg","width":1024,"height":532,"caption":"Two person kayak BIWOK EVO HI-Luxe"},{"@type":"BreadcrumbList","@id":"https:\/\/www.waterskis.lv\/en\/product\/tandem-kayak-dag-biwok-evo-hi-luxe\/#breadcrumb","itemListElement":[{"@type":"ListItem","position":1,"name":"Home","item":"https:\/\/www.waterskis.lv\/en\/"},{"@type":"ListItem","position":2,"name":"Shop","item":"https:\/\/waterskis.lv\/en\/shop\/"},{"@type":"ListItem","position":3,"name":"Tandem kayak DAG BIWOK EVO HI-LUXE"}]},{"@type":"WebSite","@id":"https:\/\/www.waterskis.lv\/en\/#website","url":"https:\/\/www.waterskis.lv\/en\/","name":"WATERSKIS.LV","description":"SUP d\u0113\u013ci, kajaki, kanoe, airu laivas, \u016bdenssl\u0113po\u0161ana, veikbords, SUP d\u0113\u013cu noma, kajaku nomaakt\u012bv\u0101s atp\u016btas centrs, laivu noma, sup noma, kajaku noma","publisher":{"@id":"https:\/\/www.waterskis.lv\/en\/#organization"},"potentialAction":[{"@type":"SearchAction","target":{"@type":"EntryPoint","urlTemplate":"https:\/\/www.waterskis.lv\/en\/?s={search_term_string}"},"query-input":{"@type":"PropertyValueSpecification","valueRequired":true,"valueName":"search_term_string"}}],"inLanguage":"en-US"},{"@type":"Organization","@id":"https:\/\/www.waterskis.lv\/en\/#organization","name":"WATERSKIS.LV","url":"https:\/\/www.waterskis.lv\/en\/","logo":{"@type":"ImageObject","inLanguage":"en-US","@id":"https:\/\/www.waterskis.lv\/en\/#\/schema\/logo\/image\/","url":"https:\/\/www.waterskis.lv\/wp-content\/uploads\/2025\/01\/JUVP-logo.png","contentUrl":"https:\/\/www.waterskis.lv\/wp-content\/uploads\/2025\/01\/JUVP-logo.png","width":421,"height":202,"caption":"WATERSKIS.LV"},"image":{"@id":"https:\/\/www.waterskis.lv\/en\/#\/schema\/logo\/image\/"},"sameAs":["https:\/\/www.facebook.com\/jurmalawaterskiwakeboardpark\/"]}]}},"_links":{"self":[{"href":"https:\/\/www.waterskis.lv\/en\/wp-json\/wp\/v2\/product\/16072","targetHints":{"allow":["GET"]}}],"collection":[{"href":"https:\/\/www.waterskis.lv\/en\/wp-json\/wp\/v2\/product"}],"about":[{"href":"https:\/\/www.waterskis.lv\/en\/wp-json\/wp\/v2\/types\/product"}],"replies":[{"embeddable":true,"href":"https:\/\/www.waterskis.lv\/en\/wp-json\/wp\/v2\/comments?post=16072"}],"wp:featuredmedia":[{"embeddable":true,"href":"https:\/\/www.waterskis.lv\/en\/wp-json\/wp\/v2\/media\/13307"}],"wp:attachment":[{"href":"https:\/\/www.waterskis.lv\/en\/wp-json\/wp\/v2\/media?parent=16072"}],"wp:term":[{"taxonomy":"product_brand","embeddable":true,"href":"https:\/\/www.waterskis.lv\/en\/wp-json\/wp\/v2\/product_brand?post=16072"},{"taxonomy":"product_cat","embeddable":true,"href":"https:\/\/www.waterskis.lv\/en\/wp-json\/wp\/v2\/product_cat?post=16072"},{"taxonomy":"product_tag","embeddable":true,"href":"https:\/\/www.waterskis.lv\/en\/wp-json\/wp\/v2\/product_tag?post=16072"}],"curies":[{"name":"wp","href":"https:\/\/api.w.org\/{rel}","templated":true}]}}