{"id":16083,"date":"2020-01-30T17:41:45","date_gmt":"2020-01-30T14:41:45","guid":{"rendered":"https:\/\/www.waterskis.lv\/product\/divvietigs-sot-kajaks-wavesport-scooter-gemini-white-out\/"},"modified":"2022-02-08T22:11:43","modified_gmt":"2022-02-08T19:11:43","slug":"divvietigs-sot-kajaks-wavesport-scooter-gemini-white-out","status":"publish","type":"product","link":"https:\/\/www.waterskis.lv\/en\/product\/divvietigs-sot-kajaks-wavesport-scooter-gemini-white-out\/","title":{"rendered":"SOT PERCEPTION SCOOTER GEMINI WHITE-OUTS"},"content":{"rendered":"<div class=\"block_content1 rte active\">\n<p>SOT kayak PERCEPTION SCOOTER GEMINI WHITE-OUTS<\/p>\n<p>Three&#8217;s company in the Scooter Gemini tandem! Paddle with two, or make it a family outing for a small child or the family pet. Paddling solo is also no problem from the centre position. Keeping the same cool lines, profile and fun colours as the solo\u00a0Scooter, it is one of the most popular choices around.<\/p>\n<p>You&#8217;ll appreciate the fun and forgiving temperament the Scooter Gemini possesses as it allows you to cruise with confidence whatever your experience. A smooth and predictable ride with true directional stability comes without compromising on manoeuvrability thanks to the combination of our tracking hull, upswept bow and perfectly balanced volume distribution.<\/p>\n<p>Our iconic moulded in handles make this boat extremely manageable to carry which is especially useful on family outings where not all paddlers are able to help out!<\/p>\n<\/div>\n<p id=\"table-data\" class=\"page-product-heading\">DATA SHEET &#8211; SOT kayak PERCEPTION SCOOTER GEMINI WHITE-OUTS<\/p>\n<table class=\"block_content2 table-data-sheet\">\n<tbody>\n<tr class=\"odd\">\n<td>Type<\/td>\n<td>Sit-on-Top<\/td>\n<\/tr>\n<tr class=\"even\">\n<td>Length<\/td>\n<td>385 cm<\/td>\n<\/tr>\n<tr class=\"odd\">\n<td>Width<\/td>\n<td>80 cm<\/td>\n<\/tr>\n<tr class=\"even\">\n<td>Weight<\/td>\n<td>28 kg<\/td>\n<\/tr>\n<tr class=\"odd\">\n<td>Material<\/td>\n<td>HDPE<\/td>\n<\/tr>\n<tr class=\"even\">\n<td>Number of persons<\/td>\n<td>2<\/td>\n<\/tr>\n<tr class=\"odd\">\n<td>Capacity<\/td>\n<td>200 kg<\/td>\n<\/tr>\n<tr class=\"even\">\n<td>Purpose of usage<\/td>\n<td>Leisure \/ Touring kayak<\/td>\n<\/tr>\n<tr class=\"odd\">\n<td>Country of origin<\/td>\n<td>United Kingdom<\/td>\n<\/tr>\n<\/tbody>\n<\/table>\n","protected":false},"excerpt":{"rendered":"<p>https:\/\/www.youtube.com\/watch?v=yKMS0ZgF8sg [&#8230;]<\/p>\n<p><a class=\"btn btn-secondary understrap-read-more-link\" href=\"https:\/\/www.waterskis.lv\/en\/product\/divvietigs-sot-kajaks-wavesport-scooter-gemini-white-out\/\">Read More&#8230;<\/a><\/p>\n","protected":false},"featured_media":14074,"comment_status":"closed","ping_status":"closed","template":"","meta":{"_acf_changed":false,"inline_featured_image":false},"product_brand":[],"product_cat":[507,535,529],"product_tag":[],"class_list":{"0":"post-16083","1":"product","2":"type-product","3":"status-publish","4":"has-post-thumbnail","6":"product_cat-kayaks","7":"product_cat-sot-kayaks","8":"product_cat-tandem-sit-on-kayaks","10":"first","11":"instock","12":"shipping-taxable","13":"product-type-simple"},"acf":[],"yoast_head":"<!-- This site is optimized with the Yoast SEO plugin v27.4 - https:\/\/yoast.com\/product\/yoast-seo-wordpress\/ -->\n<title>SOT PERCEPTION SCOOTER GEMINI WHITE-OUTS - WATERSKIS.LV<\/title>\n<meta name=\"description\" content=\"SOT kayak PERCEPTION SCOOTER GEMINI WHITE-OUTS. Waterskis.lv - established manufacturers, high quality, good price. Kayaks, boats and more.\" \/>\n<meta name=\"robots\" content=\"index, follow, max-snippet:-1, max-image-preview:large, max-video-preview:-1\" \/>\n<link rel=\"canonical\" href=\"https:\/\/www.waterskis.lv\/en\/product\/divvietigs-sot-kajaks-wavesport-scooter-gemini-white-out\/\" \/>\n<meta property=\"og:locale\" content=\"en_US\" \/>\n<meta property=\"og:type\" content=\"article\" \/>\n<meta property=\"og:title\" content=\"SOT PERCEPTION SCOOTER GEMINI WHITE-OUTS\" \/>\n<meta property=\"og:description\" content=\"SOT PERCEPTION SCOOTER GEMINI WHITE-OUTS\" \/>\n<meta property=\"og:url\" content=\"https:\/\/www.waterskis.lv\/en\/product\/divvietigs-sot-kajaks-wavesport-scooter-gemini-white-out\/\" \/>\n<meta property=\"og:site_name\" content=\"WATERSKIS.LV\" \/>\n<meta property=\"article:publisher\" content=\"https:\/\/www.facebook.com\/jurmalawaterskiwakeboardpark\/\" \/>\n<meta property=\"article:modified_time\" content=\"2022-02-08T19:11:43+00:00\" \/>\n<meta property=\"og:image\" content=\"https:\/\/www.waterskis.lv\/wp-content\/uploads\/2020\/01\/SCOOTER-GEMINI_WhiteOut_Margarita.jpg\" \/>\n<meta name=\"twitter:card\" content=\"summary_large_image\" \/>\n<meta name=\"twitter:label1\" content=\"Est. reading time\" \/>\n\t<meta name=\"twitter:data1\" content=\"1 minute\" \/>\n<script type=\"application\/ld+json\" class=\"yoast-schema-graph\">{\"@context\":\"https:\\\/\\\/schema.org\",\"@graph\":[{\"@type\":\"WebPage\",\"@id\":\"https:\\\/\\\/www.waterskis.lv\\\/en\\\/product\\\/divvietigs-sot-kajaks-wavesport-scooter-gemini-white-out\\\/\",\"url\":\"https:\\\/\\\/www.waterskis.lv\\\/en\\\/product\\\/divvietigs-sot-kajaks-wavesport-scooter-gemini-white-out\\\/\",\"name\":\"SOT PERCEPTION SCOOTER GEMINI WHITE-OUTS - WATERSKIS.LV\",\"isPartOf\":{\"@id\":\"https:\\\/\\\/www.waterskis.lv\\\/en\\\/#website\"},\"primaryImageOfPage\":{\"@id\":\"https:\\\/\\\/www.waterskis.lv\\\/en\\\/product\\\/divvietigs-sot-kajaks-wavesport-scooter-gemini-white-out\\\/#primaryimage\"},\"image\":{\"@id\":\"https:\\\/\\\/www.waterskis.lv\\\/en\\\/product\\\/divvietigs-sot-kajaks-wavesport-scooter-gemini-white-out\\\/#primaryimage\"},\"thumbnailUrl\":\"https:\\\/\\\/www.waterskis.lv\\\/wp-content\\\/uploads\\\/2020\\\/01\\\/SCOOTER-GEMINI_WhiteOut_Sorbet.jpg\",\"datePublished\":\"2020-01-30T14:41:45+00:00\",\"dateModified\":\"2022-02-08T19:11:43+00:00\",\"description\":\"SOT kayak PERCEPTION SCOOTER GEMINI WHITE-OUTS. Waterskis.lv - established manufacturers, high quality, good price. Kayaks, boats and more.\",\"breadcrumb\":{\"@id\":\"https:\\\/\\\/www.waterskis.lv\\\/en\\\/product\\\/divvietigs-sot-kajaks-wavesport-scooter-gemini-white-out\\\/#breadcrumb\"},\"inLanguage\":\"en-US\",\"potentialAction\":[{\"@type\":\"ReadAction\",\"target\":[\"https:\\\/\\\/www.waterskis.lv\\\/en\\\/product\\\/divvietigs-sot-kajaks-wavesport-scooter-gemini-white-out\\\/\"]}]},{\"@type\":\"ImageObject\",\"inLanguage\":\"en-US\",\"@id\":\"https:\\\/\\\/www.waterskis.lv\\\/en\\\/product\\\/divvietigs-sot-kajaks-wavesport-scooter-gemini-white-out\\\/#primaryimage\",\"url\":\"https:\\\/\\\/www.waterskis.lv\\\/wp-content\\\/uploads\\\/2020\\\/01\\\/SCOOTER-GEMINI_WhiteOut_Sorbet.jpg\",\"contentUrl\":\"https:\\\/\\\/www.waterskis.lv\\\/wp-content\\\/uploads\\\/2020\\\/01\\\/SCOOTER-GEMINI_WhiteOut_Sorbet.jpg\",\"width\":1200,\"height\":473,\"caption\":\"Sit On Top kayak PERCEPTION SCOOTER GEMINI WHITE-OUT\"},{\"@type\":\"BreadcrumbList\",\"@id\":\"https:\\\/\\\/www.waterskis.lv\\\/en\\\/product\\\/divvietigs-sot-kajaks-wavesport-scooter-gemini-white-out\\\/#breadcrumb\",\"itemListElement\":[{\"@type\":\"ListItem\",\"position\":1,\"name\":\"Home\",\"item\":\"https:\\\/\\\/www.waterskis.lv\\\/en\\\/\"},{\"@type\":\"ListItem\",\"position\":2,\"name\":\"Shop\",\"item\":\"https:\\\/\\\/waterskis.lv\\\/en\\\/shop\\\/\"},{\"@type\":\"ListItem\",\"position\":3,\"name\":\"SOT PERCEPTION SCOOTER GEMINI WHITE-OUTS\"}]},{\"@type\":\"WebSite\",\"@id\":\"https:\\\/\\\/www.waterskis.lv\\\/en\\\/#website\",\"url\":\"https:\\\/\\\/www.waterskis.lv\\\/en\\\/\",\"name\":\"WATERSKIS.LV\",\"description\":\"SUP d\u0113\u013ci, kajaki, kanoe, airu laivas, \u016bdenssl\u0113po\u0161ana, veikbords, SUP d\u0113\u013cu noma, kajaku nomaakt\u012bv\u0101s atp\u016btas centrs, laivu noma, sup noma, kajaku noma\",\"publisher\":{\"@id\":\"https:\\\/\\\/www.waterskis.lv\\\/en\\\/#organization\"},\"potentialAction\":[{\"@type\":\"SearchAction\",\"target\":{\"@type\":\"EntryPoint\",\"urlTemplate\":\"https:\\\/\\\/www.waterskis.lv\\\/en\\\/?s={search_term_string}\"},\"query-input\":{\"@type\":\"PropertyValueSpecification\",\"valueRequired\":true,\"valueName\":\"search_term_string\"}}],\"inLanguage\":\"en-US\"},{\"@type\":\"Organization\",\"@id\":\"https:\\\/\\\/www.waterskis.lv\\\/en\\\/#organization\",\"name\":\"WATERSKIS.LV\",\"url\":\"https:\\\/\\\/www.waterskis.lv\\\/en\\\/\",\"logo\":{\"@type\":\"ImageObject\",\"inLanguage\":\"en-US\",\"@id\":\"https:\\\/\\\/www.waterskis.lv\\\/en\\\/#\\\/schema\\\/logo\\\/image\\\/\",\"url\":\"https:\\\/\\\/www.waterskis.lv\\\/wp-content\\\/uploads\\\/2025\\\/01\\\/JUVP-logo.png\",\"contentUrl\":\"https:\\\/\\\/www.waterskis.lv\\\/wp-content\\\/uploads\\\/2025\\\/01\\\/JUVP-logo.png\",\"width\":421,\"height\":202,\"caption\":\"WATERSKIS.LV\"},\"image\":{\"@id\":\"https:\\\/\\\/www.waterskis.lv\\\/en\\\/#\\\/schema\\\/logo\\\/image\\\/\"},\"sameAs\":[\"https:\\\/\\\/www.facebook.com\\\/jurmalawaterskiwakeboardpark\\\/\"]}]}<\/script>\n<!-- \/ Yoast SEO plugin. -->","yoast_head_json":{"title":"SOT PERCEPTION SCOOTER GEMINI WHITE-OUTS - WATERSKIS.LV","description":"SOT kayak PERCEPTION SCOOTER GEMINI WHITE-OUTS. Waterskis.lv - established manufacturers, high quality, good price. Kayaks, boats and more.","robots":{"index":"index","follow":"follow","max-snippet":"max-snippet:-1","max-image-preview":"max-image-preview:large","max-video-preview":"max-video-preview:-1"},"canonical":"https:\/\/www.waterskis.lv\/en\/product\/divvietigs-sot-kajaks-wavesport-scooter-gemini-white-out\/","og_locale":"en_US","og_type":"article","og_title":"SOT PERCEPTION SCOOTER GEMINI WHITE-OUTS","og_description":"SOT PERCEPTION SCOOTER GEMINI WHITE-OUTS","og_url":"https:\/\/www.waterskis.lv\/en\/product\/divvietigs-sot-kajaks-wavesport-scooter-gemini-white-out\/","og_site_name":"WATERSKIS.LV","article_publisher":"https:\/\/www.facebook.com\/jurmalawaterskiwakeboardpark\/","article_modified_time":"2022-02-08T19:11:43+00:00","og_image":[{"url":"https:\/\/www.waterskis.lv\/wp-content\/uploads\/2020\/01\/SCOOTER-GEMINI_WhiteOut_Margarita.jpg","type":"","width":"","height":""}],"twitter_card":"summary_large_image","twitter_misc":{"Est. reading time":"1 minute"},"schema":{"@context":"https:\/\/schema.org","@graph":[{"@type":"WebPage","@id":"https:\/\/www.waterskis.lv\/en\/product\/divvietigs-sot-kajaks-wavesport-scooter-gemini-white-out\/","url":"https:\/\/www.waterskis.lv\/en\/product\/divvietigs-sot-kajaks-wavesport-scooter-gemini-white-out\/","name":"SOT PERCEPTION SCOOTER GEMINI WHITE-OUTS - WATERSKIS.LV","isPartOf":{"@id":"https:\/\/www.waterskis.lv\/en\/#website"},"primaryImageOfPage":{"@id":"https:\/\/www.waterskis.lv\/en\/product\/divvietigs-sot-kajaks-wavesport-scooter-gemini-white-out\/#primaryimage"},"image":{"@id":"https:\/\/www.waterskis.lv\/en\/product\/divvietigs-sot-kajaks-wavesport-scooter-gemini-white-out\/#primaryimage"},"thumbnailUrl":"https:\/\/www.waterskis.lv\/wp-content\/uploads\/2020\/01\/SCOOTER-GEMINI_WhiteOut_Sorbet.jpg","datePublished":"2020-01-30T14:41:45+00:00","dateModified":"2022-02-08T19:11:43+00:00","description":"SOT kayak PERCEPTION SCOOTER GEMINI WHITE-OUTS. Waterskis.lv - established manufacturers, high quality, good price. Kayaks, boats and more.","breadcrumb":{"@id":"https:\/\/www.waterskis.lv\/en\/product\/divvietigs-sot-kajaks-wavesport-scooter-gemini-white-out\/#breadcrumb"},"inLanguage":"en-US","potentialAction":[{"@type":"ReadAction","target":["https:\/\/www.waterskis.lv\/en\/product\/divvietigs-sot-kajaks-wavesport-scooter-gemini-white-out\/"]}]},{"@type":"ImageObject","inLanguage":"en-US","@id":"https:\/\/www.waterskis.lv\/en\/product\/divvietigs-sot-kajaks-wavesport-scooter-gemini-white-out\/#primaryimage","url":"https:\/\/www.waterskis.lv\/wp-content\/uploads\/2020\/01\/SCOOTER-GEMINI_WhiteOut_Sorbet.jpg","contentUrl":"https:\/\/www.waterskis.lv\/wp-content\/uploads\/2020\/01\/SCOOTER-GEMINI_WhiteOut_Sorbet.jpg","width":1200,"height":473,"caption":"Sit On Top kayak PERCEPTION SCOOTER GEMINI WHITE-OUT"},{"@type":"BreadcrumbList","@id":"https:\/\/www.waterskis.lv\/en\/product\/divvietigs-sot-kajaks-wavesport-scooter-gemini-white-out\/#breadcrumb","itemListElement":[{"@type":"ListItem","position":1,"name":"Home","item":"https:\/\/www.waterskis.lv\/en\/"},{"@type":"ListItem","position":2,"name":"Shop","item":"https:\/\/waterskis.lv\/en\/shop\/"},{"@type":"ListItem","position":3,"name":"SOT PERCEPTION SCOOTER GEMINI WHITE-OUTS"}]},{"@type":"WebSite","@id":"https:\/\/www.waterskis.lv\/en\/#website","url":"https:\/\/www.waterskis.lv\/en\/","name":"WATERSKIS.LV","description":"SUP d\u0113\u013ci, kajaki, kanoe, airu laivas, \u016bdenssl\u0113po\u0161ana, veikbords, SUP d\u0113\u013cu noma, kajaku nomaakt\u012bv\u0101s atp\u016btas centrs, laivu noma, sup noma, kajaku noma","publisher":{"@id":"https:\/\/www.waterskis.lv\/en\/#organization"},"potentialAction":[{"@type":"SearchAction","target":{"@type":"EntryPoint","urlTemplate":"https:\/\/www.waterskis.lv\/en\/?s={search_term_string}"},"query-input":{"@type":"PropertyValueSpecification","valueRequired":true,"valueName":"search_term_string"}}],"inLanguage":"en-US"},{"@type":"Organization","@id":"https:\/\/www.waterskis.lv\/en\/#organization","name":"WATERSKIS.LV","url":"https:\/\/www.waterskis.lv\/en\/","logo":{"@type":"ImageObject","inLanguage":"en-US","@id":"https:\/\/www.waterskis.lv\/en\/#\/schema\/logo\/image\/","url":"https:\/\/www.waterskis.lv\/wp-content\/uploads\/2025\/01\/JUVP-logo.png","contentUrl":"https:\/\/www.waterskis.lv\/wp-content\/uploads\/2025\/01\/JUVP-logo.png","width":421,"height":202,"caption":"WATERSKIS.LV"},"image":{"@id":"https:\/\/www.waterskis.lv\/en\/#\/schema\/logo\/image\/"},"sameAs":["https:\/\/www.facebook.com\/jurmalawaterskiwakeboardpark\/"]}]}},"_links":{"self":[{"href":"https:\/\/www.waterskis.lv\/en\/wp-json\/wp\/v2\/product\/16083","targetHints":{"allow":["GET"]}}],"collection":[{"href":"https:\/\/www.waterskis.lv\/en\/wp-json\/wp\/v2\/product"}],"about":[{"href":"https:\/\/www.waterskis.lv\/en\/wp-json\/wp\/v2\/types\/product"}],"replies":[{"embeddable":true,"href":"https:\/\/www.waterskis.lv\/en\/wp-json\/wp\/v2\/comments?post=16083"}],"wp:featuredmedia":[{"embeddable":true,"href":"https:\/\/www.waterskis.lv\/en\/wp-json\/wp\/v2\/media\/14074"}],"wp:attachment":[{"href":"https:\/\/www.waterskis.lv\/en\/wp-json\/wp\/v2\/media?parent=16083"}],"wp:term":[{"taxonomy":"product_brand","embeddable":true,"href":"https:\/\/www.waterskis.lv\/en\/wp-json\/wp\/v2\/product_brand?post=16083"},{"taxonomy":"product_cat","embeddable":true,"href":"https:\/\/www.waterskis.lv\/en\/wp-json\/wp\/v2\/product_cat?post=16083"},{"taxonomy":"product_tag","embeddable":true,"href":"https:\/\/www.waterskis.lv\/en\/wp-json\/wp\/v2\/product_tag?post=16083"}],"curies":[{"name":"wp","href":"https:\/\/api.w.org\/{rel}","templated":true}]}}