{"id":16116,"date":"2020-02-02T12:59:06","date_gmt":"2020-02-02T09:59:06","guid":{"rendered":"https:\/\/www.waterskis.lv\/product\/sot-kajaks-wavesport-scooter-rental\/"},"modified":"2022-02-08T15:46:03","modified_gmt":"2022-02-08T12:46:03","slug":"sit-on-top-kayak-wavesport-scooter-rental","status":"publish","type":"product","link":"https:\/\/www.waterskis.lv\/en\/product\/sit-on-top-kayak-wavesport-scooter-rental\/","title":{"rendered":"Kayak WAVESPORT SCOOTER RENTAL"},"content":{"rendered":"<p>Kayak WAVESPORT SCOOTER RENTAL<\/p>\n<p>THERE ARE SIT-ONS&#8230; AND THEN THERE&#8217;S THE SCOOTER!<\/p>\n<div class=\"block_content1 rte active\">\n<p>Generally considered the best looking sit-on top around\u2026 the Scooter has cool, stylish lines and comes in funky colours. It gives you an exquisite blend of exploring, surfing and all round fun.<\/p>\n<p>The exceptional stability and user friendly handling means you need look no further for a versatile kayak to suit thrill seekers and families at the beach, lake or river. Paddlers of all abilities will benefit from the smooth and predictable ride with true directional stability without compromising on manoeuvrability, thanks to the combination of our tracking hull, upswept bow and perfectly balanced volume distribution.<\/p>\n<\/div>\n<p id=\"table-data\" class=\"page-product-heading\">DATA SHEET<\/p>\n<table class=\"block_content2 table-data-sheet\">\n<tbody>\n<tr class=\"odd\">\n<td>Type<\/td>\n<td>Sit-on-Top<\/td>\n<\/tr>\n<tr class=\"even\">\n<td>Length<\/td>\n<td>295 cm<\/td>\n<\/tr>\n<tr class=\"odd\">\n<td>Width<\/td>\n<td>75 cm<\/td>\n<\/tr>\n<tr class=\"even\">\n<td>Weight<\/td>\n<td>20 kg<\/td>\n<\/tr>\n<tr class=\"odd\">\n<td>Material<\/td>\n<td>HDPE<\/td>\n<\/tr>\n<tr class=\"even\">\n<td>Number of persons<\/td>\n<td>1<\/td>\n<\/tr>\n<tr class=\"odd\">\n<td>Capacity<\/td>\n<td>150 kg<\/td>\n<\/tr>\n<tr class=\"even\">\n<td>Purpose of usage<\/td>\n<td>Leisure \/ Touring kayak<\/td>\n<\/tr>\n<tr class=\"odd\">\n<td>Country of origin<\/td>\n<td>United Kingdom<\/td>\n<\/tr>\n<\/tbody>\n<\/table>\n<p>Kayak WAVESPORT SCOOTER RENTAL<\/p>\n<p>&nbsp;<\/p>\n<p><iframe title=\"Wavesport Scooter Sit On Top Kayak Review\" width=\"640\" height=\"360\" src=\"https:\/\/www.youtube.com\/embed\/zM0kW4rHrQ4?start=115&#038;feature=oembed\" frameborder=\"0\" allow=\"accelerometer; autoplay; clipboard-write; encrypted-media; gyroscope; picture-in-picture; web-share\" referrerpolicy=\"strict-origin-when-cross-origin\" allowfullscreen><\/iframe><\/p>\n","protected":false},"excerpt":{"rendered":"<p>https:\/\/www.youtube.com\/watch?v=WQmGAhBJS68 [&#8230;]<\/p>\n<p><a class=\"btn btn-secondary understrap-read-more-link\" href=\"https:\/\/www.waterskis.lv\/en\/product\/sit-on-top-kayak-wavesport-scooter-rental\/\">Read More&#8230;<\/a><\/p>\n","protected":false},"featured_media":14190,"comment_status":"closed","ping_status":"closed","template":"","meta":{"_acf_changed":false,"inline_featured_image":false},"product_brand":[],"product_cat":[507,535,528],"product_tag":[],"class_list":{"0":"post-16116","1":"product","2":"type-product","3":"status-publish","4":"has-post-thumbnail","6":"product_cat-kayaks","7":"product_cat-sot-kayaks","8":"product_cat-solo-sit-on-kayaks","10":"first","11":"instock","12":"shipping-taxable","13":"product-type-simple"},"acf":[],"yoast_head":"<!-- This site is optimized with the Yoast SEO plugin v27.3 - https:\/\/yoast.com\/product\/yoast-seo-wordpress\/ -->\n<title>Kayak WAVESPORT SCOOTER RENTAL - WATERSKIS.LV<\/title>\n<meta name=\"description\" content=\"Kayak WAVESPORT SCOOTER RENTAL. Waterskis.lv - buy, rent different types of kayaks and related equipment. Visit us.\" \/>\n<meta name=\"robots\" content=\"index, follow, max-snippet:-1, max-image-preview:large, max-video-preview:-1\" \/>\n<link rel=\"canonical\" href=\"https:\/\/www.waterskis.lv\/en\/product\/sit-on-top-kayak-wavesport-scooter-rental\/\" \/>\n<meta property=\"og:locale\" content=\"en_US\" \/>\n<meta property=\"og:type\" content=\"article\" \/>\n<meta property=\"og:title\" content=\"Kayak WAVESPORT SCOOTER RENTAL - WATERSKIS.LV\" \/>\n<meta property=\"og:description\" content=\"Kayak WAVESPORT SCOOTER RENTAL. Waterskis.lv - buy, rent different types of kayaks and related equipment. Visit us.\" \/>\n<meta property=\"og:url\" content=\"https:\/\/www.waterskis.lv\/en\/product\/sit-on-top-kayak-wavesport-scooter-rental\/\" \/>\n<meta property=\"og:site_name\" content=\"WATERSKIS.LV\" \/>\n<meta property=\"article:publisher\" content=\"https:\/\/www.facebook.com\/jurmalawaterskiwakeboardpark\/\" \/>\n<meta property=\"article:modified_time\" content=\"2022-02-08T12:46:03+00:00\" \/>\n<meta property=\"og:image\" content=\"https:\/\/www.waterskis.lv\/wp-content\/uploads\/2020\/02\/WA_2017_SCOOTER_Rental_Black-Ice-2.jpg\" \/>\n\t<meta property=\"og:image:width\" content=\"1200\" \/>\n\t<meta property=\"og:image:height\" content=\"546\" \/>\n\t<meta property=\"og:image:type\" content=\"image\/jpeg\" \/>\n<meta name=\"twitter:card\" content=\"summary_large_image\" \/>\n<meta name=\"twitter:label1\" content=\"Est. reading time\" \/>\n\t<meta name=\"twitter:data1\" content=\"1 minute\" \/>\n<script type=\"application\/ld+json\" class=\"yoast-schema-graph\">{\"@context\":\"https:\\\/\\\/schema.org\",\"@graph\":[{\"@type\":\"WebPage\",\"@id\":\"https:\\\/\\\/www.waterskis.lv\\\/en\\\/product\\\/sit-on-top-kayak-wavesport-scooter-rental\\\/\",\"url\":\"https:\\\/\\\/www.waterskis.lv\\\/en\\\/product\\\/sit-on-top-kayak-wavesport-scooter-rental\\\/\",\"name\":\"Kayak WAVESPORT SCOOTER RENTAL - WATERSKIS.LV\",\"isPartOf\":{\"@id\":\"https:\\\/\\\/www.waterskis.lv\\\/en\\\/#website\"},\"primaryImageOfPage\":{\"@id\":\"https:\\\/\\\/www.waterskis.lv\\\/en\\\/product\\\/sit-on-top-kayak-wavesport-scooter-rental\\\/#primaryimage\"},\"image\":{\"@id\":\"https:\\\/\\\/www.waterskis.lv\\\/en\\\/product\\\/sit-on-top-kayak-wavesport-scooter-rental\\\/#primaryimage\"},\"thumbnailUrl\":\"https:\\\/\\\/www.waterskis.lv\\\/wp-content\\\/uploads\\\/2020\\\/02\\\/WA_2017_SCOOTER_Rental_Black-Ice-2.jpg\",\"datePublished\":\"2020-02-02T09:59:06+00:00\",\"dateModified\":\"2022-02-08T12:46:03+00:00\",\"description\":\"Kayak WAVESPORT SCOOTER RENTAL. Waterskis.lv - buy, rent different types of kayaks and related equipment. Visit us.\",\"breadcrumb\":{\"@id\":\"https:\\\/\\\/www.waterskis.lv\\\/en\\\/product\\\/sit-on-top-kayak-wavesport-scooter-rental\\\/#breadcrumb\"},\"inLanguage\":\"en-US\",\"potentialAction\":[{\"@type\":\"ReadAction\",\"target\":[\"https:\\\/\\\/www.waterskis.lv\\\/en\\\/product\\\/sit-on-top-kayak-wavesport-scooter-rental\\\/\"]}]},{\"@type\":\"ImageObject\",\"inLanguage\":\"en-US\",\"@id\":\"https:\\\/\\\/www.waterskis.lv\\\/en\\\/product\\\/sit-on-top-kayak-wavesport-scooter-rental\\\/#primaryimage\",\"url\":\"https:\\\/\\\/www.waterskis.lv\\\/wp-content\\\/uploads\\\/2020\\\/02\\\/WA_2017_SCOOTER_Rental_Black-Ice-2.jpg\",\"contentUrl\":\"https:\\\/\\\/www.waterskis.lv\\\/wp-content\\\/uploads\\\/2020\\\/02\\\/WA_2017_SCOOTER_Rental_Black-Ice-2.jpg\",\"width\":1200,\"height\":546,\"caption\":\"Sit On Top kayak WAVESPORT SCOOTER RENTAL\"},{\"@type\":\"BreadcrumbList\",\"@id\":\"https:\\\/\\\/www.waterskis.lv\\\/en\\\/product\\\/sit-on-top-kayak-wavesport-scooter-rental\\\/#breadcrumb\",\"itemListElement\":[{\"@type\":\"ListItem\",\"position\":1,\"name\":\"Home\",\"item\":\"https:\\\/\\\/www.waterskis.lv\\\/en\\\/\"},{\"@type\":\"ListItem\",\"position\":2,\"name\":\"Shop\",\"item\":\"https:\\\/\\\/waterskis.lv\\\/en\\\/shop\\\/\"},{\"@type\":\"ListItem\",\"position\":3,\"name\":\"Kayak WAVESPORT SCOOTER RENTAL\"}]},{\"@type\":\"WebSite\",\"@id\":\"https:\\\/\\\/www.waterskis.lv\\\/en\\\/#website\",\"url\":\"https:\\\/\\\/www.waterskis.lv\\\/en\\\/\",\"name\":\"WATERSKIS.LV\",\"description\":\"SUP d\u0113\u013ci, kajaki, kanoe, airu laivas, \u016bdenssl\u0113po\u0161ana, veikbords, SUP d\u0113\u013cu noma, kajaku nomaakt\u012bv\u0101s atp\u016btas centrs, laivu noma, sup noma, kajaku noma\",\"publisher\":{\"@id\":\"https:\\\/\\\/www.waterskis.lv\\\/en\\\/#organization\"},\"potentialAction\":[{\"@type\":\"SearchAction\",\"target\":{\"@type\":\"EntryPoint\",\"urlTemplate\":\"https:\\\/\\\/www.waterskis.lv\\\/en\\\/?s={search_term_string}\"},\"query-input\":{\"@type\":\"PropertyValueSpecification\",\"valueRequired\":true,\"valueName\":\"search_term_string\"}}],\"inLanguage\":\"en-US\"},{\"@type\":\"Organization\",\"@id\":\"https:\\\/\\\/www.waterskis.lv\\\/en\\\/#organization\",\"name\":\"WATERSKIS.LV\",\"url\":\"https:\\\/\\\/www.waterskis.lv\\\/en\\\/\",\"logo\":{\"@type\":\"ImageObject\",\"inLanguage\":\"en-US\",\"@id\":\"https:\\\/\\\/www.waterskis.lv\\\/en\\\/#\\\/schema\\\/logo\\\/image\\\/\",\"url\":\"https:\\\/\\\/www.waterskis.lv\\\/wp-content\\\/uploads\\\/2025\\\/01\\\/JUVP-logo.png\",\"contentUrl\":\"https:\\\/\\\/www.waterskis.lv\\\/wp-content\\\/uploads\\\/2025\\\/01\\\/JUVP-logo.png\",\"width\":421,\"height\":202,\"caption\":\"WATERSKIS.LV\"},\"image\":{\"@id\":\"https:\\\/\\\/www.waterskis.lv\\\/en\\\/#\\\/schema\\\/logo\\\/image\\\/\"},\"sameAs\":[\"https:\\\/\\\/www.facebook.com\\\/jurmalawaterskiwakeboardpark\\\/\"]}]}<\/script>\n<!-- \/ Yoast SEO plugin. -->","yoast_head_json":{"title":"Kayak WAVESPORT SCOOTER RENTAL - WATERSKIS.LV","description":"Kayak WAVESPORT SCOOTER RENTAL. Waterskis.lv - buy, rent different types of kayaks and related equipment. Visit us.","robots":{"index":"index","follow":"follow","max-snippet":"max-snippet:-1","max-image-preview":"max-image-preview:large","max-video-preview":"max-video-preview:-1"},"canonical":"https:\/\/www.waterskis.lv\/en\/product\/sit-on-top-kayak-wavesport-scooter-rental\/","og_locale":"en_US","og_type":"article","og_title":"Kayak WAVESPORT SCOOTER RENTAL - WATERSKIS.LV","og_description":"Kayak WAVESPORT SCOOTER RENTAL. Waterskis.lv - buy, rent different types of kayaks and related equipment. Visit us.","og_url":"https:\/\/www.waterskis.lv\/en\/product\/sit-on-top-kayak-wavesport-scooter-rental\/","og_site_name":"WATERSKIS.LV","article_publisher":"https:\/\/www.facebook.com\/jurmalawaterskiwakeboardpark\/","article_modified_time":"2022-02-08T12:46:03+00:00","og_image":[{"width":1200,"height":546,"url":"https:\/\/www.waterskis.lv\/wp-content\/uploads\/2020\/02\/WA_2017_SCOOTER_Rental_Black-Ice-2.jpg","type":"image\/jpeg"}],"twitter_card":"summary_large_image","twitter_misc":{"Est. reading time":"1 minute"},"schema":{"@context":"https:\/\/schema.org","@graph":[{"@type":"WebPage","@id":"https:\/\/www.waterskis.lv\/en\/product\/sit-on-top-kayak-wavesport-scooter-rental\/","url":"https:\/\/www.waterskis.lv\/en\/product\/sit-on-top-kayak-wavesport-scooter-rental\/","name":"Kayak WAVESPORT SCOOTER RENTAL - WATERSKIS.LV","isPartOf":{"@id":"https:\/\/www.waterskis.lv\/en\/#website"},"primaryImageOfPage":{"@id":"https:\/\/www.waterskis.lv\/en\/product\/sit-on-top-kayak-wavesport-scooter-rental\/#primaryimage"},"image":{"@id":"https:\/\/www.waterskis.lv\/en\/product\/sit-on-top-kayak-wavesport-scooter-rental\/#primaryimage"},"thumbnailUrl":"https:\/\/www.waterskis.lv\/wp-content\/uploads\/2020\/02\/WA_2017_SCOOTER_Rental_Black-Ice-2.jpg","datePublished":"2020-02-02T09:59:06+00:00","dateModified":"2022-02-08T12:46:03+00:00","description":"Kayak WAVESPORT SCOOTER RENTAL. Waterskis.lv - buy, rent different types of kayaks and related equipment. Visit us.","breadcrumb":{"@id":"https:\/\/www.waterskis.lv\/en\/product\/sit-on-top-kayak-wavesport-scooter-rental\/#breadcrumb"},"inLanguage":"en-US","potentialAction":[{"@type":"ReadAction","target":["https:\/\/www.waterskis.lv\/en\/product\/sit-on-top-kayak-wavesport-scooter-rental\/"]}]},{"@type":"ImageObject","inLanguage":"en-US","@id":"https:\/\/www.waterskis.lv\/en\/product\/sit-on-top-kayak-wavesport-scooter-rental\/#primaryimage","url":"https:\/\/www.waterskis.lv\/wp-content\/uploads\/2020\/02\/WA_2017_SCOOTER_Rental_Black-Ice-2.jpg","contentUrl":"https:\/\/www.waterskis.lv\/wp-content\/uploads\/2020\/02\/WA_2017_SCOOTER_Rental_Black-Ice-2.jpg","width":1200,"height":546,"caption":"Sit On Top kayak WAVESPORT SCOOTER RENTAL"},{"@type":"BreadcrumbList","@id":"https:\/\/www.waterskis.lv\/en\/product\/sit-on-top-kayak-wavesport-scooter-rental\/#breadcrumb","itemListElement":[{"@type":"ListItem","position":1,"name":"Home","item":"https:\/\/www.waterskis.lv\/en\/"},{"@type":"ListItem","position":2,"name":"Shop","item":"https:\/\/waterskis.lv\/en\/shop\/"},{"@type":"ListItem","position":3,"name":"Kayak WAVESPORT SCOOTER RENTAL"}]},{"@type":"WebSite","@id":"https:\/\/www.waterskis.lv\/en\/#website","url":"https:\/\/www.waterskis.lv\/en\/","name":"WATERSKIS.LV","description":"SUP d\u0113\u013ci, kajaki, kanoe, airu laivas, \u016bdenssl\u0113po\u0161ana, veikbords, SUP d\u0113\u013cu noma, kajaku nomaakt\u012bv\u0101s atp\u016btas centrs, laivu noma, sup noma, kajaku noma","publisher":{"@id":"https:\/\/www.waterskis.lv\/en\/#organization"},"potentialAction":[{"@type":"SearchAction","target":{"@type":"EntryPoint","urlTemplate":"https:\/\/www.waterskis.lv\/en\/?s={search_term_string}"},"query-input":{"@type":"PropertyValueSpecification","valueRequired":true,"valueName":"search_term_string"}}],"inLanguage":"en-US"},{"@type":"Organization","@id":"https:\/\/www.waterskis.lv\/en\/#organization","name":"WATERSKIS.LV","url":"https:\/\/www.waterskis.lv\/en\/","logo":{"@type":"ImageObject","inLanguage":"en-US","@id":"https:\/\/www.waterskis.lv\/en\/#\/schema\/logo\/image\/","url":"https:\/\/www.waterskis.lv\/wp-content\/uploads\/2025\/01\/JUVP-logo.png","contentUrl":"https:\/\/www.waterskis.lv\/wp-content\/uploads\/2025\/01\/JUVP-logo.png","width":421,"height":202,"caption":"WATERSKIS.LV"},"image":{"@id":"https:\/\/www.waterskis.lv\/en\/#\/schema\/logo\/image\/"},"sameAs":["https:\/\/www.facebook.com\/jurmalawaterskiwakeboardpark\/"]}]}},"_links":{"self":[{"href":"https:\/\/www.waterskis.lv\/en\/wp-json\/wp\/v2\/product\/16116","targetHints":{"allow":["GET"]}}],"collection":[{"href":"https:\/\/www.waterskis.lv\/en\/wp-json\/wp\/v2\/product"}],"about":[{"href":"https:\/\/www.waterskis.lv\/en\/wp-json\/wp\/v2\/types\/product"}],"replies":[{"embeddable":true,"href":"https:\/\/www.waterskis.lv\/en\/wp-json\/wp\/v2\/comments?post=16116"}],"wp:featuredmedia":[{"embeddable":true,"href":"https:\/\/www.waterskis.lv\/en\/wp-json\/wp\/v2\/media\/14190"}],"wp:attachment":[{"href":"https:\/\/www.waterskis.lv\/en\/wp-json\/wp\/v2\/media?parent=16116"}],"wp:term":[{"taxonomy":"product_brand","embeddable":true,"href":"https:\/\/www.waterskis.lv\/en\/wp-json\/wp\/v2\/product_brand?post=16116"},{"taxonomy":"product_cat","embeddable":true,"href":"https:\/\/www.waterskis.lv\/en\/wp-json\/wp\/v2\/product_cat?post=16116"},{"taxonomy":"product_tag","embeddable":true,"href":"https:\/\/www.waterskis.lv\/en\/wp-json\/wp\/v2\/product_tag?post=16116"}],"curies":[{"name":"wp","href":"https:\/\/api.w.org\/{rel}","templated":true}]}}