{"id":16178,"date":"2020-02-02T20:37:06","date_gmt":"2020-02-02T17:37:06","guid":{"rendered":"https:\/\/www.waterskis.lv\/product\/sot-kajaks-pescador-10-0\/"},"modified":"2022-02-08T16:22:36","modified_gmt":"2022-02-08T13:22:36","slug":"sit-on-top-kayak-perception-pescador-10-0","status":"publish","type":"product","link":"https:\/\/www.waterskis.lv\/en\/product\/sit-on-top-kayak-perception-pescador-10-0\/","title":{"rendered":"Sit-on-top kayak PERCEPTION PESCADOR 10.0"},"content":{"rendered":"<div class=\"block_content1 rte active\">\n<p>Sit-on-top kayak PERCEPTION PESCADOR 10.0<\/p>\n<p>The most comfortable, easy to paddle kayak!<br \/>\nInspiration from the popular Pescador Pro and Pilot models drive the aesthetics of the new Pescador design, completing the cohesive look of the Pescador family. The new Pescador incorporates the features paddlers demand to enhance their recreational and fishing experiences. The rear storage area has been increased to accommodate popular fishing crate sizes, and molded-in rod holders provide a convenient location for quick staging. The new oval hinged hatch allows quick access to storage on the front of the boat, and the inclusion of two gear tracks and a Solo Mount recess allow recreational and angling paddlers to incorporate their favorite accessories quickly. The thick padded seating system with adjustable backrest, adjustable foot pegs, a higher capacity rating, and increased stability all contribute to making the Pescador the most comfortable kayak in the market at a great price.<\/p>\n<\/div>\n<p id=\"table-data\" class=\"page-product-heading\">DATA SHEET<\/p>\n<table class=\"block_content2 table-data-sheet\">\n<tbody>\n<tr class=\"odd\">\n<td>Type<\/td>\n<td>Sit-on-Top<\/td>\n<\/tr>\n<tr class=\"even\">\n<td>Length<\/td>\n<td>323 cm<\/td>\n<\/tr>\n<tr class=\"odd\">\n<td>Width<\/td>\n<td>81 cm<\/td>\n<\/tr>\n<tr class=\"even\">\n<td>Height<\/td>\n<td>36 cm<\/td>\n<\/tr>\n<tr class=\"odd\">\n<td>Weight<\/td>\n<td>26 kg<\/td>\n<\/tr>\n<tr class=\"even\">\n<td>Material<\/td>\n<td>HDPE<\/td>\n<\/tr>\n<tr class=\"odd\">\n<td>Number of persons<\/td>\n<td>1<\/td>\n<\/tr>\n<\/tbody>\n<\/table>\n<p>Colour: Moss camo, Red tiger camo, Sea spray, Sunset<\/p>\n<p>Sit-on-top kayak PERCEPTION PESCADOR 10.0<\/p>\n<p><iframe title=\"Pescador 10 2018 Model\" width=\"640\" height=\"360\" src=\"https:\/\/www.youtube.com\/embed\/y-WrC3wT87c?feature=oembed\" frameborder=\"0\" allow=\"accelerometer; autoplay; clipboard-write; encrypted-media; gyroscope; picture-in-picture; web-share\" referrerpolicy=\"strict-origin-when-cross-origin\" allowfullscreen><\/iframe><\/p>\n","protected":false},"excerpt":{"rendered":"<p>Sit-on-top kayak PERCEPTION PESCADOR 10.0 The most comfortable, easy to paddle kayak! Inspiration from the popular Pescador Pro and Pilot models drive the aesthetics of the new Pescador design, completing the cohesive look of the Pescador family. The new Pescador incorporates the features paddlers demand to enhance their recreational and fishing experiences. The rear storage [&#8230;]<\/p>\n<p><a class=\"btn btn-secondary understrap-read-more-link\" href=\"https:\/\/www.waterskis.lv\/en\/product\/sit-on-top-kayak-perception-pescador-10-0\/\">Read More&#8230;<\/a><\/p>\n","protected":false},"featured_media":14365,"comment_status":"closed","ping_status":"closed","template":"","meta":{"_acf_changed":false,"inline_featured_image":false},"product_brand":[],"product_cat":[507,535,528],"product_tag":[],"class_list":{"0":"post-16178","1":"product","2":"type-product","3":"status-publish","4":"has-post-thumbnail","6":"product_cat-kayaks","7":"product_cat-sot-kayaks","8":"product_cat-solo-sit-on-kayaks","10":"first","11":"instock","12":"shipping-taxable","13":"product-type-simple"},"acf":[],"yoast_head":"<!-- This site is optimized with the Yoast SEO plugin v27.3 - https:\/\/yoast.com\/product\/yoast-seo-wordpress\/ -->\n<title>Sit-on-top kayak PERCEPTION PESCADOR 10.0 - WATERSKIS.LV<\/title>\n<meta name=\"description\" content=\"Sit-on-top kayak PERCEPTION PESCADOR 10.0. Waterskis.lv - buy, rent different types of kayaks and related equipment. Visit us.\" \/>\n<meta name=\"robots\" content=\"index, follow, max-snippet:-1, max-image-preview:large, max-video-preview:-1\" \/>\n<link rel=\"canonical\" href=\"https:\/\/www.waterskis.lv\/en\/product\/sit-on-top-kayak-perception-pescador-10-0\/\" \/>\n<meta property=\"og:locale\" content=\"en_US\" \/>\n<meta property=\"og:type\" content=\"article\" \/>\n<meta property=\"og:title\" content=\"Sit-on-top kayak PERCEPTION PESCADOR 10.0 - WATERSKIS.LV\" \/>\n<meta property=\"og:description\" content=\"Sit-on-top kayak PERCEPTION PESCADOR 10.0. Waterskis.lv - buy, rent different types of kayaks and related equipment. Visit us.\" \/>\n<meta property=\"og:url\" content=\"https:\/\/www.waterskis.lv\/en\/product\/sit-on-top-kayak-perception-pescador-10-0\/\" \/>\n<meta property=\"og:site_name\" content=\"WATERSKIS.LV\" \/>\n<meta property=\"article:publisher\" content=\"https:\/\/www.facebook.com\/jurmalawaterskiwakeboardpark\/\" \/>\n<meta property=\"article:modified_time\" content=\"2022-02-08T13:22:36+00:00\" \/>\n<meta property=\"og:image\" content=\"https:\/\/www.waterskis.lv\/wp-content\/uploads\/2020\/02\/Pescador_10_Seaspray_Top.png\" \/>\n\t<meta property=\"og:image:width\" content=\"1192\" \/>\n\t<meta property=\"og:image:height\" content=\"930\" \/>\n\t<meta property=\"og:image:type\" content=\"image\/png\" \/>\n<meta name=\"twitter:card\" content=\"summary_large_image\" \/>\n<meta name=\"twitter:label1\" content=\"Est. reading time\" \/>\n\t<meta name=\"twitter:data1\" content=\"1 minute\" \/>\n<script type=\"application\/ld+json\" class=\"yoast-schema-graph\">{\"@context\":\"https:\\\/\\\/schema.org\",\"@graph\":[{\"@type\":\"WebPage\",\"@id\":\"https:\\\/\\\/www.waterskis.lv\\\/en\\\/product\\\/sit-on-top-kayak-perception-pescador-10-0\\\/\",\"url\":\"https:\\\/\\\/www.waterskis.lv\\\/en\\\/product\\\/sit-on-top-kayak-perception-pescador-10-0\\\/\",\"name\":\"Sit-on-top kayak PERCEPTION PESCADOR 10.0 - WATERSKIS.LV\",\"isPartOf\":{\"@id\":\"https:\\\/\\\/www.waterskis.lv\\\/en\\\/#website\"},\"primaryImageOfPage\":{\"@id\":\"https:\\\/\\\/www.waterskis.lv\\\/en\\\/product\\\/sit-on-top-kayak-perception-pescador-10-0\\\/#primaryimage\"},\"image\":{\"@id\":\"https:\\\/\\\/www.waterskis.lv\\\/en\\\/product\\\/sit-on-top-kayak-perception-pescador-10-0\\\/#primaryimage\"},\"thumbnailUrl\":\"https:\\\/\\\/www.waterskis.lv\\\/wp-content\\\/uploads\\\/2020\\\/02\\\/Pescador_10_Seaspray_Top.png\",\"datePublished\":\"2020-02-02T17:37:06+00:00\",\"dateModified\":\"2022-02-08T13:22:36+00:00\",\"description\":\"Sit-on-top kayak PERCEPTION PESCADOR 10.0. Waterskis.lv - buy, rent different types of kayaks and related equipment. Visit us.\",\"breadcrumb\":{\"@id\":\"https:\\\/\\\/www.waterskis.lv\\\/en\\\/product\\\/sit-on-top-kayak-perception-pescador-10-0\\\/#breadcrumb\"},\"inLanguage\":\"en-US\",\"potentialAction\":[{\"@type\":\"ReadAction\",\"target\":[\"https:\\\/\\\/www.waterskis.lv\\\/en\\\/product\\\/sit-on-top-kayak-perception-pescador-10-0\\\/\"]}]},{\"@type\":\"ImageObject\",\"inLanguage\":\"en-US\",\"@id\":\"https:\\\/\\\/www.waterskis.lv\\\/en\\\/product\\\/sit-on-top-kayak-perception-pescador-10-0\\\/#primaryimage\",\"url\":\"https:\\\/\\\/www.waterskis.lv\\\/wp-content\\\/uploads\\\/2020\\\/02\\\/Pescador_10_Seaspray_Top.png\",\"contentUrl\":\"https:\\\/\\\/www.waterskis.lv\\\/wp-content\\\/uploads\\\/2020\\\/02\\\/Pescador_10_Seaspray_Top.png\",\"width\":1192,\"height\":930,\"caption\":\"Sit-on-top kayak PERCEPTION PESCADOR 10.0\"},{\"@type\":\"BreadcrumbList\",\"@id\":\"https:\\\/\\\/www.waterskis.lv\\\/en\\\/product\\\/sit-on-top-kayak-perception-pescador-10-0\\\/#breadcrumb\",\"itemListElement\":[{\"@type\":\"ListItem\",\"position\":1,\"name\":\"Home\",\"item\":\"https:\\\/\\\/www.waterskis.lv\\\/en\\\/\"},{\"@type\":\"ListItem\",\"position\":2,\"name\":\"Shop\",\"item\":\"https:\\\/\\\/waterskis.lv\\\/en\\\/shop\\\/\"},{\"@type\":\"ListItem\",\"position\":3,\"name\":\"Private: Sit-on-top kayak PERCEPTION PESCADOR 10.0\"}]},{\"@type\":\"WebSite\",\"@id\":\"https:\\\/\\\/www.waterskis.lv\\\/en\\\/#website\",\"url\":\"https:\\\/\\\/www.waterskis.lv\\\/en\\\/\",\"name\":\"WATERSKIS.LV\",\"description\":\"SUP d\u0113\u013ci, kajaki, kanoe, airu laivas, \u016bdenssl\u0113po\u0161ana, veikbords, SUP d\u0113\u013cu noma, kajaku nomaakt\u012bv\u0101s atp\u016btas centrs, laivu noma, sup noma, kajaku noma\",\"publisher\":{\"@id\":\"https:\\\/\\\/www.waterskis.lv\\\/en\\\/#organization\"},\"potentialAction\":[{\"@type\":\"SearchAction\",\"target\":{\"@type\":\"EntryPoint\",\"urlTemplate\":\"https:\\\/\\\/www.waterskis.lv\\\/en\\\/?s={search_term_string}\"},\"query-input\":{\"@type\":\"PropertyValueSpecification\",\"valueRequired\":true,\"valueName\":\"search_term_string\"}}],\"inLanguage\":\"en-US\"},{\"@type\":\"Organization\",\"@id\":\"https:\\\/\\\/www.waterskis.lv\\\/en\\\/#organization\",\"name\":\"WATERSKIS.LV\",\"url\":\"https:\\\/\\\/www.waterskis.lv\\\/en\\\/\",\"logo\":{\"@type\":\"ImageObject\",\"inLanguage\":\"en-US\",\"@id\":\"https:\\\/\\\/www.waterskis.lv\\\/en\\\/#\\\/schema\\\/logo\\\/image\\\/\",\"url\":\"https:\\\/\\\/www.waterskis.lv\\\/wp-content\\\/uploads\\\/2025\\\/01\\\/JUVP-logo.png\",\"contentUrl\":\"https:\\\/\\\/www.waterskis.lv\\\/wp-content\\\/uploads\\\/2025\\\/01\\\/JUVP-logo.png\",\"width\":421,\"height\":202,\"caption\":\"WATERSKIS.LV\"},\"image\":{\"@id\":\"https:\\\/\\\/www.waterskis.lv\\\/en\\\/#\\\/schema\\\/logo\\\/image\\\/\"},\"sameAs\":[\"https:\\\/\\\/www.facebook.com\\\/jurmalawaterskiwakeboardpark\\\/\"]}]}<\/script>\n<!-- \/ Yoast SEO plugin. -->","yoast_head_json":{"title":"Sit-on-top kayak PERCEPTION PESCADOR 10.0 - WATERSKIS.LV","description":"Sit-on-top kayak PERCEPTION PESCADOR 10.0. Waterskis.lv - buy, rent different types of kayaks and related equipment. Visit us.","robots":{"index":"index","follow":"follow","max-snippet":"max-snippet:-1","max-image-preview":"max-image-preview:large","max-video-preview":"max-video-preview:-1"},"canonical":"https:\/\/www.waterskis.lv\/en\/product\/sit-on-top-kayak-perception-pescador-10-0\/","og_locale":"en_US","og_type":"article","og_title":"Sit-on-top kayak PERCEPTION PESCADOR 10.0 - WATERSKIS.LV","og_description":"Sit-on-top kayak PERCEPTION PESCADOR 10.0. Waterskis.lv - buy, rent different types of kayaks and related equipment. Visit us.","og_url":"https:\/\/www.waterskis.lv\/en\/product\/sit-on-top-kayak-perception-pescador-10-0\/","og_site_name":"WATERSKIS.LV","article_publisher":"https:\/\/www.facebook.com\/jurmalawaterskiwakeboardpark\/","article_modified_time":"2022-02-08T13:22:36+00:00","og_image":[{"width":1192,"height":930,"url":"https:\/\/www.waterskis.lv\/wp-content\/uploads\/2020\/02\/Pescador_10_Seaspray_Top.png","type":"image\/png"}],"twitter_card":"summary_large_image","twitter_misc":{"Est. reading time":"1 minute"},"schema":{"@context":"https:\/\/schema.org","@graph":[{"@type":"WebPage","@id":"https:\/\/www.waterskis.lv\/en\/product\/sit-on-top-kayak-perception-pescador-10-0\/","url":"https:\/\/www.waterskis.lv\/en\/product\/sit-on-top-kayak-perception-pescador-10-0\/","name":"Sit-on-top kayak PERCEPTION PESCADOR 10.0 - WATERSKIS.LV","isPartOf":{"@id":"https:\/\/www.waterskis.lv\/en\/#website"},"primaryImageOfPage":{"@id":"https:\/\/www.waterskis.lv\/en\/product\/sit-on-top-kayak-perception-pescador-10-0\/#primaryimage"},"image":{"@id":"https:\/\/www.waterskis.lv\/en\/product\/sit-on-top-kayak-perception-pescador-10-0\/#primaryimage"},"thumbnailUrl":"https:\/\/www.waterskis.lv\/wp-content\/uploads\/2020\/02\/Pescador_10_Seaspray_Top.png","datePublished":"2020-02-02T17:37:06+00:00","dateModified":"2022-02-08T13:22:36+00:00","description":"Sit-on-top kayak PERCEPTION PESCADOR 10.0. Waterskis.lv - buy, rent different types of kayaks and related equipment. Visit us.","breadcrumb":{"@id":"https:\/\/www.waterskis.lv\/en\/product\/sit-on-top-kayak-perception-pescador-10-0\/#breadcrumb"},"inLanguage":"en-US","potentialAction":[{"@type":"ReadAction","target":["https:\/\/www.waterskis.lv\/en\/product\/sit-on-top-kayak-perception-pescador-10-0\/"]}]},{"@type":"ImageObject","inLanguage":"en-US","@id":"https:\/\/www.waterskis.lv\/en\/product\/sit-on-top-kayak-perception-pescador-10-0\/#primaryimage","url":"https:\/\/www.waterskis.lv\/wp-content\/uploads\/2020\/02\/Pescador_10_Seaspray_Top.png","contentUrl":"https:\/\/www.waterskis.lv\/wp-content\/uploads\/2020\/02\/Pescador_10_Seaspray_Top.png","width":1192,"height":930,"caption":"Sit-on-top kayak PERCEPTION PESCADOR 10.0"},{"@type":"BreadcrumbList","@id":"https:\/\/www.waterskis.lv\/en\/product\/sit-on-top-kayak-perception-pescador-10-0\/#breadcrumb","itemListElement":[{"@type":"ListItem","position":1,"name":"Home","item":"https:\/\/www.waterskis.lv\/en\/"},{"@type":"ListItem","position":2,"name":"Shop","item":"https:\/\/waterskis.lv\/en\/shop\/"},{"@type":"ListItem","position":3,"name":"Private: Sit-on-top kayak PERCEPTION PESCADOR 10.0"}]},{"@type":"WebSite","@id":"https:\/\/www.waterskis.lv\/en\/#website","url":"https:\/\/www.waterskis.lv\/en\/","name":"WATERSKIS.LV","description":"SUP d\u0113\u013ci, kajaki, kanoe, airu laivas, \u016bdenssl\u0113po\u0161ana, veikbords, SUP d\u0113\u013cu noma, kajaku nomaakt\u012bv\u0101s atp\u016btas centrs, laivu noma, sup noma, kajaku noma","publisher":{"@id":"https:\/\/www.waterskis.lv\/en\/#organization"},"potentialAction":[{"@type":"SearchAction","target":{"@type":"EntryPoint","urlTemplate":"https:\/\/www.waterskis.lv\/en\/?s={search_term_string}"},"query-input":{"@type":"PropertyValueSpecification","valueRequired":true,"valueName":"search_term_string"}}],"inLanguage":"en-US"},{"@type":"Organization","@id":"https:\/\/www.waterskis.lv\/en\/#organization","name":"WATERSKIS.LV","url":"https:\/\/www.waterskis.lv\/en\/","logo":{"@type":"ImageObject","inLanguage":"en-US","@id":"https:\/\/www.waterskis.lv\/en\/#\/schema\/logo\/image\/","url":"https:\/\/www.waterskis.lv\/wp-content\/uploads\/2025\/01\/JUVP-logo.png","contentUrl":"https:\/\/www.waterskis.lv\/wp-content\/uploads\/2025\/01\/JUVP-logo.png","width":421,"height":202,"caption":"WATERSKIS.LV"},"image":{"@id":"https:\/\/www.waterskis.lv\/en\/#\/schema\/logo\/image\/"},"sameAs":["https:\/\/www.facebook.com\/jurmalawaterskiwakeboardpark\/"]}]}},"_links":{"self":[{"href":"https:\/\/www.waterskis.lv\/en\/wp-json\/wp\/v2\/product\/16178","targetHints":{"allow":["GET"]}}],"collection":[{"href":"https:\/\/www.waterskis.lv\/en\/wp-json\/wp\/v2\/product"}],"about":[{"href":"https:\/\/www.waterskis.lv\/en\/wp-json\/wp\/v2\/types\/product"}],"replies":[{"embeddable":true,"href":"https:\/\/www.waterskis.lv\/en\/wp-json\/wp\/v2\/comments?post=16178"}],"wp:featuredmedia":[{"embeddable":true,"href":"https:\/\/www.waterskis.lv\/en\/wp-json\/wp\/v2\/media\/14365"}],"wp:attachment":[{"href":"https:\/\/www.waterskis.lv\/en\/wp-json\/wp\/v2\/media?parent=16178"}],"wp:term":[{"taxonomy":"product_brand","embeddable":true,"href":"https:\/\/www.waterskis.lv\/en\/wp-json\/wp\/v2\/product_brand?post=16178"},{"taxonomy":"product_cat","embeddable":true,"href":"https:\/\/www.waterskis.lv\/en\/wp-json\/wp\/v2\/product_cat?post=16178"},{"taxonomy":"product_tag","embeddable":true,"href":"https:\/\/www.waterskis.lv\/en\/wp-json\/wp\/v2\/product_tag?post=16178"}],"curies":[{"name":"wp","href":"https:\/\/api.w.org\/{rel}","templated":true}]}}