{"id":16192,"date":"2020-01-27T09:58:34","date_gmt":"2020-01-27T06:58:34","guid":{"rendered":"https:\/\/www.waterskis.lv\/product\/makskernieku-kajaks-pescador-pilot-12-0\/"},"modified":"2022-02-14T15:18:51","modified_gmt":"2022-02-14T12:18:51","slug":"pedal-powered-fishing-kayak-perception-pescador-pilot-12-0","status":"publish","type":"product","link":"https:\/\/www.waterskis.lv\/en\/product\/pedal-powered-fishing-kayak-perception-pescador-pilot-12-0\/","title":{"rendered":"Pedal kayak PERCEPTION PESCADOR Pilot 12.0"},"content":{"rendered":"<div class=\"block_content1 rte active\">\n<p>Pedal kayak PERCEPTION PESCADOR Pilot 12.0<\/p>\n<p>Pedal-Driven Performance at an Unbelievable Price<br \/>\nMeet the newest member of Perception\u2019s renowned Pescador family. The Pescador Pilot is an affordable sit-on-top kayak packed to the gills with fishing features and complete with the included Pilot Drive pedal drive system. The Pilot Drive is performance-engineered to achieve the perfect balance of simplicity and ingenuity, and is ergonomically optimized for all-day hands-free fishing. Outfitted with a Captain\u2019s Chair with on-the-fly adjustable gear tracks and tension knobs, four molded-in rod holders, two YakAttack accessory tracks, a transducer scupper, and two storage consoles for mounting electronics. The best feature? A price that propels the Pescador Pilot into a class all its own.<\/p>\n<\/div>\n<p id=\"table-data\" class=\"page-product-heading\">DATA SHEET<\/p>\n<table class=\"block_content2 table-data-sheet\">\n<tbody>\n<tr class=\"odd\">\n<td>Type<\/td>\n<td>Fishing<\/td>\n<\/tr>\n<tr class=\"even\">\n<td>Length<\/td>\n<td>381 cm<\/td>\n<\/tr>\n<tr class=\"odd\">\n<td>Width<\/td>\n<td>86 cm<\/td>\n<\/tr>\n<tr class=\"even\">\n<td>Height<\/td>\n<td>41 cm<\/td>\n<\/tr>\n<tr class=\"odd\">\n<td>Weight<\/td>\n<td>38 kg<\/td>\n<\/tr>\n<tr class=\"even\">\n<td>Material<\/td>\n<td>HDPE<\/td>\n<\/tr>\n<tr class=\"odd\">\n<td>Number of persons<\/td>\n<td>1<\/td>\n<\/tr>\n<tr class=\"even\">\n<td>Capacity<\/td>\n<td>170 kg<\/td>\n<\/tr>\n<tr class=\"odd\">\n<td>Country of origin<\/td>\n<td>United Kingdom<\/td>\n<\/tr>\n<\/tbody>\n<\/table>\n<p>&nbsp;<\/p>\n<p>Pedal kayak PERCEPTION PESCADOR Pilot 12.0<\/p>\n","protected":false},"excerpt":{"rendered":"<p>https:\/\/www.youtube.com\/watch?v=BDoxk2aPbQ0<\/p>\n<p>https:\/\/www.youtube.com\/watch?v=Se-zy5O65AA [&#8230;]<\/p>\n<p><a class=\"btn btn-secondary understrap-read-more-link\" href=\"https:\/\/www.waterskis.lv\/en\/product\/pedal-powered-fishing-kayak-perception-pescador-pilot-12-0\/\">Read More&#8230;<\/a><\/p>\n","protected":false},"featured_media":13593,"comment_status":"closed","ping_status":"closed","template":"","meta":{"_acf_changed":false,"inline_featured_image":false},"product_brand":[],"product_cat":[532,680,681,535,528],"product_tag":[],"class_list":{"0":"post-16192","1":"product","2":"type-product","3":"status-publish","4":"has-post-thumbnail","6":"product_cat-fishing-kayaks","7":"product_cat-fishing-kayaks-en","8":"product_cat-pedal-driven-fishing-kayaks","9":"product_cat-sot-kayaks","10":"product_cat-solo-sit-on-kayaks","12":"first","13":"instock","14":"shipping-taxable","15":"product-type-simple"},"acf":[],"yoast_head":"<!-- This site is optimized with the Yoast SEO plugin v27.3 - https:\/\/yoast.com\/product\/yoast-seo-wordpress\/ -->\n<title>Pedal kayak PERCEPTION PESCADOR Pilot 12.0 - WATERSKIS.LV<\/title>\n<meta name=\"description\" content=\"Pedal powered fishing kayak PERCEPTION PESCADOR Pilot 12.0 Paddle boat sale and rental for recreation and fishing\" \/>\n<meta name=\"robots\" content=\"index, follow, max-snippet:-1, max-image-preview:large, max-video-preview:-1\" \/>\n<link rel=\"canonical\" href=\"https:\/\/www.waterskis.lv\/en\/product\/pedal-powered-fishing-kayak-perception-pescador-pilot-12-0\/\" \/>\n<meta property=\"og:locale\" content=\"en_US\" \/>\n<meta property=\"og:type\" content=\"article\" \/>\n<meta property=\"og:title\" content=\"Pedal kayak PERCEPTION PESCADOR Pilot 12.0 - WATERSKIS.LV\" \/>\n<meta property=\"og:description\" content=\"Pedal powered fishing kayak PERCEPTION PESCADOR Pilot 12.0 Paddle boat sale and rental for recreation and fishing\" \/>\n<meta property=\"og:url\" content=\"https:\/\/www.waterskis.lv\/en\/product\/pedal-powered-fishing-kayak-perception-pescador-pilot-12-0\/\" \/>\n<meta property=\"og:site_name\" content=\"WATERSKIS.LV\" \/>\n<meta property=\"article:publisher\" content=\"https:\/\/www.facebook.com\/jurmalawaterskiwakeboardpark\/\" \/>\n<meta property=\"article:modified_time\" content=\"2022-02-14T12:18:51+00:00\" \/>\n<meta property=\"og:image\" content=\"https:\/\/www.waterskis.lv\/wp-content\/uploads\/2020\/01\/Pescador_Pilot_120_MossCamo_Top.png\" \/>\n\t<meta property=\"og:image:width\" content=\"1230\" \/>\n\t<meta property=\"og:image:height\" content=\"930\" \/>\n\t<meta property=\"og:image:type\" content=\"image\/png\" \/>\n<meta name=\"twitter:card\" content=\"summary_large_image\" \/>\n<meta name=\"twitter:label1\" content=\"Est. reading time\" \/>\n\t<meta name=\"twitter:data1\" content=\"1 minute\" \/>\n<script type=\"application\/ld+json\" class=\"yoast-schema-graph\">{\"@context\":\"https:\\\/\\\/schema.org\",\"@graph\":[{\"@type\":\"WebPage\",\"@id\":\"https:\\\/\\\/www.waterskis.lv\\\/en\\\/product\\\/pedal-powered-fishing-kayak-perception-pescador-pilot-12-0\\\/\",\"url\":\"https:\\\/\\\/www.waterskis.lv\\\/en\\\/product\\\/pedal-powered-fishing-kayak-perception-pescador-pilot-12-0\\\/\",\"name\":\"Pedal kayak PERCEPTION PESCADOR Pilot 12.0 - WATERSKIS.LV\",\"isPartOf\":{\"@id\":\"https:\\\/\\\/www.waterskis.lv\\\/en\\\/#website\"},\"primaryImageOfPage\":{\"@id\":\"https:\\\/\\\/www.waterskis.lv\\\/en\\\/product\\\/pedal-powered-fishing-kayak-perception-pescador-pilot-12-0\\\/#primaryimage\"},\"image\":{\"@id\":\"https:\\\/\\\/www.waterskis.lv\\\/en\\\/product\\\/pedal-powered-fishing-kayak-perception-pescador-pilot-12-0\\\/#primaryimage\"},\"thumbnailUrl\":\"https:\\\/\\\/www.waterskis.lv\\\/wp-content\\\/uploads\\\/2020\\\/01\\\/Pescador_Pilot_120_MossCamo_Top.png\",\"datePublished\":\"2020-01-27T06:58:34+00:00\",\"dateModified\":\"2022-02-14T12:18:51+00:00\",\"description\":\"Pedal powered fishing kayak PERCEPTION PESCADOR Pilot 12.0 Paddle boat sale and rental for recreation and fishing\",\"breadcrumb\":{\"@id\":\"https:\\\/\\\/www.waterskis.lv\\\/en\\\/product\\\/pedal-powered-fishing-kayak-perception-pescador-pilot-12-0\\\/#breadcrumb\"},\"inLanguage\":\"en-US\",\"potentialAction\":[{\"@type\":\"ReadAction\",\"target\":[\"https:\\\/\\\/www.waterskis.lv\\\/en\\\/product\\\/pedal-powered-fishing-kayak-perception-pescador-pilot-12-0\\\/\"]}]},{\"@type\":\"ImageObject\",\"inLanguage\":\"en-US\",\"@id\":\"https:\\\/\\\/www.waterskis.lv\\\/en\\\/product\\\/pedal-powered-fishing-kayak-perception-pescador-pilot-12-0\\\/#primaryimage\",\"url\":\"https:\\\/\\\/www.waterskis.lv\\\/wp-content\\\/uploads\\\/2020\\\/01\\\/Pescador_Pilot_120_MossCamo_Top.png\",\"contentUrl\":\"https:\\\/\\\/www.waterskis.lv\\\/wp-content\\\/uploads\\\/2020\\\/01\\\/Pescador_Pilot_120_MossCamo_Top.png\",\"width\":1230,\"height\":930,\"caption\":\"Pedal powered fishing kayak PERCEPTION PESCADOR Pilot 12.0\"},{\"@type\":\"BreadcrumbList\",\"@id\":\"https:\\\/\\\/www.waterskis.lv\\\/en\\\/product\\\/pedal-powered-fishing-kayak-perception-pescador-pilot-12-0\\\/#breadcrumb\",\"itemListElement\":[{\"@type\":\"ListItem\",\"position\":1,\"name\":\"Home\",\"item\":\"https:\\\/\\\/www.waterskis.lv\\\/en\\\/\"},{\"@type\":\"ListItem\",\"position\":2,\"name\":\"Shop\",\"item\":\"https:\\\/\\\/waterskis.lv\\\/en\\\/shop\\\/\"},{\"@type\":\"ListItem\",\"position\":3,\"name\":\"Private: Pedal kayak PERCEPTION PESCADOR Pilot 12.0\"}]},{\"@type\":\"WebSite\",\"@id\":\"https:\\\/\\\/www.waterskis.lv\\\/en\\\/#website\",\"url\":\"https:\\\/\\\/www.waterskis.lv\\\/en\\\/\",\"name\":\"WATERSKIS.LV\",\"description\":\"SUP d\u0113\u013ci, kajaki, kanoe, airu laivas, \u016bdenssl\u0113po\u0161ana, veikbords, SUP d\u0113\u013cu noma, kajaku nomaakt\u012bv\u0101s atp\u016btas centrs, laivu noma, sup noma, kajaku noma\",\"publisher\":{\"@id\":\"https:\\\/\\\/www.waterskis.lv\\\/en\\\/#organization\"},\"potentialAction\":[{\"@type\":\"SearchAction\",\"target\":{\"@type\":\"EntryPoint\",\"urlTemplate\":\"https:\\\/\\\/www.waterskis.lv\\\/en\\\/?s={search_term_string}\"},\"query-input\":{\"@type\":\"PropertyValueSpecification\",\"valueRequired\":true,\"valueName\":\"search_term_string\"}}],\"inLanguage\":\"en-US\"},{\"@type\":\"Organization\",\"@id\":\"https:\\\/\\\/www.waterskis.lv\\\/en\\\/#organization\",\"name\":\"WATERSKIS.LV\",\"url\":\"https:\\\/\\\/www.waterskis.lv\\\/en\\\/\",\"logo\":{\"@type\":\"ImageObject\",\"inLanguage\":\"en-US\",\"@id\":\"https:\\\/\\\/www.waterskis.lv\\\/en\\\/#\\\/schema\\\/logo\\\/image\\\/\",\"url\":\"https:\\\/\\\/www.waterskis.lv\\\/wp-content\\\/uploads\\\/2025\\\/01\\\/JUVP-logo.png\",\"contentUrl\":\"https:\\\/\\\/www.waterskis.lv\\\/wp-content\\\/uploads\\\/2025\\\/01\\\/JUVP-logo.png\",\"width\":421,\"height\":202,\"caption\":\"WATERSKIS.LV\"},\"image\":{\"@id\":\"https:\\\/\\\/www.waterskis.lv\\\/en\\\/#\\\/schema\\\/logo\\\/image\\\/\"},\"sameAs\":[\"https:\\\/\\\/www.facebook.com\\\/jurmalawaterskiwakeboardpark\\\/\"]}]}<\/script>\n<!-- \/ Yoast SEO plugin. -->","yoast_head_json":{"title":"Pedal kayak PERCEPTION PESCADOR Pilot 12.0 - WATERSKIS.LV","description":"Pedal powered fishing kayak PERCEPTION PESCADOR Pilot 12.0 Paddle boat sale and rental for recreation and fishing","robots":{"index":"index","follow":"follow","max-snippet":"max-snippet:-1","max-image-preview":"max-image-preview:large","max-video-preview":"max-video-preview:-1"},"canonical":"https:\/\/www.waterskis.lv\/en\/product\/pedal-powered-fishing-kayak-perception-pescador-pilot-12-0\/","og_locale":"en_US","og_type":"article","og_title":"Pedal kayak PERCEPTION PESCADOR Pilot 12.0 - WATERSKIS.LV","og_description":"Pedal powered fishing kayak PERCEPTION PESCADOR Pilot 12.0 Paddle boat sale and rental for recreation and fishing","og_url":"https:\/\/www.waterskis.lv\/en\/product\/pedal-powered-fishing-kayak-perception-pescador-pilot-12-0\/","og_site_name":"WATERSKIS.LV","article_publisher":"https:\/\/www.facebook.com\/jurmalawaterskiwakeboardpark\/","article_modified_time":"2022-02-14T12:18:51+00:00","og_image":[{"width":1230,"height":930,"url":"https:\/\/www.waterskis.lv\/wp-content\/uploads\/2020\/01\/Pescador_Pilot_120_MossCamo_Top.png","type":"image\/png"}],"twitter_card":"summary_large_image","twitter_misc":{"Est. reading time":"1 minute"},"schema":{"@context":"https:\/\/schema.org","@graph":[{"@type":"WebPage","@id":"https:\/\/www.waterskis.lv\/en\/product\/pedal-powered-fishing-kayak-perception-pescador-pilot-12-0\/","url":"https:\/\/www.waterskis.lv\/en\/product\/pedal-powered-fishing-kayak-perception-pescador-pilot-12-0\/","name":"Pedal kayak PERCEPTION PESCADOR Pilot 12.0 - WATERSKIS.LV","isPartOf":{"@id":"https:\/\/www.waterskis.lv\/en\/#website"},"primaryImageOfPage":{"@id":"https:\/\/www.waterskis.lv\/en\/product\/pedal-powered-fishing-kayak-perception-pescador-pilot-12-0\/#primaryimage"},"image":{"@id":"https:\/\/www.waterskis.lv\/en\/product\/pedal-powered-fishing-kayak-perception-pescador-pilot-12-0\/#primaryimage"},"thumbnailUrl":"https:\/\/www.waterskis.lv\/wp-content\/uploads\/2020\/01\/Pescador_Pilot_120_MossCamo_Top.png","datePublished":"2020-01-27T06:58:34+00:00","dateModified":"2022-02-14T12:18:51+00:00","description":"Pedal powered fishing kayak PERCEPTION PESCADOR Pilot 12.0 Paddle boat sale and rental for recreation and fishing","breadcrumb":{"@id":"https:\/\/www.waterskis.lv\/en\/product\/pedal-powered-fishing-kayak-perception-pescador-pilot-12-0\/#breadcrumb"},"inLanguage":"en-US","potentialAction":[{"@type":"ReadAction","target":["https:\/\/www.waterskis.lv\/en\/product\/pedal-powered-fishing-kayak-perception-pescador-pilot-12-0\/"]}]},{"@type":"ImageObject","inLanguage":"en-US","@id":"https:\/\/www.waterskis.lv\/en\/product\/pedal-powered-fishing-kayak-perception-pescador-pilot-12-0\/#primaryimage","url":"https:\/\/www.waterskis.lv\/wp-content\/uploads\/2020\/01\/Pescador_Pilot_120_MossCamo_Top.png","contentUrl":"https:\/\/www.waterskis.lv\/wp-content\/uploads\/2020\/01\/Pescador_Pilot_120_MossCamo_Top.png","width":1230,"height":930,"caption":"Pedal powered fishing kayak PERCEPTION PESCADOR Pilot 12.0"},{"@type":"BreadcrumbList","@id":"https:\/\/www.waterskis.lv\/en\/product\/pedal-powered-fishing-kayak-perception-pescador-pilot-12-0\/#breadcrumb","itemListElement":[{"@type":"ListItem","position":1,"name":"Home","item":"https:\/\/www.waterskis.lv\/en\/"},{"@type":"ListItem","position":2,"name":"Shop","item":"https:\/\/waterskis.lv\/en\/shop\/"},{"@type":"ListItem","position":3,"name":"Private: Pedal kayak PERCEPTION PESCADOR Pilot 12.0"}]},{"@type":"WebSite","@id":"https:\/\/www.waterskis.lv\/en\/#website","url":"https:\/\/www.waterskis.lv\/en\/","name":"WATERSKIS.LV","description":"SUP d\u0113\u013ci, kajaki, kanoe, airu laivas, \u016bdenssl\u0113po\u0161ana, veikbords, SUP d\u0113\u013cu noma, kajaku nomaakt\u012bv\u0101s atp\u016btas centrs, laivu noma, sup noma, kajaku noma","publisher":{"@id":"https:\/\/www.waterskis.lv\/en\/#organization"},"potentialAction":[{"@type":"SearchAction","target":{"@type":"EntryPoint","urlTemplate":"https:\/\/www.waterskis.lv\/en\/?s={search_term_string}"},"query-input":{"@type":"PropertyValueSpecification","valueRequired":true,"valueName":"search_term_string"}}],"inLanguage":"en-US"},{"@type":"Organization","@id":"https:\/\/www.waterskis.lv\/en\/#organization","name":"WATERSKIS.LV","url":"https:\/\/www.waterskis.lv\/en\/","logo":{"@type":"ImageObject","inLanguage":"en-US","@id":"https:\/\/www.waterskis.lv\/en\/#\/schema\/logo\/image\/","url":"https:\/\/www.waterskis.lv\/wp-content\/uploads\/2025\/01\/JUVP-logo.png","contentUrl":"https:\/\/www.waterskis.lv\/wp-content\/uploads\/2025\/01\/JUVP-logo.png","width":421,"height":202,"caption":"WATERSKIS.LV"},"image":{"@id":"https:\/\/www.waterskis.lv\/en\/#\/schema\/logo\/image\/"},"sameAs":["https:\/\/www.facebook.com\/jurmalawaterskiwakeboardpark\/"]}]}},"_links":{"self":[{"href":"https:\/\/www.waterskis.lv\/en\/wp-json\/wp\/v2\/product\/16192","targetHints":{"allow":["GET"]}}],"collection":[{"href":"https:\/\/www.waterskis.lv\/en\/wp-json\/wp\/v2\/product"}],"about":[{"href":"https:\/\/www.waterskis.lv\/en\/wp-json\/wp\/v2\/types\/product"}],"replies":[{"embeddable":true,"href":"https:\/\/www.waterskis.lv\/en\/wp-json\/wp\/v2\/comments?post=16192"}],"wp:featuredmedia":[{"embeddable":true,"href":"https:\/\/www.waterskis.lv\/en\/wp-json\/wp\/v2\/media\/13593"}],"wp:attachment":[{"href":"https:\/\/www.waterskis.lv\/en\/wp-json\/wp\/v2\/media?parent=16192"}],"wp:term":[{"taxonomy":"product_brand","embeddable":true,"href":"https:\/\/www.waterskis.lv\/en\/wp-json\/wp\/v2\/product_brand?post=16192"},{"taxonomy":"product_cat","embeddable":true,"href":"https:\/\/www.waterskis.lv\/en\/wp-json\/wp\/v2\/product_cat?post=16192"},{"taxonomy":"product_tag","embeddable":true,"href":"https:\/\/www.waterskis.lv\/en\/wp-json\/wp\/v2\/product_tag?post=16192"}],"curies":[{"name":"wp","href":"https:\/\/api.w.org\/{rel}","templated":true}]}}