{"id":16267,"date":"2020-01-26T21:00:21","date_gmt":"2020-01-26T18:00:21","guid":{"rendered":"https:\/\/www.waterskis.lv\/product\/makskernieku-kajaks-moken-12-5\/"},"modified":"2022-02-10T13:55:37","modified_gmt":"2022-02-10T10:55:37","slug":"makskernieku-kajaks-angler-kayak-moken-12-5","status":"publish","type":"product","link":"https:\/\/www.waterskis.lv\/en\/product\/makskernieku-kajaks-angler-kayak-moken-12-5\/","title":{"rendered":"Angler kayak MOKEN 12.5"},"content":{"rendered":"<p>Angler kayak MOKEN 12.5<\/p>\n<p>Svars: 30 kg<\/p>\n<p>Izm\u0113ri: 385 x 82 cm<\/p>\n<p>Kravnes\u012bba: 190 kg<\/p>\n<p>Tips: Sit-on-Top<\/p>\n<p>Materi\u0101ls: HDPE ( high &#8211; density polyethylene ) augsta bl\u012bvuma polietil\u0113ns<\/p>\n<p>Ra\u017eot\u0101js: FeelFree<\/p>\n<p>Vietu skaits: 1<\/p>\n<p>Kr\u0101sa: Forest Camo, Desert Camo, Lime Camo, Navy Camo, Sunrise Camo, Winter camo<\/p>\n<p>Vid\u0113j\u0101 izm\u0113ra Moken 12.5 versija ir apr\u012bkota ar jauno Uni-Track stiprin\u0101jumu sist\u0113mu mak\u0161\u0137er\u0113\u0161anai un citu nepiecie\u0161amo apr\u012bkojumu. Pateicoties ieb\u016bv\u0113tajam transporta ritenim, Moken 12.5 p\u0101rvad\u0101\u0161ana vienm\u0113r b\u016bs k\u0101 viegla pastaiga. Vai nevarat izlemt, kur\u0161 kajaks jums ir piem\u0113rots? Moken 12.5 &#8211; ide\u0101la izv\u0113le. Visaptvero\u0161s ku\u0123is mak\u0161\u0137er\u0113\u0161anai \u013coti da\u017e\u0101dos apst\u0101k\u013cos.<\/p>\n<p>Angler kayak MOKEN 12.5<\/p>\n<p><iframe title=\"Moken 12.5 Fishing Kayak - Overview\" width=\"640\" height=\"360\" src=\"https:\/\/www.youtube.com\/embed\/QCx0O4Hlz9I?feature=oembed\" frameborder=\"0\" allow=\"accelerometer; autoplay; clipboard-write; encrypted-media; gyroscope; picture-in-picture; web-share\" referrerpolicy=\"strict-origin-when-cross-origin\" allowfullscreen><\/iframe><\/p>\n","protected":false},"excerpt":{"rendered":"<p>Angler kayak MOKEN 12.5 Svars: 30 kg Izm\u0113ri: 385 x 82 cm Kravnes\u012bba: 190 kg Tips: Sit-on-Top Materi\u0101ls: HDPE ( high &#8211; density polyethylene ) augsta bl\u012bvuma polietil\u0113ns Ra\u017eot\u0101js: FeelFree Vietu skaits: 1 Kr\u0101sa: Forest Camo, Desert Camo, Lime Camo, Navy Camo, Sunrise Camo, Winter camo Vid\u0113j\u0101 izm\u0113ra Moken 12.5 versija ir apr\u012bkota ar jauno [&#8230;]<\/p>\n<p><a class=\"btn btn-secondary understrap-read-more-link\" href=\"https:\/\/www.waterskis.lv\/en\/product\/makskernieku-kajaks-angler-kayak-moken-12-5\/\">Read More&#8230;<\/a><\/p>\n","protected":false},"featured_media":13518,"comment_status":"closed","ping_status":"closed","template":"","meta":{"_acf_changed":false,"inline_featured_image":false},"product_brand":[],"product_cat":[532,680],"product_tag":[],"class_list":{"0":"post-16267","1":"product","2":"type-product","3":"status-publish","4":"has-post-thumbnail","6":"product_cat-fishing-kayaks","7":"product_cat-fishing-kayaks-en","9":"first","10":"instock","11":"shipping-taxable","12":"product-type-simple"},"acf":[],"yoast_head":"<!-- This site is optimized with the Yoast SEO plugin v27.3 - https:\/\/yoast.com\/product\/yoast-seo-wordpress\/ -->\n<title>Angler kayak MOKEN 12.5 - WATERSKIS.LV<\/title>\n<meta name=\"description\" content=\"Angler kayak MOKEN 12.5. Waterskis.lv - established manufacturers, high quality, good price. Boat rental in Jurmala\" \/>\n<meta name=\"robots\" content=\"index, follow, max-snippet:-1, max-image-preview:large, max-video-preview:-1\" \/>\n<link rel=\"canonical\" href=\"https:\/\/www.waterskis.lv\/en\/product\/makskernieku-kajaks-angler-kayak-moken-12-5\/\" \/>\n<meta property=\"og:locale\" content=\"en_US\" \/>\n<meta property=\"og:type\" content=\"article\" \/>\n<meta property=\"og:title\" content=\"Angler kayak MOKEN 12.5 - WATERSKIS.LV\" \/>\n<meta property=\"og:description\" content=\"Angler kayak MOKEN 12.5. Waterskis.lv - established manufacturers, high quality, good price. Boat rental in Jurmala\" \/>\n<meta property=\"og:url\" content=\"https:\/\/www.waterskis.lv\/en\/product\/makskernieku-kajaks-angler-kayak-moken-12-5\/\" \/>\n<meta property=\"og:site_name\" content=\"WATERSKIS.LV\" \/>\n<meta property=\"article:publisher\" content=\"https:\/\/www.facebook.com\/jurmalawaterskiwakeboardpark\/\" \/>\n<meta property=\"article:modified_time\" content=\"2022-02-10T10:55:37+00:00\" \/>\n<meta property=\"og:image\" content=\"https:\/\/www.waterskis.lv\/wp-content\/uploads\/2020\/01\/MOKEN_12.5_541db8592b628.png\" \/>\n\t<meta property=\"og:image:width\" content=\"415\" \/>\n\t<meta property=\"og:image:height\" content=\"138\" \/>\n\t<meta property=\"og:image:type\" content=\"image\/png\" \/>\n<meta name=\"twitter:card\" content=\"summary_large_image\" \/>\n<meta name=\"twitter:label1\" content=\"Est. reading time\" \/>\n\t<meta name=\"twitter:data1\" content=\"1 minute\" \/>\n<script type=\"application\/ld+json\" class=\"yoast-schema-graph\">{\"@context\":\"https:\\\/\\\/schema.org\",\"@graph\":[{\"@type\":\"WebPage\",\"@id\":\"https:\\\/\\\/www.waterskis.lv\\\/en\\\/product\\\/makskernieku-kajaks-angler-kayak-moken-12-5\\\/\",\"url\":\"https:\\\/\\\/www.waterskis.lv\\\/en\\\/product\\\/makskernieku-kajaks-angler-kayak-moken-12-5\\\/\",\"name\":\"Angler kayak MOKEN 12.5 - WATERSKIS.LV\",\"isPartOf\":{\"@id\":\"https:\\\/\\\/www.waterskis.lv\\\/en\\\/#website\"},\"primaryImageOfPage\":{\"@id\":\"https:\\\/\\\/www.waterskis.lv\\\/en\\\/product\\\/makskernieku-kajaks-angler-kayak-moken-12-5\\\/#primaryimage\"},\"image\":{\"@id\":\"https:\\\/\\\/www.waterskis.lv\\\/en\\\/product\\\/makskernieku-kajaks-angler-kayak-moken-12-5\\\/#primaryimage\"},\"thumbnailUrl\":\"https:\\\/\\\/www.waterskis.lv\\\/wp-content\\\/uploads\\\/2020\\\/01\\\/MOKEN_12.5_541db8592b628.png\",\"datePublished\":\"2020-01-26T18:00:21+00:00\",\"dateModified\":\"2022-02-10T10:55:37+00:00\",\"description\":\"Angler kayak MOKEN 12.5. Waterskis.lv - established manufacturers, high quality, good price. Boat rental in Jurmala\",\"breadcrumb\":{\"@id\":\"https:\\\/\\\/www.waterskis.lv\\\/en\\\/product\\\/makskernieku-kajaks-angler-kayak-moken-12-5\\\/#breadcrumb\"},\"inLanguage\":\"en-US\",\"potentialAction\":[{\"@type\":\"ReadAction\",\"target\":[\"https:\\\/\\\/www.waterskis.lv\\\/en\\\/product\\\/makskernieku-kajaks-angler-kayak-moken-12-5\\\/\"]}]},{\"@type\":\"ImageObject\",\"inLanguage\":\"en-US\",\"@id\":\"https:\\\/\\\/www.waterskis.lv\\\/en\\\/product\\\/makskernieku-kajaks-angler-kayak-moken-12-5\\\/#primaryimage\",\"url\":\"https:\\\/\\\/www.waterskis.lv\\\/wp-content\\\/uploads\\\/2020\\\/01\\\/MOKEN_12.5_541db8592b628.png\",\"contentUrl\":\"https:\\\/\\\/www.waterskis.lv\\\/wp-content\\\/uploads\\\/2020\\\/01\\\/MOKEN_12.5_541db8592b628.png\",\"width\":415,\"height\":138,\"caption\":\"Angler kayak MOKEN 12.5\"},{\"@type\":\"BreadcrumbList\",\"@id\":\"https:\\\/\\\/www.waterskis.lv\\\/en\\\/product\\\/makskernieku-kajaks-angler-kayak-moken-12-5\\\/#breadcrumb\",\"itemListElement\":[{\"@type\":\"ListItem\",\"position\":1,\"name\":\"Home\",\"item\":\"https:\\\/\\\/www.waterskis.lv\\\/en\\\/\"},{\"@type\":\"ListItem\",\"position\":2,\"name\":\"Shop\",\"item\":\"https:\\\/\\\/waterskis.lv\\\/en\\\/shop\\\/\"},{\"@type\":\"ListItem\",\"position\":3,\"name\":\"Private: Angler kayak MOKEN 12.5\"}]},{\"@type\":\"WebSite\",\"@id\":\"https:\\\/\\\/www.waterskis.lv\\\/en\\\/#website\",\"url\":\"https:\\\/\\\/www.waterskis.lv\\\/en\\\/\",\"name\":\"WATERSKIS.LV\",\"description\":\"SUP d\u0113\u013ci, kajaki, kanoe, airu laivas, \u016bdenssl\u0113po\u0161ana, veikbords, SUP d\u0113\u013cu noma, kajaku nomaakt\u012bv\u0101s atp\u016btas centrs, laivu noma, sup noma, kajaku noma\",\"publisher\":{\"@id\":\"https:\\\/\\\/www.waterskis.lv\\\/en\\\/#organization\"},\"potentialAction\":[{\"@type\":\"SearchAction\",\"target\":{\"@type\":\"EntryPoint\",\"urlTemplate\":\"https:\\\/\\\/www.waterskis.lv\\\/en\\\/?s={search_term_string}\"},\"query-input\":{\"@type\":\"PropertyValueSpecification\",\"valueRequired\":true,\"valueName\":\"search_term_string\"}}],\"inLanguage\":\"en-US\"},{\"@type\":\"Organization\",\"@id\":\"https:\\\/\\\/www.waterskis.lv\\\/en\\\/#organization\",\"name\":\"WATERSKIS.LV\",\"url\":\"https:\\\/\\\/www.waterskis.lv\\\/en\\\/\",\"logo\":{\"@type\":\"ImageObject\",\"inLanguage\":\"en-US\",\"@id\":\"https:\\\/\\\/www.waterskis.lv\\\/en\\\/#\\\/schema\\\/logo\\\/image\\\/\",\"url\":\"https:\\\/\\\/www.waterskis.lv\\\/wp-content\\\/uploads\\\/2025\\\/01\\\/JUVP-logo.png\",\"contentUrl\":\"https:\\\/\\\/www.waterskis.lv\\\/wp-content\\\/uploads\\\/2025\\\/01\\\/JUVP-logo.png\",\"width\":421,\"height\":202,\"caption\":\"WATERSKIS.LV\"},\"image\":{\"@id\":\"https:\\\/\\\/www.waterskis.lv\\\/en\\\/#\\\/schema\\\/logo\\\/image\\\/\"},\"sameAs\":[\"https:\\\/\\\/www.facebook.com\\\/jurmalawaterskiwakeboardpark\\\/\"]}]}<\/script>\n<!-- \/ Yoast SEO plugin. -->","yoast_head_json":{"title":"Angler kayak MOKEN 12.5 - WATERSKIS.LV","description":"Angler kayak MOKEN 12.5. Waterskis.lv - established manufacturers, high quality, good price. Boat rental in Jurmala","robots":{"index":"index","follow":"follow","max-snippet":"max-snippet:-1","max-image-preview":"max-image-preview:large","max-video-preview":"max-video-preview:-1"},"canonical":"https:\/\/www.waterskis.lv\/en\/product\/makskernieku-kajaks-angler-kayak-moken-12-5\/","og_locale":"en_US","og_type":"article","og_title":"Angler kayak MOKEN 12.5 - WATERSKIS.LV","og_description":"Angler kayak MOKEN 12.5. Waterskis.lv - established manufacturers, high quality, good price. Boat rental in Jurmala","og_url":"https:\/\/www.waterskis.lv\/en\/product\/makskernieku-kajaks-angler-kayak-moken-12-5\/","og_site_name":"WATERSKIS.LV","article_publisher":"https:\/\/www.facebook.com\/jurmalawaterskiwakeboardpark\/","article_modified_time":"2022-02-10T10:55:37+00:00","og_image":[{"width":415,"height":138,"url":"https:\/\/www.waterskis.lv\/wp-content\/uploads\/2020\/01\/MOKEN_12.5_541db8592b628.png","type":"image\/png"}],"twitter_card":"summary_large_image","twitter_misc":{"Est. reading time":"1 minute"},"schema":{"@context":"https:\/\/schema.org","@graph":[{"@type":"WebPage","@id":"https:\/\/www.waterskis.lv\/en\/product\/makskernieku-kajaks-angler-kayak-moken-12-5\/","url":"https:\/\/www.waterskis.lv\/en\/product\/makskernieku-kajaks-angler-kayak-moken-12-5\/","name":"Angler kayak MOKEN 12.5 - WATERSKIS.LV","isPartOf":{"@id":"https:\/\/www.waterskis.lv\/en\/#website"},"primaryImageOfPage":{"@id":"https:\/\/www.waterskis.lv\/en\/product\/makskernieku-kajaks-angler-kayak-moken-12-5\/#primaryimage"},"image":{"@id":"https:\/\/www.waterskis.lv\/en\/product\/makskernieku-kajaks-angler-kayak-moken-12-5\/#primaryimage"},"thumbnailUrl":"https:\/\/www.waterskis.lv\/wp-content\/uploads\/2020\/01\/MOKEN_12.5_541db8592b628.png","datePublished":"2020-01-26T18:00:21+00:00","dateModified":"2022-02-10T10:55:37+00:00","description":"Angler kayak MOKEN 12.5. Waterskis.lv - established manufacturers, high quality, good price. Boat rental in Jurmala","breadcrumb":{"@id":"https:\/\/www.waterskis.lv\/en\/product\/makskernieku-kajaks-angler-kayak-moken-12-5\/#breadcrumb"},"inLanguage":"en-US","potentialAction":[{"@type":"ReadAction","target":["https:\/\/www.waterskis.lv\/en\/product\/makskernieku-kajaks-angler-kayak-moken-12-5\/"]}]},{"@type":"ImageObject","inLanguage":"en-US","@id":"https:\/\/www.waterskis.lv\/en\/product\/makskernieku-kajaks-angler-kayak-moken-12-5\/#primaryimage","url":"https:\/\/www.waterskis.lv\/wp-content\/uploads\/2020\/01\/MOKEN_12.5_541db8592b628.png","contentUrl":"https:\/\/www.waterskis.lv\/wp-content\/uploads\/2020\/01\/MOKEN_12.5_541db8592b628.png","width":415,"height":138,"caption":"Angler kayak MOKEN 12.5"},{"@type":"BreadcrumbList","@id":"https:\/\/www.waterskis.lv\/en\/product\/makskernieku-kajaks-angler-kayak-moken-12-5\/#breadcrumb","itemListElement":[{"@type":"ListItem","position":1,"name":"Home","item":"https:\/\/www.waterskis.lv\/en\/"},{"@type":"ListItem","position":2,"name":"Shop","item":"https:\/\/waterskis.lv\/en\/shop\/"},{"@type":"ListItem","position":3,"name":"Private: Angler kayak MOKEN 12.5"}]},{"@type":"WebSite","@id":"https:\/\/www.waterskis.lv\/en\/#website","url":"https:\/\/www.waterskis.lv\/en\/","name":"WATERSKIS.LV","description":"SUP d\u0113\u013ci, kajaki, kanoe, airu laivas, \u016bdenssl\u0113po\u0161ana, veikbords, SUP d\u0113\u013cu noma, kajaku nomaakt\u012bv\u0101s atp\u016btas centrs, laivu noma, sup noma, kajaku noma","publisher":{"@id":"https:\/\/www.waterskis.lv\/en\/#organization"},"potentialAction":[{"@type":"SearchAction","target":{"@type":"EntryPoint","urlTemplate":"https:\/\/www.waterskis.lv\/en\/?s={search_term_string}"},"query-input":{"@type":"PropertyValueSpecification","valueRequired":true,"valueName":"search_term_string"}}],"inLanguage":"en-US"},{"@type":"Organization","@id":"https:\/\/www.waterskis.lv\/en\/#organization","name":"WATERSKIS.LV","url":"https:\/\/www.waterskis.lv\/en\/","logo":{"@type":"ImageObject","inLanguage":"en-US","@id":"https:\/\/www.waterskis.lv\/en\/#\/schema\/logo\/image\/","url":"https:\/\/www.waterskis.lv\/wp-content\/uploads\/2025\/01\/JUVP-logo.png","contentUrl":"https:\/\/www.waterskis.lv\/wp-content\/uploads\/2025\/01\/JUVP-logo.png","width":421,"height":202,"caption":"WATERSKIS.LV"},"image":{"@id":"https:\/\/www.waterskis.lv\/en\/#\/schema\/logo\/image\/"},"sameAs":["https:\/\/www.facebook.com\/jurmalawaterskiwakeboardpark\/"]}]}},"_links":{"self":[{"href":"https:\/\/www.waterskis.lv\/en\/wp-json\/wp\/v2\/product\/16267","targetHints":{"allow":["GET"]}}],"collection":[{"href":"https:\/\/www.waterskis.lv\/en\/wp-json\/wp\/v2\/product"}],"about":[{"href":"https:\/\/www.waterskis.lv\/en\/wp-json\/wp\/v2\/types\/product"}],"replies":[{"embeddable":true,"href":"https:\/\/www.waterskis.lv\/en\/wp-json\/wp\/v2\/comments?post=16267"}],"wp:featuredmedia":[{"embeddable":true,"href":"https:\/\/www.waterskis.lv\/en\/wp-json\/wp\/v2\/media\/13518"}],"wp:attachment":[{"href":"https:\/\/www.waterskis.lv\/en\/wp-json\/wp\/v2\/media?parent=16267"}],"wp:term":[{"taxonomy":"product_brand","embeddable":true,"href":"https:\/\/www.waterskis.lv\/en\/wp-json\/wp\/v2\/product_brand?post=16267"},{"taxonomy":"product_cat","embeddable":true,"href":"https:\/\/www.waterskis.lv\/en\/wp-json\/wp\/v2\/product_cat?post=16267"},{"taxonomy":"product_tag","embeddable":true,"href":"https:\/\/www.waterskis.lv\/en\/wp-json\/wp\/v2\/product_tag?post=16267"}],"curies":[{"name":"wp","href":"https:\/\/api.w.org\/{rel}","templated":true}]}}