{"id":16296,"date":"2020-02-09T19:33:13","date_gmt":"2020-02-09T16:33:13","guid":{"rendered":"https:\/\/www.waterskis.lv\/product\/makskeresanas-kajaks-big-fish-108\/"},"modified":"2022-02-10T15:09:24","modified_gmt":"2022-02-10T12:09:24","slug":"fishing-kayak-3waters-big-fish-108","status":"publish","type":"product","link":"https:\/\/www.waterskis.lv\/en\/product\/fishing-kayak-3waters-big-fish-108\/","title":{"rendered":"Fishing kayak 3WATERS BIG FISH 108"},"content":{"rendered":"<p>Fishing kayak 3WATERS BIG FISH 108<\/p>\n<p>The Big Fish 108 is the newest edition to the popular Big Fish kayak series, now with\u00a0Pro Fish Pedal Drive.<\/p>\n<div class=\"block_content1 rte active\">\n<p>The Big Fish 108 is the newest edition to the popular Big Fish kayak series. This kayak was specially designed to accommodate the\u00a0Pro Fish Pedal Drive, featuring the intuitive 8 Ball steering system, combined with the oversized Beaver Tail rudder for the ultimate propulsion experience.\u00a0The Big Fish 108 EZ Rider seat offers all day paddling comfort with multiple sitting and standing configurations \u2013 high, low, recline and flip away, which doubles as a lean bar when standing.\u00a0At 11&#8242; and a capacity of 450 lbs, the Big Fish 108 is an all around, have fun or go fish kayak for the masses, utilizing a Cathedral Hull design that is super stable yet easy to maneuver.<\/p>\n<\/div>\n<p id=\"table-data\" class=\"page-product-heading\">DATA SHEET &#8211; Fishing kayak 3WATERS BIG FISH 108<\/p>\n<table class=\"block_content2 table-data-sheet\">\n<tbody>\n<tr class=\"odd\">\n<td>Type<\/td>\n<td>Fishing<\/td>\n<\/tr>\n<tr class=\"even\">\n<td>Length<\/td>\n<td>335 cm<\/td>\n<\/tr>\n<tr class=\"odd\">\n<td>Width<\/td>\n<td>97 cm<\/td>\n<\/tr>\n<tr class=\"even\">\n<td>Height<\/td>\n<td>37 cm<\/td>\n<\/tr>\n<tr class=\"odd\">\n<td>Weight<\/td>\n<td>52 kg<\/td>\n<\/tr>\n<tr class=\"even\">\n<td>Material<\/td>\n<td>HDPE<\/td>\n<\/tr>\n<tr class=\"odd\">\n<td>Number of persons<\/td>\n<td>1<\/td>\n<\/tr>\n<tr class=\"even\">\n<td>Capacity<\/td>\n<td>200 kg<\/td>\n<\/tr>\n<tr class=\"odd\">\n<td>Country of origin<\/td>\n<td>USA<\/td>\n<\/tr>\n<\/tbody>\n<\/table>\n<p>&nbsp;<\/p>\n<p>&nbsp;<\/p>\n","protected":false},"excerpt":{"rendered":"<p>https:\/\/www.youtube.com\/watch?v=ErB01mTfSkg [&#8230;]<\/p>\n<p><a class=\"btn btn-secondary understrap-read-more-link\" href=\"https:\/\/www.waterskis.lv\/en\/product\/fishing-kayak-3waters-big-fish-108\/\">Read More&#8230;<\/a><\/p>\n","protected":false},"featured_media":19390,"comment_status":"closed","ping_status":"closed","template":"","meta":{"_acf_changed":false,"inline_featured_image":false},"product_brand":[],"product_cat":[532,680,507,681,535],"product_tag":[],"class_list":{"0":"post-16296","1":"product","2":"type-product","3":"status-publish","4":"has-post-thumbnail","6":"product_cat-fishing-kayaks","7":"product_cat-fishing-kayaks-en","8":"product_cat-kayaks","9":"product_cat-pedal-driven-fishing-kayaks","10":"product_cat-sot-kayaks","12":"first","13":"instock","14":"shipping-taxable","15":"product-type-simple"},"acf":[],"yoast_head":"<!-- This site is optimized with the Yoast SEO plugin v27.4 - https:\/\/yoast.com\/product\/yoast-seo-wordpress\/ -->\n<title>Fishing kayak 3WATERS BIG FISH 108 - WATERSKIS.LV<\/title>\n<meta name=\"description\" content=\"Fishing kayak 3WATERS BIG FISH 108.Waterskis.lv - established manufacturers, high quality, good price. Boat rental in Jurmala\" \/>\n<meta name=\"robots\" content=\"index, follow, max-snippet:-1, max-image-preview:large, max-video-preview:-1\" \/>\n<link rel=\"canonical\" href=\"https:\/\/www.waterskis.lv\/en\/product\/fishing-kayak-3waters-big-fish-108\/\" \/>\n<meta property=\"og:locale\" content=\"en_US\" \/>\n<meta property=\"og:type\" content=\"article\" \/>\n<meta property=\"og:title\" content=\"Fishing kayak 3WATERS BIG FISH 108\" \/>\n<meta property=\"og:description\" content=\"Fishing kayak 3WATERS BIG FISH 108\" \/>\n<meta property=\"og:url\" content=\"https:\/\/www.waterskis.lv\/en\/product\/fishing-kayak-3waters-big-fish-108\/\" \/>\n<meta property=\"og:site_name\" content=\"WATERSKIS.LV\" \/>\n<meta property=\"article:publisher\" content=\"https:\/\/www.facebook.com\/jurmalawaterskiwakeboardpark\/\" \/>\n<meta property=\"article:modified_time\" content=\"2022-02-10T12:09:24+00:00\" \/>\n<meta property=\"og:image\" content=\"https:\/\/www.waterskis.lv\/wp-content\/uploads\/2020\/02\/108-1.jpg\" \/>\n<meta name=\"twitter:card\" content=\"summary_large_image\" \/>\n<meta name=\"twitter:label1\" content=\"Est. reading time\" \/>\n\t<meta name=\"twitter:data1\" content=\"1 minute\" \/>\n<script type=\"application\/ld+json\" class=\"yoast-schema-graph\">{\"@context\":\"https:\\\/\\\/schema.org\",\"@graph\":[{\"@type\":\"WebPage\",\"@id\":\"https:\\\/\\\/www.waterskis.lv\\\/en\\\/product\\\/fishing-kayak-3waters-big-fish-108\\\/\",\"url\":\"https:\\\/\\\/www.waterskis.lv\\\/en\\\/product\\\/fishing-kayak-3waters-big-fish-108\\\/\",\"name\":\"Fishing kayak 3WATERS BIG FISH 108 - WATERSKIS.LV\",\"isPartOf\":{\"@id\":\"https:\\\/\\\/www.waterskis.lv\\\/en\\\/#website\"},\"primaryImageOfPage\":{\"@id\":\"https:\\\/\\\/www.waterskis.lv\\\/en\\\/product\\\/fishing-kayak-3waters-big-fish-108\\\/#primaryimage\"},\"image\":{\"@id\":\"https:\\\/\\\/www.waterskis.lv\\\/en\\\/product\\\/fishing-kayak-3waters-big-fish-108\\\/#primaryimage\"},\"thumbnailUrl\":\"https:\\\/\\\/www.waterskis.lv\\\/wp-content\\\/uploads\\\/2020\\\/02\\\/108.jpg\",\"datePublished\":\"2020-02-09T16:33:13+00:00\",\"dateModified\":\"2022-02-10T12:09:24+00:00\",\"description\":\"Fishing kayak 3WATERS BIG FISH 108.Waterskis.lv - established manufacturers, high quality, good price. Boat rental in Jurmala\",\"breadcrumb\":{\"@id\":\"https:\\\/\\\/www.waterskis.lv\\\/en\\\/product\\\/fishing-kayak-3waters-big-fish-108\\\/#breadcrumb\"},\"inLanguage\":\"en-US\",\"potentialAction\":[{\"@type\":\"ReadAction\",\"target\":[\"https:\\\/\\\/www.waterskis.lv\\\/en\\\/product\\\/fishing-kayak-3waters-big-fish-108\\\/\"]}]},{\"@type\":\"ImageObject\",\"inLanguage\":\"en-US\",\"@id\":\"https:\\\/\\\/www.waterskis.lv\\\/en\\\/product\\\/fishing-kayak-3waters-big-fish-108\\\/#primaryimage\",\"url\":\"https:\\\/\\\/www.waterskis.lv\\\/wp-content\\\/uploads\\\/2020\\\/02\\\/108.jpg\",\"contentUrl\":\"https:\\\/\\\/www.waterskis.lv\\\/wp-content\\\/uploads\\\/2020\\\/02\\\/108.jpg\",\"width\":1000,\"height\":1000,\"caption\":\"Fishing kayak 3WATERS BIG FISH 108\"},{\"@type\":\"BreadcrumbList\",\"@id\":\"https:\\\/\\\/www.waterskis.lv\\\/en\\\/product\\\/fishing-kayak-3waters-big-fish-108\\\/#breadcrumb\",\"itemListElement\":[{\"@type\":\"ListItem\",\"position\":1,\"name\":\"Home\",\"item\":\"https:\\\/\\\/www.waterskis.lv\\\/en\\\/\"},{\"@type\":\"ListItem\",\"position\":2,\"name\":\"Shop\",\"item\":\"https:\\\/\\\/waterskis.lv\\\/en\\\/shop\\\/\"},{\"@type\":\"ListItem\",\"position\":3,\"name\":\"Fishing kayak 3WATERS BIG FISH 108\"}]},{\"@type\":\"WebSite\",\"@id\":\"https:\\\/\\\/www.waterskis.lv\\\/en\\\/#website\",\"url\":\"https:\\\/\\\/www.waterskis.lv\\\/en\\\/\",\"name\":\"WATERSKIS.LV\",\"description\":\"SUP d\u0113\u013ci, kajaki, kanoe, airu laivas, \u016bdenssl\u0113po\u0161ana, veikbords, SUP d\u0113\u013cu noma, kajaku nomaakt\u012bv\u0101s atp\u016btas centrs, laivu noma, sup noma, kajaku noma\",\"publisher\":{\"@id\":\"https:\\\/\\\/www.waterskis.lv\\\/en\\\/#organization\"},\"potentialAction\":[{\"@type\":\"SearchAction\",\"target\":{\"@type\":\"EntryPoint\",\"urlTemplate\":\"https:\\\/\\\/www.waterskis.lv\\\/en\\\/?s={search_term_string}\"},\"query-input\":{\"@type\":\"PropertyValueSpecification\",\"valueRequired\":true,\"valueName\":\"search_term_string\"}}],\"inLanguage\":\"en-US\"},{\"@type\":\"Organization\",\"@id\":\"https:\\\/\\\/www.waterskis.lv\\\/en\\\/#organization\",\"name\":\"WATERSKIS.LV\",\"url\":\"https:\\\/\\\/www.waterskis.lv\\\/en\\\/\",\"logo\":{\"@type\":\"ImageObject\",\"inLanguage\":\"en-US\",\"@id\":\"https:\\\/\\\/www.waterskis.lv\\\/en\\\/#\\\/schema\\\/logo\\\/image\\\/\",\"url\":\"https:\\\/\\\/www.waterskis.lv\\\/wp-content\\\/uploads\\\/2025\\\/01\\\/JUVP-logo.png\",\"contentUrl\":\"https:\\\/\\\/www.waterskis.lv\\\/wp-content\\\/uploads\\\/2025\\\/01\\\/JUVP-logo.png\",\"width\":421,\"height\":202,\"caption\":\"WATERSKIS.LV\"},\"image\":{\"@id\":\"https:\\\/\\\/www.waterskis.lv\\\/en\\\/#\\\/schema\\\/logo\\\/image\\\/\"},\"sameAs\":[\"https:\\\/\\\/www.facebook.com\\\/jurmalawaterskiwakeboardpark\\\/\"]}]}<\/script>\n<!-- \/ Yoast SEO plugin. -->","yoast_head_json":{"title":"Fishing kayak 3WATERS BIG FISH 108 - WATERSKIS.LV","description":"Fishing kayak 3WATERS BIG FISH 108.Waterskis.lv - established manufacturers, high quality, good price. Boat rental in Jurmala","robots":{"index":"index","follow":"follow","max-snippet":"max-snippet:-1","max-image-preview":"max-image-preview:large","max-video-preview":"max-video-preview:-1"},"canonical":"https:\/\/www.waterskis.lv\/en\/product\/fishing-kayak-3waters-big-fish-108\/","og_locale":"en_US","og_type":"article","og_title":"Fishing kayak 3WATERS BIG FISH 108","og_description":"Fishing kayak 3WATERS BIG FISH 108","og_url":"https:\/\/www.waterskis.lv\/en\/product\/fishing-kayak-3waters-big-fish-108\/","og_site_name":"WATERSKIS.LV","article_publisher":"https:\/\/www.facebook.com\/jurmalawaterskiwakeboardpark\/","article_modified_time":"2022-02-10T12:09:24+00:00","og_image":[{"url":"https:\/\/www.waterskis.lv\/wp-content\/uploads\/2020\/02\/108-1.jpg","type":"","width":"","height":""}],"twitter_card":"summary_large_image","twitter_misc":{"Est. reading time":"1 minute"},"schema":{"@context":"https:\/\/schema.org","@graph":[{"@type":"WebPage","@id":"https:\/\/www.waterskis.lv\/en\/product\/fishing-kayak-3waters-big-fish-108\/","url":"https:\/\/www.waterskis.lv\/en\/product\/fishing-kayak-3waters-big-fish-108\/","name":"Fishing kayak 3WATERS BIG FISH 108 - WATERSKIS.LV","isPartOf":{"@id":"https:\/\/www.waterskis.lv\/en\/#website"},"primaryImageOfPage":{"@id":"https:\/\/www.waterskis.lv\/en\/product\/fishing-kayak-3waters-big-fish-108\/#primaryimage"},"image":{"@id":"https:\/\/www.waterskis.lv\/en\/product\/fishing-kayak-3waters-big-fish-108\/#primaryimage"},"thumbnailUrl":"https:\/\/www.waterskis.lv\/wp-content\/uploads\/2020\/02\/108.jpg","datePublished":"2020-02-09T16:33:13+00:00","dateModified":"2022-02-10T12:09:24+00:00","description":"Fishing kayak 3WATERS BIG FISH 108.Waterskis.lv - established manufacturers, high quality, good price. Boat rental in Jurmala","breadcrumb":{"@id":"https:\/\/www.waterskis.lv\/en\/product\/fishing-kayak-3waters-big-fish-108\/#breadcrumb"},"inLanguage":"en-US","potentialAction":[{"@type":"ReadAction","target":["https:\/\/www.waterskis.lv\/en\/product\/fishing-kayak-3waters-big-fish-108\/"]}]},{"@type":"ImageObject","inLanguage":"en-US","@id":"https:\/\/www.waterskis.lv\/en\/product\/fishing-kayak-3waters-big-fish-108\/#primaryimage","url":"https:\/\/www.waterskis.lv\/wp-content\/uploads\/2020\/02\/108.jpg","contentUrl":"https:\/\/www.waterskis.lv\/wp-content\/uploads\/2020\/02\/108.jpg","width":1000,"height":1000,"caption":"Fishing kayak 3WATERS BIG FISH 108"},{"@type":"BreadcrumbList","@id":"https:\/\/www.waterskis.lv\/en\/product\/fishing-kayak-3waters-big-fish-108\/#breadcrumb","itemListElement":[{"@type":"ListItem","position":1,"name":"Home","item":"https:\/\/www.waterskis.lv\/en\/"},{"@type":"ListItem","position":2,"name":"Shop","item":"https:\/\/waterskis.lv\/en\/shop\/"},{"@type":"ListItem","position":3,"name":"Fishing kayak 3WATERS BIG FISH 108"}]},{"@type":"WebSite","@id":"https:\/\/www.waterskis.lv\/en\/#website","url":"https:\/\/www.waterskis.lv\/en\/","name":"WATERSKIS.LV","description":"SUP d\u0113\u013ci, kajaki, kanoe, airu laivas, \u016bdenssl\u0113po\u0161ana, veikbords, SUP d\u0113\u013cu noma, kajaku nomaakt\u012bv\u0101s atp\u016btas centrs, laivu noma, sup noma, kajaku noma","publisher":{"@id":"https:\/\/www.waterskis.lv\/en\/#organization"},"potentialAction":[{"@type":"SearchAction","target":{"@type":"EntryPoint","urlTemplate":"https:\/\/www.waterskis.lv\/en\/?s={search_term_string}"},"query-input":{"@type":"PropertyValueSpecification","valueRequired":true,"valueName":"search_term_string"}}],"inLanguage":"en-US"},{"@type":"Organization","@id":"https:\/\/www.waterskis.lv\/en\/#organization","name":"WATERSKIS.LV","url":"https:\/\/www.waterskis.lv\/en\/","logo":{"@type":"ImageObject","inLanguage":"en-US","@id":"https:\/\/www.waterskis.lv\/en\/#\/schema\/logo\/image\/","url":"https:\/\/www.waterskis.lv\/wp-content\/uploads\/2025\/01\/JUVP-logo.png","contentUrl":"https:\/\/www.waterskis.lv\/wp-content\/uploads\/2025\/01\/JUVP-logo.png","width":421,"height":202,"caption":"WATERSKIS.LV"},"image":{"@id":"https:\/\/www.waterskis.lv\/en\/#\/schema\/logo\/image\/"},"sameAs":["https:\/\/www.facebook.com\/jurmalawaterskiwakeboardpark\/"]}]}},"_links":{"self":[{"href":"https:\/\/www.waterskis.lv\/en\/wp-json\/wp\/v2\/product\/16296","targetHints":{"allow":["GET"]}}],"collection":[{"href":"https:\/\/www.waterskis.lv\/en\/wp-json\/wp\/v2\/product"}],"about":[{"href":"https:\/\/www.waterskis.lv\/en\/wp-json\/wp\/v2\/types\/product"}],"replies":[{"embeddable":true,"href":"https:\/\/www.waterskis.lv\/en\/wp-json\/wp\/v2\/comments?post=16296"}],"wp:featuredmedia":[{"embeddable":true,"href":"https:\/\/www.waterskis.lv\/en\/wp-json\/wp\/v2\/media\/19390"}],"wp:attachment":[{"href":"https:\/\/www.waterskis.lv\/en\/wp-json\/wp\/v2\/media?parent=16296"}],"wp:term":[{"taxonomy":"product_brand","embeddable":true,"href":"https:\/\/www.waterskis.lv\/en\/wp-json\/wp\/v2\/product_brand?post=16296"},{"taxonomy":"product_cat","embeddable":true,"href":"https:\/\/www.waterskis.lv\/en\/wp-json\/wp\/v2\/product_cat?post=16296"},{"taxonomy":"product_tag","embeddable":true,"href":"https:\/\/www.waterskis.lv\/en\/wp-json\/wp\/v2\/product_tag?post=16296"}],"curies":[{"name":"wp","href":"https:\/\/api.w.org\/{rel}","templated":true}]}}