{"id":24030,"date":"2020-11-11T13:06:29","date_gmt":"2020-11-11T10:06:29","guid":{"rendered":"https:\/\/www.waterskis.lv\/product\/wild-sup-original-triple-action-pumpis\/"},"modified":"2022-04-02T12:07:58","modified_gmt":"2022-04-02T09:07:58","slug":"hand-pump-wildsup-original-bravo-double-action-inflate-deflate","status":"publish","type":"product","link":"https:\/\/www.waterskis.lv\/en\/product\/hand-pump-wildsup-original-bravo-double-action-inflate-deflate\/","title":{"rendered":"Hand pump WILDSUP ORIGINAL BRAVO DOUBLE ACTION (Inflate-Deflate)"},"content":{"rendered":"<div class=\"block_content1 rte active\">\n<p>Hand pump WILDSUP ORIGINAL BRAVO DOUBLE ACTION (Inflate-Deflate)<\/p>\n<p>It can be used in double-action mode during the first phase of the inflation, when the pressure required is not high. The pump can be manually switched to single-action mode during the last phase of the inflation, when the pressure required is high, by simply switching the clip valve to single action mode.<\/p>\n<p>Can be used for inflation and deflation.<\/p>\n<p>Removable handle extensions and foldable feet for more compact transportation.<\/p>\n<p>Max pressure: up to 29 psi (1,9 bar)<\/p>\n<\/div>\n<p id=\"table-data\" class=\"page-product-heading\">DATA SHEET<\/p>\n<table class=\"block_content2 table-data-sheet\">\n<tbody>\n<tr class=\"odd\">\n<td>Type<\/td>\n<td>Hand pump<\/td>\n<\/tr>\n<tr class=\"even\">\n<td>Spalva<\/td>\n<td>Juoda<\/td>\n<\/tr>\n<tr class=\"odd\">\n<td>Max pressure<\/td>\n<td>27,5 psi (1,9 bar)<\/td>\n<\/tr>\n<tr class=\"even\">\n<td>Country of origin<\/td>\n<td>China<\/td>\n<\/tr>\n<\/tbody>\n<\/table>\n<p>Hand pump WILDSUP ORIGINAL BRAVO DOUBLE ACTION (Inflate-Deflate)<\/p>\n","protected":false},"excerpt":{"rendered":"<p>Hand pump WILDSUP ORIGINAL BRAVO DOUBLE ACTION (Inflate-Deflate) It can be used in double-action mode during the first phase of the inflation, when the pressure required is not high. The pump can be manually switched to single-action mode during the last phase of the inflation, when the pressure required is high, by simply switching the [&#8230;]<\/p>\n<p><a class=\"btn btn-secondary understrap-read-more-link\" href=\"https:\/\/www.waterskis.lv\/en\/product\/hand-pump-wildsup-original-bravo-double-action-inflate-deflate\/\">Read More&#8230;<\/a><\/p>\n","protected":false},"featured_media":23480,"comment_status":"closed","ping_status":"closed","template":"","meta":{"_acf_changed":false,"inline_featured_image":false},"product_brand":[],"product_cat":[361],"product_tag":[],"class_list":{"0":"post-24030","1":"product","2":"type-product","3":"status-publish","4":"has-post-thumbnail","6":"product_cat-sale","8":"first","9":"instock","10":"sale","11":"shipping-taxable","12":"purchasable","13":"product-type-simple"},"acf":[],"yoast_head":"<!-- This site is optimized with the Yoast SEO plugin v27.3 - https:\/\/yoast.com\/product\/yoast-seo-wordpress\/ -->\n<title>Hand pump WILDSUP ORIGINAL BRAVO DOUBLE ACTION (Inflate-Deflate) - WATERSKIS.LV<\/title>\n<meta name=\"description\" content=\"Hand pump WILDSUP ORIGINAL BRAVO DOUBLE ACTION (Inflate-Deflate). waterskis.lv - visit us for boats, kayaks, paddles and more.\" \/>\n<meta name=\"robots\" content=\"index, follow, max-snippet:-1, max-image-preview:large, max-video-preview:-1\" \/>\n<link rel=\"canonical\" href=\"https:\/\/www.waterskis.lv\/en\/product\/hand-pump-wildsup-original-bravo-double-action-inflate-deflate\/\" \/>\n<meta property=\"og:locale\" content=\"en_US\" \/>\n<meta property=\"og:type\" content=\"article\" \/>\n<meta property=\"og:title\" content=\"Hand pump WILDSUP ORIGINAL BRAVO DOUBLE ACTION (Inflate-Deflate) - WATERSKIS.LV\" \/>\n<meta property=\"og:description\" content=\"Hand pump WILDSUP ORIGINAL BRAVO DOUBLE ACTION (Inflate-Deflate). waterskis.lv - visit us for boats, kayaks, paddles and more.\" \/>\n<meta property=\"og:url\" content=\"https:\/\/www.waterskis.lv\/en\/product\/hand-pump-wildsup-original-bravo-double-action-inflate-deflate\/\" \/>\n<meta property=\"og:site_name\" content=\"WATERSKIS.LV\" \/>\n<meta property=\"article:publisher\" content=\"https:\/\/www.facebook.com\/jurmalawaterskiwakeboardpark\/\" \/>\n<meta property=\"article:modified_time\" content=\"2022-04-02T09:07:58+00:00\" \/>\n<meta property=\"og:image\" content=\"https:\/\/www.waterskis.lv\/wp-content\/uploads\/2020\/11\/pompa5.png\" \/>\n\t<meta property=\"og:image:width\" content=\"1098\" \/>\n\t<meta property=\"og:image:height\" content=\"1610\" \/>\n\t<meta property=\"og:image:type\" content=\"image\/png\" \/>\n<meta name=\"twitter:card\" content=\"summary_large_image\" \/>\n<meta name=\"twitter:label1\" content=\"Est. reading time\" \/>\n\t<meta name=\"twitter:data1\" content=\"1 minute\" \/>\n<script type=\"application\/ld+json\" class=\"yoast-schema-graph\">{\"@context\":\"https:\\\/\\\/schema.org\",\"@graph\":[{\"@type\":\"WebPage\",\"@id\":\"https:\\\/\\\/www.waterskis.lv\\\/en\\\/product\\\/hand-pump-wildsup-original-bravo-double-action-inflate-deflate\\\/\",\"url\":\"https:\\\/\\\/www.waterskis.lv\\\/en\\\/product\\\/hand-pump-wildsup-original-bravo-double-action-inflate-deflate\\\/\",\"name\":\"Hand pump WILDSUP ORIGINAL BRAVO DOUBLE ACTION (Inflate-Deflate) - WATERSKIS.LV\",\"isPartOf\":{\"@id\":\"https:\\\/\\\/www.waterskis.lv\\\/en\\\/#website\"},\"primaryImageOfPage\":{\"@id\":\"https:\\\/\\\/www.waterskis.lv\\\/en\\\/product\\\/hand-pump-wildsup-original-bravo-double-action-inflate-deflate\\\/#primaryimage\"},\"image\":{\"@id\":\"https:\\\/\\\/www.waterskis.lv\\\/en\\\/product\\\/hand-pump-wildsup-original-bravo-double-action-inflate-deflate\\\/#primaryimage\"},\"thumbnailUrl\":\"https:\\\/\\\/www.waterskis.lv\\\/wp-content\\\/uploads\\\/2020\\\/11\\\/pompa5.png\",\"datePublished\":\"2020-11-11T10:06:29+00:00\",\"dateModified\":\"2022-04-02T09:07:58+00:00\",\"description\":\"Hand pump WILDSUP ORIGINAL BRAVO DOUBLE ACTION (Inflate-Deflate). waterskis.lv - visit us for boats, kayaks, paddles and more.\",\"breadcrumb\":{\"@id\":\"https:\\\/\\\/www.waterskis.lv\\\/en\\\/product\\\/hand-pump-wildsup-original-bravo-double-action-inflate-deflate\\\/#breadcrumb\"},\"inLanguage\":\"en-US\",\"potentialAction\":[{\"@type\":\"ReadAction\",\"target\":[\"https:\\\/\\\/www.waterskis.lv\\\/en\\\/product\\\/hand-pump-wildsup-original-bravo-double-action-inflate-deflate\\\/\"]}]},{\"@type\":\"ImageObject\",\"inLanguage\":\"en-US\",\"@id\":\"https:\\\/\\\/www.waterskis.lv\\\/en\\\/product\\\/hand-pump-wildsup-original-bravo-double-action-inflate-deflate\\\/#primaryimage\",\"url\":\"https:\\\/\\\/www.waterskis.lv\\\/wp-content\\\/uploads\\\/2020\\\/11\\\/pompa5.png\",\"contentUrl\":\"https:\\\/\\\/www.waterskis.lv\\\/wp-content\\\/uploads\\\/2020\\\/11\\\/pompa5.png\",\"width\":1098,\"height\":1610,\"caption\":\"Hand pump WILDSUP ORIGINAL BRAVO DOUBLE ACTION (Inflate-Deflate)\"},{\"@type\":\"BreadcrumbList\",\"@id\":\"https:\\\/\\\/www.waterskis.lv\\\/en\\\/product\\\/hand-pump-wildsup-original-bravo-double-action-inflate-deflate\\\/#breadcrumb\",\"itemListElement\":[{\"@type\":\"ListItem\",\"position\":1,\"name\":\"Home\",\"item\":\"https:\\\/\\\/www.waterskis.lv\\\/en\\\/\"},{\"@type\":\"ListItem\",\"position\":2,\"name\":\"Shop\",\"item\":\"https:\\\/\\\/waterskis.lv\\\/en\\\/shop\\\/\"},{\"@type\":\"ListItem\",\"position\":3,\"name\":\"Hand pump WILDSUP ORIGINAL BRAVO DOUBLE ACTION (Inflate-Deflate)\"}]},{\"@type\":\"WebSite\",\"@id\":\"https:\\\/\\\/www.waterskis.lv\\\/en\\\/#website\",\"url\":\"https:\\\/\\\/www.waterskis.lv\\\/en\\\/\",\"name\":\"WATERSKIS.LV\",\"description\":\"SUP d\u0113\u013ci, kajaki, kanoe, airu laivas, \u016bdenssl\u0113po\u0161ana, veikbords, SUP d\u0113\u013cu noma, kajaku nomaakt\u012bv\u0101s atp\u016btas centrs, laivu noma, sup noma, kajaku noma\",\"publisher\":{\"@id\":\"https:\\\/\\\/www.waterskis.lv\\\/en\\\/#organization\"},\"potentialAction\":[{\"@type\":\"SearchAction\",\"target\":{\"@type\":\"EntryPoint\",\"urlTemplate\":\"https:\\\/\\\/www.waterskis.lv\\\/en\\\/?s={search_term_string}\"},\"query-input\":{\"@type\":\"PropertyValueSpecification\",\"valueRequired\":true,\"valueName\":\"search_term_string\"}}],\"inLanguage\":\"en-US\"},{\"@type\":\"Organization\",\"@id\":\"https:\\\/\\\/www.waterskis.lv\\\/en\\\/#organization\",\"name\":\"WATERSKIS.LV\",\"url\":\"https:\\\/\\\/www.waterskis.lv\\\/en\\\/\",\"logo\":{\"@type\":\"ImageObject\",\"inLanguage\":\"en-US\",\"@id\":\"https:\\\/\\\/www.waterskis.lv\\\/en\\\/#\\\/schema\\\/logo\\\/image\\\/\",\"url\":\"https:\\\/\\\/www.waterskis.lv\\\/wp-content\\\/uploads\\\/2025\\\/01\\\/JUVP-logo.png\",\"contentUrl\":\"https:\\\/\\\/www.waterskis.lv\\\/wp-content\\\/uploads\\\/2025\\\/01\\\/JUVP-logo.png\",\"width\":421,\"height\":202,\"caption\":\"WATERSKIS.LV\"},\"image\":{\"@id\":\"https:\\\/\\\/www.waterskis.lv\\\/en\\\/#\\\/schema\\\/logo\\\/image\\\/\"},\"sameAs\":[\"https:\\\/\\\/www.facebook.com\\\/jurmalawaterskiwakeboardpark\\\/\"]}]}<\/script>\n<!-- \/ Yoast SEO plugin. -->","yoast_head_json":{"title":"Hand pump WILDSUP ORIGINAL BRAVO DOUBLE ACTION (Inflate-Deflate) - WATERSKIS.LV","description":"Hand pump WILDSUP ORIGINAL BRAVO DOUBLE ACTION (Inflate-Deflate). waterskis.lv - visit us for boats, kayaks, paddles and more.","robots":{"index":"index","follow":"follow","max-snippet":"max-snippet:-1","max-image-preview":"max-image-preview:large","max-video-preview":"max-video-preview:-1"},"canonical":"https:\/\/www.waterskis.lv\/en\/product\/hand-pump-wildsup-original-bravo-double-action-inflate-deflate\/","og_locale":"en_US","og_type":"article","og_title":"Hand pump WILDSUP ORIGINAL BRAVO DOUBLE ACTION (Inflate-Deflate) - WATERSKIS.LV","og_description":"Hand pump WILDSUP ORIGINAL BRAVO DOUBLE ACTION (Inflate-Deflate). waterskis.lv - visit us for boats, kayaks, paddles and more.","og_url":"https:\/\/www.waterskis.lv\/en\/product\/hand-pump-wildsup-original-bravo-double-action-inflate-deflate\/","og_site_name":"WATERSKIS.LV","article_publisher":"https:\/\/www.facebook.com\/jurmalawaterskiwakeboardpark\/","article_modified_time":"2022-04-02T09:07:58+00:00","og_image":[{"width":1098,"height":1610,"url":"https:\/\/www.waterskis.lv\/wp-content\/uploads\/2020\/11\/pompa5.png","type":"image\/png"}],"twitter_card":"summary_large_image","twitter_misc":{"Est. reading time":"1 minute"},"schema":{"@context":"https:\/\/schema.org","@graph":[{"@type":"WebPage","@id":"https:\/\/www.waterskis.lv\/en\/product\/hand-pump-wildsup-original-bravo-double-action-inflate-deflate\/","url":"https:\/\/www.waterskis.lv\/en\/product\/hand-pump-wildsup-original-bravo-double-action-inflate-deflate\/","name":"Hand pump WILDSUP ORIGINAL BRAVO DOUBLE ACTION (Inflate-Deflate) - WATERSKIS.LV","isPartOf":{"@id":"https:\/\/www.waterskis.lv\/en\/#website"},"primaryImageOfPage":{"@id":"https:\/\/www.waterskis.lv\/en\/product\/hand-pump-wildsup-original-bravo-double-action-inflate-deflate\/#primaryimage"},"image":{"@id":"https:\/\/www.waterskis.lv\/en\/product\/hand-pump-wildsup-original-bravo-double-action-inflate-deflate\/#primaryimage"},"thumbnailUrl":"https:\/\/www.waterskis.lv\/wp-content\/uploads\/2020\/11\/pompa5.png","datePublished":"2020-11-11T10:06:29+00:00","dateModified":"2022-04-02T09:07:58+00:00","description":"Hand pump WILDSUP ORIGINAL BRAVO DOUBLE ACTION (Inflate-Deflate). waterskis.lv - visit us for boats, kayaks, paddles and more.","breadcrumb":{"@id":"https:\/\/www.waterskis.lv\/en\/product\/hand-pump-wildsup-original-bravo-double-action-inflate-deflate\/#breadcrumb"},"inLanguage":"en-US","potentialAction":[{"@type":"ReadAction","target":["https:\/\/www.waterskis.lv\/en\/product\/hand-pump-wildsup-original-bravo-double-action-inflate-deflate\/"]}]},{"@type":"ImageObject","inLanguage":"en-US","@id":"https:\/\/www.waterskis.lv\/en\/product\/hand-pump-wildsup-original-bravo-double-action-inflate-deflate\/#primaryimage","url":"https:\/\/www.waterskis.lv\/wp-content\/uploads\/2020\/11\/pompa5.png","contentUrl":"https:\/\/www.waterskis.lv\/wp-content\/uploads\/2020\/11\/pompa5.png","width":1098,"height":1610,"caption":"Hand pump WILDSUP ORIGINAL BRAVO DOUBLE ACTION (Inflate-Deflate)"},{"@type":"BreadcrumbList","@id":"https:\/\/www.waterskis.lv\/en\/product\/hand-pump-wildsup-original-bravo-double-action-inflate-deflate\/#breadcrumb","itemListElement":[{"@type":"ListItem","position":1,"name":"Home","item":"https:\/\/www.waterskis.lv\/en\/"},{"@type":"ListItem","position":2,"name":"Shop","item":"https:\/\/waterskis.lv\/en\/shop\/"},{"@type":"ListItem","position":3,"name":"Hand pump WILDSUP ORIGINAL BRAVO DOUBLE ACTION (Inflate-Deflate)"}]},{"@type":"WebSite","@id":"https:\/\/www.waterskis.lv\/en\/#website","url":"https:\/\/www.waterskis.lv\/en\/","name":"WATERSKIS.LV","description":"SUP d\u0113\u013ci, kajaki, kanoe, airu laivas, \u016bdenssl\u0113po\u0161ana, veikbords, SUP d\u0113\u013cu noma, kajaku nomaakt\u012bv\u0101s atp\u016btas centrs, laivu noma, sup noma, kajaku noma","publisher":{"@id":"https:\/\/www.waterskis.lv\/en\/#organization"},"potentialAction":[{"@type":"SearchAction","target":{"@type":"EntryPoint","urlTemplate":"https:\/\/www.waterskis.lv\/en\/?s={search_term_string}"},"query-input":{"@type":"PropertyValueSpecification","valueRequired":true,"valueName":"search_term_string"}}],"inLanguage":"en-US"},{"@type":"Organization","@id":"https:\/\/www.waterskis.lv\/en\/#organization","name":"WATERSKIS.LV","url":"https:\/\/www.waterskis.lv\/en\/","logo":{"@type":"ImageObject","inLanguage":"en-US","@id":"https:\/\/www.waterskis.lv\/en\/#\/schema\/logo\/image\/","url":"https:\/\/www.waterskis.lv\/wp-content\/uploads\/2025\/01\/JUVP-logo.png","contentUrl":"https:\/\/www.waterskis.lv\/wp-content\/uploads\/2025\/01\/JUVP-logo.png","width":421,"height":202,"caption":"WATERSKIS.LV"},"image":{"@id":"https:\/\/www.waterskis.lv\/en\/#\/schema\/logo\/image\/"},"sameAs":["https:\/\/www.facebook.com\/jurmalawaterskiwakeboardpark\/"]}]}},"_links":{"self":[{"href":"https:\/\/www.waterskis.lv\/en\/wp-json\/wp\/v2\/product\/24030","targetHints":{"allow":["GET"]}}],"collection":[{"href":"https:\/\/www.waterskis.lv\/en\/wp-json\/wp\/v2\/product"}],"about":[{"href":"https:\/\/www.waterskis.lv\/en\/wp-json\/wp\/v2\/types\/product"}],"replies":[{"embeddable":true,"href":"https:\/\/www.waterskis.lv\/en\/wp-json\/wp\/v2\/comments?post=24030"}],"wp:featuredmedia":[{"embeddable":true,"href":"https:\/\/www.waterskis.lv\/en\/wp-json\/wp\/v2\/media\/23480"}],"wp:attachment":[{"href":"https:\/\/www.waterskis.lv\/en\/wp-json\/wp\/v2\/media?parent=24030"}],"wp:term":[{"taxonomy":"product_brand","embeddable":true,"href":"https:\/\/www.waterskis.lv\/en\/wp-json\/wp\/v2\/product_brand?post=24030"},{"taxonomy":"product_cat","embeddable":true,"href":"https:\/\/www.waterskis.lv\/en\/wp-json\/wp\/v2\/product_cat?post=24030"},{"taxonomy":"product_tag","embeddable":true,"href":"https:\/\/www.waterskis.lv\/en\/wp-json\/wp\/v2\/product_tag?post=24030"}],"curies":[{"name":"wp","href":"https:\/\/api.w.org\/{rel}","templated":true}]}}