{"id":24037,"date":"2020-11-06T09:10:48","date_gmt":"2020-11-06T06:10:48","guid":{"rendered":"https:\/\/www.waterskis.lv\/product\/elektriskais-pumpis-bravo-ge-21-1-12v\/"},"modified":"2022-04-02T12:12:02","modified_gmt":"2022-04-02T09:12:02","slug":"electric-pump-bravo-ge-21-1-12v","status":"publish","type":"product","link":"https:\/\/www.waterskis.lv\/en\/product\/electric-pump-bravo-ge-21-1-12v\/","title":{"rendered":"Electric pump BRAVO GE 21-1 12V"},"content":{"rendered":"<div class=\"block_content1 rte active\">\n<p>Electric pump BRAVO GE 21-1 12V<\/p>\n<p>High pressure electric pump for SUP boards and etc.<\/p>\n<p>&#8211; Automatic stop when selected pressure is reached<br \/>\n&#8211;\u00a0Integrated manometer<br \/>\n&#8211; Integrated 12V DC battery, rechargable through cigarette plug or standard 110-240 AC\/DC adaptor<br \/>\n&#8211; Equipped with connectors for dinghies, kites and SUP boards<br \/>\n&#8211; Carry bag with equipped shoulder strap<br \/>\n&#8211; For inflation only<br \/>\n&#8211; Standard connection to\u00a0cigarette lighter socket for operation and recharge.<br \/>\n&#8211; Protective filtration system<br \/>\n&#8211; Perfect for BOATS, KITES and SUP BOARDS<\/p>\n<\/div>\n<p id=\"table-data\" class=\"page-product-heading\">DATA SHEET &#8211; Electric pump BRAVO GE 21-1 12V<\/p>\n<table class=\"block_content2 table-data-sheet\">\n<tbody>\n<tr class=\"odd\">\n<td>Type<\/td>\n<td>Electric pump (12 V)<\/td>\n<\/tr>\n<tr class=\"even\">\n<td>Length<\/td>\n<td>22 cm<\/td>\n<\/tr>\n<tr class=\"odd\">\n<td>Width<\/td>\n<td>32 cm<\/td>\n<\/tr>\n<tr class=\"even\">\n<td>Height<\/td>\n<td>22 cm<\/td>\n<\/tr>\n<tr class=\"odd\">\n<td>Weight<\/td>\n<td>6,4 kg<\/td>\n<\/tr>\n<tr class=\"even\">\n<td>Capacity<\/td>\n<td>125 l\/min<\/td>\n<\/tr>\n<tr class=\"odd\">\n<td>Max pressure<\/td>\n<td>22 psi (1,56 bar)<\/td>\n<\/tr>\n<tr class=\"even\">\n<td>Voltage<\/td>\n<td>12 V<\/td>\n<\/tr>\n<tr class=\"odd\">\n<td>Certificate<\/td>\n<td>CE<\/td>\n<\/tr>\n<tr class=\"even\">\n<td>Country of origin<\/td>\n<td>Italy<\/td>\n<\/tr>\n<\/tbody>\n<\/table>\n<p>&nbsp;<\/p>\n","protected":false},"excerpt":{"rendered":"<p>https:\/\/www.youtube.com\/watch?v=5iTmDr6Y6ik [&#8230;]<\/p>\n<p><a class=\"btn btn-secondary understrap-read-more-link\" href=\"https:\/\/www.waterskis.lv\/en\/product\/electric-pump-bravo-ge-21-1-12v\/\">Read More&#8230;<\/a><\/p>\n","protected":false},"featured_media":22209,"comment_status":"closed","ping_status":"closed","template":"","meta":{"_acf_changed":false,"inline_featured_image":false},"product_brand":[],"product_cat":[1051],"product_tag":[],"class_list":{"0":"post-24037","1":"product","2":"type-product","3":"status-publish","4":"has-post-thumbnail","6":"product_cat-balance-boards-longboards","8":"first","9":"instock","10":"shipping-taxable","11":"purchasable","12":"product-type-simple"},"acf":[],"yoast_head":"<!-- This site is optimized with the Yoast SEO plugin v27.4 - https:\/\/yoast.com\/product\/yoast-seo-wordpress\/ -->\n<title>Electric pump BRAVO GE 21-1 12V - WATERSKIS.LV<\/title>\n<meta name=\"description\" content=\"Electric pump BRAVO GE 21-1 12V. Waterskis.lv - boat rental, kayaks, engines, paddles, every accessory you need and more. Visit us!\" \/>\n<meta name=\"robots\" content=\"index, follow, max-snippet:-1, max-image-preview:large, max-video-preview:-1\" \/>\n<link rel=\"canonical\" href=\"https:\/\/www.waterskis.lv\/en\/product\/electric-pump-bravo-ge-21-1-12v\/\" \/>\n<meta property=\"og:locale\" content=\"en_US\" \/>\n<meta property=\"og:type\" content=\"article\" \/>\n<meta property=\"og:title\" content=\"Electric pump BRAVO GE 21-1 12V - WATERSKIS.LV\" \/>\n<meta property=\"og:description\" content=\"Electric pump BRAVO GE 21-1 12V. Waterskis.lv - boat rental, kayaks, engines, paddles, every accessory you need and more. Visit us!\" \/>\n<meta property=\"og:url\" content=\"https:\/\/www.waterskis.lv\/en\/product\/electric-pump-bravo-ge-21-1-12v\/\" \/>\n<meta property=\"og:site_name\" content=\"WATERSKIS.LV\" \/>\n<meta property=\"article:publisher\" content=\"https:\/\/www.facebook.com\/jurmalawaterskiwakeboardpark\/\" \/>\n<meta property=\"article:modified_time\" content=\"2022-04-02T09:12:02+00:00\" \/>\n<meta property=\"og:image\" content=\"https:\/\/www.waterskis.lv\/wp-content\/uploads\/2020\/11\/bravo-ge-21-1-12v.png\" \/>\n\t<meta property=\"og:image:width\" content=\"1000\" \/>\n\t<meta property=\"og:image:height\" content=\"1000\" \/>\n\t<meta property=\"og:image:type\" content=\"image\/png\" \/>\n<meta name=\"twitter:card\" content=\"summary_large_image\" \/>\n<meta name=\"twitter:label1\" content=\"Est. reading time\" \/>\n\t<meta name=\"twitter:data1\" content=\"1 minute\" \/>\n<script type=\"application\/ld+json\" class=\"yoast-schema-graph\">{\"@context\":\"https:\\\/\\\/schema.org\",\"@graph\":[{\"@type\":\"WebPage\",\"@id\":\"https:\\\/\\\/www.waterskis.lv\\\/en\\\/product\\\/electric-pump-bravo-ge-21-1-12v\\\/\",\"url\":\"https:\\\/\\\/www.waterskis.lv\\\/en\\\/product\\\/electric-pump-bravo-ge-21-1-12v\\\/\",\"name\":\"Electric pump BRAVO GE 21-1 12V - WATERSKIS.LV\",\"isPartOf\":{\"@id\":\"https:\\\/\\\/www.waterskis.lv\\\/en\\\/#website\"},\"primaryImageOfPage\":{\"@id\":\"https:\\\/\\\/www.waterskis.lv\\\/en\\\/product\\\/electric-pump-bravo-ge-21-1-12v\\\/#primaryimage\"},\"image\":{\"@id\":\"https:\\\/\\\/www.waterskis.lv\\\/en\\\/product\\\/electric-pump-bravo-ge-21-1-12v\\\/#primaryimage\"},\"thumbnailUrl\":\"https:\\\/\\\/www.waterskis.lv\\\/wp-content\\\/uploads\\\/2020\\\/11\\\/bravo-ge-21-1-12v.png\",\"datePublished\":\"2020-11-06T06:10:48+00:00\",\"dateModified\":\"2022-04-02T09:12:02+00:00\",\"description\":\"Electric pump BRAVO GE 21-1 12V. Waterskis.lv - boat rental, kayaks, engines, paddles, every accessory you need and more. Visit us!\",\"breadcrumb\":{\"@id\":\"https:\\\/\\\/www.waterskis.lv\\\/en\\\/product\\\/electric-pump-bravo-ge-21-1-12v\\\/#breadcrumb\"},\"inLanguage\":\"en-US\",\"potentialAction\":[{\"@type\":\"ReadAction\",\"target\":[\"https:\\\/\\\/www.waterskis.lv\\\/en\\\/product\\\/electric-pump-bravo-ge-21-1-12v\\\/\"]}]},{\"@type\":\"ImageObject\",\"inLanguage\":\"en-US\",\"@id\":\"https:\\\/\\\/www.waterskis.lv\\\/en\\\/product\\\/electric-pump-bravo-ge-21-1-12v\\\/#primaryimage\",\"url\":\"https:\\\/\\\/www.waterskis.lv\\\/wp-content\\\/uploads\\\/2020\\\/11\\\/bravo-ge-21-1-12v.png\",\"contentUrl\":\"https:\\\/\\\/www.waterskis.lv\\\/wp-content\\\/uploads\\\/2020\\\/11\\\/bravo-ge-21-1-12v.png\",\"width\":1000,\"height\":1000,\"caption\":\"Electric pump BRAVO GE 21-1 12V\"},{\"@type\":\"BreadcrumbList\",\"@id\":\"https:\\\/\\\/www.waterskis.lv\\\/en\\\/product\\\/electric-pump-bravo-ge-21-1-12v\\\/#breadcrumb\",\"itemListElement\":[{\"@type\":\"ListItem\",\"position\":1,\"name\":\"Home\",\"item\":\"https:\\\/\\\/www.waterskis.lv\\\/en\\\/\"},{\"@type\":\"ListItem\",\"position\":2,\"name\":\"Shop\",\"item\":\"https:\\\/\\\/waterskis.lv\\\/en\\\/shop\\\/\"},{\"@type\":\"ListItem\",\"position\":3,\"name\":\"Electric pump BRAVO GE 21-1 12V\"}]},{\"@type\":\"WebSite\",\"@id\":\"https:\\\/\\\/www.waterskis.lv\\\/en\\\/#website\",\"url\":\"https:\\\/\\\/www.waterskis.lv\\\/en\\\/\",\"name\":\"WATERSKIS.LV\",\"description\":\"SUP d\u0113\u013ci, kajaki, kanoe, airu laivas, \u016bdenssl\u0113po\u0161ana, veikbords, SUP d\u0113\u013cu noma, kajaku nomaakt\u012bv\u0101s atp\u016btas centrs, laivu noma, sup noma, kajaku noma\",\"publisher\":{\"@id\":\"https:\\\/\\\/www.waterskis.lv\\\/en\\\/#organization\"},\"potentialAction\":[{\"@type\":\"SearchAction\",\"target\":{\"@type\":\"EntryPoint\",\"urlTemplate\":\"https:\\\/\\\/www.waterskis.lv\\\/en\\\/?s={search_term_string}\"},\"query-input\":{\"@type\":\"PropertyValueSpecification\",\"valueRequired\":true,\"valueName\":\"search_term_string\"}}],\"inLanguage\":\"en-US\"},{\"@type\":\"Organization\",\"@id\":\"https:\\\/\\\/www.waterskis.lv\\\/en\\\/#organization\",\"name\":\"WATERSKIS.LV\",\"url\":\"https:\\\/\\\/www.waterskis.lv\\\/en\\\/\",\"logo\":{\"@type\":\"ImageObject\",\"inLanguage\":\"en-US\",\"@id\":\"https:\\\/\\\/www.waterskis.lv\\\/en\\\/#\\\/schema\\\/logo\\\/image\\\/\",\"url\":\"https:\\\/\\\/www.waterskis.lv\\\/wp-content\\\/uploads\\\/2025\\\/01\\\/JUVP-logo.png\",\"contentUrl\":\"https:\\\/\\\/www.waterskis.lv\\\/wp-content\\\/uploads\\\/2025\\\/01\\\/JUVP-logo.png\",\"width\":421,\"height\":202,\"caption\":\"WATERSKIS.LV\"},\"image\":{\"@id\":\"https:\\\/\\\/www.waterskis.lv\\\/en\\\/#\\\/schema\\\/logo\\\/image\\\/\"},\"sameAs\":[\"https:\\\/\\\/www.facebook.com\\\/jurmalawaterskiwakeboardpark\\\/\"]}]}<\/script>\n<!-- \/ Yoast SEO plugin. -->","yoast_head_json":{"title":"Electric pump BRAVO GE 21-1 12V - WATERSKIS.LV","description":"Electric pump BRAVO GE 21-1 12V. Waterskis.lv - boat rental, kayaks, engines, paddles, every accessory you need and more. Visit us!","robots":{"index":"index","follow":"follow","max-snippet":"max-snippet:-1","max-image-preview":"max-image-preview:large","max-video-preview":"max-video-preview:-1"},"canonical":"https:\/\/www.waterskis.lv\/en\/product\/electric-pump-bravo-ge-21-1-12v\/","og_locale":"en_US","og_type":"article","og_title":"Electric pump BRAVO GE 21-1 12V - WATERSKIS.LV","og_description":"Electric pump BRAVO GE 21-1 12V. Waterskis.lv - boat rental, kayaks, engines, paddles, every accessory you need and more. Visit us!","og_url":"https:\/\/www.waterskis.lv\/en\/product\/electric-pump-bravo-ge-21-1-12v\/","og_site_name":"WATERSKIS.LV","article_publisher":"https:\/\/www.facebook.com\/jurmalawaterskiwakeboardpark\/","article_modified_time":"2022-04-02T09:12:02+00:00","og_image":[{"width":1000,"height":1000,"url":"https:\/\/www.waterskis.lv\/wp-content\/uploads\/2020\/11\/bravo-ge-21-1-12v.png","type":"image\/png"}],"twitter_card":"summary_large_image","twitter_misc":{"Est. reading time":"1 minute"},"schema":{"@context":"https:\/\/schema.org","@graph":[{"@type":"WebPage","@id":"https:\/\/www.waterskis.lv\/en\/product\/electric-pump-bravo-ge-21-1-12v\/","url":"https:\/\/www.waterskis.lv\/en\/product\/electric-pump-bravo-ge-21-1-12v\/","name":"Electric pump BRAVO GE 21-1 12V - WATERSKIS.LV","isPartOf":{"@id":"https:\/\/www.waterskis.lv\/en\/#website"},"primaryImageOfPage":{"@id":"https:\/\/www.waterskis.lv\/en\/product\/electric-pump-bravo-ge-21-1-12v\/#primaryimage"},"image":{"@id":"https:\/\/www.waterskis.lv\/en\/product\/electric-pump-bravo-ge-21-1-12v\/#primaryimage"},"thumbnailUrl":"https:\/\/www.waterskis.lv\/wp-content\/uploads\/2020\/11\/bravo-ge-21-1-12v.png","datePublished":"2020-11-06T06:10:48+00:00","dateModified":"2022-04-02T09:12:02+00:00","description":"Electric pump BRAVO GE 21-1 12V. Waterskis.lv - boat rental, kayaks, engines, paddles, every accessory you need and more. Visit us!","breadcrumb":{"@id":"https:\/\/www.waterskis.lv\/en\/product\/electric-pump-bravo-ge-21-1-12v\/#breadcrumb"},"inLanguage":"en-US","potentialAction":[{"@type":"ReadAction","target":["https:\/\/www.waterskis.lv\/en\/product\/electric-pump-bravo-ge-21-1-12v\/"]}]},{"@type":"ImageObject","inLanguage":"en-US","@id":"https:\/\/www.waterskis.lv\/en\/product\/electric-pump-bravo-ge-21-1-12v\/#primaryimage","url":"https:\/\/www.waterskis.lv\/wp-content\/uploads\/2020\/11\/bravo-ge-21-1-12v.png","contentUrl":"https:\/\/www.waterskis.lv\/wp-content\/uploads\/2020\/11\/bravo-ge-21-1-12v.png","width":1000,"height":1000,"caption":"Electric pump BRAVO GE 21-1 12V"},{"@type":"BreadcrumbList","@id":"https:\/\/www.waterskis.lv\/en\/product\/electric-pump-bravo-ge-21-1-12v\/#breadcrumb","itemListElement":[{"@type":"ListItem","position":1,"name":"Home","item":"https:\/\/www.waterskis.lv\/en\/"},{"@type":"ListItem","position":2,"name":"Shop","item":"https:\/\/waterskis.lv\/en\/shop\/"},{"@type":"ListItem","position":3,"name":"Electric pump BRAVO GE 21-1 12V"}]},{"@type":"WebSite","@id":"https:\/\/www.waterskis.lv\/en\/#website","url":"https:\/\/www.waterskis.lv\/en\/","name":"WATERSKIS.LV","description":"SUP d\u0113\u013ci, kajaki, kanoe, airu laivas, \u016bdenssl\u0113po\u0161ana, veikbords, SUP d\u0113\u013cu noma, kajaku nomaakt\u012bv\u0101s atp\u016btas centrs, laivu noma, sup noma, kajaku noma","publisher":{"@id":"https:\/\/www.waterskis.lv\/en\/#organization"},"potentialAction":[{"@type":"SearchAction","target":{"@type":"EntryPoint","urlTemplate":"https:\/\/www.waterskis.lv\/en\/?s={search_term_string}"},"query-input":{"@type":"PropertyValueSpecification","valueRequired":true,"valueName":"search_term_string"}}],"inLanguage":"en-US"},{"@type":"Organization","@id":"https:\/\/www.waterskis.lv\/en\/#organization","name":"WATERSKIS.LV","url":"https:\/\/www.waterskis.lv\/en\/","logo":{"@type":"ImageObject","inLanguage":"en-US","@id":"https:\/\/www.waterskis.lv\/en\/#\/schema\/logo\/image\/","url":"https:\/\/www.waterskis.lv\/wp-content\/uploads\/2025\/01\/JUVP-logo.png","contentUrl":"https:\/\/www.waterskis.lv\/wp-content\/uploads\/2025\/01\/JUVP-logo.png","width":421,"height":202,"caption":"WATERSKIS.LV"},"image":{"@id":"https:\/\/www.waterskis.lv\/en\/#\/schema\/logo\/image\/"},"sameAs":["https:\/\/www.facebook.com\/jurmalawaterskiwakeboardpark\/"]}]}},"_links":{"self":[{"href":"https:\/\/www.waterskis.lv\/en\/wp-json\/wp\/v2\/product\/24037","targetHints":{"allow":["GET"]}}],"collection":[{"href":"https:\/\/www.waterskis.lv\/en\/wp-json\/wp\/v2\/product"}],"about":[{"href":"https:\/\/www.waterskis.lv\/en\/wp-json\/wp\/v2\/types\/product"}],"replies":[{"embeddable":true,"href":"https:\/\/www.waterskis.lv\/en\/wp-json\/wp\/v2\/comments?post=24037"}],"wp:featuredmedia":[{"embeddable":true,"href":"https:\/\/www.waterskis.lv\/en\/wp-json\/wp\/v2\/media\/22209"}],"wp:attachment":[{"href":"https:\/\/www.waterskis.lv\/en\/wp-json\/wp\/v2\/media?parent=24037"}],"wp:term":[{"taxonomy":"product_brand","embeddable":true,"href":"https:\/\/www.waterskis.lv\/en\/wp-json\/wp\/v2\/product_brand?post=24037"},{"taxonomy":"product_cat","embeddable":true,"href":"https:\/\/www.waterskis.lv\/en\/wp-json\/wp\/v2\/product_cat?post=24037"},{"taxonomy":"product_tag","embeddable":true,"href":"https:\/\/www.waterskis.lv\/en\/wp-json\/wp\/v2\/product_tag?post=24037"}],"curies":[{"name":"wp","href":"https:\/\/api.w.org\/{rel}","templated":true}]}}