{"id":24041,"date":"2020-10-06T13:56:36","date_gmt":"2020-10-06T10:56:36","guid":{"rendered":"https:\/\/www.waterskis.lv\/product\/vienvietigs-kajaks-molake-11-5-ar-sturi\/"},"modified":"2022-02-06T15:42:10","modified_gmt":"2022-02-06T12:42:10","slug":"solo-kayak-molake-11-5-w-rudder","status":"publish","type":"product","link":"https:\/\/www.waterskis.lv\/en\/product\/solo-kayak-molake-11-5-w-rudder\/","title":{"rendered":"Solo kayak MOLAKE 11.5 w\/rudder"},"content":{"rendered":"<div class=\"block_content1 rte active\">\n<p>Solo kayak MOLAKE 11.5 w\/rudder<\/p>\n<p><span style=\"background-color: var(--bs-body-bg); color: var(--bs-body-color); font-family: var(--bs-body-font-family); font-size: var(--bs-body-font-size); font-weight: var(--bs-body-font-weight); text-align: var(--bs-body-text-align);\">DATA SHEET<\/span><\/p>\n<\/div>\n<table class=\"block_content2 table-data-sheet\">\n<tbody>\n<tr class=\"odd\">\n<td>Type<\/td>\n<td>Touring<\/td>\n<\/tr>\n<tr class=\"even\">\n<td>Length<\/td>\n<td>355 cm<\/td>\n<\/tr>\n<tr class=\"odd\">\n<td>Width<\/td>\n<td>63 cm<\/td>\n<\/tr>\n<tr class=\"even\">\n<td>Height<\/td>\n<td>36 cm<\/td>\n<\/tr>\n<tr class=\"odd\">\n<td>Weight<\/td>\n<td>19 kg<\/td>\n<\/tr>\n<tr class=\"even\">\n<td>Material<\/td>\n<td>LDPE<\/td>\n<\/tr>\n<tr class=\"odd\">\n<td>Number of persons<\/td>\n<td>1<\/td>\n<\/tr>\n<tr class=\"even\">\n<td>Set<\/td>\n<td>Rudder<\/td>\n<\/tr>\n<\/tbody>\n<\/table>\n","protected":false},"excerpt":{"rendered":"<p>Solo kayak MOLAKE 11.5 w\/rudder DATA SHEET Type Touring Length 355 cm Width 63 cm Height 36 cm Weight 19 kg Material LDPE Number of persons 1 Set Rudder [&#8230;]<\/p>\n<p><a class=\"btn btn-secondary understrap-read-more-link\" href=\"https:\/\/www.waterskis.lv\/en\/product\/solo-kayak-molake-11-5-w-rudder\/\">Read More&#8230;<\/a><\/p>\n","protected":false},"featured_media":19831,"comment_status":"closed","ping_status":"closed","template":"","meta":{"_acf_changed":false,"inline_featured_image":false},"product_brand":[],"product_cat":[507,534,524],"product_tag":[],"class_list":{"0":"post-24041","1":"product","2":"type-product","3":"status-publish","4":"has-post-thumbnail","6":"product_cat-kayaks","7":"product_cat-sit-in-kayaks","8":"product_cat-solo-kayaks","10":"first","11":"instock","12":"shipping-taxable","13":"product-type-simple"},"acf":[],"yoast_head":"<!-- This site is optimized with the Yoast SEO plugin v27.3 - https:\/\/yoast.com\/product\/yoast-seo-wordpress\/ -->\n<title>Solo kayak MOLAKE 11.5 w\/rudder - WATERSKIS.LV<\/title>\n<meta name=\"description\" content=\"Solo kayak MOLAKE 11.5 w\/rudder. Length 355 cm Width 63 Height 36 Weigh 19 kg Material LDPE Number of persons 1 Set Rudder\" \/>\n<meta name=\"robots\" content=\"index, follow, max-snippet:-1, max-image-preview:large, max-video-preview:-1\" \/>\n<link rel=\"canonical\" href=\"https:\/\/www.waterskis.lv\/en\/product\/solo-kayak-molake-11-5-w-rudder\/\" \/>\n<meta property=\"og:locale\" content=\"en_US\" \/>\n<meta property=\"og:type\" content=\"article\" \/>\n<meta property=\"og:title\" content=\"Solo kayak MOLAKE 11.5 w\/rudder\" \/>\n<meta property=\"og:description\" content=\"Solo kayak MOLAKE 11.5 w\/rudder\" \/>\n<meta property=\"og:url\" content=\"https:\/\/www.waterskis.lv\/en\/product\/solo-kayak-molake-11-5-w-rudder\/\" \/>\n<meta property=\"og:site_name\" content=\"WATERSKIS.LV\" \/>\n<meta property=\"article:publisher\" content=\"https:\/\/www.facebook.com\/jurmalawaterskiwakeboardpark\/\" \/>\n<meta property=\"article:modified_time\" content=\"2022-02-06T12:42:10+00:00\" \/>\n<meta property=\"og:image\" content=\"https:\/\/www.waterskis.lv\/wp-content\/uploads\/2020\/10\/Molake115-2.png\" \/>\n<meta name=\"twitter:card\" content=\"summary_large_image\" \/>\n<meta name=\"twitter:label1\" content=\"Est. reading time\" \/>\n\t<meta name=\"twitter:data1\" content=\"1 minute\" \/>\n<script type=\"application\/ld+json\" class=\"yoast-schema-graph\">{\"@context\":\"https:\\\/\\\/schema.org\",\"@graph\":[{\"@type\":\"WebPage\",\"@id\":\"https:\\\/\\\/www.waterskis.lv\\\/en\\\/product\\\/solo-kayak-molake-11-5-w-rudder\\\/\",\"url\":\"https:\\\/\\\/www.waterskis.lv\\\/en\\\/product\\\/solo-kayak-molake-11-5-w-rudder\\\/\",\"name\":\"Solo kayak MOLAKE 11.5 w\\\/rudder - WATERSKIS.LV\",\"isPartOf\":{\"@id\":\"https:\\\/\\\/www.waterskis.lv\\\/en\\\/#website\"},\"primaryImageOfPage\":{\"@id\":\"https:\\\/\\\/www.waterskis.lv\\\/en\\\/product\\\/solo-kayak-molake-11-5-w-rudder\\\/#primaryimage\"},\"image\":{\"@id\":\"https:\\\/\\\/www.waterskis.lv\\\/en\\\/product\\\/solo-kayak-molake-11-5-w-rudder\\\/#primaryimage\"},\"thumbnailUrl\":\"https:\\\/\\\/www.waterskis.lv\\\/wp-content\\\/uploads\\\/2020\\\/10\\\/Molake115.png\",\"datePublished\":\"2020-10-06T10:56:36+00:00\",\"dateModified\":\"2022-02-06T12:42:10+00:00\",\"description\":\"Solo kayak MOLAKE 11.5 w\\\/rudder. Length 355 cm Width 63 Height 36 Weigh 19 kg Material LDPE Number of persons 1 Set Rudder\",\"breadcrumb\":{\"@id\":\"https:\\\/\\\/www.waterskis.lv\\\/en\\\/product\\\/solo-kayak-molake-11-5-w-rudder\\\/#breadcrumb\"},\"inLanguage\":\"en-US\",\"potentialAction\":[{\"@type\":\"ReadAction\",\"target\":[\"https:\\\/\\\/www.waterskis.lv\\\/en\\\/product\\\/solo-kayak-molake-11-5-w-rudder\\\/\"]}]},{\"@type\":\"ImageObject\",\"inLanguage\":\"en-US\",\"@id\":\"https:\\\/\\\/www.waterskis.lv\\\/en\\\/product\\\/solo-kayak-molake-11-5-w-rudder\\\/#primaryimage\",\"url\":\"https:\\\/\\\/www.waterskis.lv\\\/wp-content\\\/uploads\\\/2020\\\/10\\\/Molake115.png\",\"contentUrl\":\"https:\\\/\\\/www.waterskis.lv\\\/wp-content\\\/uploads\\\/2020\\\/10\\\/Molake115.png\",\"width\":1000,\"height\":1000,\"caption\":\"Solo kayak MOLAKE 11.5 w\\\/rudder\"},{\"@type\":\"BreadcrumbList\",\"@id\":\"https:\\\/\\\/www.waterskis.lv\\\/en\\\/product\\\/solo-kayak-molake-11-5-w-rudder\\\/#breadcrumb\",\"itemListElement\":[{\"@type\":\"ListItem\",\"position\":1,\"name\":\"Home\",\"item\":\"https:\\\/\\\/www.waterskis.lv\\\/en\\\/\"},{\"@type\":\"ListItem\",\"position\":2,\"name\":\"Shop\",\"item\":\"https:\\\/\\\/waterskis.lv\\\/en\\\/shop\\\/\"},{\"@type\":\"ListItem\",\"position\":3,\"name\":\"Solo kayak MOLAKE 11.5 w\\\/rudder\"}]},{\"@type\":\"WebSite\",\"@id\":\"https:\\\/\\\/www.waterskis.lv\\\/en\\\/#website\",\"url\":\"https:\\\/\\\/www.waterskis.lv\\\/en\\\/\",\"name\":\"WATERSKIS.LV\",\"description\":\"SUP d\u0113\u013ci, kajaki, kanoe, airu laivas, \u016bdenssl\u0113po\u0161ana, veikbords, SUP d\u0113\u013cu noma, kajaku nomaakt\u012bv\u0101s atp\u016btas centrs, laivu noma, sup noma, kajaku noma\",\"publisher\":{\"@id\":\"https:\\\/\\\/www.waterskis.lv\\\/en\\\/#organization\"},\"potentialAction\":[{\"@type\":\"SearchAction\",\"target\":{\"@type\":\"EntryPoint\",\"urlTemplate\":\"https:\\\/\\\/www.waterskis.lv\\\/en\\\/?s={search_term_string}\"},\"query-input\":{\"@type\":\"PropertyValueSpecification\",\"valueRequired\":true,\"valueName\":\"search_term_string\"}}],\"inLanguage\":\"en-US\"},{\"@type\":\"Organization\",\"@id\":\"https:\\\/\\\/www.waterskis.lv\\\/en\\\/#organization\",\"name\":\"WATERSKIS.LV\",\"url\":\"https:\\\/\\\/www.waterskis.lv\\\/en\\\/\",\"logo\":{\"@type\":\"ImageObject\",\"inLanguage\":\"en-US\",\"@id\":\"https:\\\/\\\/www.waterskis.lv\\\/en\\\/#\\\/schema\\\/logo\\\/image\\\/\",\"url\":\"https:\\\/\\\/www.waterskis.lv\\\/wp-content\\\/uploads\\\/2025\\\/01\\\/JUVP-logo.png\",\"contentUrl\":\"https:\\\/\\\/www.waterskis.lv\\\/wp-content\\\/uploads\\\/2025\\\/01\\\/JUVP-logo.png\",\"width\":421,\"height\":202,\"caption\":\"WATERSKIS.LV\"},\"image\":{\"@id\":\"https:\\\/\\\/www.waterskis.lv\\\/en\\\/#\\\/schema\\\/logo\\\/image\\\/\"},\"sameAs\":[\"https:\\\/\\\/www.facebook.com\\\/jurmalawaterskiwakeboardpark\\\/\"]}]}<\/script>\n<!-- \/ Yoast SEO plugin. -->","yoast_head_json":{"title":"Solo kayak MOLAKE 11.5 w\/rudder - WATERSKIS.LV","description":"Solo kayak MOLAKE 11.5 w\/rudder. Length 355 cm Width 63 Height 36 Weigh 19 kg Material LDPE Number of persons 1 Set Rudder","robots":{"index":"index","follow":"follow","max-snippet":"max-snippet:-1","max-image-preview":"max-image-preview:large","max-video-preview":"max-video-preview:-1"},"canonical":"https:\/\/www.waterskis.lv\/en\/product\/solo-kayak-molake-11-5-w-rudder\/","og_locale":"en_US","og_type":"article","og_title":"Solo kayak MOLAKE 11.5 w\/rudder","og_description":"Solo kayak MOLAKE 11.5 w\/rudder","og_url":"https:\/\/www.waterskis.lv\/en\/product\/solo-kayak-molake-11-5-w-rudder\/","og_site_name":"WATERSKIS.LV","article_publisher":"https:\/\/www.facebook.com\/jurmalawaterskiwakeboardpark\/","article_modified_time":"2022-02-06T12:42:10+00:00","og_image":[{"url":"https:\/\/www.waterskis.lv\/wp-content\/uploads\/2020\/10\/Molake115-2.png","type":"","width":"","height":""}],"twitter_card":"summary_large_image","twitter_misc":{"Est. reading time":"1 minute"},"schema":{"@context":"https:\/\/schema.org","@graph":[{"@type":"WebPage","@id":"https:\/\/www.waterskis.lv\/en\/product\/solo-kayak-molake-11-5-w-rudder\/","url":"https:\/\/www.waterskis.lv\/en\/product\/solo-kayak-molake-11-5-w-rudder\/","name":"Solo kayak MOLAKE 11.5 w\/rudder - WATERSKIS.LV","isPartOf":{"@id":"https:\/\/www.waterskis.lv\/en\/#website"},"primaryImageOfPage":{"@id":"https:\/\/www.waterskis.lv\/en\/product\/solo-kayak-molake-11-5-w-rudder\/#primaryimage"},"image":{"@id":"https:\/\/www.waterskis.lv\/en\/product\/solo-kayak-molake-11-5-w-rudder\/#primaryimage"},"thumbnailUrl":"https:\/\/www.waterskis.lv\/wp-content\/uploads\/2020\/10\/Molake115.png","datePublished":"2020-10-06T10:56:36+00:00","dateModified":"2022-02-06T12:42:10+00:00","description":"Solo kayak MOLAKE 11.5 w\/rudder. Length 355 cm Width 63 Height 36 Weigh 19 kg Material LDPE Number of persons 1 Set Rudder","breadcrumb":{"@id":"https:\/\/www.waterskis.lv\/en\/product\/solo-kayak-molake-11-5-w-rudder\/#breadcrumb"},"inLanguage":"en-US","potentialAction":[{"@type":"ReadAction","target":["https:\/\/www.waterskis.lv\/en\/product\/solo-kayak-molake-11-5-w-rudder\/"]}]},{"@type":"ImageObject","inLanguage":"en-US","@id":"https:\/\/www.waterskis.lv\/en\/product\/solo-kayak-molake-11-5-w-rudder\/#primaryimage","url":"https:\/\/www.waterskis.lv\/wp-content\/uploads\/2020\/10\/Molake115.png","contentUrl":"https:\/\/www.waterskis.lv\/wp-content\/uploads\/2020\/10\/Molake115.png","width":1000,"height":1000,"caption":"Solo kayak MOLAKE 11.5 w\/rudder"},{"@type":"BreadcrumbList","@id":"https:\/\/www.waterskis.lv\/en\/product\/solo-kayak-molake-11-5-w-rudder\/#breadcrumb","itemListElement":[{"@type":"ListItem","position":1,"name":"Home","item":"https:\/\/www.waterskis.lv\/en\/"},{"@type":"ListItem","position":2,"name":"Shop","item":"https:\/\/waterskis.lv\/en\/shop\/"},{"@type":"ListItem","position":3,"name":"Solo kayak MOLAKE 11.5 w\/rudder"}]},{"@type":"WebSite","@id":"https:\/\/www.waterskis.lv\/en\/#website","url":"https:\/\/www.waterskis.lv\/en\/","name":"WATERSKIS.LV","description":"SUP d\u0113\u013ci, kajaki, kanoe, airu laivas, \u016bdenssl\u0113po\u0161ana, veikbords, SUP d\u0113\u013cu noma, kajaku nomaakt\u012bv\u0101s atp\u016btas centrs, laivu noma, sup noma, kajaku noma","publisher":{"@id":"https:\/\/www.waterskis.lv\/en\/#organization"},"potentialAction":[{"@type":"SearchAction","target":{"@type":"EntryPoint","urlTemplate":"https:\/\/www.waterskis.lv\/en\/?s={search_term_string}"},"query-input":{"@type":"PropertyValueSpecification","valueRequired":true,"valueName":"search_term_string"}}],"inLanguage":"en-US"},{"@type":"Organization","@id":"https:\/\/www.waterskis.lv\/en\/#organization","name":"WATERSKIS.LV","url":"https:\/\/www.waterskis.lv\/en\/","logo":{"@type":"ImageObject","inLanguage":"en-US","@id":"https:\/\/www.waterskis.lv\/en\/#\/schema\/logo\/image\/","url":"https:\/\/www.waterskis.lv\/wp-content\/uploads\/2025\/01\/JUVP-logo.png","contentUrl":"https:\/\/www.waterskis.lv\/wp-content\/uploads\/2025\/01\/JUVP-logo.png","width":421,"height":202,"caption":"WATERSKIS.LV"},"image":{"@id":"https:\/\/www.waterskis.lv\/en\/#\/schema\/logo\/image\/"},"sameAs":["https:\/\/www.facebook.com\/jurmalawaterskiwakeboardpark\/"]}]}},"_links":{"self":[{"href":"https:\/\/www.waterskis.lv\/en\/wp-json\/wp\/v2\/product\/24041","targetHints":{"allow":["GET"]}}],"collection":[{"href":"https:\/\/www.waterskis.lv\/en\/wp-json\/wp\/v2\/product"}],"about":[{"href":"https:\/\/www.waterskis.lv\/en\/wp-json\/wp\/v2\/types\/product"}],"replies":[{"embeddable":true,"href":"https:\/\/www.waterskis.lv\/en\/wp-json\/wp\/v2\/comments?post=24041"}],"wp:featuredmedia":[{"embeddable":true,"href":"https:\/\/www.waterskis.lv\/en\/wp-json\/wp\/v2\/media\/19831"}],"wp:attachment":[{"href":"https:\/\/www.waterskis.lv\/en\/wp-json\/wp\/v2\/media?parent=24041"}],"wp:term":[{"taxonomy":"product_brand","embeddable":true,"href":"https:\/\/www.waterskis.lv\/en\/wp-json\/wp\/v2\/product_brand?post=24041"},{"taxonomy":"product_cat","embeddable":true,"href":"https:\/\/www.waterskis.lv\/en\/wp-json\/wp\/v2\/product_cat?post=24041"},{"taxonomy":"product_tag","embeddable":true,"href":"https:\/\/www.waterskis.lv\/en\/wp-json\/wp\/v2\/product_tag?post=24041"}],"curies":[{"name":"wp","href":"https:\/\/api.w.org\/{rel}","templated":true}]}}